{"id":40650,"date":"2021-09-30T10:44:18","date_gmt":"2021-09-30T10:44:18","guid":{"rendered":"https:\/\/lifenatura.dev.agenciagetdigital.com\/produto\/propomax-spray-garganta-fuerte-30-ml\/"},"modified":"2022-08-21T15:16:46","modified_gmt":"2022-08-21T15:16:46","slug":"propomax-spray-garganta-fuerte-30-ml","status":"publish","type":"product","link":"https:\/\/www.lifenatura.com\/es\/produto\/propomax-spray-garganta-fuerte-30-ml\/","title":{"rendered":"Propomax Spray Garganta Fuerte 30 ml"},"content":{"rendered":"<p>Propolis verde en spray para la garganta con aceites esenciales Propomax spray para garganta fuerte con aceites esenciales est\u00e1 indicado para el alivio del dolor de garganta, spray con capacidad para unas 300 pulverizaciones. \u00a1Este spray de prop\u00f3leo con extractos de plantas y aceites esenciales tiene un sabor fuerte y una gran eficacia! Presenta ingredientes 100% de origen natural y biol\u00f3gico. El prop\u00f3leo tiene un papel protector con su efecto antibacteriano. Los extractos de malva, salvia, pl\u00e1tano y regaliz y los aceites esenciales de eucalipto, menta y clavo contribuyen al confort respiratorio (nariz y garganta). Este Propomax est\u00e1 indicado para quienes tienen la nariz tapada, respiran mal por la nariz o tienen la garganta irritada. PRESENTACI\u00d3N 30 ml.<\/p>\n","protected":false},"excerpt":{"rendered":"<p>Propolis verde en spray para la garganta con aceites esenciales Propomax spray para garganta fuerte con aceites esenciales est\u00e1 indicado para el alivio del dolor de garganta, spray con capacidad para unas 300 pulverizaciones. \u00a1Este spray de prop\u00f3leo con extractos de plantas y aceites esenciales tiene un sabor fuerte y una gran eficacia! Presenta ingredientes [&#8230;]<\/p>\n<p><a class=\"btn btn-secondary understrap-read-more-link\" href=\"https:\/\/www.lifenatura.com\/es\/produto\/propomax-spray-garganta-fuerte-30-ml\/\">Leer m\u00e1s&#8230;<span class=\"screen-reader-text\"> from Propomax Spray Garganta Fuerte 30 ml<\/span><\/a><\/p>\n","protected":false},"featured_media":21834,"template":"","meta":{"_acf_changed":false},"product_brand":[8455,8405],"product_cat":[7659,7773,7179,7233],"product_tag":[],"class_list":{"0":"post-40650","1":"product","2":"type-product","3":"status-publish","4":"has-post-thumbnail","6":"product_brand-lehning","7":"product_brand-propomax","8":"product_cat-ingrediente-natural-bio","9":"product_cat-propolis-es","10":"product_cat-salud","11":"product_cat-tos-garganta-inflamada","13":"first","14":"instock","15":"sale","16":"featured","17":"shipping-taxable","18":"purchasable","19":"product-type-simple","20":"add-to-wishlist-before_image"},"acf":[],"yoast_head":"<!-- This site is optimized with the Yoast SEO Premium plugin v27.1 (Yoast SEO v27.6) - https:\/\/yoast.com\/product\/yoast-seo-premium-wordpress\/ -->\n<title>Propomax Spray Garganta Fuerte 30 ml<\/title>\n<meta name=\"description\" content=\"Propomax spray para garganta fuerte con aceites esenciales est\u00e1 indicado para el alivio del dolor de garganta, spray con capacidad para unas 300 pulverizaciones.\" \/>\n<meta name=\"robots\" content=\"index, follow, max-snippet:-1, max-image-preview:large, max-video-preview:-1\" \/>\n<link rel=\"canonical\" href=\"https:\/\/www.lifenatura.com\/es\/produto\/propomax-spray-garganta-fuerte-30-ml\/\" \/>\n<meta property=\"og:locale\" content=\"es_ES\" \/>\n<meta property=\"og:type\" content=\"article\" \/>\n<meta property=\"og:title\" content=\"Propomax Spray Garganta Fuerte 30 ml - Na Lifenatura ao Melhor Pre\u00e7o | Envio 48h\" \/>\n<meta property=\"og:description\" content=\"Compre Propomax Spray Garganta Fuerte 30 ml com envio r\u00e1pido. Entrega em 48h e portes gr\u00e1tis em compras &gt;35\u20ac. Aproveite j\u00e1 na Lifenatura\" \/>\n<meta property=\"og:url\" content=\"https:\/\/www.lifenatura.com\/es\/produto\/propomax-spray-garganta-fuerte-30-ml\/\" \/>\n<meta property=\"og:site_name\" content=\"Lifenatura\" \/>\n<meta property=\"article:publisher\" content=\"https:\/\/www.facebook.com\/lifenatura\" \/>\n<meta property=\"article:modified_time\" content=\"2022-08-21T15:16:46+00:00\" \/>\n<meta property=\"og:image\" content=\"https:\/\/www.lifenatura.com\/wp-content\/uploads\/2021\/09\/gd_propomax_spray_garganta_forte.jpg\" \/>\n\t<meta property=\"og:image:width\" content=\"1000\" \/>\n\t<meta property=\"og:image:height\" content=\"1000\" \/>\n\t<meta property=\"og:image:type\" content=\"image\/jpeg\" \/>\n<meta name=\"twitter:card\" content=\"summary_large_image\" \/>\n<meta name=\"twitter:label1\" content=\"Precio\" \/>\n\t<meta name=\"twitter:data1\" content=\"10,28&nbsp;&euro;\" \/>\n\t<meta name=\"twitter:label2\" content=\"Disponibilidad\" \/>\n\t<meta name=\"twitter:data2\" content=\"Disponible\" \/>\n<script type=\"application\/ld+json\" class=\"yoast-schema-graph\">{\"@context\":\"https:\\\/\\\/schema.org\",\"@graph\":[{\"@type\":\"WebPage\",\"@id\":\"https:\\\/\\\/www.lifenatura.com\\\/es\\\/produto\\\/propomax-spray-garganta-fuerte-30-ml\\\/\",\"url\":\"https:\\\/\\\/www.lifenatura.com\\\/es\\\/produto\\\/propomax-spray-garganta-fuerte-30-ml\\\/\",\"name\":\"Propomax Spray Garganta Fuerte 30 ml\",\"isPartOf\":{\"@id\":\"https:\\\/\\\/www.lifenatura.com\\\/es\\\/#website\"},\"primaryImageOfPage\":{\"@id\":\"https:\\\/\\\/www.lifenatura.com\\\/es\\\/produto\\\/propomax-spray-garganta-fuerte-30-ml\\\/#primaryimage\"},\"image\":{\"@id\":\"https:\\\/\\\/www.lifenatura.com\\\/es\\\/produto\\\/propomax-spray-garganta-fuerte-30-ml\\\/#primaryimage\"},\"thumbnailUrl\":\"https:\\\/\\\/www.lifenatura.com\\\/wp-content\\\/uploads\\\/2021\\\/09\\\/gd_propomax_spray_garganta_forte.jpg\",\"datePublished\":\"2021-09-30T10:44:18+00:00\",\"dateModified\":\"2022-08-21T15:16:46+00:00\",\"description\":\"Propomax spray para garganta fuerte con aceites esenciales est\u00e1 indicado para el alivio del dolor de garganta, spray con capacidad para unas 300 pulverizaciones.\",\"breadcrumb\":{\"@id\":\"https:\\\/\\\/www.lifenatura.com\\\/es\\\/produto\\\/propomax-spray-garganta-fuerte-30-ml\\\/#breadcrumb\"},\"inLanguage\":\"es\",\"potentialAction\":[{\"@type\":\"ReadAction\",\"target\":[\"https:\\\/\\\/www.lifenatura.com\\\/es\\\/produto\\\/propomax-spray-garganta-fuerte-30-ml\\\/\"]}]},{\"@type\":\"ImageObject\",\"inLanguage\":\"es\",\"@id\":\"https:\\\/\\\/www.lifenatura.com\\\/es\\\/produto\\\/propomax-spray-garganta-fuerte-30-ml\\\/#primaryimage\",\"url\":\"https:\\\/\\\/www.lifenatura.com\\\/wp-content\\\/uploads\\\/2021\\\/09\\\/gd_propomax_spray_garganta_forte.jpg\",\"contentUrl\":\"https:\\\/\\\/www.lifenatura.com\\\/wp-content\\\/uploads\\\/2021\\\/09\\\/gd_propomax_spray_garganta_forte.jpg\",\"width\":1000,\"height\":1000,\"caption\":\"Propomax Spray Garganta Fuerte 30 ml\"},{\"@type\":\"BreadcrumbList\",\"@id\":\"https:\\\/\\\/www.lifenatura.com\\\/es\\\/produto\\\/propomax-spray-garganta-fuerte-30-ml\\\/#breadcrumb\",\"itemListElement\":[{\"@type\":\"ListItem\",\"position\":1,\"name\":\"In\u00edcio\",\"item\":\"https:\\\/\\\/www.lifenatura.com\\\/es\\\/\"},{\"@type\":\"ListItem\",\"position\":2,\"name\":\"Todos los Productos\",\"item\":\"https:\\\/\\\/www.lifenatura.com\\\/es\\\/tienda\\\/\"},{\"@type\":\"ListItem\",\"position\":3,\"name\":\"Propomax Spray Garganta Fuerte 30 ml\"}]},{\"@type\":\"WebSite\",\"@id\":\"https:\\\/\\\/www.lifenatura.com\\\/es\\\/#website\",\"url\":\"https:\\\/\\\/www.lifenatura.com\\\/es\\\/\",\"name\":\"Lifenatura\",\"description\":\"A Lifenatura \u00e9 uma loja de produtos naturais, cosm\u00e9tica natural e alimenta\u00e7\u00e3o Biol\u00f3gica.\",\"publisher\":{\"@id\":\"https:\\\/\\\/www.lifenatura.com\\\/es\\\/#organization\"},\"potentialAction\":[{\"@type\":\"SearchAction\",\"target\":{\"@type\":\"EntryPoint\",\"urlTemplate\":\"https:\\\/\\\/www.lifenatura.com\\\/es\\\/?s={search_term_string}\"},\"query-input\":{\"@type\":\"PropertyValueSpecification\",\"valueRequired\":true,\"valueName\":\"search_term_string\"}}],\"inLanguage\":\"es\"},{\"@type\":\"Organization\",\"@id\":\"https:\\\/\\\/www.lifenatura.com\\\/es\\\/#organization\",\"name\":\"Lifenatura\",\"url\":\"https:\\\/\\\/www.lifenatura.com\\\/es\\\/\",\"logo\":{\"@type\":\"ImageObject\",\"inLanguage\":\"es\",\"@id\":\"https:\\\/\\\/www.lifenatura.com\\\/es\\\/#\\\/schema\\\/logo\\\/image\\\/\",\"url\":\"https:\\\/\\\/www.lifenatura.com\\\/wp-content\\\/uploads\\\/2021\\\/07\\\/logo.png\",\"contentUrl\":\"https:\\\/\\\/www.lifenatura.com\\\/wp-content\\\/uploads\\\/2021\\\/07\\\/logo.png\",\"width\":175,\"height\":55,\"caption\":\"Lifenatura\"},\"image\":{\"@id\":\"https:\\\/\\\/www.lifenatura.com\\\/es\\\/#\\\/schema\\\/logo\\\/image\\\/\"},\"sameAs\":[\"https:\\\/\\\/www.facebook.com\\\/lifenatura\",\"https:\\\/\\\/www.instagram.com\\\/lifenaturapt\\\/\"],\"hasMerchantReturnPolicy\":{\"@type\":\"MerchantReturnPolicy\",\"merchantReturnLink\":\"https:\\\/\\\/www.lifenatura.com\\\/termos-condicoes-lifenatura\\\/\"}}]}<\/script>\n<meta property=\"product:price:amount\" content=\"10.28\" \/>\n<meta property=\"product:price:currency\" content=\"EUR\" \/>\n<meta property=\"og:availability\" content=\"instock\" \/>\n<meta property=\"product:availability\" content=\"instock\" \/>\n<meta property=\"product:retailer_item_id\" content=\"3661744050316\" \/>\n<meta property=\"product:condition\" content=\"new\" \/>\n<!-- \/ Yoast SEO Premium plugin. -->","yoast_head_json":{"title":"Propomax Spray Garganta Fuerte 30 ml","description":"Propomax spray para garganta fuerte con aceites esenciales est\u00e1 indicado para el alivio del dolor de garganta, spray con capacidad para unas 300 pulverizaciones.","robots":{"index":"index","follow":"follow","max-snippet":"max-snippet:-1","max-image-preview":"max-image-preview:large","max-video-preview":"max-video-preview:-1"},"canonical":"https:\/\/www.lifenatura.com\/es\/produto\/propomax-spray-garganta-fuerte-30-ml\/","og_locale":"es_ES","og_type":"article","og_title":"Propomax Spray Garganta Fuerte 30 ml - Na Lifenatura ao Melhor Pre\u00e7o | Envio 48h","og_description":"Compre Propomax Spray Garganta Fuerte 30 ml com envio r\u00e1pido. Entrega em 48h e portes gr\u00e1tis em compras >35\u20ac. Aproveite j\u00e1 na Lifenatura","og_url":"https:\/\/www.lifenatura.com\/es\/produto\/propomax-spray-garganta-fuerte-30-ml\/","og_site_name":"Lifenatura","article_publisher":"https:\/\/www.facebook.com\/lifenatura","article_modified_time":"2022-08-21T15:16:46+00:00","og_image":[{"width":1000,"height":1000,"url":"https:\/\/www.lifenatura.com\/wp-content\/uploads\/2021\/09\/gd_propomax_spray_garganta_forte.jpg","type":"image\/jpeg"}],"twitter_card":"summary_large_image","twitter_misc":{"Precio":"10,28&nbsp;&euro;","Disponibilidad":"Disponible"},"schema":{"@context":"https:\/\/schema.org","@graph":[{"@type":"WebPage","@id":"https:\/\/www.lifenatura.com\/es\/produto\/propomax-spray-garganta-fuerte-30-ml\/","url":"https:\/\/www.lifenatura.com\/es\/produto\/propomax-spray-garganta-fuerte-30-ml\/","name":"Propomax Spray Garganta Fuerte 30 ml","isPartOf":{"@id":"https:\/\/www.lifenatura.com\/es\/#website"},"primaryImageOfPage":{"@id":"https:\/\/www.lifenatura.com\/es\/produto\/propomax-spray-garganta-fuerte-30-ml\/#primaryimage"},"image":{"@id":"https:\/\/www.lifenatura.com\/es\/produto\/propomax-spray-garganta-fuerte-30-ml\/#primaryimage"},"thumbnailUrl":"https:\/\/www.lifenatura.com\/wp-content\/uploads\/2021\/09\/gd_propomax_spray_garganta_forte.jpg","datePublished":"2021-09-30T10:44:18+00:00","dateModified":"2022-08-21T15:16:46+00:00","description":"Propomax spray para garganta fuerte con aceites esenciales est\u00e1 indicado para el alivio del dolor de garganta, spray con capacidad para unas 300 pulverizaciones.","breadcrumb":{"@id":"https:\/\/www.lifenatura.com\/es\/produto\/propomax-spray-garganta-fuerte-30-ml\/#breadcrumb"},"inLanguage":"es","potentialAction":[{"@type":"ReadAction","target":["https:\/\/www.lifenatura.com\/es\/produto\/propomax-spray-garganta-fuerte-30-ml\/"]}]},{"@type":"ImageObject","inLanguage":"es","@id":"https:\/\/www.lifenatura.com\/es\/produto\/propomax-spray-garganta-fuerte-30-ml\/#primaryimage","url":"https:\/\/www.lifenatura.com\/wp-content\/uploads\/2021\/09\/gd_propomax_spray_garganta_forte.jpg","contentUrl":"https:\/\/www.lifenatura.com\/wp-content\/uploads\/2021\/09\/gd_propomax_spray_garganta_forte.jpg","width":1000,"height":1000,"caption":"Propomax Spray Garganta Fuerte 30 ml"},{"@type":"BreadcrumbList","@id":"https:\/\/www.lifenatura.com\/es\/produto\/propomax-spray-garganta-fuerte-30-ml\/#breadcrumb","itemListElement":[{"@type":"ListItem","position":1,"name":"In\u00edcio","item":"https:\/\/www.lifenatura.com\/es\/"},{"@type":"ListItem","position":2,"name":"Todos los Productos","item":"https:\/\/www.lifenatura.com\/es\/tienda\/"},{"@type":"ListItem","position":3,"name":"Propomax Spray Garganta Fuerte 30 ml"}]},{"@type":"WebSite","@id":"https:\/\/www.lifenatura.com\/es\/#website","url":"https:\/\/www.lifenatura.com\/es\/","name":"Lifenatura","description":"A Lifenatura \u00e9 uma loja de produtos naturais, cosm\u00e9tica natural e alimenta\u00e7\u00e3o Biol\u00f3gica.","publisher":{"@id":"https:\/\/www.lifenatura.com\/es\/#organization"},"potentialAction":[{"@type":"SearchAction","target":{"@type":"EntryPoint","urlTemplate":"https:\/\/www.lifenatura.com\/es\/?s={search_term_string}"},"query-input":{"@type":"PropertyValueSpecification","valueRequired":true,"valueName":"search_term_string"}}],"inLanguage":"es"},{"@type":"Organization","@id":"https:\/\/www.lifenatura.com\/es\/#organization","name":"Lifenatura","url":"https:\/\/www.lifenatura.com\/es\/","logo":{"@type":"ImageObject","inLanguage":"es","@id":"https:\/\/www.lifenatura.com\/es\/#\/schema\/logo\/image\/","url":"https:\/\/www.lifenatura.com\/wp-content\/uploads\/2021\/07\/logo.png","contentUrl":"https:\/\/www.lifenatura.com\/wp-content\/uploads\/2021\/07\/logo.png","width":175,"height":55,"caption":"Lifenatura"},"image":{"@id":"https:\/\/www.lifenatura.com\/es\/#\/schema\/logo\/image\/"},"sameAs":["https:\/\/www.facebook.com\/lifenatura","https:\/\/www.instagram.com\/lifenaturapt\/"],"hasMerchantReturnPolicy":{"@type":"MerchantReturnPolicy","merchantReturnLink":"https:\/\/www.lifenatura.com\/termos-condicoes-lifenatura\/"}}]},"product_price_amount":"10.28","product_price_currency":"EUR","og_availability":"instock","product_availability":"instock","product_retailer_item_id":"3661744050316","product_condition":"new"},"df_price":10.28,"df_sale_price":10.28,"df_regular_price":10.82,"df_image_link":"https:\/\/www.lifenatura.com\/wp-content\/uploads\/2021\/09\/gd_propomax_spray_garganta_forte-300x300.jpg","_links":{"self":[{"href":"https:\/\/www.lifenatura.com\/es\/wp-json\/wp\/v2\/product\/40650","targetHints":{"allow":["GET"]}}],"collection":[{"href":"https:\/\/www.lifenatura.com\/es\/wp-json\/wp\/v2\/product"}],"about":[{"href":"https:\/\/www.lifenatura.com\/es\/wp-json\/wp\/v2\/types\/product"}],"wp:featuredmedia":[{"embeddable":true,"href":"https:\/\/www.lifenatura.com\/es\/wp-json\/wp\/v2\/media\/21834"}],"wp:attachment":[{"href":"https:\/\/www.lifenatura.com\/es\/wp-json\/wp\/v2\/media?parent=40650"}],"wp:term":[{"taxonomy":"product_brand","embeddable":true,"href":"https:\/\/www.lifenatura.com\/es\/wp-json\/wp\/v2\/product_brand?post=40650"},{"taxonomy":"product_cat","embeddable":true,"href":"https:\/\/www.lifenatura.com\/es\/wp-json\/wp\/v2\/product_cat?post=40650"},{"taxonomy":"product_tag","embeddable":true,"href":"https:\/\/www.lifenatura.com\/es\/wp-json\/wp\/v2\/product_tag?post=40650"}],"curies":[{"name":"wp","href":"https:\/\/api.w.org\/{rel}","templated":true}]}}