{"id":40648,"date":"2021-09-30T10:44:18","date_gmt":"2021-09-30T10:44:18","guid":{"rendered":"https:\/\/lifenatura.dev.agenciagetdigital.com\/produto\/propomax-spray-sin-alcohol-30-ml\/"},"modified":"2022-08-21T15:16:45","modified_gmt":"2022-08-21T15:16:45","slug":"propomax-spray-sin-alcohol-30-ml","status":"publish","type":"product","link":"https:\/\/www.lifenatura.com\/es\/produto\/propomax-spray-sin-alcohol-30-ml\/","title":{"rendered":"Propomax Spray Sin Alcohol 30 ml"},"content":{"rendered":"<p>Propolis verde para combatir la inflamaci\u00f3n del sistema respiratorio Propomax Propolis spray sin alcohol con extracto de regaliz y aceite esencial de menta piperita, est\u00e1 indicado para el alivio del dolor de garganta, spray con capacidad para unas 300 pulverizaciones. Propomax spray tiene delicados aromas de regaliz en su composici\u00f3n desde la antig\u00fcedad como coadyuvante para combatir la inflamaci\u00f3n del sistema respiratorio, y la menta es un excelente estimulante para el cuerpo y el esp\u00edritu. El prop\u00f3leo tiene una funci\u00f3n antibacteriana y omel suaviza la garganta. PRESENTACI\u00d3N 30 ml.<\/p>\n","protected":false},"excerpt":{"rendered":"<p>Propolis verde para combatir la inflamaci\u00f3n del sistema respiratorio Propomax Propolis spray sin alcohol con extracto de regaliz y aceite esencial de menta piperita, est\u00e1 indicado para el alivio del dolor de garganta, spray con capacidad para unas 300 pulverizaciones. Propomax spray tiene delicados aromas de regaliz en su composici\u00f3n desde la antig\u00fcedad como coadyuvante [&#8230;]<\/p>\n<p><a class=\"btn btn-secondary understrap-read-more-link\" href=\"https:\/\/www.lifenatura.com\/es\/produto\/propomax-spray-sin-alcohol-30-ml\/\">Leer m\u00e1s&#8230;<span class=\"screen-reader-text\"> from Propomax Spray Sin Alcohol 30 ml<\/span><\/a><\/p>\n","protected":false},"featured_media":139211,"template":"","meta":{"_acf_changed":false},"product_brand":[8405],"product_cat":[7659,7773,7179,7233],"product_tag":[],"class_list":{"0":"post-40648","1":"product","2":"type-product","3":"status-publish","4":"has-post-thumbnail","6":"product_brand-propomax","7":"product_cat-ingrediente-natural-bio","8":"product_cat-propolis-es","9":"product_cat-salud","10":"product_cat-tos-garganta-inflamada","12":"first","13":"instock","14":"sale","15":"featured","16":"shipping-taxable","17":"purchasable","18":"product-type-simple","19":"add-to-wishlist-before_image"},"acf":[],"yoast_head":"<!-- This site is optimized with the Yoast SEO Premium plugin v27.1 (Yoast SEO v27.6) - https:\/\/yoast.com\/product\/yoast-seo-premium-wordpress\/ -->\n<title>Propomax Spray Sin Alcohol 30 ml<\/title>\n<meta name=\"description\" content=\"Propomax Propolis spray sin alcohol con extracto de regaliz y aceite esencial de menta piperita, est\u00e1 indicado para el alivio del dolor de garganta\" \/>\n<meta name=\"robots\" content=\"index, follow, max-snippet:-1, max-image-preview:large, max-video-preview:-1\" \/>\n<link rel=\"canonical\" href=\"https:\/\/www.lifenatura.com\/es\/produto\/propomax-spray-sin-alcohol-30-ml\/\" \/>\n<meta property=\"og:locale\" content=\"es_ES\" \/>\n<meta property=\"og:type\" content=\"article\" \/>\n<meta property=\"og:title\" content=\"Propomax Spray Sin Alcohol 30 ml - Na Lifenatura ao Melhor Pre\u00e7o | Envio 48h\" \/>\n<meta property=\"og:description\" content=\"Compre Propomax Spray Sin Alcohol 30 ml com envio r\u00e1pido. Entrega em 48h e portes gr\u00e1tis em compras &gt;35\u20ac. Aproveite j\u00e1 na Lifenatura\" \/>\n<meta property=\"og:url\" content=\"https:\/\/www.lifenatura.com\/es\/produto\/propomax-spray-sin-alcohol-30-ml\/\" \/>\n<meta property=\"og:site_name\" content=\"Lifenatura\" \/>\n<meta property=\"article:publisher\" content=\"https:\/\/www.facebook.com\/lifenatura\" \/>\n<meta property=\"article:modified_time\" content=\"2022-08-21T15:16:45+00:00\" \/>\n<meta property=\"og:image\" content=\"https:\/\/www.lifenatura.com\/wp-content\/uploads\/2021\/09\/propomax-spray-sem-alcool-30ml.jpg\" \/>\n\t<meta property=\"og:image:width\" content=\"1000\" \/>\n\t<meta property=\"og:image:height\" content=\"1000\" \/>\n\t<meta property=\"og:image:type\" content=\"image\/jpeg\" \/>\n<meta name=\"twitter:card\" content=\"summary_large_image\" \/>\n<meta name=\"twitter:label1\" content=\"Precio\" \/>\n\t<meta name=\"twitter:data1\" content=\"10,28&nbsp;&euro;\" \/>\n\t<meta name=\"twitter:label2\" content=\"Disponibilidad\" \/>\n\t<meta name=\"twitter:data2\" content=\"Disponible\" \/>\n<script type=\"application\/ld+json\" class=\"yoast-schema-graph\">{\"@context\":\"https:\\\/\\\/schema.org\",\"@graph\":[{\"@type\":\"WebPage\",\"@id\":\"https:\\\/\\\/www.lifenatura.com\\\/es\\\/produto\\\/propomax-spray-sin-alcohol-30-ml\\\/\",\"url\":\"https:\\\/\\\/www.lifenatura.com\\\/es\\\/produto\\\/propomax-spray-sin-alcohol-30-ml\\\/\",\"name\":\"Propomax Spray Sin Alcohol 30 ml\",\"isPartOf\":{\"@id\":\"https:\\\/\\\/www.lifenatura.com\\\/es\\\/#website\"},\"primaryImageOfPage\":{\"@id\":\"https:\\\/\\\/www.lifenatura.com\\\/es\\\/produto\\\/propomax-spray-sin-alcohol-30-ml\\\/#primaryimage\"},\"image\":{\"@id\":\"https:\\\/\\\/www.lifenatura.com\\\/es\\\/produto\\\/propomax-spray-sin-alcohol-30-ml\\\/#primaryimage\"},\"thumbnailUrl\":\"https:\\\/\\\/www.lifenatura.com\\\/wp-content\\\/uploads\\\/2026\\\/03\\\/gd_spray_vert_PT_PROPOMAX_1500x1350px.png\",\"datePublished\":\"2021-09-30T10:44:18+00:00\",\"dateModified\":\"2022-08-21T15:16:45+00:00\",\"description\":\"Propomax Propolis spray sin alcohol con extracto de regaliz y aceite esencial de menta piperita, est\u00e1 indicado para el alivio del dolor de garganta\",\"breadcrumb\":{\"@id\":\"https:\\\/\\\/www.lifenatura.com\\\/es\\\/produto\\\/propomax-spray-sin-alcohol-30-ml\\\/#breadcrumb\"},\"inLanguage\":\"es\",\"potentialAction\":[{\"@type\":\"ReadAction\",\"target\":[\"https:\\\/\\\/www.lifenatura.com\\\/es\\\/produto\\\/propomax-spray-sin-alcohol-30-ml\\\/\"]}]},{\"@type\":\"ImageObject\",\"inLanguage\":\"es\",\"@id\":\"https:\\\/\\\/www.lifenatura.com\\\/es\\\/produto\\\/propomax-spray-sin-alcohol-30-ml\\\/#primaryimage\",\"url\":\"https:\\\/\\\/www.lifenatura.com\\\/wp-content\\\/uploads\\\/2026\\\/03\\\/gd_spray_vert_PT_PROPOMAX_1500x1350px.png\",\"contentUrl\":\"https:\\\/\\\/www.lifenatura.com\\\/wp-content\\\/uploads\\\/2026\\\/03\\\/gd_spray_vert_PT_PROPOMAX_1500x1350px.png\",\"width\":1500,\"height\":1350},{\"@type\":\"BreadcrumbList\",\"@id\":\"https:\\\/\\\/www.lifenatura.com\\\/es\\\/produto\\\/propomax-spray-sin-alcohol-30-ml\\\/#breadcrumb\",\"itemListElement\":[{\"@type\":\"ListItem\",\"position\":1,\"name\":\"In\u00edcio\",\"item\":\"https:\\\/\\\/www.lifenatura.com\\\/es\\\/\"},{\"@type\":\"ListItem\",\"position\":2,\"name\":\"Todos los Productos\",\"item\":\"https:\\\/\\\/www.lifenatura.com\\\/es\\\/tienda\\\/\"},{\"@type\":\"ListItem\",\"position\":3,\"name\":\"Propomax Spray Sin Alcohol 30 ml\"}]},{\"@type\":\"WebSite\",\"@id\":\"https:\\\/\\\/www.lifenatura.com\\\/es\\\/#website\",\"url\":\"https:\\\/\\\/www.lifenatura.com\\\/es\\\/\",\"name\":\"Lifenatura\",\"description\":\"A Lifenatura \u00e9 uma loja de produtos naturais, cosm\u00e9tica natural e alimenta\u00e7\u00e3o Biol\u00f3gica.\",\"publisher\":{\"@id\":\"https:\\\/\\\/www.lifenatura.com\\\/es\\\/#organization\"},\"potentialAction\":[{\"@type\":\"SearchAction\",\"target\":{\"@type\":\"EntryPoint\",\"urlTemplate\":\"https:\\\/\\\/www.lifenatura.com\\\/es\\\/?s={search_term_string}\"},\"query-input\":{\"@type\":\"PropertyValueSpecification\",\"valueRequired\":true,\"valueName\":\"search_term_string\"}}],\"inLanguage\":\"es\"},{\"@type\":\"Organization\",\"@id\":\"https:\\\/\\\/www.lifenatura.com\\\/es\\\/#organization\",\"name\":\"Lifenatura\",\"url\":\"https:\\\/\\\/www.lifenatura.com\\\/es\\\/\",\"logo\":{\"@type\":\"ImageObject\",\"inLanguage\":\"es\",\"@id\":\"https:\\\/\\\/www.lifenatura.com\\\/es\\\/#\\\/schema\\\/logo\\\/image\\\/\",\"url\":\"https:\\\/\\\/www.lifenatura.com\\\/wp-content\\\/uploads\\\/2021\\\/07\\\/logo.png\",\"contentUrl\":\"https:\\\/\\\/www.lifenatura.com\\\/wp-content\\\/uploads\\\/2021\\\/07\\\/logo.png\",\"width\":175,\"height\":55,\"caption\":\"Lifenatura\"},\"image\":{\"@id\":\"https:\\\/\\\/www.lifenatura.com\\\/es\\\/#\\\/schema\\\/logo\\\/image\\\/\"},\"sameAs\":[\"https:\\\/\\\/www.facebook.com\\\/lifenatura\",\"https:\\\/\\\/www.instagram.com\\\/lifenaturapt\\\/\"],\"hasMerchantReturnPolicy\":{\"@type\":\"MerchantReturnPolicy\",\"merchantReturnLink\":\"https:\\\/\\\/www.lifenatura.com\\\/termos-condicoes-lifenatura\\\/\"}}]}<\/script>\n<meta property=\"product:price:amount\" content=\"10.28\" \/>\n<meta property=\"product:price:currency\" content=\"EUR\" \/>\n<meta property=\"og:availability\" content=\"instock\" \/>\n<meta property=\"product:availability\" content=\"instock\" \/>\n<meta property=\"product:retailer_item_id\" content=\"3661744051986\" \/>\n<meta property=\"product:condition\" content=\"new\" \/>\n<!-- \/ Yoast SEO Premium plugin. -->","yoast_head_json":{"title":"Propomax Spray Sin Alcohol 30 ml","description":"Propomax Propolis spray sin alcohol con extracto de regaliz y aceite esencial de menta piperita, est\u00e1 indicado para el alivio del dolor de garganta","robots":{"index":"index","follow":"follow","max-snippet":"max-snippet:-1","max-image-preview":"max-image-preview:large","max-video-preview":"max-video-preview:-1"},"canonical":"https:\/\/www.lifenatura.com\/es\/produto\/propomax-spray-sin-alcohol-30-ml\/","og_locale":"es_ES","og_type":"article","og_title":"Propomax Spray Sin Alcohol 30 ml - Na Lifenatura ao Melhor Pre\u00e7o | Envio 48h","og_description":"Compre Propomax Spray Sin Alcohol 30 ml com envio r\u00e1pido. Entrega em 48h e portes gr\u00e1tis em compras >35\u20ac. Aproveite j\u00e1 na Lifenatura","og_url":"https:\/\/www.lifenatura.com\/es\/produto\/propomax-spray-sin-alcohol-30-ml\/","og_site_name":"Lifenatura","article_publisher":"https:\/\/www.facebook.com\/lifenatura","article_modified_time":"2022-08-21T15:16:45+00:00","og_image":[{"width":1000,"height":1000,"url":"https:\/\/www.lifenatura.com\/wp-content\/uploads\/2021\/09\/propomax-spray-sem-alcool-30ml.jpg","type":"image\/jpeg"}],"twitter_card":"summary_large_image","twitter_misc":{"Precio":"10,28&nbsp;&euro;","Disponibilidad":"Disponible"},"schema":{"@context":"https:\/\/schema.org","@graph":[{"@type":"WebPage","@id":"https:\/\/www.lifenatura.com\/es\/produto\/propomax-spray-sin-alcohol-30-ml\/","url":"https:\/\/www.lifenatura.com\/es\/produto\/propomax-spray-sin-alcohol-30-ml\/","name":"Propomax Spray Sin Alcohol 30 ml","isPartOf":{"@id":"https:\/\/www.lifenatura.com\/es\/#website"},"primaryImageOfPage":{"@id":"https:\/\/www.lifenatura.com\/es\/produto\/propomax-spray-sin-alcohol-30-ml\/#primaryimage"},"image":{"@id":"https:\/\/www.lifenatura.com\/es\/produto\/propomax-spray-sin-alcohol-30-ml\/#primaryimage"},"thumbnailUrl":"https:\/\/www.lifenatura.com\/wp-content\/uploads\/2026\/03\/gd_spray_vert_PT_PROPOMAX_1500x1350px.png","datePublished":"2021-09-30T10:44:18+00:00","dateModified":"2022-08-21T15:16:45+00:00","description":"Propomax Propolis spray sin alcohol con extracto de regaliz y aceite esencial de menta piperita, est\u00e1 indicado para el alivio del dolor de garganta","breadcrumb":{"@id":"https:\/\/www.lifenatura.com\/es\/produto\/propomax-spray-sin-alcohol-30-ml\/#breadcrumb"},"inLanguage":"es","potentialAction":[{"@type":"ReadAction","target":["https:\/\/www.lifenatura.com\/es\/produto\/propomax-spray-sin-alcohol-30-ml\/"]}]},{"@type":"ImageObject","inLanguage":"es","@id":"https:\/\/www.lifenatura.com\/es\/produto\/propomax-spray-sin-alcohol-30-ml\/#primaryimage","url":"https:\/\/www.lifenatura.com\/wp-content\/uploads\/2026\/03\/gd_spray_vert_PT_PROPOMAX_1500x1350px.png","contentUrl":"https:\/\/www.lifenatura.com\/wp-content\/uploads\/2026\/03\/gd_spray_vert_PT_PROPOMAX_1500x1350px.png","width":1500,"height":1350},{"@type":"BreadcrumbList","@id":"https:\/\/www.lifenatura.com\/es\/produto\/propomax-spray-sin-alcohol-30-ml\/#breadcrumb","itemListElement":[{"@type":"ListItem","position":1,"name":"In\u00edcio","item":"https:\/\/www.lifenatura.com\/es\/"},{"@type":"ListItem","position":2,"name":"Todos los Productos","item":"https:\/\/www.lifenatura.com\/es\/tienda\/"},{"@type":"ListItem","position":3,"name":"Propomax Spray Sin Alcohol 30 ml"}]},{"@type":"WebSite","@id":"https:\/\/www.lifenatura.com\/es\/#website","url":"https:\/\/www.lifenatura.com\/es\/","name":"Lifenatura","description":"A Lifenatura \u00e9 uma loja de produtos naturais, cosm\u00e9tica natural e alimenta\u00e7\u00e3o Biol\u00f3gica.","publisher":{"@id":"https:\/\/www.lifenatura.com\/es\/#organization"},"potentialAction":[{"@type":"SearchAction","target":{"@type":"EntryPoint","urlTemplate":"https:\/\/www.lifenatura.com\/es\/?s={search_term_string}"},"query-input":{"@type":"PropertyValueSpecification","valueRequired":true,"valueName":"search_term_string"}}],"inLanguage":"es"},{"@type":"Organization","@id":"https:\/\/www.lifenatura.com\/es\/#organization","name":"Lifenatura","url":"https:\/\/www.lifenatura.com\/es\/","logo":{"@type":"ImageObject","inLanguage":"es","@id":"https:\/\/www.lifenatura.com\/es\/#\/schema\/logo\/image\/","url":"https:\/\/www.lifenatura.com\/wp-content\/uploads\/2021\/07\/logo.png","contentUrl":"https:\/\/www.lifenatura.com\/wp-content\/uploads\/2021\/07\/logo.png","width":175,"height":55,"caption":"Lifenatura"},"image":{"@id":"https:\/\/www.lifenatura.com\/es\/#\/schema\/logo\/image\/"},"sameAs":["https:\/\/www.facebook.com\/lifenatura","https:\/\/www.instagram.com\/lifenaturapt\/"],"hasMerchantReturnPolicy":{"@type":"MerchantReturnPolicy","merchantReturnLink":"https:\/\/www.lifenatura.com\/termos-condicoes-lifenatura\/"}}]},"product_price_amount":"10.28","product_price_currency":"EUR","og_availability":"instock","product_availability":"instock","product_retailer_item_id":"3661744051986","product_condition":"new"},"df_price":10.28,"df_sale_price":10.28,"df_regular_price":10.82,"df_image_link":"https:\/\/www.lifenatura.com\/wp-content\/uploads\/2026\/03\/gd_spray_vert_PT_PROPOMAX_1500x1350px-300x270.png","_links":{"self":[{"href":"https:\/\/www.lifenatura.com\/es\/wp-json\/wp\/v2\/product\/40648","targetHints":{"allow":["GET"]}}],"collection":[{"href":"https:\/\/www.lifenatura.com\/es\/wp-json\/wp\/v2\/product"}],"about":[{"href":"https:\/\/www.lifenatura.com\/es\/wp-json\/wp\/v2\/types\/product"}],"wp:featuredmedia":[{"embeddable":true,"href":"https:\/\/www.lifenatura.com\/es\/wp-json\/wp\/v2\/media\/139211"}],"wp:attachment":[{"href":"https:\/\/www.lifenatura.com\/es\/wp-json\/wp\/v2\/media?parent=40648"}],"wp:term":[{"taxonomy":"product_brand","embeddable":true,"href":"https:\/\/www.lifenatura.com\/es\/wp-json\/wp\/v2\/product_brand?post=40648"},{"taxonomy":"product_cat","embeddable":true,"href":"https:\/\/www.lifenatura.com\/es\/wp-json\/wp\/v2\/product_cat?post=40648"},{"taxonomy":"product_tag","embeddable":true,"href":"https:\/\/www.lifenatura.com\/es\/wp-json\/wp\/v2\/product_tag?post=40648"}],"curies":[{"name":"wp","href":"https:\/\/api.w.org\/{rel}","templated":true}]}}