{"id":40647,"date":"2021-09-30T10:44:18","date_gmt":"2021-09-30T10:44:18","guid":{"rendered":"https:\/\/lifenatura.dev.agenciagetdigital.com\/produto\/propomax-imunidade-60-sin-alcohol-30-ml\/"},"modified":"2022-08-21T15:16:42","modified_gmt":"2022-08-21T15:16:42","slug":"propomax-imunidade-60-sin-alcohol-30-ml","status":"publish","type":"product","link":"https:\/\/www.lifenatura.com\/es\/produto\/propomax-imunidade-60-sin-alcohol-30-ml\/","title":{"rendered":"Propomax Imunidade 60% Sin Alcohol 30 ml"},"content":{"rendered":"<p>Propolis verde para fortalecer la inmunidad Propomax Immunity 60% libre de alcohol contiene los bioflavonoides que componen la mayor\u00eda de los polifenoles antioxidantes. El prop\u00f3leo verde de Brasil se encuentra en su riqueza \u00fanica en bioflavonoides, de los cuales una de las principales mol\u00e9culas activas es la artepilina C. Pr\u00f3pomax\u00ae Immunity 30% es un verdadero protector del organismo. El extracto de Prop\u00f3leo Verde se utiliza cuando se requieren defensas inmunitarias para ayudar al organismo a resistir las agresiones externas. Tambi\u00e9n se han demostrado sus actividades antimicrobianas, antivirales, antiinflamatorias y antioxidantes para combatir las agresiones externas y proteger el organismo. PRESENTACI\u00d3N 30 ml.<\/p>\n","protected":false},"excerpt":{"rendered":"<p>Propolis verde para fortalecer la inmunidad Propomax Immunity 60% libre de alcohol contiene los bioflavonoides que componen la mayor\u00eda de los polifenoles antioxidantes. El prop\u00f3leo verde de Brasil se encuentra en su riqueza \u00fanica en bioflavonoides, de los cuales una de las principales mol\u00e9culas activas es la artepilina C. Pr\u00f3pomax\u00ae Immunity 30% es un verdadero [&#8230;]<\/p>\n<p><a class=\"btn btn-secondary understrap-read-more-link\" href=\"https:\/\/www.lifenatura.com\/es\/produto\/propomax-imunidade-60-sin-alcohol-30-ml\/\">Leer m\u00e1s&#8230;<span class=\"screen-reader-text\"> from Propomax Imunidade 60% Sin Alcohol 30 ml<\/span><\/a><\/p>\n","protected":false},"featured_media":138804,"template":"","meta":{"_acf_changed":false},"product_brand":[8455,8405],"product_cat":[7659,7773,7211,7179,7273],"product_tag":[],"class_list":{"0":"post-40647","1":"product","2":"type-product","3":"status-publish","4":"has-post-thumbnail","6":"product_brand-lehning","7":"product_brand-propomax","8":"product_cat-ingrediente-natural-bio","9":"product_cat-propolis-es","10":"product_cat-reforza-la-inmunidad-salud","11":"product_cat-salud","12":"product_cat-top-10-ventas","14":"first","15":"instock","16":"sale","17":"featured","18":"shipping-taxable","19":"purchasable","20":"product-type-simple","21":"add-to-wishlist-before_image"},"acf":[],"yoast_head":"<!-- This site is optimized with the Yoast SEO Premium plugin v27.1 (Yoast SEO v27.6) - https:\/\/yoast.com\/product\/yoast-seo-premium-wordpress\/ -->\n<title>Propomax Imunidade 60% Sin Alcohol 30 ml<\/title>\n<meta name=\"description\" content=\"Propomax Immunity 60% libre de alcohol contiene los bioflavonoides que componen la mayor\u00eda de los polifenoles antioxidantes es el prop\u00f3leo verde de Brasil.\" \/>\n<meta name=\"robots\" content=\"index, follow, max-snippet:-1, max-image-preview:large, max-video-preview:-1\" \/>\n<link rel=\"canonical\" href=\"https:\/\/www.lifenatura.com\/es\/produto\/propomax-imunidade-60-sin-alcohol-30-ml\/\" \/>\n<meta property=\"og:locale\" content=\"es_ES\" \/>\n<meta property=\"og:type\" content=\"article\" \/>\n<meta property=\"og:title\" content=\"Propomax Imunidade 60% Sin Alcohol 30 ml - Na Lifenatura ao Melhor Pre\u00e7o | Envio 48h\" \/>\n<meta property=\"og:description\" content=\"Compre Propomax Imunidade 60% Sin Alcohol 30 ml com envio r\u00e1pido. Entrega em 48h e portes gr\u00e1tis em compras &gt;35\u20ac. Aproveite j\u00e1 na Lifenatura\" \/>\n<meta property=\"og:url\" content=\"https:\/\/www.lifenatura.com\/es\/produto\/propomax-imunidade-60-sin-alcohol-30-ml\/\" \/>\n<meta property=\"og:site_name\" content=\"Lifenatura\" \/>\n<meta property=\"article:publisher\" content=\"https:\/\/www.facebook.com\/lifenatura\" \/>\n<meta property=\"article:modified_time\" content=\"2022-08-21T15:16:42+00:00\" \/>\n<meta property=\"og:image\" content=\"https:\/\/www.lifenatura.com\/wp-content\/uploads\/2021\/09\/propomax-60-gotas-sem-alcool-30ml.jpg\" \/>\n\t<meta property=\"og:image:width\" content=\"1000\" \/>\n\t<meta property=\"og:image:height\" content=\"1000\" \/>\n\t<meta property=\"og:image:type\" content=\"image\/jpeg\" \/>\n<meta name=\"twitter:card\" content=\"summary_large_image\" \/>\n<meta name=\"twitter:label1\" content=\"Precio\" \/>\n\t<meta name=\"twitter:data1\" content=\"17,82&nbsp;&euro;\" \/>\n\t<meta name=\"twitter:label2\" content=\"Disponibilidad\" \/>\n\t<meta name=\"twitter:data2\" content=\"Disponible\" \/>\n<script type=\"application\/ld+json\" class=\"yoast-schema-graph\">{\"@context\":\"https:\\\/\\\/schema.org\",\"@graph\":[{\"@type\":\"WebPage\",\"@id\":\"https:\\\/\\\/www.lifenatura.com\\\/es\\\/produto\\\/propomax-imunidade-60-sin-alcohol-30-ml\\\/\",\"url\":\"https:\\\/\\\/www.lifenatura.com\\\/es\\\/produto\\\/propomax-imunidade-60-sin-alcohol-30-ml\\\/\",\"name\":\"Propomax Imunidade 60% Sin Alcohol 30 ml\",\"isPartOf\":{\"@id\":\"https:\\\/\\\/www.lifenatura.com\\\/es\\\/#website\"},\"primaryImageOfPage\":{\"@id\":\"https:\\\/\\\/www.lifenatura.com\\\/es\\\/produto\\\/propomax-imunidade-60-sin-alcohol-30-ml\\\/#primaryimage\"},\"image\":{\"@id\":\"https:\\\/\\\/www.lifenatura.com\\\/es\\\/produto\\\/propomax-imunidade-60-sin-alcohol-30-ml\\\/#primaryimage\"},\"thumbnailUrl\":\"https:\\\/\\\/www.lifenatura.com\\\/wp-content\\\/uploads\\\/2026\\\/03\\\/gd_gouttes_rouge_PT_PROPOMAX_1500x1350px_2.png\",\"datePublished\":\"2021-09-30T10:44:18+00:00\",\"dateModified\":\"2022-08-21T15:16:42+00:00\",\"description\":\"Propomax Immunity 60% libre de alcohol contiene los bioflavonoides que componen la mayor\u00eda de los polifenoles antioxidantes es el prop\u00f3leo verde de Brasil.\",\"breadcrumb\":{\"@id\":\"https:\\\/\\\/www.lifenatura.com\\\/es\\\/produto\\\/propomax-imunidade-60-sin-alcohol-30-ml\\\/#breadcrumb\"},\"inLanguage\":\"es\",\"potentialAction\":[{\"@type\":\"ReadAction\",\"target\":[\"https:\\\/\\\/www.lifenatura.com\\\/es\\\/produto\\\/propomax-imunidade-60-sin-alcohol-30-ml\\\/\"]}]},{\"@type\":\"ImageObject\",\"inLanguage\":\"es\",\"@id\":\"https:\\\/\\\/www.lifenatura.com\\\/es\\\/produto\\\/propomax-imunidade-60-sin-alcohol-30-ml\\\/#primaryimage\",\"url\":\"https:\\\/\\\/www.lifenatura.com\\\/wp-content\\\/uploads\\\/2026\\\/03\\\/gd_gouttes_rouge_PT_PROPOMAX_1500x1350px_2.png\",\"contentUrl\":\"https:\\\/\\\/www.lifenatura.com\\\/wp-content\\\/uploads\\\/2026\\\/03\\\/gd_gouttes_rouge_PT_PROPOMAX_1500x1350px_2.png\",\"width\":1500,\"height\":1350},{\"@type\":\"BreadcrumbList\",\"@id\":\"https:\\\/\\\/www.lifenatura.com\\\/es\\\/produto\\\/propomax-imunidade-60-sin-alcohol-30-ml\\\/#breadcrumb\",\"itemListElement\":[{\"@type\":\"ListItem\",\"position\":1,\"name\":\"In\u00edcio\",\"item\":\"https:\\\/\\\/www.lifenatura.com\\\/es\\\/\"},{\"@type\":\"ListItem\",\"position\":2,\"name\":\"Todos los Productos\",\"item\":\"https:\\\/\\\/www.lifenatura.com\\\/es\\\/tienda\\\/\"},{\"@type\":\"ListItem\",\"position\":3,\"name\":\"Propomax Imunidade 60% Sin Alcohol 30 ml\"}]},{\"@type\":\"WebSite\",\"@id\":\"https:\\\/\\\/www.lifenatura.com\\\/es\\\/#website\",\"url\":\"https:\\\/\\\/www.lifenatura.com\\\/es\\\/\",\"name\":\"Lifenatura\",\"description\":\"A Lifenatura \u00e9 uma loja de produtos naturais, cosm\u00e9tica natural e alimenta\u00e7\u00e3o Biol\u00f3gica.\",\"publisher\":{\"@id\":\"https:\\\/\\\/www.lifenatura.com\\\/es\\\/#organization\"},\"potentialAction\":[{\"@type\":\"SearchAction\",\"target\":{\"@type\":\"EntryPoint\",\"urlTemplate\":\"https:\\\/\\\/www.lifenatura.com\\\/es\\\/?s={search_term_string}\"},\"query-input\":{\"@type\":\"PropertyValueSpecification\",\"valueRequired\":true,\"valueName\":\"search_term_string\"}}],\"inLanguage\":\"es\"},{\"@type\":\"Organization\",\"@id\":\"https:\\\/\\\/www.lifenatura.com\\\/es\\\/#organization\",\"name\":\"Lifenatura\",\"url\":\"https:\\\/\\\/www.lifenatura.com\\\/es\\\/\",\"logo\":{\"@type\":\"ImageObject\",\"inLanguage\":\"es\",\"@id\":\"https:\\\/\\\/www.lifenatura.com\\\/es\\\/#\\\/schema\\\/logo\\\/image\\\/\",\"url\":\"https:\\\/\\\/www.lifenatura.com\\\/wp-content\\\/uploads\\\/2021\\\/07\\\/logo.png\",\"contentUrl\":\"https:\\\/\\\/www.lifenatura.com\\\/wp-content\\\/uploads\\\/2021\\\/07\\\/logo.png\",\"width\":175,\"height\":55,\"caption\":\"Lifenatura\"},\"image\":{\"@id\":\"https:\\\/\\\/www.lifenatura.com\\\/es\\\/#\\\/schema\\\/logo\\\/image\\\/\"},\"sameAs\":[\"https:\\\/\\\/www.facebook.com\\\/lifenatura\",\"https:\\\/\\\/www.instagram.com\\\/lifenaturapt\\\/\"],\"hasMerchantReturnPolicy\":{\"@type\":\"MerchantReturnPolicy\",\"merchantReturnLink\":\"https:\\\/\\\/www.lifenatura.com\\\/termos-condicoes-lifenatura\\\/\"}}]}<\/script>\n<meta property=\"product:price:amount\" content=\"17.82\" \/>\n<meta property=\"product:price:currency\" content=\"EUR\" \/>\n<meta property=\"og:availability\" content=\"instock\" \/>\n<meta property=\"product:availability\" content=\"instock\" \/>\n<meta property=\"product:retailer_item_id\" content=\"3661744052006\" \/>\n<meta property=\"product:condition\" content=\"new\" \/>\n<!-- \/ Yoast SEO Premium plugin. -->","yoast_head_json":{"title":"Propomax Imunidade 60% Sin Alcohol 30 ml","description":"Propomax Immunity 60% libre de alcohol contiene los bioflavonoides que componen la mayor\u00eda de los polifenoles antioxidantes es el prop\u00f3leo verde de Brasil.","robots":{"index":"index","follow":"follow","max-snippet":"max-snippet:-1","max-image-preview":"max-image-preview:large","max-video-preview":"max-video-preview:-1"},"canonical":"https:\/\/www.lifenatura.com\/es\/produto\/propomax-imunidade-60-sin-alcohol-30-ml\/","og_locale":"es_ES","og_type":"article","og_title":"Propomax Imunidade 60% Sin Alcohol 30 ml - Na Lifenatura ao Melhor Pre\u00e7o | Envio 48h","og_description":"Compre Propomax Imunidade 60% Sin Alcohol 30 ml com envio r\u00e1pido. Entrega em 48h e portes gr\u00e1tis em compras >35\u20ac. Aproveite j\u00e1 na Lifenatura","og_url":"https:\/\/www.lifenatura.com\/es\/produto\/propomax-imunidade-60-sin-alcohol-30-ml\/","og_site_name":"Lifenatura","article_publisher":"https:\/\/www.facebook.com\/lifenatura","article_modified_time":"2022-08-21T15:16:42+00:00","og_image":[{"width":1000,"height":1000,"url":"https:\/\/www.lifenatura.com\/wp-content\/uploads\/2021\/09\/propomax-60-gotas-sem-alcool-30ml.jpg","type":"image\/jpeg"}],"twitter_card":"summary_large_image","twitter_misc":{"Precio":"17,82&nbsp;&euro;","Disponibilidad":"Disponible"},"schema":{"@context":"https:\/\/schema.org","@graph":[{"@type":"WebPage","@id":"https:\/\/www.lifenatura.com\/es\/produto\/propomax-imunidade-60-sin-alcohol-30-ml\/","url":"https:\/\/www.lifenatura.com\/es\/produto\/propomax-imunidade-60-sin-alcohol-30-ml\/","name":"Propomax Imunidade 60% Sin Alcohol 30 ml","isPartOf":{"@id":"https:\/\/www.lifenatura.com\/es\/#website"},"primaryImageOfPage":{"@id":"https:\/\/www.lifenatura.com\/es\/produto\/propomax-imunidade-60-sin-alcohol-30-ml\/#primaryimage"},"image":{"@id":"https:\/\/www.lifenatura.com\/es\/produto\/propomax-imunidade-60-sin-alcohol-30-ml\/#primaryimage"},"thumbnailUrl":"https:\/\/www.lifenatura.com\/wp-content\/uploads\/2026\/03\/gd_gouttes_rouge_PT_PROPOMAX_1500x1350px_2.png","datePublished":"2021-09-30T10:44:18+00:00","dateModified":"2022-08-21T15:16:42+00:00","description":"Propomax Immunity 60% libre de alcohol contiene los bioflavonoides que componen la mayor\u00eda de los polifenoles antioxidantes es el prop\u00f3leo verde de Brasil.","breadcrumb":{"@id":"https:\/\/www.lifenatura.com\/es\/produto\/propomax-imunidade-60-sin-alcohol-30-ml\/#breadcrumb"},"inLanguage":"es","potentialAction":[{"@type":"ReadAction","target":["https:\/\/www.lifenatura.com\/es\/produto\/propomax-imunidade-60-sin-alcohol-30-ml\/"]}]},{"@type":"ImageObject","inLanguage":"es","@id":"https:\/\/www.lifenatura.com\/es\/produto\/propomax-imunidade-60-sin-alcohol-30-ml\/#primaryimage","url":"https:\/\/www.lifenatura.com\/wp-content\/uploads\/2026\/03\/gd_gouttes_rouge_PT_PROPOMAX_1500x1350px_2.png","contentUrl":"https:\/\/www.lifenatura.com\/wp-content\/uploads\/2026\/03\/gd_gouttes_rouge_PT_PROPOMAX_1500x1350px_2.png","width":1500,"height":1350},{"@type":"BreadcrumbList","@id":"https:\/\/www.lifenatura.com\/es\/produto\/propomax-imunidade-60-sin-alcohol-30-ml\/#breadcrumb","itemListElement":[{"@type":"ListItem","position":1,"name":"In\u00edcio","item":"https:\/\/www.lifenatura.com\/es\/"},{"@type":"ListItem","position":2,"name":"Todos los Productos","item":"https:\/\/www.lifenatura.com\/es\/tienda\/"},{"@type":"ListItem","position":3,"name":"Propomax Imunidade 60% Sin Alcohol 30 ml"}]},{"@type":"WebSite","@id":"https:\/\/www.lifenatura.com\/es\/#website","url":"https:\/\/www.lifenatura.com\/es\/","name":"Lifenatura","description":"A Lifenatura \u00e9 uma loja de produtos naturais, cosm\u00e9tica natural e alimenta\u00e7\u00e3o Biol\u00f3gica.","publisher":{"@id":"https:\/\/www.lifenatura.com\/es\/#organization"},"potentialAction":[{"@type":"SearchAction","target":{"@type":"EntryPoint","urlTemplate":"https:\/\/www.lifenatura.com\/es\/?s={search_term_string}"},"query-input":{"@type":"PropertyValueSpecification","valueRequired":true,"valueName":"search_term_string"}}],"inLanguage":"es"},{"@type":"Organization","@id":"https:\/\/www.lifenatura.com\/es\/#organization","name":"Lifenatura","url":"https:\/\/www.lifenatura.com\/es\/","logo":{"@type":"ImageObject","inLanguage":"es","@id":"https:\/\/www.lifenatura.com\/es\/#\/schema\/logo\/image\/","url":"https:\/\/www.lifenatura.com\/wp-content\/uploads\/2021\/07\/logo.png","contentUrl":"https:\/\/www.lifenatura.com\/wp-content\/uploads\/2021\/07\/logo.png","width":175,"height":55,"caption":"Lifenatura"},"image":{"@id":"https:\/\/www.lifenatura.com\/es\/#\/schema\/logo\/image\/"},"sameAs":["https:\/\/www.facebook.com\/lifenatura","https:\/\/www.instagram.com\/lifenaturapt\/"],"hasMerchantReturnPolicy":{"@type":"MerchantReturnPolicy","merchantReturnLink":"https:\/\/www.lifenatura.com\/termos-condicoes-lifenatura\/"}}]},"product_price_amount":"17.82","product_price_currency":"EUR","og_availability":"instock","product_availability":"instock","product_retailer_item_id":"3661744052006","product_condition":"new"},"df_price":17.82,"df_sale_price":17.82,"df_regular_price":18.76,"df_image_link":"https:\/\/www.lifenatura.com\/wp-content\/uploads\/2026\/03\/gd_gouttes_rouge_PT_PROPOMAX_1500x1350px_2-300x270.png","_links":{"self":[{"href":"https:\/\/www.lifenatura.com\/es\/wp-json\/wp\/v2\/product\/40647","targetHints":{"allow":["GET"]}}],"collection":[{"href":"https:\/\/www.lifenatura.com\/es\/wp-json\/wp\/v2\/product"}],"about":[{"href":"https:\/\/www.lifenatura.com\/es\/wp-json\/wp\/v2\/types\/product"}],"wp:featuredmedia":[{"embeddable":true,"href":"https:\/\/www.lifenatura.com\/es\/wp-json\/wp\/v2\/media\/138804"}],"wp:attachment":[{"href":"https:\/\/www.lifenatura.com\/es\/wp-json\/wp\/v2\/media?parent=40647"}],"wp:term":[{"taxonomy":"product_brand","embeddable":true,"href":"https:\/\/www.lifenatura.com\/es\/wp-json\/wp\/v2\/product_brand?post=40647"},{"taxonomy":"product_cat","embeddable":true,"href":"https:\/\/www.lifenatura.com\/es\/wp-json\/wp\/v2\/product_cat?post=40647"},{"taxonomy":"product_tag","embeddable":true,"href":"https:\/\/www.lifenatura.com\/es\/wp-json\/wp\/v2\/product_tag?post=40647"}],"curies":[{"name":"wp","href":"https:\/\/api.w.org\/{rel}","templated":true}]}}