{"id":40607,"date":"2021-09-30T10:43:37","date_gmt":"2021-09-30T10:43:37","guid":{"rendered":"https:\/\/lifenatura.dev.agenciagetdigital.com\/produto\/adipo-block-depur-250-ml-prisma-natural\/"},"modified":"2022-08-21T15:16:14","modified_gmt":"2022-08-21T15:16:14","slug":"adipo-block-depur-250-ml-prisma-natural","status":"publish","type":"product","link":"https:\/\/www.lifenatura.com\/es\/produto\/adipo-block-depur-250-ml-prisma-natural\/","title":{"rendered":"Adipo Block Depur 250 ml &#8211; Prisma Natural"},"content":{"rendered":"<p>Adecuado para perder peso Adipo block depur es un suplemento diet\u00e9tico que contiene ingredientes como ar\u00e1ndano, grosella negra, mango africano, tomillo, abedul, escaramujo, palmeto, higo, maca, zarzaparrilla, cola de caballo, palo de oro, alcachofa, cardo Mariano, ortiga blanca, t\u00e9 de Java, c\u00farcuma y perejil. Estos ingredientes act\u00faan de forma sin\u00e9rgica y est\u00e1n indicados para reducir la acumulaci\u00f3n de l\u00edquido, la mala circulaci\u00f3n sangu\u00ednea, el edema, como purificador y desintoxicante del h\u00edgado, para mejorar la digesti\u00f3n y como antioxidante. PRESENTACI\u00d3N 250 Ml.<\/p>\n","protected":false},"excerpt":{"rendered":"<p>Adecuado para perder peso Adipo block depur es un suplemento diet\u00e9tico que contiene ingredientes como ar\u00e1ndano, grosella negra, mango africano, tomillo, abedul, escaramujo, palmeto, higo, maca, zarzaparrilla, cola de caballo, palo de oro, alcachofa, cardo Mariano, ortiga blanca, t\u00e9 de Java, c\u00farcuma y perejil. Estos ingredientes act\u00faan de forma sin\u00e9rgica y est\u00e1n indicados para reducir [&#8230;]<\/p>\n<p><a class=\"btn btn-secondary understrap-read-more-link\" href=\"https:\/\/www.lifenatura.com\/es\/produto\/adipo-block-depur-250-ml-prisma-natural\/\">Leer m\u00e1s&#8230;<span class=\"screen-reader-text\"> from Adipo Block Depur 250 ml &#8211; Prisma Natural<\/span><\/a><\/p>\n","protected":false},"featured_media":21802,"template":"","meta":{"_acf_changed":false},"product_brand":[8574],"product_cat":[7190,7145,7677,7156,7193,7659,7737,7179],"product_tag":[],"class_list":{"0":"post-40607","1":"product","2":"type-product","3":"status-publish","4":"has-post-thumbnail","6":"product_brand-prisma-natural","7":"product_cat-adelgazar","8":"product_cat-alcachofa","9":"product_cat-cardo-mariano-bio","10":"product_cat-cola-de-caballo","11":"product_cat-drenante-y-detox","12":"product_cat-ingrediente-natural-bio","13":"product_cat-maca-es","14":"product_cat-salud","16":"first","17":"instock","18":"shipping-taxable","19":"purchasable","20":"product-type-simple","21":"add-to-wishlist-before_image"},"acf":[],"yoast_head":"<!-- This site is optimized with the Yoast SEO Premium plugin v27.1 (Yoast SEO v27.4) - https:\/\/yoast.com\/product\/yoast-seo-premium-wordpress\/ -->\n<title>Adipo Block Depur 250 ml - Prisma Natural<\/title>\n<meta name=\"description\" content=\"Adipo Block Depur 250 Ml es un suplemento diet\u00e9tico dise\u00f1ado para reducir la acumulaci\u00f3n de l\u00edquidos. Purificando y desintoxicando el h\u00edgado.\" \/>\n<meta name=\"robots\" content=\"index, follow, max-snippet:-1, max-image-preview:large, max-video-preview:-1\" \/>\n<link rel=\"canonical\" href=\"https:\/\/www.lifenatura.com\/es\/produto\/adipo-block-depur-250-ml-prisma-natural\/\" \/>\n<meta property=\"og:locale\" content=\"es_ES\" \/>\n<meta property=\"og:type\" content=\"article\" \/>\n<meta property=\"og:title\" content=\"Adipo Block Depur 250 ml - Prisma Natural - Lifenatura\" \/>\n<meta property=\"og:description\" content=\"Compre aqui o seu Adipo Block Depur 250 ml - Prisma Natural e a Lifenatura Online envia em 48 H com Portes Gratis &gt;35\u20ac de Pedido.\" \/>\n<meta property=\"og:url\" content=\"https:\/\/www.lifenatura.com\/es\/produto\/adipo-block-depur-250-ml-prisma-natural\/\" \/>\n<meta property=\"og:site_name\" content=\"Lifenatura\" \/>\n<meta property=\"article:publisher\" content=\"https:\/\/www.facebook.com\/lifenatura\" \/>\n<meta property=\"article:modified_time\" content=\"2022-08-21T15:16:14+00:00\" \/>\n<meta property=\"og:image\" content=\"https:\/\/www.lifenatura.com\/wp-content\/uploads\/2021\/09\/gd_adipo-block-depur-250-ml-prisma-natural.jpg\" \/>\n\t<meta property=\"og:image:width\" content=\"1000\" \/>\n\t<meta property=\"og:image:height\" content=\"1000\" \/>\n\t<meta property=\"og:image:type\" content=\"image\/jpeg\" \/>\n<meta name=\"twitter:card\" content=\"summary_large_image\" \/>\n<meta name=\"twitter:label1\" content=\"Precio\" \/>\n\t<meta name=\"twitter:data1\" content=\"16,99&nbsp;&euro;\" \/>\n\t<meta name=\"twitter:label2\" content=\"Disponibilidad\" \/>\n\t<meta name=\"twitter:data2\" content=\"Disponible\" \/>\n<meta property=\"product:price:amount\" content=\"16.99\" \/>\n<meta property=\"product:price:currency\" content=\"EUR\" \/>\n<meta property=\"og:availability\" content=\"instock\" \/>\n<meta property=\"product:availability\" content=\"instock\" \/>\n<meta property=\"product:retailer_item_id\" content=\"8436048043709\" \/>\n<meta property=\"product:condition\" content=\"new\" \/>\n<!-- \/ Yoast SEO Premium plugin. -->","yoast_head_json":{"title":"Adipo Block Depur 250 ml - Prisma Natural","description":"Adipo Block Depur 250 Ml es un suplemento diet\u00e9tico dise\u00f1ado para reducir la acumulaci\u00f3n de l\u00edquidos. Purificando y desintoxicando el h\u00edgado.","robots":{"index":"index","follow":"follow","max-snippet":"max-snippet:-1","max-image-preview":"max-image-preview:large","max-video-preview":"max-video-preview:-1"},"canonical":"https:\/\/www.lifenatura.com\/es\/produto\/adipo-block-depur-250-ml-prisma-natural\/","og_locale":"es_ES","og_type":"article","og_title":"Adipo Block Depur 250 ml - Prisma Natural - Lifenatura","og_description":"Compre aqui o seu Adipo Block Depur 250 ml - Prisma Natural e a Lifenatura Online envia em 48 H com Portes Gratis >35\u20ac de Pedido.","og_url":"https:\/\/www.lifenatura.com\/es\/produto\/adipo-block-depur-250-ml-prisma-natural\/","og_site_name":"Lifenatura","article_publisher":"https:\/\/www.facebook.com\/lifenatura","article_modified_time":"2022-08-21T15:16:14+00:00","og_image":[{"width":1000,"height":1000,"url":"https:\/\/www.lifenatura.com\/wp-content\/uploads\/2021\/09\/gd_adipo-block-depur-250-ml-prisma-natural.jpg","type":"image\/jpeg"}],"twitter_card":"summary_large_image","twitter_misc":{"Precio":"16,99&nbsp;&euro;","Disponibilidad":"Disponible"},"schema":{"@context":"https:\/\/schema.org","@graph":[{"@type":"WebPage","@id":"https:\/\/www.lifenatura.com\/es\/produto\/adipo-block-depur-250-ml-prisma-natural\/","url":"https:\/\/www.lifenatura.com\/es\/produto\/adipo-block-depur-250-ml-prisma-natural\/","name":"Adipo Block Depur 250 ml - Prisma Natural","isPartOf":{"@id":"https:\/\/www.lifenatura.com\/#website"},"primaryImageOfPage":{"@id":"https:\/\/www.lifenatura.com\/es\/produto\/adipo-block-depur-250-ml-prisma-natural\/#primaryimage"},"image":{"@id":"https:\/\/www.lifenatura.com\/es\/produto\/adipo-block-depur-250-ml-prisma-natural\/#primaryimage"},"thumbnailUrl":"https:\/\/www.lifenatura.com\/wp-content\/uploads\/2021\/09\/gd_adipo-block-depur-250-ml-prisma-natural.jpg","datePublished":"2021-09-30T10:43:37+00:00","dateModified":"2022-08-21T15:16:14+00:00","description":"Adipo Block Depur 250 Ml es un suplemento diet\u00e9tico dise\u00f1ado para reducir la acumulaci\u00f3n de l\u00edquidos. Purificando y desintoxicando el h\u00edgado.","breadcrumb":{"@id":"https:\/\/www.lifenatura.com\/es\/produto\/adipo-block-depur-250-ml-prisma-natural\/#breadcrumb"},"inLanguage":"es","potentialAction":[{"@type":"ReadAction","target":["https:\/\/www.lifenatura.com\/es\/produto\/adipo-block-depur-250-ml-prisma-natural\/"]}]},{"@type":"ImageObject","inLanguage":"es","@id":"https:\/\/www.lifenatura.com\/es\/produto\/adipo-block-depur-250-ml-prisma-natural\/#primaryimage","url":"https:\/\/www.lifenatura.com\/wp-content\/uploads\/2021\/09\/gd_adipo-block-depur-250-ml-prisma-natural.jpg","contentUrl":"https:\/\/www.lifenatura.com\/wp-content\/uploads\/2021\/09\/gd_adipo-block-depur-250-ml-prisma-natural.jpg","width":1000,"height":1000,"caption":"Adipo Block Depur 250 ml - Prisma Natural"},{"@type":"BreadcrumbList","@id":"https:\/\/www.lifenatura.com\/es\/produto\/adipo-block-depur-250-ml-prisma-natural\/#breadcrumb","itemListElement":[{"@type":"ListItem","position":1,"name":"In\u00edcio","item":"https:\/\/www.lifenatura.com\/es\/"},{"@type":"ListItem","position":2,"name":"Todos los Productos","item":"https:\/\/www.lifenatura.com\/es\/tienda\/"},{"@type":"ListItem","position":3,"name":"Adipo Block Depur 250 ml &#8211; Prisma Natural"}]},{"@type":"WebSite","@id":"https:\/\/www.lifenatura.com\/#website","url":"https:\/\/www.lifenatura.com\/","name":"Lifenatura","description":"A Lifenatura \u00e9 uma loja de produtos naturais, cosm\u00e9tica natural e alimenta\u00e7\u00e3o Biol\u00f3gica.","publisher":{"@id":"https:\/\/www.lifenatura.com\/#organization"},"potentialAction":[{"@type":"SearchAction","target":{"@type":"EntryPoint","urlTemplate":"https:\/\/www.lifenatura.com\/?s={search_term_string}"},"query-input":{"@type":"PropertyValueSpecification","valueRequired":true,"valueName":"search_term_string"}}],"inLanguage":"es"},{"@type":"Organization","@id":"https:\/\/www.lifenatura.com\/#organization","name":"Lifenatura","url":"https:\/\/www.lifenatura.com\/","logo":{"@type":"ImageObject","inLanguage":"es","@id":"https:\/\/www.lifenatura.com\/#\/schema\/logo\/image\/","url":"https:\/\/www.lifenatura.com\/wp-content\/uploads\/2021\/11\/logo.png","contentUrl":"https:\/\/www.lifenatura.com\/wp-content\/uploads\/2021\/11\/logo.png","width":175,"height":55,"caption":"Lifenatura"},"image":{"@id":"https:\/\/www.lifenatura.com\/#\/schema\/logo\/image\/"},"sameAs":["https:\/\/www.facebook.com\/lifenatura","https:\/\/www.instagram.com\/lifenaturapt\/"]}]},"product_price_amount":"16.99","product_price_currency":"EUR","og_availability":"instock","product_availability":"instock","product_retailer_item_id":"8436048043709","product_condition":"new"},"df_price":16.99,"df_sale_price":"","df_regular_price":16.99,"df_image_link":"https:\/\/www.lifenatura.com\/wp-content\/uploads\/2021\/09\/gd_adipo-block-depur-250-ml-prisma-natural-300x300.jpg","_links":{"self":[{"href":"https:\/\/www.lifenatura.com\/es\/wp-json\/wp\/v2\/product\/40607","targetHints":{"allow":["GET"]}}],"collection":[{"href":"https:\/\/www.lifenatura.com\/es\/wp-json\/wp\/v2\/product"}],"about":[{"href":"https:\/\/www.lifenatura.com\/es\/wp-json\/wp\/v2\/types\/product"}],"wp:featuredmedia":[{"embeddable":true,"href":"https:\/\/www.lifenatura.com\/es\/wp-json\/wp\/v2\/media\/21802"}],"wp:attachment":[{"href":"https:\/\/www.lifenatura.com\/es\/wp-json\/wp\/v2\/media?parent=40607"}],"wp:term":[{"taxonomy":"product_brand","embeddable":true,"href":"https:\/\/www.lifenatura.com\/es\/wp-json\/wp\/v2\/product_brand?post=40607"},{"taxonomy":"product_cat","embeddable":true,"href":"https:\/\/www.lifenatura.com\/es\/wp-json\/wp\/v2\/product_cat?post=40607"},{"taxonomy":"product_tag","embeddable":true,"href":"https:\/\/www.lifenatura.com\/es\/wp-json\/wp\/v2\/product_tag?post=40607"}],"curies":[{"name":"wp","href":"https:\/\/api.w.org\/{rel}","templated":true}]}}