{"id":40586,"date":"2021-09-30T10:43:17","date_gmt":"2021-09-30T10:43:17","guid":{"rendered":"https:\/\/lifenatura.dev.agenciagetdigital.com\/produto\/cloreto-de-magnesio-p-a-120-comprimidos-price\/"},"modified":"2026-05-15T00:19:35","modified_gmt":"2026-05-15T00:19:35","slug":"cloreto-de-magnesio-p-a-120-comprimidos-price","status":"publish","type":"product","link":"https:\/\/www.lifenatura.com\/es\/produto\/cloreto-de-magnesio-p-a-120-comprimidos-price\/","title":{"rendered":"Cloreto de magn\u00e9sio P.A. 120 comprimidos &#8211; Price"},"content":{"rendered":"<p>Reduce la fatiga, previene la osteoporosis y los problemas articulares Magnesium Chloride P.A., o &#8220;Pure for Analysis&#8221;, contribuye al mantenimiento de los huesos normales, el funcionamiento normal del sistema muscular y nervioso y a la reducci\u00f3n del cansancio y la fatiga. La deficiencia de magnesio es m\u00e1s com\u00fan en pacientes con diabetes, pancreatitis, alcoholismo cr\u00f3nico, cirrosis hep\u00e1tica, arteriosclerosis, deficiencias renales o en personas con una dieta rica en carbohidratos. Los primeros s\u00edntomas de una ingesta insuficiente de magnesio son una sensaci\u00f3n de malestar, estr\u00e9s elevado con irritabilidad exagerada, calambres, temblores, espasmos musculares. PRESENTACI\u00d3N 120 tabletas<\/p>\n","protected":false},"excerpt":{"rendered":"<p>Reduce la fatiga, previene la osteoporosis y los problemas articulares Magnesium Chloride P.A., o &#8220;Pure for Analysis&#8221;, contribuye al mantenimiento de los huesos normales, el funcionamiento normal del sistema muscular y nervioso y a la reducci\u00f3n del cansancio y la fatiga. La deficiencia de magnesio es m\u00e1s com\u00fan en pacientes con diabetes, pancreatitis, alcoholismo cr\u00f3nico, [&#8230;]<\/p>\n<p><a class=\"btn btn-secondary understrap-read-more-link\" href=\"https:\/\/www.lifenatura.com\/es\/produto\/cloreto-de-magnesio-p-a-120-comprimidos-price\/\">Leer m\u00e1s&#8230;<span class=\"screen-reader-text\"> from Cloreto de magn\u00e9sio P.A. 120 comprimidos &#8211; Price<\/span><\/a><\/p>\n","protected":false},"featured_media":21781,"template":"","meta":{"_acf_changed":false},"product_brand":[8407],"product_cat":[7207,7179],"product_tag":[8706],"class_list":{"0":"post-40586","1":"product","2":"type-product","3":"status-publish","4":"has-post-thumbnail","6":"product_brand-price","7":"product_cat-osteoporosis","8":"product_cat-salud","9":"product_tag-precio","11":"first","12":"instock","13":"shipping-taxable","14":"purchasable","15":"product-type-simple","16":"add-to-wishlist-before_image"},"acf":[],"yoast_head":"<!-- This site is optimized with the Yoast SEO Premium plugin v27.1 (Yoast SEO v27.6) - https:\/\/yoast.com\/product\/yoast-seo-premium-wordpress\/ -->\n<title>Cloreto de magn\u00e9sio P.A. 120 comprimidos - Price<\/title>\n<meta name=\"description\" content=\"Magnesium Chloride P.A., contribuye al mantenimiento de los huesos normales, el funcionamiento normal del sistema muscular y nervioso y a la reducci\u00f3n del cansancio y la fatiga.\" \/>\n<meta name=\"robots\" content=\"index, follow, max-snippet:-1, max-image-preview:large, max-video-preview:-1\" \/>\n<link rel=\"canonical\" href=\"https:\/\/www.lifenatura.com\/es\/produto\/cloreto-de-magnesio-p-a-120-comprimidos-price\/\" \/>\n<meta property=\"og:locale\" content=\"es_ES\" \/>\n<meta property=\"og:type\" content=\"article\" \/>\n<meta property=\"og:title\" content=\"Cloreto de magn\u00e9sio P.A. 120 comprimidos - Price - Na Lifenatura ao Melhor Pre\u00e7o | Envio 48h\" \/>\n<meta property=\"og:description\" content=\"Compre Cloreto de magn\u00e9sio P.A. 120 comprimidos - Price com envio r\u00e1pido. Entrega em 48h e portes gr\u00e1tis em compras &gt;35\u20ac. Aproveite j\u00e1 na Lifenatura\" \/>\n<meta property=\"og:url\" content=\"https:\/\/www.lifenatura.com\/es\/produto\/cloreto-de-magnesio-p-a-120-comprimidos-price\/\" \/>\n<meta property=\"og:site_name\" content=\"Lifenatura\" \/>\n<meta property=\"article:publisher\" content=\"https:\/\/www.facebook.com\/lifenatura\" \/>\n<meta property=\"article:modified_time\" content=\"2026-05-15T00:19:35+00:00\" \/>\n<meta property=\"og:image\" content=\"https:\/\/www.lifenatura.com\/wp-content\/uploads\/2021\/09\/gd_cloreto_magnesio_pa_120_comprimidos_price.jpg\" \/>\n\t<meta property=\"og:image:width\" content=\"1000\" \/>\n\t<meta property=\"og:image:height\" content=\"1000\" \/>\n\t<meta property=\"og:image:type\" content=\"image\/jpeg\" \/>\n<meta name=\"twitter:card\" content=\"summary_large_image\" \/>\n<meta name=\"twitter:label1\" content=\"Precio\" \/>\n\t<meta name=\"twitter:data1\" content=\"20,50&nbsp;&euro;\" \/>\n\t<meta name=\"twitter:label2\" content=\"Disponibilidad\" \/>\n\t<meta name=\"twitter:data2\" content=\"Disponible\" \/>\n<script type=\"application\/ld+json\" class=\"yoast-schema-graph\">{\"@context\":\"https:\\\/\\\/schema.org\",\"@graph\":[{\"@type\":\"WebPage\",\"@id\":\"https:\\\/\\\/www.lifenatura.com\\\/es\\\/produto\\\/cloreto-de-magnesio-p-a-120-comprimidos-price\\\/\",\"url\":\"https:\\\/\\\/www.lifenatura.com\\\/es\\\/produto\\\/cloreto-de-magnesio-p-a-120-comprimidos-price\\\/\",\"name\":\"Cloreto de magn\u00e9sio P.A. 120 comprimidos - Price\",\"isPartOf\":{\"@id\":\"https:\\\/\\\/www.lifenatura.com\\\/es\\\/#website\"},\"primaryImageOfPage\":{\"@id\":\"https:\\\/\\\/www.lifenatura.com\\\/es\\\/produto\\\/cloreto-de-magnesio-p-a-120-comprimidos-price\\\/#primaryimage\"},\"image\":{\"@id\":\"https:\\\/\\\/www.lifenatura.com\\\/es\\\/produto\\\/cloreto-de-magnesio-p-a-120-comprimidos-price\\\/#primaryimage\"},\"thumbnailUrl\":\"https:\\\/\\\/www.lifenatura.com\\\/wp-content\\\/uploads\\\/2021\\\/09\\\/gd_cloreto_magnesio_pa_120_comprimidos_price.jpg\",\"datePublished\":\"2021-09-30T10:43:17+00:00\",\"dateModified\":\"2026-05-15T00:19:35+00:00\",\"description\":\"Magnesium Chloride P.A., contribuye al mantenimiento de los huesos normales, el funcionamiento normal del sistema muscular y nervioso y a la reducci\u00f3n del cansancio y la fatiga.\",\"breadcrumb\":{\"@id\":\"https:\\\/\\\/www.lifenatura.com\\\/es\\\/produto\\\/cloreto-de-magnesio-p-a-120-comprimidos-price\\\/#breadcrumb\"},\"inLanguage\":\"es\",\"potentialAction\":[{\"@type\":\"ReadAction\",\"target\":[\"https:\\\/\\\/www.lifenatura.com\\\/es\\\/produto\\\/cloreto-de-magnesio-p-a-120-comprimidos-price\\\/\"]}]},{\"@type\":\"ImageObject\",\"inLanguage\":\"es\",\"@id\":\"https:\\\/\\\/www.lifenatura.com\\\/es\\\/produto\\\/cloreto-de-magnesio-p-a-120-comprimidos-price\\\/#primaryimage\",\"url\":\"https:\\\/\\\/www.lifenatura.com\\\/wp-content\\\/uploads\\\/2021\\\/09\\\/gd_cloreto_magnesio_pa_120_comprimidos_price.jpg\",\"contentUrl\":\"https:\\\/\\\/www.lifenatura.com\\\/wp-content\\\/uploads\\\/2021\\\/09\\\/gd_cloreto_magnesio_pa_120_comprimidos_price.jpg\",\"width\":1000,\"height\":1000,\"caption\":\"Cloreto de magn\u00e9sio P.A. 120 comprimidos - Price\"},{\"@type\":\"BreadcrumbList\",\"@id\":\"https:\\\/\\\/www.lifenatura.com\\\/es\\\/produto\\\/cloreto-de-magnesio-p-a-120-comprimidos-price\\\/#breadcrumb\",\"itemListElement\":[{\"@type\":\"ListItem\",\"position\":1,\"name\":\"In\u00edcio\",\"item\":\"https:\\\/\\\/www.lifenatura.com\\\/es\\\/\"},{\"@type\":\"ListItem\",\"position\":2,\"name\":\"Todos los Productos\",\"item\":\"https:\\\/\\\/www.lifenatura.com\\\/es\\\/tienda\\\/\"},{\"@type\":\"ListItem\",\"position\":3,\"name\":\"Cloreto de magn\u00e9sio P.A. 120 comprimidos &#8211; Price\"}]},{\"@type\":\"WebSite\",\"@id\":\"https:\\\/\\\/www.lifenatura.com\\\/es\\\/#website\",\"url\":\"https:\\\/\\\/www.lifenatura.com\\\/es\\\/\",\"name\":\"Lifenatura\",\"description\":\"A Lifenatura \u00e9 uma loja de produtos naturais, cosm\u00e9tica natural e alimenta\u00e7\u00e3o Biol\u00f3gica.\",\"publisher\":{\"@id\":\"https:\\\/\\\/www.lifenatura.com\\\/es\\\/#organization\"},\"potentialAction\":[{\"@type\":\"SearchAction\",\"target\":{\"@type\":\"EntryPoint\",\"urlTemplate\":\"https:\\\/\\\/www.lifenatura.com\\\/es\\\/?s={search_term_string}\"},\"query-input\":{\"@type\":\"PropertyValueSpecification\",\"valueRequired\":true,\"valueName\":\"search_term_string\"}}],\"inLanguage\":\"es\"},{\"@type\":\"Organization\",\"@id\":\"https:\\\/\\\/www.lifenatura.com\\\/es\\\/#organization\",\"name\":\"Lifenatura\",\"url\":\"https:\\\/\\\/www.lifenatura.com\\\/es\\\/\",\"logo\":{\"@type\":\"ImageObject\",\"inLanguage\":\"es\",\"@id\":\"https:\\\/\\\/www.lifenatura.com\\\/es\\\/#\\\/schema\\\/logo\\\/image\\\/\",\"url\":\"https:\\\/\\\/www.lifenatura.com\\\/wp-content\\\/uploads\\\/2021\\\/07\\\/logo.png\",\"contentUrl\":\"https:\\\/\\\/www.lifenatura.com\\\/wp-content\\\/uploads\\\/2021\\\/07\\\/logo.png\",\"width\":175,\"height\":55,\"caption\":\"Lifenatura\"},\"image\":{\"@id\":\"https:\\\/\\\/www.lifenatura.com\\\/es\\\/#\\\/schema\\\/logo\\\/image\\\/\"},\"sameAs\":[\"https:\\\/\\\/www.facebook.com\\\/lifenatura\",\"https:\\\/\\\/www.instagram.com\\\/lifenaturapt\\\/\"],\"hasMerchantReturnPolicy\":{\"@type\":\"MerchantReturnPolicy\",\"merchantReturnLink\":\"https:\\\/\\\/www.lifenatura.com\\\/termos-condicoes-lifenatura\\\/\"}}]}<\/script>\n<meta property=\"product:price:amount\" content=\"20.50\" \/>\n<meta property=\"product:price:currency\" content=\"EUR\" \/>\n<meta property=\"og:availability\" content=\"instock\" \/>\n<meta property=\"product:availability\" content=\"instock\" \/>\n<meta property=\"product:retailer_item_id\" content=\"5600315096573\" \/>\n<meta property=\"product:condition\" content=\"new\" \/>\n<!-- \/ Yoast SEO Premium plugin. -->","yoast_head_json":{"title":"Cloreto de magn\u00e9sio P.A. 120 comprimidos - Price","description":"Magnesium Chloride P.A., contribuye al mantenimiento de los huesos normales, el funcionamiento normal del sistema muscular y nervioso y a la reducci\u00f3n del cansancio y la fatiga.","robots":{"index":"index","follow":"follow","max-snippet":"max-snippet:-1","max-image-preview":"max-image-preview:large","max-video-preview":"max-video-preview:-1"},"canonical":"https:\/\/www.lifenatura.com\/es\/produto\/cloreto-de-magnesio-p-a-120-comprimidos-price\/","og_locale":"es_ES","og_type":"article","og_title":"Cloreto de magn\u00e9sio P.A. 120 comprimidos - Price - Na Lifenatura ao Melhor Pre\u00e7o | Envio 48h","og_description":"Compre Cloreto de magn\u00e9sio P.A. 120 comprimidos - Price com envio r\u00e1pido. Entrega em 48h e portes gr\u00e1tis em compras >35\u20ac. Aproveite j\u00e1 na Lifenatura","og_url":"https:\/\/www.lifenatura.com\/es\/produto\/cloreto-de-magnesio-p-a-120-comprimidos-price\/","og_site_name":"Lifenatura","article_publisher":"https:\/\/www.facebook.com\/lifenatura","article_modified_time":"2026-05-15T00:19:35+00:00","og_image":[{"width":1000,"height":1000,"url":"https:\/\/www.lifenatura.com\/wp-content\/uploads\/2021\/09\/gd_cloreto_magnesio_pa_120_comprimidos_price.jpg","type":"image\/jpeg"}],"twitter_card":"summary_large_image","twitter_misc":{"Precio":"20,50&nbsp;&euro;","Disponibilidad":"Disponible"},"schema":{"@context":"https:\/\/schema.org","@graph":[{"@type":"WebPage","@id":"https:\/\/www.lifenatura.com\/es\/produto\/cloreto-de-magnesio-p-a-120-comprimidos-price\/","url":"https:\/\/www.lifenatura.com\/es\/produto\/cloreto-de-magnesio-p-a-120-comprimidos-price\/","name":"Cloreto de magn\u00e9sio P.A. 120 comprimidos - Price","isPartOf":{"@id":"https:\/\/www.lifenatura.com\/es\/#website"},"primaryImageOfPage":{"@id":"https:\/\/www.lifenatura.com\/es\/produto\/cloreto-de-magnesio-p-a-120-comprimidos-price\/#primaryimage"},"image":{"@id":"https:\/\/www.lifenatura.com\/es\/produto\/cloreto-de-magnesio-p-a-120-comprimidos-price\/#primaryimage"},"thumbnailUrl":"https:\/\/www.lifenatura.com\/wp-content\/uploads\/2021\/09\/gd_cloreto_magnesio_pa_120_comprimidos_price.jpg","datePublished":"2021-09-30T10:43:17+00:00","dateModified":"2026-05-15T00:19:35+00:00","description":"Magnesium Chloride P.A., contribuye al mantenimiento de los huesos normales, el funcionamiento normal del sistema muscular y nervioso y a la reducci\u00f3n del cansancio y la fatiga.","breadcrumb":{"@id":"https:\/\/www.lifenatura.com\/es\/produto\/cloreto-de-magnesio-p-a-120-comprimidos-price\/#breadcrumb"},"inLanguage":"es","potentialAction":[{"@type":"ReadAction","target":["https:\/\/www.lifenatura.com\/es\/produto\/cloreto-de-magnesio-p-a-120-comprimidos-price\/"]}]},{"@type":"ImageObject","inLanguage":"es","@id":"https:\/\/www.lifenatura.com\/es\/produto\/cloreto-de-magnesio-p-a-120-comprimidos-price\/#primaryimage","url":"https:\/\/www.lifenatura.com\/wp-content\/uploads\/2021\/09\/gd_cloreto_magnesio_pa_120_comprimidos_price.jpg","contentUrl":"https:\/\/www.lifenatura.com\/wp-content\/uploads\/2021\/09\/gd_cloreto_magnesio_pa_120_comprimidos_price.jpg","width":1000,"height":1000,"caption":"Cloreto de magn\u00e9sio P.A. 120 comprimidos - Price"},{"@type":"BreadcrumbList","@id":"https:\/\/www.lifenatura.com\/es\/produto\/cloreto-de-magnesio-p-a-120-comprimidos-price\/#breadcrumb","itemListElement":[{"@type":"ListItem","position":1,"name":"In\u00edcio","item":"https:\/\/www.lifenatura.com\/es\/"},{"@type":"ListItem","position":2,"name":"Todos los Productos","item":"https:\/\/www.lifenatura.com\/es\/tienda\/"},{"@type":"ListItem","position":3,"name":"Cloreto de magn\u00e9sio P.A. 120 comprimidos &#8211; Price"}]},{"@type":"WebSite","@id":"https:\/\/www.lifenatura.com\/es\/#website","url":"https:\/\/www.lifenatura.com\/es\/","name":"Lifenatura","description":"A Lifenatura \u00e9 uma loja de produtos naturais, cosm\u00e9tica natural e alimenta\u00e7\u00e3o Biol\u00f3gica.","publisher":{"@id":"https:\/\/www.lifenatura.com\/es\/#organization"},"potentialAction":[{"@type":"SearchAction","target":{"@type":"EntryPoint","urlTemplate":"https:\/\/www.lifenatura.com\/es\/?s={search_term_string}"},"query-input":{"@type":"PropertyValueSpecification","valueRequired":true,"valueName":"search_term_string"}}],"inLanguage":"es"},{"@type":"Organization","@id":"https:\/\/www.lifenatura.com\/es\/#organization","name":"Lifenatura","url":"https:\/\/www.lifenatura.com\/es\/","logo":{"@type":"ImageObject","inLanguage":"es","@id":"https:\/\/www.lifenatura.com\/es\/#\/schema\/logo\/image\/","url":"https:\/\/www.lifenatura.com\/wp-content\/uploads\/2021\/07\/logo.png","contentUrl":"https:\/\/www.lifenatura.com\/wp-content\/uploads\/2021\/07\/logo.png","width":175,"height":55,"caption":"Lifenatura"},"image":{"@id":"https:\/\/www.lifenatura.com\/es\/#\/schema\/logo\/image\/"},"sameAs":["https:\/\/www.facebook.com\/lifenatura","https:\/\/www.instagram.com\/lifenaturapt\/"],"hasMerchantReturnPolicy":{"@type":"MerchantReturnPolicy","merchantReturnLink":"https:\/\/www.lifenatura.com\/termos-condicoes-lifenatura\/"}}]},"product_price_amount":"20.50","product_price_currency":"EUR","og_availability":"instock","product_availability":"instock","product_retailer_item_id":"5600315096573","product_condition":"new"},"df_price":20.5,"df_sale_price":12.3,"df_regular_price":20.5,"df_image_link":"https:\/\/www.lifenatura.com\/wp-content\/uploads\/2021\/09\/gd_cloreto_magnesio_pa_120_comprimidos_price-300x300.jpg","_links":{"self":[{"href":"https:\/\/www.lifenatura.com\/es\/wp-json\/wp\/v2\/product\/40586","targetHints":{"allow":["GET"]}}],"collection":[{"href":"https:\/\/www.lifenatura.com\/es\/wp-json\/wp\/v2\/product"}],"about":[{"href":"https:\/\/www.lifenatura.com\/es\/wp-json\/wp\/v2\/types\/product"}],"wp:featuredmedia":[{"embeddable":true,"href":"https:\/\/www.lifenatura.com\/es\/wp-json\/wp\/v2\/media\/21781"}],"wp:attachment":[{"href":"https:\/\/www.lifenatura.com\/es\/wp-json\/wp\/v2\/media?parent=40586"}],"wp:term":[{"taxonomy":"product_brand","embeddable":true,"href":"https:\/\/www.lifenatura.com\/es\/wp-json\/wp\/v2\/product_brand?post=40586"},{"taxonomy":"product_cat","embeddable":true,"href":"https:\/\/www.lifenatura.com\/es\/wp-json\/wp\/v2\/product_cat?post=40586"},{"taxonomy":"product_tag","embeddable":true,"href":"https:\/\/www.lifenatura.com\/es\/wp-json\/wp\/v2\/product_tag?post=40586"}],"curies":[{"name":"wp","href":"https:\/\/api.w.org\/{rel}","templated":true}]}}