{"id":40532,"date":"2021-09-30T10:42:13","date_gmt":"2021-09-30T10:42:13","guid":{"rendered":"https:\/\/lifenatura.dev.agenciagetdigital.com\/produto\/potential-n-xvii-oidos-internos-60-capsulas\/"},"modified":"2022-08-21T15:14:32","modified_gmt":"2022-08-21T15:14:32","slug":"potential-n-xvii-oidos-internos-60-capsulas","status":"publish","type":"product","link":"https:\/\/www.lifenatura.com\/es\/produto\/potential-n-xvii-oidos-internos-60-capsulas\/","title":{"rendered":"Potential N XVII &#8211; Oidos Internos 60 C\u00e1psulas"},"content":{"rendered":"<p>Adecuado para el sistema auditivo Potencial x XVII: el o\u00eddo interno es un complemento adecuado para diversas funciones. Funci\u00f3n de la circulaci\u00f3n: mareos. Funci\u00f3n de la inmunidad: ac\u00fafenos, otitis. Funci\u00f3n de desintoxicaci\u00f3n: disminuci\u00f3n de la audici\u00f3n. PRESENTACI\u00d3N 60 c\u00e1psulas.<\/p>\n","protected":false},"excerpt":{"rendered":"<p>Adecuado para el sistema auditivo Potencial x XVII: el o\u00eddo interno es un complemento adecuado para diversas funciones. Funci\u00f3n de la circulaci\u00f3n: mareos. Funci\u00f3n de la inmunidad: ac\u00fafenos, otitis. Funci\u00f3n de desintoxicaci\u00f3n: disminuci\u00f3n de la audici\u00f3n. PRESENTACI\u00d3N 60 c\u00e1psulas. [&#8230;]<\/p>\n<p><a class=\"btn btn-secondary understrap-read-more-link\" href=\"https:\/\/www.lifenatura.com\/es\/produto\/potential-n-xvii-oidos-internos-60-capsulas\/\">Leer m\u00e1s&#8230;<span class=\"screen-reader-text\"> from Potential N XVII &#8211; Oidos Internos 60 C\u00e1psulas<\/span><\/a><\/p>\n","protected":false},"featured_media":21728,"template":"","meta":{"_acf_changed":false},"product_brand":[8410],"product_cat":[7179,7227],"product_tag":[],"class_list":{"0":"post-40532","1":"product","2":"type-product","3":"status-publish","4":"has-post-thumbnail","6":"product_brand-potential-n","7":"product_cat-salud","8":"product_cat-oidos","10":"first","11":"instock","12":"shipping-taxable","13":"purchasable","14":"product-type-simple","15":"add-to-wishlist-before_image"},"acf":[],"yoast_head":"<!-- This site is optimized with the Yoast SEO Premium plugin v27.1 (Yoast SEO v27.3) - https:\/\/yoast.com\/product\/yoast-seo-premium-wordpress\/ -->\n<title>Potential N XVII - Oidos Internos 60 C\u00e1psulas<\/title>\n<meta name=\"description\" content=\"Potencial x XVII: el o\u00eddo interno es un suplemento multiprop\u00f3sito dise\u00f1ado para el sistema auditivo.\" \/>\n<meta name=\"robots\" content=\"index, follow, max-snippet:-1, max-image-preview:large, max-video-preview:-1\" \/>\n<link rel=\"canonical\" href=\"https:\/\/www.lifenatura.com\/es\/produto\/potential-n-xvii-oidos-internos-60-capsulas\/\" \/>\n<meta property=\"og:locale\" content=\"es_ES\" \/>\n<meta property=\"og:type\" content=\"article\" \/>\n<meta property=\"og:title\" content=\"Potential N XVII - Oidos Internos 60 C\u00e1psulas - Lifenatura\" \/>\n<meta property=\"og:description\" content=\"Compre aqui o seu Potential N XVII - Oidos Internos 60 C\u00e1psulas e a Lifenatura Online envia em 48 H com Portes Gratis &gt;35\u20ac de Pedido.\" \/>\n<meta property=\"og:url\" content=\"https:\/\/www.lifenatura.com\/es\/produto\/potential-n-xvii-oidos-internos-60-capsulas\/\" \/>\n<meta property=\"og:site_name\" content=\"Lifenatura\" \/>\n<meta property=\"article:publisher\" content=\"https:\/\/www.facebook.com\/lifenatura\" \/>\n<meta property=\"article:modified_time\" content=\"2022-08-21T15:14:32+00:00\" \/>\n<meta property=\"og:image\" content=\"https:\/\/www.lifenatura.com\/wp-content\/uploads\/2021\/09\/gd_potential-n-xvii-ouvido-interno.jpg\" \/>\n\t<meta property=\"og:image:width\" content=\"1000\" \/>\n\t<meta property=\"og:image:height\" content=\"1000\" \/>\n\t<meta property=\"og:image:type\" content=\"image\/jpeg\" \/>\n<meta name=\"twitter:card\" content=\"summary_large_image\" \/>\n<meta name=\"twitter:label1\" content=\"Precio\" \/>\n\t<meta name=\"twitter:data1\" content=\"23,11&nbsp;&euro;\" \/>\n\t<meta name=\"twitter:label2\" content=\"Disponibilidad\" \/>\n\t<meta name=\"twitter:data2\" content=\"Disponible\" \/>\n<meta property=\"product:price:amount\" content=\"23.11\" \/>\n<meta property=\"product:price:currency\" content=\"EUR\" \/>\n<meta property=\"og:availability\" content=\"instock\" \/>\n<meta property=\"product:availability\" content=\"instock\" \/>\n<meta property=\"product:retailer_item_id\" content=\"5609776007210\" \/>\n<meta property=\"product:condition\" content=\"new\" \/>\n<!-- \/ Yoast SEO Premium plugin. -->","yoast_head_json":{"title":"Potential N XVII - Oidos Internos 60 C\u00e1psulas","description":"Potencial x XVII: el o\u00eddo interno es un suplemento multiprop\u00f3sito dise\u00f1ado para el sistema auditivo.","robots":{"index":"index","follow":"follow","max-snippet":"max-snippet:-1","max-image-preview":"max-image-preview:large","max-video-preview":"max-video-preview:-1"},"canonical":"https:\/\/www.lifenatura.com\/es\/produto\/potential-n-xvii-oidos-internos-60-capsulas\/","og_locale":"es_ES","og_type":"article","og_title":"Potential N XVII - Oidos Internos 60 C\u00e1psulas - Lifenatura","og_description":"Compre aqui o seu Potential N XVII - Oidos Internos 60 C\u00e1psulas e a Lifenatura Online envia em 48 H com Portes Gratis >35\u20ac de Pedido.","og_url":"https:\/\/www.lifenatura.com\/es\/produto\/potential-n-xvii-oidos-internos-60-capsulas\/","og_site_name":"Lifenatura","article_publisher":"https:\/\/www.facebook.com\/lifenatura","article_modified_time":"2022-08-21T15:14:32+00:00","og_image":[{"width":1000,"height":1000,"url":"https:\/\/www.lifenatura.com\/wp-content\/uploads\/2021\/09\/gd_potential-n-xvii-ouvido-interno.jpg","type":"image\/jpeg"}],"twitter_card":"summary_large_image","twitter_misc":{"Precio":"23,11&nbsp;&euro;","Disponibilidad":"Disponible"},"schema":{"@context":"https:\/\/schema.org","@graph":[{"@type":"WebPage","@id":"https:\/\/www.lifenatura.com\/es\/produto\/potential-n-xvii-oidos-internos-60-capsulas\/","url":"https:\/\/www.lifenatura.com\/es\/produto\/potential-n-xvii-oidos-internos-60-capsulas\/","name":"Potential N XVII - Oidos Internos 60 C\u00e1psulas","isPartOf":{"@id":"https:\/\/www.lifenatura.com\/es\/#website"},"primaryImageOfPage":{"@id":"https:\/\/www.lifenatura.com\/es\/produto\/potential-n-xvii-oidos-internos-60-capsulas\/#primaryimage"},"image":{"@id":"https:\/\/www.lifenatura.com\/es\/produto\/potential-n-xvii-oidos-internos-60-capsulas\/#primaryimage"},"thumbnailUrl":"https:\/\/www.lifenatura.com\/wp-content\/uploads\/2021\/09\/gd_potential-n-xvii-ouvido-interno.jpg","datePublished":"2021-09-30T10:42:13+00:00","dateModified":"2022-08-21T15:14:32+00:00","description":"Potencial x XVII: el o\u00eddo interno es un suplemento multiprop\u00f3sito dise\u00f1ado para el sistema auditivo.","breadcrumb":{"@id":"https:\/\/www.lifenatura.com\/es\/produto\/potential-n-xvii-oidos-internos-60-capsulas\/#breadcrumb"},"inLanguage":"es","potentialAction":[{"@type":"ReadAction","target":["https:\/\/www.lifenatura.com\/es\/produto\/potential-n-xvii-oidos-internos-60-capsulas\/"]}]},{"@type":"ImageObject","inLanguage":"es","@id":"https:\/\/www.lifenatura.com\/es\/produto\/potential-n-xvii-oidos-internos-60-capsulas\/#primaryimage","url":"https:\/\/www.lifenatura.com\/wp-content\/uploads\/2021\/09\/gd_potential-n-xvii-ouvido-interno.jpg","contentUrl":"https:\/\/www.lifenatura.com\/wp-content\/uploads\/2021\/09\/gd_potential-n-xvii-ouvido-interno.jpg","width":1000,"height":1000,"caption":"Potential N XVII - Oidos Internos 60 C\u00e1psulas"},{"@type":"BreadcrumbList","@id":"https:\/\/www.lifenatura.com\/es\/produto\/potential-n-xvii-oidos-internos-60-capsulas\/#breadcrumb","itemListElement":[{"@type":"ListItem","position":1,"name":"In\u00edcio","item":"https:\/\/www.lifenatura.com\/es\/"},{"@type":"ListItem","position":2,"name":"Todos los Productos","item":"https:\/\/www.lifenatura.com\/es\/tienda\/"},{"@type":"ListItem","position":3,"name":"Potential N XVII &#8211; Oidos Internos 60 C\u00e1psulas"}]},{"@type":"WebSite","@id":"https:\/\/www.lifenatura.com\/es\/#website","url":"https:\/\/www.lifenatura.com\/es\/","name":"Lifenatura","description":"A Lifenatura \u00e9 uma loja de produtos naturais, cosm\u00e9tica natural e alimenta\u00e7\u00e3o Biol\u00f3gica.","publisher":{"@id":"https:\/\/www.lifenatura.com\/es\/#organization"},"potentialAction":[{"@type":"SearchAction","target":{"@type":"EntryPoint","urlTemplate":"https:\/\/www.lifenatura.com\/es\/?s={search_term_string}"},"query-input":{"@type":"PropertyValueSpecification","valueRequired":true,"valueName":"search_term_string"}}],"inLanguage":"es"},{"@type":"Organization","@id":"https:\/\/www.lifenatura.com\/es\/#organization","name":"Lifenatura","url":"https:\/\/www.lifenatura.com\/es\/","logo":{"@type":"ImageObject","inLanguage":"es","@id":"https:\/\/www.lifenatura.com\/es\/#\/schema\/logo\/image\/","url":"https:\/\/www.lifenatura.com\/wp-content\/uploads\/2021\/11\/logo.png","contentUrl":"https:\/\/www.lifenatura.com\/wp-content\/uploads\/2021\/11\/logo.png","width":175,"height":55,"caption":"Lifenatura"},"image":{"@id":"https:\/\/www.lifenatura.com\/es\/#\/schema\/logo\/image\/"},"sameAs":["https:\/\/www.facebook.com\/lifenatura","https:\/\/www.instagram.com\/lifenaturapt\/"]}]},"product_price_amount":"23.11","product_price_currency":"EUR","og_availability":"instock","product_availability":"instock","product_retailer_item_id":"5609776007210","product_condition":"new"},"df_price":23.11,"df_sale_price":"","df_regular_price":23.11,"df_image_link":"https:\/\/www.lifenatura.com\/wp-content\/uploads\/2021\/09\/gd_potential-n-xvii-ouvido-interno-300x300.jpg","_links":{"self":[{"href":"https:\/\/www.lifenatura.com\/es\/wp-json\/wp\/v2\/product\/40532","targetHints":{"allow":["GET"]}}],"collection":[{"href":"https:\/\/www.lifenatura.com\/es\/wp-json\/wp\/v2\/product"}],"about":[{"href":"https:\/\/www.lifenatura.com\/es\/wp-json\/wp\/v2\/types\/product"}],"wp:featuredmedia":[{"embeddable":true,"href":"https:\/\/www.lifenatura.com\/es\/wp-json\/wp\/v2\/media\/21728"}],"wp:attachment":[{"href":"https:\/\/www.lifenatura.com\/es\/wp-json\/wp\/v2\/media?parent=40532"}],"wp:term":[{"taxonomy":"product_brand","embeddable":true,"href":"https:\/\/www.lifenatura.com\/es\/wp-json\/wp\/v2\/product_brand?post=40532"},{"taxonomy":"product_cat","embeddable":true,"href":"https:\/\/www.lifenatura.com\/es\/wp-json\/wp\/v2\/product_cat?post=40532"},{"taxonomy":"product_tag","embeddable":true,"href":"https:\/\/www.lifenatura.com\/es\/wp-json\/wp\/v2\/product_tag?post=40532"}],"curies":[{"name":"wp","href":"https:\/\/api.w.org\/{rel}","templated":true}]}}