{"id":40510,"date":"2021-09-30T10:41:52","date_gmt":"2021-09-30T10:41:52","guid":{"rendered":"https:\/\/lifenatura.dev.agenciagetdigital.com\/produto\/potential-n-gamma-estrutura-ossea-60-capsulas\/"},"modified":"2022-08-21T15:14:01","modified_gmt":"2022-08-21T15:14:01","slug":"potential-n-gamma-estrutura-ossea-60-capsulas","status":"publish","type":"product","link":"https:\/\/www.lifenatura.com\/es\/produto\/potential-n-gamma-estrutura-ossea-60-capsulas\/","title":{"rendered":"Potential N Gamma &#8211; Estrutura \u00d3ssea 60 c\u00e1psulas"},"content":{"rendered":"<p>Adecuado para el sistema muscular La estructura \u00f3sea potencial favorece el terreno funcional en todas las circunstancias donde se requiere la capacidad de los huesos para renovarse, particularmente en el crecimiento del ni\u00f1o o adolescente y en los per\u00edodos de curaci\u00f3n de fracturas, en la parodontosis. PRESENTACI\u00d3N 60 c\u00e1psulas.<\/p>\n","protected":false},"excerpt":{"rendered":"<p>Adecuado para el sistema muscular La estructura \u00f3sea potencial favorece el terreno funcional en todas las circunstancias donde se requiere la capacidad de los huesos para renovarse, particularmente en el crecimiento del ni\u00f1o o adolescente y en los per\u00edodos de curaci\u00f3n de fracturas, en la parodontosis. PRESENTACI\u00d3N 60 c\u00e1psulas. [&#8230;]<\/p>\n<p><a class=\"btn btn-secondary understrap-read-more-link\" href=\"https:\/\/www.lifenatura.com\/es\/produto\/potential-n-gamma-estrutura-ossea-60-capsulas\/\">Leer m\u00e1s&#8230;<span class=\"screen-reader-text\"> from Potential N Gamma &#8211; Estrutura \u00d3ssea 60 c\u00e1psulas<\/span><\/a><\/p>\n","protected":false},"featured_media":139069,"template":"","meta":{"_acf_changed":false},"product_brand":[8410],"product_cat":[7205,7179],"product_tag":[],"class_list":{"0":"post-40510","1":"product","2":"type-product","3":"status-publish","4":"has-post-thumbnail","6":"product_brand-potential-n","7":"product_cat-articulaciones","8":"product_cat-salud","10":"first","11":"instock","12":"sale","13":"featured","14":"shipping-taxable","15":"purchasable","16":"product-type-simple","17":"add-to-wishlist-before_image"},"acf":[],"yoast_head":"<!-- This site is optimized with the Yoast SEO Premium plugin v27.1 (Yoast SEO v27.5) - https:\/\/yoast.com\/product\/yoast-seo-premium-wordpress\/ -->\n<title>Potential N Gamma - Estrutura \u00d3ssea 60 c\u00e1psulas<\/title>\n<meta name=\"description\" content=\"Potencial n: la estructura \u00f3sea est\u00e1 indicada para la salud de las articulaciones, los huesos y los m\u00fasculos.\" \/>\n<meta name=\"robots\" content=\"index, follow, max-snippet:-1, max-image-preview:large, max-video-preview:-1\" \/>\n<link rel=\"canonical\" href=\"https:\/\/www.lifenatura.com\/es\/produto\/potential-n-gamma-estrutura-ossea-60-capsulas\/\" \/>\n<meta property=\"og:locale\" content=\"es_ES\" \/>\n<meta property=\"og:type\" content=\"article\" \/>\n<meta property=\"og:title\" content=\"Potential N Gamma - Estrutura \u00d3ssea 60 c\u00e1psulas - Na Lifenatura ao Melhor Pre\u00e7o | Envio 48h\" \/>\n<meta property=\"og:description\" content=\"Compre Potential N Gamma - Estrutura \u00d3ssea 60 c\u00e1psulas com envio r\u00e1pido. Entrega em 48h e portes gr\u00e1tis em compras &gt;35\u20ac. Aproveite j\u00e1 na Lifenatura\" \/>\n<meta property=\"og:url\" content=\"https:\/\/www.lifenatura.com\/es\/produto\/potential-n-gamma-estrutura-ossea-60-capsulas\/\" \/>\n<meta property=\"og:site_name\" content=\"Lifenatura\" \/>\n<meta property=\"article:publisher\" content=\"https:\/\/www.facebook.com\/lifenatura\" \/>\n<meta property=\"article:modified_time\" content=\"2022-08-21T15:14:01+00:00\" \/>\n<meta property=\"og:image\" content=\"https:\/\/www.lifenatura.com\/wp-content\/uploads\/2021\/09\/gd_potential-n-gamma-estrutura-ossea.jpg\" \/>\n\t<meta property=\"og:image:width\" content=\"1000\" \/>\n\t<meta property=\"og:image:height\" content=\"1000\" \/>\n\t<meta property=\"og:image:type\" content=\"image\/jpeg\" \/>\n<meta name=\"twitter:card\" content=\"summary_large_image\" \/>\n<meta name=\"twitter:label1\" content=\"Precio\" \/>\n\t<meta name=\"twitter:data1\" content=\"18,64&nbsp;&euro;\" \/>\n\t<meta name=\"twitter:label2\" content=\"Disponibilidad\" \/>\n\t<meta name=\"twitter:data2\" content=\"Disponible\" \/>\n<script type=\"application\/ld+json\" class=\"yoast-schema-graph\">{\"@context\":\"https:\\\/\\\/schema.org\",\"@graph\":[{\"@type\":\"WebPage\",\"@id\":\"https:\\\/\\\/www.lifenatura.com\\\/es\\\/produto\\\/potential-n-gamma-estrutura-ossea-60-capsulas\\\/\",\"url\":\"https:\\\/\\\/www.lifenatura.com\\\/es\\\/produto\\\/potential-n-gamma-estrutura-ossea-60-capsulas\\\/\",\"name\":\"Potential N Gamma - Estrutura \u00d3ssea 60 c\u00e1psulas\",\"isPartOf\":{\"@id\":\"https:\\\/\\\/www.lifenatura.com\\\/es\\\/#website\"},\"primaryImageOfPage\":{\"@id\":\"https:\\\/\\\/www.lifenatura.com\\\/es\\\/produto\\\/potential-n-gamma-estrutura-ossea-60-capsulas\\\/#primaryimage\"},\"image\":{\"@id\":\"https:\\\/\\\/www.lifenatura.com\\\/es\\\/produto\\\/potential-n-gamma-estrutura-ossea-60-capsulas\\\/#primaryimage\"},\"thumbnailUrl\":\"https:\\\/\\\/www.lifenatura.com\\\/wp-content\\\/uploads\\\/2026\\\/05\\\/gd_Potential_N_Gamma.jpg\",\"datePublished\":\"2021-09-30T10:41:52+00:00\",\"dateModified\":\"2022-08-21T15:14:01+00:00\",\"description\":\"Potencial n: la estructura \u00f3sea est\u00e1 indicada para la salud de las articulaciones, los huesos y los m\u00fasculos.\",\"breadcrumb\":{\"@id\":\"https:\\\/\\\/www.lifenatura.com\\\/es\\\/produto\\\/potential-n-gamma-estrutura-ossea-60-capsulas\\\/#breadcrumb\"},\"inLanguage\":\"es\",\"potentialAction\":[{\"@type\":\"ReadAction\",\"target\":[\"https:\\\/\\\/www.lifenatura.com\\\/es\\\/produto\\\/potential-n-gamma-estrutura-ossea-60-capsulas\\\/\"]}]},{\"@type\":\"ImageObject\",\"inLanguage\":\"es\",\"@id\":\"https:\\\/\\\/www.lifenatura.com\\\/es\\\/produto\\\/potential-n-gamma-estrutura-ossea-60-capsulas\\\/#primaryimage\",\"url\":\"https:\\\/\\\/www.lifenatura.com\\\/wp-content\\\/uploads\\\/2026\\\/05\\\/gd_Potential_N_Gamma.jpg\",\"contentUrl\":\"https:\\\/\\\/www.lifenatura.com\\\/wp-content\\\/uploads\\\/2026\\\/05\\\/gd_Potential_N_Gamma.jpg\",\"width\":1080,\"height\":1080},{\"@type\":\"BreadcrumbList\",\"@id\":\"https:\\\/\\\/www.lifenatura.com\\\/es\\\/produto\\\/potential-n-gamma-estrutura-ossea-60-capsulas\\\/#breadcrumb\",\"itemListElement\":[{\"@type\":\"ListItem\",\"position\":1,\"name\":\"In\u00edcio\",\"item\":\"https:\\\/\\\/www.lifenatura.com\\\/es\\\/\"},{\"@type\":\"ListItem\",\"position\":2,\"name\":\"Todos los Productos\",\"item\":\"https:\\\/\\\/www.lifenatura.com\\\/es\\\/tienda\\\/\"},{\"@type\":\"ListItem\",\"position\":3,\"name\":\"Potential N Gamma &#8211; Estrutura \u00d3ssea 60 c\u00e1psulas\"}]},{\"@type\":\"WebSite\",\"@id\":\"https:\\\/\\\/www.lifenatura.com\\\/es\\\/#website\",\"url\":\"https:\\\/\\\/www.lifenatura.com\\\/es\\\/\",\"name\":\"Lifenatura\",\"description\":\"A Lifenatura \u00e9 uma loja de produtos naturais, cosm\u00e9tica natural e alimenta\u00e7\u00e3o Biol\u00f3gica.\",\"publisher\":{\"@id\":\"https:\\\/\\\/www.lifenatura.com\\\/es\\\/#organization\"},\"potentialAction\":[{\"@type\":\"SearchAction\",\"target\":{\"@type\":\"EntryPoint\",\"urlTemplate\":\"https:\\\/\\\/www.lifenatura.com\\\/es\\\/?s={search_term_string}\"},\"query-input\":{\"@type\":\"PropertyValueSpecification\",\"valueRequired\":true,\"valueName\":\"search_term_string\"}}],\"inLanguage\":\"es\"},{\"@type\":\"Organization\",\"@id\":\"https:\\\/\\\/www.lifenatura.com\\\/es\\\/#organization\",\"name\":\"Lifenatura\",\"url\":\"https:\\\/\\\/www.lifenatura.com\\\/es\\\/\",\"logo\":{\"@type\":\"ImageObject\",\"inLanguage\":\"es\",\"@id\":\"https:\\\/\\\/www.lifenatura.com\\\/es\\\/#\\\/schema\\\/logo\\\/image\\\/\",\"url\":\"https:\\\/\\\/www.lifenatura.com\\\/wp-content\\\/uploads\\\/2021\\\/07\\\/logo.png\",\"contentUrl\":\"https:\\\/\\\/www.lifenatura.com\\\/wp-content\\\/uploads\\\/2021\\\/07\\\/logo.png\",\"width\":175,\"height\":55,\"caption\":\"Lifenatura\"},\"image\":{\"@id\":\"https:\\\/\\\/www.lifenatura.com\\\/es\\\/#\\\/schema\\\/logo\\\/image\\\/\"},\"sameAs\":[\"https:\\\/\\\/www.facebook.com\\\/lifenatura\",\"https:\\\/\\\/www.instagram.com\\\/lifenaturapt\\\/\"],\"hasMerchantReturnPolicy\":{\"@type\":\"MerchantReturnPolicy\",\"merchantReturnLink\":\"https:\\\/\\\/www.lifenatura.com\\\/termos-condicoes-lifenatura\\\/\"}}]}<\/script>\n<meta property=\"product:price:amount\" content=\"18.64\" \/>\n<meta property=\"product:price:currency\" content=\"EUR\" \/>\n<meta property=\"og:availability\" content=\"instock\" \/>\n<meta property=\"product:availability\" content=\"instock\" \/>\n<meta property=\"product:retailer_item_id\" content=\"5601653001373\" \/>\n<meta property=\"product:condition\" content=\"new\" \/>\n<!-- \/ Yoast SEO Premium plugin. -->","yoast_head_json":{"title":"Potential N Gamma - Estrutura \u00d3ssea 60 c\u00e1psulas","description":"Potencial n: la estructura \u00f3sea est\u00e1 indicada para la salud de las articulaciones, los huesos y los m\u00fasculos.","robots":{"index":"index","follow":"follow","max-snippet":"max-snippet:-1","max-image-preview":"max-image-preview:large","max-video-preview":"max-video-preview:-1"},"canonical":"https:\/\/www.lifenatura.com\/es\/produto\/potential-n-gamma-estrutura-ossea-60-capsulas\/","og_locale":"es_ES","og_type":"article","og_title":"Potential N Gamma - Estrutura \u00d3ssea 60 c\u00e1psulas - Na Lifenatura ao Melhor Pre\u00e7o | Envio 48h","og_description":"Compre Potential N Gamma - Estrutura \u00d3ssea 60 c\u00e1psulas com envio r\u00e1pido. Entrega em 48h e portes gr\u00e1tis em compras >35\u20ac. Aproveite j\u00e1 na Lifenatura","og_url":"https:\/\/www.lifenatura.com\/es\/produto\/potential-n-gamma-estrutura-ossea-60-capsulas\/","og_site_name":"Lifenatura","article_publisher":"https:\/\/www.facebook.com\/lifenatura","article_modified_time":"2022-08-21T15:14:01+00:00","og_image":[{"width":1000,"height":1000,"url":"https:\/\/www.lifenatura.com\/wp-content\/uploads\/2021\/09\/gd_potential-n-gamma-estrutura-ossea.jpg","type":"image\/jpeg"}],"twitter_card":"summary_large_image","twitter_misc":{"Precio":"18,64&nbsp;&euro;","Disponibilidad":"Disponible"},"schema":{"@context":"https:\/\/schema.org","@graph":[{"@type":"WebPage","@id":"https:\/\/www.lifenatura.com\/es\/produto\/potential-n-gamma-estrutura-ossea-60-capsulas\/","url":"https:\/\/www.lifenatura.com\/es\/produto\/potential-n-gamma-estrutura-ossea-60-capsulas\/","name":"Potential N Gamma - Estrutura \u00d3ssea 60 c\u00e1psulas","isPartOf":{"@id":"https:\/\/www.lifenatura.com\/es\/#website"},"primaryImageOfPage":{"@id":"https:\/\/www.lifenatura.com\/es\/produto\/potential-n-gamma-estrutura-ossea-60-capsulas\/#primaryimage"},"image":{"@id":"https:\/\/www.lifenatura.com\/es\/produto\/potential-n-gamma-estrutura-ossea-60-capsulas\/#primaryimage"},"thumbnailUrl":"https:\/\/www.lifenatura.com\/wp-content\/uploads\/2026\/05\/gd_Potential_N_Gamma.jpg","datePublished":"2021-09-30T10:41:52+00:00","dateModified":"2022-08-21T15:14:01+00:00","description":"Potencial n: la estructura \u00f3sea est\u00e1 indicada para la salud de las articulaciones, los huesos y los m\u00fasculos.","breadcrumb":{"@id":"https:\/\/www.lifenatura.com\/es\/produto\/potential-n-gamma-estrutura-ossea-60-capsulas\/#breadcrumb"},"inLanguage":"es","potentialAction":[{"@type":"ReadAction","target":["https:\/\/www.lifenatura.com\/es\/produto\/potential-n-gamma-estrutura-ossea-60-capsulas\/"]}]},{"@type":"ImageObject","inLanguage":"es","@id":"https:\/\/www.lifenatura.com\/es\/produto\/potential-n-gamma-estrutura-ossea-60-capsulas\/#primaryimage","url":"https:\/\/www.lifenatura.com\/wp-content\/uploads\/2026\/05\/gd_Potential_N_Gamma.jpg","contentUrl":"https:\/\/www.lifenatura.com\/wp-content\/uploads\/2026\/05\/gd_Potential_N_Gamma.jpg","width":1080,"height":1080},{"@type":"BreadcrumbList","@id":"https:\/\/www.lifenatura.com\/es\/produto\/potential-n-gamma-estrutura-ossea-60-capsulas\/#breadcrumb","itemListElement":[{"@type":"ListItem","position":1,"name":"In\u00edcio","item":"https:\/\/www.lifenatura.com\/es\/"},{"@type":"ListItem","position":2,"name":"Todos los Productos","item":"https:\/\/www.lifenatura.com\/es\/tienda\/"},{"@type":"ListItem","position":3,"name":"Potential N Gamma &#8211; Estrutura \u00d3ssea 60 c\u00e1psulas"}]},{"@type":"WebSite","@id":"https:\/\/www.lifenatura.com\/es\/#website","url":"https:\/\/www.lifenatura.com\/es\/","name":"Lifenatura","description":"A Lifenatura \u00e9 uma loja de produtos naturais, cosm\u00e9tica natural e alimenta\u00e7\u00e3o Biol\u00f3gica.","publisher":{"@id":"https:\/\/www.lifenatura.com\/es\/#organization"},"potentialAction":[{"@type":"SearchAction","target":{"@type":"EntryPoint","urlTemplate":"https:\/\/www.lifenatura.com\/es\/?s={search_term_string}"},"query-input":{"@type":"PropertyValueSpecification","valueRequired":true,"valueName":"search_term_string"}}],"inLanguage":"es"},{"@type":"Organization","@id":"https:\/\/www.lifenatura.com\/es\/#organization","name":"Lifenatura","url":"https:\/\/www.lifenatura.com\/es\/","logo":{"@type":"ImageObject","inLanguage":"es","@id":"https:\/\/www.lifenatura.com\/es\/#\/schema\/logo\/image\/","url":"https:\/\/www.lifenatura.com\/wp-content\/uploads\/2021\/07\/logo.png","contentUrl":"https:\/\/www.lifenatura.com\/wp-content\/uploads\/2021\/07\/logo.png","width":175,"height":55,"caption":"Lifenatura"},"image":{"@id":"https:\/\/www.lifenatura.com\/es\/#\/schema\/logo\/image\/"},"sameAs":["https:\/\/www.facebook.com\/lifenatura","https:\/\/www.instagram.com\/lifenaturapt\/"],"hasMerchantReturnPolicy":{"@type":"MerchantReturnPolicy","merchantReturnLink":"https:\/\/www.lifenatura.com\/termos-condicoes-lifenatura\/"}}]},"product_price_amount":"18.64","product_price_currency":"EUR","og_availability":"instock","product_availability":"instock","product_retailer_item_id":"5601653001373","product_condition":"new"},"df_price":18.64,"df_sale_price":18.64,"df_regular_price":26.62,"df_image_link":"https:\/\/www.lifenatura.com\/wp-content\/uploads\/2026\/05\/gd_Potential_N_Gamma-300x300.jpg","_links":{"self":[{"href":"https:\/\/www.lifenatura.com\/es\/wp-json\/wp\/v2\/product\/40510","targetHints":{"allow":["GET"]}}],"collection":[{"href":"https:\/\/www.lifenatura.com\/es\/wp-json\/wp\/v2\/product"}],"about":[{"href":"https:\/\/www.lifenatura.com\/es\/wp-json\/wp\/v2\/types\/product"}],"wp:featuredmedia":[{"embeddable":true,"href":"https:\/\/www.lifenatura.com\/es\/wp-json\/wp\/v2\/media\/139069"}],"wp:attachment":[{"href":"https:\/\/www.lifenatura.com\/es\/wp-json\/wp\/v2\/media?parent=40510"}],"wp:term":[{"taxonomy":"product_brand","embeddable":true,"href":"https:\/\/www.lifenatura.com\/es\/wp-json\/wp\/v2\/product_brand?post=40510"},{"taxonomy":"product_cat","embeddable":true,"href":"https:\/\/www.lifenatura.com\/es\/wp-json\/wp\/v2\/product_cat?post=40510"},{"taxonomy":"product_tag","embeddable":true,"href":"https:\/\/www.lifenatura.com\/es\/wp-json\/wp\/v2\/product_tag?post=40510"}],"curies":[{"name":"wp","href":"https:\/\/api.w.org\/{rel}","templated":true}]}}