{"id":40506,"date":"2021-09-30T10:41:52","date_gmt":"2021-09-30T10:41:52","guid":{"rendered":"https:\/\/lifenatura.dev.agenciagetdigital.com\/produto\/melanoctina-bicapa-30-comprimidos-plameca\/"},"modified":"2022-08-21T15:13:53","modified_gmt":"2022-08-21T15:13:53","slug":"melanoctina-bicapa-30-comprimidos-plameca","status":"publish","type":"product","link":"https:\/\/www.lifenatura.com\/es\/produto\/melanoctina-bicapa-30-comprimidos-plameca\/","title":{"rendered":"Melanoctina Bicapa 30 comprimidos &#8211; Plameca"},"content":{"rendered":"<p>Para un sue\u00f1o de calidad La melanoctina presenta Melatonina en forma de comprimidos o gotas sublinguales que permiten una absorci\u00f3n m\u00e1s r\u00e1pida y previenen la inactivaci\u00f3n inmediata por parte del h\u00edgado debido al efecto de primer paso. Las tabletas de dos capas son especialmente \u00fatiles para las personas que, incluso sin tener dificultades para conciliar el sue\u00f1o r\u00e1pidamente, tienden a permanecer despiertas por la noche y no disfrutan de un sue\u00f1o reparador. PRESENTACI\u00d3N 30 comprimidos.<\/p>\n","protected":false},"excerpt":{"rendered":"<p>Para un sue\u00f1o de calidad La melanoctina presenta Melatonina en forma de comprimidos o gotas sublinguales que permiten una absorci\u00f3n m\u00e1s r\u00e1pida y previenen la inactivaci\u00f3n inmediata por parte del h\u00edgado debido al efecto de primer paso. Las tabletas de dos capas son especialmente \u00fatiles para las personas que, incluso sin tener dificultades para conciliar [&#8230;]<\/p>\n<p><a class=\"btn btn-secondary understrap-read-more-link\" href=\"https:\/\/www.lifenatura.com\/es\/produto\/melanoctina-bicapa-30-comprimidos-plameca\/\">Leer m\u00e1s&#8230;<span class=\"screen-reader-text\"> from Melanoctina Bicapa 30 comprimidos &#8211; Plameca<\/span><\/a><\/p>\n","protected":false},"featured_media":21702,"template":"","meta":{"_acf_changed":false},"product_brand":[8408],"product_cat":[7214,7659,8060,7179],"product_tag":[],"class_list":{"0":"post-40506","1":"product","2":"type-product","3":"status-publish","4":"has-post-thumbnail","6":"product_brand-plameca","7":"product_cat-para-dormir","8":"product_cat-ingrediente-natural-bio","9":"product_cat-melatonina-es","10":"product_cat-salud","12":"first","13":"instock","14":"shipping-taxable","15":"purchasable","16":"product-type-simple","17":"add-to-wishlist-before_image"},"acf":[],"yoast_head":"<!-- This site is optimized with the Yoast SEO Premium plugin v27.1 (Yoast SEO v27.5) - https:\/\/yoast.com\/product\/yoast-seo-premium-wordpress\/ -->\n<title>Melanoctina Bicapa 30 comprimidos - Plameca<\/title>\n<meta name=\"description\" content=\"La melanoctina presenta Melatonina en forma de comprimidos o gotas sublinguales que permiten una absorci\u00f3n m\u00e1s r\u00e1pida y previenen la inactivaci\u00f3n inmediata.\" \/>\n<meta name=\"robots\" content=\"index, follow, max-snippet:-1, max-image-preview:large, max-video-preview:-1\" \/>\n<link rel=\"canonical\" href=\"https:\/\/www.lifenatura.com\/es\/produto\/melanoctina-bicapa-30-comprimidos-plameca\/\" \/>\n<meta property=\"og:locale\" content=\"es_ES\" \/>\n<meta property=\"og:type\" content=\"article\" \/>\n<meta property=\"og:title\" content=\"Melanoctina Bicapa 30 comprimidos - Plameca - Na Lifenatura ao Melhor Pre\u00e7o | Envio 48h\" \/>\n<meta property=\"og:description\" content=\"Compre Melanoctina Bicapa 30 comprimidos - Plameca com envio r\u00e1pido. Entrega em 48h e portes gr\u00e1tis em compras &gt;35\u20ac. Aproveite j\u00e1 na Lifenatura\" \/>\n<meta property=\"og:url\" content=\"https:\/\/www.lifenatura.com\/es\/produto\/melanoctina-bicapa-30-comprimidos-plameca\/\" \/>\n<meta property=\"og:site_name\" content=\"Lifenatura\" \/>\n<meta property=\"article:publisher\" content=\"https:\/\/www.facebook.com\/lifenatura\" \/>\n<meta property=\"article:modified_time\" content=\"2022-08-21T15:13:53+00:00\" \/>\n<meta property=\"og:image\" content=\"https:\/\/www.lifenatura.com\/wp-content\/uploads\/2021\/09\/gd_melanoctina_30_comprimidos_plameca.jpg\" \/>\n\t<meta property=\"og:image:width\" content=\"1000\" \/>\n\t<meta property=\"og:image:height\" content=\"1000\" \/>\n\t<meta property=\"og:image:type\" content=\"image\/jpeg\" \/>\n<meta name=\"twitter:card\" content=\"summary_large_image\" \/>\n<meta name=\"twitter:label1\" content=\"Precio\" \/>\n\t<meta name=\"twitter:data1\" content=\"15,90&nbsp;&euro;\" \/>\n\t<meta name=\"twitter:label2\" content=\"Disponibilidad\" \/>\n\t<meta name=\"twitter:data2\" content=\"Disponible\" \/>\n<script type=\"application\/ld+json\" class=\"yoast-schema-graph\">{\"@context\":\"https:\\\/\\\/schema.org\",\"@graph\":[{\"@type\":\"WebPage\",\"@id\":\"https:\\\/\\\/www.lifenatura.com\\\/es\\\/produto\\\/melanoctina-bicapa-30-comprimidos-plameca\\\/\",\"url\":\"https:\\\/\\\/www.lifenatura.com\\\/es\\\/produto\\\/melanoctina-bicapa-30-comprimidos-plameca\\\/\",\"name\":\"Melanoctina Bicapa 30 comprimidos - Plameca\",\"isPartOf\":{\"@id\":\"https:\\\/\\\/www.lifenatura.com\\\/es\\\/#website\"},\"primaryImageOfPage\":{\"@id\":\"https:\\\/\\\/www.lifenatura.com\\\/es\\\/produto\\\/melanoctina-bicapa-30-comprimidos-plameca\\\/#primaryimage\"},\"image\":{\"@id\":\"https:\\\/\\\/www.lifenatura.com\\\/es\\\/produto\\\/melanoctina-bicapa-30-comprimidos-plameca\\\/#primaryimage\"},\"thumbnailUrl\":\"https:\\\/\\\/www.lifenatura.com\\\/wp-content\\\/uploads\\\/2021\\\/09\\\/gd_melanoctina_30_comprimidos_plameca.jpg\",\"datePublished\":\"2021-09-30T10:41:52+00:00\",\"dateModified\":\"2022-08-21T15:13:53+00:00\",\"description\":\"La melanoctina presenta Melatonina en forma de comprimidos o gotas sublinguales que permiten una absorci\u00f3n m\u00e1s r\u00e1pida y previenen la inactivaci\u00f3n inmediata.\",\"breadcrumb\":{\"@id\":\"https:\\\/\\\/www.lifenatura.com\\\/es\\\/produto\\\/melanoctina-bicapa-30-comprimidos-plameca\\\/#breadcrumb\"},\"inLanguage\":\"es\",\"potentialAction\":[{\"@type\":\"ReadAction\",\"target\":[\"https:\\\/\\\/www.lifenatura.com\\\/es\\\/produto\\\/melanoctina-bicapa-30-comprimidos-plameca\\\/\"]}]},{\"@type\":\"ImageObject\",\"inLanguage\":\"es\",\"@id\":\"https:\\\/\\\/www.lifenatura.com\\\/es\\\/produto\\\/melanoctina-bicapa-30-comprimidos-plameca\\\/#primaryimage\",\"url\":\"https:\\\/\\\/www.lifenatura.com\\\/wp-content\\\/uploads\\\/2021\\\/09\\\/gd_melanoctina_30_comprimidos_plameca.jpg\",\"contentUrl\":\"https:\\\/\\\/www.lifenatura.com\\\/wp-content\\\/uploads\\\/2021\\\/09\\\/gd_melanoctina_30_comprimidos_plameca.jpg\",\"width\":1000,\"height\":1000,\"caption\":\"Melanoctina Bicapa 30 comprimidos - Plameca\"},{\"@type\":\"BreadcrumbList\",\"@id\":\"https:\\\/\\\/www.lifenatura.com\\\/es\\\/produto\\\/melanoctina-bicapa-30-comprimidos-plameca\\\/#breadcrumb\",\"itemListElement\":[{\"@type\":\"ListItem\",\"position\":1,\"name\":\"In\u00edcio\",\"item\":\"https:\\\/\\\/www.lifenatura.com\\\/es\\\/\"},{\"@type\":\"ListItem\",\"position\":2,\"name\":\"Todos los Productos\",\"item\":\"https:\\\/\\\/www.lifenatura.com\\\/es\\\/tienda\\\/\"},{\"@type\":\"ListItem\",\"position\":3,\"name\":\"Melanoctina Bicapa 30 comprimidos &#8211; Plameca\"}]},{\"@type\":\"WebSite\",\"@id\":\"https:\\\/\\\/www.lifenatura.com\\\/es\\\/#website\",\"url\":\"https:\\\/\\\/www.lifenatura.com\\\/es\\\/\",\"name\":\"Lifenatura\",\"description\":\"A Lifenatura \u00e9 uma loja de produtos naturais, cosm\u00e9tica natural e alimenta\u00e7\u00e3o Biol\u00f3gica.\",\"publisher\":{\"@id\":\"https:\\\/\\\/www.lifenatura.com\\\/es\\\/#organization\"},\"potentialAction\":[{\"@type\":\"SearchAction\",\"target\":{\"@type\":\"EntryPoint\",\"urlTemplate\":\"https:\\\/\\\/www.lifenatura.com\\\/es\\\/?s={search_term_string}\"},\"query-input\":{\"@type\":\"PropertyValueSpecification\",\"valueRequired\":true,\"valueName\":\"search_term_string\"}}],\"inLanguage\":\"es\"},{\"@type\":\"Organization\",\"@id\":\"https:\\\/\\\/www.lifenatura.com\\\/es\\\/#organization\",\"name\":\"Lifenatura\",\"url\":\"https:\\\/\\\/www.lifenatura.com\\\/es\\\/\",\"logo\":{\"@type\":\"ImageObject\",\"inLanguage\":\"es\",\"@id\":\"https:\\\/\\\/www.lifenatura.com\\\/es\\\/#\\\/schema\\\/logo\\\/image\\\/\",\"url\":\"https:\\\/\\\/www.lifenatura.com\\\/wp-content\\\/uploads\\\/2021\\\/07\\\/logo.png\",\"contentUrl\":\"https:\\\/\\\/www.lifenatura.com\\\/wp-content\\\/uploads\\\/2021\\\/07\\\/logo.png\",\"width\":175,\"height\":55,\"caption\":\"Lifenatura\"},\"image\":{\"@id\":\"https:\\\/\\\/www.lifenatura.com\\\/es\\\/#\\\/schema\\\/logo\\\/image\\\/\"},\"sameAs\":[\"https:\\\/\\\/www.facebook.com\\\/lifenatura\",\"https:\\\/\\\/www.instagram.com\\\/lifenaturapt\\\/\"],\"hasMerchantReturnPolicy\":{\"@type\":\"MerchantReturnPolicy\",\"merchantReturnLink\":\"https:\\\/\\\/www.lifenatura.com\\\/termos-condicoes-lifenatura\\\/\"}}]}<\/script>\n<meta property=\"product:price:amount\" content=\"15.90\" \/>\n<meta property=\"product:price:currency\" content=\"EUR\" \/>\n<meta property=\"og:availability\" content=\"instock\" \/>\n<meta property=\"product:availability\" content=\"instock\" \/>\n<meta property=\"product:retailer_item_id\" content=\"8435100845084\" \/>\n<meta property=\"product:condition\" content=\"new\" \/>\n<!-- \/ Yoast SEO Premium plugin. -->","yoast_head_json":{"title":"Melanoctina Bicapa 30 comprimidos - Plameca","description":"La melanoctina presenta Melatonina en forma de comprimidos o gotas sublinguales que permiten una absorci\u00f3n m\u00e1s r\u00e1pida y previenen la inactivaci\u00f3n inmediata.","robots":{"index":"index","follow":"follow","max-snippet":"max-snippet:-1","max-image-preview":"max-image-preview:large","max-video-preview":"max-video-preview:-1"},"canonical":"https:\/\/www.lifenatura.com\/es\/produto\/melanoctina-bicapa-30-comprimidos-plameca\/","og_locale":"es_ES","og_type":"article","og_title":"Melanoctina Bicapa 30 comprimidos - Plameca - Na Lifenatura ao Melhor Pre\u00e7o | Envio 48h","og_description":"Compre Melanoctina Bicapa 30 comprimidos - Plameca com envio r\u00e1pido. Entrega em 48h e portes gr\u00e1tis em compras >35\u20ac. Aproveite j\u00e1 na Lifenatura","og_url":"https:\/\/www.lifenatura.com\/es\/produto\/melanoctina-bicapa-30-comprimidos-plameca\/","og_site_name":"Lifenatura","article_publisher":"https:\/\/www.facebook.com\/lifenatura","article_modified_time":"2022-08-21T15:13:53+00:00","og_image":[{"width":1000,"height":1000,"url":"https:\/\/www.lifenatura.com\/wp-content\/uploads\/2021\/09\/gd_melanoctina_30_comprimidos_plameca.jpg","type":"image\/jpeg"}],"twitter_card":"summary_large_image","twitter_misc":{"Precio":"15,90&nbsp;&euro;","Disponibilidad":"Disponible"},"schema":{"@context":"https:\/\/schema.org","@graph":[{"@type":"WebPage","@id":"https:\/\/www.lifenatura.com\/es\/produto\/melanoctina-bicapa-30-comprimidos-plameca\/","url":"https:\/\/www.lifenatura.com\/es\/produto\/melanoctina-bicapa-30-comprimidos-plameca\/","name":"Melanoctina Bicapa 30 comprimidos - Plameca","isPartOf":{"@id":"https:\/\/www.lifenatura.com\/es\/#website"},"primaryImageOfPage":{"@id":"https:\/\/www.lifenatura.com\/es\/produto\/melanoctina-bicapa-30-comprimidos-plameca\/#primaryimage"},"image":{"@id":"https:\/\/www.lifenatura.com\/es\/produto\/melanoctina-bicapa-30-comprimidos-plameca\/#primaryimage"},"thumbnailUrl":"https:\/\/www.lifenatura.com\/wp-content\/uploads\/2021\/09\/gd_melanoctina_30_comprimidos_plameca.jpg","datePublished":"2021-09-30T10:41:52+00:00","dateModified":"2022-08-21T15:13:53+00:00","description":"La melanoctina presenta Melatonina en forma de comprimidos o gotas sublinguales que permiten una absorci\u00f3n m\u00e1s r\u00e1pida y previenen la inactivaci\u00f3n inmediata.","breadcrumb":{"@id":"https:\/\/www.lifenatura.com\/es\/produto\/melanoctina-bicapa-30-comprimidos-plameca\/#breadcrumb"},"inLanguage":"es","potentialAction":[{"@type":"ReadAction","target":["https:\/\/www.lifenatura.com\/es\/produto\/melanoctina-bicapa-30-comprimidos-plameca\/"]}]},{"@type":"ImageObject","inLanguage":"es","@id":"https:\/\/www.lifenatura.com\/es\/produto\/melanoctina-bicapa-30-comprimidos-plameca\/#primaryimage","url":"https:\/\/www.lifenatura.com\/wp-content\/uploads\/2021\/09\/gd_melanoctina_30_comprimidos_plameca.jpg","contentUrl":"https:\/\/www.lifenatura.com\/wp-content\/uploads\/2021\/09\/gd_melanoctina_30_comprimidos_plameca.jpg","width":1000,"height":1000,"caption":"Melanoctina Bicapa 30 comprimidos - Plameca"},{"@type":"BreadcrumbList","@id":"https:\/\/www.lifenatura.com\/es\/produto\/melanoctina-bicapa-30-comprimidos-plameca\/#breadcrumb","itemListElement":[{"@type":"ListItem","position":1,"name":"In\u00edcio","item":"https:\/\/www.lifenatura.com\/es\/"},{"@type":"ListItem","position":2,"name":"Todos los Productos","item":"https:\/\/www.lifenatura.com\/es\/tienda\/"},{"@type":"ListItem","position":3,"name":"Melanoctina Bicapa 30 comprimidos &#8211; Plameca"}]},{"@type":"WebSite","@id":"https:\/\/www.lifenatura.com\/es\/#website","url":"https:\/\/www.lifenatura.com\/es\/","name":"Lifenatura","description":"A Lifenatura \u00e9 uma loja de produtos naturais, cosm\u00e9tica natural e alimenta\u00e7\u00e3o Biol\u00f3gica.","publisher":{"@id":"https:\/\/www.lifenatura.com\/es\/#organization"},"potentialAction":[{"@type":"SearchAction","target":{"@type":"EntryPoint","urlTemplate":"https:\/\/www.lifenatura.com\/es\/?s={search_term_string}"},"query-input":{"@type":"PropertyValueSpecification","valueRequired":true,"valueName":"search_term_string"}}],"inLanguage":"es"},{"@type":"Organization","@id":"https:\/\/www.lifenatura.com\/es\/#organization","name":"Lifenatura","url":"https:\/\/www.lifenatura.com\/es\/","logo":{"@type":"ImageObject","inLanguage":"es","@id":"https:\/\/www.lifenatura.com\/es\/#\/schema\/logo\/image\/","url":"https:\/\/www.lifenatura.com\/wp-content\/uploads\/2021\/07\/logo.png","contentUrl":"https:\/\/www.lifenatura.com\/wp-content\/uploads\/2021\/07\/logo.png","width":175,"height":55,"caption":"Lifenatura"},"image":{"@id":"https:\/\/www.lifenatura.com\/es\/#\/schema\/logo\/image\/"},"sameAs":["https:\/\/www.facebook.com\/lifenatura","https:\/\/www.instagram.com\/lifenaturapt\/"],"hasMerchantReturnPolicy":{"@type":"MerchantReturnPolicy","merchantReturnLink":"https:\/\/www.lifenatura.com\/termos-condicoes-lifenatura\/"}}]},"product_price_amount":"15.90","product_price_currency":"EUR","og_availability":"instock","product_availability":"instock","product_retailer_item_id":"8435100845084","product_condition":"new"},"df_price":15.9,"df_sale_price":"","df_regular_price":15.9,"df_image_link":"https:\/\/www.lifenatura.com\/wp-content\/uploads\/2021\/09\/gd_melanoctina_30_comprimidos_plameca-300x300.jpg","_links":{"self":[{"href":"https:\/\/www.lifenatura.com\/es\/wp-json\/wp\/v2\/product\/40506","targetHints":{"allow":["GET"]}}],"collection":[{"href":"https:\/\/www.lifenatura.com\/es\/wp-json\/wp\/v2\/product"}],"about":[{"href":"https:\/\/www.lifenatura.com\/es\/wp-json\/wp\/v2\/types\/product"}],"wp:featuredmedia":[{"embeddable":true,"href":"https:\/\/www.lifenatura.com\/es\/wp-json\/wp\/v2\/media\/21702"}],"wp:attachment":[{"href":"https:\/\/www.lifenatura.com\/es\/wp-json\/wp\/v2\/media?parent=40506"}],"wp:term":[{"taxonomy":"product_brand","embeddable":true,"href":"https:\/\/www.lifenatura.com\/es\/wp-json\/wp\/v2\/product_brand?post=40506"},{"taxonomy":"product_cat","embeddable":true,"href":"https:\/\/www.lifenatura.com\/es\/wp-json\/wp\/v2\/product_cat?post=40506"},{"taxonomy":"product_tag","embeddable":true,"href":"https:\/\/www.lifenatura.com\/es\/wp-json\/wp\/v2\/product_tag?post=40506"}],"curies":[{"name":"wp","href":"https:\/\/api.w.org\/{rel}","templated":true}]}}