{"id":40491,"date":"2021-09-30T10:41:33","date_gmt":"2021-09-30T10:41:33","guid":{"rendered":"https:\/\/lifenatura.dev.agenciagetdigital.com\/produto\/melanoctina-60-comprimidos-plameca\/"},"modified":"2022-08-21T15:13:33","modified_gmt":"2022-08-21T15:13:33","slug":"melanoctina-60-comprimidos-plameca","status":"publish","type":"product","link":"https:\/\/www.lifenatura.com\/es\/produto\/melanoctina-60-comprimidos-plameca\/","title":{"rendered":"Melanoctina 60 Comprimidos &#8211; Plameca"},"content":{"rendered":"<p>Adecuado para el sistema nervioso Las tabletas de Melanoctin 60 contienen melatonina, lo que permite una absorci\u00f3n m\u00e1s r\u00e1pida y evita la inactivaci\u00f3n inmediata por parte del h\u00edgado debido al efecto de primer paso. Como resultado, el efecto inductor del sue\u00f1o de la tableta sublingual es m\u00e1s r\u00e1pido (efecto en aproximadamente media hora) en comparaci\u00f3n con la ingesta y absorci\u00f3n &#8220;normal&#8221; en el intestino. PRESENTACI\u00d3N 60 tabletas.<\/p>\n","protected":false},"excerpt":{"rendered":"<p>Adecuado para el sistema nervioso Las tabletas de Melanoctin 60 contienen melatonina, lo que permite una absorci\u00f3n m\u00e1s r\u00e1pida y evita la inactivaci\u00f3n inmediata por parte del h\u00edgado debido al efecto de primer paso. Como resultado, el efecto inductor del sue\u00f1o de la tableta sublingual es m\u00e1s r\u00e1pido (efecto en aproximadamente media hora) en comparaci\u00f3n [&#8230;]<\/p>\n<p><a class=\"btn btn-secondary understrap-read-more-link\" href=\"https:\/\/www.lifenatura.com\/es\/produto\/melanoctina-60-comprimidos-plameca\/\">Leer m\u00e1s&#8230;<span class=\"screen-reader-text\"> from Melanoctina 60 Comprimidos &#8211; Plameca<\/span><\/a><\/p>\n","protected":false},"featured_media":21696,"template":"","meta":{"_acf_changed":false},"product_brand":[8408],"product_cat":[7214,7659,8060,7179],"product_tag":[],"class_list":{"0":"post-40491","1":"product","2":"type-product","3":"status-publish","4":"has-post-thumbnail","6":"product_brand-plameca","7":"product_cat-para-dormir","8":"product_cat-ingrediente-natural-bio","9":"product_cat-melatonina-es","10":"product_cat-salud","12":"first","13":"instock","14":"shipping-taxable","15":"purchasable","16":"product-type-simple","17":"add-to-wishlist-before_image"},"acf":[],"yoast_head":"<!-- This site is optimized with the Yoast SEO Premium plugin v27.1 (Yoast SEO v27.5) - https:\/\/yoast.com\/product\/yoast-seo-premium-wordpress\/ -->\n<title>Melanoctina 60 Comprimidos - Plameca<\/title>\n<meta name=\"description\" content=\"Melanoctin 60 comprimidos tiene un efecto de inducci\u00f3n del sue\u00f1o ya que la tableta sublingual es m\u00e1s r\u00e1pida (efecto en aproximadamente media hora) en comparaci\u00f3n con la ingesta &quot;normal&quot; y su absorci\u00f3n en el intestino.\" \/>\n<meta name=\"robots\" content=\"index, follow, max-snippet:-1, max-image-preview:large, max-video-preview:-1\" \/>\n<link rel=\"canonical\" href=\"https:\/\/www.lifenatura.com\/es\/produto\/melanoctina-60-comprimidos-plameca\/\" \/>\n<meta property=\"og:locale\" content=\"es_ES\" \/>\n<meta property=\"og:type\" content=\"article\" \/>\n<meta property=\"og:title\" content=\"Melanoctina 60 Comprimidos - Plameca - Na Lifenatura ao Melhor Pre\u00e7o | Envio 48h\" \/>\n<meta property=\"og:description\" content=\"Compre Melanoctina 60 Comprimidos - Plameca com envio r\u00e1pido. Entrega em 48h e portes gr\u00e1tis em compras &gt;35\u20ac. Aproveite j\u00e1 na Lifenatura\" \/>\n<meta property=\"og:url\" content=\"https:\/\/www.lifenatura.com\/es\/produto\/melanoctina-60-comprimidos-plameca\/\" \/>\n<meta property=\"og:site_name\" content=\"Lifenatura\" \/>\n<meta property=\"article:publisher\" content=\"https:\/\/www.facebook.com\/lifenatura\" \/>\n<meta property=\"article:modified_time\" content=\"2022-08-21T15:13:33+00:00\" \/>\n<meta property=\"og:image\" content=\"https:\/\/www.lifenatura.com\/wp-content\/uploads\/2021\/09\/gd_melanoctina-60-comprimidos-plameca.jpg\" \/>\n\t<meta property=\"og:image:width\" content=\"1000\" \/>\n\t<meta property=\"og:image:height\" content=\"1000\" \/>\n\t<meta property=\"og:image:type\" content=\"image\/jpeg\" \/>\n<meta name=\"twitter:card\" content=\"summary_large_image\" \/>\n<meta name=\"twitter:label1\" content=\"Precio\" \/>\n\t<meta name=\"twitter:data1\" content=\"12,96&nbsp;&euro;\" \/>\n\t<meta name=\"twitter:label2\" content=\"Disponibilidad\" \/>\n\t<meta name=\"twitter:data2\" content=\"Disponible\" \/>\n<script type=\"application\/ld+json\" class=\"yoast-schema-graph\">{\"@context\":\"https:\\\/\\\/schema.org\",\"@graph\":[{\"@type\":\"WebPage\",\"@id\":\"https:\\\/\\\/www.lifenatura.com\\\/es\\\/produto\\\/melanoctina-60-comprimidos-plameca\\\/\",\"url\":\"https:\\\/\\\/www.lifenatura.com\\\/es\\\/produto\\\/melanoctina-60-comprimidos-plameca\\\/\",\"name\":\"Melanoctina 60 Comprimidos - Plameca\",\"isPartOf\":{\"@id\":\"https:\\\/\\\/www.lifenatura.com\\\/es\\\/#website\"},\"primaryImageOfPage\":{\"@id\":\"https:\\\/\\\/www.lifenatura.com\\\/es\\\/produto\\\/melanoctina-60-comprimidos-plameca\\\/#primaryimage\"},\"image\":{\"@id\":\"https:\\\/\\\/www.lifenatura.com\\\/es\\\/produto\\\/melanoctina-60-comprimidos-plameca\\\/#primaryimage\"},\"thumbnailUrl\":\"https:\\\/\\\/www.lifenatura.com\\\/wp-content\\\/uploads\\\/2021\\\/09\\\/gd_melanoctina-60-comprimidos-plameca.jpg\",\"datePublished\":\"2021-09-30T10:41:33+00:00\",\"dateModified\":\"2022-08-21T15:13:33+00:00\",\"description\":\"Melanoctin 60 comprimidos tiene un efecto de inducci\u00f3n del sue\u00f1o ya que la tableta sublingual es m\u00e1s r\u00e1pida (efecto en aproximadamente media hora) en comparaci\u00f3n con la ingesta \\\"normal\\\" y su absorci\u00f3n en el intestino.\",\"breadcrumb\":{\"@id\":\"https:\\\/\\\/www.lifenatura.com\\\/es\\\/produto\\\/melanoctina-60-comprimidos-plameca\\\/#breadcrumb\"},\"inLanguage\":\"es\",\"potentialAction\":[{\"@type\":\"ReadAction\",\"target\":[\"https:\\\/\\\/www.lifenatura.com\\\/es\\\/produto\\\/melanoctina-60-comprimidos-plameca\\\/\"]}]},{\"@type\":\"ImageObject\",\"inLanguage\":\"es\",\"@id\":\"https:\\\/\\\/www.lifenatura.com\\\/es\\\/produto\\\/melanoctina-60-comprimidos-plameca\\\/#primaryimage\",\"url\":\"https:\\\/\\\/www.lifenatura.com\\\/wp-content\\\/uploads\\\/2021\\\/09\\\/gd_melanoctina-60-comprimidos-plameca.jpg\",\"contentUrl\":\"https:\\\/\\\/www.lifenatura.com\\\/wp-content\\\/uploads\\\/2021\\\/09\\\/gd_melanoctina-60-comprimidos-plameca.jpg\",\"width\":1000,\"height\":1000,\"caption\":\"Melanoctina 60 Comprimidos - Plameca\"},{\"@type\":\"BreadcrumbList\",\"@id\":\"https:\\\/\\\/www.lifenatura.com\\\/es\\\/produto\\\/melanoctina-60-comprimidos-plameca\\\/#breadcrumb\",\"itemListElement\":[{\"@type\":\"ListItem\",\"position\":1,\"name\":\"In\u00edcio\",\"item\":\"https:\\\/\\\/www.lifenatura.com\\\/es\\\/\"},{\"@type\":\"ListItem\",\"position\":2,\"name\":\"Todos los Productos\",\"item\":\"https:\\\/\\\/www.lifenatura.com\\\/es\\\/tienda\\\/\"},{\"@type\":\"ListItem\",\"position\":3,\"name\":\"Melanoctina 60 Comprimidos &#8211; Plameca\"}]},{\"@type\":\"WebSite\",\"@id\":\"https:\\\/\\\/www.lifenatura.com\\\/es\\\/#website\",\"url\":\"https:\\\/\\\/www.lifenatura.com\\\/es\\\/\",\"name\":\"Lifenatura\",\"description\":\"A Lifenatura \u00e9 uma loja de produtos naturais, cosm\u00e9tica natural e alimenta\u00e7\u00e3o Biol\u00f3gica.\",\"publisher\":{\"@id\":\"https:\\\/\\\/www.lifenatura.com\\\/es\\\/#organization\"},\"potentialAction\":[{\"@type\":\"SearchAction\",\"target\":{\"@type\":\"EntryPoint\",\"urlTemplate\":\"https:\\\/\\\/www.lifenatura.com\\\/es\\\/?s={search_term_string}\"},\"query-input\":{\"@type\":\"PropertyValueSpecification\",\"valueRequired\":true,\"valueName\":\"search_term_string\"}}],\"inLanguage\":\"es\"},{\"@type\":\"Organization\",\"@id\":\"https:\\\/\\\/www.lifenatura.com\\\/es\\\/#organization\",\"name\":\"Lifenatura\",\"url\":\"https:\\\/\\\/www.lifenatura.com\\\/es\\\/\",\"logo\":{\"@type\":\"ImageObject\",\"inLanguage\":\"es\",\"@id\":\"https:\\\/\\\/www.lifenatura.com\\\/es\\\/#\\\/schema\\\/logo\\\/image\\\/\",\"url\":\"https:\\\/\\\/www.lifenatura.com\\\/wp-content\\\/uploads\\\/2021\\\/07\\\/logo.png\",\"contentUrl\":\"https:\\\/\\\/www.lifenatura.com\\\/wp-content\\\/uploads\\\/2021\\\/07\\\/logo.png\",\"width\":175,\"height\":55,\"caption\":\"Lifenatura\"},\"image\":{\"@id\":\"https:\\\/\\\/www.lifenatura.com\\\/es\\\/#\\\/schema\\\/logo\\\/image\\\/\"},\"sameAs\":[\"https:\\\/\\\/www.facebook.com\\\/lifenatura\",\"https:\\\/\\\/www.instagram.com\\\/lifenaturapt\\\/\"],\"hasMerchantReturnPolicy\":{\"@type\":\"MerchantReturnPolicy\",\"merchantReturnLink\":\"https:\\\/\\\/www.lifenatura.com\\\/termos-condicoes-lifenatura\\\/\"}}]}<\/script>\n<meta property=\"product:price:amount\" content=\"12.96\" \/>\n<meta property=\"product:price:currency\" content=\"EUR\" \/>\n<meta property=\"og:availability\" content=\"instock\" \/>\n<meta property=\"product:availability\" content=\"instock\" \/>\n<meta property=\"product:retailer_item_id\" content=\"8435100844087\" \/>\n<meta property=\"product:condition\" content=\"new\" \/>\n<!-- \/ Yoast SEO Premium plugin. -->","yoast_head_json":{"title":"Melanoctina 60 Comprimidos - Plameca","description":"Melanoctin 60 comprimidos tiene un efecto de inducci\u00f3n del sue\u00f1o ya que la tableta sublingual es m\u00e1s r\u00e1pida (efecto en aproximadamente media hora) en comparaci\u00f3n con la ingesta \"normal\" y su absorci\u00f3n en el intestino.","robots":{"index":"index","follow":"follow","max-snippet":"max-snippet:-1","max-image-preview":"max-image-preview:large","max-video-preview":"max-video-preview:-1"},"canonical":"https:\/\/www.lifenatura.com\/es\/produto\/melanoctina-60-comprimidos-plameca\/","og_locale":"es_ES","og_type":"article","og_title":"Melanoctina 60 Comprimidos - Plameca - Na Lifenatura ao Melhor Pre\u00e7o | Envio 48h","og_description":"Compre Melanoctina 60 Comprimidos - Plameca com envio r\u00e1pido. Entrega em 48h e portes gr\u00e1tis em compras >35\u20ac. Aproveite j\u00e1 na Lifenatura","og_url":"https:\/\/www.lifenatura.com\/es\/produto\/melanoctina-60-comprimidos-plameca\/","og_site_name":"Lifenatura","article_publisher":"https:\/\/www.facebook.com\/lifenatura","article_modified_time":"2022-08-21T15:13:33+00:00","og_image":[{"width":1000,"height":1000,"url":"https:\/\/www.lifenatura.com\/wp-content\/uploads\/2021\/09\/gd_melanoctina-60-comprimidos-plameca.jpg","type":"image\/jpeg"}],"twitter_card":"summary_large_image","twitter_misc":{"Precio":"12,96&nbsp;&euro;","Disponibilidad":"Disponible"},"schema":{"@context":"https:\/\/schema.org","@graph":[{"@type":"WebPage","@id":"https:\/\/www.lifenatura.com\/es\/produto\/melanoctina-60-comprimidos-plameca\/","url":"https:\/\/www.lifenatura.com\/es\/produto\/melanoctina-60-comprimidos-plameca\/","name":"Melanoctina 60 Comprimidos - Plameca","isPartOf":{"@id":"https:\/\/www.lifenatura.com\/es\/#website"},"primaryImageOfPage":{"@id":"https:\/\/www.lifenatura.com\/es\/produto\/melanoctina-60-comprimidos-plameca\/#primaryimage"},"image":{"@id":"https:\/\/www.lifenatura.com\/es\/produto\/melanoctina-60-comprimidos-plameca\/#primaryimage"},"thumbnailUrl":"https:\/\/www.lifenatura.com\/wp-content\/uploads\/2021\/09\/gd_melanoctina-60-comprimidos-plameca.jpg","datePublished":"2021-09-30T10:41:33+00:00","dateModified":"2022-08-21T15:13:33+00:00","description":"Melanoctin 60 comprimidos tiene un efecto de inducci\u00f3n del sue\u00f1o ya que la tableta sublingual es m\u00e1s r\u00e1pida (efecto en aproximadamente media hora) en comparaci\u00f3n con la ingesta \"normal\" y su absorci\u00f3n en el intestino.","breadcrumb":{"@id":"https:\/\/www.lifenatura.com\/es\/produto\/melanoctina-60-comprimidos-plameca\/#breadcrumb"},"inLanguage":"es","potentialAction":[{"@type":"ReadAction","target":["https:\/\/www.lifenatura.com\/es\/produto\/melanoctina-60-comprimidos-plameca\/"]}]},{"@type":"ImageObject","inLanguage":"es","@id":"https:\/\/www.lifenatura.com\/es\/produto\/melanoctina-60-comprimidos-plameca\/#primaryimage","url":"https:\/\/www.lifenatura.com\/wp-content\/uploads\/2021\/09\/gd_melanoctina-60-comprimidos-plameca.jpg","contentUrl":"https:\/\/www.lifenatura.com\/wp-content\/uploads\/2021\/09\/gd_melanoctina-60-comprimidos-plameca.jpg","width":1000,"height":1000,"caption":"Melanoctina 60 Comprimidos - Plameca"},{"@type":"BreadcrumbList","@id":"https:\/\/www.lifenatura.com\/es\/produto\/melanoctina-60-comprimidos-plameca\/#breadcrumb","itemListElement":[{"@type":"ListItem","position":1,"name":"In\u00edcio","item":"https:\/\/www.lifenatura.com\/es\/"},{"@type":"ListItem","position":2,"name":"Todos los Productos","item":"https:\/\/www.lifenatura.com\/es\/tienda\/"},{"@type":"ListItem","position":3,"name":"Melanoctina 60 Comprimidos &#8211; Plameca"}]},{"@type":"WebSite","@id":"https:\/\/www.lifenatura.com\/es\/#website","url":"https:\/\/www.lifenatura.com\/es\/","name":"Lifenatura","description":"A Lifenatura \u00e9 uma loja de produtos naturais, cosm\u00e9tica natural e alimenta\u00e7\u00e3o Biol\u00f3gica.","publisher":{"@id":"https:\/\/www.lifenatura.com\/es\/#organization"},"potentialAction":[{"@type":"SearchAction","target":{"@type":"EntryPoint","urlTemplate":"https:\/\/www.lifenatura.com\/es\/?s={search_term_string}"},"query-input":{"@type":"PropertyValueSpecification","valueRequired":true,"valueName":"search_term_string"}}],"inLanguage":"es"},{"@type":"Organization","@id":"https:\/\/www.lifenatura.com\/es\/#organization","name":"Lifenatura","url":"https:\/\/www.lifenatura.com\/es\/","logo":{"@type":"ImageObject","inLanguage":"es","@id":"https:\/\/www.lifenatura.com\/es\/#\/schema\/logo\/image\/","url":"https:\/\/www.lifenatura.com\/wp-content\/uploads\/2021\/07\/logo.png","contentUrl":"https:\/\/www.lifenatura.com\/wp-content\/uploads\/2021\/07\/logo.png","width":175,"height":55,"caption":"Lifenatura"},"image":{"@id":"https:\/\/www.lifenatura.com\/es\/#\/schema\/logo\/image\/"},"sameAs":["https:\/\/www.facebook.com\/lifenatura","https:\/\/www.instagram.com\/lifenaturapt\/"],"hasMerchantReturnPolicy":{"@type":"MerchantReturnPolicy","merchantReturnLink":"https:\/\/www.lifenatura.com\/termos-condicoes-lifenatura\/"}}]},"product_price_amount":"12.96","product_price_currency":"EUR","og_availability":"instock","product_availability":"instock","product_retailer_item_id":"8435100844087","product_condition":"new"},"df_price":12.96,"df_sale_price":"","df_regular_price":12.96,"df_image_link":"https:\/\/www.lifenatura.com\/wp-content\/uploads\/2021\/09\/gd_melanoctina-60-comprimidos-plameca-300x300.jpg","_links":{"self":[{"href":"https:\/\/www.lifenatura.com\/es\/wp-json\/wp\/v2\/product\/40491","targetHints":{"allow":["GET"]}}],"collection":[{"href":"https:\/\/www.lifenatura.com\/es\/wp-json\/wp\/v2\/product"}],"about":[{"href":"https:\/\/www.lifenatura.com\/es\/wp-json\/wp\/v2\/types\/product"}],"wp:featuredmedia":[{"embeddable":true,"href":"https:\/\/www.lifenatura.com\/es\/wp-json\/wp\/v2\/media\/21696"}],"wp:attachment":[{"href":"https:\/\/www.lifenatura.com\/es\/wp-json\/wp\/v2\/media?parent=40491"}],"wp:term":[{"taxonomy":"product_brand","embeddable":true,"href":"https:\/\/www.lifenatura.com\/es\/wp-json\/wp\/v2\/product_brand?post=40491"},{"taxonomy":"product_cat","embeddable":true,"href":"https:\/\/www.lifenatura.com\/es\/wp-json\/wp\/v2\/product_cat?post=40491"},{"taxonomy":"product_tag","embeddable":true,"href":"https:\/\/www.lifenatura.com\/es\/wp-json\/wp\/v2\/product_tag?post=40491"}],"curies":[{"name":"wp","href":"https:\/\/api.w.org\/{rel}","templated":true}]}}