{"id":40455,"date":"2021-09-30T10:40:49","date_gmt":"2021-09-30T10:40:49","guid":{"rendered":"https:\/\/lifenatura.dev.agenciagetdigital.com\/produto\/otosan-spray-para-higiene-del-oido-10-ml\/"},"modified":"2022-08-21T15:12:52","modified_gmt":"2022-08-21T15:12:52","slug":"otosan-spray-para-higiene-del-oido-10-ml","status":"publish","type":"product","link":"https:\/\/www.lifenatura.com\/es\/produto\/otosan-spray-para-higiene-del-oido-10-ml\/","title":{"rendered":"Otosan &#8211; Spray para higiene del o\u00eddo 10 ml"},"content":{"rendered":"<p>Adecuado para la higiene de tus o\u00eddos El aerosol Otosan con extractos de plantas org\u00e1nicas es un producto adecuado para la higiene diaria del o\u00eddo, permite una buena higiene del o\u00eddo, ya que libera el canal auditivo por exceso de cera, y se usa regularmente, previene la formaci\u00f3n. Fabricado sin colorantes ni conservantes artificiales. PRESENTACI\u00d3N 10 Ml.<\/p>\n","protected":false},"excerpt":{"rendered":"<p>Adecuado para la higiene de tus o\u00eddos El aerosol Otosan con extractos de plantas org\u00e1nicas es un producto adecuado para la higiene diaria del o\u00eddo, permite una buena higiene del o\u00eddo, ya que libera el canal auditivo por exceso de cera, y se usa regularmente, previene la formaci\u00f3n. Fabricado sin colorantes ni conservantes artificiales. PRESENTACI\u00d3N [&#8230;]<\/p>\n<p><a class=\"btn btn-secondary understrap-read-more-link\" href=\"https:\/\/www.lifenatura.com\/es\/produto\/otosan-spray-para-higiene-del-oido-10-ml\/\">Leer m\u00e1s&#8230;<span class=\"screen-reader-text\"> from Otosan &#8211; Spray para higiene del o\u00eddo 10 ml<\/span><\/a><\/p>\n","protected":false},"featured_media":21660,"template":"","meta":{"_acf_changed":false},"product_brand":[8413],"product_cat":[7179,7227],"product_tag":[],"class_list":{"0":"post-40455","1":"product","2":"type-product","3":"status-publish","4":"has-post-thumbnail","6":"product_brand-otosan","7":"product_cat-salud","8":"product_cat-oidos","10":"first","11":"instock","12":"shipping-taxable","13":"purchasable","14":"product-type-simple","15":"add-to-wishlist-before_image"},"acf":[],"yoast_head":"<!-- This site is optimized with the Yoast SEO Premium plugin v27.1 (Yoast SEO v27.3) - https:\/\/yoast.com\/product\/yoast-seo-premium-wordpress\/ -->\n<title>Otosan - Spray para higiene del o\u00eddo 10 ml<\/title>\n<meta name=\"description\" content=\"El spray Otosan con extractos de plantas org\u00e1nicas es un producto adecuado para la higiene diaria del o\u00eddo.\" \/>\n<meta name=\"robots\" content=\"index, follow, max-snippet:-1, max-image-preview:large, max-video-preview:-1\" \/>\n<link rel=\"canonical\" href=\"https:\/\/www.lifenatura.com\/es\/produto\/otosan-spray-para-higiene-del-oido-10-ml\/\" \/>\n<meta property=\"og:locale\" content=\"es_ES\" \/>\n<meta property=\"og:type\" content=\"article\" \/>\n<meta property=\"og:title\" content=\"Otosan - Spray para higiene del o\u00eddo 10 ml - Lifenatura\" \/>\n<meta property=\"og:description\" content=\"Compre aqui o seu Otosan - Spray para higiene del o\u00eddo 10 ml e a Lifenatura Online envia em 48 H com Portes Gratis &gt;35\u20ac de Pedido.\" \/>\n<meta property=\"og:url\" content=\"https:\/\/www.lifenatura.com\/es\/produto\/otosan-spray-para-higiene-del-oido-10-ml\/\" \/>\n<meta property=\"og:site_name\" content=\"Lifenatura\" \/>\n<meta property=\"article:publisher\" content=\"https:\/\/www.facebook.com\/lifenatura\" \/>\n<meta property=\"article:modified_time\" content=\"2022-08-21T15:12:52+00:00\" \/>\n<meta property=\"og:image\" content=\"https:\/\/www.lifenatura.com\/wp-content\/uploads\/2021\/09\/gd_otosan-spray-ouvidos-50ml.jpg\" \/>\n\t<meta property=\"og:image:width\" content=\"1000\" \/>\n\t<meta property=\"og:image:height\" content=\"1000\" \/>\n\t<meta property=\"og:image:type\" content=\"image\/jpeg\" \/>\n<meta name=\"twitter:card\" content=\"summary_large_image\" \/>\n<meta name=\"twitter:label1\" content=\"Precio\" \/>\n\t<meta name=\"twitter:data1\" content=\"8,27&nbsp;&euro;\" \/>\n\t<meta name=\"twitter:label2\" content=\"Disponibilidad\" \/>\n\t<meta name=\"twitter:data2\" content=\"Disponible\" \/>\n<meta property=\"product:price:amount\" content=\"8.27\" \/>\n<meta property=\"product:price:currency\" content=\"EUR\" \/>\n<meta property=\"og:availability\" content=\"instock\" \/>\n<meta property=\"product:availability\" content=\"instock\" \/>\n<meta property=\"product:retailer_item_id\" content=\"8016887000097\" \/>\n<meta property=\"product:condition\" content=\"new\" \/>\n<!-- \/ Yoast SEO Premium plugin. -->","yoast_head_json":{"title":"Otosan - Spray para higiene del o\u00eddo 10 ml","description":"El spray Otosan con extractos de plantas org\u00e1nicas es un producto adecuado para la higiene diaria del o\u00eddo.","robots":{"index":"index","follow":"follow","max-snippet":"max-snippet:-1","max-image-preview":"max-image-preview:large","max-video-preview":"max-video-preview:-1"},"canonical":"https:\/\/www.lifenatura.com\/es\/produto\/otosan-spray-para-higiene-del-oido-10-ml\/","og_locale":"es_ES","og_type":"article","og_title":"Otosan - Spray para higiene del o\u00eddo 10 ml - Lifenatura","og_description":"Compre aqui o seu Otosan - Spray para higiene del o\u00eddo 10 ml e a Lifenatura Online envia em 48 H com Portes Gratis >35\u20ac de Pedido.","og_url":"https:\/\/www.lifenatura.com\/es\/produto\/otosan-spray-para-higiene-del-oido-10-ml\/","og_site_name":"Lifenatura","article_publisher":"https:\/\/www.facebook.com\/lifenatura","article_modified_time":"2022-08-21T15:12:52+00:00","og_image":[{"width":1000,"height":1000,"url":"https:\/\/www.lifenatura.com\/wp-content\/uploads\/2021\/09\/gd_otosan-spray-ouvidos-50ml.jpg","type":"image\/jpeg"}],"twitter_card":"summary_large_image","twitter_misc":{"Precio":"8,27&nbsp;&euro;","Disponibilidad":"Disponible"},"schema":{"@context":"https:\/\/schema.org","@graph":[{"@type":"WebPage","@id":"https:\/\/www.lifenatura.com\/es\/produto\/otosan-spray-para-higiene-del-oido-10-ml\/","url":"https:\/\/www.lifenatura.com\/es\/produto\/otosan-spray-para-higiene-del-oido-10-ml\/","name":"Otosan - Spray para higiene del o\u00eddo 10 ml","isPartOf":{"@id":"https:\/\/www.lifenatura.com\/es\/#website"},"primaryImageOfPage":{"@id":"https:\/\/www.lifenatura.com\/es\/produto\/otosan-spray-para-higiene-del-oido-10-ml\/#primaryimage"},"image":{"@id":"https:\/\/www.lifenatura.com\/es\/produto\/otosan-spray-para-higiene-del-oido-10-ml\/#primaryimage"},"thumbnailUrl":"https:\/\/www.lifenatura.com\/wp-content\/uploads\/2021\/09\/gd_otosan-spray-ouvidos-50ml.jpg","datePublished":"2021-09-30T10:40:49+00:00","dateModified":"2022-08-21T15:12:52+00:00","description":"El spray Otosan con extractos de plantas org\u00e1nicas es un producto adecuado para la higiene diaria del o\u00eddo.","breadcrumb":{"@id":"https:\/\/www.lifenatura.com\/es\/produto\/otosan-spray-para-higiene-del-oido-10-ml\/#breadcrumb"},"inLanguage":"es","potentialAction":[{"@type":"ReadAction","target":["https:\/\/www.lifenatura.com\/es\/produto\/otosan-spray-para-higiene-del-oido-10-ml\/"]}]},{"@type":"ImageObject","inLanguage":"es","@id":"https:\/\/www.lifenatura.com\/es\/produto\/otosan-spray-para-higiene-del-oido-10-ml\/#primaryimage","url":"https:\/\/www.lifenatura.com\/wp-content\/uploads\/2021\/09\/gd_otosan-spray-ouvidos-50ml.jpg","contentUrl":"https:\/\/www.lifenatura.com\/wp-content\/uploads\/2021\/09\/gd_otosan-spray-ouvidos-50ml.jpg","width":1000,"height":1000,"caption":"Otosan - Spray para higiene del o\u00eddo 10 ml"},{"@type":"BreadcrumbList","@id":"https:\/\/www.lifenatura.com\/es\/produto\/otosan-spray-para-higiene-del-oido-10-ml\/#breadcrumb","itemListElement":[{"@type":"ListItem","position":1,"name":"In\u00edcio","item":"https:\/\/www.lifenatura.com\/es\/"},{"@type":"ListItem","position":2,"name":"Todos los Productos","item":"https:\/\/www.lifenatura.com\/es\/tienda\/"},{"@type":"ListItem","position":3,"name":"Otosan &#8211; Spray para higiene del o\u00eddo 10 ml"}]},{"@type":"WebSite","@id":"https:\/\/www.lifenatura.com\/es\/#website","url":"https:\/\/www.lifenatura.com\/es\/","name":"Lifenatura","description":"A Lifenatura \u00e9 uma loja de produtos naturais, cosm\u00e9tica natural e alimenta\u00e7\u00e3o Biol\u00f3gica.","publisher":{"@id":"https:\/\/www.lifenatura.com\/es\/#organization"},"potentialAction":[{"@type":"SearchAction","target":{"@type":"EntryPoint","urlTemplate":"https:\/\/www.lifenatura.com\/es\/?s={search_term_string}"},"query-input":{"@type":"PropertyValueSpecification","valueRequired":true,"valueName":"search_term_string"}}],"inLanguage":"es"},{"@type":"Organization","@id":"https:\/\/www.lifenatura.com\/es\/#organization","name":"Lifenatura","url":"https:\/\/www.lifenatura.com\/es\/","logo":{"@type":"ImageObject","inLanguage":"es","@id":"https:\/\/www.lifenatura.com\/es\/#\/schema\/logo\/image\/","url":"https:\/\/www.lifenatura.com\/wp-content\/uploads\/2021\/11\/logo.png","contentUrl":"https:\/\/www.lifenatura.com\/wp-content\/uploads\/2021\/11\/logo.png","width":175,"height":55,"caption":"Lifenatura"},"image":{"@id":"https:\/\/www.lifenatura.com\/es\/#\/schema\/logo\/image\/"},"sameAs":["https:\/\/www.facebook.com\/lifenatura","https:\/\/www.instagram.com\/lifenaturapt\/"]}]},"product_price_amount":"8.27","product_price_currency":"EUR","og_availability":"instock","product_availability":"instock","product_retailer_item_id":"8016887000097","product_condition":"new"},"df_price":8.27,"df_sale_price":"","df_regular_price":8.27,"df_image_link":"https:\/\/www.lifenatura.com\/wp-content\/uploads\/2021\/09\/gd_otosan-spray-ouvidos-50ml-300x300.jpg","_links":{"self":[{"href":"https:\/\/www.lifenatura.com\/es\/wp-json\/wp\/v2\/product\/40455","targetHints":{"allow":["GET"]}}],"collection":[{"href":"https:\/\/www.lifenatura.com\/es\/wp-json\/wp\/v2\/product"}],"about":[{"href":"https:\/\/www.lifenatura.com\/es\/wp-json\/wp\/v2\/types\/product"}],"wp:featuredmedia":[{"embeddable":true,"href":"https:\/\/www.lifenatura.com\/es\/wp-json\/wp\/v2\/media\/21660"}],"wp:attachment":[{"href":"https:\/\/www.lifenatura.com\/es\/wp-json\/wp\/v2\/media?parent=40455"}],"wp:term":[{"taxonomy":"product_brand","embeddable":true,"href":"https:\/\/www.lifenatura.com\/es\/wp-json\/wp\/v2\/product_brand?post=40455"},{"taxonomy":"product_cat","embeddable":true,"href":"https:\/\/www.lifenatura.com\/es\/wp-json\/wp\/v2\/product_cat?post=40455"},{"taxonomy":"product_tag","embeddable":true,"href":"https:\/\/www.lifenatura.com\/es\/wp-json\/wp\/v2\/product_tag?post=40455"}],"curies":[{"name":"wp","href":"https:\/\/api.w.org\/{rel}","templated":true}]}}