{"id":40454,"date":"2021-09-30T10:40:49","date_gmt":"2021-09-30T10:40:49","guid":{"rendered":"https:\/\/lifenatura.dev.agenciagetdigital.com\/produto\/otosan-gotas-higiene-oido-10-ml\/"},"modified":"2022-08-21T15:12:50","modified_gmt":"2022-08-21T15:12:50","slug":"otosan-gotas-higiene-oido-10-ml","status":"publish","type":"product","link":"https:\/\/www.lifenatura.com\/es\/produto\/otosan-gotas-higiene-oido-10-ml\/","title":{"rendered":"Otosan &#8211; Gotas Higiene O\u00eddo 10 ml"},"content":{"rendered":"<p>Adecuado para la higiene de tus o\u00eddos Las gotas de higiene para el o\u00eddo de Otosan est\u00e1n indicadas para facilitar la limpieza del canal auditivo, emulsionando la cera favoreciendo su eliminaci\u00f3n y protegiendo el fortalecimiento del o\u00eddo de sus defensas, sin secar la piel y respetando el equilibrio natural y fisiol\u00f3gico seb\u00e1ceo. Es 100% natural, suave y efectivo, y es adecuado para todos, adultos, ni\u00f1os y porta aud\u00edfonos, incluso para uso prolongado. PRESENTACI\u00d3N 10 Ml.<\/p>\n","protected":false},"excerpt":{"rendered":"<p>Adecuado para la higiene de tus o\u00eddos Las gotas de higiene para el o\u00eddo de Otosan est\u00e1n indicadas para facilitar la limpieza del canal auditivo, emulsionando la cera favoreciendo su eliminaci\u00f3n y protegiendo el fortalecimiento del o\u00eddo de sus defensas, sin secar la piel y respetando el equilibrio natural y fisiol\u00f3gico seb\u00e1ceo. Es 100% natural, [&#8230;]<\/p>\n<p><a class=\"btn btn-secondary understrap-read-more-link\" href=\"https:\/\/www.lifenatura.com\/es\/produto\/otosan-gotas-higiene-oido-10-ml\/\">Leer m\u00e1s&#8230;<span class=\"screen-reader-text\"> from Otosan &#8211; Gotas Higiene O\u00eddo 10 ml<\/span><\/a><\/p>\n","protected":false},"featured_media":21659,"template":"","meta":{"_acf_changed":false},"product_brand":[8413],"product_cat":[7179,7227],"product_tag":[],"class_list":{"0":"post-40454","1":"product","2":"type-product","3":"status-publish","4":"has-post-thumbnail","6":"product_brand-otosan","7":"product_cat-salud","8":"product_cat-oidos","10":"first","11":"instock","12":"shipping-taxable","13":"purchasable","14":"product-type-simple","15":"add-to-wishlist-before_image"},"acf":[],"yoast_head":"<!-- This site is optimized with the Yoast SEO Premium plugin v27.1 (Yoast SEO v27.5) - https:\/\/yoast.com\/product\/yoast-seo-premium-wordpress\/ -->\n<title>Otosan - Gotas Higiene O\u00eddo 10 ml<\/title>\n<meta name=\"description\" content=\"Las gotas de higiene para el o\u00eddo de Otosan est\u00e1n indicadas para facilitar la limpieza del canal auditivo, emulsionando la cera favoreciendo su eliminaci\u00f3n y protegiendo el fortalecimiento del o\u00eddo de sus defensas, sin secar la piel y respetando el equilibrio natural y fisiol\u00f3gico seb\u00e1ceo.\" \/>\n<meta name=\"robots\" content=\"index, follow, max-snippet:-1, max-image-preview:large, max-video-preview:-1\" \/>\n<link rel=\"canonical\" href=\"https:\/\/www.lifenatura.com\/es\/produto\/otosan-gotas-higiene-oido-10-ml\/\" \/>\n<meta property=\"og:locale\" content=\"es_ES\" \/>\n<meta property=\"og:type\" content=\"article\" \/>\n<meta property=\"og:title\" content=\"Otosan - Gotas Higiene O\u00eddo 10 ml - Na Lifenatura ao Melhor Pre\u00e7o | Envio 48h\" \/>\n<meta property=\"og:description\" content=\"Compre Otosan - Gotas Higiene O\u00eddo 10 ml com envio r\u00e1pido. Entrega em 48h e portes gr\u00e1tis em compras &gt;35\u20ac. Aproveite j\u00e1 na Lifenatura\" \/>\n<meta property=\"og:url\" content=\"https:\/\/www.lifenatura.com\/es\/produto\/otosan-gotas-higiene-oido-10-ml\/\" \/>\n<meta property=\"og:site_name\" content=\"Lifenatura\" \/>\n<meta property=\"article:publisher\" content=\"https:\/\/www.facebook.com\/lifenatura\" \/>\n<meta property=\"article:modified_time\" content=\"2022-08-21T15:12:50+00:00\" \/>\n<meta property=\"og:image\" content=\"https:\/\/www.lifenatura.com\/wp-content\/uploads\/2021\/09\/gd_otosan-gotas-auriculares-naturais-10ml.jpg\" \/>\n\t<meta property=\"og:image:width\" content=\"1000\" \/>\n\t<meta property=\"og:image:height\" content=\"1000\" \/>\n\t<meta property=\"og:image:type\" content=\"image\/jpeg\" \/>\n<meta name=\"twitter:card\" content=\"summary_large_image\" \/>\n<meta name=\"twitter:label1\" content=\"Precio\" \/>\n\t<meta name=\"twitter:data1\" content=\"7,02&nbsp;&euro;\" \/>\n\t<meta name=\"twitter:label2\" content=\"Disponibilidad\" \/>\n\t<meta name=\"twitter:data2\" content=\"Disponible\" \/>\n<script type=\"application\/ld+json\" class=\"yoast-schema-graph\">{\"@context\":\"https:\\\/\\\/schema.org\",\"@graph\":[{\"@type\":\"WebPage\",\"@id\":\"https:\\\/\\\/www.lifenatura.com\\\/es\\\/produto\\\/otosan-gotas-higiene-oido-10-ml\\\/\",\"url\":\"https:\\\/\\\/www.lifenatura.com\\\/es\\\/produto\\\/otosan-gotas-higiene-oido-10-ml\\\/\",\"name\":\"Otosan - Gotas Higiene O\u00eddo 10 ml\",\"isPartOf\":{\"@id\":\"https:\\\/\\\/www.lifenatura.com\\\/es\\\/#website\"},\"primaryImageOfPage\":{\"@id\":\"https:\\\/\\\/www.lifenatura.com\\\/es\\\/produto\\\/otosan-gotas-higiene-oido-10-ml\\\/#primaryimage\"},\"image\":{\"@id\":\"https:\\\/\\\/www.lifenatura.com\\\/es\\\/produto\\\/otosan-gotas-higiene-oido-10-ml\\\/#primaryimage\"},\"thumbnailUrl\":\"https:\\\/\\\/www.lifenatura.com\\\/wp-content\\\/uploads\\\/2021\\\/09\\\/gd_otosan-gotas-auriculares-naturais-10ml.jpg\",\"datePublished\":\"2021-09-30T10:40:49+00:00\",\"dateModified\":\"2022-08-21T15:12:50+00:00\",\"description\":\"Las gotas de higiene para el o\u00eddo de Otosan est\u00e1n indicadas para facilitar la limpieza del canal auditivo, emulsionando la cera favoreciendo su eliminaci\u00f3n y protegiendo el fortalecimiento del o\u00eddo de sus defensas, sin secar la piel y respetando el equilibrio natural y fisiol\u00f3gico seb\u00e1ceo.\",\"breadcrumb\":{\"@id\":\"https:\\\/\\\/www.lifenatura.com\\\/es\\\/produto\\\/otosan-gotas-higiene-oido-10-ml\\\/#breadcrumb\"},\"inLanguage\":\"es\",\"potentialAction\":[{\"@type\":\"ReadAction\",\"target\":[\"https:\\\/\\\/www.lifenatura.com\\\/es\\\/produto\\\/otosan-gotas-higiene-oido-10-ml\\\/\"]}]},{\"@type\":\"ImageObject\",\"inLanguage\":\"es\",\"@id\":\"https:\\\/\\\/www.lifenatura.com\\\/es\\\/produto\\\/otosan-gotas-higiene-oido-10-ml\\\/#primaryimage\",\"url\":\"https:\\\/\\\/www.lifenatura.com\\\/wp-content\\\/uploads\\\/2021\\\/09\\\/gd_otosan-gotas-auriculares-naturais-10ml.jpg\",\"contentUrl\":\"https:\\\/\\\/www.lifenatura.com\\\/wp-content\\\/uploads\\\/2021\\\/09\\\/gd_otosan-gotas-auriculares-naturais-10ml.jpg\",\"width\":1000,\"height\":1000,\"caption\":\"Otosan - Gotas Higiene O\u00eddo 10 ml\"},{\"@type\":\"BreadcrumbList\",\"@id\":\"https:\\\/\\\/www.lifenatura.com\\\/es\\\/produto\\\/otosan-gotas-higiene-oido-10-ml\\\/#breadcrumb\",\"itemListElement\":[{\"@type\":\"ListItem\",\"position\":1,\"name\":\"In\u00edcio\",\"item\":\"https:\\\/\\\/www.lifenatura.com\\\/es\\\/\"},{\"@type\":\"ListItem\",\"position\":2,\"name\":\"Todos los Productos\",\"item\":\"https:\\\/\\\/www.lifenatura.com\\\/es\\\/tienda\\\/\"},{\"@type\":\"ListItem\",\"position\":3,\"name\":\"Otosan &#8211; Gotas Higiene O\u00eddo 10 ml\"}]},{\"@type\":\"WebSite\",\"@id\":\"https:\\\/\\\/www.lifenatura.com\\\/es\\\/#website\",\"url\":\"https:\\\/\\\/www.lifenatura.com\\\/es\\\/\",\"name\":\"Lifenatura\",\"description\":\"A Lifenatura \u00e9 uma loja de produtos naturais, cosm\u00e9tica natural e alimenta\u00e7\u00e3o Biol\u00f3gica.\",\"publisher\":{\"@id\":\"https:\\\/\\\/www.lifenatura.com\\\/es\\\/#organization\"},\"potentialAction\":[{\"@type\":\"SearchAction\",\"target\":{\"@type\":\"EntryPoint\",\"urlTemplate\":\"https:\\\/\\\/www.lifenatura.com\\\/es\\\/?s={search_term_string}\"},\"query-input\":{\"@type\":\"PropertyValueSpecification\",\"valueRequired\":true,\"valueName\":\"search_term_string\"}}],\"inLanguage\":\"es\"},{\"@type\":\"Organization\",\"@id\":\"https:\\\/\\\/www.lifenatura.com\\\/es\\\/#organization\",\"name\":\"Lifenatura\",\"url\":\"https:\\\/\\\/www.lifenatura.com\\\/es\\\/\",\"logo\":{\"@type\":\"ImageObject\",\"inLanguage\":\"es\",\"@id\":\"https:\\\/\\\/www.lifenatura.com\\\/es\\\/#\\\/schema\\\/logo\\\/image\\\/\",\"url\":\"https:\\\/\\\/www.lifenatura.com\\\/wp-content\\\/uploads\\\/2021\\\/07\\\/logo.png\",\"contentUrl\":\"https:\\\/\\\/www.lifenatura.com\\\/wp-content\\\/uploads\\\/2021\\\/07\\\/logo.png\",\"width\":175,\"height\":55,\"caption\":\"Lifenatura\"},\"image\":{\"@id\":\"https:\\\/\\\/www.lifenatura.com\\\/es\\\/#\\\/schema\\\/logo\\\/image\\\/\"},\"sameAs\":[\"https:\\\/\\\/www.facebook.com\\\/lifenatura\",\"https:\\\/\\\/www.instagram.com\\\/lifenaturapt\\\/\"],\"hasMerchantReturnPolicy\":{\"@type\":\"MerchantReturnPolicy\",\"merchantReturnLink\":\"https:\\\/\\\/www.lifenatura.com\\\/termos-condicoes-lifenatura\\\/\"}}]}<\/script>\n<meta property=\"product:price:amount\" content=\"7.02\" \/>\n<meta property=\"product:price:currency\" content=\"EUR\" \/>\n<meta property=\"og:availability\" content=\"instock\" \/>\n<meta property=\"product:availability\" content=\"instock\" \/>\n<meta property=\"product:retailer_item_id\" content=\"8016887000059\" \/>\n<meta property=\"product:condition\" content=\"new\" \/>\n<!-- \/ Yoast SEO Premium plugin. -->","yoast_head_json":{"title":"Otosan - Gotas Higiene O\u00eddo 10 ml","description":"Las gotas de higiene para el o\u00eddo de Otosan est\u00e1n indicadas para facilitar la limpieza del canal auditivo, emulsionando la cera favoreciendo su eliminaci\u00f3n y protegiendo el fortalecimiento del o\u00eddo de sus defensas, sin secar la piel y respetando el equilibrio natural y fisiol\u00f3gico seb\u00e1ceo.","robots":{"index":"index","follow":"follow","max-snippet":"max-snippet:-1","max-image-preview":"max-image-preview:large","max-video-preview":"max-video-preview:-1"},"canonical":"https:\/\/www.lifenatura.com\/es\/produto\/otosan-gotas-higiene-oido-10-ml\/","og_locale":"es_ES","og_type":"article","og_title":"Otosan - Gotas Higiene O\u00eddo 10 ml - Na Lifenatura ao Melhor Pre\u00e7o | Envio 48h","og_description":"Compre Otosan - Gotas Higiene O\u00eddo 10 ml com envio r\u00e1pido. Entrega em 48h e portes gr\u00e1tis em compras >35\u20ac. Aproveite j\u00e1 na Lifenatura","og_url":"https:\/\/www.lifenatura.com\/es\/produto\/otosan-gotas-higiene-oido-10-ml\/","og_site_name":"Lifenatura","article_publisher":"https:\/\/www.facebook.com\/lifenatura","article_modified_time":"2022-08-21T15:12:50+00:00","og_image":[{"width":1000,"height":1000,"url":"https:\/\/www.lifenatura.com\/wp-content\/uploads\/2021\/09\/gd_otosan-gotas-auriculares-naturais-10ml.jpg","type":"image\/jpeg"}],"twitter_card":"summary_large_image","twitter_misc":{"Precio":"7,02&nbsp;&euro;","Disponibilidad":"Disponible"},"schema":{"@context":"https:\/\/schema.org","@graph":[{"@type":"WebPage","@id":"https:\/\/www.lifenatura.com\/es\/produto\/otosan-gotas-higiene-oido-10-ml\/","url":"https:\/\/www.lifenatura.com\/es\/produto\/otosan-gotas-higiene-oido-10-ml\/","name":"Otosan - Gotas Higiene O\u00eddo 10 ml","isPartOf":{"@id":"https:\/\/www.lifenatura.com\/es\/#website"},"primaryImageOfPage":{"@id":"https:\/\/www.lifenatura.com\/es\/produto\/otosan-gotas-higiene-oido-10-ml\/#primaryimage"},"image":{"@id":"https:\/\/www.lifenatura.com\/es\/produto\/otosan-gotas-higiene-oido-10-ml\/#primaryimage"},"thumbnailUrl":"https:\/\/www.lifenatura.com\/wp-content\/uploads\/2021\/09\/gd_otosan-gotas-auriculares-naturais-10ml.jpg","datePublished":"2021-09-30T10:40:49+00:00","dateModified":"2022-08-21T15:12:50+00:00","description":"Las gotas de higiene para el o\u00eddo de Otosan est\u00e1n indicadas para facilitar la limpieza del canal auditivo, emulsionando la cera favoreciendo su eliminaci\u00f3n y protegiendo el fortalecimiento del o\u00eddo de sus defensas, sin secar la piel y respetando el equilibrio natural y fisiol\u00f3gico seb\u00e1ceo.","breadcrumb":{"@id":"https:\/\/www.lifenatura.com\/es\/produto\/otosan-gotas-higiene-oido-10-ml\/#breadcrumb"},"inLanguage":"es","potentialAction":[{"@type":"ReadAction","target":["https:\/\/www.lifenatura.com\/es\/produto\/otosan-gotas-higiene-oido-10-ml\/"]}]},{"@type":"ImageObject","inLanguage":"es","@id":"https:\/\/www.lifenatura.com\/es\/produto\/otosan-gotas-higiene-oido-10-ml\/#primaryimage","url":"https:\/\/www.lifenatura.com\/wp-content\/uploads\/2021\/09\/gd_otosan-gotas-auriculares-naturais-10ml.jpg","contentUrl":"https:\/\/www.lifenatura.com\/wp-content\/uploads\/2021\/09\/gd_otosan-gotas-auriculares-naturais-10ml.jpg","width":1000,"height":1000,"caption":"Otosan - Gotas Higiene O\u00eddo 10 ml"},{"@type":"BreadcrumbList","@id":"https:\/\/www.lifenatura.com\/es\/produto\/otosan-gotas-higiene-oido-10-ml\/#breadcrumb","itemListElement":[{"@type":"ListItem","position":1,"name":"In\u00edcio","item":"https:\/\/www.lifenatura.com\/es\/"},{"@type":"ListItem","position":2,"name":"Todos los Productos","item":"https:\/\/www.lifenatura.com\/es\/tienda\/"},{"@type":"ListItem","position":3,"name":"Otosan &#8211; Gotas Higiene O\u00eddo 10 ml"}]},{"@type":"WebSite","@id":"https:\/\/www.lifenatura.com\/es\/#website","url":"https:\/\/www.lifenatura.com\/es\/","name":"Lifenatura","description":"A Lifenatura \u00e9 uma loja de produtos naturais, cosm\u00e9tica natural e alimenta\u00e7\u00e3o Biol\u00f3gica.","publisher":{"@id":"https:\/\/www.lifenatura.com\/es\/#organization"},"potentialAction":[{"@type":"SearchAction","target":{"@type":"EntryPoint","urlTemplate":"https:\/\/www.lifenatura.com\/es\/?s={search_term_string}"},"query-input":{"@type":"PropertyValueSpecification","valueRequired":true,"valueName":"search_term_string"}}],"inLanguage":"es"},{"@type":"Organization","@id":"https:\/\/www.lifenatura.com\/es\/#organization","name":"Lifenatura","url":"https:\/\/www.lifenatura.com\/es\/","logo":{"@type":"ImageObject","inLanguage":"es","@id":"https:\/\/www.lifenatura.com\/es\/#\/schema\/logo\/image\/","url":"https:\/\/www.lifenatura.com\/wp-content\/uploads\/2021\/07\/logo.png","contentUrl":"https:\/\/www.lifenatura.com\/wp-content\/uploads\/2021\/07\/logo.png","width":175,"height":55,"caption":"Lifenatura"},"image":{"@id":"https:\/\/www.lifenatura.com\/es\/#\/schema\/logo\/image\/"},"sameAs":["https:\/\/www.facebook.com\/lifenatura","https:\/\/www.instagram.com\/lifenaturapt\/"],"hasMerchantReturnPolicy":{"@type":"MerchantReturnPolicy","merchantReturnLink":"https:\/\/www.lifenatura.com\/termos-condicoes-lifenatura\/"}}]},"product_price_amount":"7.02","product_price_currency":"EUR","og_availability":"instock","product_availability":"instock","product_retailer_item_id":"8016887000059","product_condition":"new"},"df_price":7.02,"df_sale_price":"","df_regular_price":7.02,"df_image_link":"https:\/\/www.lifenatura.com\/wp-content\/uploads\/2021\/09\/gd_otosan-gotas-auriculares-naturais-10ml-300x300.jpg","_links":{"self":[{"href":"https:\/\/www.lifenatura.com\/es\/wp-json\/wp\/v2\/product\/40454","targetHints":{"allow":["GET"]}}],"collection":[{"href":"https:\/\/www.lifenatura.com\/es\/wp-json\/wp\/v2\/product"}],"about":[{"href":"https:\/\/www.lifenatura.com\/es\/wp-json\/wp\/v2\/types\/product"}],"wp:featuredmedia":[{"embeddable":true,"href":"https:\/\/www.lifenatura.com\/es\/wp-json\/wp\/v2\/media\/21659"}],"wp:attachment":[{"href":"https:\/\/www.lifenatura.com\/es\/wp-json\/wp\/v2\/media?parent=40454"}],"wp:term":[{"taxonomy":"product_brand","embeddable":true,"href":"https:\/\/www.lifenatura.com\/es\/wp-json\/wp\/v2\/product_brand?post=40454"},{"taxonomy":"product_cat","embeddable":true,"href":"https:\/\/www.lifenatura.com\/es\/wp-json\/wp\/v2\/product_cat?post=40454"},{"taxonomy":"product_tag","embeddable":true,"href":"https:\/\/www.lifenatura.com\/es\/wp-json\/wp\/v2\/product_tag?post=40454"}],"curies":[{"name":"wp","href":"https:\/\/api.w.org\/{rel}","templated":true}]}}