{"id":40400,"date":"2021-09-30T10:39:45","date_gmt":"2021-09-30T10:39:45","guid":{"rendered":"https:\/\/lifenatura.dev.agenciagetdigital.com\/produto\/orthomol-fertil-plus-30-comprimidos-capsulas\/"},"modified":"2025-03-20T18:36:45","modified_gmt":"2025-03-20T18:36:45","slug":"orthomol-fertil-plus-30-comprimidos-capsulas","status":"publish","type":"product","link":"https:\/\/www.lifenatura.com\/es\/produto\/orthomol-fertil-plus-30-comprimidos-capsulas\/","title":{"rendered":"Orthomol Fertil Plus 30 Comprimidos + C\u00e1psulas"},"content":{"rendered":"<h2 style=\"text-align: left;\"><strong>Orthomol Fertil Plus: Apoyo nutricional para la fertilidad masculina<\/strong><\/h2>\n<p>&nbsp;<\/p>\n<p>Orthomol Fertil Plus es un complemento alimenticio dise\u00f1ado para aportar micronutrientes esenciales que favorecen la fertilidad masculina. Este producto combina vitaminas, minerales, \u00e1cidos grasos omega-3 y otros nutrientes que contribuyen a la salud reproductiva y a la calidad del esperma.<\/p>\n<p><strong>Principales beneficios:<\/strong><\/p>\n<ul>\n<li><strong>Apoyo a la fertilidad y la reproducci\u00f3n:<\/strong> El zinc de la f\u00f3rmula contribuye a la fertilidad y la reproducci\u00f3n normales, adem\u00e1s de ayudar a mantener niveles normales de testosterona en la sangre.<\/li>\n<li><strong>Calidad del esperma:<\/strong> El selenio contribuye a la espermatog\u00e9nesis normal, que es esencial para la producci\u00f3n saludable de esperma.<\/li>\n<li><strong>Metabolismo de la homociste\u00edna:<\/strong> Las vitaminas B6, B12 y el \u00e1cido f\u00f3lico (folato) contribuyen al metabolismo normal de la homociste\u00edna, un amino\u00e1cido cuyo equilibrio es importante para la salud reproductiva.<\/li>\n<li><strong>Divisi\u00f3n celular:<\/strong> La vitamina B12, el zinc y la vitamina D intervienen en el proceso de divisi\u00f3n celular, fundamental para la regeneraci\u00f3n y la salud de las c\u00e9lulas reproductoras.<\/li>\n<li><strong>Protecci\u00f3n frente al estr\u00e9s oxidativo:<\/strong> Nutrientes como el cobre, el selenio, la vitamina C, la vitamina E y el zinc contribuyen a la protecci\u00f3n de las c\u00e9lulas frente al estr\u00e9s oxidativo, que puede afectar negativamente a la calidad del esperma.<\/li>\n<\/ul>\n<p><strong>Adecuado para:<\/strong><\/p>\n<ul>\n<li><strong>Hombres que desean mejorar su fertilidad:<\/strong> Personas que desean optimizar su salud reproductiva y aumentar las posibilidades de concebir.<\/li>\n<li><strong>Parejas con dificultades para concebir:<\/strong> Hombres que desean mejorar su salud reproductiva como parte de un enfoque integrado de la fertilidad de la pareja.<\/li>\n<li><strong>Hombres expuestos a factores de riesgo:<\/strong> Individuos expuestos a factores que pueden afectar a la calidad del esperma, como el estr\u00e9s, una dieta inadecuada o la exposici\u00f3n a toxinas medioambientales.<\/li>\n<\/ul>\n<p>Orthomol fertil plus es un complemento alimenticio que contiene micronutrientes importantes para la fertilidad masculina. Contiene zinc, que contribuye a la fertilidad normal, la s\u00edntesis del ADN y los niveles normales de testosterona. El selenio, el cobre y las vitaminas C y E protegen al esperma del estr\u00e9s oxidativo.<\/p>\n<p>Con L-carnitina, coenzima Q10 y \u00e1cidos grasos omega-3.<\/p>\n<p><strong>PRESENTACI\u00d3N<\/strong><\/p>\n<p>30 Porciones: 3 Comprimidos + 1 C\u00e1psula.<\/p>\n<p>&nbsp;<\/p>\n","protected":false},"excerpt":{"rendered":"<p>Orthomol Fertil Plus es un complemento alimenticio que aporta micronutrientes esenciales para favorecer la fertilidad masculina y la salud reproductiva. [&#8230;]<\/p>\n<p><a class=\"btn btn-secondary understrap-read-more-link\" href=\"https:\/\/www.lifenatura.com\/es\/produto\/orthomol-fertil-plus-30-comprimidos-capsulas\/\">Leer m\u00e1s&#8230;<span class=\"screen-reader-text\"> from Orthomol Fertil Plus 30 Comprimidos + C\u00e1psulas<\/span><\/a><\/p>\n","protected":false},"featured_media":108706,"template":"","meta":{"_acf_changed":false},"product_brand":[8418],"product_cat":[7241,7659,7728,7755,7179],"product_tag":[],"class_list":{"0":"post-40400","1":"product","2":"type-product","3":"status-publish","4":"has-post-thumbnail","6":"product_brand-orthomol","7":"product_cat-aparato-reproductor-masculino","8":"product_cat-ingrediente-natural-bio","9":"product_cat-l-carnitina-es","10":"product_cat-omega-3-es","11":"product_cat-salud","13":"first","14":"instock","15":"shipping-taxable","16":"purchasable","17":"product-type-simple","18":"add-to-wishlist-before_image"},"acf":[],"yoast_head":"<!-- This site is optimized with the Yoast SEO Premium plugin v27.1 (Yoast SEO v27.5) - https:\/\/yoast.com\/product\/yoast-seo-premium-wordpress\/ -->\n<title>Orthomol Fertil Plus - Lifenatura<\/title>\n<meta name=\"description\" content=\"Orthomol Fertil Plus es un complemento alimenticio que aporta micronutrientes esenciales para favorecer la fertilidad masculina y la salud reproductiva.\" \/>\n<meta name=\"robots\" content=\"index, follow, max-snippet:-1, max-image-preview:large, max-video-preview:-1\" \/>\n<link rel=\"canonical\" href=\"https:\/\/www.lifenatura.com\/es\/produto\/orthomol-fertil-plus-30-comprimidos-capsulas\/\" \/>\n<meta property=\"og:locale\" content=\"es_ES\" \/>\n<meta property=\"og:type\" content=\"article\" \/>\n<meta property=\"og:title\" content=\"Orthomol Fertil Plus 30 Comprimidos + C\u00e1psulas - Na Lifenatura ao Melhor Pre\u00e7o | Envio 48h\" \/>\n<meta property=\"og:description\" content=\"Compre Orthomol Fertil Plus 30 Comprimidos + C\u00e1psulas com envio r\u00e1pido. Entrega em 48h e portes gr\u00e1tis em compras &gt;35\u20ac. Aproveite j\u00e1 na Lifenatura\" \/>\n<meta property=\"og:url\" content=\"https:\/\/www.lifenatura.com\/es\/produto\/orthomol-fertil-plus-30-comprimidos-capsulas\/\" \/>\n<meta property=\"og:site_name\" content=\"Lifenatura\" \/>\n<meta property=\"article:publisher\" content=\"https:\/\/www.facebook.com\/lifenatura\" \/>\n<meta property=\"article:modified_time\" content=\"2025-03-20T18:36:45+00:00\" \/>\n<meta property=\"og:image\" content=\"https:\/\/www.lifenatura.com\/wp-content\/uploads\/2021\/09\/orthomol-fertil-plus.jpg\" \/>\n\t<meta property=\"og:image:width\" content=\"1000\" \/>\n\t<meta property=\"og:image:height\" content=\"1000\" \/>\n\t<meta property=\"og:image:type\" content=\"image\/jpeg\" \/>\n<meta name=\"twitter:card\" content=\"summary_large_image\" \/>\n<meta name=\"twitter:label1\" content=\"Precio\" \/>\n\t<meta name=\"twitter:data1\" content=\"59,99&nbsp;&euro;\" \/>\n\t<meta name=\"twitter:label2\" content=\"Disponibilidad\" \/>\n\t<meta name=\"twitter:data2\" content=\"Disponible\" \/>\n<script type=\"application\/ld+json\" class=\"yoast-schema-graph\">{\"@context\":\"https:\\\/\\\/schema.org\",\"@graph\":[{\"@type\":\"WebPage\",\"@id\":\"https:\\\/\\\/www.lifenatura.com\\\/es\\\/produto\\\/orthomol-fertil-plus-30-comprimidos-capsulas\\\/\",\"url\":\"https:\\\/\\\/www.lifenatura.com\\\/es\\\/produto\\\/orthomol-fertil-plus-30-comprimidos-capsulas\\\/\",\"name\":\"Orthomol Fertil Plus - Lifenatura\",\"isPartOf\":{\"@id\":\"https:\\\/\\\/www.lifenatura.com\\\/es\\\/#website\"},\"primaryImageOfPage\":{\"@id\":\"https:\\\/\\\/www.lifenatura.com\\\/es\\\/produto\\\/orthomol-fertil-plus-30-comprimidos-capsulas\\\/#primaryimage\"},\"image\":{\"@id\":\"https:\\\/\\\/www.lifenatura.com\\\/es\\\/produto\\\/orthomol-fertil-plus-30-comprimidos-capsulas\\\/#primaryimage\"},\"thumbnailUrl\":\"https:\\\/\\\/www.lifenatura.com\\\/wp-content\\\/uploads\\\/2021\\\/09\\\/orthomol-fertil-plus.jpg\",\"datePublished\":\"2021-09-30T10:39:45+00:00\",\"dateModified\":\"2025-03-20T18:36:45+00:00\",\"description\":\"Orthomol Fertil Plus es un complemento alimenticio que aporta micronutrientes esenciales para favorecer la fertilidad masculina y la salud reproductiva.\",\"breadcrumb\":{\"@id\":\"https:\\\/\\\/www.lifenatura.com\\\/es\\\/produto\\\/orthomol-fertil-plus-30-comprimidos-capsulas\\\/#breadcrumb\"},\"inLanguage\":\"es\",\"potentialAction\":[{\"@type\":\"ReadAction\",\"target\":[\"https:\\\/\\\/www.lifenatura.com\\\/es\\\/produto\\\/orthomol-fertil-plus-30-comprimidos-capsulas\\\/\"]}]},{\"@type\":\"ImageObject\",\"inLanguage\":\"es\",\"@id\":\"https:\\\/\\\/www.lifenatura.com\\\/es\\\/produto\\\/orthomol-fertil-plus-30-comprimidos-capsulas\\\/#primaryimage\",\"url\":\"https:\\\/\\\/www.lifenatura.com\\\/wp-content\\\/uploads\\\/2021\\\/09\\\/orthomol-fertil-plus.jpg\",\"contentUrl\":\"https:\\\/\\\/www.lifenatura.com\\\/wp-content\\\/uploads\\\/2021\\\/09\\\/orthomol-fertil-plus.jpg\",\"width\":1000,\"height\":1000,\"caption\":\"Orthomol Fertil Plus\"},{\"@type\":\"BreadcrumbList\",\"@id\":\"https:\\\/\\\/www.lifenatura.com\\\/es\\\/produto\\\/orthomol-fertil-plus-30-comprimidos-capsulas\\\/#breadcrumb\",\"itemListElement\":[{\"@type\":\"ListItem\",\"position\":1,\"name\":\"In\u00edcio\",\"item\":\"https:\\\/\\\/www.lifenatura.com\\\/es\\\/\"},{\"@type\":\"ListItem\",\"position\":2,\"name\":\"Todos los Productos\",\"item\":\"https:\\\/\\\/www.lifenatura.com\\\/es\\\/tienda\\\/\"},{\"@type\":\"ListItem\",\"position\":3,\"name\":\"Orthomol Fertil Plus 30 Comprimidos + C\u00e1psulas\"}]},{\"@type\":\"WebSite\",\"@id\":\"https:\\\/\\\/www.lifenatura.com\\\/es\\\/#website\",\"url\":\"https:\\\/\\\/www.lifenatura.com\\\/es\\\/\",\"name\":\"Lifenatura\",\"description\":\"A Lifenatura \u00e9 uma loja de produtos naturais, cosm\u00e9tica natural e alimenta\u00e7\u00e3o Biol\u00f3gica.\",\"publisher\":{\"@id\":\"https:\\\/\\\/www.lifenatura.com\\\/es\\\/#organization\"},\"potentialAction\":[{\"@type\":\"SearchAction\",\"target\":{\"@type\":\"EntryPoint\",\"urlTemplate\":\"https:\\\/\\\/www.lifenatura.com\\\/es\\\/?s={search_term_string}\"},\"query-input\":{\"@type\":\"PropertyValueSpecification\",\"valueRequired\":true,\"valueName\":\"search_term_string\"}}],\"inLanguage\":\"es\"},{\"@type\":\"Organization\",\"@id\":\"https:\\\/\\\/www.lifenatura.com\\\/es\\\/#organization\",\"name\":\"Lifenatura\",\"url\":\"https:\\\/\\\/www.lifenatura.com\\\/es\\\/\",\"logo\":{\"@type\":\"ImageObject\",\"inLanguage\":\"es\",\"@id\":\"https:\\\/\\\/www.lifenatura.com\\\/es\\\/#\\\/schema\\\/logo\\\/image\\\/\",\"url\":\"https:\\\/\\\/www.lifenatura.com\\\/wp-content\\\/uploads\\\/2021\\\/07\\\/logo.png\",\"contentUrl\":\"https:\\\/\\\/www.lifenatura.com\\\/wp-content\\\/uploads\\\/2021\\\/07\\\/logo.png\",\"width\":175,\"height\":55,\"caption\":\"Lifenatura\"},\"image\":{\"@id\":\"https:\\\/\\\/www.lifenatura.com\\\/es\\\/#\\\/schema\\\/logo\\\/image\\\/\"},\"sameAs\":[\"https:\\\/\\\/www.facebook.com\\\/lifenatura\",\"https:\\\/\\\/www.instagram.com\\\/lifenaturapt\\\/\"],\"hasMerchantReturnPolicy\":{\"@type\":\"MerchantReturnPolicy\",\"merchantReturnLink\":\"https:\\\/\\\/www.lifenatura.com\\\/termos-condicoes-lifenatura\\\/\"}}]}<\/script>\n<meta property=\"product:price:amount\" content=\"59.99\" \/>\n<meta property=\"product:price:currency\" content=\"EUR\" \/>\n<meta property=\"og:availability\" content=\"instock\" \/>\n<meta property=\"product:availability\" content=\"instock\" \/>\n<meta property=\"product:retailer_item_id\" content=\"8470001704634\" \/>\n<meta property=\"product:condition\" content=\"new\" \/>\n<!-- \/ Yoast SEO Premium plugin. -->","yoast_head_json":{"title":"Orthomol Fertil Plus - Lifenatura","description":"Orthomol Fertil Plus es un complemento alimenticio que aporta micronutrientes esenciales para favorecer la fertilidad masculina y la salud reproductiva.","robots":{"index":"index","follow":"follow","max-snippet":"max-snippet:-1","max-image-preview":"max-image-preview:large","max-video-preview":"max-video-preview:-1"},"canonical":"https:\/\/www.lifenatura.com\/es\/produto\/orthomol-fertil-plus-30-comprimidos-capsulas\/","og_locale":"es_ES","og_type":"article","og_title":"Orthomol Fertil Plus 30 Comprimidos + C\u00e1psulas - Na Lifenatura ao Melhor Pre\u00e7o | Envio 48h","og_description":"Compre Orthomol Fertil Plus 30 Comprimidos + C\u00e1psulas com envio r\u00e1pido. Entrega em 48h e portes gr\u00e1tis em compras >35\u20ac. Aproveite j\u00e1 na Lifenatura","og_url":"https:\/\/www.lifenatura.com\/es\/produto\/orthomol-fertil-plus-30-comprimidos-capsulas\/","og_site_name":"Lifenatura","article_publisher":"https:\/\/www.facebook.com\/lifenatura","article_modified_time":"2025-03-20T18:36:45+00:00","og_image":[{"width":1000,"height":1000,"url":"https:\/\/www.lifenatura.com\/wp-content\/uploads\/2021\/09\/orthomol-fertil-plus.jpg","type":"image\/jpeg"}],"twitter_card":"summary_large_image","twitter_misc":{"Precio":"59,99&nbsp;&euro;","Disponibilidad":"Disponible"},"schema":{"@context":"https:\/\/schema.org","@graph":[{"@type":"WebPage","@id":"https:\/\/www.lifenatura.com\/es\/produto\/orthomol-fertil-plus-30-comprimidos-capsulas\/","url":"https:\/\/www.lifenatura.com\/es\/produto\/orthomol-fertil-plus-30-comprimidos-capsulas\/","name":"Orthomol Fertil Plus - Lifenatura","isPartOf":{"@id":"https:\/\/www.lifenatura.com\/es\/#website"},"primaryImageOfPage":{"@id":"https:\/\/www.lifenatura.com\/es\/produto\/orthomol-fertil-plus-30-comprimidos-capsulas\/#primaryimage"},"image":{"@id":"https:\/\/www.lifenatura.com\/es\/produto\/orthomol-fertil-plus-30-comprimidos-capsulas\/#primaryimage"},"thumbnailUrl":"https:\/\/www.lifenatura.com\/wp-content\/uploads\/2021\/09\/orthomol-fertil-plus.jpg","datePublished":"2021-09-30T10:39:45+00:00","dateModified":"2025-03-20T18:36:45+00:00","description":"Orthomol Fertil Plus es un complemento alimenticio que aporta micronutrientes esenciales para favorecer la fertilidad masculina y la salud reproductiva.","breadcrumb":{"@id":"https:\/\/www.lifenatura.com\/es\/produto\/orthomol-fertil-plus-30-comprimidos-capsulas\/#breadcrumb"},"inLanguage":"es","potentialAction":[{"@type":"ReadAction","target":["https:\/\/www.lifenatura.com\/es\/produto\/orthomol-fertil-plus-30-comprimidos-capsulas\/"]}]},{"@type":"ImageObject","inLanguage":"es","@id":"https:\/\/www.lifenatura.com\/es\/produto\/orthomol-fertil-plus-30-comprimidos-capsulas\/#primaryimage","url":"https:\/\/www.lifenatura.com\/wp-content\/uploads\/2021\/09\/orthomol-fertil-plus.jpg","contentUrl":"https:\/\/www.lifenatura.com\/wp-content\/uploads\/2021\/09\/orthomol-fertil-plus.jpg","width":1000,"height":1000,"caption":"Orthomol Fertil Plus"},{"@type":"BreadcrumbList","@id":"https:\/\/www.lifenatura.com\/es\/produto\/orthomol-fertil-plus-30-comprimidos-capsulas\/#breadcrumb","itemListElement":[{"@type":"ListItem","position":1,"name":"In\u00edcio","item":"https:\/\/www.lifenatura.com\/es\/"},{"@type":"ListItem","position":2,"name":"Todos los Productos","item":"https:\/\/www.lifenatura.com\/es\/tienda\/"},{"@type":"ListItem","position":3,"name":"Orthomol Fertil Plus 30 Comprimidos + C\u00e1psulas"}]},{"@type":"WebSite","@id":"https:\/\/www.lifenatura.com\/es\/#website","url":"https:\/\/www.lifenatura.com\/es\/","name":"Lifenatura","description":"A Lifenatura \u00e9 uma loja de produtos naturais, cosm\u00e9tica natural e alimenta\u00e7\u00e3o Biol\u00f3gica.","publisher":{"@id":"https:\/\/www.lifenatura.com\/es\/#organization"},"potentialAction":[{"@type":"SearchAction","target":{"@type":"EntryPoint","urlTemplate":"https:\/\/www.lifenatura.com\/es\/?s={search_term_string}"},"query-input":{"@type":"PropertyValueSpecification","valueRequired":true,"valueName":"search_term_string"}}],"inLanguage":"es"},{"@type":"Organization","@id":"https:\/\/www.lifenatura.com\/es\/#organization","name":"Lifenatura","url":"https:\/\/www.lifenatura.com\/es\/","logo":{"@type":"ImageObject","inLanguage":"es","@id":"https:\/\/www.lifenatura.com\/es\/#\/schema\/logo\/image\/","url":"https:\/\/www.lifenatura.com\/wp-content\/uploads\/2021\/07\/logo.png","contentUrl":"https:\/\/www.lifenatura.com\/wp-content\/uploads\/2021\/07\/logo.png","width":175,"height":55,"caption":"Lifenatura"},"image":{"@id":"https:\/\/www.lifenatura.com\/es\/#\/schema\/logo\/image\/"},"sameAs":["https:\/\/www.facebook.com\/lifenatura","https:\/\/www.instagram.com\/lifenaturapt\/"],"hasMerchantReturnPolicy":{"@type":"MerchantReturnPolicy","merchantReturnLink":"https:\/\/www.lifenatura.com\/termos-condicoes-lifenatura\/"}}]},"product_price_amount":"59.99","product_price_currency":"EUR","og_availability":"instock","product_availability":"instock","product_retailer_item_id":"8470001704634","product_condition":"new"},"df_price":59.99,"df_sale_price":"","df_regular_price":59.99,"df_image_link":"https:\/\/www.lifenatura.com\/wp-content\/uploads\/2021\/09\/orthomol-fertil-plus-300x300.jpg","_links":{"self":[{"href":"https:\/\/www.lifenatura.com\/es\/wp-json\/wp\/v2\/product\/40400","targetHints":{"allow":["GET"]}}],"collection":[{"href":"https:\/\/www.lifenatura.com\/es\/wp-json\/wp\/v2\/product"}],"about":[{"href":"https:\/\/www.lifenatura.com\/es\/wp-json\/wp\/v2\/types\/product"}],"wp:featuredmedia":[{"embeddable":true,"href":"https:\/\/www.lifenatura.com\/es\/wp-json\/wp\/v2\/media\/108706"}],"wp:attachment":[{"href":"https:\/\/www.lifenatura.com\/es\/wp-json\/wp\/v2\/media?parent=40400"}],"wp:term":[{"taxonomy":"product_brand","embeddable":true,"href":"https:\/\/www.lifenatura.com\/es\/wp-json\/wp\/v2\/product_brand?post=40400"},{"taxonomy":"product_cat","embeddable":true,"href":"https:\/\/www.lifenatura.com\/es\/wp-json\/wp\/v2\/product_cat?post=40400"},{"taxonomy":"product_tag","embeddable":true,"href":"https:\/\/www.lifenatura.com\/es\/wp-json\/wp\/v2\/product_tag?post=40400"}],"curies":[{"name":"wp","href":"https:\/\/api.w.org\/{rel}","templated":true}]}}