{"id":40374,"date":"2021-09-30T10:39:24","date_gmt":"2021-09-30T10:39:24","guid":{"rendered":"https:\/\/lifenatura.dev.agenciagetdigital.com\/produto\/transivit-60-capsulas-oligofarma\/"},"modified":"2025-02-24T13:56:47","modified_gmt":"2025-02-24T13:56:47","slug":"transivit-60-capsulas-oligofarma","status":"publish","type":"product","link":"https:\/\/www.lifenatura.com\/es\/produto\/transivit-60-capsulas-oligofarma\/","title":{"rendered":"Transivit 60 c\u00e1psulas &#8211; Oligofarma"},"content":{"rendered":"<h2 style=\"text-align: left;\"><strong>Transivit Oligofarma: Regulaci\u00f3n natural del tr\u00e1nsito intestinal<\/strong><\/h2>\n<p>&nbsp;<\/p>\n<p>Las alteraciones de la flora intestinal provocan s\u00edndromes de mala absorci\u00f3n intestinal de diversas vitaminas y minerales vitales para el organismo humano. Para aumentar la eficacia de la absorci\u00f3n intestinal, es esencial regularizar la flora y la inmunidad del intestino con probi\u00f3ticos vivos y reponer r\u00e1pidamente los nutrientes que faltan.<\/p>\n<p>Transivit R contiene una f\u00f3rmula integral dise\u00f1ada para proporcionar una nutrici\u00f3n completa y favorecer el bienestar general. Con una combinaci\u00f3n \u00fanica de ingredientes de alta calidad, este suplemento est\u00e1 dise\u00f1ado para ayudar a promover la salud intestinal, la vitalidad y el sistema inmunitario.<\/p>\n<p>Cada c\u00e1psula de Transivit R contiene una cuidadosa selecci\u00f3n de vitaminas, minerales y antioxidantes esenciales, formulados para proporcionar una amplia gama de beneficios para la salud.<\/p>\n<p><strong>Sus principales objetivos son<\/strong><\/p>\n<ul>\n<li><strong>Apoyo al sistema inmunitario:<\/strong> contiene vitaminas y minerales clave, como la vitamina C, el zinc y el selenio, que ayudan a fortalecer el sistema inmunitario, haci\u00e9ndolo m\u00e1s resistente a infecciones y enfermedades.<\/li>\n<li><strong>Regula la flora intestinal:<\/strong> perjudiciales para la salud. Tambi\u00e9n mejoran la digesti\u00f3n de los alimentos, la absorci\u00f3n de nutrientes, regulan el pH del intestino (ayudando en casos de diarrea causada por cambios en la flora intestinal), ayudan con la intolerancia a la lactosa (producen lactasa y tambi\u00e9n ayudan a descomponer las prote\u00ednas, mejorando la absorci\u00f3n de carbohidratos y varios minerales).<\/li>\n<li><strong>Energ\u00eda y vitalidad<\/strong>: con vitaminas del complejo B como B1, B2, B6 y B12, este suplemento ayuda a promover niveles saludables de energ\u00eda, combatiendo la fatiga y aumentando la vitalidad general.<\/li>\n<li><strong>Salud cardiovascular<\/strong>: los antioxidantes de Transivit R, como la vitamina E y el selenio, ayudan a proteger las c\u00e9lulas contra el da\u00f1o de los radicales libres, promoviendo as\u00ed la salud cardiovascular y reduciendo el riesgo de enfermedades del coraz\u00f3n.<\/li>\n<li><strong>Salud \u00f3sea y articular:<\/strong> contiene minerales como el calcio, el magnesio y la vitamina D que contribuyen a la salud \u00f3sea y ayudan a prevenir la osteoporosis, al tiempo que favorecen la salud articular.<\/li>\n<\/ul>\n<p><strong>PRESENTACI\u00d3N<\/strong><\/p>\n<p>60 c\u00e1psulas<\/p>\n<p>&nbsp;<\/p>\n","protected":false},"excerpt":{"rendered":"<p>Transivit Oligofarma regula el tr\u00e1nsito intestinal, mejora la digesti\u00f3n y alivia las molestias abdominales gracias a la fibra, los extractos de plantas y los prebi\u00f3ticos. [&#8230;]<\/p>\n<p><a class=\"btn btn-secondary understrap-read-more-link\" href=\"https:\/\/www.lifenatura.com\/es\/produto\/transivit-60-capsulas-oligofarma\/\">Leer m\u00e1s&#8230;<span class=\"screen-reader-text\"> from Transivit 60 c\u00e1psulas &#8211; Oligofarma<\/span><\/a><\/p>\n","protected":false},"featured_media":107698,"template":"","meta":{"_acf_changed":false},"product_brand":[8420],"product_cat":[7256,7179],"product_tag":[],"class_list":{"0":"post-40374","1":"product","2":"type-product","3":"status-publish","4":"has-post-thumbnail","6":"product_brand-oligofarma","7":"product_cat-flora-intestinal-salud","8":"product_cat-salud","10":"first","11":"instock","12":"shipping-taxable","13":"purchasable","14":"product-type-simple","15":"add-to-wishlist-before_image"},"acf":[],"yoast_head":"<!-- This site is optimized with the Yoast SEO Premium plugin v27.1 (Yoast SEO v27.5) - https:\/\/yoast.com\/product\/yoast-seo-premium-wordpress\/ -->\n<title>Transivit 60 c\u00e1psulas - Oligofarma - Na Lifenatura ao Melhor Pre\u00e7o | Envio em 48h<\/title>\n<meta name=\"description\" content=\"Transivit regula el tr\u00e1nsito intestinal, mejora la digesti\u00f3n y alivia las molestias abdominales gracias a la fibra, los extractos de plantas y prebi\u00f3ticos.\" \/>\n<meta name=\"robots\" content=\"index, follow, max-snippet:-1, max-image-preview:large, max-video-preview:-1\" \/>\n<link rel=\"canonical\" href=\"https:\/\/www.lifenatura.com\/es\/produto\/transivit-60-capsulas-oligofarma\/\" \/>\n<meta property=\"og:locale\" content=\"es_ES\" \/>\n<meta property=\"og:type\" content=\"article\" \/>\n<meta property=\"og:title\" content=\"Transivit 60 c\u00e1psulas - Oligofarma - Na Lifenatura ao Melhor Pre\u00e7o | Envio 48h\" \/>\n<meta property=\"og:description\" content=\"Compre Transivit 60 c\u00e1psulas - Oligofarma com envio r\u00e1pido. Entrega em 48h e portes gr\u00e1tis em compras &gt;35\u20ac. Aproveite j\u00e1 na Lifenatura\" \/>\n<meta property=\"og:url\" content=\"https:\/\/www.lifenatura.com\/es\/produto\/transivit-60-capsulas-oligofarma\/\" \/>\n<meta property=\"og:site_name\" content=\"Lifenatura\" \/>\n<meta property=\"article:publisher\" content=\"https:\/\/www.facebook.com\/lifenatura\" \/>\n<meta property=\"article:modified_time\" content=\"2025-02-24T13:56:47+00:00\" \/>\n<meta property=\"og:image\" content=\"https:\/\/www.lifenatura.com\/wp-content\/uploads\/2021\/09\/transivit-oligofarma.jpg\" \/>\n\t<meta property=\"og:image:width\" content=\"1000\" \/>\n\t<meta property=\"og:image:height\" content=\"1000\" \/>\n\t<meta property=\"og:image:type\" content=\"image\/jpeg\" \/>\n<meta name=\"twitter:card\" content=\"summary_large_image\" \/>\n<meta name=\"twitter:label1\" content=\"Precio\" \/>\n\t<meta name=\"twitter:data1\" content=\"28,21&nbsp;&euro;\" \/>\n\t<meta name=\"twitter:label2\" content=\"Disponibilidad\" \/>\n\t<meta name=\"twitter:data2\" content=\"Disponible\" \/>\n<script type=\"application\/ld+json\" class=\"yoast-schema-graph\">{\"@context\":\"https:\\\/\\\/schema.org\",\"@graph\":[{\"@type\":\"WebPage\",\"@id\":\"https:\\\/\\\/www.lifenatura.com\\\/es\\\/produto\\\/transivit-60-capsulas-oligofarma\\\/\",\"url\":\"https:\\\/\\\/www.lifenatura.com\\\/es\\\/produto\\\/transivit-60-capsulas-oligofarma\\\/\",\"name\":\"Transivit 60 c\u00e1psulas - Oligofarma - Na Lifenatura ao Melhor Pre\u00e7o | Envio em 48h\",\"isPartOf\":{\"@id\":\"https:\\\/\\\/www.lifenatura.com\\\/es\\\/#website\"},\"primaryImageOfPage\":{\"@id\":\"https:\\\/\\\/www.lifenatura.com\\\/es\\\/produto\\\/transivit-60-capsulas-oligofarma\\\/#primaryimage\"},\"image\":{\"@id\":\"https:\\\/\\\/www.lifenatura.com\\\/es\\\/produto\\\/transivit-60-capsulas-oligofarma\\\/#primaryimage\"},\"thumbnailUrl\":\"https:\\\/\\\/www.lifenatura.com\\\/wp-content\\\/uploads\\\/2021\\\/09\\\/transivit-oligofarma.jpg\",\"datePublished\":\"2021-09-30T10:39:24+00:00\",\"dateModified\":\"2025-02-24T13:56:47+00:00\",\"description\":\"Transivit regula el tr\u00e1nsito intestinal, mejora la digesti\u00f3n y alivia las molestias abdominales gracias a la fibra, los extractos de plantas y prebi\u00f3ticos.\",\"breadcrumb\":{\"@id\":\"https:\\\/\\\/www.lifenatura.com\\\/es\\\/produto\\\/transivit-60-capsulas-oligofarma\\\/#breadcrumb\"},\"inLanguage\":\"es\",\"potentialAction\":[{\"@type\":\"ReadAction\",\"target\":[\"https:\\\/\\\/www.lifenatura.com\\\/es\\\/produto\\\/transivit-60-capsulas-oligofarma\\\/\"]}]},{\"@type\":\"ImageObject\",\"inLanguage\":\"es\",\"@id\":\"https:\\\/\\\/www.lifenatura.com\\\/es\\\/produto\\\/transivit-60-capsulas-oligofarma\\\/#primaryimage\",\"url\":\"https:\\\/\\\/www.lifenatura.com\\\/wp-content\\\/uploads\\\/2021\\\/09\\\/transivit-oligofarma.jpg\",\"contentUrl\":\"https:\\\/\\\/www.lifenatura.com\\\/wp-content\\\/uploads\\\/2021\\\/09\\\/transivit-oligofarma.jpg\",\"width\":1000,\"height\":1000,\"caption\":\"Transivit da marca Oligofarma\"},{\"@type\":\"BreadcrumbList\",\"@id\":\"https:\\\/\\\/www.lifenatura.com\\\/es\\\/produto\\\/transivit-60-capsulas-oligofarma\\\/#breadcrumb\",\"itemListElement\":[{\"@type\":\"ListItem\",\"position\":1,\"name\":\"In\u00edcio\",\"item\":\"https:\\\/\\\/www.lifenatura.com\\\/es\\\/\"},{\"@type\":\"ListItem\",\"position\":2,\"name\":\"Todos los Productos\",\"item\":\"https:\\\/\\\/www.lifenatura.com\\\/es\\\/tienda\\\/\"},{\"@type\":\"ListItem\",\"position\":3,\"name\":\"Transivit 60 c\u00e1psulas &#8211; Oligofarma\"}]},{\"@type\":\"WebSite\",\"@id\":\"https:\\\/\\\/www.lifenatura.com\\\/es\\\/#website\",\"url\":\"https:\\\/\\\/www.lifenatura.com\\\/es\\\/\",\"name\":\"Lifenatura\",\"description\":\"A Lifenatura \u00e9 uma loja de produtos naturais, cosm\u00e9tica natural e alimenta\u00e7\u00e3o Biol\u00f3gica.\",\"publisher\":{\"@id\":\"https:\\\/\\\/www.lifenatura.com\\\/es\\\/#organization\"},\"potentialAction\":[{\"@type\":\"SearchAction\",\"target\":{\"@type\":\"EntryPoint\",\"urlTemplate\":\"https:\\\/\\\/www.lifenatura.com\\\/es\\\/?s={search_term_string}\"},\"query-input\":{\"@type\":\"PropertyValueSpecification\",\"valueRequired\":true,\"valueName\":\"search_term_string\"}}],\"inLanguage\":\"es\"},{\"@type\":\"Organization\",\"@id\":\"https:\\\/\\\/www.lifenatura.com\\\/es\\\/#organization\",\"name\":\"Lifenatura\",\"url\":\"https:\\\/\\\/www.lifenatura.com\\\/es\\\/\",\"logo\":{\"@type\":\"ImageObject\",\"inLanguage\":\"es\",\"@id\":\"https:\\\/\\\/www.lifenatura.com\\\/es\\\/#\\\/schema\\\/logo\\\/image\\\/\",\"url\":\"https:\\\/\\\/www.lifenatura.com\\\/wp-content\\\/uploads\\\/2021\\\/07\\\/logo.png\",\"contentUrl\":\"https:\\\/\\\/www.lifenatura.com\\\/wp-content\\\/uploads\\\/2021\\\/07\\\/logo.png\",\"width\":175,\"height\":55,\"caption\":\"Lifenatura\"},\"image\":{\"@id\":\"https:\\\/\\\/www.lifenatura.com\\\/es\\\/#\\\/schema\\\/logo\\\/image\\\/\"},\"sameAs\":[\"https:\\\/\\\/www.facebook.com\\\/lifenatura\",\"https:\\\/\\\/www.instagram.com\\\/lifenaturapt\\\/\"],\"hasMerchantReturnPolicy\":{\"@type\":\"MerchantReturnPolicy\",\"merchantReturnLink\":\"https:\\\/\\\/www.lifenatura.com\\\/termos-condicoes-lifenatura\\\/\"}}]}<\/script>\n<meta property=\"product:price:amount\" content=\"28.21\" \/>\n<meta property=\"product:price:currency\" content=\"EUR\" \/>\n<meta property=\"og:availability\" content=\"instock\" \/>\n<meta property=\"product:availability\" content=\"instock\" \/>\n<meta property=\"product:retailer_item_id\" content=\"5600257208317\" \/>\n<meta property=\"product:condition\" content=\"new\" \/>\n<!-- \/ Yoast SEO Premium plugin. -->","yoast_head_json":{"title":"Transivit 60 c\u00e1psulas - Oligofarma - Na Lifenatura ao Melhor Pre\u00e7o | Envio em 48h","description":"Transivit regula el tr\u00e1nsito intestinal, mejora la digesti\u00f3n y alivia las molestias abdominales gracias a la fibra, los extractos de plantas y prebi\u00f3ticos.","robots":{"index":"index","follow":"follow","max-snippet":"max-snippet:-1","max-image-preview":"max-image-preview:large","max-video-preview":"max-video-preview:-1"},"canonical":"https:\/\/www.lifenatura.com\/es\/produto\/transivit-60-capsulas-oligofarma\/","og_locale":"es_ES","og_type":"article","og_title":"Transivit 60 c\u00e1psulas - Oligofarma - Na Lifenatura ao Melhor Pre\u00e7o | Envio 48h","og_description":"Compre Transivit 60 c\u00e1psulas - Oligofarma com envio r\u00e1pido. Entrega em 48h e portes gr\u00e1tis em compras >35\u20ac. Aproveite j\u00e1 na Lifenatura","og_url":"https:\/\/www.lifenatura.com\/es\/produto\/transivit-60-capsulas-oligofarma\/","og_site_name":"Lifenatura","article_publisher":"https:\/\/www.facebook.com\/lifenatura","article_modified_time":"2025-02-24T13:56:47+00:00","og_image":[{"width":1000,"height":1000,"url":"https:\/\/www.lifenatura.com\/wp-content\/uploads\/2021\/09\/transivit-oligofarma.jpg","type":"image\/jpeg"}],"twitter_card":"summary_large_image","twitter_misc":{"Precio":"28,21&nbsp;&euro;","Disponibilidad":"Disponible"},"schema":{"@context":"https:\/\/schema.org","@graph":[{"@type":"WebPage","@id":"https:\/\/www.lifenatura.com\/es\/produto\/transivit-60-capsulas-oligofarma\/","url":"https:\/\/www.lifenatura.com\/es\/produto\/transivit-60-capsulas-oligofarma\/","name":"Transivit 60 c\u00e1psulas - Oligofarma - Na Lifenatura ao Melhor Pre\u00e7o | Envio em 48h","isPartOf":{"@id":"https:\/\/www.lifenatura.com\/es\/#website"},"primaryImageOfPage":{"@id":"https:\/\/www.lifenatura.com\/es\/produto\/transivit-60-capsulas-oligofarma\/#primaryimage"},"image":{"@id":"https:\/\/www.lifenatura.com\/es\/produto\/transivit-60-capsulas-oligofarma\/#primaryimage"},"thumbnailUrl":"https:\/\/www.lifenatura.com\/wp-content\/uploads\/2021\/09\/transivit-oligofarma.jpg","datePublished":"2021-09-30T10:39:24+00:00","dateModified":"2025-02-24T13:56:47+00:00","description":"Transivit regula el tr\u00e1nsito intestinal, mejora la digesti\u00f3n y alivia las molestias abdominales gracias a la fibra, los extractos de plantas y prebi\u00f3ticos.","breadcrumb":{"@id":"https:\/\/www.lifenatura.com\/es\/produto\/transivit-60-capsulas-oligofarma\/#breadcrumb"},"inLanguage":"es","potentialAction":[{"@type":"ReadAction","target":["https:\/\/www.lifenatura.com\/es\/produto\/transivit-60-capsulas-oligofarma\/"]}]},{"@type":"ImageObject","inLanguage":"es","@id":"https:\/\/www.lifenatura.com\/es\/produto\/transivit-60-capsulas-oligofarma\/#primaryimage","url":"https:\/\/www.lifenatura.com\/wp-content\/uploads\/2021\/09\/transivit-oligofarma.jpg","contentUrl":"https:\/\/www.lifenatura.com\/wp-content\/uploads\/2021\/09\/transivit-oligofarma.jpg","width":1000,"height":1000,"caption":"Transivit da marca Oligofarma"},{"@type":"BreadcrumbList","@id":"https:\/\/www.lifenatura.com\/es\/produto\/transivit-60-capsulas-oligofarma\/#breadcrumb","itemListElement":[{"@type":"ListItem","position":1,"name":"In\u00edcio","item":"https:\/\/www.lifenatura.com\/es\/"},{"@type":"ListItem","position":2,"name":"Todos los Productos","item":"https:\/\/www.lifenatura.com\/es\/tienda\/"},{"@type":"ListItem","position":3,"name":"Transivit 60 c\u00e1psulas &#8211; Oligofarma"}]},{"@type":"WebSite","@id":"https:\/\/www.lifenatura.com\/es\/#website","url":"https:\/\/www.lifenatura.com\/es\/","name":"Lifenatura","description":"A Lifenatura \u00e9 uma loja de produtos naturais, cosm\u00e9tica natural e alimenta\u00e7\u00e3o Biol\u00f3gica.","publisher":{"@id":"https:\/\/www.lifenatura.com\/es\/#organization"},"potentialAction":[{"@type":"SearchAction","target":{"@type":"EntryPoint","urlTemplate":"https:\/\/www.lifenatura.com\/es\/?s={search_term_string}"},"query-input":{"@type":"PropertyValueSpecification","valueRequired":true,"valueName":"search_term_string"}}],"inLanguage":"es"},{"@type":"Organization","@id":"https:\/\/www.lifenatura.com\/es\/#organization","name":"Lifenatura","url":"https:\/\/www.lifenatura.com\/es\/","logo":{"@type":"ImageObject","inLanguage":"es","@id":"https:\/\/www.lifenatura.com\/es\/#\/schema\/logo\/image\/","url":"https:\/\/www.lifenatura.com\/wp-content\/uploads\/2021\/07\/logo.png","contentUrl":"https:\/\/www.lifenatura.com\/wp-content\/uploads\/2021\/07\/logo.png","width":175,"height":55,"caption":"Lifenatura"},"image":{"@id":"https:\/\/www.lifenatura.com\/es\/#\/schema\/logo\/image\/"},"sameAs":["https:\/\/www.facebook.com\/lifenatura","https:\/\/www.instagram.com\/lifenaturapt\/"],"hasMerchantReturnPolicy":{"@type":"MerchantReturnPolicy","merchantReturnLink":"https:\/\/www.lifenatura.com\/termos-condicoes-lifenatura\/"}}]},"product_price_amount":"28.21","product_price_currency":"EUR","og_availability":"instock","product_availability":"instock","product_retailer_item_id":"5600257208317","product_condition":"new"},"df_price":28.21,"df_sale_price":"","df_regular_price":28.21,"df_image_link":"https:\/\/www.lifenatura.com\/wp-content\/uploads\/2021\/09\/transivit-oligofarma-300x300.jpg","_links":{"self":[{"href":"https:\/\/www.lifenatura.com\/es\/wp-json\/wp\/v2\/product\/40374","targetHints":{"allow":["GET"]}}],"collection":[{"href":"https:\/\/www.lifenatura.com\/es\/wp-json\/wp\/v2\/product"}],"about":[{"href":"https:\/\/www.lifenatura.com\/es\/wp-json\/wp\/v2\/types\/product"}],"wp:featuredmedia":[{"embeddable":true,"href":"https:\/\/www.lifenatura.com\/es\/wp-json\/wp\/v2\/media\/107698"}],"wp:attachment":[{"href":"https:\/\/www.lifenatura.com\/es\/wp-json\/wp\/v2\/media?parent=40374"}],"wp:term":[{"taxonomy":"product_brand","embeddable":true,"href":"https:\/\/www.lifenatura.com\/es\/wp-json\/wp\/v2\/product_brand?post=40374"},{"taxonomy":"product_cat","embeddable":true,"href":"https:\/\/www.lifenatura.com\/es\/wp-json\/wp\/v2\/product_cat?post=40374"},{"taxonomy":"product_tag","embeddable":true,"href":"https:\/\/www.lifenatura.com\/es\/wp-json\/wp\/v2\/product_tag?post=40374"}],"curies":[{"name":"wp","href":"https:\/\/api.w.org\/{rel}","templated":true}]}}