{"id":40361,"date":"2021-09-30T10:39:03","date_gmt":"2021-09-30T10:39:03","guid":{"rendered":"https:\/\/lifenatura.dev.agenciagetdigital.com\/produto\/proteina-de-guisante-con-cafe-500-g-okami-bio\/"},"modified":"2022-08-21T15:04:48","modified_gmt":"2022-08-21T15:04:48","slug":"proteina-de-guisante-con-cafe-500-g-okami-bio","status":"publish","type":"product","link":"https:\/\/www.lifenatura.com\/es\/produto\/proteina-de-guisante-con-cafe-500-g-okami-bio\/","title":{"rendered":"Prote\u00edna de Guisante con Caf\u00e9 500 g &#8211; Okami Bio"},"content":{"rendered":"<p>Prote\u00edna de guisante 100% natural La prote\u00edna de guisantes con sabor a caf\u00e9 de Okami Bio contiene una mezcla de prote\u00edna de guisantes (85%), caf\u00e9 (11%) y semillas de ch\u00eda. Todos estos alimentos son org\u00e1nicos crudos y reci\u00e9n reducidos a polvo. Con el mejor sabor de caf\u00e9 para mantenerte activo durante todo el d\u00eda. La prote\u00edna de guisante es una prote\u00edna completa que aporta todos los amino\u00e1cidos esenciales, es rica en amino\u00e1cidos de cadena ramificada (BCAA), libre de al\u00e9rgenos y altamente digestible (sin gluten y sin l\u00e1cteos). \u00a1La combinaci\u00f3n de prote\u00edna de guisante aislada con los beneficios del caf\u00e9 es perfecta para afrontar cada d\u00eda con toda la energ\u00eda de Okami! PRESENTACI\u00d3N 500 g.<\/p>\n","protected":false},"excerpt":{"rendered":"<p>Prote\u00edna de guisante 100% natural La prote\u00edna de guisantes con sabor a caf\u00e9 de Okami Bio contiene una mezcla de prote\u00edna de guisantes (85%), caf\u00e9 (11%) y semillas de ch\u00eda. Todos estos alimentos son org\u00e1nicos crudos y reci\u00e9n reducidos a polvo. Con el mejor sabor de caf\u00e9 para mantenerte activo durante todo el d\u00eda. La [&#8230;]<\/p>\n<p><a class=\"btn btn-secondary understrap-read-more-link\" href=\"https:\/\/www.lifenatura.com\/es\/produto\/proteina-de-guisante-con-cafe-500-g-okami-bio\/\">Leer m\u00e1s&#8230;<span class=\"screen-reader-text\"> from Prote\u00edna de Guisante con Caf\u00e9 500 g &#8211; Okami Bio<\/span><\/a><\/p>\n","protected":false},"featured_media":21571,"template":"","meta":{"_acf_changed":false},"product_brand":[8421],"product_cat":[7064,7074,7096],"product_tag":[],"class_list":{"0":"post-40361","1":"product","2":"type-product","3":"status-publish","4":"has-post-thumbnail","6":"product_brand-okami-bio","7":"product_cat-alimentacion-sana","8":"product_cat-productos-alimenticios","9":"product_cat-proteina-vegetal-bio","11":"first","12":"instock","13":"shipping-taxable","14":"purchasable","15":"product-type-simple","16":"add-to-wishlist-before_image"},"acf":[],"yoast_head":"<!-- This site is optimized with the Yoast SEO Premium plugin v27.1 (Yoast SEO v27.5) - https:\/\/yoast.com\/product\/yoast-seo-premium-wordpress\/ -->\n<title>Prote\u00edna de Guisante con Caf\u00e9 500 g - Okami Bio<\/title>\n<meta name=\"description\" content=\"La prote\u00edna de guisantes con sabor a caf\u00e9 de Okami Bio contiene una mezcla de prote\u00edna de guisantes (85%), caf\u00e9 (11%) y semillas de ch\u00eda.\" \/>\n<meta name=\"robots\" content=\"index, follow, max-snippet:-1, max-image-preview:large, max-video-preview:-1\" \/>\n<link rel=\"canonical\" href=\"https:\/\/www.lifenatura.com\/es\/produto\/proteina-de-guisante-con-cafe-500-g-okami-bio\/\" \/>\n<meta property=\"og:locale\" content=\"es_ES\" \/>\n<meta property=\"og:type\" content=\"article\" \/>\n<meta property=\"og:title\" content=\"Prote\u00edna de Guisante con Caf\u00e9 500 g - Okami Bio - Na Lifenatura ao Melhor Pre\u00e7o | Envio 48h\" \/>\n<meta property=\"og:description\" content=\"Compre Prote\u00edna de Guisante con Caf\u00e9 500 g - Okami Bio com envio r\u00e1pido. Entrega em 48h e portes gr\u00e1tis em compras &gt;35\u20ac. Aproveite j\u00e1 na Lifenatura\" \/>\n<meta property=\"og:url\" content=\"https:\/\/www.lifenatura.com\/es\/produto\/proteina-de-guisante-con-cafe-500-g-okami-bio\/\" \/>\n<meta property=\"og:site_name\" content=\"Lifenatura\" \/>\n<meta property=\"article:publisher\" content=\"https:\/\/www.facebook.com\/lifenatura\" \/>\n<meta property=\"article:modified_time\" content=\"2022-08-21T15:04:48+00:00\" \/>\n<meta property=\"og:image\" content=\"https:\/\/www.lifenatura.com\/wp-content\/uploads\/2021\/09\/gd_proteina_cafe_okami_bio.jpg\" \/>\n\t<meta property=\"og:image:width\" content=\"1000\" \/>\n\t<meta property=\"og:image:height\" content=\"1000\" \/>\n\t<meta property=\"og:image:type\" content=\"image\/jpeg\" \/>\n<meta name=\"twitter:card\" content=\"summary_large_image\" \/>\n<meta name=\"twitter:label1\" content=\"Precio\" \/>\n\t<meta name=\"twitter:data1\" content=\"25,50&nbsp;&euro;\" \/>\n\t<meta name=\"twitter:label2\" content=\"Disponibilidad\" \/>\n\t<meta name=\"twitter:data2\" content=\"Disponible\" \/>\n<script type=\"application\/ld+json\" class=\"yoast-schema-graph\">{\"@context\":\"https:\\\/\\\/schema.org\",\"@graph\":[{\"@type\":\"WebPage\",\"@id\":\"https:\\\/\\\/www.lifenatura.com\\\/es\\\/produto\\\/proteina-de-guisante-con-cafe-500-g-okami-bio\\\/\",\"url\":\"https:\\\/\\\/www.lifenatura.com\\\/es\\\/produto\\\/proteina-de-guisante-con-cafe-500-g-okami-bio\\\/\",\"name\":\"Prote\u00edna de Guisante con Caf\u00e9 500 g - Okami Bio\",\"isPartOf\":{\"@id\":\"https:\\\/\\\/www.lifenatura.com\\\/es\\\/#website\"},\"primaryImageOfPage\":{\"@id\":\"https:\\\/\\\/www.lifenatura.com\\\/es\\\/produto\\\/proteina-de-guisante-con-cafe-500-g-okami-bio\\\/#primaryimage\"},\"image\":{\"@id\":\"https:\\\/\\\/www.lifenatura.com\\\/es\\\/produto\\\/proteina-de-guisante-con-cafe-500-g-okami-bio\\\/#primaryimage\"},\"thumbnailUrl\":\"https:\\\/\\\/www.lifenatura.com\\\/wp-content\\\/uploads\\\/2021\\\/09\\\/gd_proteina_cafe_okami_bio.jpg\",\"datePublished\":\"2021-09-30T10:39:03+00:00\",\"dateModified\":\"2022-08-21T15:04:48+00:00\",\"description\":\"La prote\u00edna de guisantes con sabor a caf\u00e9 de Okami Bio contiene una mezcla de prote\u00edna de guisantes (85%), caf\u00e9 (11%) y semillas de ch\u00eda.\",\"breadcrumb\":{\"@id\":\"https:\\\/\\\/www.lifenatura.com\\\/es\\\/produto\\\/proteina-de-guisante-con-cafe-500-g-okami-bio\\\/#breadcrumb\"},\"inLanguage\":\"es\",\"potentialAction\":[{\"@type\":\"ReadAction\",\"target\":[\"https:\\\/\\\/www.lifenatura.com\\\/es\\\/produto\\\/proteina-de-guisante-con-cafe-500-g-okami-bio\\\/\"]}]},{\"@type\":\"ImageObject\",\"inLanguage\":\"es\",\"@id\":\"https:\\\/\\\/www.lifenatura.com\\\/es\\\/produto\\\/proteina-de-guisante-con-cafe-500-g-okami-bio\\\/#primaryimage\",\"url\":\"https:\\\/\\\/www.lifenatura.com\\\/wp-content\\\/uploads\\\/2021\\\/09\\\/gd_proteina_cafe_okami_bio.jpg\",\"contentUrl\":\"https:\\\/\\\/www.lifenatura.com\\\/wp-content\\\/uploads\\\/2021\\\/09\\\/gd_proteina_cafe_okami_bio.jpg\",\"width\":1000,\"height\":1000,\"caption\":\"Prote\u00edna de Guisante con Caf\u00e9 500 g - Okami Bio\"},{\"@type\":\"BreadcrumbList\",\"@id\":\"https:\\\/\\\/www.lifenatura.com\\\/es\\\/produto\\\/proteina-de-guisante-con-cafe-500-g-okami-bio\\\/#breadcrumb\",\"itemListElement\":[{\"@type\":\"ListItem\",\"position\":1,\"name\":\"In\u00edcio\",\"item\":\"https:\\\/\\\/www.lifenatura.com\\\/es\\\/\"},{\"@type\":\"ListItem\",\"position\":2,\"name\":\"Todos los Productos\",\"item\":\"https:\\\/\\\/www.lifenatura.com\\\/es\\\/tienda\\\/\"},{\"@type\":\"ListItem\",\"position\":3,\"name\":\"Prote\u00edna de Guisante con Caf\u00e9 500 g &#8211; Okami Bio\"}]},{\"@type\":\"WebSite\",\"@id\":\"https:\\\/\\\/www.lifenatura.com\\\/es\\\/#website\",\"url\":\"https:\\\/\\\/www.lifenatura.com\\\/es\\\/\",\"name\":\"Lifenatura\",\"description\":\"A Lifenatura \u00e9 uma loja de produtos naturais, cosm\u00e9tica natural e alimenta\u00e7\u00e3o Biol\u00f3gica.\",\"publisher\":{\"@id\":\"https:\\\/\\\/www.lifenatura.com\\\/es\\\/#organization\"},\"potentialAction\":[{\"@type\":\"SearchAction\",\"target\":{\"@type\":\"EntryPoint\",\"urlTemplate\":\"https:\\\/\\\/www.lifenatura.com\\\/es\\\/?s={search_term_string}\"},\"query-input\":{\"@type\":\"PropertyValueSpecification\",\"valueRequired\":true,\"valueName\":\"search_term_string\"}}],\"inLanguage\":\"es\"},{\"@type\":\"Organization\",\"@id\":\"https:\\\/\\\/www.lifenatura.com\\\/es\\\/#organization\",\"name\":\"Lifenatura\",\"url\":\"https:\\\/\\\/www.lifenatura.com\\\/es\\\/\",\"logo\":{\"@type\":\"ImageObject\",\"inLanguage\":\"es\",\"@id\":\"https:\\\/\\\/www.lifenatura.com\\\/es\\\/#\\\/schema\\\/logo\\\/image\\\/\",\"url\":\"https:\\\/\\\/www.lifenatura.com\\\/wp-content\\\/uploads\\\/2021\\\/07\\\/logo.png\",\"contentUrl\":\"https:\\\/\\\/www.lifenatura.com\\\/wp-content\\\/uploads\\\/2021\\\/07\\\/logo.png\",\"width\":175,\"height\":55,\"caption\":\"Lifenatura\"},\"image\":{\"@id\":\"https:\\\/\\\/www.lifenatura.com\\\/es\\\/#\\\/schema\\\/logo\\\/image\\\/\"},\"sameAs\":[\"https:\\\/\\\/www.facebook.com\\\/lifenatura\",\"https:\\\/\\\/www.instagram.com\\\/lifenaturapt\\\/\"],\"hasMerchantReturnPolicy\":{\"@type\":\"MerchantReturnPolicy\",\"merchantReturnLink\":\"https:\\\/\\\/www.lifenatura.com\\\/termos-condicoes-lifenatura\\\/\"}}]}<\/script>\n<meta property=\"product:price:amount\" content=\"25.50\" \/>\n<meta property=\"product:price:currency\" content=\"EUR\" \/>\n<meta property=\"og:availability\" content=\"instock\" \/>\n<meta property=\"product:availability\" content=\"instock\" \/>\n<meta property=\"product:retailer_item_id\" content=\"843017415961\" \/>\n<meta property=\"product:condition\" content=\"new\" \/>\n<!-- \/ Yoast SEO Premium plugin. -->","yoast_head_json":{"title":"Prote\u00edna de Guisante con Caf\u00e9 500 g - Okami Bio","description":"La prote\u00edna de guisantes con sabor a caf\u00e9 de Okami Bio contiene una mezcla de prote\u00edna de guisantes (85%), caf\u00e9 (11%) y semillas de ch\u00eda.","robots":{"index":"index","follow":"follow","max-snippet":"max-snippet:-1","max-image-preview":"max-image-preview:large","max-video-preview":"max-video-preview:-1"},"canonical":"https:\/\/www.lifenatura.com\/es\/produto\/proteina-de-guisante-con-cafe-500-g-okami-bio\/","og_locale":"es_ES","og_type":"article","og_title":"Prote\u00edna de Guisante con Caf\u00e9 500 g - Okami Bio - Na Lifenatura ao Melhor Pre\u00e7o | Envio 48h","og_description":"Compre Prote\u00edna de Guisante con Caf\u00e9 500 g - Okami Bio com envio r\u00e1pido. Entrega em 48h e portes gr\u00e1tis em compras >35\u20ac. Aproveite j\u00e1 na Lifenatura","og_url":"https:\/\/www.lifenatura.com\/es\/produto\/proteina-de-guisante-con-cafe-500-g-okami-bio\/","og_site_name":"Lifenatura","article_publisher":"https:\/\/www.facebook.com\/lifenatura","article_modified_time":"2022-08-21T15:04:48+00:00","og_image":[{"width":1000,"height":1000,"url":"https:\/\/www.lifenatura.com\/wp-content\/uploads\/2021\/09\/gd_proteina_cafe_okami_bio.jpg","type":"image\/jpeg"}],"twitter_card":"summary_large_image","twitter_misc":{"Precio":"25,50&nbsp;&euro;","Disponibilidad":"Disponible"},"schema":{"@context":"https:\/\/schema.org","@graph":[{"@type":"WebPage","@id":"https:\/\/www.lifenatura.com\/es\/produto\/proteina-de-guisante-con-cafe-500-g-okami-bio\/","url":"https:\/\/www.lifenatura.com\/es\/produto\/proteina-de-guisante-con-cafe-500-g-okami-bio\/","name":"Prote\u00edna de Guisante con Caf\u00e9 500 g - Okami Bio","isPartOf":{"@id":"https:\/\/www.lifenatura.com\/es\/#website"},"primaryImageOfPage":{"@id":"https:\/\/www.lifenatura.com\/es\/produto\/proteina-de-guisante-con-cafe-500-g-okami-bio\/#primaryimage"},"image":{"@id":"https:\/\/www.lifenatura.com\/es\/produto\/proteina-de-guisante-con-cafe-500-g-okami-bio\/#primaryimage"},"thumbnailUrl":"https:\/\/www.lifenatura.com\/wp-content\/uploads\/2021\/09\/gd_proteina_cafe_okami_bio.jpg","datePublished":"2021-09-30T10:39:03+00:00","dateModified":"2022-08-21T15:04:48+00:00","description":"La prote\u00edna de guisantes con sabor a caf\u00e9 de Okami Bio contiene una mezcla de prote\u00edna de guisantes (85%), caf\u00e9 (11%) y semillas de ch\u00eda.","breadcrumb":{"@id":"https:\/\/www.lifenatura.com\/es\/produto\/proteina-de-guisante-con-cafe-500-g-okami-bio\/#breadcrumb"},"inLanguage":"es","potentialAction":[{"@type":"ReadAction","target":["https:\/\/www.lifenatura.com\/es\/produto\/proteina-de-guisante-con-cafe-500-g-okami-bio\/"]}]},{"@type":"ImageObject","inLanguage":"es","@id":"https:\/\/www.lifenatura.com\/es\/produto\/proteina-de-guisante-con-cafe-500-g-okami-bio\/#primaryimage","url":"https:\/\/www.lifenatura.com\/wp-content\/uploads\/2021\/09\/gd_proteina_cafe_okami_bio.jpg","contentUrl":"https:\/\/www.lifenatura.com\/wp-content\/uploads\/2021\/09\/gd_proteina_cafe_okami_bio.jpg","width":1000,"height":1000,"caption":"Prote\u00edna de Guisante con Caf\u00e9 500 g - Okami Bio"},{"@type":"BreadcrumbList","@id":"https:\/\/www.lifenatura.com\/es\/produto\/proteina-de-guisante-con-cafe-500-g-okami-bio\/#breadcrumb","itemListElement":[{"@type":"ListItem","position":1,"name":"In\u00edcio","item":"https:\/\/www.lifenatura.com\/es\/"},{"@type":"ListItem","position":2,"name":"Todos los Productos","item":"https:\/\/www.lifenatura.com\/es\/tienda\/"},{"@type":"ListItem","position":3,"name":"Prote\u00edna de Guisante con Caf\u00e9 500 g &#8211; Okami Bio"}]},{"@type":"WebSite","@id":"https:\/\/www.lifenatura.com\/es\/#website","url":"https:\/\/www.lifenatura.com\/es\/","name":"Lifenatura","description":"A Lifenatura \u00e9 uma loja de produtos naturais, cosm\u00e9tica natural e alimenta\u00e7\u00e3o Biol\u00f3gica.","publisher":{"@id":"https:\/\/www.lifenatura.com\/es\/#organization"},"potentialAction":[{"@type":"SearchAction","target":{"@type":"EntryPoint","urlTemplate":"https:\/\/www.lifenatura.com\/es\/?s={search_term_string}"},"query-input":{"@type":"PropertyValueSpecification","valueRequired":true,"valueName":"search_term_string"}}],"inLanguage":"es"},{"@type":"Organization","@id":"https:\/\/www.lifenatura.com\/es\/#organization","name":"Lifenatura","url":"https:\/\/www.lifenatura.com\/es\/","logo":{"@type":"ImageObject","inLanguage":"es","@id":"https:\/\/www.lifenatura.com\/es\/#\/schema\/logo\/image\/","url":"https:\/\/www.lifenatura.com\/wp-content\/uploads\/2021\/07\/logo.png","contentUrl":"https:\/\/www.lifenatura.com\/wp-content\/uploads\/2021\/07\/logo.png","width":175,"height":55,"caption":"Lifenatura"},"image":{"@id":"https:\/\/www.lifenatura.com\/es\/#\/schema\/logo\/image\/"},"sameAs":["https:\/\/www.facebook.com\/lifenatura","https:\/\/www.instagram.com\/lifenaturapt\/"],"hasMerchantReturnPolicy":{"@type":"MerchantReturnPolicy","merchantReturnLink":"https:\/\/www.lifenatura.com\/termos-condicoes-lifenatura\/"}}]},"product_price_amount":"25.50","product_price_currency":"EUR","og_availability":"instock","product_availability":"instock","product_retailer_item_id":"843017415961","product_condition":"new"},"df_price":25.5,"df_sale_price":"","df_regular_price":25.5,"df_image_link":"https:\/\/www.lifenatura.com\/wp-content\/uploads\/2021\/09\/gd_proteina_cafe_okami_bio-300x300.jpg","_links":{"self":[{"href":"https:\/\/www.lifenatura.com\/es\/wp-json\/wp\/v2\/product\/40361","targetHints":{"allow":["GET"]}}],"collection":[{"href":"https:\/\/www.lifenatura.com\/es\/wp-json\/wp\/v2\/product"}],"about":[{"href":"https:\/\/www.lifenatura.com\/es\/wp-json\/wp\/v2\/types\/product"}],"wp:featuredmedia":[{"embeddable":true,"href":"https:\/\/www.lifenatura.com\/es\/wp-json\/wp\/v2\/media\/21571"}],"wp:attachment":[{"href":"https:\/\/www.lifenatura.com\/es\/wp-json\/wp\/v2\/media?parent=40361"}],"wp:term":[{"taxonomy":"product_brand","embeddable":true,"href":"https:\/\/www.lifenatura.com\/es\/wp-json\/wp\/v2\/product_brand?post=40361"},{"taxonomy":"product_cat","embeddable":true,"href":"https:\/\/www.lifenatura.com\/es\/wp-json\/wp\/v2\/product_cat?post=40361"},{"taxonomy":"product_tag","embeddable":true,"href":"https:\/\/www.lifenatura.com\/es\/wp-json\/wp\/v2\/product_tag?post=40361"}],"curies":[{"name":"wp","href":"https:\/\/api.w.org\/{rel}","templated":true}]}}