{"id":40360,"date":"2021-09-30T10:39:03","date_gmt":"2021-09-30T10:39:03","guid":{"rendered":"https:\/\/lifenatura.dev.agenciagetdigital.com\/produto\/proteina-de-guisante-y-coco-500-g-okami-bio\/"},"modified":"2022-08-21T15:04:47","modified_gmt":"2022-08-21T15:04:47","slug":"proteina-de-guisante-y-coco-500-g-okami-bio","status":"publish","type":"product","link":"https:\/\/www.lifenatura.com\/es\/produto\/proteina-de-guisante-y-coco-500-g-okami-bio\/","title":{"rendered":"Prote\u00edna de Guisante y Coco 500 g &#8211; Okami Bio"},"content":{"rendered":"<p>Prote\u00edna de Guisante 100% Natural con Leche de Coco La prote\u00edna de guisantes con leche de coco de Okami Bio contiene una mezcla de prote\u00edna de guisantes (73%) con leche de coco (20%), semillas de ch\u00eda y canela. Es un alimento org\u00e1nico crudo y reci\u00e9n reducido a polvo. El coco es un alimento altamente cal\u00f3rico y tambi\u00e9n rico en nutrientes y minerales, \u00a1perfecto para un extra de energ\u00eda! La prote\u00edna de guisante aislada es una prote\u00edna completa que aporta todos los amino\u00e1cidos esenciales, es rica en amino\u00e1cidos de cadena ramificada (BCAA), libre de al\u00e9rgenos y altamente digestible (sin gluten y sin l\u00e1cteos). Esta combinaci\u00f3n de prote\u00edna de guisante y coco es tan ex\u00f3tica, refrescante y completa que la disfrutar\u00e1s cuando la pruebes. Somos un negocio operado y de propiedad familiar. PRESENTACI\u00d3N 500 g.<\/p>\n","protected":false},"excerpt":{"rendered":"<p>Prote\u00edna de Guisante 100% Natural con Leche de Coco La prote\u00edna de guisantes con leche de coco de Okami Bio contiene una mezcla de prote\u00edna de guisantes (73%) con leche de coco (20%), semillas de ch\u00eda y canela. Es un alimento org\u00e1nico crudo y reci\u00e9n reducido a polvo. El coco es un alimento altamente cal\u00f3rico [&#8230;]<\/p>\n<p><a class=\"btn btn-secondary understrap-read-more-link\" href=\"https:\/\/www.lifenatura.com\/es\/produto\/proteina-de-guisante-y-coco-500-g-okami-bio\/\">Leer m\u00e1s&#8230;<span class=\"screen-reader-text\"> from Prote\u00edna de Guisante y Coco 500 g &#8211; Okami Bio<\/span><\/a><\/p>\n","protected":false},"featured_media":94138,"template":"","meta":{"_acf_changed":false},"product_brand":[8421],"product_cat":[7064,7686,7659,7074,7096],"product_tag":[],"class_list":{"0":"post-40360","1":"product","2":"type-product","3":"status-publish","4":"has-post-thumbnail","6":"product_brand-okami-bio","7":"product_cat-alimentacion-sana","8":"product_cat-coco-bio","9":"product_cat-ingrediente-natural-bio","10":"product_cat-productos-alimenticios","11":"product_cat-proteina-vegetal-bio","12":"pa_caracteristicas-sin-lactosa","13":"pa_caracteristicas-sin-omg","15":"first","16":"outofstock","17":"shipping-taxable","18":"purchasable","19":"product-type-simple","20":"add-to-wishlist-before_image"},"acf":[],"yoast_head":"<!-- This site is optimized with the Yoast SEO Premium plugin v27.1 (Yoast SEO v27.5) - https:\/\/yoast.com\/product\/yoast-seo-premium-wordpress\/ -->\n<title>Prote\u00edna de Guisante y Coco 500 g - Okami Bio<\/title>\n<meta name=\"description\" content=\"La prote\u00edna de guisantes con leche de coco de Okami Bio contiene una mezcla de prote\u00edna de guisantes (73%) con leche de coco (20%), semillas de ch\u00eda y canela.\" \/>\n<meta name=\"robots\" content=\"index, follow, max-snippet:-1, max-image-preview:large, max-video-preview:-1\" \/>\n<link rel=\"canonical\" href=\"https:\/\/www.lifenatura.com\/es\/produto\/proteina-de-guisante-y-coco-500-g-okami-bio\/\" \/>\n<meta property=\"og:locale\" content=\"es_ES\" \/>\n<meta property=\"og:type\" content=\"article\" \/>\n<meta property=\"og:title\" content=\"Prote\u00edna de Guisante y Coco 500 g - Okami Bio - Na Lifenatura ao Melhor Pre\u00e7o | Envio 48h\" \/>\n<meta property=\"og:description\" content=\"Compre Prote\u00edna de Guisante y Coco 500 g - Okami Bio com envio r\u00e1pido. Entrega em 48h e portes gr\u00e1tis em compras &gt;35\u20ac. Aproveite j\u00e1 na Lifenatura\" \/>\n<meta property=\"og:url\" content=\"https:\/\/www.lifenatura.com\/es\/produto\/proteina-de-guisante-y-coco-500-g-okami-bio\/\" \/>\n<meta property=\"og:site_name\" content=\"Lifenatura\" \/>\n<meta property=\"article:publisher\" content=\"https:\/\/www.facebook.com\/lifenatura\" \/>\n<meta property=\"article:modified_time\" content=\"2022-08-21T15:04:47+00:00\" \/>\n<meta property=\"og:image\" content=\"https:\/\/www.lifenatura.com\/wp-content\/uploads\/2021\/09\/proteina-ervilha-coco-60-500g-okami-bio.jpg\" \/>\n\t<meta property=\"og:image:width\" content=\"1000\" \/>\n\t<meta property=\"og:image:height\" content=\"1000\" \/>\n\t<meta property=\"og:image:type\" content=\"image\/jpeg\" \/>\n<meta name=\"twitter:card\" content=\"summary_large_image\" \/>\n<meta name=\"twitter:label1\" content=\"Precio\" \/>\n\t<meta name=\"twitter:data1\" content=\"22,50&nbsp;&euro;\" \/>\n\t<meta name=\"twitter:label2\" content=\"Disponibilidad\" \/>\n\t<meta name=\"twitter:data2\" content=\"Sin existencias\" \/>\n<script type=\"application\/ld+json\" class=\"yoast-schema-graph\">{\"@context\":\"https:\\\/\\\/schema.org\",\"@graph\":[{\"@type\":\"WebPage\",\"@id\":\"https:\\\/\\\/www.lifenatura.com\\\/es\\\/produto\\\/proteina-de-guisante-y-coco-500-g-okami-bio\\\/\",\"url\":\"https:\\\/\\\/www.lifenatura.com\\\/es\\\/produto\\\/proteina-de-guisante-y-coco-500-g-okami-bio\\\/\",\"name\":\"Prote\u00edna de Guisante y Coco 500 g - Okami Bio\",\"isPartOf\":{\"@id\":\"https:\\\/\\\/www.lifenatura.com\\\/es\\\/#website\"},\"primaryImageOfPage\":{\"@id\":\"https:\\\/\\\/www.lifenatura.com\\\/es\\\/produto\\\/proteina-de-guisante-y-coco-500-g-okami-bio\\\/#primaryimage\"},\"image\":{\"@id\":\"https:\\\/\\\/www.lifenatura.com\\\/es\\\/produto\\\/proteina-de-guisante-y-coco-500-g-okami-bio\\\/#primaryimage\"},\"thumbnailUrl\":\"https:\\\/\\\/www.lifenatura.com\\\/wp-content\\\/uploads\\\/2021\\\/09\\\/proteina-ervilha-coco-60-500g-okami-bio.jpg\",\"datePublished\":\"2021-09-30T10:39:03+00:00\",\"dateModified\":\"2022-08-21T15:04:47+00:00\",\"description\":\"La prote\u00edna de guisantes con leche de coco de Okami Bio contiene una mezcla de prote\u00edna de guisantes (73%) con leche de coco (20%), semillas de ch\u00eda y canela.\",\"breadcrumb\":{\"@id\":\"https:\\\/\\\/www.lifenatura.com\\\/es\\\/produto\\\/proteina-de-guisante-y-coco-500-g-okami-bio\\\/#breadcrumb\"},\"inLanguage\":\"es\",\"potentialAction\":[{\"@type\":\"ReadAction\",\"target\":[\"https:\\\/\\\/www.lifenatura.com\\\/es\\\/produto\\\/proteina-de-guisante-y-coco-500-g-okami-bio\\\/\"]}]},{\"@type\":\"ImageObject\",\"inLanguage\":\"es\",\"@id\":\"https:\\\/\\\/www.lifenatura.com\\\/es\\\/produto\\\/proteina-de-guisante-y-coco-500-g-okami-bio\\\/#primaryimage\",\"url\":\"https:\\\/\\\/www.lifenatura.com\\\/wp-content\\\/uploads\\\/2021\\\/09\\\/proteina-ervilha-coco-60-500g-okami-bio.jpg\",\"contentUrl\":\"https:\\\/\\\/www.lifenatura.com\\\/wp-content\\\/uploads\\\/2021\\\/09\\\/proteina-ervilha-coco-60-500g-okami-bio.jpg\",\"width\":1000,\"height\":1000,\"caption\":\"Prote\u00edna de Ervilha e Coco 500 g - Okami Bio\"},{\"@type\":\"BreadcrumbList\",\"@id\":\"https:\\\/\\\/www.lifenatura.com\\\/es\\\/produto\\\/proteina-de-guisante-y-coco-500-g-okami-bio\\\/#breadcrumb\",\"itemListElement\":[{\"@type\":\"ListItem\",\"position\":1,\"name\":\"In\u00edcio\",\"item\":\"https:\\\/\\\/www.lifenatura.com\\\/es\\\/\"},{\"@type\":\"ListItem\",\"position\":2,\"name\":\"Todos los Productos\",\"item\":\"https:\\\/\\\/www.lifenatura.com\\\/es\\\/tienda\\\/\"},{\"@type\":\"ListItem\",\"position\":3,\"name\":\"Prote\u00edna de Guisante y Coco 500 g &#8211; Okami Bio\"}]},{\"@type\":\"WebSite\",\"@id\":\"https:\\\/\\\/www.lifenatura.com\\\/es\\\/#website\",\"url\":\"https:\\\/\\\/www.lifenatura.com\\\/es\\\/\",\"name\":\"Lifenatura\",\"description\":\"A Lifenatura \u00e9 uma loja de produtos naturais, cosm\u00e9tica natural e alimenta\u00e7\u00e3o Biol\u00f3gica.\",\"publisher\":{\"@id\":\"https:\\\/\\\/www.lifenatura.com\\\/es\\\/#organization\"},\"potentialAction\":[{\"@type\":\"SearchAction\",\"target\":{\"@type\":\"EntryPoint\",\"urlTemplate\":\"https:\\\/\\\/www.lifenatura.com\\\/es\\\/?s={search_term_string}\"},\"query-input\":{\"@type\":\"PropertyValueSpecification\",\"valueRequired\":true,\"valueName\":\"search_term_string\"}}],\"inLanguage\":\"es\"},{\"@type\":\"Organization\",\"@id\":\"https:\\\/\\\/www.lifenatura.com\\\/es\\\/#organization\",\"name\":\"Lifenatura\",\"url\":\"https:\\\/\\\/www.lifenatura.com\\\/es\\\/\",\"logo\":{\"@type\":\"ImageObject\",\"inLanguage\":\"es\",\"@id\":\"https:\\\/\\\/www.lifenatura.com\\\/es\\\/#\\\/schema\\\/logo\\\/image\\\/\",\"url\":\"https:\\\/\\\/www.lifenatura.com\\\/wp-content\\\/uploads\\\/2021\\\/07\\\/logo.png\",\"contentUrl\":\"https:\\\/\\\/www.lifenatura.com\\\/wp-content\\\/uploads\\\/2021\\\/07\\\/logo.png\",\"width\":175,\"height\":55,\"caption\":\"Lifenatura\"},\"image\":{\"@id\":\"https:\\\/\\\/www.lifenatura.com\\\/es\\\/#\\\/schema\\\/logo\\\/image\\\/\"},\"sameAs\":[\"https:\\\/\\\/www.facebook.com\\\/lifenatura\",\"https:\\\/\\\/www.instagram.com\\\/lifenaturapt\\\/\"],\"hasMerchantReturnPolicy\":{\"@type\":\"MerchantReturnPolicy\",\"merchantReturnLink\":\"https:\\\/\\\/www.lifenatura.com\\\/termos-condicoes-lifenatura\\\/\"}}]}<\/script>\n<meta property=\"product:price:amount\" content=\"22.50\" \/>\n<meta property=\"product:price:currency\" content=\"EUR\" \/>\n<meta property=\"og:availability\" content=\"out of stock\" \/>\n<meta property=\"product:availability\" content=\"out of stock\" \/>\n<meta property=\"product:retailer_item_id\" content=\"8435678202210\" \/>\n<meta property=\"product:condition\" content=\"new\" \/>\n<!-- \/ Yoast SEO Premium plugin. -->","yoast_head_json":{"title":"Prote\u00edna de Guisante y Coco 500 g - Okami Bio","description":"La prote\u00edna de guisantes con leche de coco de Okami Bio contiene una mezcla de prote\u00edna de guisantes (73%) con leche de coco (20%), semillas de ch\u00eda y canela.","robots":{"index":"index","follow":"follow","max-snippet":"max-snippet:-1","max-image-preview":"max-image-preview:large","max-video-preview":"max-video-preview:-1"},"canonical":"https:\/\/www.lifenatura.com\/es\/produto\/proteina-de-guisante-y-coco-500-g-okami-bio\/","og_locale":"es_ES","og_type":"article","og_title":"Prote\u00edna de Guisante y Coco 500 g - Okami Bio - Na Lifenatura ao Melhor Pre\u00e7o | Envio 48h","og_description":"Compre Prote\u00edna de Guisante y Coco 500 g - Okami Bio com envio r\u00e1pido. Entrega em 48h e portes gr\u00e1tis em compras >35\u20ac. Aproveite j\u00e1 na Lifenatura","og_url":"https:\/\/www.lifenatura.com\/es\/produto\/proteina-de-guisante-y-coco-500-g-okami-bio\/","og_site_name":"Lifenatura","article_publisher":"https:\/\/www.facebook.com\/lifenatura","article_modified_time":"2022-08-21T15:04:47+00:00","og_image":[{"width":1000,"height":1000,"url":"https:\/\/www.lifenatura.com\/wp-content\/uploads\/2021\/09\/proteina-ervilha-coco-60-500g-okami-bio.jpg","type":"image\/jpeg"}],"twitter_card":"summary_large_image","twitter_misc":{"Precio":"22,50&nbsp;&euro;","Disponibilidad":"Sin existencias"},"schema":{"@context":"https:\/\/schema.org","@graph":[{"@type":"WebPage","@id":"https:\/\/www.lifenatura.com\/es\/produto\/proteina-de-guisante-y-coco-500-g-okami-bio\/","url":"https:\/\/www.lifenatura.com\/es\/produto\/proteina-de-guisante-y-coco-500-g-okami-bio\/","name":"Prote\u00edna de Guisante y Coco 500 g - Okami Bio","isPartOf":{"@id":"https:\/\/www.lifenatura.com\/es\/#website"},"primaryImageOfPage":{"@id":"https:\/\/www.lifenatura.com\/es\/produto\/proteina-de-guisante-y-coco-500-g-okami-bio\/#primaryimage"},"image":{"@id":"https:\/\/www.lifenatura.com\/es\/produto\/proteina-de-guisante-y-coco-500-g-okami-bio\/#primaryimage"},"thumbnailUrl":"https:\/\/www.lifenatura.com\/wp-content\/uploads\/2021\/09\/proteina-ervilha-coco-60-500g-okami-bio.jpg","datePublished":"2021-09-30T10:39:03+00:00","dateModified":"2022-08-21T15:04:47+00:00","description":"La prote\u00edna de guisantes con leche de coco de Okami Bio contiene una mezcla de prote\u00edna de guisantes (73%) con leche de coco (20%), semillas de ch\u00eda y canela.","breadcrumb":{"@id":"https:\/\/www.lifenatura.com\/es\/produto\/proteina-de-guisante-y-coco-500-g-okami-bio\/#breadcrumb"},"inLanguage":"es","potentialAction":[{"@type":"ReadAction","target":["https:\/\/www.lifenatura.com\/es\/produto\/proteina-de-guisante-y-coco-500-g-okami-bio\/"]}]},{"@type":"ImageObject","inLanguage":"es","@id":"https:\/\/www.lifenatura.com\/es\/produto\/proteina-de-guisante-y-coco-500-g-okami-bio\/#primaryimage","url":"https:\/\/www.lifenatura.com\/wp-content\/uploads\/2021\/09\/proteina-ervilha-coco-60-500g-okami-bio.jpg","contentUrl":"https:\/\/www.lifenatura.com\/wp-content\/uploads\/2021\/09\/proteina-ervilha-coco-60-500g-okami-bio.jpg","width":1000,"height":1000,"caption":"Prote\u00edna de Ervilha e Coco 500 g - Okami Bio"},{"@type":"BreadcrumbList","@id":"https:\/\/www.lifenatura.com\/es\/produto\/proteina-de-guisante-y-coco-500-g-okami-bio\/#breadcrumb","itemListElement":[{"@type":"ListItem","position":1,"name":"In\u00edcio","item":"https:\/\/www.lifenatura.com\/es\/"},{"@type":"ListItem","position":2,"name":"Todos los Productos","item":"https:\/\/www.lifenatura.com\/es\/tienda\/"},{"@type":"ListItem","position":3,"name":"Prote\u00edna de Guisante y Coco 500 g &#8211; Okami Bio"}]},{"@type":"WebSite","@id":"https:\/\/www.lifenatura.com\/es\/#website","url":"https:\/\/www.lifenatura.com\/es\/","name":"Lifenatura","description":"A Lifenatura \u00e9 uma loja de produtos naturais, cosm\u00e9tica natural e alimenta\u00e7\u00e3o Biol\u00f3gica.","publisher":{"@id":"https:\/\/www.lifenatura.com\/es\/#organization"},"potentialAction":[{"@type":"SearchAction","target":{"@type":"EntryPoint","urlTemplate":"https:\/\/www.lifenatura.com\/es\/?s={search_term_string}"},"query-input":{"@type":"PropertyValueSpecification","valueRequired":true,"valueName":"search_term_string"}}],"inLanguage":"es"},{"@type":"Organization","@id":"https:\/\/www.lifenatura.com\/es\/#organization","name":"Lifenatura","url":"https:\/\/www.lifenatura.com\/es\/","logo":{"@type":"ImageObject","inLanguage":"es","@id":"https:\/\/www.lifenatura.com\/es\/#\/schema\/logo\/image\/","url":"https:\/\/www.lifenatura.com\/wp-content\/uploads\/2021\/07\/logo.png","contentUrl":"https:\/\/www.lifenatura.com\/wp-content\/uploads\/2021\/07\/logo.png","width":175,"height":55,"caption":"Lifenatura"},"image":{"@id":"https:\/\/www.lifenatura.com\/es\/#\/schema\/logo\/image\/"},"sameAs":["https:\/\/www.facebook.com\/lifenatura","https:\/\/www.instagram.com\/lifenaturapt\/"],"hasMerchantReturnPolicy":{"@type":"MerchantReturnPolicy","merchantReturnLink":"https:\/\/www.lifenatura.com\/termos-condicoes-lifenatura\/"}}]},"product_price_amount":"22.50","product_price_currency":"EUR","og_availability":"out of stock","product_availability":"out of stock","product_retailer_item_id":"8435678202210","product_condition":"new"},"df_price":22.5,"df_sale_price":"","df_regular_price":22.5,"df_image_link":"https:\/\/www.lifenatura.com\/wp-content\/uploads\/2021\/09\/proteina-ervilha-coco-60-500g-okami-bio-300x300.jpg","_links":{"self":[{"href":"https:\/\/www.lifenatura.com\/es\/wp-json\/wp\/v2\/product\/40360","targetHints":{"allow":["GET"]}}],"collection":[{"href":"https:\/\/www.lifenatura.com\/es\/wp-json\/wp\/v2\/product"}],"about":[{"href":"https:\/\/www.lifenatura.com\/es\/wp-json\/wp\/v2\/types\/product"}],"wp:featuredmedia":[{"embeddable":true,"href":"https:\/\/www.lifenatura.com\/es\/wp-json\/wp\/v2\/media\/94138"}],"wp:attachment":[{"href":"https:\/\/www.lifenatura.com\/es\/wp-json\/wp\/v2\/media?parent=40360"}],"wp:term":[{"taxonomy":"product_brand","embeddable":true,"href":"https:\/\/www.lifenatura.com\/es\/wp-json\/wp\/v2\/product_brand?post=40360"},{"taxonomy":"product_cat","embeddable":true,"href":"https:\/\/www.lifenatura.com\/es\/wp-json\/wp\/v2\/product_cat?post=40360"},{"taxonomy":"product_tag","embeddable":true,"href":"https:\/\/www.lifenatura.com\/es\/wp-json\/wp\/v2\/product_tag?post=40360"}],"curies":[{"name":"wp","href":"https:\/\/api.w.org\/{rel}","templated":true}]}}