{"id":40329,"date":"2021-09-30T10:38:41","date_gmt":"2021-09-30T10:38:41","guid":{"rendered":"https:\/\/lifenatura.dev.agenciagetdigital.com\/produto\/digesteasy-30-pastilhas-nutriflor\/"},"modified":"2022-08-21T15:04:06","modified_gmt":"2022-08-21T15:04:06","slug":"digesteasy-30-pastilhas-nutriflor","status":"publish","type":"product","link":"https:\/\/www.lifenatura.com\/es\/produto\/digesteasy-30-pastilhas-nutriflor\/","title":{"rendered":"Digesteasy 30 pastilhas &#8211; Nutriflor"},"content":{"rendered":"<p>Indicado para el sistema digestivo La digesti\u00f3n est\u00e1 indicada para el sistema digestivo. Se puede utilizar como tratamiento diet\u00e9tico para trastornos gastrointestinales causados por diversos agentes agresivos. PRESENTACI\u00d3N 30 tabletas.<\/p>\n","protected":false},"excerpt":{"rendered":"<p>Indicado para el sistema digestivo La digesti\u00f3n est\u00e1 indicada para el sistema digestivo. Se puede utilizar como tratamiento diet\u00e9tico para trastornos gastrointestinales causados por diversos agentes agresivos. PRESENTACI\u00d3N 30 tabletas. [&#8230;]<\/p>\n<p><a class=\"btn btn-secondary understrap-read-more-link\" href=\"https:\/\/www.lifenatura.com\/es\/produto\/digesteasy-30-pastilhas-nutriflor\/\">Leer m\u00e1s&#8230;<span class=\"screen-reader-text\"> from Digesteasy 30 pastilhas &#8211; Nutriflor<\/span><\/a><\/p>\n","protected":false},"featured_media":21542,"template":"","meta":{"_acf_changed":false},"product_brand":[8425],"product_cat":[7255,7179],"product_tag":[],"class_list":{"0":"post-40329","1":"product","2":"type-product","3":"status-publish","4":"has-post-thumbnail","6":"product_brand-nutriflor","7":"product_cat-gases","8":"product_cat-salud","10":"first","11":"instock","12":"shipping-taxable","13":"purchasable","14":"product-type-simple","15":"add-to-wishlist-before_image"},"acf":[],"yoast_head":"<!-- This site is optimized with the Yoast SEO Premium plugin v27.1 (Yoast SEO v27.3) - https:\/\/yoast.com\/product\/yoast-seo-premium-wordpress\/ -->\n<title>Digesteasy 30 pastilhas - Nutriflor<\/title>\n<meta name=\"description\" content=\"Digesteasy est\u00e1 indicado para el sistema digestivo. Se puede utilizar como un tratamiento diet\u00e9tico de trastornos gastrointestinales causados\" \/>\n<meta name=\"robots\" content=\"index, follow, max-snippet:-1, max-image-preview:large, max-video-preview:-1\" \/>\n<link rel=\"canonical\" href=\"https:\/\/www.lifenatura.com\/es\/produto\/digesteasy-30-pastilhas-nutriflor\/\" \/>\n<meta property=\"og:locale\" content=\"es_ES\" \/>\n<meta property=\"og:type\" content=\"article\" \/>\n<meta property=\"og:title\" content=\"Digesteasy 30 pastilhas - Nutriflor - Lifenatura\" \/>\n<meta property=\"og:description\" content=\"Compre aqui o seu Digesteasy 30 pastilhas - Nutriflor e a Lifenatura Online envia em 48 H com Portes Gratis &gt;35\u20ac de Pedido.\" \/>\n<meta property=\"og:url\" content=\"https:\/\/www.lifenatura.com\/es\/produto\/digesteasy-30-pastilhas-nutriflor\/\" \/>\n<meta property=\"og:site_name\" content=\"Lifenatura\" \/>\n<meta property=\"article:publisher\" content=\"https:\/\/www.facebook.com\/lifenatura\" \/>\n<meta property=\"article:modified_time\" content=\"2022-08-21T15:04:06+00:00\" \/>\n<meta property=\"og:image\" content=\"https:\/\/www.lifenatura.com\/wp-content\/uploads\/2021\/09\/gd_digest-easy-pastilhas-nutriflor.jpg\" \/>\n\t<meta property=\"og:image:width\" content=\"1000\" \/>\n\t<meta property=\"og:image:height\" content=\"1000\" \/>\n\t<meta property=\"og:image:type\" content=\"image\/jpeg\" \/>\n<meta name=\"twitter:card\" content=\"summary_large_image\" \/>\n<meta name=\"twitter:label1\" content=\"Precio\" \/>\n\t<meta name=\"twitter:data1\" content=\"9,63&nbsp;&euro;\" \/>\n\t<meta name=\"twitter:label2\" content=\"Disponibilidad\" \/>\n\t<meta name=\"twitter:data2\" content=\"Disponible\" \/>\n<meta property=\"product:price:amount\" content=\"9.63\" \/>\n<meta property=\"product:price:currency\" content=\"EUR\" \/>\n<meta property=\"og:availability\" content=\"instock\" \/>\n<meta property=\"product:availability\" content=\"instock\" \/>\n<meta property=\"product:retailer_item_id\" content=\"5603839003805\" \/>\n<meta property=\"product:condition\" content=\"new\" \/>\n<!-- \/ Yoast SEO Premium plugin. -->","yoast_head_json":{"title":"Digesteasy 30 pastilhas - Nutriflor","description":"Digesteasy est\u00e1 indicado para el sistema digestivo. Se puede utilizar como un tratamiento diet\u00e9tico de trastornos gastrointestinales causados","robots":{"index":"index","follow":"follow","max-snippet":"max-snippet:-1","max-image-preview":"max-image-preview:large","max-video-preview":"max-video-preview:-1"},"canonical":"https:\/\/www.lifenatura.com\/es\/produto\/digesteasy-30-pastilhas-nutriflor\/","og_locale":"es_ES","og_type":"article","og_title":"Digesteasy 30 pastilhas - Nutriflor - Lifenatura","og_description":"Compre aqui o seu Digesteasy 30 pastilhas - Nutriflor e a Lifenatura Online envia em 48 H com Portes Gratis >35\u20ac de Pedido.","og_url":"https:\/\/www.lifenatura.com\/es\/produto\/digesteasy-30-pastilhas-nutriflor\/","og_site_name":"Lifenatura","article_publisher":"https:\/\/www.facebook.com\/lifenatura","article_modified_time":"2022-08-21T15:04:06+00:00","og_image":[{"width":1000,"height":1000,"url":"https:\/\/www.lifenatura.com\/wp-content\/uploads\/2021\/09\/gd_digest-easy-pastilhas-nutriflor.jpg","type":"image\/jpeg"}],"twitter_card":"summary_large_image","twitter_misc":{"Precio":"9,63&nbsp;&euro;","Disponibilidad":"Disponible"},"schema":{"@context":"https:\/\/schema.org","@graph":[{"@type":"WebPage","@id":"https:\/\/www.lifenatura.com\/es\/produto\/digesteasy-30-pastilhas-nutriflor\/","url":"https:\/\/www.lifenatura.com\/es\/produto\/digesteasy-30-pastilhas-nutriflor\/","name":"Digesteasy 30 pastilhas - Nutriflor","isPartOf":{"@id":"https:\/\/www.lifenatura.com\/es\/#website"},"primaryImageOfPage":{"@id":"https:\/\/www.lifenatura.com\/es\/produto\/digesteasy-30-pastilhas-nutriflor\/#primaryimage"},"image":{"@id":"https:\/\/www.lifenatura.com\/es\/produto\/digesteasy-30-pastilhas-nutriflor\/#primaryimage"},"thumbnailUrl":"https:\/\/www.lifenatura.com\/wp-content\/uploads\/2021\/09\/gd_digest-easy-pastilhas-nutriflor.jpg","datePublished":"2021-09-30T10:38:41+00:00","dateModified":"2022-08-21T15:04:06+00:00","description":"Digesteasy est\u00e1 indicado para el sistema digestivo. Se puede utilizar como un tratamiento diet\u00e9tico de trastornos gastrointestinales causados","breadcrumb":{"@id":"https:\/\/www.lifenatura.com\/es\/produto\/digesteasy-30-pastilhas-nutriflor\/#breadcrumb"},"inLanguage":"es","potentialAction":[{"@type":"ReadAction","target":["https:\/\/www.lifenatura.com\/es\/produto\/digesteasy-30-pastilhas-nutriflor\/"]}]},{"@type":"ImageObject","inLanguage":"es","@id":"https:\/\/www.lifenatura.com\/es\/produto\/digesteasy-30-pastilhas-nutriflor\/#primaryimage","url":"https:\/\/www.lifenatura.com\/wp-content\/uploads\/2021\/09\/gd_digest-easy-pastilhas-nutriflor.jpg","contentUrl":"https:\/\/www.lifenatura.com\/wp-content\/uploads\/2021\/09\/gd_digest-easy-pastilhas-nutriflor.jpg","width":1000,"height":1000,"caption":"Digesteasy 30 pastilhas - Nutriflor"},{"@type":"BreadcrumbList","@id":"https:\/\/www.lifenatura.com\/es\/produto\/digesteasy-30-pastilhas-nutriflor\/#breadcrumb","itemListElement":[{"@type":"ListItem","position":1,"name":"In\u00edcio","item":"https:\/\/www.lifenatura.com\/es\/"},{"@type":"ListItem","position":2,"name":"Todos los Productos","item":"https:\/\/www.lifenatura.com\/es\/tienda\/"},{"@type":"ListItem","position":3,"name":"Digesteasy 30 pastilhas &#8211; Nutriflor"}]},{"@type":"WebSite","@id":"https:\/\/www.lifenatura.com\/es\/#website","url":"https:\/\/www.lifenatura.com\/es\/","name":"Lifenatura","description":"A Lifenatura \u00e9 uma loja de produtos naturais, cosm\u00e9tica natural e alimenta\u00e7\u00e3o Biol\u00f3gica.","publisher":{"@id":"https:\/\/www.lifenatura.com\/es\/#organization"},"potentialAction":[{"@type":"SearchAction","target":{"@type":"EntryPoint","urlTemplate":"https:\/\/www.lifenatura.com\/es\/?s={search_term_string}"},"query-input":{"@type":"PropertyValueSpecification","valueRequired":true,"valueName":"search_term_string"}}],"inLanguage":"es"},{"@type":"Organization","@id":"https:\/\/www.lifenatura.com\/es\/#organization","name":"Lifenatura","url":"https:\/\/www.lifenatura.com\/es\/","logo":{"@type":"ImageObject","inLanguage":"es","@id":"https:\/\/www.lifenatura.com\/es\/#\/schema\/logo\/image\/","url":"https:\/\/www.lifenatura.com\/wp-content\/uploads\/2021\/11\/logo.png","contentUrl":"https:\/\/www.lifenatura.com\/wp-content\/uploads\/2021\/11\/logo.png","width":175,"height":55,"caption":"Lifenatura"},"image":{"@id":"https:\/\/www.lifenatura.com\/es\/#\/schema\/logo\/image\/"},"sameAs":["https:\/\/www.facebook.com\/lifenatura","https:\/\/www.instagram.com\/lifenaturapt\/"]}]},"product_price_amount":"9.63","product_price_currency":"EUR","og_availability":"instock","product_availability":"instock","product_retailer_item_id":"5603839003805","product_condition":"new"},"df_price":9.63,"df_sale_price":"","df_regular_price":9.63,"df_image_link":"https:\/\/www.lifenatura.com\/wp-content\/uploads\/2021\/09\/gd_digest-easy-pastilhas-nutriflor-300x300.jpg","_links":{"self":[{"href":"https:\/\/www.lifenatura.com\/es\/wp-json\/wp\/v2\/product\/40329","targetHints":{"allow":["GET"]}}],"collection":[{"href":"https:\/\/www.lifenatura.com\/es\/wp-json\/wp\/v2\/product"}],"about":[{"href":"https:\/\/www.lifenatura.com\/es\/wp-json\/wp\/v2\/types\/product"}],"wp:featuredmedia":[{"embeddable":true,"href":"https:\/\/www.lifenatura.com\/es\/wp-json\/wp\/v2\/media\/21542"}],"wp:attachment":[{"href":"https:\/\/www.lifenatura.com\/es\/wp-json\/wp\/v2\/media?parent=40329"}],"wp:term":[{"taxonomy":"product_brand","embeddable":true,"href":"https:\/\/www.lifenatura.com\/es\/wp-json\/wp\/v2\/product_brand?post=40329"},{"taxonomy":"product_cat","embeddable":true,"href":"https:\/\/www.lifenatura.com\/es\/wp-json\/wp\/v2\/product_cat?post=40329"},{"taxonomy":"product_tag","embeddable":true,"href":"https:\/\/www.lifenatura.com\/es\/wp-json\/wp\/v2\/product_tag?post=40329"}],"curies":[{"name":"wp","href":"https:\/\/api.w.org\/{rel}","templated":true}]}}