{"id":40325,"date":"2021-09-30T10:38:41","date_gmt":"2021-09-30T10:38:41","guid":{"rendered":"https:\/\/lifenatura.dev.agenciagetdigital.com\/produto\/calendula-propolis-pomada-45-g-nutriflor\/"},"modified":"2022-08-21T15:04:02","modified_gmt":"2022-08-21T15:04:02","slug":"calendula-propolis-pomada-45-g-nutriflor","status":"publish","type":"product","link":"https:\/\/www.lifenatura.com\/es\/produto\/calendula-propolis-pomada-45-g-nutriflor\/","title":{"rendered":"Cal\u00eandula + Pr\u00f3polis Pomada 45 g &#8211; Nutriflor"},"content":{"rendered":"<p>Ung\u00fcento de Marigold y Prop\u00f3leo La cal\u00e9ndula es un ung\u00fcento enriquecido con prop\u00f3leos, Gran Consolda, Pau d&#8217;Arco y Eucalyptus, cuyas propiedades antis\u00e9pticas y regenerativas son bien conocidas. Marigold tiene un gran poder curativo, es una de las plantas que demuestra la mayor parte de su calidad vulnerable, para curar heridas, magulladuras y quemaduras, en particular acelerando la curaci\u00f3n de ellas, incluso en caso de infecci\u00f3n. Debido a la riqueza en \u00e1cido salic\u00edlico, tambi\u00e9n ayuda a disipar los callos y las verrugas. PRESENTACI\u00d3N 45 g.<\/p>\n","protected":false},"excerpt":{"rendered":"<p>Ung\u00fcento de Marigold y Prop\u00f3leo La cal\u00e9ndula es un ung\u00fcento enriquecido con prop\u00f3leos, Gran Consolda, Pau d&#8217;Arco y Eucalyptus, cuyas propiedades antis\u00e9pticas y regenerativas son bien conocidas. Marigold tiene un gran poder curativo, es una de las plantas que demuestra la mayor parte de su calidad vulnerable, para curar heridas, magulladuras y quemaduras, en particular [&#8230;]<\/p>\n<p><a class=\"btn btn-secondary understrap-read-more-link\" href=\"https:\/\/www.lifenatura.com\/es\/produto\/calendula-propolis-pomada-45-g-nutriflor\/\">Leer m\u00e1s&#8230;<span class=\"screen-reader-text\"> from Cal\u00eandula + Pr\u00f3polis Pomada 45 g &#8211; Nutriflor<\/span><\/a><\/p>\n","protected":false},"featured_media":21538,"template":"","meta":{"_acf_changed":false},"product_brand":[8425],"product_cat":[7117,7653,7115,7659,7773],"product_tag":[],"class_list":{"0":"post-40325","1":"product","2":"type-product","3":"status-publish","4":"has-post-thumbnail","6":"product_brand-nutriflor","7":"product_cat-cicatrizacion-de-la-piel","8":"product_cat-cosmetica-natural-lifenatura","9":"product_cat-cuidado-de-la-cara","10":"product_cat-ingrediente-natural-bio","11":"product_cat-propolis-es","13":"first","14":"instock","15":"shipping-taxable","16":"purchasable","17":"product-type-simple","18":"add-to-wishlist-before_image"},"acf":[],"yoast_head":"<!-- This site is optimized with the Yoast SEO Premium plugin v27.1 (Yoast SEO v27.5) - https:\/\/yoast.com\/product\/yoast-seo-premium-wordpress\/ -->\n<title>Cal\u00eandula + Pr\u00f3polis Pomada 45 g - Nutriflor<\/title>\n<meta name=\"description\" content=\"La cal\u00e9ndula es un ung\u00fcento enriquecido con prop\u00f3leos, Gran Consolda, Pau d&#039;Arco y Eucalyptus, cuyas propiedades antis\u00e9pticas y regenerativas son bien conocidas.\" \/>\n<meta name=\"robots\" content=\"index, follow, max-snippet:-1, max-image-preview:large, max-video-preview:-1\" \/>\n<link rel=\"canonical\" href=\"https:\/\/www.lifenatura.com\/es\/produto\/calendula-propolis-pomada-45-g-nutriflor\/\" \/>\n<meta property=\"og:locale\" content=\"es_ES\" \/>\n<meta property=\"og:type\" content=\"article\" \/>\n<meta property=\"og:title\" content=\"Cal\u00eandula + Pr\u00f3polis Pomada 45 g - Nutriflor - Na Lifenatura ao Melhor Pre\u00e7o | Envio 48h\" \/>\n<meta property=\"og:description\" content=\"Compre Cal\u00eandula + Pr\u00f3polis Pomada 45 g - Nutriflor com envio r\u00e1pido. Entrega em 48h e portes gr\u00e1tis em compras &gt;35\u20ac. Aproveite j\u00e1 na Lifenatura\" \/>\n<meta property=\"og:url\" content=\"https:\/\/www.lifenatura.com\/es\/produto\/calendula-propolis-pomada-45-g-nutriflor\/\" \/>\n<meta property=\"og:site_name\" content=\"Lifenatura\" \/>\n<meta property=\"article:publisher\" content=\"https:\/\/www.facebook.com\/lifenatura\" \/>\n<meta property=\"article:modified_time\" content=\"2022-08-21T15:04:02+00:00\" \/>\n<meta property=\"og:image\" content=\"https:\/\/www.lifenatura.com\/wp-content\/uploads\/2021\/09\/gd_calendula-propolis-pomada-nutriflor.jpg\" \/>\n\t<meta property=\"og:image:width\" content=\"1000\" \/>\n\t<meta property=\"og:image:height\" content=\"1000\" \/>\n\t<meta property=\"og:image:type\" content=\"image\/jpeg\" \/>\n<meta name=\"twitter:card\" content=\"summary_large_image\" \/>\n<meta name=\"twitter:label1\" content=\"Precio\" \/>\n\t<meta name=\"twitter:data1\" content=\"5,25&nbsp;&euro;\" \/>\n\t<meta name=\"twitter:label2\" content=\"Disponibilidad\" \/>\n\t<meta name=\"twitter:data2\" content=\"Disponible\" \/>\n<script type=\"application\/ld+json\" class=\"yoast-schema-graph\">{\"@context\":\"https:\\\/\\\/schema.org\",\"@graph\":[{\"@type\":\"WebPage\",\"@id\":\"https:\\\/\\\/www.lifenatura.com\\\/es\\\/produto\\\/calendula-propolis-pomada-45-g-nutriflor\\\/\",\"url\":\"https:\\\/\\\/www.lifenatura.com\\\/es\\\/produto\\\/calendula-propolis-pomada-45-g-nutriflor\\\/\",\"name\":\"Cal\u00eandula + Pr\u00f3polis Pomada 45 g - Nutriflor\",\"isPartOf\":{\"@id\":\"https:\\\/\\\/www.lifenatura.com\\\/es\\\/#website\"},\"primaryImageOfPage\":{\"@id\":\"https:\\\/\\\/www.lifenatura.com\\\/es\\\/produto\\\/calendula-propolis-pomada-45-g-nutriflor\\\/#primaryimage\"},\"image\":{\"@id\":\"https:\\\/\\\/www.lifenatura.com\\\/es\\\/produto\\\/calendula-propolis-pomada-45-g-nutriflor\\\/#primaryimage\"},\"thumbnailUrl\":\"https:\\\/\\\/www.lifenatura.com\\\/wp-content\\\/uploads\\\/2021\\\/09\\\/gd_calendula-propolis-pomada-nutriflor.jpg\",\"datePublished\":\"2021-09-30T10:38:41+00:00\",\"dateModified\":\"2022-08-21T15:04:02+00:00\",\"description\":\"La cal\u00e9ndula es un ung\u00fcento enriquecido con prop\u00f3leos, Gran Consolda, Pau d'Arco y Eucalyptus, cuyas propiedades antis\u00e9pticas y regenerativas son bien conocidas.\",\"breadcrumb\":{\"@id\":\"https:\\\/\\\/www.lifenatura.com\\\/es\\\/produto\\\/calendula-propolis-pomada-45-g-nutriflor\\\/#breadcrumb\"},\"inLanguage\":\"es\",\"potentialAction\":[{\"@type\":\"ReadAction\",\"target\":[\"https:\\\/\\\/www.lifenatura.com\\\/es\\\/produto\\\/calendula-propolis-pomada-45-g-nutriflor\\\/\"]}]},{\"@type\":\"ImageObject\",\"inLanguage\":\"es\",\"@id\":\"https:\\\/\\\/www.lifenatura.com\\\/es\\\/produto\\\/calendula-propolis-pomada-45-g-nutriflor\\\/#primaryimage\",\"url\":\"https:\\\/\\\/www.lifenatura.com\\\/wp-content\\\/uploads\\\/2021\\\/09\\\/gd_calendula-propolis-pomada-nutriflor.jpg\",\"contentUrl\":\"https:\\\/\\\/www.lifenatura.com\\\/wp-content\\\/uploads\\\/2021\\\/09\\\/gd_calendula-propolis-pomada-nutriflor.jpg\",\"width\":1000,\"height\":1000,\"caption\":\"Cal\u00eandula + Pr\u00f3polis Pomada 45 g - Nutriflor\"},{\"@type\":\"BreadcrumbList\",\"@id\":\"https:\\\/\\\/www.lifenatura.com\\\/es\\\/produto\\\/calendula-propolis-pomada-45-g-nutriflor\\\/#breadcrumb\",\"itemListElement\":[{\"@type\":\"ListItem\",\"position\":1,\"name\":\"In\u00edcio\",\"item\":\"https:\\\/\\\/www.lifenatura.com\\\/es\\\/\"},{\"@type\":\"ListItem\",\"position\":2,\"name\":\"Todos los Productos\",\"item\":\"https:\\\/\\\/www.lifenatura.com\\\/es\\\/tienda\\\/\"},{\"@type\":\"ListItem\",\"position\":3,\"name\":\"Cal\u00eandula + Pr\u00f3polis Pomada 45 g &#8211; Nutriflor\"}]},{\"@type\":\"WebSite\",\"@id\":\"https:\\\/\\\/www.lifenatura.com\\\/es\\\/#website\",\"url\":\"https:\\\/\\\/www.lifenatura.com\\\/es\\\/\",\"name\":\"Lifenatura\",\"description\":\"A Lifenatura \u00e9 uma loja de produtos naturais, cosm\u00e9tica natural e alimenta\u00e7\u00e3o Biol\u00f3gica.\",\"publisher\":{\"@id\":\"https:\\\/\\\/www.lifenatura.com\\\/es\\\/#organization\"},\"potentialAction\":[{\"@type\":\"SearchAction\",\"target\":{\"@type\":\"EntryPoint\",\"urlTemplate\":\"https:\\\/\\\/www.lifenatura.com\\\/es\\\/?s={search_term_string}\"},\"query-input\":{\"@type\":\"PropertyValueSpecification\",\"valueRequired\":true,\"valueName\":\"search_term_string\"}}],\"inLanguage\":\"es\"},{\"@type\":\"Organization\",\"@id\":\"https:\\\/\\\/www.lifenatura.com\\\/es\\\/#organization\",\"name\":\"Lifenatura\",\"url\":\"https:\\\/\\\/www.lifenatura.com\\\/es\\\/\",\"logo\":{\"@type\":\"ImageObject\",\"inLanguage\":\"es\",\"@id\":\"https:\\\/\\\/www.lifenatura.com\\\/es\\\/#\\\/schema\\\/logo\\\/image\\\/\",\"url\":\"https:\\\/\\\/www.lifenatura.com\\\/wp-content\\\/uploads\\\/2021\\\/07\\\/logo.png\",\"contentUrl\":\"https:\\\/\\\/www.lifenatura.com\\\/wp-content\\\/uploads\\\/2021\\\/07\\\/logo.png\",\"width\":175,\"height\":55,\"caption\":\"Lifenatura\"},\"image\":{\"@id\":\"https:\\\/\\\/www.lifenatura.com\\\/es\\\/#\\\/schema\\\/logo\\\/image\\\/\"},\"sameAs\":[\"https:\\\/\\\/www.facebook.com\\\/lifenatura\",\"https:\\\/\\\/www.instagram.com\\\/lifenaturapt\\\/\"],\"hasMerchantReturnPolicy\":{\"@type\":\"MerchantReturnPolicy\",\"merchantReturnLink\":\"https:\\\/\\\/www.lifenatura.com\\\/termos-condicoes-lifenatura\\\/\"}}]}<\/script>\n<meta property=\"product:price:amount\" content=\"5.25\" \/>\n<meta property=\"product:price:currency\" content=\"EUR\" \/>\n<meta property=\"og:availability\" content=\"instock\" \/>\n<meta property=\"product:availability\" content=\"instock\" \/>\n<meta property=\"product:retailer_item_id\" content=\"5603839000927\" \/>\n<meta property=\"product:condition\" content=\"new\" \/>\n<!-- \/ Yoast SEO Premium plugin. -->","yoast_head_json":{"title":"Cal\u00eandula + Pr\u00f3polis Pomada 45 g - Nutriflor","description":"La cal\u00e9ndula es un ung\u00fcento enriquecido con prop\u00f3leos, Gran Consolda, Pau d'Arco y Eucalyptus, cuyas propiedades antis\u00e9pticas y regenerativas son bien conocidas.","robots":{"index":"index","follow":"follow","max-snippet":"max-snippet:-1","max-image-preview":"max-image-preview:large","max-video-preview":"max-video-preview:-1"},"canonical":"https:\/\/www.lifenatura.com\/es\/produto\/calendula-propolis-pomada-45-g-nutriflor\/","og_locale":"es_ES","og_type":"article","og_title":"Cal\u00eandula + Pr\u00f3polis Pomada 45 g - Nutriflor - Na Lifenatura ao Melhor Pre\u00e7o | Envio 48h","og_description":"Compre Cal\u00eandula + Pr\u00f3polis Pomada 45 g - Nutriflor com envio r\u00e1pido. Entrega em 48h e portes gr\u00e1tis em compras >35\u20ac. Aproveite j\u00e1 na Lifenatura","og_url":"https:\/\/www.lifenatura.com\/es\/produto\/calendula-propolis-pomada-45-g-nutriflor\/","og_site_name":"Lifenatura","article_publisher":"https:\/\/www.facebook.com\/lifenatura","article_modified_time":"2022-08-21T15:04:02+00:00","og_image":[{"width":1000,"height":1000,"url":"https:\/\/www.lifenatura.com\/wp-content\/uploads\/2021\/09\/gd_calendula-propolis-pomada-nutriflor.jpg","type":"image\/jpeg"}],"twitter_card":"summary_large_image","twitter_misc":{"Precio":"5,25&nbsp;&euro;","Disponibilidad":"Disponible"},"schema":{"@context":"https:\/\/schema.org","@graph":[{"@type":"WebPage","@id":"https:\/\/www.lifenatura.com\/es\/produto\/calendula-propolis-pomada-45-g-nutriflor\/","url":"https:\/\/www.lifenatura.com\/es\/produto\/calendula-propolis-pomada-45-g-nutriflor\/","name":"Cal\u00eandula + Pr\u00f3polis Pomada 45 g - Nutriflor","isPartOf":{"@id":"https:\/\/www.lifenatura.com\/es\/#website"},"primaryImageOfPage":{"@id":"https:\/\/www.lifenatura.com\/es\/produto\/calendula-propolis-pomada-45-g-nutriflor\/#primaryimage"},"image":{"@id":"https:\/\/www.lifenatura.com\/es\/produto\/calendula-propolis-pomada-45-g-nutriflor\/#primaryimage"},"thumbnailUrl":"https:\/\/www.lifenatura.com\/wp-content\/uploads\/2021\/09\/gd_calendula-propolis-pomada-nutriflor.jpg","datePublished":"2021-09-30T10:38:41+00:00","dateModified":"2022-08-21T15:04:02+00:00","description":"La cal\u00e9ndula es un ung\u00fcento enriquecido con prop\u00f3leos, Gran Consolda, Pau d'Arco y Eucalyptus, cuyas propiedades antis\u00e9pticas y regenerativas son bien conocidas.","breadcrumb":{"@id":"https:\/\/www.lifenatura.com\/es\/produto\/calendula-propolis-pomada-45-g-nutriflor\/#breadcrumb"},"inLanguage":"es","potentialAction":[{"@type":"ReadAction","target":["https:\/\/www.lifenatura.com\/es\/produto\/calendula-propolis-pomada-45-g-nutriflor\/"]}]},{"@type":"ImageObject","inLanguage":"es","@id":"https:\/\/www.lifenatura.com\/es\/produto\/calendula-propolis-pomada-45-g-nutriflor\/#primaryimage","url":"https:\/\/www.lifenatura.com\/wp-content\/uploads\/2021\/09\/gd_calendula-propolis-pomada-nutriflor.jpg","contentUrl":"https:\/\/www.lifenatura.com\/wp-content\/uploads\/2021\/09\/gd_calendula-propolis-pomada-nutriflor.jpg","width":1000,"height":1000,"caption":"Cal\u00eandula + Pr\u00f3polis Pomada 45 g - Nutriflor"},{"@type":"BreadcrumbList","@id":"https:\/\/www.lifenatura.com\/es\/produto\/calendula-propolis-pomada-45-g-nutriflor\/#breadcrumb","itemListElement":[{"@type":"ListItem","position":1,"name":"In\u00edcio","item":"https:\/\/www.lifenatura.com\/es\/"},{"@type":"ListItem","position":2,"name":"Todos los Productos","item":"https:\/\/www.lifenatura.com\/es\/tienda\/"},{"@type":"ListItem","position":3,"name":"Cal\u00eandula + Pr\u00f3polis Pomada 45 g &#8211; Nutriflor"}]},{"@type":"WebSite","@id":"https:\/\/www.lifenatura.com\/es\/#website","url":"https:\/\/www.lifenatura.com\/es\/","name":"Lifenatura","description":"A Lifenatura \u00e9 uma loja de produtos naturais, cosm\u00e9tica natural e alimenta\u00e7\u00e3o Biol\u00f3gica.","publisher":{"@id":"https:\/\/www.lifenatura.com\/es\/#organization"},"potentialAction":[{"@type":"SearchAction","target":{"@type":"EntryPoint","urlTemplate":"https:\/\/www.lifenatura.com\/es\/?s={search_term_string}"},"query-input":{"@type":"PropertyValueSpecification","valueRequired":true,"valueName":"search_term_string"}}],"inLanguage":"es"},{"@type":"Organization","@id":"https:\/\/www.lifenatura.com\/es\/#organization","name":"Lifenatura","url":"https:\/\/www.lifenatura.com\/es\/","logo":{"@type":"ImageObject","inLanguage":"es","@id":"https:\/\/www.lifenatura.com\/es\/#\/schema\/logo\/image\/","url":"https:\/\/www.lifenatura.com\/wp-content\/uploads\/2021\/07\/logo.png","contentUrl":"https:\/\/www.lifenatura.com\/wp-content\/uploads\/2021\/07\/logo.png","width":175,"height":55,"caption":"Lifenatura"},"image":{"@id":"https:\/\/www.lifenatura.com\/es\/#\/schema\/logo\/image\/"},"sameAs":["https:\/\/www.facebook.com\/lifenatura","https:\/\/www.instagram.com\/lifenaturapt\/"],"hasMerchantReturnPolicy":{"@type":"MerchantReturnPolicy","merchantReturnLink":"https:\/\/www.lifenatura.com\/termos-condicoes-lifenatura\/"}}]},"product_price_amount":"5.25","product_price_currency":"EUR","og_availability":"instock","product_availability":"instock","product_retailer_item_id":"5603839000927","product_condition":"new"},"df_price":5.25,"df_sale_price":"","df_regular_price":5.25,"df_image_link":"https:\/\/www.lifenatura.com\/wp-content\/uploads\/2021\/09\/gd_calendula-propolis-pomada-nutriflor-300x300.jpg","_links":{"self":[{"href":"https:\/\/www.lifenatura.com\/es\/wp-json\/wp\/v2\/product\/40325","targetHints":{"allow":["GET"]}}],"collection":[{"href":"https:\/\/www.lifenatura.com\/es\/wp-json\/wp\/v2\/product"}],"about":[{"href":"https:\/\/www.lifenatura.com\/es\/wp-json\/wp\/v2\/types\/product"}],"wp:featuredmedia":[{"embeddable":true,"href":"https:\/\/www.lifenatura.com\/es\/wp-json\/wp\/v2\/media\/21538"}],"wp:attachment":[{"href":"https:\/\/www.lifenatura.com\/es\/wp-json\/wp\/v2\/media?parent=40325"}],"wp:term":[{"taxonomy":"product_brand","embeddable":true,"href":"https:\/\/www.lifenatura.com\/es\/wp-json\/wp\/v2\/product_brand?post=40325"},{"taxonomy":"product_cat","embeddable":true,"href":"https:\/\/www.lifenatura.com\/es\/wp-json\/wp\/v2\/product_cat?post=40325"},{"taxonomy":"product_tag","embeddable":true,"href":"https:\/\/www.lifenatura.com\/es\/wp-json\/wp\/v2\/product_tag?post=40325"}],"curies":[{"name":"wp","href":"https:\/\/api.w.org\/{rel}","templated":true}]}}