{"id":40316,"date":"2021-09-30T10:38:22","date_gmt":"2021-09-30T10:38:22","guid":{"rendered":"https:\/\/lifenatura.dev.agenciagetdigital.com\/produto\/alcachofa-borututu-jarabe-200-ml-nutriflor\/"},"modified":"2022-08-21T15:03:50","modified_gmt":"2022-08-21T15:03:50","slug":"alcachofa-borututu-jarabe-200-ml-nutriflor","status":"publish","type":"product","link":"https:\/\/www.lifenatura.com\/es\/produto\/alcachofa-borututu-jarabe-200-ml-nutriflor\/","title":{"rendered":"Alcachofa + Borututu Jarabe 200 ml &#8211; Nutriflor"},"content":{"rendered":"<p>Adecuado para bajar de peso El extracto de alcachofa utilizado por Nutriflor es un extracto concentrado y se titula pura, es decir, sometidos a un riguroso control de calidad que confirma la presencia y el nivel m\u00ednimo garantizado de uno de los ingredientes activos de esta planta, cinarina. Indicado para trastornos hep\u00e1ticos y gastrointestinales. PRESENTACI\u00d3N 200 ml.<\/p>\n","protected":false},"excerpt":{"rendered":"<p>Adecuado para bajar de peso El extracto de alcachofa utilizado por Nutriflor es un extracto concentrado y se titula pura, es decir, sometidos a un riguroso control de calidad que confirma la presencia y el nivel m\u00ednimo garantizado de uno de los ingredientes activos de esta planta, cinarina. Indicado para trastornos hep\u00e1ticos y gastrointestinales. PRESENTACI\u00d3N [&#8230;]<\/p>\n<p><a class=\"btn btn-secondary understrap-read-more-link\" href=\"https:\/\/www.lifenatura.com\/es\/produto\/alcachofa-borututu-jarabe-200-ml-nutriflor\/\">Leer m\u00e1s&#8230;<span class=\"screen-reader-text\"> from Alcachofa + Borututu Jarabe 200 ml &#8211; Nutriflor<\/span><\/a><\/p>\n","protected":false},"featured_media":21529,"template":"","meta":{"_acf_changed":false},"product_brand":[8425],"product_cat":[7190,7145,7193,7659,7263,7179],"product_tag":[],"class_list":{"0":"post-40316","1":"product","2":"type-product","3":"status-publish","4":"has-post-thumbnail","6":"product_brand-nutriflor","7":"product_cat-adelgazar","8":"product_cat-alcachofa","9":"product_cat-drenante-y-detox","10":"product_cat-ingrediente-natural-bio","11":"product_cat-packs-de-salud","12":"product_cat-salud","14":"first","15":"instock","16":"sale","17":"featured","18":"shipping-taxable","19":"purchasable","20":"product-type-simple","21":"add-to-wishlist-before_image"},"acf":[],"yoast_head":"<!-- This site is optimized with the Yoast SEO Premium plugin v27.1 (Yoast SEO v27.4) - https:\/\/yoast.com\/product\/yoast-seo-premium-wordpress\/ -->\n<title>Alcachofa + Borututu Jarabe 200 ml - Nutriflor<\/title>\n<meta name=\"description\" content=\"El extracto de alcachofa est\u00e1 indicado para trastornos hep\u00e1ticos y gastrointestinales.\" \/>\n<meta name=\"robots\" content=\"index, follow, max-snippet:-1, max-image-preview:large, max-video-preview:-1\" \/>\n<link rel=\"canonical\" href=\"https:\/\/www.lifenatura.com\/es\/produto\/alcachofa-borututu-jarabe-200-ml-nutriflor\/\" \/>\n<meta property=\"og:locale\" content=\"es_ES\" \/>\n<meta property=\"og:type\" content=\"article\" \/>\n<meta property=\"og:title\" content=\"Alcachofa + Borututu Jarabe 200 ml - Nutriflor - Lifenatura\" \/>\n<meta property=\"og:description\" content=\"Compre aqui o seu Alcachofa + Borututu Jarabe 200 ml - Nutriflor e a Lifenatura Online envia em 48 H com Portes Gratis &gt;35\u20ac de Pedido.\" \/>\n<meta property=\"og:url\" content=\"https:\/\/www.lifenatura.com\/es\/produto\/alcachofa-borututu-jarabe-200-ml-nutriflor\/\" \/>\n<meta property=\"og:site_name\" content=\"Lifenatura\" \/>\n<meta property=\"article:publisher\" content=\"https:\/\/www.facebook.com\/lifenatura\" \/>\n<meta property=\"article:modified_time\" content=\"2022-08-21T15:03:50+00:00\" \/>\n<meta property=\"og:image\" content=\"https:\/\/www.lifenatura.com\/wp-content\/uploads\/2021\/09\/gd_alcachofra-borututu-xarope-nutriflor.jpg\" \/>\n\t<meta property=\"og:image:width\" content=\"1000\" \/>\n\t<meta property=\"og:image:height\" content=\"1000\" \/>\n\t<meta property=\"og:image:type\" content=\"image\/jpeg\" \/>\n<meta name=\"twitter:card\" content=\"summary_large_image\" \/>\n<meta name=\"twitter:label1\" content=\"Precio\" \/>\n\t<meta name=\"twitter:data1\" content=\"13,87&nbsp;&euro;\" \/>\n\t<meta name=\"twitter:label2\" content=\"Disponibilidad\" \/>\n\t<meta name=\"twitter:data2\" content=\"Disponible\" \/>\n<script type=\"application\/ld+json\" class=\"yoast-schema-graph\">{\"@context\":\"https:\\\/\\\/schema.org\",\"@graph\":[{\"@type\":\"WebPage\",\"@id\":\"https:\\\/\\\/www.lifenatura.com\\\/es\\\/produto\\\/alcachofa-borututu-jarabe-200-ml-nutriflor\\\/\",\"url\":\"https:\\\/\\\/www.lifenatura.com\\\/es\\\/produto\\\/alcachofa-borututu-jarabe-200-ml-nutriflor\\\/\",\"name\":\"Alcachofa + Borututu Jarabe 200 ml - Nutriflor\",\"isPartOf\":{\"@id\":\"https:\\\/\\\/www.lifenatura.com\\\/es\\\/#website\"},\"primaryImageOfPage\":{\"@id\":\"https:\\\/\\\/www.lifenatura.com\\\/es\\\/produto\\\/alcachofa-borututu-jarabe-200-ml-nutriflor\\\/#primaryimage\"},\"image\":{\"@id\":\"https:\\\/\\\/www.lifenatura.com\\\/es\\\/produto\\\/alcachofa-borututu-jarabe-200-ml-nutriflor\\\/#primaryimage\"},\"thumbnailUrl\":\"https:\\\/\\\/www.lifenatura.com\\\/wp-content\\\/uploads\\\/2021\\\/09\\\/gd_alcachofra-borututu-xarope-nutriflor.jpg\",\"datePublished\":\"2021-09-30T10:38:22+00:00\",\"dateModified\":\"2022-08-21T15:03:50+00:00\",\"description\":\"El extracto de alcachofa est\u00e1 indicado para trastornos hep\u00e1ticos y gastrointestinales.\",\"breadcrumb\":{\"@id\":\"https:\\\/\\\/www.lifenatura.com\\\/es\\\/produto\\\/alcachofa-borututu-jarabe-200-ml-nutriflor\\\/#breadcrumb\"},\"inLanguage\":\"es\",\"potentialAction\":[{\"@type\":\"ReadAction\",\"target\":[\"https:\\\/\\\/www.lifenatura.com\\\/es\\\/produto\\\/alcachofa-borututu-jarabe-200-ml-nutriflor\\\/\"]}]},{\"@type\":\"ImageObject\",\"inLanguage\":\"es\",\"@id\":\"https:\\\/\\\/www.lifenatura.com\\\/es\\\/produto\\\/alcachofa-borututu-jarabe-200-ml-nutriflor\\\/#primaryimage\",\"url\":\"https:\\\/\\\/www.lifenatura.com\\\/wp-content\\\/uploads\\\/2021\\\/09\\\/gd_alcachofra-borututu-xarope-nutriflor.jpg\",\"contentUrl\":\"https:\\\/\\\/www.lifenatura.com\\\/wp-content\\\/uploads\\\/2021\\\/09\\\/gd_alcachofra-borututu-xarope-nutriflor.jpg\",\"width\":1000,\"height\":1000,\"caption\":\"Alcachofa + Borututu Jarabe 200 ml - Nutriflor\"},{\"@type\":\"BreadcrumbList\",\"@id\":\"https:\\\/\\\/www.lifenatura.com\\\/es\\\/produto\\\/alcachofa-borututu-jarabe-200-ml-nutriflor\\\/#breadcrumb\",\"itemListElement\":[{\"@type\":\"ListItem\",\"position\":1,\"name\":\"In\u00edcio\",\"item\":\"https:\\\/\\\/www.lifenatura.com\\\/es\\\/\"},{\"@type\":\"ListItem\",\"position\":2,\"name\":\"Todos los Productos\",\"item\":\"https:\\\/\\\/www.lifenatura.com\\\/es\\\/tienda\\\/\"},{\"@type\":\"ListItem\",\"position\":3,\"name\":\"Alcachofa + Borututu Jarabe 200 ml &#8211; Nutriflor\"}]},{\"@type\":\"WebSite\",\"@id\":\"https:\\\/\\\/www.lifenatura.com\\\/es\\\/#website\",\"url\":\"https:\\\/\\\/www.lifenatura.com\\\/es\\\/\",\"name\":\"Lifenatura\",\"description\":\"A Lifenatura \u00e9 uma loja de produtos naturais, cosm\u00e9tica natural e alimenta\u00e7\u00e3o Biol\u00f3gica.\",\"publisher\":{\"@id\":\"https:\\\/\\\/www.lifenatura.com\\\/es\\\/#organization\"},\"potentialAction\":[{\"@type\":\"SearchAction\",\"target\":{\"@type\":\"EntryPoint\",\"urlTemplate\":\"https:\\\/\\\/www.lifenatura.com\\\/es\\\/?s={search_term_string}\"},\"query-input\":{\"@type\":\"PropertyValueSpecification\",\"valueRequired\":true,\"valueName\":\"search_term_string\"}}],\"inLanguage\":\"es\"},{\"@type\":\"Organization\",\"@id\":\"https:\\\/\\\/www.lifenatura.com\\\/es\\\/#organization\",\"name\":\"Lifenatura\",\"url\":\"https:\\\/\\\/www.lifenatura.com\\\/es\\\/\",\"logo\":{\"@type\":\"ImageObject\",\"inLanguage\":\"es\",\"@id\":\"https:\\\/\\\/www.lifenatura.com\\\/es\\\/#\\\/schema\\\/logo\\\/image\\\/\",\"url\":\"https:\\\/\\\/www.lifenatura.com\\\/wp-content\\\/uploads\\\/2021\\\/07\\\/logo.png\",\"contentUrl\":\"https:\\\/\\\/www.lifenatura.com\\\/wp-content\\\/uploads\\\/2021\\\/07\\\/logo.png\",\"width\":175,\"height\":55,\"caption\":\"Lifenatura\"},\"image\":{\"@id\":\"https:\\\/\\\/www.lifenatura.com\\\/es\\\/#\\\/schema\\\/logo\\\/image\\\/\"},\"sameAs\":[\"https:\\\/\\\/www.facebook.com\\\/lifenatura\",\"https:\\\/\\\/www.instagram.com\\\/lifenaturapt\\\/\"],\"hasMerchantReturnPolicy\":{\"@type\":\"MerchantReturnPolicy\",\"merchantReturnLink\":\"https:\\\/\\\/www.lifenatura.com\\\/termos-condicoes-lifenatura\\\/\"}}]}<\/script>\n<meta property=\"product:price:amount\" content=\"13.87\" \/>\n<meta property=\"product:price:currency\" content=\"EUR\" \/>\n<meta property=\"og:availability\" content=\"instock\" \/>\n<meta property=\"product:availability\" content=\"instock\" \/>\n<meta property=\"product:retailer_item_id\" content=\"5603839000033\" \/>\n<meta property=\"product:condition\" content=\"new\" \/>\n<!-- \/ Yoast SEO Premium plugin. -->","yoast_head_json":{"title":"Alcachofa + Borututu Jarabe 200 ml - Nutriflor","description":"El extracto de alcachofa est\u00e1 indicado para trastornos hep\u00e1ticos y gastrointestinales.","robots":{"index":"index","follow":"follow","max-snippet":"max-snippet:-1","max-image-preview":"max-image-preview:large","max-video-preview":"max-video-preview:-1"},"canonical":"https:\/\/www.lifenatura.com\/es\/produto\/alcachofa-borututu-jarabe-200-ml-nutriflor\/","og_locale":"es_ES","og_type":"article","og_title":"Alcachofa + Borututu Jarabe 200 ml - Nutriflor - Lifenatura","og_description":"Compre aqui o seu Alcachofa + Borututu Jarabe 200 ml - Nutriflor e a Lifenatura Online envia em 48 H com Portes Gratis >35\u20ac de Pedido.","og_url":"https:\/\/www.lifenatura.com\/es\/produto\/alcachofa-borututu-jarabe-200-ml-nutriflor\/","og_site_name":"Lifenatura","article_publisher":"https:\/\/www.facebook.com\/lifenatura","article_modified_time":"2022-08-21T15:03:50+00:00","og_image":[{"width":1000,"height":1000,"url":"https:\/\/www.lifenatura.com\/wp-content\/uploads\/2021\/09\/gd_alcachofra-borututu-xarope-nutriflor.jpg","type":"image\/jpeg"}],"twitter_card":"summary_large_image","twitter_misc":{"Precio":"13,87&nbsp;&euro;","Disponibilidad":"Disponible"},"schema":{"@context":"https:\/\/schema.org","@graph":[{"@type":"WebPage","@id":"https:\/\/www.lifenatura.com\/es\/produto\/alcachofa-borututu-jarabe-200-ml-nutriflor\/","url":"https:\/\/www.lifenatura.com\/es\/produto\/alcachofa-borututu-jarabe-200-ml-nutriflor\/","name":"Alcachofa + Borututu Jarabe 200 ml - Nutriflor","isPartOf":{"@id":"https:\/\/www.lifenatura.com\/es\/#website"},"primaryImageOfPage":{"@id":"https:\/\/www.lifenatura.com\/es\/produto\/alcachofa-borututu-jarabe-200-ml-nutriflor\/#primaryimage"},"image":{"@id":"https:\/\/www.lifenatura.com\/es\/produto\/alcachofa-borututu-jarabe-200-ml-nutriflor\/#primaryimage"},"thumbnailUrl":"https:\/\/www.lifenatura.com\/wp-content\/uploads\/2021\/09\/gd_alcachofra-borututu-xarope-nutriflor.jpg","datePublished":"2021-09-30T10:38:22+00:00","dateModified":"2022-08-21T15:03:50+00:00","description":"El extracto de alcachofa est\u00e1 indicado para trastornos hep\u00e1ticos y gastrointestinales.","breadcrumb":{"@id":"https:\/\/www.lifenatura.com\/es\/produto\/alcachofa-borututu-jarabe-200-ml-nutriflor\/#breadcrumb"},"inLanguage":"es","potentialAction":[{"@type":"ReadAction","target":["https:\/\/www.lifenatura.com\/es\/produto\/alcachofa-borututu-jarabe-200-ml-nutriflor\/"]}]},{"@type":"ImageObject","inLanguage":"es","@id":"https:\/\/www.lifenatura.com\/es\/produto\/alcachofa-borututu-jarabe-200-ml-nutriflor\/#primaryimage","url":"https:\/\/www.lifenatura.com\/wp-content\/uploads\/2021\/09\/gd_alcachofra-borututu-xarope-nutriflor.jpg","contentUrl":"https:\/\/www.lifenatura.com\/wp-content\/uploads\/2021\/09\/gd_alcachofra-borututu-xarope-nutriflor.jpg","width":1000,"height":1000,"caption":"Alcachofa + Borututu Jarabe 200 ml - Nutriflor"},{"@type":"BreadcrumbList","@id":"https:\/\/www.lifenatura.com\/es\/produto\/alcachofa-borututu-jarabe-200-ml-nutriflor\/#breadcrumb","itemListElement":[{"@type":"ListItem","position":1,"name":"In\u00edcio","item":"https:\/\/www.lifenatura.com\/es\/"},{"@type":"ListItem","position":2,"name":"Todos los Productos","item":"https:\/\/www.lifenatura.com\/es\/tienda\/"},{"@type":"ListItem","position":3,"name":"Alcachofa + Borututu Jarabe 200 ml &#8211; Nutriflor"}]},{"@type":"WebSite","@id":"https:\/\/www.lifenatura.com\/es\/#website","url":"https:\/\/www.lifenatura.com\/es\/","name":"Lifenatura","description":"A Lifenatura \u00e9 uma loja de produtos naturais, cosm\u00e9tica natural e alimenta\u00e7\u00e3o Biol\u00f3gica.","publisher":{"@id":"https:\/\/www.lifenatura.com\/es\/#organization"},"potentialAction":[{"@type":"SearchAction","target":{"@type":"EntryPoint","urlTemplate":"https:\/\/www.lifenatura.com\/es\/?s={search_term_string}"},"query-input":{"@type":"PropertyValueSpecification","valueRequired":true,"valueName":"search_term_string"}}],"inLanguage":"es"},{"@type":"Organization","@id":"https:\/\/www.lifenatura.com\/es\/#organization","name":"Lifenatura","url":"https:\/\/www.lifenatura.com\/es\/","logo":{"@type":"ImageObject","inLanguage":"es","@id":"https:\/\/www.lifenatura.com\/es\/#\/schema\/logo\/image\/","url":"https:\/\/www.lifenatura.com\/wp-content\/uploads\/2021\/07\/logo.png","contentUrl":"https:\/\/www.lifenatura.com\/wp-content\/uploads\/2021\/07\/logo.png","width":175,"height":55,"caption":"Lifenatura"},"image":{"@id":"https:\/\/www.lifenatura.com\/es\/#\/schema\/logo\/image\/"},"sameAs":["https:\/\/www.facebook.com\/lifenatura","https:\/\/www.instagram.com\/lifenaturapt\/"],"hasMerchantReturnPolicy":{"@type":"MerchantReturnPolicy","merchantReturnLink":"https:\/\/www.lifenatura.com\/termos-condicoes-lifenatura\/"}}]},"product_price_amount":"13.87","product_price_currency":"EUR","og_availability":"instock","product_availability":"instock","product_retailer_item_id":"5603839000033","product_condition":"new"},"df_price":13.87,"df_sale_price":13.87,"df_regular_price":23.12,"df_image_link":"https:\/\/www.lifenatura.com\/wp-content\/uploads\/2021\/09\/gd_alcachofra-borututu-xarope-nutriflor-300x300.jpg","_links":{"self":[{"href":"https:\/\/www.lifenatura.com\/es\/wp-json\/wp\/v2\/product\/40316","targetHints":{"allow":["GET"]}}],"collection":[{"href":"https:\/\/www.lifenatura.com\/es\/wp-json\/wp\/v2\/product"}],"about":[{"href":"https:\/\/www.lifenatura.com\/es\/wp-json\/wp\/v2\/types\/product"}],"wp:featuredmedia":[{"embeddable":true,"href":"https:\/\/www.lifenatura.com\/es\/wp-json\/wp\/v2\/media\/21529"}],"wp:attachment":[{"href":"https:\/\/www.lifenatura.com\/es\/wp-json\/wp\/v2\/media?parent=40316"}],"wp:term":[{"taxonomy":"product_brand","embeddable":true,"href":"https:\/\/www.lifenatura.com\/es\/wp-json\/wp\/v2\/product_brand?post=40316"},{"taxonomy":"product_cat","embeddable":true,"href":"https:\/\/www.lifenatura.com\/es\/wp-json\/wp\/v2\/product_cat?post=40316"},{"taxonomy":"product_tag","embeddable":true,"href":"https:\/\/www.lifenatura.com\/es\/wp-json\/wp\/v2\/product_tag?post=40316"}],"curies":[{"name":"wp","href":"https:\/\/api.w.org\/{rel}","templated":true}]}}