{"id":40314,"date":"2021-09-30T10:38:22","date_gmt":"2021-09-30T10:38:22","guid":{"rendered":"https:\/\/lifenatura.dev.agenciagetdigital.com\/produto\/mico-neo-hep-60-capsulas-nutridil\/"},"modified":"2023-11-19T23:54:24","modified_gmt":"2023-11-19T23:54:24","slug":"mico-neo-hep-60-capsulas-nutridil","status":"publish","type":"product","link":"https:\/\/www.lifenatura.com\/es\/produto\/mico-neo-hep-60-capsulas-nutridil\/","title":{"rendered":"MicoNeo Hep 60 c\u00e1psulas"},"content":{"rendered":"<h2 style=\"text-align: left;\"><strong>MicoNeo HEP El mejor aliado para proteger tu h\u00edgado<\/strong><\/h2>\n<p>&nbsp;<\/p>\n<p>MicoNeo HEP combina la sinergia de 4 hongos: Reishi, Cordyceps, Shiitake y Polyporus y el Cardo Mariano, planta medicinal utilizada tradicionalmente como antioxidante, antihepatot\u00f3xico e hipocolesterolemiante.<\/p>\n<p>Mico Neo HEP se obtiene a partir de hongos puros, de producci\u00f3n ecol\u00f3gica, sin maltodextrinas ni al\u00e9rgenos.<\/p>\n<p>La vitamina C natural, obtenida de la especie camu-camu (Myrciaria dubia), se incorpora a la cubierta exterior del microgr\u00e1nulo. De este modo, la vitamina C se libera inmediatamente antes que los principios activos del hongo, favoreciendo as\u00ed la absorci\u00f3n de los polisac\u00e1ridos y optimizando su acci\u00f3n fisiol\u00f3gica.<\/p>\n<p>Se presenta en forma de c\u00e1psulas gastrorresistentes, que contribuyen a proteger los principios activos del medio \u00e1cido y a mejorar su biodisponibilidad, gracias tambi\u00e9n a la dosificaci\u00f3n microgranulada, una tecnolog\u00eda avanzada que optimiza, protege y modula la liberaci\u00f3n de los principios activos.<\/p>\n<p><strong>PRESENTACI\u00d3N<\/strong><\/p>\n<p>60 c\u00e1psulas<\/p>\n<p>&nbsp;<\/p>\n","protected":false},"excerpt":{"rendered":"<p>MicoNeo Hep es un complemento alimenticio natural rico en Cardo Mariano, Reishi, Cordyceps, Shiitake y Polyporus, que ayuda a desintoxicar el h\u00edgado. [&#8230;]<\/p>\n<p><a class=\"btn btn-secondary understrap-read-more-link\" href=\"https:\/\/www.lifenatura.com\/es\/produto\/mico-neo-hep-60-capsulas-nutridil\/\">Leer m\u00e1s&#8230;<span class=\"screen-reader-text\"> from MicoNeo Hep 60 c\u00e1psulas<\/span><\/a><\/p>\n","protected":false},"featured_media":80675,"template":"","meta":{"_acf_changed":false},"product_brand":[8433],"product_cat":[7677,7254,7659,7161,7179,7162],"product_tag":[],"class_list":{"0":"post-40314","1":"product","2":"type-product","3":"status-publish","4":"has-post-thumbnail","6":"product_brand-neo-es","7":"product_cat-cardo-mariano-bio","8":"product_cat-higado-vesicula","9":"product_cat-ingrediente-natural-bio","10":"product_cat-seta-reishi","11":"product_cat-salud","12":"product_cat-seta-shitake","13":"pa_caracteristicas-sin-gluten","14":"pa_caracteristicas-sin-lactosa","16":"first","17":"instock","18":"shipping-taxable","19":"purchasable","20":"product-type-simple","21":"add-to-wishlist-before_image"},"acf":[],"yoast_head":"<!-- This site is optimized with the Yoast SEO Premium plugin v27.1 (Yoast SEO v27.5) - https:\/\/yoast.com\/product\/yoast-seo-premium-wordpress\/ -->\n<title>MicoNeo Hep 60 c\u00e1psulas - Lifenatura<\/title>\n<meta name=\"description\" content=\"MicoNeo Hep es un complemento alimenticio natural rico en Cardo Mariano, Reishi, Cordyceps, Shiitake y Polyporus, que ayuda a desintoxicar el h\u00edgado.\" \/>\n<meta name=\"robots\" content=\"index, follow, max-snippet:-1, max-image-preview:large, max-video-preview:-1\" \/>\n<link rel=\"canonical\" href=\"https:\/\/www.lifenatura.com\/es\/produto\/mico-neo-hep-60-capsulas-nutridil\/\" \/>\n<meta property=\"og:locale\" content=\"es_ES\" \/>\n<meta property=\"og:type\" content=\"article\" \/>\n<meta property=\"og:title\" content=\"MicoNeo Hep 60 c\u00e1psulas - Na Lifenatura ao Melhor Pre\u00e7o | Envio 48h\" \/>\n<meta property=\"og:description\" content=\"Compre MicoNeo Hep 60 c\u00e1psulas com envio r\u00e1pido. Entrega em 48h e portes gr\u00e1tis em compras &gt;35\u20ac. Aproveite j\u00e1 na Lifenatura\" \/>\n<meta property=\"og:url\" content=\"https:\/\/www.lifenatura.com\/es\/produto\/mico-neo-hep-60-capsulas-nutridil\/\" \/>\n<meta property=\"og:site_name\" content=\"Lifenatura\" \/>\n<meta property=\"article:publisher\" content=\"https:\/\/www.facebook.com\/lifenatura\" \/>\n<meta property=\"article:modified_time\" content=\"2023-11-19T23:54:24+00:00\" \/>\n<meta property=\"og:image\" content=\"https:\/\/www.lifenatura.com\/wp-content\/uploads\/2021\/09\/mico-neo-hep-60-caps.jpg\" \/>\n\t<meta property=\"og:image:width\" content=\"1000\" \/>\n\t<meta property=\"og:image:height\" content=\"1000\" \/>\n\t<meta property=\"og:image:type\" content=\"image\/jpeg\" \/>\n<meta name=\"twitter:card\" content=\"summary_large_image\" \/>\n<meta name=\"twitter:label1\" content=\"Precio\" \/>\n\t<meta name=\"twitter:data1\" content=\"42,90&nbsp;&euro;\" \/>\n\t<meta name=\"twitter:label2\" content=\"Disponibilidad\" \/>\n\t<meta name=\"twitter:data2\" content=\"Disponible\" \/>\n<script type=\"application\/ld+json\" class=\"yoast-schema-graph\">{\"@context\":\"https:\\\/\\\/schema.org\",\"@graph\":[{\"@type\":\"WebPage\",\"@id\":\"https:\\\/\\\/www.lifenatura.com\\\/es\\\/produto\\\/mico-neo-hep-60-capsulas-nutridil\\\/\",\"url\":\"https:\\\/\\\/www.lifenatura.com\\\/es\\\/produto\\\/mico-neo-hep-60-capsulas-nutridil\\\/\",\"name\":\"MicoNeo Hep 60 c\u00e1psulas - Lifenatura\",\"isPartOf\":{\"@id\":\"https:\\\/\\\/www.lifenatura.com\\\/es\\\/#website\"},\"primaryImageOfPage\":{\"@id\":\"https:\\\/\\\/www.lifenatura.com\\\/es\\\/produto\\\/mico-neo-hep-60-capsulas-nutridil\\\/#primaryimage\"},\"image\":{\"@id\":\"https:\\\/\\\/www.lifenatura.com\\\/es\\\/produto\\\/mico-neo-hep-60-capsulas-nutridil\\\/#primaryimage\"},\"thumbnailUrl\":\"https:\\\/\\\/www.lifenatura.com\\\/wp-content\\\/uploads\\\/2021\\\/09\\\/mico-neo-hep-60-caps.jpg\",\"datePublished\":\"2021-09-30T10:38:22+00:00\",\"dateModified\":\"2023-11-19T23:54:24+00:00\",\"description\":\"MicoNeo Hep es un complemento alimenticio natural rico en Cardo Mariano, Reishi, Cordyceps, Shiitake y Polyporus, que ayuda a desintoxicar el h\u00edgado.\",\"breadcrumb\":{\"@id\":\"https:\\\/\\\/www.lifenatura.com\\\/es\\\/produto\\\/mico-neo-hep-60-capsulas-nutridil\\\/#breadcrumb\"},\"inLanguage\":\"es\",\"potentialAction\":[{\"@type\":\"ReadAction\",\"target\":[\"https:\\\/\\\/www.lifenatura.com\\\/es\\\/produto\\\/mico-neo-hep-60-capsulas-nutridil\\\/\"]}]},{\"@type\":\"ImageObject\",\"inLanguage\":\"es\",\"@id\":\"https:\\\/\\\/www.lifenatura.com\\\/es\\\/produto\\\/mico-neo-hep-60-capsulas-nutridil\\\/#primaryimage\",\"url\":\"https:\\\/\\\/www.lifenatura.com\\\/wp-content\\\/uploads\\\/2021\\\/09\\\/mico-neo-hep-60-caps.jpg\",\"contentUrl\":\"https:\\\/\\\/www.lifenatura.com\\\/wp-content\\\/uploads\\\/2021\\\/09\\\/mico-neo-hep-60-caps.jpg\",\"width\":1000,\"height\":1000,\"caption\":\"MicoNeo hep\"},{\"@type\":\"BreadcrumbList\",\"@id\":\"https:\\\/\\\/www.lifenatura.com\\\/es\\\/produto\\\/mico-neo-hep-60-capsulas-nutridil\\\/#breadcrumb\",\"itemListElement\":[{\"@type\":\"ListItem\",\"position\":1,\"name\":\"In\u00edcio\",\"item\":\"https:\\\/\\\/www.lifenatura.com\\\/es\\\/\"},{\"@type\":\"ListItem\",\"position\":2,\"name\":\"Todos los Productos\",\"item\":\"https:\\\/\\\/www.lifenatura.com\\\/es\\\/tienda\\\/\"},{\"@type\":\"ListItem\",\"position\":3,\"name\":\"MicoNeo Hep 60 c\u00e1psulas\"}]},{\"@type\":\"WebSite\",\"@id\":\"https:\\\/\\\/www.lifenatura.com\\\/es\\\/#website\",\"url\":\"https:\\\/\\\/www.lifenatura.com\\\/es\\\/\",\"name\":\"Lifenatura\",\"description\":\"A Lifenatura \u00e9 uma loja de produtos naturais, cosm\u00e9tica natural e alimenta\u00e7\u00e3o Biol\u00f3gica.\",\"publisher\":{\"@id\":\"https:\\\/\\\/www.lifenatura.com\\\/es\\\/#organization\"},\"potentialAction\":[{\"@type\":\"SearchAction\",\"target\":{\"@type\":\"EntryPoint\",\"urlTemplate\":\"https:\\\/\\\/www.lifenatura.com\\\/es\\\/?s={search_term_string}\"},\"query-input\":{\"@type\":\"PropertyValueSpecification\",\"valueRequired\":true,\"valueName\":\"search_term_string\"}}],\"inLanguage\":\"es\"},{\"@type\":\"Organization\",\"@id\":\"https:\\\/\\\/www.lifenatura.com\\\/es\\\/#organization\",\"name\":\"Lifenatura\",\"url\":\"https:\\\/\\\/www.lifenatura.com\\\/es\\\/\",\"logo\":{\"@type\":\"ImageObject\",\"inLanguage\":\"es\",\"@id\":\"https:\\\/\\\/www.lifenatura.com\\\/es\\\/#\\\/schema\\\/logo\\\/image\\\/\",\"url\":\"https:\\\/\\\/www.lifenatura.com\\\/wp-content\\\/uploads\\\/2021\\\/07\\\/logo.png\",\"contentUrl\":\"https:\\\/\\\/www.lifenatura.com\\\/wp-content\\\/uploads\\\/2021\\\/07\\\/logo.png\",\"width\":175,\"height\":55,\"caption\":\"Lifenatura\"},\"image\":{\"@id\":\"https:\\\/\\\/www.lifenatura.com\\\/es\\\/#\\\/schema\\\/logo\\\/image\\\/\"},\"sameAs\":[\"https:\\\/\\\/www.facebook.com\\\/lifenatura\",\"https:\\\/\\\/www.instagram.com\\\/lifenaturapt\\\/\"],\"hasMerchantReturnPolicy\":{\"@type\":\"MerchantReturnPolicy\",\"merchantReturnLink\":\"https:\\\/\\\/www.lifenatura.com\\\/termos-condicoes-lifenatura\\\/\"}}]}<\/script>\n<meta property=\"product:price:amount\" content=\"42.90\" \/>\n<meta property=\"product:price:currency\" content=\"EUR\" \/>\n<meta property=\"og:availability\" content=\"instock\" \/>\n<meta property=\"product:availability\" content=\"instock\" \/>\n<meta property=\"product:retailer_item_id\" content=\"8436036590802\" \/>\n<meta property=\"product:condition\" content=\"new\" \/>\n<!-- \/ Yoast SEO Premium plugin. -->","yoast_head_json":{"title":"MicoNeo Hep 60 c\u00e1psulas - Lifenatura","description":"MicoNeo Hep es un complemento alimenticio natural rico en Cardo Mariano, Reishi, Cordyceps, Shiitake y Polyporus, que ayuda a desintoxicar el h\u00edgado.","robots":{"index":"index","follow":"follow","max-snippet":"max-snippet:-1","max-image-preview":"max-image-preview:large","max-video-preview":"max-video-preview:-1"},"canonical":"https:\/\/www.lifenatura.com\/es\/produto\/mico-neo-hep-60-capsulas-nutridil\/","og_locale":"es_ES","og_type":"article","og_title":"MicoNeo Hep 60 c\u00e1psulas - Na Lifenatura ao Melhor Pre\u00e7o | Envio 48h","og_description":"Compre MicoNeo Hep 60 c\u00e1psulas com envio r\u00e1pido. Entrega em 48h e portes gr\u00e1tis em compras >35\u20ac. Aproveite j\u00e1 na Lifenatura","og_url":"https:\/\/www.lifenatura.com\/es\/produto\/mico-neo-hep-60-capsulas-nutridil\/","og_site_name":"Lifenatura","article_publisher":"https:\/\/www.facebook.com\/lifenatura","article_modified_time":"2023-11-19T23:54:24+00:00","og_image":[{"width":1000,"height":1000,"url":"https:\/\/www.lifenatura.com\/wp-content\/uploads\/2021\/09\/mico-neo-hep-60-caps.jpg","type":"image\/jpeg"}],"twitter_card":"summary_large_image","twitter_misc":{"Precio":"42,90&nbsp;&euro;","Disponibilidad":"Disponible"},"schema":{"@context":"https:\/\/schema.org","@graph":[{"@type":"WebPage","@id":"https:\/\/www.lifenatura.com\/es\/produto\/mico-neo-hep-60-capsulas-nutridil\/","url":"https:\/\/www.lifenatura.com\/es\/produto\/mico-neo-hep-60-capsulas-nutridil\/","name":"MicoNeo Hep 60 c\u00e1psulas - Lifenatura","isPartOf":{"@id":"https:\/\/www.lifenatura.com\/es\/#website"},"primaryImageOfPage":{"@id":"https:\/\/www.lifenatura.com\/es\/produto\/mico-neo-hep-60-capsulas-nutridil\/#primaryimage"},"image":{"@id":"https:\/\/www.lifenatura.com\/es\/produto\/mico-neo-hep-60-capsulas-nutridil\/#primaryimage"},"thumbnailUrl":"https:\/\/www.lifenatura.com\/wp-content\/uploads\/2021\/09\/mico-neo-hep-60-caps.jpg","datePublished":"2021-09-30T10:38:22+00:00","dateModified":"2023-11-19T23:54:24+00:00","description":"MicoNeo Hep es un complemento alimenticio natural rico en Cardo Mariano, Reishi, Cordyceps, Shiitake y Polyporus, que ayuda a desintoxicar el h\u00edgado.","breadcrumb":{"@id":"https:\/\/www.lifenatura.com\/es\/produto\/mico-neo-hep-60-capsulas-nutridil\/#breadcrumb"},"inLanguage":"es","potentialAction":[{"@type":"ReadAction","target":["https:\/\/www.lifenatura.com\/es\/produto\/mico-neo-hep-60-capsulas-nutridil\/"]}]},{"@type":"ImageObject","inLanguage":"es","@id":"https:\/\/www.lifenatura.com\/es\/produto\/mico-neo-hep-60-capsulas-nutridil\/#primaryimage","url":"https:\/\/www.lifenatura.com\/wp-content\/uploads\/2021\/09\/mico-neo-hep-60-caps.jpg","contentUrl":"https:\/\/www.lifenatura.com\/wp-content\/uploads\/2021\/09\/mico-neo-hep-60-caps.jpg","width":1000,"height":1000,"caption":"MicoNeo hep"},{"@type":"BreadcrumbList","@id":"https:\/\/www.lifenatura.com\/es\/produto\/mico-neo-hep-60-capsulas-nutridil\/#breadcrumb","itemListElement":[{"@type":"ListItem","position":1,"name":"In\u00edcio","item":"https:\/\/www.lifenatura.com\/es\/"},{"@type":"ListItem","position":2,"name":"Todos los Productos","item":"https:\/\/www.lifenatura.com\/es\/tienda\/"},{"@type":"ListItem","position":3,"name":"MicoNeo Hep 60 c\u00e1psulas"}]},{"@type":"WebSite","@id":"https:\/\/www.lifenatura.com\/es\/#website","url":"https:\/\/www.lifenatura.com\/es\/","name":"Lifenatura","description":"A Lifenatura \u00e9 uma loja de produtos naturais, cosm\u00e9tica natural e alimenta\u00e7\u00e3o Biol\u00f3gica.","publisher":{"@id":"https:\/\/www.lifenatura.com\/es\/#organization"},"potentialAction":[{"@type":"SearchAction","target":{"@type":"EntryPoint","urlTemplate":"https:\/\/www.lifenatura.com\/es\/?s={search_term_string}"},"query-input":{"@type":"PropertyValueSpecification","valueRequired":true,"valueName":"search_term_string"}}],"inLanguage":"es"},{"@type":"Organization","@id":"https:\/\/www.lifenatura.com\/es\/#organization","name":"Lifenatura","url":"https:\/\/www.lifenatura.com\/es\/","logo":{"@type":"ImageObject","inLanguage":"es","@id":"https:\/\/www.lifenatura.com\/es\/#\/schema\/logo\/image\/","url":"https:\/\/www.lifenatura.com\/wp-content\/uploads\/2021\/07\/logo.png","contentUrl":"https:\/\/www.lifenatura.com\/wp-content\/uploads\/2021\/07\/logo.png","width":175,"height":55,"caption":"Lifenatura"},"image":{"@id":"https:\/\/www.lifenatura.com\/es\/#\/schema\/logo\/image\/"},"sameAs":["https:\/\/www.facebook.com\/lifenatura","https:\/\/www.instagram.com\/lifenaturapt\/"],"hasMerchantReturnPolicy":{"@type":"MerchantReturnPolicy","merchantReturnLink":"https:\/\/www.lifenatura.com\/termos-condicoes-lifenatura\/"}}]},"product_price_amount":"42.90","product_price_currency":"EUR","og_availability":"instock","product_availability":"instock","product_retailer_item_id":"8436036590802","product_condition":"new"},"df_price":42.9,"df_sale_price":"","df_regular_price":42.9,"df_image_link":"https:\/\/www.lifenatura.com\/wp-content\/uploads\/2021\/09\/mico-neo-hep-60-caps-300x300.jpg","_links":{"self":[{"href":"https:\/\/www.lifenatura.com\/es\/wp-json\/wp\/v2\/product\/40314","targetHints":{"allow":["GET"]}}],"collection":[{"href":"https:\/\/www.lifenatura.com\/es\/wp-json\/wp\/v2\/product"}],"about":[{"href":"https:\/\/www.lifenatura.com\/es\/wp-json\/wp\/v2\/types\/product"}],"wp:featuredmedia":[{"embeddable":true,"href":"https:\/\/www.lifenatura.com\/es\/wp-json\/wp\/v2\/media\/80675"}],"wp:attachment":[{"href":"https:\/\/www.lifenatura.com\/es\/wp-json\/wp\/v2\/media?parent=40314"}],"wp:term":[{"taxonomy":"product_brand","embeddable":true,"href":"https:\/\/www.lifenatura.com\/es\/wp-json\/wp\/v2\/product_brand?post=40314"},{"taxonomy":"product_cat","embeddable":true,"href":"https:\/\/www.lifenatura.com\/es\/wp-json\/wp\/v2\/product_cat?post=40314"},{"taxonomy":"product_tag","embeddable":true,"href":"https:\/\/www.lifenatura.com\/es\/wp-json\/wp\/v2\/product_tag?post=40314"}],"curies":[{"name":"wp","href":"https:\/\/api.w.org\/{rel}","templated":true}]}}