{"id":40299,"date":"2021-09-30T10:38:01","date_gmt":"2021-09-30T10:38:01","guid":{"rendered":"https:\/\/lifenatura.dev.agenciagetdigital.com\/produto\/ergyoptim-250-ml-nutergia\/"},"modified":"2025-02-02T00:04:00","modified_gmt":"2025-02-02T00:04:00","slug":"ergyoptim-250-ml-nutergia","status":"publish","type":"product","link":"https:\/\/www.lifenatura.com\/es\/produto\/ergyoptim-250-ml-nutergia\/","title":{"rendered":"Ergyoptim 250 ml &#8211; Nutergia"},"content":{"rendered":"<h2 style=\"text-align: left;\"><strong>Ergyoptim contribuye al buen funcionamiento de los ojos<\/strong><\/h2>\n<p>&nbsp;<\/p>\n<p>Ergyoptim es un complemento natural que contiene ar\u00e1ndano, grosellero negro, ginkgo y oligoelementos y est\u00e1 indicado para contribuir a una visi\u00f3n sana.<\/p>\n<p>El ar\u00e1ndano favorece la circulaci\u00f3n ocular y ayuda a mejorar la visi\u00f3n nocturna.<br \/>\nEl grosellero negro y el ar\u00e1ndano contribuyen a una buena circulaci\u00f3n sangu\u00ednea en los microvasos.<br \/>\nEl zinc ayuda a la funci\u00f3n cognitiva y contribuye a mantener una visi\u00f3n normal.<br \/>\nEl selenio y el olivo ayudan a proteger las c\u00e9lulas contra la oxidaci\u00f3n indeseable.<\/p>\n<p><strong>\u00bfCu\u00e1ndo se recomienda Ergyoptim?<\/strong><\/p>\n<p>Puede recomendarse para favorecer la funci\u00f3n ocular en caso de exposici\u00f3n prolongada a pantallas (tel\u00e9fonos m\u00f3viles, tabletas) o cuando se trabaja con el ordenador, al conducir y por la noche.<\/p>\n<p><strong>PRESENTACI\u00d3N<\/strong><\/p>\n<p>250 ml<\/p>\n<p>&nbsp;<\/p>\n","protected":false},"excerpt":{"rendered":"<p>Ergyoptim es un suplemento natural que contiene ginkgo y muchos otros ingredientes naturales y est\u00e1 indicado para contribuir a una visi\u00f3n saludable. [&#8230;]<\/p>\n<p><a class=\"btn btn-secondary understrap-read-more-link\" href=\"https:\/\/www.lifenatura.com\/es\/produto\/ergyoptim-250-ml-nutergia\/\">Leer m\u00e1s&#8230;<span class=\"screen-reader-text\"> from Ergyoptim 250 ml &#8211; Nutergia<\/span><\/a><\/p>\n","protected":false},"featured_media":73680,"template":"","meta":{"_acf_changed":false},"product_brand":[8427],"product_cat":[7179,7218],"product_tag":[],"class_list":{"0":"post-40299","1":"product","2":"type-product","3":"status-publish","4":"has-post-thumbnail","6":"product_brand-nutergia","7":"product_cat-salud","8":"product_cat-salud-ocular","9":"pa_dicas-nutergia-gama-fitomineral-es","11":"first","12":"instock","13":"sale","14":"shipping-taxable","15":"purchasable","16":"product-type-simple","17":"add-to-wishlist-before_image"},"acf":[],"yoast_head":"<!-- This site is optimized with the Yoast SEO Premium plugin v27.1 (Yoast SEO v27.3) - https:\/\/yoast.com\/product\/yoast-seo-premium-wordpress\/ -->\n<title>Ergyoptim 250 ml Nutergia - Lifenatura<\/title>\n<meta name=\"description\" content=\"Ergyoptim es un suplemento natural que contiene ginkgo y muchos otros ingredientes naturales y est\u00e1 indicado para contribuir a una visi\u00f3n saludable.\" \/>\n<meta name=\"robots\" content=\"index, follow, max-snippet:-1, max-image-preview:large, max-video-preview:-1\" \/>\n<link rel=\"canonical\" href=\"https:\/\/www.lifenatura.com\/es\/produto\/ergyoptim-250-ml-nutergia\/\" \/>\n<meta property=\"og:locale\" content=\"es_ES\" \/>\n<meta property=\"og:type\" content=\"article\" \/>\n<meta property=\"og:title\" content=\"Ergyoptim 250 ml - Nutergia - Lifenatura\" \/>\n<meta property=\"og:description\" content=\"Compre aqui o seu Ergyoptim 250 ml - Nutergia e a Lifenatura Online envia em 48 H com Portes Gratis &gt;35\u20ac de Pedido.\" \/>\n<meta property=\"og:url\" content=\"https:\/\/www.lifenatura.com\/es\/produto\/ergyoptim-250-ml-nutergia\/\" \/>\n<meta property=\"og:site_name\" content=\"Lifenatura\" \/>\n<meta property=\"article:publisher\" content=\"https:\/\/www.facebook.com\/lifenatura\" \/>\n<meta property=\"article:modified_time\" content=\"2025-02-02T00:04:00+00:00\" \/>\n<meta property=\"og:image\" content=\"https:\/\/www.lifenatura.com\/wp-content\/uploads\/2021\/09\/ergyoptim-250ml-nutergia.jpg\" \/>\n\t<meta property=\"og:image:width\" content=\"1000\" \/>\n\t<meta property=\"og:image:height\" content=\"1000\" \/>\n\t<meta property=\"og:image:type\" content=\"image\/jpeg\" \/>\n<meta name=\"twitter:card\" content=\"summary_large_image\" \/>\n<meta name=\"twitter:label1\" content=\"Precio\" \/>\n\t<meta name=\"twitter:data1\" content=\"17,90&nbsp;&euro;\" \/>\n\t<meta name=\"twitter:label2\" content=\"Disponibilidad\" \/>\n\t<meta name=\"twitter:data2\" content=\"Disponible\" \/>\n<meta property=\"product:price:amount\" content=\"17.90\" \/>\n<meta property=\"product:price:currency\" content=\"EUR\" \/>\n<meta property=\"og:availability\" content=\"instock\" \/>\n<meta property=\"product:availability\" content=\"instock\" \/>\n<meta property=\"product:retailer_item_id\" content=\"8436031735048\" \/>\n<meta property=\"product:condition\" content=\"new\" \/>\n<!-- \/ Yoast SEO Premium plugin. -->","yoast_head_json":{"title":"Ergyoptim 250 ml Nutergia - Lifenatura","description":"Ergyoptim es un suplemento natural que contiene ginkgo y muchos otros ingredientes naturales y est\u00e1 indicado para contribuir a una visi\u00f3n saludable.","robots":{"index":"index","follow":"follow","max-snippet":"max-snippet:-1","max-image-preview":"max-image-preview:large","max-video-preview":"max-video-preview:-1"},"canonical":"https:\/\/www.lifenatura.com\/es\/produto\/ergyoptim-250-ml-nutergia\/","og_locale":"es_ES","og_type":"article","og_title":"Ergyoptim 250 ml - Nutergia - Lifenatura","og_description":"Compre aqui o seu Ergyoptim 250 ml - Nutergia e a Lifenatura Online envia em 48 H com Portes Gratis >35\u20ac de Pedido.","og_url":"https:\/\/www.lifenatura.com\/es\/produto\/ergyoptim-250-ml-nutergia\/","og_site_name":"Lifenatura","article_publisher":"https:\/\/www.facebook.com\/lifenatura","article_modified_time":"2025-02-02T00:04:00+00:00","og_image":[{"width":1000,"height":1000,"url":"https:\/\/www.lifenatura.com\/wp-content\/uploads\/2021\/09\/ergyoptim-250ml-nutergia.jpg","type":"image\/jpeg"}],"twitter_card":"summary_large_image","twitter_misc":{"Precio":"17,90&nbsp;&euro;","Disponibilidad":"Disponible"},"schema":{"@context":"https:\/\/schema.org","@graph":[{"@type":"WebPage","@id":"https:\/\/www.lifenatura.com\/es\/produto\/ergyoptim-250-ml-nutergia\/","url":"https:\/\/www.lifenatura.com\/es\/produto\/ergyoptim-250-ml-nutergia\/","name":"Ergyoptim 250 ml Nutergia - Lifenatura","isPartOf":{"@id":"https:\/\/www.lifenatura.com\/es\/#website"},"primaryImageOfPage":{"@id":"https:\/\/www.lifenatura.com\/es\/produto\/ergyoptim-250-ml-nutergia\/#primaryimage"},"image":{"@id":"https:\/\/www.lifenatura.com\/es\/produto\/ergyoptim-250-ml-nutergia\/#primaryimage"},"thumbnailUrl":"https:\/\/www.lifenatura.com\/wp-content\/uploads\/2021\/09\/ergyoptim-250ml-nutergia.jpg","datePublished":"2021-09-30T10:38:01+00:00","dateModified":"2025-02-02T00:04:00+00:00","description":"Ergyoptim es un suplemento natural que contiene ginkgo y muchos otros ingredientes naturales y est\u00e1 indicado para contribuir a una visi\u00f3n saludable.","breadcrumb":{"@id":"https:\/\/www.lifenatura.com\/es\/produto\/ergyoptim-250-ml-nutergia\/#breadcrumb"},"inLanguage":"es","potentialAction":[{"@type":"ReadAction","target":["https:\/\/www.lifenatura.com\/es\/produto\/ergyoptim-250-ml-nutergia\/"]}]},{"@type":"ImageObject","inLanguage":"es","@id":"https:\/\/www.lifenatura.com\/es\/produto\/ergyoptim-250-ml-nutergia\/#primaryimage","url":"https:\/\/www.lifenatura.com\/wp-content\/uploads\/2021\/09\/ergyoptim-250ml-nutergia.jpg","contentUrl":"https:\/\/www.lifenatura.com\/wp-content\/uploads\/2021\/09\/ergyoptim-250ml-nutergia.jpg","width":1000,"height":1000,"caption":"Ergyoptim da marca Nutergia"},{"@type":"BreadcrumbList","@id":"https:\/\/www.lifenatura.com\/es\/produto\/ergyoptim-250-ml-nutergia\/#breadcrumb","itemListElement":[{"@type":"ListItem","position":1,"name":"In\u00edcio","item":"https:\/\/www.lifenatura.com\/es\/"},{"@type":"ListItem","position":2,"name":"Todos los Productos","item":"https:\/\/www.lifenatura.com\/es\/tienda\/"},{"@type":"ListItem","position":3,"name":"Ergyoptim 250 ml &#8211; Nutergia"}]},{"@type":"WebSite","@id":"https:\/\/www.lifenatura.com\/es\/#website","url":"https:\/\/www.lifenatura.com\/es\/","name":"Lifenatura","description":"A Lifenatura \u00e9 uma loja de produtos naturais, cosm\u00e9tica natural e alimenta\u00e7\u00e3o Biol\u00f3gica.","publisher":{"@id":"https:\/\/www.lifenatura.com\/es\/#organization"},"potentialAction":[{"@type":"SearchAction","target":{"@type":"EntryPoint","urlTemplate":"https:\/\/www.lifenatura.com\/es\/?s={search_term_string}"},"query-input":{"@type":"PropertyValueSpecification","valueRequired":true,"valueName":"search_term_string"}}],"inLanguage":"es"},{"@type":"Organization","@id":"https:\/\/www.lifenatura.com\/es\/#organization","name":"Lifenatura","url":"https:\/\/www.lifenatura.com\/es\/","logo":{"@type":"ImageObject","inLanguage":"es","@id":"https:\/\/www.lifenatura.com\/es\/#\/schema\/logo\/image\/","url":"https:\/\/www.lifenatura.com\/wp-content\/uploads\/2021\/11\/logo.png","contentUrl":"https:\/\/www.lifenatura.com\/wp-content\/uploads\/2021\/11\/logo.png","width":175,"height":55,"caption":"Lifenatura"},"image":{"@id":"https:\/\/www.lifenatura.com\/es\/#\/schema\/logo\/image\/"},"sameAs":["https:\/\/www.facebook.com\/lifenatura","https:\/\/www.instagram.com\/lifenaturapt\/"]}]},"product_price_amount":"17.90","product_price_currency":"EUR","og_availability":"instock","product_availability":"instock","product_retailer_item_id":"8436031735048","product_condition":"new"},"df_price":17.9,"df_sale_price":17.9,"df_regular_price":20.37,"df_image_link":"https:\/\/www.lifenatura.com\/wp-content\/uploads\/2021\/09\/ergyoptim-250ml-nutergia-300x300.jpg","_links":{"self":[{"href":"https:\/\/www.lifenatura.com\/es\/wp-json\/wp\/v2\/product\/40299","targetHints":{"allow":["GET"]}}],"collection":[{"href":"https:\/\/www.lifenatura.com\/es\/wp-json\/wp\/v2\/product"}],"about":[{"href":"https:\/\/www.lifenatura.com\/es\/wp-json\/wp\/v2\/types\/product"}],"wp:featuredmedia":[{"embeddable":true,"href":"https:\/\/www.lifenatura.com\/es\/wp-json\/wp\/v2\/media\/73680"}],"wp:attachment":[{"href":"https:\/\/www.lifenatura.com\/es\/wp-json\/wp\/v2\/media?parent=40299"}],"wp:term":[{"taxonomy":"product_brand","embeddable":true,"href":"https:\/\/www.lifenatura.com\/es\/wp-json\/wp\/v2\/product_brand?post=40299"},{"taxonomy":"product_cat","embeddable":true,"href":"https:\/\/www.lifenatura.com\/es\/wp-json\/wp\/v2\/product_cat?post=40299"},{"taxonomy":"product_tag","embeddable":true,"href":"https:\/\/www.lifenatura.com\/es\/wp-json\/wp\/v2\/product_tag?post=40299"}],"curies":[{"name":"wp","href":"https:\/\/api.w.org\/{rel}","templated":true}]}}