{"id":40270,"date":"2021-09-30T10:37:41","date_gmt":"2021-09-30T10:37:41","guid":{"rendered":"https:\/\/lifenatura.dev.agenciagetdigital.com\/produto\/ergyphytum-250-ml-nutergia\/"},"modified":"2025-02-02T00:03:50","modified_gmt":"2025-02-02T00:03:50","slug":"ergyphytum-250-ml-nutergia","status":"publish","type":"product","link":"https:\/\/www.lifenatura.com\/es\/produto\/ergyphytum-250-ml-nutergia\/","title":{"rendered":"Ergyphytum 250 ml &#8211; Nutergia"},"content":{"rendered":"<h2 style=\"text-align: left;\"><strong>Ergyphytum aporta confort a sus articulaciones<\/strong><\/h2>\n<p>&nbsp;<\/p>\n<p>Ergyphytum contiene grosellero negro y bamb\u00fa para facilitar el confort osteoarticular, as\u00ed como garra del diablo y ortiga para ayudar a mantener la flexibilidad de las articulaciones y los tendones.<\/p>\n<p>Tambi\u00e9n contiene grosellero negro y ortiga, reconocidos por favorecer el drenaje.<\/p>\n<p>Los oligoelementos completan esta f\u00f3rmula, incluido el manganeso, que contribuye a la formaci\u00f3n del tejido conjuntivo del cart\u00edlago y ayuda a mantener los huesos en buen estado.<\/p>\n<p>Sin alcohol, sin aromas artificiales, sin edulcorantes, sin az\u00facar. Sin residuos de pesticidas.<\/p>\n<p><strong>PRESENTACI\u00d3N<\/strong><\/p>\n<p>250 ml<\/p>\n<p>&nbsp;<\/p>\n","protected":false},"excerpt":{"rendered":"<p>Ergyphytum puede recomendarse para el confort articular, para la formaci\u00f3n normal de los tejidos conjuntivos y para drenar los \u00e1cidos. [&#8230;]<\/p>\n<p><a class=\"btn btn-secondary understrap-read-more-link\" href=\"https:\/\/www.lifenatura.com\/es\/produto\/ergyphytum-250-ml-nutergia\/\">Leer m\u00e1s&#8230;<span class=\"screen-reader-text\"> from Ergyphytum 250 ml &#8211; Nutergia<\/span><\/a><\/p>\n","protected":false},"featured_media":78640,"template":"","meta":{"_acf_changed":false},"product_brand":[8427],"product_cat":[7205,7179],"product_tag":[],"class_list":{"0":"post-40270","1":"product","2":"type-product","3":"status-publish","4":"has-post-thumbnail","6":"product_brand-nutergia","7":"product_cat-articulaciones","8":"product_cat-salud","9":"pa_dicas-nutergia-gama-fitomineral-es","11":"first","12":"instock","13":"sale","14":"shipping-taxable","15":"purchasable","16":"product-type-simple","17":"add-to-wishlist-before_image"},"acf":[],"yoast_head":"<!-- This site is optimized with the Yoast SEO Premium plugin v27.1 (Yoast SEO v27.3) - https:\/\/yoast.com\/product\/yoast-seo-premium-wordpress\/ -->\n<title>Ergyphytum 250 ml Nutergia - Lifenatura<\/title>\n<meta name=\"description\" content=\"Ergyphytum puede recomendarse para el confort articular, para la formaci\u00f3n normal de los tejidos conjuntivos y para drenar los \u00e1cidos.\" \/>\n<meta name=\"robots\" content=\"index, follow, max-snippet:-1, max-image-preview:large, max-video-preview:-1\" \/>\n<link rel=\"canonical\" href=\"https:\/\/www.lifenatura.com\/es\/produto\/ergyphytum-250-ml-nutergia\/\" \/>\n<meta property=\"og:locale\" content=\"es_ES\" \/>\n<meta property=\"og:type\" content=\"article\" \/>\n<meta property=\"og:title\" content=\"Ergyphytum 250 ml - Nutergia - Lifenatura\" \/>\n<meta property=\"og:description\" content=\"Compre aqui o seu Ergyphytum 250 ml - Nutergia e a Lifenatura Online envia em 48 H com Portes Gratis &gt;35\u20ac de Pedido.\" \/>\n<meta property=\"og:url\" content=\"https:\/\/www.lifenatura.com\/es\/produto\/ergyphytum-250-ml-nutergia\/\" \/>\n<meta property=\"og:site_name\" content=\"Lifenatura\" \/>\n<meta property=\"article:publisher\" content=\"https:\/\/www.facebook.com\/lifenatura\" \/>\n<meta property=\"article:modified_time\" content=\"2025-02-02T00:03:50+00:00\" \/>\n<meta property=\"og:image\" content=\"https:\/\/www.lifenatura.com\/wp-content\/uploads\/2021\/09\/ergyphytum-250ml-nutergia.jpg\" \/>\n\t<meta property=\"og:image:width\" content=\"1000\" \/>\n\t<meta property=\"og:image:height\" content=\"1000\" \/>\n\t<meta property=\"og:image:type\" content=\"image\/jpeg\" \/>\n<meta name=\"twitter:card\" content=\"summary_large_image\" \/>\n<meta name=\"twitter:label1\" content=\"Precio\" \/>\n\t<meta name=\"twitter:data1\" content=\"17,90&nbsp;&euro;\" \/>\n\t<meta name=\"twitter:label2\" content=\"Disponibilidad\" \/>\n\t<meta name=\"twitter:data2\" content=\"Disponible\" \/>\n<meta property=\"product:price:amount\" content=\"17.90\" \/>\n<meta property=\"product:price:currency\" content=\"EUR\" \/>\n<meta property=\"og:availability\" content=\"instock\" \/>\n<meta property=\"product:availability\" content=\"instock\" \/>\n<meta property=\"product:retailer_item_id\" content=\"8436031735055\" \/>\n<meta property=\"product:condition\" content=\"new\" \/>\n<!-- \/ Yoast SEO Premium plugin. -->","yoast_head_json":{"title":"Ergyphytum 250 ml Nutergia - Lifenatura","description":"Ergyphytum puede recomendarse para el confort articular, para la formaci\u00f3n normal de los tejidos conjuntivos y para drenar los \u00e1cidos.","robots":{"index":"index","follow":"follow","max-snippet":"max-snippet:-1","max-image-preview":"max-image-preview:large","max-video-preview":"max-video-preview:-1"},"canonical":"https:\/\/www.lifenatura.com\/es\/produto\/ergyphytum-250-ml-nutergia\/","og_locale":"es_ES","og_type":"article","og_title":"Ergyphytum 250 ml - Nutergia - Lifenatura","og_description":"Compre aqui o seu Ergyphytum 250 ml - Nutergia e a Lifenatura Online envia em 48 H com Portes Gratis >35\u20ac de Pedido.","og_url":"https:\/\/www.lifenatura.com\/es\/produto\/ergyphytum-250-ml-nutergia\/","og_site_name":"Lifenatura","article_publisher":"https:\/\/www.facebook.com\/lifenatura","article_modified_time":"2025-02-02T00:03:50+00:00","og_image":[{"width":1000,"height":1000,"url":"https:\/\/www.lifenatura.com\/wp-content\/uploads\/2021\/09\/ergyphytum-250ml-nutergia.jpg","type":"image\/jpeg"}],"twitter_card":"summary_large_image","twitter_misc":{"Precio":"17,90&nbsp;&euro;","Disponibilidad":"Disponible"},"schema":{"@context":"https:\/\/schema.org","@graph":[{"@type":"WebPage","@id":"https:\/\/www.lifenatura.com\/es\/produto\/ergyphytum-250-ml-nutergia\/","url":"https:\/\/www.lifenatura.com\/es\/produto\/ergyphytum-250-ml-nutergia\/","name":"Ergyphytum 250 ml Nutergia - Lifenatura","isPartOf":{"@id":"https:\/\/www.lifenatura.com\/es\/#website"},"primaryImageOfPage":{"@id":"https:\/\/www.lifenatura.com\/es\/produto\/ergyphytum-250-ml-nutergia\/#primaryimage"},"image":{"@id":"https:\/\/www.lifenatura.com\/es\/produto\/ergyphytum-250-ml-nutergia\/#primaryimage"},"thumbnailUrl":"https:\/\/www.lifenatura.com\/wp-content\/uploads\/2021\/09\/ergyphytum-250ml-nutergia.jpg","datePublished":"2021-09-30T10:37:41+00:00","dateModified":"2025-02-02T00:03:50+00:00","description":"Ergyphytum puede recomendarse para el confort articular, para la formaci\u00f3n normal de los tejidos conjuntivos y para drenar los \u00e1cidos.","breadcrumb":{"@id":"https:\/\/www.lifenatura.com\/es\/produto\/ergyphytum-250-ml-nutergia\/#breadcrumb"},"inLanguage":"es","potentialAction":[{"@type":"ReadAction","target":["https:\/\/www.lifenatura.com\/es\/produto\/ergyphytum-250-ml-nutergia\/"]}]},{"@type":"ImageObject","inLanguage":"es","@id":"https:\/\/www.lifenatura.com\/es\/produto\/ergyphytum-250-ml-nutergia\/#primaryimage","url":"https:\/\/www.lifenatura.com\/wp-content\/uploads\/2021\/09\/ergyphytum-250ml-nutergia.jpg","contentUrl":"https:\/\/www.lifenatura.com\/wp-content\/uploads\/2021\/09\/ergyphytum-250ml-nutergia.jpg","width":1000,"height":1000,"caption":"Ergyphytum da marca Nutergia"},{"@type":"BreadcrumbList","@id":"https:\/\/www.lifenatura.com\/es\/produto\/ergyphytum-250-ml-nutergia\/#breadcrumb","itemListElement":[{"@type":"ListItem","position":1,"name":"In\u00edcio","item":"https:\/\/www.lifenatura.com\/es\/"},{"@type":"ListItem","position":2,"name":"Todos los Productos","item":"https:\/\/www.lifenatura.com\/es\/tienda\/"},{"@type":"ListItem","position":3,"name":"Ergyphytum 250 ml &#8211; Nutergia"}]},{"@type":"WebSite","@id":"https:\/\/www.lifenatura.com\/es\/#website","url":"https:\/\/www.lifenatura.com\/es\/","name":"Lifenatura","description":"A Lifenatura \u00e9 uma loja de produtos naturais, cosm\u00e9tica natural e alimenta\u00e7\u00e3o Biol\u00f3gica.","publisher":{"@id":"https:\/\/www.lifenatura.com\/es\/#organization"},"potentialAction":[{"@type":"SearchAction","target":{"@type":"EntryPoint","urlTemplate":"https:\/\/www.lifenatura.com\/es\/?s={search_term_string}"},"query-input":{"@type":"PropertyValueSpecification","valueRequired":true,"valueName":"search_term_string"}}],"inLanguage":"es"},{"@type":"Organization","@id":"https:\/\/www.lifenatura.com\/es\/#organization","name":"Lifenatura","url":"https:\/\/www.lifenatura.com\/es\/","logo":{"@type":"ImageObject","inLanguage":"es","@id":"https:\/\/www.lifenatura.com\/es\/#\/schema\/logo\/image\/","url":"https:\/\/www.lifenatura.com\/wp-content\/uploads\/2021\/11\/logo.png","contentUrl":"https:\/\/www.lifenatura.com\/wp-content\/uploads\/2021\/11\/logo.png","width":175,"height":55,"caption":"Lifenatura"},"image":{"@id":"https:\/\/www.lifenatura.com\/es\/#\/schema\/logo\/image\/"},"sameAs":["https:\/\/www.facebook.com\/lifenatura","https:\/\/www.instagram.com\/lifenaturapt\/"]}]},"product_price_amount":"17.90","product_price_currency":"EUR","og_availability":"instock","product_availability":"instock","product_retailer_item_id":"8436031735055","product_condition":"new"},"df_price":17.9,"df_sale_price":17.9,"df_regular_price":20.37,"df_image_link":"https:\/\/www.lifenatura.com\/wp-content\/uploads\/2021\/09\/ergyphytum-250ml-nutergia-300x300.jpg","_links":{"self":[{"href":"https:\/\/www.lifenatura.com\/es\/wp-json\/wp\/v2\/product\/40270","targetHints":{"allow":["GET"]}}],"collection":[{"href":"https:\/\/www.lifenatura.com\/es\/wp-json\/wp\/v2\/product"}],"about":[{"href":"https:\/\/www.lifenatura.com\/es\/wp-json\/wp\/v2\/types\/product"}],"wp:featuredmedia":[{"embeddable":true,"href":"https:\/\/www.lifenatura.com\/es\/wp-json\/wp\/v2\/media\/78640"}],"wp:attachment":[{"href":"https:\/\/www.lifenatura.com\/es\/wp-json\/wp\/v2\/media?parent=40270"}],"wp:term":[{"taxonomy":"product_brand","embeddable":true,"href":"https:\/\/www.lifenatura.com\/es\/wp-json\/wp\/v2\/product_brand?post=40270"},{"taxonomy":"product_cat","embeddable":true,"href":"https:\/\/www.lifenatura.com\/es\/wp-json\/wp\/v2\/product_cat?post=40270"},{"taxonomy":"product_tag","embeddable":true,"href":"https:\/\/www.lifenatura.com\/es\/wp-json\/wp\/v2\/product_tag?post=40270"}],"curies":[{"name":"wp","href":"https:\/\/api.w.org\/{rel}","templated":true}]}}