{"id":40245,"date":"2021-09-30T10:37:19","date_gmt":"2021-09-30T10:37:19","guid":{"rendered":"https:\/\/lifenatura.dev.agenciagetdigital.com\/produto\/bileina-100-capsulas-nutergia\/"},"modified":"2025-02-02T00:03:40","modified_gmt":"2025-02-02T00:03:40","slug":"bileina-100-capsulas-nutergia","status":"publish","type":"product","link":"https:\/\/www.lifenatura.com\/es\/produto\/bileina-100-capsulas-nutergia\/","title":{"rendered":"Ergyonagra 60 c\u00e1psulas &#8211; Nutergia"},"content":{"rendered":"<h2 style=\"text-align: left;\"><strong>Ergyonagra para la salud de la mujer<\/strong><\/h2>\n<p>&nbsp;<\/p>\n<p>Ergyonagra est\u00e1 compuesto de aceite virgen de onagra obtenido \u00fanicamente por la presi\u00f3n mec\u00e1nica del fr\u00edo, lo que garantiza que los \u00e1cidos poliinsaturados sean beneficiosos para las mujeres, especialmente cuando existen trastornos relacionados con el ciclo menstrual y el nivel de la piel.<\/p>\n<p>Complemento de comida fr\u00eda con aceite virgen de onagra.<\/p>\n<p><strong>PRESENTACI\u00d3N<\/strong><\/p>\n<p>60 c\u00e1psulas.<\/p>\n<p>&nbsp;<\/p>\n","protected":false},"excerpt":{"rendered":"<p>Ergyonagra est\u00e1 compuesto de aceite virgen de onagra obtenido \u00fanicamente por presi\u00f3n mec\u00e1nica en fr\u00edo, lo que garantiza que los \u00e1cidos poliinsaturados. [&#8230;]<\/p>\n<p><a class=\"btn btn-secondary understrap-read-more-link\" href=\"https:\/\/www.lifenatura.com\/es\/produto\/bileina-100-capsulas-nutergia\/\">Leer m\u00e1s&#8230;<span class=\"screen-reader-text\"> from Ergyonagra 60 c\u00e1psulas &#8211; Nutergia<\/span><\/a><\/p>\n","protected":false},"featured_media":68519,"template":"","meta":{"_acf_changed":false},"product_brand":[8427],"product_cat":[7259,7179,7244,7262],"product_tag":[],"class_list":{"0":"post-40245","1":"product","2":"type-product","3":"status-publish","4":"has-post-thumbnail","6":"product_brand-nutergia","7":"product_cat-vitaminas-y-minerales","8":"product_cat-salud","9":"product_cat-salud-de-la-mujer","10":"product_cat-vitamina-e-salud","12":"first","13":"instock","14":"sale","15":"shipping-taxable","16":"purchasable","17":"product-type-simple","18":"add-to-wishlist-before_image"},"acf":[],"yoast_head":"<!-- This site is optimized with the Yoast SEO Premium plugin v27.1 (Yoast SEO v27.3) - https:\/\/yoast.com\/product\/yoast-seo-premium-wordpress\/ -->\n<title>Nutergia Ergyonagra 60 c\u00e1psulas - Lifenatura<\/title>\n<meta name=\"description\" content=\"Ergyonagra est\u00e1 compuesto de aceite virgen de onagra obtenido \u00fanicamente por presi\u00f3n mec\u00e1nica en fr\u00edo, lo que garantiza que los \u00e1cidos poliinsaturados.\" \/>\n<meta name=\"robots\" content=\"index, follow, max-snippet:-1, max-image-preview:large, max-video-preview:-1\" \/>\n<link rel=\"canonical\" href=\"https:\/\/www.lifenatura.com\/es\/produto\/bileina-100-capsulas-nutergia\/\" \/>\n<meta property=\"og:locale\" content=\"es_ES\" \/>\n<meta property=\"og:type\" content=\"article\" \/>\n<meta property=\"og:title\" content=\"Ergyonagra 60 c\u00e1psulas - Nutergia - Lifenatura\" \/>\n<meta property=\"og:description\" content=\"Compre aqui o seu Ergyonagra 60 c\u00e1psulas - Nutergia e a Lifenatura Online envia em 48 H com Portes Gratis &gt;35\u20ac de Pedido.\" \/>\n<meta property=\"og:url\" content=\"https:\/\/www.lifenatura.com\/es\/produto\/bileina-100-capsulas-nutergia\/\" \/>\n<meta property=\"og:site_name\" content=\"Lifenatura\" \/>\n<meta property=\"article:publisher\" content=\"https:\/\/www.facebook.com\/lifenatura\" \/>\n<meta property=\"article:modified_time\" content=\"2025-02-02T00:03:40+00:00\" \/>\n<meta property=\"og:image\" content=\"https:\/\/www.lifenatura.com\/wp-content\/uploads\/2021\/09\/ergyonagra-nutergia.jpg\" \/>\n\t<meta property=\"og:image:width\" content=\"1000\" \/>\n\t<meta property=\"og:image:height\" content=\"1000\" \/>\n\t<meta property=\"og:image:type\" content=\"image\/jpeg\" \/>\n<meta name=\"twitter:card\" content=\"summary_large_image\" \/>\n<meta name=\"twitter:label1\" content=\"Precio\" \/>\n\t<meta name=\"twitter:data1\" content=\"17,68&nbsp;&euro;\" \/>\n\t<meta name=\"twitter:label2\" content=\"Disponibilidad\" \/>\n\t<meta name=\"twitter:data2\" content=\"Disponible\" \/>\n<meta property=\"product:price:amount\" content=\"17.68\" \/>\n<meta property=\"product:price:currency\" content=\"EUR\" \/>\n<meta property=\"og:availability\" content=\"instock\" \/>\n<meta property=\"product:availability\" content=\"instock\" \/>\n<meta property=\"product:retailer_item_id\" content=\"8436031731118\" \/>\n<meta property=\"product:condition\" content=\"new\" \/>\n<!-- \/ Yoast SEO Premium plugin. -->","yoast_head_json":{"title":"Nutergia Ergyonagra 60 c\u00e1psulas - Lifenatura","description":"Ergyonagra est\u00e1 compuesto de aceite virgen de onagra obtenido \u00fanicamente por presi\u00f3n mec\u00e1nica en fr\u00edo, lo que garantiza que los \u00e1cidos poliinsaturados.","robots":{"index":"index","follow":"follow","max-snippet":"max-snippet:-1","max-image-preview":"max-image-preview:large","max-video-preview":"max-video-preview:-1"},"canonical":"https:\/\/www.lifenatura.com\/es\/produto\/bileina-100-capsulas-nutergia\/","og_locale":"es_ES","og_type":"article","og_title":"Ergyonagra 60 c\u00e1psulas - Nutergia - Lifenatura","og_description":"Compre aqui o seu Ergyonagra 60 c\u00e1psulas - Nutergia e a Lifenatura Online envia em 48 H com Portes Gratis >35\u20ac de Pedido.","og_url":"https:\/\/www.lifenatura.com\/es\/produto\/bileina-100-capsulas-nutergia\/","og_site_name":"Lifenatura","article_publisher":"https:\/\/www.facebook.com\/lifenatura","article_modified_time":"2025-02-02T00:03:40+00:00","og_image":[{"width":1000,"height":1000,"url":"https:\/\/www.lifenatura.com\/wp-content\/uploads\/2021\/09\/ergyonagra-nutergia.jpg","type":"image\/jpeg"}],"twitter_card":"summary_large_image","twitter_misc":{"Precio":"17,68&nbsp;&euro;","Disponibilidad":"Disponible"},"schema":{"@context":"https:\/\/schema.org","@graph":[{"@type":"WebPage","@id":"https:\/\/www.lifenatura.com\/es\/produto\/bileina-100-capsulas-nutergia\/","url":"https:\/\/www.lifenatura.com\/es\/produto\/bileina-100-capsulas-nutergia\/","name":"Nutergia Ergyonagra 60 c\u00e1psulas - Lifenatura","isPartOf":{"@id":"https:\/\/www.lifenatura.com\/es\/#website"},"primaryImageOfPage":{"@id":"https:\/\/www.lifenatura.com\/es\/produto\/bileina-100-capsulas-nutergia\/#primaryimage"},"image":{"@id":"https:\/\/www.lifenatura.com\/es\/produto\/bileina-100-capsulas-nutergia\/#primaryimage"},"thumbnailUrl":"https:\/\/www.lifenatura.com\/wp-content\/uploads\/2021\/09\/ergyonagra-nutergia.jpg","datePublished":"2021-09-30T10:37:19+00:00","dateModified":"2025-02-02T00:03:40+00:00","description":"Ergyonagra est\u00e1 compuesto de aceite virgen de onagra obtenido \u00fanicamente por presi\u00f3n mec\u00e1nica en fr\u00edo, lo que garantiza que los \u00e1cidos poliinsaturados.","breadcrumb":{"@id":"https:\/\/www.lifenatura.com\/es\/produto\/bileina-100-capsulas-nutergia\/#breadcrumb"},"inLanguage":"es","potentialAction":[{"@type":"ReadAction","target":["https:\/\/www.lifenatura.com\/es\/produto\/bileina-100-capsulas-nutergia\/"]}]},{"@type":"ImageObject","inLanguage":"es","@id":"https:\/\/www.lifenatura.com\/es\/produto\/bileina-100-capsulas-nutergia\/#primaryimage","url":"https:\/\/www.lifenatura.com\/wp-content\/uploads\/2021\/09\/ergyonagra-nutergia.jpg","contentUrl":"https:\/\/www.lifenatura.com\/wp-content\/uploads\/2021\/09\/ergyonagra-nutergia.jpg","width":1000,"height":1000,"caption":"Ergyonagra da Nutergia"},{"@type":"BreadcrumbList","@id":"https:\/\/www.lifenatura.com\/es\/produto\/bileina-100-capsulas-nutergia\/#breadcrumb","itemListElement":[{"@type":"ListItem","position":1,"name":"In\u00edcio","item":"https:\/\/www.lifenatura.com\/es\/"},{"@type":"ListItem","position":2,"name":"Todos los Productos","item":"https:\/\/www.lifenatura.com\/es\/tienda\/"},{"@type":"ListItem","position":3,"name":"Ergyonagra 60 c\u00e1psulas &#8211; Nutergia"}]},{"@type":"WebSite","@id":"https:\/\/www.lifenatura.com\/es\/#website","url":"https:\/\/www.lifenatura.com\/es\/","name":"Lifenatura","description":"A Lifenatura \u00e9 uma loja de produtos naturais, cosm\u00e9tica natural e alimenta\u00e7\u00e3o Biol\u00f3gica.","publisher":{"@id":"https:\/\/www.lifenatura.com\/es\/#organization"},"potentialAction":[{"@type":"SearchAction","target":{"@type":"EntryPoint","urlTemplate":"https:\/\/www.lifenatura.com\/es\/?s={search_term_string}"},"query-input":{"@type":"PropertyValueSpecification","valueRequired":true,"valueName":"search_term_string"}}],"inLanguage":"es"},{"@type":"Organization","@id":"https:\/\/www.lifenatura.com\/es\/#organization","name":"Lifenatura","url":"https:\/\/www.lifenatura.com\/es\/","logo":{"@type":"ImageObject","inLanguage":"es","@id":"https:\/\/www.lifenatura.com\/es\/#\/schema\/logo\/image\/","url":"https:\/\/www.lifenatura.com\/wp-content\/uploads\/2021\/11\/logo.png","contentUrl":"https:\/\/www.lifenatura.com\/wp-content\/uploads\/2021\/11\/logo.png","width":175,"height":55,"caption":"Lifenatura"},"image":{"@id":"https:\/\/www.lifenatura.com\/es\/#\/schema\/logo\/image\/"},"sameAs":["https:\/\/www.facebook.com\/lifenatura","https:\/\/www.instagram.com\/lifenaturapt\/"]}]},"product_price_amount":"17.68","product_price_currency":"EUR","og_availability":"instock","product_availability":"instock","product_retailer_item_id":"8436031731118","product_condition":"new"},"df_price":17.68,"df_sale_price":17.68,"df_regular_price":18.29,"df_image_link":"https:\/\/www.lifenatura.com\/wp-content\/uploads\/2021\/09\/ergyonagra-nutergia-300x300.jpg","_links":{"self":[{"href":"https:\/\/www.lifenatura.com\/es\/wp-json\/wp\/v2\/product\/40245","targetHints":{"allow":["GET"]}}],"collection":[{"href":"https:\/\/www.lifenatura.com\/es\/wp-json\/wp\/v2\/product"}],"about":[{"href":"https:\/\/www.lifenatura.com\/es\/wp-json\/wp\/v2\/types\/product"}],"wp:featuredmedia":[{"embeddable":true,"href":"https:\/\/www.lifenatura.com\/es\/wp-json\/wp\/v2\/media\/68519"}],"wp:attachment":[{"href":"https:\/\/www.lifenatura.com\/es\/wp-json\/wp\/v2\/media?parent=40245"}],"wp:term":[{"taxonomy":"product_brand","embeddable":true,"href":"https:\/\/www.lifenatura.com\/es\/wp-json\/wp\/v2\/product_brand?post=40245"},{"taxonomy":"product_cat","embeddable":true,"href":"https:\/\/www.lifenatura.com\/es\/wp-json\/wp\/v2\/product_cat?post=40245"},{"taxonomy":"product_tag","embeddable":true,"href":"https:\/\/www.lifenatura.com\/es\/wp-json\/wp\/v2\/product_tag?post=40245"}],"curies":[{"name":"wp","href":"https:\/\/api.w.org\/{rel}","templated":true}]}}