{"id":40240,"date":"2021-09-30T10:37:02","date_gmt":"2021-09-30T10:37:02","guid":{"rendered":"https:\/\/lifenatura.dev.agenciagetdigital.com\/produto\/berberine-glucose-support-90-capsulas-now\/"},"modified":"2022-08-21T15:02:12","modified_gmt":"2022-08-21T15:02:12","slug":"berberine-glucose-support-90-capsulas-now","status":"publish","type":"product","link":"https:\/\/www.lifenatura.com\/es\/produto\/berberine-glucose-support-90-capsulas-now\/","title":{"rendered":"Berberine Glucose Support 90 c\u00e1psulas &#8211; Now"},"content":{"rendered":"<p>Indicado para a Diabetes A f\u00f3rmula Berberine Glucose Support da Now cont\u00e9m a Berberina que \u00e9 um composto bioactivo que pode ser extra\u00eddo de in\u00fameras plantas, incluindo um grupo de arbustos designado Berberis. \u00c9 utilizada tradicionalmente h\u00e1 mais de 2500 anos na Medicina Ayurveda e na Medicina Chinesa pelas suas propriedades imunoestimulante, antif\u00fangicas, antibacterianas e pela sua capacidade de acalmar eficazmente alguns problemas intestinais (diarreias de origem bacteriana, os parasitas intestinais e as infec\u00e7\u00f5es f\u00fangicas). Mas, nos \u00faltimos dez anos, a Ci\u00eancia Moderna come\u00e7ou a interessar-se cada vez mais pelos seus efeitos nas doen\u00e7as metab\u00f3licas (Diabetes de tipo II, estados pr\u00e9-diab\u00e9ticos) e cardiovasculares, em constante aumento nas sociedades ocidentais, e pelo seu papel crucial na activa\u00e7\u00e3o de uma enzima chave do metabolismo: a Prote\u00edna Quinase Ativada por Monofosfato de Adenosina (AMPK). AMPK \u00e9 uma enzima que desempenha um papel essencial na homeostase energ\u00e9tica celular. O seu mecanismo de ac\u00e7\u00e3o deriva essencialmente da activa\u00e7\u00e3o desta enzima que tem como efeitos: Estimula a oxida\u00e7\u00e3o dos \u00e1cidos gordos no F\u00edgado e a cetog\u00e9nese (\u00e9 o processo de produ\u00e7\u00e3o de corpos cet\u00f3nicos pelo F\u00edgado, Inibe a s\u00edntese do Colesterol, a Lipog\u00e9nese (forma\u00e7\u00e3o de gorduras) e a s\u00edntese dos Triglic\u00e9ridos; Estimula a oxida\u00e7\u00e3o dos \u00e1cidos gordos nos m\u00fasculos esquel\u00e9ticos e a absor\u00e7\u00e3o da glicose pelos m\u00fasculos e tecido adiposo; Modula a secre\u00e7\u00e3o de insulina pelas c\u00e9lulas \u03b2 (beta) do p\u00e2ncreas. APRESENTA\u00c7\u00c3O 90 c\u00e1psulas.<\/p>\n","protected":false},"excerpt":{"rendered":"<p>Indicado para a Diabetes A f\u00f3rmula Berberine Glucose Support da Now cont\u00e9m a Berberina que \u00e9 um composto bioactivo que pode ser extra\u00eddo de in\u00fameras plantas, incluindo um grupo de arbustos designado Berberis. \u00c9 utilizada tradicionalmente h\u00e1 mais de 2500 anos na Medicina Ayurveda e na Medicina Chinesa pelas suas propriedades imunoestimulante, antif\u00fangicas, antibacterianas e [&#8230;]<\/p>\n<p><a class=\"btn btn-secondary understrap-read-more-link\" href=\"https:\/\/www.lifenatura.com\/es\/produto\/berberine-glucose-support-90-capsulas-now\/\">Leer m\u00e1s&#8230;<span class=\"screen-reader-text\"> from Berberine Glucose Support 90 c\u00e1psulas &#8211; Now<\/span><\/a><\/p>\n","protected":false},"featured_media":89275,"template":"","meta":{"_acf_changed":false},"product_brand":[8428],"product_cat":[7224,7179],"product_tag":[],"class_list":{"0":"post-40240","1":"product","2":"type-product","3":"status-publish","4":"has-post-thumbnail","6":"product_brand-now","7":"product_cat-diabetes-salud","8":"product_cat-salud","10":"first","11":"instock","12":"sale","13":"shipping-taxable","14":"purchasable","15":"product-type-simple","16":"add-to-wishlist-before_image"},"acf":[],"yoast_head":"<!-- This site is optimized with the Yoast SEO Premium plugin v27.1 (Yoast SEO v27.3) - https:\/\/yoast.com\/product\/yoast-seo-premium-wordpress\/ -->\n<title>Berberine Glucose Support 90 c\u00e1psulas - Now<\/title>\n<meta name=\"description\" content=\"Compre aqui o seu Berberine Glucose Support 90 c\u00e1psulas - Now e a Lifenatura Online envia em 48 H com Portes Gratis &gt;35\u20ac de Pedido.\" \/>\n<meta name=\"robots\" content=\"index, follow, max-snippet:-1, max-image-preview:large, max-video-preview:-1\" \/>\n<link rel=\"canonical\" href=\"https:\/\/www.lifenatura.com\/es\/produto\/berberine-glucose-support-90-capsulas-now\/\" \/>\n<meta property=\"og:locale\" content=\"es_ES\" \/>\n<meta property=\"og:type\" content=\"article\" \/>\n<meta property=\"og:title\" content=\"Berberine Glucose Support 90 c\u00e1psulas - Now - Lifenatura\" \/>\n<meta property=\"og:description\" content=\"Compre aqui o seu Berberine Glucose Support 90 c\u00e1psulas - Now e a Lifenatura Online envia em 48 H com Portes Gratis &gt;35\u20ac de Pedido.\" \/>\n<meta property=\"og:url\" content=\"https:\/\/www.lifenatura.com\/es\/produto\/berberine-glucose-support-90-capsulas-now\/\" \/>\n<meta property=\"og:site_name\" content=\"Lifenatura\" \/>\n<meta property=\"article:publisher\" content=\"https:\/\/www.facebook.com\/lifenatura\" \/>\n<meta property=\"article:modified_time\" content=\"2022-08-21T15:02:12+00:00\" \/>\n<meta property=\"og:image\" content=\"https:\/\/www.lifenatura.com\/wp-content\/uploads\/2021\/09\/Berberine-Glucose-Support-90-capsulas-Now.jpg\" \/>\n\t<meta property=\"og:image:width\" content=\"1000\" \/>\n\t<meta property=\"og:image:height\" content=\"1000\" \/>\n\t<meta property=\"og:image:type\" content=\"image\/jpeg\" \/>\n<meta name=\"twitter:card\" content=\"summary_large_image\" \/>\n<meta name=\"twitter:label1\" content=\"Precio\" \/>\n\t<meta name=\"twitter:data1\" content=\"47,44&nbsp;&euro;\" \/>\n\t<meta name=\"twitter:label2\" content=\"Disponibilidad\" \/>\n\t<meta name=\"twitter:data2\" content=\"Disponible\" \/>\n<meta property=\"product:price:amount\" content=\"47.44\" \/>\n<meta property=\"product:price:currency\" content=\"EUR\" \/>\n<meta property=\"og:availability\" content=\"instock\" \/>\n<meta property=\"product:availability\" content=\"instock\" \/>\n<meta property=\"product:retailer_item_id\" content=\"733739014184\" \/>\n<meta property=\"product:condition\" content=\"new\" \/>\n<!-- \/ Yoast SEO Premium plugin. -->","yoast_head_json":{"title":"Berberine Glucose Support 90 c\u00e1psulas - Now","description":"Compre aqui o seu Berberine Glucose Support 90 c\u00e1psulas - Now e a Lifenatura Online envia em 48 H com Portes Gratis >35\u20ac de Pedido.","robots":{"index":"index","follow":"follow","max-snippet":"max-snippet:-1","max-image-preview":"max-image-preview:large","max-video-preview":"max-video-preview:-1"},"canonical":"https:\/\/www.lifenatura.com\/es\/produto\/berberine-glucose-support-90-capsulas-now\/","og_locale":"es_ES","og_type":"article","og_title":"Berberine Glucose Support 90 c\u00e1psulas - Now - Lifenatura","og_description":"Compre aqui o seu Berberine Glucose Support 90 c\u00e1psulas - Now e a Lifenatura Online envia em 48 H com Portes Gratis >35\u20ac de Pedido.","og_url":"https:\/\/www.lifenatura.com\/es\/produto\/berberine-glucose-support-90-capsulas-now\/","og_site_name":"Lifenatura","article_publisher":"https:\/\/www.facebook.com\/lifenatura","article_modified_time":"2022-08-21T15:02:12+00:00","og_image":[{"width":1000,"height":1000,"url":"https:\/\/www.lifenatura.com\/wp-content\/uploads\/2021\/09\/Berberine-Glucose-Support-90-capsulas-Now.jpg","type":"image\/jpeg"}],"twitter_card":"summary_large_image","twitter_misc":{"Precio":"47,44&nbsp;&euro;","Disponibilidad":"Disponible"},"schema":{"@context":"https:\/\/schema.org","@graph":[{"@type":"WebPage","@id":"https:\/\/www.lifenatura.com\/es\/produto\/berberine-glucose-support-90-capsulas-now\/","url":"https:\/\/www.lifenatura.com\/es\/produto\/berberine-glucose-support-90-capsulas-now\/","name":"Berberine Glucose Support 90 c\u00e1psulas - Now","isPartOf":{"@id":"https:\/\/www.lifenatura.com\/es\/#website"},"primaryImageOfPage":{"@id":"https:\/\/www.lifenatura.com\/es\/produto\/berberine-glucose-support-90-capsulas-now\/#primaryimage"},"image":{"@id":"https:\/\/www.lifenatura.com\/es\/produto\/berberine-glucose-support-90-capsulas-now\/#primaryimage"},"thumbnailUrl":"https:\/\/www.lifenatura.com\/wp-content\/uploads\/2021\/09\/Berberine-Glucose-Support-90-capsulas-Now.jpg","datePublished":"2021-09-30T10:37:02+00:00","dateModified":"2022-08-21T15:02:12+00:00","description":"Compre aqui o seu Berberine Glucose Support 90 c\u00e1psulas - Now e a Lifenatura Online envia em 48 H com Portes Gratis >35\u20ac de Pedido.","breadcrumb":{"@id":"https:\/\/www.lifenatura.com\/es\/produto\/berberine-glucose-support-90-capsulas-now\/#breadcrumb"},"inLanguage":"es","potentialAction":[{"@type":"ReadAction","target":["https:\/\/www.lifenatura.com\/es\/produto\/berberine-glucose-support-90-capsulas-now\/"]}]},{"@type":"ImageObject","inLanguage":"es","@id":"https:\/\/www.lifenatura.com\/es\/produto\/berberine-glucose-support-90-capsulas-now\/#primaryimage","url":"https:\/\/www.lifenatura.com\/wp-content\/uploads\/2021\/09\/Berberine-Glucose-Support-90-capsulas-Now.jpg","contentUrl":"https:\/\/www.lifenatura.com\/wp-content\/uploads\/2021\/09\/Berberine-Glucose-Support-90-capsulas-Now.jpg","width":1000,"height":1000,"caption":"Berberine Glucose Support 90 c\u00e1psulas - Now"},{"@type":"BreadcrumbList","@id":"https:\/\/www.lifenatura.com\/es\/produto\/berberine-glucose-support-90-capsulas-now\/#breadcrumb","itemListElement":[{"@type":"ListItem","position":1,"name":"In\u00edcio","item":"https:\/\/www.lifenatura.com\/es\/"},{"@type":"ListItem","position":2,"name":"Todos los Productos","item":"https:\/\/www.lifenatura.com\/es\/tienda\/"},{"@type":"ListItem","position":3,"name":"Berberine Glucose Support 90 c\u00e1psulas &#8211; Now"}]},{"@type":"WebSite","@id":"https:\/\/www.lifenatura.com\/es\/#website","url":"https:\/\/www.lifenatura.com\/es\/","name":"Lifenatura","description":"A Lifenatura \u00e9 uma loja de produtos naturais, cosm\u00e9tica natural e alimenta\u00e7\u00e3o Biol\u00f3gica.","publisher":{"@id":"https:\/\/www.lifenatura.com\/es\/#organization"},"potentialAction":[{"@type":"SearchAction","target":{"@type":"EntryPoint","urlTemplate":"https:\/\/www.lifenatura.com\/es\/?s={search_term_string}"},"query-input":{"@type":"PropertyValueSpecification","valueRequired":true,"valueName":"search_term_string"}}],"inLanguage":"es"},{"@type":"Organization","@id":"https:\/\/www.lifenatura.com\/es\/#organization","name":"Lifenatura","url":"https:\/\/www.lifenatura.com\/es\/","logo":{"@type":"ImageObject","inLanguage":"es","@id":"https:\/\/www.lifenatura.com\/es\/#\/schema\/logo\/image\/","url":"https:\/\/www.lifenatura.com\/wp-content\/uploads\/2021\/11\/logo.png","contentUrl":"https:\/\/www.lifenatura.com\/wp-content\/uploads\/2021\/11\/logo.png","width":175,"height":55,"caption":"Lifenatura"},"image":{"@id":"https:\/\/www.lifenatura.com\/es\/#\/schema\/logo\/image\/"},"sameAs":["https:\/\/www.facebook.com\/lifenatura","https:\/\/www.instagram.com\/lifenaturapt\/"]}]},"product_price_amount":"47.44","product_price_currency":"EUR","og_availability":"instock","product_availability":"instock","product_retailer_item_id":"733739014184","product_condition":"new"},"df_price":47.44,"df_sale_price":47.44,"df_regular_price":59.3,"df_image_link":"https:\/\/www.lifenatura.com\/wp-content\/uploads\/2021\/09\/Berberine-Glucose-Support-90-capsulas-Now-300x300.jpg","_links":{"self":[{"href":"https:\/\/www.lifenatura.com\/es\/wp-json\/wp\/v2\/product\/40240","targetHints":{"allow":["GET"]}}],"collection":[{"href":"https:\/\/www.lifenatura.com\/es\/wp-json\/wp\/v2\/product"}],"about":[{"href":"https:\/\/www.lifenatura.com\/es\/wp-json\/wp\/v2\/types\/product"}],"wp:featuredmedia":[{"embeddable":true,"href":"https:\/\/www.lifenatura.com\/es\/wp-json\/wp\/v2\/media\/89275"}],"wp:attachment":[{"href":"https:\/\/www.lifenatura.com\/es\/wp-json\/wp\/v2\/media?parent=40240"}],"wp:term":[{"taxonomy":"product_brand","embeddable":true,"href":"https:\/\/www.lifenatura.com\/es\/wp-json\/wp\/v2\/product_brand?post=40240"},{"taxonomy":"product_cat","embeddable":true,"href":"https:\/\/www.lifenatura.com\/es\/wp-json\/wp\/v2\/product_cat?post=40240"},{"taxonomy":"product_tag","embeddable":true,"href":"https:\/\/www.lifenatura.com\/es\/wp-json\/wp\/v2\/product_tag?post=40240"}],"curies":[{"name":"wp","href":"https:\/\/api.w.org\/{rel}","templated":true}]}}