{"id":40239,"date":"2021-09-30T10:37:02","date_gmt":"2021-09-30T10:37:02","guid":{"rendered":"https:\/\/lifenatura.dev.agenciagetdigital.com\/produto\/mentalforte-extra-30-ampolas-de-15-ml-nasofis\/"},"modified":"2026-03-30T00:11:01","modified_gmt":"2026-03-30T00:11:01","slug":"mentalforte-extra-30-ampolas-de-15-ml-nasofis","status":"publish","type":"product","link":"https:\/\/www.lifenatura.com\/es\/produto\/mentalforte-extra-30-ampolas-de-15-ml-nasofis\/","title":{"rendered":"Mentalforte Extra 30 ampolas de 15 ml &#8211; Nas\u00f3fis"},"content":{"rendered":"<p>Indicado para o Cansa\u00e7o Cerebral e Esgotamento Nervoso Mentalforte extra da Nas\u00f3fis \u00e9 indicado para favorecer a recupera\u00e7\u00e3o da mem\u00f3ria, contribui para a melhoria da microcircula\u00e7\u00e3o cerebral. Um suplemento indicado para estudantes e pessoas com atividade intelectual intensa. Tonifica a constitui\u00e7\u00e3o f\u00edsica, sendo adequado para casos de cansa\u00e7o e desgaste f\u00edsico e para desportistas. Tamb\u00e9m cont\u00e9m 3 fosfol\u00edpidos &#8211; revestem os neur\u00f3nios, protegendo-os e permitindo que o impulso nervoso passe correctamente. Os fosfol\u00edpidos v\u00e3o permitir que as membranas celulares dos neur\u00f3nios estejam bem estruturadas, e que a comunica\u00e7\u00e3o entre neur\u00f3nios seja eficaz, o que resulta numa boa aprendizagem e mem\u00f3ria. Tem ingredientes muito importantes para a melhoria da condi\u00e7\u00e3o fisica (ex. Ginseng). Apto para diab\u00e9ticos. APRESENTA\u00c7\u00c3O 30 ampolas de 15ml.<\/p>\n","protected":false},"excerpt":{"rendered":"<p>Indicado para o Cansa\u00e7o Cerebral e Esgotamento Nervoso Mentalforte extra da Nas\u00f3fis \u00e9 indicado para favorecer a recupera\u00e7\u00e3o da mem\u00f3ria, contribui para a melhoria da microcircula\u00e7\u00e3o cerebral. Um suplemento indicado para estudantes e pessoas com atividade intelectual intensa. Tonifica a constitui\u00e7\u00e3o f\u00edsica, sendo adequado para casos de cansa\u00e7o e desgaste f\u00edsico e para desportistas. Tamb\u00e9m [&#8230;]<\/p>\n<p><a class=\"btn btn-secondary understrap-read-more-link\" href=\"https:\/\/www.lifenatura.com\/es\/produto\/mentalforte-extra-30-ampolas-de-15-ml-nasofis\/\">Leer m\u00e1s&#8230;<span class=\"screen-reader-text\"> from Mentalforte Extra 30 ampolas de 15 ml &#8211; Nas\u00f3fis<\/span><\/a><\/p>\n","protected":false},"featured_media":88036,"template":"","meta":{"_acf_changed":false},"product_brand":[],"product_cat":[7149,7223,7704,7707,7659,7740,7179],"product_tag":[],"class_list":{"0":"post-40239","1":"product","2":"type-product","3":"status-publish","4":"has-post-thumbnail","6":"product_cat-avena","7":"product_cat-concentracion-memoria-salud","8":"product_cat-ginkgo-biloba-es","9":"product_cat-ginseng-es","10":"product_cat-ingrediente-natural-bio","11":"product_cat-magnesio-es","12":"product_cat-salud","14":"first","15":"outofstock","16":"sale","17":"shipping-taxable","18":"purchasable","19":"product-type-simple","20":"add-to-wishlist-before_image"},"acf":[],"yoast_head":"<!-- This site is optimized with the Yoast SEO Premium plugin v27.1 (Yoast SEO v27.5) - https:\/\/yoast.com\/product\/yoast-seo-premium-wordpress\/ -->\n<title>Mentalforte Extra 30 ampolas de 15 ml - Nas\u00f3fis<\/title>\n<meta name=\"description\" content=\"Compre Mentalforte Extra 30 ampolas de 15 ml - Nas\u00f3fis com envio r\u00e1pido. Entrega em 48h e portes gr\u00e1tis em compras &gt;35\u20ac. Aproveite j\u00e1 na Lifenatura\" \/>\n<meta name=\"robots\" content=\"index, follow, max-snippet:-1, max-image-preview:large, max-video-preview:-1\" \/>\n<link rel=\"canonical\" href=\"https:\/\/www.lifenatura.com\/es\/produto\/mentalforte-extra-30-ampolas-de-15-ml-nasofis\/\" \/>\n<meta property=\"og:locale\" content=\"es_ES\" \/>\n<meta property=\"og:type\" content=\"article\" \/>\n<meta property=\"og:title\" content=\"Mentalforte Extra 30 ampolas de 15 ml - Nas\u00f3fis - Na Lifenatura ao Melhor Pre\u00e7o | Envio 48h\" \/>\n<meta property=\"og:description\" content=\"Compre Mentalforte Extra 30 ampolas de 15 ml - Nas\u00f3fis com envio r\u00e1pido. Entrega em 48h e portes gr\u00e1tis em compras &gt;35\u20ac. Aproveite j\u00e1 na Lifenatura\" \/>\n<meta property=\"og:url\" content=\"https:\/\/www.lifenatura.com\/es\/produto\/mentalforte-extra-30-ampolas-de-15-ml-nasofis\/\" \/>\n<meta property=\"og:site_name\" content=\"Lifenatura\" \/>\n<meta property=\"article:publisher\" content=\"https:\/\/www.facebook.com\/lifenatura\" \/>\n<meta property=\"article:modified_time\" content=\"2026-03-30T00:11:01+00:00\" \/>\n<meta property=\"og:image\" content=\"https:\/\/www.lifenatura.com\/wp-content\/uploads\/2021\/09\/Mentalforte-Extra-30-ampolas-de-15-ml-Nasofis.jpg\" \/>\n\t<meta property=\"og:image:width\" content=\"1000\" \/>\n\t<meta property=\"og:image:height\" content=\"1000\" \/>\n\t<meta property=\"og:image:type\" content=\"image\/jpeg\" \/>\n<meta name=\"twitter:card\" content=\"summary_large_image\" \/>\n<meta name=\"twitter:label1\" content=\"Precio\" \/>\n\t<meta name=\"twitter:data1\" content=\"34,06&nbsp;&euro;\" \/>\n\t<meta name=\"twitter:label2\" content=\"Disponibilidad\" \/>\n\t<meta name=\"twitter:data2\" content=\"Sin existencias\" \/>\n<script type=\"application\/ld+json\" class=\"yoast-schema-graph\">{\"@context\":\"https:\\\/\\\/schema.org\",\"@graph\":[{\"@type\":\"WebPage\",\"@id\":\"https:\\\/\\\/www.lifenatura.com\\\/es\\\/produto\\\/mentalforte-extra-30-ampolas-de-15-ml-nasofis\\\/\",\"url\":\"https:\\\/\\\/www.lifenatura.com\\\/es\\\/produto\\\/mentalforte-extra-30-ampolas-de-15-ml-nasofis\\\/\",\"name\":\"Mentalforte Extra 30 ampolas de 15 ml - Nas\u00f3fis\",\"isPartOf\":{\"@id\":\"https:\\\/\\\/www.lifenatura.com\\\/es\\\/#website\"},\"primaryImageOfPage\":{\"@id\":\"https:\\\/\\\/www.lifenatura.com\\\/es\\\/produto\\\/mentalforte-extra-30-ampolas-de-15-ml-nasofis\\\/#primaryimage\"},\"image\":{\"@id\":\"https:\\\/\\\/www.lifenatura.com\\\/es\\\/produto\\\/mentalforte-extra-30-ampolas-de-15-ml-nasofis\\\/#primaryimage\"},\"thumbnailUrl\":\"https:\\\/\\\/www.lifenatura.com\\\/wp-content\\\/uploads\\\/2021\\\/09\\\/Mentalforte-Extra-30-ampolas-de-15-ml-Nasofis.jpg\",\"datePublished\":\"2021-09-30T10:37:02+00:00\",\"dateModified\":\"2026-03-30T00:11:01+00:00\",\"description\":\"Compre Mentalforte Extra 30 ampolas de 15 ml - Nas\u00f3fis com envio r\u00e1pido. Entrega em 48h e portes gr\u00e1tis em compras >35\u20ac. Aproveite j\u00e1 na Lifenatura\",\"breadcrumb\":{\"@id\":\"https:\\\/\\\/www.lifenatura.com\\\/es\\\/produto\\\/mentalforte-extra-30-ampolas-de-15-ml-nasofis\\\/#breadcrumb\"},\"inLanguage\":\"es\",\"potentialAction\":[{\"@type\":\"ReadAction\",\"target\":[\"https:\\\/\\\/www.lifenatura.com\\\/es\\\/produto\\\/mentalforte-extra-30-ampolas-de-15-ml-nasofis\\\/\"]}]},{\"@type\":\"ImageObject\",\"inLanguage\":\"es\",\"@id\":\"https:\\\/\\\/www.lifenatura.com\\\/es\\\/produto\\\/mentalforte-extra-30-ampolas-de-15-ml-nasofis\\\/#primaryimage\",\"url\":\"https:\\\/\\\/www.lifenatura.com\\\/wp-content\\\/uploads\\\/2021\\\/09\\\/Mentalforte-Extra-30-ampolas-de-15-ml-Nasofis.jpg\",\"contentUrl\":\"https:\\\/\\\/www.lifenatura.com\\\/wp-content\\\/uploads\\\/2021\\\/09\\\/Mentalforte-Extra-30-ampolas-de-15-ml-Nasofis.jpg\",\"width\":1000,\"height\":1000,\"caption\":\"Mentalforte Extra 30 ampolas de 15 ml - Nas\u00f3fis\"},{\"@type\":\"BreadcrumbList\",\"@id\":\"https:\\\/\\\/www.lifenatura.com\\\/es\\\/produto\\\/mentalforte-extra-30-ampolas-de-15-ml-nasofis\\\/#breadcrumb\",\"itemListElement\":[{\"@type\":\"ListItem\",\"position\":1,\"name\":\"In\u00edcio\",\"item\":\"https:\\\/\\\/www.lifenatura.com\\\/es\\\/\"},{\"@type\":\"ListItem\",\"position\":2,\"name\":\"Todos los Productos\",\"item\":\"https:\\\/\\\/www.lifenatura.com\\\/es\\\/tienda\\\/\"},{\"@type\":\"ListItem\",\"position\":3,\"name\":\"Mentalforte Extra 30 ampolas de 15 ml &#8211; Nas\u00f3fis\"}]},{\"@type\":\"WebSite\",\"@id\":\"https:\\\/\\\/www.lifenatura.com\\\/es\\\/#website\",\"url\":\"https:\\\/\\\/www.lifenatura.com\\\/es\\\/\",\"name\":\"Lifenatura\",\"description\":\"A Lifenatura \u00e9 uma loja de produtos naturais, cosm\u00e9tica natural e alimenta\u00e7\u00e3o Biol\u00f3gica.\",\"publisher\":{\"@id\":\"https:\\\/\\\/www.lifenatura.com\\\/es\\\/#organization\"},\"potentialAction\":[{\"@type\":\"SearchAction\",\"target\":{\"@type\":\"EntryPoint\",\"urlTemplate\":\"https:\\\/\\\/www.lifenatura.com\\\/es\\\/?s={search_term_string}\"},\"query-input\":{\"@type\":\"PropertyValueSpecification\",\"valueRequired\":true,\"valueName\":\"search_term_string\"}}],\"inLanguage\":\"es\"},{\"@type\":\"Organization\",\"@id\":\"https:\\\/\\\/www.lifenatura.com\\\/es\\\/#organization\",\"name\":\"Lifenatura\",\"url\":\"https:\\\/\\\/www.lifenatura.com\\\/es\\\/\",\"logo\":{\"@type\":\"ImageObject\",\"inLanguage\":\"es\",\"@id\":\"https:\\\/\\\/www.lifenatura.com\\\/es\\\/#\\\/schema\\\/logo\\\/image\\\/\",\"url\":\"https:\\\/\\\/www.lifenatura.com\\\/wp-content\\\/uploads\\\/2021\\\/07\\\/logo.png\",\"contentUrl\":\"https:\\\/\\\/www.lifenatura.com\\\/wp-content\\\/uploads\\\/2021\\\/07\\\/logo.png\",\"width\":175,\"height\":55,\"caption\":\"Lifenatura\"},\"image\":{\"@id\":\"https:\\\/\\\/www.lifenatura.com\\\/es\\\/#\\\/schema\\\/logo\\\/image\\\/\"},\"sameAs\":[\"https:\\\/\\\/www.facebook.com\\\/lifenatura\",\"https:\\\/\\\/www.instagram.com\\\/lifenaturapt\\\/\"],\"hasMerchantReturnPolicy\":{\"@type\":\"MerchantReturnPolicy\",\"merchantReturnLink\":\"https:\\\/\\\/www.lifenatura.com\\\/termos-condicoes-lifenatura\\\/\"}}]}<\/script>\n<meta property=\"product:price:amount\" content=\"34.06\" \/>\n<meta property=\"product:price:currency\" content=\"EUR\" \/>\n<meta property=\"og:availability\" content=\"out of stock\" \/>\n<meta property=\"product:availability\" content=\"out of stock\" \/>\n<meta property=\"product:retailer_item_id\" content=\"5604401999915\" \/>\n<meta property=\"product:condition\" content=\"new\" \/>\n<!-- \/ Yoast SEO Premium plugin. -->","yoast_head_json":{"title":"Mentalforte Extra 30 ampolas de 15 ml - Nas\u00f3fis","description":"Compre Mentalforte Extra 30 ampolas de 15 ml - Nas\u00f3fis com envio r\u00e1pido. Entrega em 48h e portes gr\u00e1tis em compras >35\u20ac. Aproveite j\u00e1 na Lifenatura","robots":{"index":"index","follow":"follow","max-snippet":"max-snippet:-1","max-image-preview":"max-image-preview:large","max-video-preview":"max-video-preview:-1"},"canonical":"https:\/\/www.lifenatura.com\/es\/produto\/mentalforte-extra-30-ampolas-de-15-ml-nasofis\/","og_locale":"es_ES","og_type":"article","og_title":"Mentalforte Extra 30 ampolas de 15 ml - Nas\u00f3fis - Na Lifenatura ao Melhor Pre\u00e7o | Envio 48h","og_description":"Compre Mentalforte Extra 30 ampolas de 15 ml - Nas\u00f3fis com envio r\u00e1pido. Entrega em 48h e portes gr\u00e1tis em compras >35\u20ac. Aproveite j\u00e1 na Lifenatura","og_url":"https:\/\/www.lifenatura.com\/es\/produto\/mentalforte-extra-30-ampolas-de-15-ml-nasofis\/","og_site_name":"Lifenatura","article_publisher":"https:\/\/www.facebook.com\/lifenatura","article_modified_time":"2026-03-30T00:11:01+00:00","og_image":[{"width":1000,"height":1000,"url":"https:\/\/www.lifenatura.com\/wp-content\/uploads\/2021\/09\/Mentalforte-Extra-30-ampolas-de-15-ml-Nasofis.jpg","type":"image\/jpeg"}],"twitter_card":"summary_large_image","twitter_misc":{"Precio":"34,06&nbsp;&euro;","Disponibilidad":"Sin existencias"},"schema":{"@context":"https:\/\/schema.org","@graph":[{"@type":"WebPage","@id":"https:\/\/www.lifenatura.com\/es\/produto\/mentalforte-extra-30-ampolas-de-15-ml-nasofis\/","url":"https:\/\/www.lifenatura.com\/es\/produto\/mentalforte-extra-30-ampolas-de-15-ml-nasofis\/","name":"Mentalforte Extra 30 ampolas de 15 ml - Nas\u00f3fis","isPartOf":{"@id":"https:\/\/www.lifenatura.com\/es\/#website"},"primaryImageOfPage":{"@id":"https:\/\/www.lifenatura.com\/es\/produto\/mentalforte-extra-30-ampolas-de-15-ml-nasofis\/#primaryimage"},"image":{"@id":"https:\/\/www.lifenatura.com\/es\/produto\/mentalforte-extra-30-ampolas-de-15-ml-nasofis\/#primaryimage"},"thumbnailUrl":"https:\/\/www.lifenatura.com\/wp-content\/uploads\/2021\/09\/Mentalforte-Extra-30-ampolas-de-15-ml-Nasofis.jpg","datePublished":"2021-09-30T10:37:02+00:00","dateModified":"2026-03-30T00:11:01+00:00","description":"Compre Mentalforte Extra 30 ampolas de 15 ml - Nas\u00f3fis com envio r\u00e1pido. Entrega em 48h e portes gr\u00e1tis em compras >35\u20ac. Aproveite j\u00e1 na Lifenatura","breadcrumb":{"@id":"https:\/\/www.lifenatura.com\/es\/produto\/mentalforte-extra-30-ampolas-de-15-ml-nasofis\/#breadcrumb"},"inLanguage":"es","potentialAction":[{"@type":"ReadAction","target":["https:\/\/www.lifenatura.com\/es\/produto\/mentalforte-extra-30-ampolas-de-15-ml-nasofis\/"]}]},{"@type":"ImageObject","inLanguage":"es","@id":"https:\/\/www.lifenatura.com\/es\/produto\/mentalforte-extra-30-ampolas-de-15-ml-nasofis\/#primaryimage","url":"https:\/\/www.lifenatura.com\/wp-content\/uploads\/2021\/09\/Mentalforte-Extra-30-ampolas-de-15-ml-Nasofis.jpg","contentUrl":"https:\/\/www.lifenatura.com\/wp-content\/uploads\/2021\/09\/Mentalforte-Extra-30-ampolas-de-15-ml-Nasofis.jpg","width":1000,"height":1000,"caption":"Mentalforte Extra 30 ampolas de 15 ml - Nas\u00f3fis"},{"@type":"BreadcrumbList","@id":"https:\/\/www.lifenatura.com\/es\/produto\/mentalforte-extra-30-ampolas-de-15-ml-nasofis\/#breadcrumb","itemListElement":[{"@type":"ListItem","position":1,"name":"In\u00edcio","item":"https:\/\/www.lifenatura.com\/es\/"},{"@type":"ListItem","position":2,"name":"Todos los Productos","item":"https:\/\/www.lifenatura.com\/es\/tienda\/"},{"@type":"ListItem","position":3,"name":"Mentalforte Extra 30 ampolas de 15 ml &#8211; Nas\u00f3fis"}]},{"@type":"WebSite","@id":"https:\/\/www.lifenatura.com\/es\/#website","url":"https:\/\/www.lifenatura.com\/es\/","name":"Lifenatura","description":"A Lifenatura \u00e9 uma loja de produtos naturais, cosm\u00e9tica natural e alimenta\u00e7\u00e3o Biol\u00f3gica.","publisher":{"@id":"https:\/\/www.lifenatura.com\/es\/#organization"},"potentialAction":[{"@type":"SearchAction","target":{"@type":"EntryPoint","urlTemplate":"https:\/\/www.lifenatura.com\/es\/?s={search_term_string}"},"query-input":{"@type":"PropertyValueSpecification","valueRequired":true,"valueName":"search_term_string"}}],"inLanguage":"es"},{"@type":"Organization","@id":"https:\/\/www.lifenatura.com\/es\/#organization","name":"Lifenatura","url":"https:\/\/www.lifenatura.com\/es\/","logo":{"@type":"ImageObject","inLanguage":"es","@id":"https:\/\/www.lifenatura.com\/es\/#\/schema\/logo\/image\/","url":"https:\/\/www.lifenatura.com\/wp-content\/uploads\/2021\/07\/logo.png","contentUrl":"https:\/\/www.lifenatura.com\/wp-content\/uploads\/2021\/07\/logo.png","width":175,"height":55,"caption":"Lifenatura"},"image":{"@id":"https:\/\/www.lifenatura.com\/es\/#\/schema\/logo\/image\/"},"sameAs":["https:\/\/www.facebook.com\/lifenatura","https:\/\/www.instagram.com\/lifenaturapt\/"],"hasMerchantReturnPolicy":{"@type":"MerchantReturnPolicy","merchantReturnLink":"https:\/\/www.lifenatura.com\/termos-condicoes-lifenatura\/"}}]},"product_price_amount":"34.06","product_price_currency":"EUR","og_availability":"out of stock","product_availability":"out of stock","product_retailer_item_id":"5604401999915","product_condition":"new"},"df_price":34.06,"df_sale_price":34.06,"df_regular_price":45.41,"df_image_link":"https:\/\/www.lifenatura.com\/wp-content\/uploads\/2021\/09\/Mentalforte-Extra-30-ampolas-de-15-ml-Nasofis-300x300.jpg","_links":{"self":[{"href":"https:\/\/www.lifenatura.com\/es\/wp-json\/wp\/v2\/product\/40239","targetHints":{"allow":["GET"]}}],"collection":[{"href":"https:\/\/www.lifenatura.com\/es\/wp-json\/wp\/v2\/product"}],"about":[{"href":"https:\/\/www.lifenatura.com\/es\/wp-json\/wp\/v2\/types\/product"}],"wp:featuredmedia":[{"embeddable":true,"href":"https:\/\/www.lifenatura.com\/es\/wp-json\/wp\/v2\/media\/88036"}],"wp:attachment":[{"href":"https:\/\/www.lifenatura.com\/es\/wp-json\/wp\/v2\/media?parent=40239"}],"wp:term":[{"taxonomy":"product_brand","embeddable":true,"href":"https:\/\/www.lifenatura.com\/es\/wp-json\/wp\/v2\/product_brand?post=40239"},{"taxonomy":"product_cat","embeddable":true,"href":"https:\/\/www.lifenatura.com\/es\/wp-json\/wp\/v2\/product_cat?post=40239"},{"taxonomy":"product_tag","embeddable":true,"href":"https:\/\/www.lifenatura.com\/es\/wp-json\/wp\/v2\/product_tag?post=40239"}],"curies":[{"name":"wp","href":"https:\/\/api.w.org\/{rel}","templated":true}]}}