{"id":40237,"date":"2021-09-30T10:37:02","date_gmt":"2021-09-30T10:37:02","guid":{"rendered":"https:\/\/lifenatura.dev.agenciagetdigital.com\/produto\/vitex-300-mg-90-capsulas-now\/"},"modified":"2022-08-21T15:02:09","modified_gmt":"2022-08-21T15:02:09","slug":"vitex-300-mg-90-capsulas-now","status":"publish","type":"product","link":"https:\/\/www.lifenatura.com\/es\/produto\/vitex-300-mg-90-capsulas-now\/","title":{"rendered":"Vitex 300 mg 90 c\u00e1psulas &#8211; Now"},"content":{"rendered":"<p>Vitex de Now regula el ciclo menstrual de la mujer Vitex de Now est\u00e1 indicado para regularizar el ciclo menstrual y reducir los s\u00edntomas del s\u00edndrome premenstrual y la menopausia. Vitex (Agnus castus) es una de las pocas plantas que tiene una acci\u00f3n similar a la progesterona, ha sido ampliamente utilizada como una forma de regularizar el ciclo menstrual y reducir los s\u00edntomas de la menopausia. Tambi\u00e9n se puede utilizar para aumentar el flujo de orina, promoviendo la salud del tracto urinario. Tambi\u00e9n se ha enriquecido con la ra\u00edz de Dong Quai, que se utiliza con fines medicinales y se ha demostrado que afecta los niveles de estr\u00f3geno y otras hormonas. Se utiliza para reducir los calambres menstruales, los s\u00edntomas del s\u00edndrome premenstrual y la menopausia. Tambi\u00e9n se utiliza para la hipertensi\u00f3n, la infertilidad, la anemia, el dolor articular y el estre\u00f1imiento. PRESENTACI\u00d3N 90 c\u00e1psulas. Ahora puedes consultar todos los productos de la marca NOW<\/p>\n","protected":false},"excerpt":{"rendered":"<p>Vitex de Now regula el ciclo menstrual de la mujer Vitex de Now est\u00e1 indicado para regularizar el ciclo menstrual y reducir los s\u00edntomas del s\u00edndrome premenstrual y la menopausia. Vitex (Agnus castus) es una de las pocas plantas que tiene una acci\u00f3n similar a la progesterona, ha sido ampliamente utilizada como una forma de [&#8230;]<\/p>\n<p><a class=\"btn btn-secondary understrap-read-more-link\" href=\"https:\/\/www.lifenatura.com\/es\/produto\/vitex-300-mg-90-capsulas-now\/\">Leer m\u00e1s&#8230;<span class=\"screen-reader-text\"> from Vitex 300 mg 90 c\u00e1psulas &#8211; Now<\/span><\/a><\/p>\n","protected":false},"featured_media":21456,"template":"","meta":{"_acf_changed":false},"product_brand":[8428],"product_cat":[7243,7179],"product_tag":[],"class_list":{"0":"post-40237","1":"product","2":"type-product","3":"status-publish","4":"has-post-thumbnail","6":"product_brand-now","7":"product_cat-menopausia","8":"product_cat-salud","10":"first","11":"instock","12":"sale","13":"shipping-taxable","14":"purchasable","15":"product-type-simple","16":"add-to-wishlist-before_image"},"acf":[],"yoast_head":"<!-- This site is optimized with the Yoast SEO Premium plugin v27.1 (Yoast SEO v27.3) - https:\/\/yoast.com\/product\/yoast-seo-premium-wordpress\/ -->\n<title>Vitex 300 mg 90 c\u00e1psulas - Now<\/title>\n<meta name=\"description\" content=\"Vitex (Agnus castus) es una de las pocas plantas que tiene una acci\u00f3n similar a la progesterona, ha sido ampliamente utilizada como una forma de regularizar el ciclo menstrual.\" \/>\n<meta name=\"robots\" content=\"index, follow, max-snippet:-1, max-image-preview:large, max-video-preview:-1\" \/>\n<link rel=\"canonical\" href=\"https:\/\/www.lifenatura.com\/es\/produto\/vitex-300-mg-90-capsulas-now\/\" \/>\n<meta property=\"og:locale\" content=\"es_ES\" \/>\n<meta property=\"og:type\" content=\"article\" \/>\n<meta property=\"og:title\" content=\"Vitex 300 mg 90 c\u00e1psulas - Now - Lifenatura\" \/>\n<meta property=\"og:description\" content=\"Compre aqui o seu Vitex 300 mg 90 c\u00e1psulas - Now e a Lifenatura Online envia em 48 H com Portes Gratis &gt;35\u20ac de Pedido.\" \/>\n<meta property=\"og:url\" content=\"https:\/\/www.lifenatura.com\/es\/produto\/vitex-300-mg-90-capsulas-now\/\" \/>\n<meta property=\"og:site_name\" content=\"Lifenatura\" \/>\n<meta property=\"article:publisher\" content=\"https:\/\/www.facebook.com\/lifenatura\" \/>\n<meta property=\"article:modified_time\" content=\"2022-08-21T15:02:09+00:00\" \/>\n<meta property=\"og:image\" content=\"https:\/\/www.lifenatura.com\/wp-content\/uploads\/2021\/09\/gd_vitex_300_mg_90_capsulas_now.jpg\" \/>\n\t<meta property=\"og:image:width\" content=\"1000\" \/>\n\t<meta property=\"og:image:height\" content=\"1000\" \/>\n\t<meta property=\"og:image:type\" content=\"image\/jpeg\" \/>\n<meta name=\"twitter:card\" content=\"summary_large_image\" \/>\n<meta name=\"twitter:label1\" content=\"Precio\" \/>\n\t<meta name=\"twitter:data1\" content=\"24,06&nbsp;&euro;\" \/>\n\t<meta name=\"twitter:label2\" content=\"Disponibilidad\" \/>\n\t<meta name=\"twitter:data2\" content=\"Disponible\" \/>\n<meta property=\"product:price:amount\" content=\"24.06\" \/>\n<meta property=\"product:price:currency\" content=\"EUR\" \/>\n<meta property=\"og:availability\" content=\"instock\" \/>\n<meta property=\"product:availability\" content=\"instock\" \/>\n<meta property=\"product:retailer_item_id\" content=\"733739047731\" \/>\n<meta property=\"product:condition\" content=\"new\" \/>\n<!-- \/ Yoast SEO Premium plugin. -->","yoast_head_json":{"title":"Vitex 300 mg 90 c\u00e1psulas - Now","description":"Vitex (Agnus castus) es una de las pocas plantas que tiene una acci\u00f3n similar a la progesterona, ha sido ampliamente utilizada como una forma de regularizar el ciclo menstrual.","robots":{"index":"index","follow":"follow","max-snippet":"max-snippet:-1","max-image-preview":"max-image-preview:large","max-video-preview":"max-video-preview:-1"},"canonical":"https:\/\/www.lifenatura.com\/es\/produto\/vitex-300-mg-90-capsulas-now\/","og_locale":"es_ES","og_type":"article","og_title":"Vitex 300 mg 90 c\u00e1psulas - Now - Lifenatura","og_description":"Compre aqui o seu Vitex 300 mg 90 c\u00e1psulas - Now e a Lifenatura Online envia em 48 H com Portes Gratis >35\u20ac de Pedido.","og_url":"https:\/\/www.lifenatura.com\/es\/produto\/vitex-300-mg-90-capsulas-now\/","og_site_name":"Lifenatura","article_publisher":"https:\/\/www.facebook.com\/lifenatura","article_modified_time":"2022-08-21T15:02:09+00:00","og_image":[{"width":1000,"height":1000,"url":"https:\/\/www.lifenatura.com\/wp-content\/uploads\/2021\/09\/gd_vitex_300_mg_90_capsulas_now.jpg","type":"image\/jpeg"}],"twitter_card":"summary_large_image","twitter_misc":{"Precio":"24,06&nbsp;&euro;","Disponibilidad":"Disponible"},"schema":{"@context":"https:\/\/schema.org","@graph":[{"@type":"WebPage","@id":"https:\/\/www.lifenatura.com\/es\/produto\/vitex-300-mg-90-capsulas-now\/","url":"https:\/\/www.lifenatura.com\/es\/produto\/vitex-300-mg-90-capsulas-now\/","name":"Vitex 300 mg 90 c\u00e1psulas - Now","isPartOf":{"@id":"https:\/\/www.lifenatura.com\/es\/#website"},"primaryImageOfPage":{"@id":"https:\/\/www.lifenatura.com\/es\/produto\/vitex-300-mg-90-capsulas-now\/#primaryimage"},"image":{"@id":"https:\/\/www.lifenatura.com\/es\/produto\/vitex-300-mg-90-capsulas-now\/#primaryimage"},"thumbnailUrl":"https:\/\/www.lifenatura.com\/wp-content\/uploads\/2021\/09\/gd_vitex_300_mg_90_capsulas_now.jpg","datePublished":"2021-09-30T10:37:02+00:00","dateModified":"2022-08-21T15:02:09+00:00","description":"Vitex (Agnus castus) es una de las pocas plantas que tiene una acci\u00f3n similar a la progesterona, ha sido ampliamente utilizada como una forma de regularizar el ciclo menstrual.","breadcrumb":{"@id":"https:\/\/www.lifenatura.com\/es\/produto\/vitex-300-mg-90-capsulas-now\/#breadcrumb"},"inLanguage":"es","potentialAction":[{"@type":"ReadAction","target":["https:\/\/www.lifenatura.com\/es\/produto\/vitex-300-mg-90-capsulas-now\/"]}]},{"@type":"ImageObject","inLanguage":"es","@id":"https:\/\/www.lifenatura.com\/es\/produto\/vitex-300-mg-90-capsulas-now\/#primaryimage","url":"https:\/\/www.lifenatura.com\/wp-content\/uploads\/2021\/09\/gd_vitex_300_mg_90_capsulas_now.jpg","contentUrl":"https:\/\/www.lifenatura.com\/wp-content\/uploads\/2021\/09\/gd_vitex_300_mg_90_capsulas_now.jpg","width":1000,"height":1000,"caption":"Vitex 300 mg 90 c\u00e1psulas - Now"},{"@type":"BreadcrumbList","@id":"https:\/\/www.lifenatura.com\/es\/produto\/vitex-300-mg-90-capsulas-now\/#breadcrumb","itemListElement":[{"@type":"ListItem","position":1,"name":"In\u00edcio","item":"https:\/\/www.lifenatura.com\/es\/"},{"@type":"ListItem","position":2,"name":"Todos los Productos","item":"https:\/\/www.lifenatura.com\/es\/tienda\/"},{"@type":"ListItem","position":3,"name":"Vitex 300 mg 90 c\u00e1psulas &#8211; Now"}]},{"@type":"WebSite","@id":"https:\/\/www.lifenatura.com\/es\/#website","url":"https:\/\/www.lifenatura.com\/es\/","name":"Lifenatura","description":"A Lifenatura \u00e9 uma loja de produtos naturais, cosm\u00e9tica natural e alimenta\u00e7\u00e3o Biol\u00f3gica.","publisher":{"@id":"https:\/\/www.lifenatura.com\/es\/#organization"},"potentialAction":[{"@type":"SearchAction","target":{"@type":"EntryPoint","urlTemplate":"https:\/\/www.lifenatura.com\/es\/?s={search_term_string}"},"query-input":{"@type":"PropertyValueSpecification","valueRequired":true,"valueName":"search_term_string"}}],"inLanguage":"es"},{"@type":"Organization","@id":"https:\/\/www.lifenatura.com\/es\/#organization","name":"Lifenatura","url":"https:\/\/www.lifenatura.com\/es\/","logo":{"@type":"ImageObject","inLanguage":"es","@id":"https:\/\/www.lifenatura.com\/es\/#\/schema\/logo\/image\/","url":"https:\/\/www.lifenatura.com\/wp-content\/uploads\/2021\/11\/logo.png","contentUrl":"https:\/\/www.lifenatura.com\/wp-content\/uploads\/2021\/11\/logo.png","width":175,"height":55,"caption":"Lifenatura"},"image":{"@id":"https:\/\/www.lifenatura.com\/es\/#\/schema\/logo\/image\/"},"sameAs":["https:\/\/www.facebook.com\/lifenatura","https:\/\/www.instagram.com\/lifenaturapt\/"]}]},"product_price_amount":"24.06","product_price_currency":"EUR","og_availability":"instock","product_availability":"instock","product_retailer_item_id":"733739047731","product_condition":"new"},"df_price":24.06,"df_sale_price":24.06,"df_regular_price":30.07,"df_image_link":"https:\/\/www.lifenatura.com\/wp-content\/uploads\/2021\/09\/gd_vitex_300_mg_90_capsulas_now-300x300.jpg","_links":{"self":[{"href":"https:\/\/www.lifenatura.com\/es\/wp-json\/wp\/v2\/product\/40237","targetHints":{"allow":["GET"]}}],"collection":[{"href":"https:\/\/www.lifenatura.com\/es\/wp-json\/wp\/v2\/product"}],"about":[{"href":"https:\/\/www.lifenatura.com\/es\/wp-json\/wp\/v2\/types\/product"}],"wp:featuredmedia":[{"embeddable":true,"href":"https:\/\/www.lifenatura.com\/es\/wp-json\/wp\/v2\/media\/21456"}],"wp:attachment":[{"href":"https:\/\/www.lifenatura.com\/es\/wp-json\/wp\/v2\/media?parent=40237"}],"wp:term":[{"taxonomy":"product_brand","embeddable":true,"href":"https:\/\/www.lifenatura.com\/es\/wp-json\/wp\/v2\/product_brand?post=40237"},{"taxonomy":"product_cat","embeddable":true,"href":"https:\/\/www.lifenatura.com\/es\/wp-json\/wp\/v2\/product_cat?post=40237"},{"taxonomy":"product_tag","embeddable":true,"href":"https:\/\/www.lifenatura.com\/es\/wp-json\/wp\/v2\/product_tag?post=40237"}],"curies":[{"name":"wp","href":"https:\/\/api.w.org\/{rel}","templated":true}]}}