{"id":40184,"date":"2021-09-30T10:36:29","date_gmt":"2021-09-30T10:36:29","guid":{"rendered":"https:\/\/lifenatura.dev.agenciagetdigital.com\/produto\/gtf-cromio-200-mcg-100-comprimidos-now\/"},"modified":"2026-05-03T00:08:50","modified_gmt":"2026-05-03T00:08:50","slug":"gtf-cromio-200-mcg-100-comprimidos-now","status":"publish","type":"product","link":"https:\/\/www.lifenatura.com\/es\/produto\/gtf-cromio-200-mcg-100-comprimidos-now\/","title":{"rendered":"GTF Cr\u00f3mio 200 mcg 100 comprimidos &#8211; Now"},"content":{"rendered":"<p>Inibidor de Apetite O Cr\u00f3mio da now \u00e9 usado como coadjuvante na perda de peso, uma vez que ajuda a reduzir a vontade de consumir doces, resultando na diminui\u00e7\u00e3o do consumo de hidratos de carbono. \u00c9 constitu\u00edda por cr\u00f3mio ligado com Niacina, criando um composto seguro que funciona como um fator de toler\u00e2ncia \u00e0 glicose. A Vitamina B3 em combina\u00e7\u00e3o com o cr\u00f3mio aumenta a sua absor\u00e7\u00e3o. Simultaneamente o policotinato de cr\u00f3mio contribui para satisfazer a necessidade de Niacina. Esta forma de cr\u00f3mio \u00e9 melhor absorvido e mais biodispon\u00edvel que outras vers\u00f5es do cr\u00f3mio. APRESENTA\u00c7\u00c3O 100 comprimidos.<\/p>\n","protected":false},"excerpt":{"rendered":"<p>Inibidor de Apetite O Cr\u00f3mio da now \u00e9 usado como coadjuvante na perda de peso, uma vez que ajuda a reduzir a vontade de consumir doces, resultando na diminui\u00e7\u00e3o do consumo de hidratos de carbono. \u00c9 constitu\u00edda por cr\u00f3mio ligado com Niacina, criando um composto seguro que funciona como um fator de toler\u00e2ncia \u00e0 glicose. [&#8230;]<\/p>\n<p><a class=\"btn btn-secondary understrap-read-more-link\" href=\"https:\/\/www.lifenatura.com\/es\/produto\/gtf-cromio-200-mcg-100-comprimidos-now\/\">Leer m\u00e1s&#8230;<span class=\"screen-reader-text\"> from GTF Cr\u00f3mio 200 mcg 100 comprimidos &#8211; Now<\/span><\/a><\/p>\n","protected":false},"featured_media":138088,"template":"","meta":{"_acf_changed":false},"product_brand":[8428],"product_cat":[7190,7194,7179],"product_tag":[],"class_list":{"0":"post-40184","1":"product","2":"type-product","3":"status-publish","4":"has-post-thumbnail","6":"product_brand-now","7":"product_cat-adelgazar","8":"product_cat-saciante","9":"product_cat-salud","11":"first","12":"instock","13":"sale","14":"featured","15":"shipping-taxable","16":"purchasable","17":"product-type-simple","18":"add-to-wishlist-before_image"},"acf":[],"yoast_head":"<!-- This site is optimized with the Yoast SEO Premium plugin v27.1 (Yoast SEO v27.5) - https:\/\/yoast.com\/product\/yoast-seo-premium-wordpress\/ -->\n<title>GTF Cr\u00f3mio 200 mcg 100 comprimidos - Now<\/title>\n<meta name=\"description\" content=\"Compre GTF Cr\u00f3mio 200 mcg 100 comprimidos - Now com envio r\u00e1pido. Entrega em 48h e portes gr\u00e1tis em compras &gt;35\u20ac. Aproveite j\u00e1 na Lifenatura\" \/>\n<meta name=\"robots\" content=\"index, follow, max-snippet:-1, max-image-preview:large, max-video-preview:-1\" \/>\n<link rel=\"canonical\" href=\"https:\/\/www.lifenatura.com\/es\/produto\/gtf-cromio-200-mcg-100-comprimidos-now\/\" \/>\n<meta property=\"og:locale\" content=\"es_ES\" \/>\n<meta property=\"og:type\" content=\"article\" \/>\n<meta property=\"og:title\" content=\"GTF Cr\u00f3mio 200 mcg 100 comprimidos - Now - Na Lifenatura ao Melhor Pre\u00e7o | Envio 48h\" \/>\n<meta property=\"og:description\" content=\"Compre GTF Cr\u00f3mio 200 mcg 100 comprimidos - Now com envio r\u00e1pido. Entrega em 48h e portes gr\u00e1tis em compras &gt;35\u20ac. Aproveite j\u00e1 na Lifenatura\" \/>\n<meta property=\"og:url\" content=\"https:\/\/www.lifenatura.com\/es\/produto\/gtf-cromio-200-mcg-100-comprimidos-now\/\" \/>\n<meta property=\"og:site_name\" content=\"Lifenatura\" \/>\n<meta property=\"article:publisher\" content=\"https:\/\/www.facebook.com\/lifenatura\" \/>\n<meta property=\"article:modified_time\" content=\"2026-05-03T00:08:50+00:00\" \/>\n<meta property=\"og:image\" content=\"https:\/\/www.lifenatura.com\/wp-content\/uploads\/2021\/09\/GTF-Cromio-200-mcg-100-comprimidos-Now.jpg\" \/>\n\t<meta property=\"og:image:width\" content=\"1000\" \/>\n\t<meta property=\"og:image:height\" content=\"1000\" \/>\n\t<meta property=\"og:image:type\" content=\"image\/jpeg\" \/>\n<meta name=\"twitter:card\" content=\"summary_large_image\" \/>\n<meta name=\"twitter:label1\" content=\"Precio\" \/>\n\t<meta name=\"twitter:data1\" content=\"10,69&nbsp;&euro;\" \/>\n\t<meta name=\"twitter:label2\" content=\"Disponibilidad\" \/>\n\t<meta name=\"twitter:data2\" content=\"Disponible\" \/>\n<script type=\"application\/ld+json\" class=\"yoast-schema-graph\">{\"@context\":\"https:\\\/\\\/schema.org\",\"@graph\":[{\"@type\":\"WebPage\",\"@id\":\"https:\\\/\\\/www.lifenatura.com\\\/es\\\/produto\\\/gtf-cromio-200-mcg-100-comprimidos-now\\\/\",\"url\":\"https:\\\/\\\/www.lifenatura.com\\\/es\\\/produto\\\/gtf-cromio-200-mcg-100-comprimidos-now\\\/\",\"name\":\"GTF Cr\u00f3mio 200 mcg 100 comprimidos - Now\",\"isPartOf\":{\"@id\":\"https:\\\/\\\/www.lifenatura.com\\\/es\\\/#website\"},\"primaryImageOfPage\":{\"@id\":\"https:\\\/\\\/www.lifenatura.com\\\/es\\\/produto\\\/gtf-cromio-200-mcg-100-comprimidos-now\\\/#primaryimage\"},\"image\":{\"@id\":\"https:\\\/\\\/www.lifenatura.com\\\/es\\\/produto\\\/gtf-cromio-200-mcg-100-comprimidos-now\\\/#primaryimage\"},\"thumbnailUrl\":\"https:\\\/\\\/www.lifenatura.com\\\/wp-content\\\/uploads\\\/2026\\\/04\\\/production_2Flistings_2Fd279e42b-44f0-4791-9e0e-13c502c30ced_2Fnow-foods-chromium-200mcg-yeast-free-100-tablets-1_x750_crop_center.png.png\",\"datePublished\":\"2021-09-30T10:36:29+00:00\",\"dateModified\":\"2026-05-03T00:08:50+00:00\",\"description\":\"Compre GTF Cr\u00f3mio 200 mcg 100 comprimidos - Now com envio r\u00e1pido. Entrega em 48h e portes gr\u00e1tis em compras >35\u20ac. Aproveite j\u00e1 na Lifenatura\",\"breadcrumb\":{\"@id\":\"https:\\\/\\\/www.lifenatura.com\\\/es\\\/produto\\\/gtf-cromio-200-mcg-100-comprimidos-now\\\/#breadcrumb\"},\"inLanguage\":\"es\",\"potentialAction\":[{\"@type\":\"ReadAction\",\"target\":[\"https:\\\/\\\/www.lifenatura.com\\\/es\\\/produto\\\/gtf-cromio-200-mcg-100-comprimidos-now\\\/\"]}]},{\"@type\":\"ImageObject\",\"inLanguage\":\"es\",\"@id\":\"https:\\\/\\\/www.lifenatura.com\\\/es\\\/produto\\\/gtf-cromio-200-mcg-100-comprimidos-now\\\/#primaryimage\",\"url\":\"https:\\\/\\\/www.lifenatura.com\\\/wp-content\\\/uploads\\\/2026\\\/04\\\/production_2Flistings_2Fd279e42b-44f0-4791-9e0e-13c502c30ced_2Fnow-foods-chromium-200mcg-yeast-free-100-tablets-1_x750_crop_center.png.png\",\"contentUrl\":\"https:\\\/\\\/www.lifenatura.com\\\/wp-content\\\/uploads\\\/2026\\\/04\\\/production_2Flistings_2Fd279e42b-44f0-4791-9e0e-13c502c30ced_2Fnow-foods-chromium-200mcg-yeast-free-100-tablets-1_x750_crop_center.png.png\",\"width\":750,\"height\":750},{\"@type\":\"BreadcrumbList\",\"@id\":\"https:\\\/\\\/www.lifenatura.com\\\/es\\\/produto\\\/gtf-cromio-200-mcg-100-comprimidos-now\\\/#breadcrumb\",\"itemListElement\":[{\"@type\":\"ListItem\",\"position\":1,\"name\":\"In\u00edcio\",\"item\":\"https:\\\/\\\/www.lifenatura.com\\\/es\\\/\"},{\"@type\":\"ListItem\",\"position\":2,\"name\":\"Todos los Productos\",\"item\":\"https:\\\/\\\/www.lifenatura.com\\\/es\\\/tienda\\\/\"},{\"@type\":\"ListItem\",\"position\":3,\"name\":\"GTF Cr\u00f3mio 200 mcg 100 comprimidos &#8211; Now\"}]},{\"@type\":\"WebSite\",\"@id\":\"https:\\\/\\\/www.lifenatura.com\\\/es\\\/#website\",\"url\":\"https:\\\/\\\/www.lifenatura.com\\\/es\\\/\",\"name\":\"Lifenatura\",\"description\":\"A Lifenatura \u00e9 uma loja de produtos naturais, cosm\u00e9tica natural e alimenta\u00e7\u00e3o Biol\u00f3gica.\",\"publisher\":{\"@id\":\"https:\\\/\\\/www.lifenatura.com\\\/es\\\/#organization\"},\"potentialAction\":[{\"@type\":\"SearchAction\",\"target\":{\"@type\":\"EntryPoint\",\"urlTemplate\":\"https:\\\/\\\/www.lifenatura.com\\\/es\\\/?s={search_term_string}\"},\"query-input\":{\"@type\":\"PropertyValueSpecification\",\"valueRequired\":true,\"valueName\":\"search_term_string\"}}],\"inLanguage\":\"es\"},{\"@type\":\"Organization\",\"@id\":\"https:\\\/\\\/www.lifenatura.com\\\/es\\\/#organization\",\"name\":\"Lifenatura\",\"url\":\"https:\\\/\\\/www.lifenatura.com\\\/es\\\/\",\"logo\":{\"@type\":\"ImageObject\",\"inLanguage\":\"es\",\"@id\":\"https:\\\/\\\/www.lifenatura.com\\\/es\\\/#\\\/schema\\\/logo\\\/image\\\/\",\"url\":\"https:\\\/\\\/www.lifenatura.com\\\/wp-content\\\/uploads\\\/2021\\\/07\\\/logo.png\",\"contentUrl\":\"https:\\\/\\\/www.lifenatura.com\\\/wp-content\\\/uploads\\\/2021\\\/07\\\/logo.png\",\"width\":175,\"height\":55,\"caption\":\"Lifenatura\"},\"image\":{\"@id\":\"https:\\\/\\\/www.lifenatura.com\\\/es\\\/#\\\/schema\\\/logo\\\/image\\\/\"},\"sameAs\":[\"https:\\\/\\\/www.facebook.com\\\/lifenatura\",\"https:\\\/\\\/www.instagram.com\\\/lifenaturapt\\\/\"],\"hasMerchantReturnPolicy\":{\"@type\":\"MerchantReturnPolicy\",\"merchantReturnLink\":\"https:\\\/\\\/www.lifenatura.com\\\/termos-condicoes-lifenatura\\\/\"}}]}<\/script>\n<meta property=\"product:price:amount\" content=\"10.69\" \/>\n<meta property=\"product:price:currency\" content=\"EUR\" \/>\n<meta property=\"og:availability\" content=\"instock\" \/>\n<meta property=\"product:availability\" content=\"instock\" \/>\n<meta property=\"product:retailer_item_id\" content=\"733739014306\" \/>\n<meta property=\"product:condition\" content=\"new\" \/>\n<!-- \/ Yoast SEO Premium plugin. -->","yoast_head_json":{"title":"GTF Cr\u00f3mio 200 mcg 100 comprimidos - Now","description":"Compre GTF Cr\u00f3mio 200 mcg 100 comprimidos - Now com envio r\u00e1pido. Entrega em 48h e portes gr\u00e1tis em compras >35\u20ac. Aproveite j\u00e1 na Lifenatura","robots":{"index":"index","follow":"follow","max-snippet":"max-snippet:-1","max-image-preview":"max-image-preview:large","max-video-preview":"max-video-preview:-1"},"canonical":"https:\/\/www.lifenatura.com\/es\/produto\/gtf-cromio-200-mcg-100-comprimidos-now\/","og_locale":"es_ES","og_type":"article","og_title":"GTF Cr\u00f3mio 200 mcg 100 comprimidos - Now - Na Lifenatura ao Melhor Pre\u00e7o | Envio 48h","og_description":"Compre GTF Cr\u00f3mio 200 mcg 100 comprimidos - Now com envio r\u00e1pido. Entrega em 48h e portes gr\u00e1tis em compras >35\u20ac. Aproveite j\u00e1 na Lifenatura","og_url":"https:\/\/www.lifenatura.com\/es\/produto\/gtf-cromio-200-mcg-100-comprimidos-now\/","og_site_name":"Lifenatura","article_publisher":"https:\/\/www.facebook.com\/lifenatura","article_modified_time":"2026-05-03T00:08:50+00:00","og_image":[{"width":1000,"height":1000,"url":"https:\/\/www.lifenatura.com\/wp-content\/uploads\/2021\/09\/GTF-Cromio-200-mcg-100-comprimidos-Now.jpg","type":"image\/jpeg"}],"twitter_card":"summary_large_image","twitter_misc":{"Precio":"10,69&nbsp;&euro;","Disponibilidad":"Disponible"},"schema":{"@context":"https:\/\/schema.org","@graph":[{"@type":"WebPage","@id":"https:\/\/www.lifenatura.com\/es\/produto\/gtf-cromio-200-mcg-100-comprimidos-now\/","url":"https:\/\/www.lifenatura.com\/es\/produto\/gtf-cromio-200-mcg-100-comprimidos-now\/","name":"GTF Cr\u00f3mio 200 mcg 100 comprimidos - Now","isPartOf":{"@id":"https:\/\/www.lifenatura.com\/es\/#website"},"primaryImageOfPage":{"@id":"https:\/\/www.lifenatura.com\/es\/produto\/gtf-cromio-200-mcg-100-comprimidos-now\/#primaryimage"},"image":{"@id":"https:\/\/www.lifenatura.com\/es\/produto\/gtf-cromio-200-mcg-100-comprimidos-now\/#primaryimage"},"thumbnailUrl":"https:\/\/www.lifenatura.com\/wp-content\/uploads\/2026\/04\/production_2Flistings_2Fd279e42b-44f0-4791-9e0e-13c502c30ced_2Fnow-foods-chromium-200mcg-yeast-free-100-tablets-1_x750_crop_center.png.png","datePublished":"2021-09-30T10:36:29+00:00","dateModified":"2026-05-03T00:08:50+00:00","description":"Compre GTF Cr\u00f3mio 200 mcg 100 comprimidos - Now com envio r\u00e1pido. Entrega em 48h e portes gr\u00e1tis em compras >35\u20ac. Aproveite j\u00e1 na Lifenatura","breadcrumb":{"@id":"https:\/\/www.lifenatura.com\/es\/produto\/gtf-cromio-200-mcg-100-comprimidos-now\/#breadcrumb"},"inLanguage":"es","potentialAction":[{"@type":"ReadAction","target":["https:\/\/www.lifenatura.com\/es\/produto\/gtf-cromio-200-mcg-100-comprimidos-now\/"]}]},{"@type":"ImageObject","inLanguage":"es","@id":"https:\/\/www.lifenatura.com\/es\/produto\/gtf-cromio-200-mcg-100-comprimidos-now\/#primaryimage","url":"https:\/\/www.lifenatura.com\/wp-content\/uploads\/2026\/04\/production_2Flistings_2Fd279e42b-44f0-4791-9e0e-13c502c30ced_2Fnow-foods-chromium-200mcg-yeast-free-100-tablets-1_x750_crop_center.png.png","contentUrl":"https:\/\/www.lifenatura.com\/wp-content\/uploads\/2026\/04\/production_2Flistings_2Fd279e42b-44f0-4791-9e0e-13c502c30ced_2Fnow-foods-chromium-200mcg-yeast-free-100-tablets-1_x750_crop_center.png.png","width":750,"height":750},{"@type":"BreadcrumbList","@id":"https:\/\/www.lifenatura.com\/es\/produto\/gtf-cromio-200-mcg-100-comprimidos-now\/#breadcrumb","itemListElement":[{"@type":"ListItem","position":1,"name":"In\u00edcio","item":"https:\/\/www.lifenatura.com\/es\/"},{"@type":"ListItem","position":2,"name":"Todos los Productos","item":"https:\/\/www.lifenatura.com\/es\/tienda\/"},{"@type":"ListItem","position":3,"name":"GTF Cr\u00f3mio 200 mcg 100 comprimidos &#8211; Now"}]},{"@type":"WebSite","@id":"https:\/\/www.lifenatura.com\/es\/#website","url":"https:\/\/www.lifenatura.com\/es\/","name":"Lifenatura","description":"A Lifenatura \u00e9 uma loja de produtos naturais, cosm\u00e9tica natural e alimenta\u00e7\u00e3o Biol\u00f3gica.","publisher":{"@id":"https:\/\/www.lifenatura.com\/es\/#organization"},"potentialAction":[{"@type":"SearchAction","target":{"@type":"EntryPoint","urlTemplate":"https:\/\/www.lifenatura.com\/es\/?s={search_term_string}"},"query-input":{"@type":"PropertyValueSpecification","valueRequired":true,"valueName":"search_term_string"}}],"inLanguage":"es"},{"@type":"Organization","@id":"https:\/\/www.lifenatura.com\/es\/#organization","name":"Lifenatura","url":"https:\/\/www.lifenatura.com\/es\/","logo":{"@type":"ImageObject","inLanguage":"es","@id":"https:\/\/www.lifenatura.com\/es\/#\/schema\/logo\/image\/","url":"https:\/\/www.lifenatura.com\/wp-content\/uploads\/2021\/07\/logo.png","contentUrl":"https:\/\/www.lifenatura.com\/wp-content\/uploads\/2021\/07\/logo.png","width":175,"height":55,"caption":"Lifenatura"},"image":{"@id":"https:\/\/www.lifenatura.com\/es\/#\/schema\/logo\/image\/"},"sameAs":["https:\/\/www.facebook.com\/lifenatura","https:\/\/www.instagram.com\/lifenaturapt\/"],"hasMerchantReturnPolicy":{"@type":"MerchantReturnPolicy","merchantReturnLink":"https:\/\/www.lifenatura.com\/termos-condicoes-lifenatura\/"}}]},"product_price_amount":"10.69","product_price_currency":"EUR","og_availability":"instock","product_availability":"instock","product_retailer_item_id":"733739014306","product_condition":"new"},"df_price":10.69,"df_sale_price":10.69,"df_regular_price":13.36,"df_image_link":"https:\/\/www.lifenatura.com\/wp-content\/uploads\/2026\/04\/production_2Flistings_2Fd279e42b-44f0-4791-9e0e-13c502c30ced_2Fnow-foods-chromium-200mcg-yeast-free-100-tablets-1_x750_crop_center.png-300x300.png","_links":{"self":[{"href":"https:\/\/www.lifenatura.com\/es\/wp-json\/wp\/v2\/product\/40184","targetHints":{"allow":["GET"]}}],"collection":[{"href":"https:\/\/www.lifenatura.com\/es\/wp-json\/wp\/v2\/product"}],"about":[{"href":"https:\/\/www.lifenatura.com\/es\/wp-json\/wp\/v2\/types\/product"}],"wp:featuredmedia":[{"embeddable":true,"href":"https:\/\/www.lifenatura.com\/es\/wp-json\/wp\/v2\/media\/138088"}],"wp:attachment":[{"href":"https:\/\/www.lifenatura.com\/es\/wp-json\/wp\/v2\/media?parent=40184"}],"wp:term":[{"taxonomy":"product_brand","embeddable":true,"href":"https:\/\/www.lifenatura.com\/es\/wp-json\/wp\/v2\/product_brand?post=40184"},{"taxonomy":"product_cat","embeddable":true,"href":"https:\/\/www.lifenatura.com\/es\/wp-json\/wp\/v2\/product_cat?post=40184"},{"taxonomy":"product_tag","embeddable":true,"href":"https:\/\/www.lifenatura.com\/es\/wp-json\/wp\/v2\/product_tag?post=40184"}],"curies":[{"name":"wp","href":"https:\/\/api.w.org\/{rel}","templated":true}]}}