{"id":40181,"date":"2021-09-30T10:36:10","date_gmt":"2021-09-30T10:36:10","guid":{"rendered":"https:\/\/lifenatura.dev.agenciagetdigital.com\/produto\/aromaterapia-oleos-essenciais-4-frascos-10-ml-now\/"},"modified":"2026-05-03T00:08:50","modified_gmt":"2026-05-03T00:08:50","slug":"aromaterapia-oleos-essenciais-4-frascos-10-ml-now","status":"publish","type":"product","link":"https:\/\/www.lifenatura.com\/es\/produto\/aromaterapia-oleos-essenciais-4-frascos-10-ml-now\/","title":{"rendered":"Aromaterapia &#8211; \u00d3leos Essenciais 4 Frascos 10 ml &#8211; Now"},"content":{"rendered":"<p>Aromaterapia Aromaterapia \u00f3leos essenciais \u00e9 indicado ap\u00f3s um dia cansativo de trabalho, compromissos sociais, crian\u00e7as e outras actividades desgastantes, nem sempre \u00e9 f\u00e1cil relaxar. Era \u00f3timo se fosse t\u00e3o f\u00e1cil como carregar num bot\u00e3o, para se poder relaxar. Na verdade, \u00e9 quase t\u00e3o f\u00e1cil com os \u00f3leos de aromaterapia calmantes e relaxantes. Com apenas algumas gotas dos aromas calmantes pode-se promover a paz e a tranquilidade quando e onde s\u00e3o muito necess\u00e1rios. O nosso kit de aromaterapia relaxante \u00e9 uma combina\u00e7\u00e3o de \u00f3leos essenciais conhecidos que promovem o relaxamento, equil\u00edbrio, a calma e o bem estar. APRESENTA\u00c7\u00c3O 4 frascos 10 ml: lavanda; eucalipto; menta; mix &#8220;sono tranquilo&#8221;.<\/p>\n","protected":false},"excerpt":{"rendered":"<p>Aromaterapia Aromaterapia \u00f3leos essenciais \u00e9 indicado ap\u00f3s um dia cansativo de trabalho, compromissos sociais, crian\u00e7as e outras actividades desgastantes, nem sempre \u00e9 f\u00e1cil relaxar. Era \u00f3timo se fosse t\u00e3o f\u00e1cil como carregar num bot\u00e3o, para se poder relaxar. Na verdade, \u00e9 quase t\u00e3o f\u00e1cil com os \u00f3leos de aromaterapia calmantes e relaxantes. Com apenas algumas [&#8230;]<\/p>\n<p><a class=\"btn btn-secondary understrap-read-more-link\" href=\"https:\/\/www.lifenatura.com\/es\/produto\/aromaterapia-oleos-essenciais-4-frascos-10-ml-now\/\">Leer m\u00e1s&#8230;<span class=\"screen-reader-text\"> from Aromaterapia &#8211; \u00d3leos Essenciais 4 Frascos 10 ml &#8211; Now<\/span><\/a><\/p>\n","protected":false},"featured_media":85801,"template":"","meta":{"_acf_changed":false},"product_brand":[8428],"product_cat":[7201,7179],"product_tag":[],"class_list":{"0":"post-40181","1":"product","2":"type-product","3":"status-publish","4":"has-post-thumbnail","6":"product_brand-now","7":"product_cat-aromaterapia-salud","8":"product_cat-salud","10":"first","11":"instock","12":"sale","13":"shipping-taxable","14":"purchasable","15":"product-type-simple","16":"add-to-wishlist-before_image"},"acf":[],"yoast_head":"<!-- This site is optimized with the Yoast SEO Premium plugin v27.1 (Yoast SEO v27.5) - https:\/\/yoast.com\/product\/yoast-seo-premium-wordpress\/ -->\n<title>Aromaterapia - \u00d3leos Essenciais 4 Frascos 10 ml - Now<\/title>\n<meta name=\"description\" content=\"Compre Aromaterapia - \u00d3leos Essenciais 4 Frascos 10 ml - Now com envio r\u00e1pido. Entrega em 48h e portes gr\u00e1tis em compras &gt;35\u20ac. Aproveite j\u00e1 na Lifenatura\" \/>\n<meta name=\"robots\" content=\"index, follow, max-snippet:-1, max-image-preview:large, max-video-preview:-1\" \/>\n<link rel=\"canonical\" href=\"https:\/\/www.lifenatura.com\/es\/produto\/aromaterapia-oleos-essenciais-4-frascos-10-ml-now\/\" \/>\n<meta property=\"og:locale\" content=\"es_ES\" \/>\n<meta property=\"og:type\" content=\"article\" \/>\n<meta property=\"og:title\" content=\"Aromaterapia - \u00d3leos Essenciais 4 Frascos 10 ml - Now - Na Lifenatura ao Melhor Pre\u00e7o | Envio 48h\" \/>\n<meta property=\"og:description\" content=\"Compre Aromaterapia - \u00d3leos Essenciais 4 Frascos 10 ml - Now com envio r\u00e1pido. Entrega em 48h e portes gr\u00e1tis em compras &gt;35\u20ac. Aproveite j\u00e1 na Lifenatura\" \/>\n<meta property=\"og:url\" content=\"https:\/\/www.lifenatura.com\/es\/produto\/aromaterapia-oleos-essenciais-4-frascos-10-ml-now\/\" \/>\n<meta property=\"og:site_name\" content=\"Lifenatura\" \/>\n<meta property=\"article:publisher\" content=\"https:\/\/www.facebook.com\/lifenatura\" \/>\n<meta property=\"article:modified_time\" content=\"2026-05-03T00:08:50+00:00\" \/>\n<meta property=\"og:image\" content=\"https:\/\/www.lifenatura.com\/wp-content\/uploads\/2021\/09\/Aromaterapia-\u2013-Oleos-Essenciais-4-Frascos-10-ml-\u2013-Now.jpg\" \/>\n\t<meta property=\"og:image:width\" content=\"1000\" \/>\n\t<meta property=\"og:image:height\" content=\"1000\" \/>\n\t<meta property=\"og:image:type\" content=\"image\/jpeg\" \/>\n<meta name=\"twitter:card\" content=\"summary_large_image\" \/>\n<meta name=\"twitter:label1\" content=\"Precio\" \/>\n\t<meta name=\"twitter:data1\" content=\"31,25&nbsp;&euro;\" \/>\n\t<meta name=\"twitter:label2\" content=\"Disponibilidad\" \/>\n\t<meta name=\"twitter:data2\" content=\"Disponible\" \/>\n<script type=\"application\/ld+json\" class=\"yoast-schema-graph\">{\"@context\":\"https:\\\/\\\/schema.org\",\"@graph\":[{\"@type\":\"WebPage\",\"@id\":\"https:\\\/\\\/www.lifenatura.com\\\/es\\\/produto\\\/aromaterapia-oleos-essenciais-4-frascos-10-ml-now\\\/\",\"url\":\"https:\\\/\\\/www.lifenatura.com\\\/es\\\/produto\\\/aromaterapia-oleos-essenciais-4-frascos-10-ml-now\\\/\",\"name\":\"Aromaterapia - \u00d3leos Essenciais 4 Frascos 10 ml - Now\",\"isPartOf\":{\"@id\":\"https:\\\/\\\/www.lifenatura.com\\\/es\\\/#website\"},\"primaryImageOfPage\":{\"@id\":\"https:\\\/\\\/www.lifenatura.com\\\/es\\\/produto\\\/aromaterapia-oleos-essenciais-4-frascos-10-ml-now\\\/#primaryimage\"},\"image\":{\"@id\":\"https:\\\/\\\/www.lifenatura.com\\\/es\\\/produto\\\/aromaterapia-oleos-essenciais-4-frascos-10-ml-now\\\/#primaryimage\"},\"thumbnailUrl\":\"https:\\\/\\\/www.lifenatura.com\\\/wp-content\\\/uploads\\\/2021\\\/09\\\/Aromaterapia-\u2013-Oleos-Essenciais-4-Frascos-10-ml-\u2013-Now.jpg\",\"datePublished\":\"2021-09-30T10:36:10+00:00\",\"dateModified\":\"2026-05-03T00:08:50+00:00\",\"description\":\"Compre Aromaterapia - \u00d3leos Essenciais 4 Frascos 10 ml - Now com envio r\u00e1pido. Entrega em 48h e portes gr\u00e1tis em compras >35\u20ac. Aproveite j\u00e1 na Lifenatura\",\"breadcrumb\":{\"@id\":\"https:\\\/\\\/www.lifenatura.com\\\/es\\\/produto\\\/aromaterapia-oleos-essenciais-4-frascos-10-ml-now\\\/#breadcrumb\"},\"inLanguage\":\"es\",\"potentialAction\":[{\"@type\":\"ReadAction\",\"target\":[\"https:\\\/\\\/www.lifenatura.com\\\/es\\\/produto\\\/aromaterapia-oleos-essenciais-4-frascos-10-ml-now\\\/\"]}]},{\"@type\":\"ImageObject\",\"inLanguage\":\"es\",\"@id\":\"https:\\\/\\\/www.lifenatura.com\\\/es\\\/produto\\\/aromaterapia-oleos-essenciais-4-frascos-10-ml-now\\\/#primaryimage\",\"url\":\"https:\\\/\\\/www.lifenatura.com\\\/wp-content\\\/uploads\\\/2021\\\/09\\\/Aromaterapia-\u2013-Oleos-Essenciais-4-Frascos-10-ml-\u2013-Now.jpg\",\"contentUrl\":\"https:\\\/\\\/www.lifenatura.com\\\/wp-content\\\/uploads\\\/2021\\\/09\\\/Aromaterapia-\u2013-Oleos-Essenciais-4-Frascos-10-ml-\u2013-Now.jpg\",\"width\":1000,\"height\":1000,\"caption\":\"Aromaterapia \u2013 \u00d3leos Essenciais 4 Frascos 10 ml \u2013 Now\"},{\"@type\":\"BreadcrumbList\",\"@id\":\"https:\\\/\\\/www.lifenatura.com\\\/es\\\/produto\\\/aromaterapia-oleos-essenciais-4-frascos-10-ml-now\\\/#breadcrumb\",\"itemListElement\":[{\"@type\":\"ListItem\",\"position\":1,\"name\":\"In\u00edcio\",\"item\":\"https:\\\/\\\/www.lifenatura.com\\\/es\\\/\"},{\"@type\":\"ListItem\",\"position\":2,\"name\":\"Todos los Productos\",\"item\":\"https:\\\/\\\/www.lifenatura.com\\\/es\\\/tienda\\\/\"},{\"@type\":\"ListItem\",\"position\":3,\"name\":\"Aromaterapia &#8211; \u00d3leos Essenciais 4 Frascos 10 ml &#8211; Now\"}]},{\"@type\":\"WebSite\",\"@id\":\"https:\\\/\\\/www.lifenatura.com\\\/es\\\/#website\",\"url\":\"https:\\\/\\\/www.lifenatura.com\\\/es\\\/\",\"name\":\"Lifenatura\",\"description\":\"A Lifenatura \u00e9 uma loja de produtos naturais, cosm\u00e9tica natural e alimenta\u00e7\u00e3o Biol\u00f3gica.\",\"publisher\":{\"@id\":\"https:\\\/\\\/www.lifenatura.com\\\/es\\\/#organization\"},\"potentialAction\":[{\"@type\":\"SearchAction\",\"target\":{\"@type\":\"EntryPoint\",\"urlTemplate\":\"https:\\\/\\\/www.lifenatura.com\\\/es\\\/?s={search_term_string}\"},\"query-input\":{\"@type\":\"PropertyValueSpecification\",\"valueRequired\":true,\"valueName\":\"search_term_string\"}}],\"inLanguage\":\"es\"},{\"@type\":\"Organization\",\"@id\":\"https:\\\/\\\/www.lifenatura.com\\\/es\\\/#organization\",\"name\":\"Lifenatura\",\"url\":\"https:\\\/\\\/www.lifenatura.com\\\/es\\\/\",\"logo\":{\"@type\":\"ImageObject\",\"inLanguage\":\"es\",\"@id\":\"https:\\\/\\\/www.lifenatura.com\\\/es\\\/#\\\/schema\\\/logo\\\/image\\\/\",\"url\":\"https:\\\/\\\/www.lifenatura.com\\\/wp-content\\\/uploads\\\/2021\\\/07\\\/logo.png\",\"contentUrl\":\"https:\\\/\\\/www.lifenatura.com\\\/wp-content\\\/uploads\\\/2021\\\/07\\\/logo.png\",\"width\":175,\"height\":55,\"caption\":\"Lifenatura\"},\"image\":{\"@id\":\"https:\\\/\\\/www.lifenatura.com\\\/es\\\/#\\\/schema\\\/logo\\\/image\\\/\"},\"sameAs\":[\"https:\\\/\\\/www.facebook.com\\\/lifenatura\",\"https:\\\/\\\/www.instagram.com\\\/lifenaturapt\\\/\"],\"hasMerchantReturnPolicy\":{\"@type\":\"MerchantReturnPolicy\",\"merchantReturnLink\":\"https:\\\/\\\/www.lifenatura.com\\\/termos-condicoes-lifenatura\\\/\"}}]}<\/script>\n<meta property=\"product:price:amount\" content=\"31.25\" \/>\n<meta property=\"product:price:currency\" content=\"EUR\" \/>\n<meta property=\"og:availability\" content=\"instock\" \/>\n<meta property=\"product:availability\" content=\"instock\" \/>\n<meta property=\"product:retailer_item_id\" content=\"733739076533\" \/>\n<meta property=\"product:condition\" content=\"new\" \/>\n<!-- \/ Yoast SEO Premium plugin. -->","yoast_head_json":{"title":"Aromaterapia - \u00d3leos Essenciais 4 Frascos 10 ml - Now","description":"Compre Aromaterapia - \u00d3leos Essenciais 4 Frascos 10 ml - Now com envio r\u00e1pido. Entrega em 48h e portes gr\u00e1tis em compras >35\u20ac. Aproveite j\u00e1 na Lifenatura","robots":{"index":"index","follow":"follow","max-snippet":"max-snippet:-1","max-image-preview":"max-image-preview:large","max-video-preview":"max-video-preview:-1"},"canonical":"https:\/\/www.lifenatura.com\/es\/produto\/aromaterapia-oleos-essenciais-4-frascos-10-ml-now\/","og_locale":"es_ES","og_type":"article","og_title":"Aromaterapia - \u00d3leos Essenciais 4 Frascos 10 ml - Now - Na Lifenatura ao Melhor Pre\u00e7o | Envio 48h","og_description":"Compre Aromaterapia - \u00d3leos Essenciais 4 Frascos 10 ml - Now com envio r\u00e1pido. Entrega em 48h e portes gr\u00e1tis em compras >35\u20ac. Aproveite j\u00e1 na Lifenatura","og_url":"https:\/\/www.lifenatura.com\/es\/produto\/aromaterapia-oleos-essenciais-4-frascos-10-ml-now\/","og_site_name":"Lifenatura","article_publisher":"https:\/\/www.facebook.com\/lifenatura","article_modified_time":"2026-05-03T00:08:50+00:00","og_image":[{"width":1000,"height":1000,"url":"https:\/\/www.lifenatura.com\/wp-content\/uploads\/2021\/09\/Aromaterapia-\u2013-Oleos-Essenciais-4-Frascos-10-ml-\u2013-Now.jpg","type":"image\/jpeg"}],"twitter_card":"summary_large_image","twitter_misc":{"Precio":"31,25&nbsp;&euro;","Disponibilidad":"Disponible"},"schema":{"@context":"https:\/\/schema.org","@graph":[{"@type":"WebPage","@id":"https:\/\/www.lifenatura.com\/es\/produto\/aromaterapia-oleos-essenciais-4-frascos-10-ml-now\/","url":"https:\/\/www.lifenatura.com\/es\/produto\/aromaterapia-oleos-essenciais-4-frascos-10-ml-now\/","name":"Aromaterapia - \u00d3leos Essenciais 4 Frascos 10 ml - Now","isPartOf":{"@id":"https:\/\/www.lifenatura.com\/es\/#website"},"primaryImageOfPage":{"@id":"https:\/\/www.lifenatura.com\/es\/produto\/aromaterapia-oleos-essenciais-4-frascos-10-ml-now\/#primaryimage"},"image":{"@id":"https:\/\/www.lifenatura.com\/es\/produto\/aromaterapia-oleos-essenciais-4-frascos-10-ml-now\/#primaryimage"},"thumbnailUrl":"https:\/\/www.lifenatura.com\/wp-content\/uploads\/2021\/09\/Aromaterapia-\u2013-Oleos-Essenciais-4-Frascos-10-ml-\u2013-Now.jpg","datePublished":"2021-09-30T10:36:10+00:00","dateModified":"2026-05-03T00:08:50+00:00","description":"Compre Aromaterapia - \u00d3leos Essenciais 4 Frascos 10 ml - Now com envio r\u00e1pido. Entrega em 48h e portes gr\u00e1tis em compras >35\u20ac. Aproveite j\u00e1 na Lifenatura","breadcrumb":{"@id":"https:\/\/www.lifenatura.com\/es\/produto\/aromaterapia-oleos-essenciais-4-frascos-10-ml-now\/#breadcrumb"},"inLanguage":"es","potentialAction":[{"@type":"ReadAction","target":["https:\/\/www.lifenatura.com\/es\/produto\/aromaterapia-oleos-essenciais-4-frascos-10-ml-now\/"]}]},{"@type":"ImageObject","inLanguage":"es","@id":"https:\/\/www.lifenatura.com\/es\/produto\/aromaterapia-oleos-essenciais-4-frascos-10-ml-now\/#primaryimage","url":"https:\/\/www.lifenatura.com\/wp-content\/uploads\/2021\/09\/Aromaterapia-\u2013-Oleos-Essenciais-4-Frascos-10-ml-\u2013-Now.jpg","contentUrl":"https:\/\/www.lifenatura.com\/wp-content\/uploads\/2021\/09\/Aromaterapia-\u2013-Oleos-Essenciais-4-Frascos-10-ml-\u2013-Now.jpg","width":1000,"height":1000,"caption":"Aromaterapia \u2013 \u00d3leos Essenciais 4 Frascos 10 ml \u2013 Now"},{"@type":"BreadcrumbList","@id":"https:\/\/www.lifenatura.com\/es\/produto\/aromaterapia-oleos-essenciais-4-frascos-10-ml-now\/#breadcrumb","itemListElement":[{"@type":"ListItem","position":1,"name":"In\u00edcio","item":"https:\/\/www.lifenatura.com\/es\/"},{"@type":"ListItem","position":2,"name":"Todos los Productos","item":"https:\/\/www.lifenatura.com\/es\/tienda\/"},{"@type":"ListItem","position":3,"name":"Aromaterapia &#8211; \u00d3leos Essenciais 4 Frascos 10 ml &#8211; Now"}]},{"@type":"WebSite","@id":"https:\/\/www.lifenatura.com\/es\/#website","url":"https:\/\/www.lifenatura.com\/es\/","name":"Lifenatura","description":"A Lifenatura \u00e9 uma loja de produtos naturais, cosm\u00e9tica natural e alimenta\u00e7\u00e3o Biol\u00f3gica.","publisher":{"@id":"https:\/\/www.lifenatura.com\/es\/#organization"},"potentialAction":[{"@type":"SearchAction","target":{"@type":"EntryPoint","urlTemplate":"https:\/\/www.lifenatura.com\/es\/?s={search_term_string}"},"query-input":{"@type":"PropertyValueSpecification","valueRequired":true,"valueName":"search_term_string"}}],"inLanguage":"es"},{"@type":"Organization","@id":"https:\/\/www.lifenatura.com\/es\/#organization","name":"Lifenatura","url":"https:\/\/www.lifenatura.com\/es\/","logo":{"@type":"ImageObject","inLanguage":"es","@id":"https:\/\/www.lifenatura.com\/es\/#\/schema\/logo\/image\/","url":"https:\/\/www.lifenatura.com\/wp-content\/uploads\/2021\/07\/logo.png","contentUrl":"https:\/\/www.lifenatura.com\/wp-content\/uploads\/2021\/07\/logo.png","width":175,"height":55,"caption":"Lifenatura"},"image":{"@id":"https:\/\/www.lifenatura.com\/es\/#\/schema\/logo\/image\/"},"sameAs":["https:\/\/www.facebook.com\/lifenatura","https:\/\/www.instagram.com\/lifenaturapt\/"],"hasMerchantReturnPolicy":{"@type":"MerchantReturnPolicy","merchantReturnLink":"https:\/\/www.lifenatura.com\/termos-condicoes-lifenatura\/"}}]},"product_price_amount":"31.25","product_price_currency":"EUR","og_availability":"instock","product_availability":"instock","product_retailer_item_id":"733739076533","product_condition":"new"},"df_price":31.25,"df_sale_price":31.25,"df_regular_price":39.07,"df_image_link":"https:\/\/www.lifenatura.com\/wp-content\/uploads\/2021\/09\/Aromaterapia-\u2013-Oleos-Essenciais-4-Frascos-10-ml-\u2013-Now-300x300.jpg","_links":{"self":[{"href":"https:\/\/www.lifenatura.com\/es\/wp-json\/wp\/v2\/product\/40181","targetHints":{"allow":["GET"]}}],"collection":[{"href":"https:\/\/www.lifenatura.com\/es\/wp-json\/wp\/v2\/product"}],"about":[{"href":"https:\/\/www.lifenatura.com\/es\/wp-json\/wp\/v2\/types\/product"}],"wp:featuredmedia":[{"embeddable":true,"href":"https:\/\/www.lifenatura.com\/es\/wp-json\/wp\/v2\/media\/85801"}],"wp:attachment":[{"href":"https:\/\/www.lifenatura.com\/es\/wp-json\/wp\/v2\/media?parent=40181"}],"wp:term":[{"taxonomy":"product_brand","embeddable":true,"href":"https:\/\/www.lifenatura.com\/es\/wp-json\/wp\/v2\/product_brand?post=40181"},{"taxonomy":"product_cat","embeddable":true,"href":"https:\/\/www.lifenatura.com\/es\/wp-json\/wp\/v2\/product_cat?post=40181"},{"taxonomy":"product_tag","embeddable":true,"href":"https:\/\/www.lifenatura.com\/es\/wp-json\/wp\/v2\/product_tag?post=40181"}],"curies":[{"name":"wp","href":"https:\/\/api.w.org\/{rel}","templated":true}]}}