{"id":40139,"date":"2021-09-30T10:35:33","date_gmt":"2021-09-30T10:35:33","guid":{"rendered":"https:\/\/lifenatura.dev.agenciagetdigital.com\/produto\/alfalfa-10-grain-250-comprimidos-now\/"},"modified":"2026-05-03T00:08:40","modified_gmt":"2026-05-03T00:08:40","slug":"alfalfa-10-grain-250-comprimidos-now","status":"publish","type":"product","link":"https:\/\/www.lifenatura.com\/es\/produto\/alfalfa-10-grain-250-comprimidos-now\/","title":{"rendered":"Alfalfa 650mg 250 comprimidos &#8211; Now"},"content":{"rendered":"<h2 style=\"text-align: left;\"><strong>Alfalfa 650mg &#8211; Superalimento verde de NOW Foods<\/strong><\/h2>\n<p>&nbsp;<\/p>\n<p>Alfalfa 650mg de NOW Foods es un complemento alimenticio que ofrece los beneficios nutricionales de la alfalfa (Medicago sativa), una planta reconocida como un superalimento verde. Esta f\u00f3rmula contiene 650 mg de alfalfa por comprimido y es una excelente fuente de vitamina K, adem\u00e1s de aportar vitaminas A, C, D, E y del complejo B, minerales como calcio, hierro, magnesio y potasio, y clorofila. La alfalfa se ha utilizado desde la antig\u00fcedad por sus propiedades nutricionales y terap\u00e9uticas.<\/p>\n<p>NOW Foods utiliza un proceso de fabricaci\u00f3n que garantiza la calidad y pureza del producto, que es no transg\u00e9nico, sin gluten, vegano\/vegetariano, sin soja, sin l\u00e1cteos, sin huevo y kosher. El envase contiene 250 comprimidos, con una dosis diaria recomendada de 3 comprimidos, que totalizan 1.950 mg de alfalfa al d\u00eda.<\/p>\n<p><strong>Principales beneficios:<\/strong><\/p>\n<ul>\n<li><strong>Rica fuente de nutrientes esenciales:<\/strong> Aporta una variedad de vitaminas y minerales que contribuyen a la salud general.<\/li>\n<li><strong>Refuerza el sistema inmunitario<\/strong>: La presencia de vitamina C y otros antioxidantes ayuda a proteger contra los radicales libres.<\/li>\n<li><strong>Favorece la salud \u00f3sea:<\/strong> El calcio y la vitamina K son importantes para mantener unos huesos fuertes.<\/li>\n<li><strong>Favorece la digesti\u00f3n:<\/strong> La clorofila y los compuestos presentes en la alfalfa pueden favorecer la digesti\u00f3n y la salud intestinal.<\/li>\n<\/ul>\n<p><strong>Indicaciones:<\/strong><\/p>\n<p>Este suplemento es adecuado para adultos que desean complementar su dieta con un superalimento verde rico en nutrientes esenciales. Es especialmente \u00fatil para personas que siguen dietas vegetarianas o veganas, o que buscan mejorar su ingesta de vitaminas y minerales de forma natural.<\/p>\n<p>La alfalfa da ahora est\u00e1 indicada para controlar los niveles de az\u00facar en sangre al aumentar la liberaci\u00f3n de insulina en el p\u00e1ncreas. La alfalfa tambi\u00e9n es rica en vitaminas (A, C, E y K) y minerales (calcio, magnesio, potasio, hierro y f\u00f3sforo), as\u00ed como en clorofila.<\/p>\n<p>La clorofila aumenta la cantidad de hierro y la producci\u00f3n de gl\u00f3bulos rojos, previniendo la anemia. La vitamina K favorece la calcificaci\u00f3n de los huesos y previene la artrosis.<\/p>\n<p><strong>PRESENTACI\u00d3N<\/strong><\/p>\n<p>250 comprimidos.<\/p>\n<p>&nbsp;<\/p>\n","protected":false},"excerpt":{"rendered":"<p>Alfalfa 650mg de Now es vegano y no GMO, rico en vitaminas, minerales y clorofila, que apoya la salud general, el sistema inmunol\u00f3gico y la digesti\u00f3n. [&#8230;]<\/p>\n<p><a class=\"btn btn-secondary understrap-read-more-link\" href=\"https:\/\/www.lifenatura.com\/es\/produto\/alfalfa-10-grain-250-comprimidos-now\/\">Leer m\u00e1s&#8230;<span class=\"screen-reader-text\"> from Alfalfa 650mg 250 comprimidos &#8211; Now<\/span><\/a><\/p>\n","protected":false},"featured_media":138215,"template":"","meta":{"_acf_changed":false},"product_brand":[8428],"product_cat":[7224,7179],"product_tag":[],"class_list":{"0":"post-40139","1":"product","2":"type-product","3":"status-publish","4":"has-post-thumbnail","6":"product_brand-now","7":"product_cat-diabetes-salud","8":"product_cat-salud","10":"first","11":"instock","12":"sale","13":"featured","14":"shipping-taxable","15":"purchasable","16":"product-type-simple","17":"add-to-wishlist-before_image"},"acf":[],"yoast_head":"<!-- This site is optimized with the Yoast SEO Premium plugin v27.1 (Yoast SEO v27.5) - https:\/\/yoast.com\/product\/yoast-seo-premium-wordpress\/ -->\n<title>Alfalfa 650mg 250 comprimidos Now - Lifenatura<\/title>\n<meta name=\"description\" content=\"Alfalfa 650mg de Now es vegano y no GMO, rico en vitaminas, minerales y clorofila, que apoya la salud general, el sistema inmunol\u00f3gico y la digesti\u00f3n.\" \/>\n<meta name=\"robots\" content=\"index, follow, max-snippet:-1, max-image-preview:large, max-video-preview:-1\" \/>\n<link rel=\"canonical\" href=\"https:\/\/www.lifenatura.com\/es\/produto\/alfalfa-10-grain-250-comprimidos-now\/\" \/>\n<meta property=\"og:locale\" content=\"es_ES\" \/>\n<meta property=\"og:type\" content=\"article\" \/>\n<meta property=\"og:title\" content=\"Alfalfa 650mg 250 comprimidos - Now - Na Lifenatura ao Melhor Pre\u00e7o | Envio 48h\" \/>\n<meta property=\"og:description\" content=\"Compre Alfalfa 650mg 250 comprimidos - Now com envio r\u00e1pido. Entrega em 48h e portes gr\u00e1tis em compras &gt;35\u20ac. Aproveite j\u00e1 na Lifenatura\" \/>\n<meta property=\"og:url\" content=\"https:\/\/www.lifenatura.com\/es\/produto\/alfalfa-10-grain-250-comprimidos-now\/\" \/>\n<meta property=\"og:site_name\" content=\"Lifenatura\" \/>\n<meta property=\"article:publisher\" content=\"https:\/\/www.facebook.com\/lifenatura\" \/>\n<meta property=\"article:modified_time\" content=\"2026-05-03T00:08:40+00:00\" \/>\n<meta property=\"og:image\" content=\"https:\/\/www.lifenatura.com\/wp-content\/uploads\/2021\/09\/alfalfa-650mg-now.jpg\" \/>\n\t<meta property=\"og:image:width\" content=\"1000\" \/>\n\t<meta property=\"og:image:height\" content=\"1000\" \/>\n\t<meta property=\"og:image:type\" content=\"image\/jpeg\" \/>\n<meta name=\"twitter:card\" content=\"summary_large_image\" \/>\n<meta name=\"twitter:label1\" content=\"Precio\" \/>\n\t<meta name=\"twitter:data1\" content=\"18,59&nbsp;&euro;\" \/>\n\t<meta name=\"twitter:label2\" content=\"Disponibilidad\" \/>\n\t<meta name=\"twitter:data2\" content=\"Disponible\" \/>\n<script type=\"application\/ld+json\" class=\"yoast-schema-graph\">{\"@context\":\"https:\\\/\\\/schema.org\",\"@graph\":[{\"@type\":\"WebPage\",\"@id\":\"https:\\\/\\\/www.lifenatura.com\\\/es\\\/produto\\\/alfalfa-10-grain-250-comprimidos-now\\\/\",\"url\":\"https:\\\/\\\/www.lifenatura.com\\\/es\\\/produto\\\/alfalfa-10-grain-250-comprimidos-now\\\/\",\"name\":\"Alfalfa 650mg 250 comprimidos Now - Lifenatura\",\"isPartOf\":{\"@id\":\"https:\\\/\\\/www.lifenatura.com\\\/es\\\/#website\"},\"primaryImageOfPage\":{\"@id\":\"https:\\\/\\\/www.lifenatura.com\\\/es\\\/produto\\\/alfalfa-10-grain-250-comprimidos-now\\\/#primaryimage\"},\"image\":{\"@id\":\"https:\\\/\\\/www.lifenatura.com\\\/es\\\/produto\\\/alfalfa-10-grain-250-comprimidos-now\\\/#primaryimage\"},\"thumbnailUrl\":\"https:\\\/\\\/www.lifenatura.com\\\/wp-content\\\/uploads\\\/2026\\\/04\\\/alfalfa.jpg\",\"datePublished\":\"2021-09-30T10:35:33+00:00\",\"dateModified\":\"2026-05-03T00:08:40+00:00\",\"description\":\"Alfalfa 650mg de Now es vegano y no GMO, rico en vitaminas, minerales y clorofila, que apoya la salud general, el sistema inmunol\u00f3gico y la digesti\u00f3n.\",\"breadcrumb\":{\"@id\":\"https:\\\/\\\/www.lifenatura.com\\\/es\\\/produto\\\/alfalfa-10-grain-250-comprimidos-now\\\/#breadcrumb\"},\"inLanguage\":\"es\",\"potentialAction\":[{\"@type\":\"ReadAction\",\"target\":[\"https:\\\/\\\/www.lifenatura.com\\\/es\\\/produto\\\/alfalfa-10-grain-250-comprimidos-now\\\/\"]}]},{\"@type\":\"ImageObject\",\"inLanguage\":\"es\",\"@id\":\"https:\\\/\\\/www.lifenatura.com\\\/es\\\/produto\\\/alfalfa-10-grain-250-comprimidos-now\\\/#primaryimage\",\"url\":\"https:\\\/\\\/www.lifenatura.com\\\/wp-content\\\/uploads\\\/2026\\\/04\\\/alfalfa.jpg\",\"contentUrl\":\"https:\\\/\\\/www.lifenatura.com\\\/wp-content\\\/uploads\\\/2026\\\/04\\\/alfalfa.jpg\",\"width\":458,\"height\":575},{\"@type\":\"BreadcrumbList\",\"@id\":\"https:\\\/\\\/www.lifenatura.com\\\/es\\\/produto\\\/alfalfa-10-grain-250-comprimidos-now\\\/#breadcrumb\",\"itemListElement\":[{\"@type\":\"ListItem\",\"position\":1,\"name\":\"In\u00edcio\",\"item\":\"https:\\\/\\\/www.lifenatura.com\\\/es\\\/\"},{\"@type\":\"ListItem\",\"position\":2,\"name\":\"Todos los Productos\",\"item\":\"https:\\\/\\\/www.lifenatura.com\\\/es\\\/tienda\\\/\"},{\"@type\":\"ListItem\",\"position\":3,\"name\":\"Alfalfa 650mg 250 comprimidos &#8211; Now\"}]},{\"@type\":\"WebSite\",\"@id\":\"https:\\\/\\\/www.lifenatura.com\\\/es\\\/#website\",\"url\":\"https:\\\/\\\/www.lifenatura.com\\\/es\\\/\",\"name\":\"Lifenatura\",\"description\":\"A Lifenatura \u00e9 uma loja de produtos naturais, cosm\u00e9tica natural e alimenta\u00e7\u00e3o Biol\u00f3gica.\",\"publisher\":{\"@id\":\"https:\\\/\\\/www.lifenatura.com\\\/es\\\/#organization\"},\"potentialAction\":[{\"@type\":\"SearchAction\",\"target\":{\"@type\":\"EntryPoint\",\"urlTemplate\":\"https:\\\/\\\/www.lifenatura.com\\\/es\\\/?s={search_term_string}\"},\"query-input\":{\"@type\":\"PropertyValueSpecification\",\"valueRequired\":true,\"valueName\":\"search_term_string\"}}],\"inLanguage\":\"es\"},{\"@type\":\"Organization\",\"@id\":\"https:\\\/\\\/www.lifenatura.com\\\/es\\\/#organization\",\"name\":\"Lifenatura\",\"url\":\"https:\\\/\\\/www.lifenatura.com\\\/es\\\/\",\"logo\":{\"@type\":\"ImageObject\",\"inLanguage\":\"es\",\"@id\":\"https:\\\/\\\/www.lifenatura.com\\\/es\\\/#\\\/schema\\\/logo\\\/image\\\/\",\"url\":\"https:\\\/\\\/www.lifenatura.com\\\/wp-content\\\/uploads\\\/2021\\\/07\\\/logo.png\",\"contentUrl\":\"https:\\\/\\\/www.lifenatura.com\\\/wp-content\\\/uploads\\\/2021\\\/07\\\/logo.png\",\"width\":175,\"height\":55,\"caption\":\"Lifenatura\"},\"image\":{\"@id\":\"https:\\\/\\\/www.lifenatura.com\\\/es\\\/#\\\/schema\\\/logo\\\/image\\\/\"},\"sameAs\":[\"https:\\\/\\\/www.facebook.com\\\/lifenatura\",\"https:\\\/\\\/www.instagram.com\\\/lifenaturapt\\\/\"],\"hasMerchantReturnPolicy\":{\"@type\":\"MerchantReturnPolicy\",\"merchantReturnLink\":\"https:\\\/\\\/www.lifenatura.com\\\/termos-condicoes-lifenatura\\\/\"}}]}<\/script>\n<meta property=\"product:price:amount\" content=\"18.59\" \/>\n<meta property=\"product:price:currency\" content=\"EUR\" \/>\n<meta property=\"og:availability\" content=\"instock\" \/>\n<meta property=\"product:availability\" content=\"instock\" \/>\n<meta property=\"product:retailer_item_id\" content=\"733739026200\" \/>\n<meta property=\"product:condition\" content=\"new\" \/>\n<!-- \/ Yoast SEO Premium plugin. -->","yoast_head_json":{"title":"Alfalfa 650mg 250 comprimidos Now - Lifenatura","description":"Alfalfa 650mg de Now es vegano y no GMO, rico en vitaminas, minerales y clorofila, que apoya la salud general, el sistema inmunol\u00f3gico y la digesti\u00f3n.","robots":{"index":"index","follow":"follow","max-snippet":"max-snippet:-1","max-image-preview":"max-image-preview:large","max-video-preview":"max-video-preview:-1"},"canonical":"https:\/\/www.lifenatura.com\/es\/produto\/alfalfa-10-grain-250-comprimidos-now\/","og_locale":"es_ES","og_type":"article","og_title":"Alfalfa 650mg 250 comprimidos - Now - Na Lifenatura ao Melhor Pre\u00e7o | Envio 48h","og_description":"Compre Alfalfa 650mg 250 comprimidos - Now com envio r\u00e1pido. Entrega em 48h e portes gr\u00e1tis em compras >35\u20ac. Aproveite j\u00e1 na Lifenatura","og_url":"https:\/\/www.lifenatura.com\/es\/produto\/alfalfa-10-grain-250-comprimidos-now\/","og_site_name":"Lifenatura","article_publisher":"https:\/\/www.facebook.com\/lifenatura","article_modified_time":"2026-05-03T00:08:40+00:00","og_image":[{"width":1000,"height":1000,"url":"https:\/\/www.lifenatura.com\/wp-content\/uploads\/2021\/09\/alfalfa-650mg-now.jpg","type":"image\/jpeg"}],"twitter_card":"summary_large_image","twitter_misc":{"Precio":"18,59&nbsp;&euro;","Disponibilidad":"Disponible"},"schema":{"@context":"https:\/\/schema.org","@graph":[{"@type":"WebPage","@id":"https:\/\/www.lifenatura.com\/es\/produto\/alfalfa-10-grain-250-comprimidos-now\/","url":"https:\/\/www.lifenatura.com\/es\/produto\/alfalfa-10-grain-250-comprimidos-now\/","name":"Alfalfa 650mg 250 comprimidos Now - Lifenatura","isPartOf":{"@id":"https:\/\/www.lifenatura.com\/es\/#website"},"primaryImageOfPage":{"@id":"https:\/\/www.lifenatura.com\/es\/produto\/alfalfa-10-grain-250-comprimidos-now\/#primaryimage"},"image":{"@id":"https:\/\/www.lifenatura.com\/es\/produto\/alfalfa-10-grain-250-comprimidos-now\/#primaryimage"},"thumbnailUrl":"https:\/\/www.lifenatura.com\/wp-content\/uploads\/2026\/04\/alfalfa.jpg","datePublished":"2021-09-30T10:35:33+00:00","dateModified":"2026-05-03T00:08:40+00:00","description":"Alfalfa 650mg de Now es vegano y no GMO, rico en vitaminas, minerales y clorofila, que apoya la salud general, el sistema inmunol\u00f3gico y la digesti\u00f3n.","breadcrumb":{"@id":"https:\/\/www.lifenatura.com\/es\/produto\/alfalfa-10-grain-250-comprimidos-now\/#breadcrumb"},"inLanguage":"es","potentialAction":[{"@type":"ReadAction","target":["https:\/\/www.lifenatura.com\/es\/produto\/alfalfa-10-grain-250-comprimidos-now\/"]}]},{"@type":"ImageObject","inLanguage":"es","@id":"https:\/\/www.lifenatura.com\/es\/produto\/alfalfa-10-grain-250-comprimidos-now\/#primaryimage","url":"https:\/\/www.lifenatura.com\/wp-content\/uploads\/2026\/04\/alfalfa.jpg","contentUrl":"https:\/\/www.lifenatura.com\/wp-content\/uploads\/2026\/04\/alfalfa.jpg","width":458,"height":575},{"@type":"BreadcrumbList","@id":"https:\/\/www.lifenatura.com\/es\/produto\/alfalfa-10-grain-250-comprimidos-now\/#breadcrumb","itemListElement":[{"@type":"ListItem","position":1,"name":"In\u00edcio","item":"https:\/\/www.lifenatura.com\/es\/"},{"@type":"ListItem","position":2,"name":"Todos los Productos","item":"https:\/\/www.lifenatura.com\/es\/tienda\/"},{"@type":"ListItem","position":3,"name":"Alfalfa 650mg 250 comprimidos &#8211; Now"}]},{"@type":"WebSite","@id":"https:\/\/www.lifenatura.com\/es\/#website","url":"https:\/\/www.lifenatura.com\/es\/","name":"Lifenatura","description":"A Lifenatura \u00e9 uma loja de produtos naturais, cosm\u00e9tica natural e alimenta\u00e7\u00e3o Biol\u00f3gica.","publisher":{"@id":"https:\/\/www.lifenatura.com\/es\/#organization"},"potentialAction":[{"@type":"SearchAction","target":{"@type":"EntryPoint","urlTemplate":"https:\/\/www.lifenatura.com\/es\/?s={search_term_string}"},"query-input":{"@type":"PropertyValueSpecification","valueRequired":true,"valueName":"search_term_string"}}],"inLanguage":"es"},{"@type":"Organization","@id":"https:\/\/www.lifenatura.com\/es\/#organization","name":"Lifenatura","url":"https:\/\/www.lifenatura.com\/es\/","logo":{"@type":"ImageObject","inLanguage":"es","@id":"https:\/\/www.lifenatura.com\/es\/#\/schema\/logo\/image\/","url":"https:\/\/www.lifenatura.com\/wp-content\/uploads\/2021\/07\/logo.png","contentUrl":"https:\/\/www.lifenatura.com\/wp-content\/uploads\/2021\/07\/logo.png","width":175,"height":55,"caption":"Lifenatura"},"image":{"@id":"https:\/\/www.lifenatura.com\/es\/#\/schema\/logo\/image\/"},"sameAs":["https:\/\/www.facebook.com\/lifenatura","https:\/\/www.instagram.com\/lifenaturapt\/"],"hasMerchantReturnPolicy":{"@type":"MerchantReturnPolicy","merchantReturnLink":"https:\/\/www.lifenatura.com\/termos-condicoes-lifenatura\/"}}]},"product_price_amount":"18.59","product_price_currency":"EUR","og_availability":"instock","product_availability":"instock","product_retailer_item_id":"733739026200","product_condition":"new"},"df_price":18.59,"df_sale_price":18.59,"df_regular_price":23.24,"df_image_link":"https:\/\/www.lifenatura.com\/wp-content\/uploads\/2026\/04\/alfalfa-239x300.jpg","_links":{"self":[{"href":"https:\/\/www.lifenatura.com\/es\/wp-json\/wp\/v2\/product\/40139","targetHints":{"allow":["GET"]}}],"collection":[{"href":"https:\/\/www.lifenatura.com\/es\/wp-json\/wp\/v2\/product"}],"about":[{"href":"https:\/\/www.lifenatura.com\/es\/wp-json\/wp\/v2\/types\/product"}],"wp:featuredmedia":[{"embeddable":true,"href":"https:\/\/www.lifenatura.com\/es\/wp-json\/wp\/v2\/media\/138215"}],"wp:attachment":[{"href":"https:\/\/www.lifenatura.com\/es\/wp-json\/wp\/v2\/media?parent=40139"}],"wp:term":[{"taxonomy":"product_brand","embeddable":true,"href":"https:\/\/www.lifenatura.com\/es\/wp-json\/wp\/v2\/product_brand?post=40139"},{"taxonomy":"product_cat","embeddable":true,"href":"https:\/\/www.lifenatura.com\/es\/wp-json\/wp\/v2\/product_cat?post=40139"},{"taxonomy":"product_tag","embeddable":true,"href":"https:\/\/www.lifenatura.com\/es\/wp-json\/wp\/v2\/product_tag?post=40139"}],"curies":[{"name":"wp","href":"https:\/\/api.w.org\/{rel}","templated":true}]}}