{"id":40119,"date":"2021-09-30T10:35:12","date_gmt":"2021-09-30T10:35:12","guid":{"rendered":"https:\/\/lifenatura.dev.agenciagetdigital.com\/produto\/testo-jack-100-60-capsulas-now\/"},"modified":"2026-03-30T00:10:55","modified_gmt":"2026-03-30T00:10:55","slug":"testo-jack-100-60-capsulas-now","status":"publish","type":"product","link":"https:\/\/www.lifenatura.com\/es\/produto\/testo-jack-100-60-capsulas-now\/","title":{"rendered":"Testo Jack 100 60 c\u00e1psulas &#8211; Now"},"content":{"rendered":"<p>Estimulante sexual masculino TestoJack 100 presenta LJ100\u00ae, un potente extracto estandarizado de Tongkat Ali (Eurycoma longifolia), que se ha concentrado para lograr una proporci\u00f3n \u00f3ptima de compuestos bioactivos. Los estudios indican que el LJ100\u00ae puede ayudar a apoyar las funciones reproductivas y glandulares masculinas. Este producto incluye Tribulus para promover la vitalidad masculina, as\u00ed como ZMA\u00ae, una f\u00f3rmula \u00fanica de zinc y magnesio para apoyar la funci\u00f3n inmune saludable, reproductiva y neuromuscular. Esta combinaci\u00f3n de ingredientes hace que TestoJack 100 sea la f\u00f3rmula ideal para el apoyo general de la salud glandular masculina y la funci\u00f3n reproductiva. PRESENTACI\u00d3N 60 c\u00e1psulas.<\/p>\n","protected":false},"excerpt":{"rendered":"<p>Estimulante sexual masculino TestoJack 100 presenta LJ100\u00ae, un potente extracto estandarizado de Tongkat Ali (Eurycoma longifolia), que se ha concentrado para lograr una proporci\u00f3n \u00f3ptima de compuestos bioactivos. Los estudios indican que el LJ100\u00ae puede ayudar a apoyar las funciones reproductivas y glandulares masculinas. Este producto incluye Tribulus para promover la vitalidad masculina, as\u00ed como [&#8230;]<\/p>\n<p><a class=\"btn btn-secondary understrap-read-more-link\" href=\"https:\/\/www.lifenatura.com\/es\/produto\/testo-jack-100-60-capsulas-now\/\">Leer m\u00e1s&#8230;<span class=\"screen-reader-text\"> from Testo Jack 100 60 c\u00e1psulas &#8211; Now<\/span><\/a><\/p>\n","protected":false},"featured_media":21421,"template":"","meta":{"_acf_changed":false},"product_brand":[8428],"product_cat":[7659,7740,7179,7245],"product_tag":[],"class_list":{"0":"post-40119","1":"product","2":"type-product","3":"status-publish","4":"has-post-thumbnail","6":"product_brand-now","7":"product_cat-ingrediente-natural-bio","8":"product_cat-magnesio-es","9":"product_cat-salud","10":"product_cat-salud-sexual","12":"first","13":"instock","14":"sale","15":"shipping-taxable","16":"purchasable","17":"product-type-simple","18":"add-to-wishlist-before_image"},"acf":[],"yoast_head":"<!-- This site is optimized with the Yoast SEO Premium plugin v27.1 (Yoast SEO v27.4) - https:\/\/yoast.com\/product\/yoast-seo-premium-wordpress\/ -->\n<title>Testo Jack 100 60 c\u00e1psulas - Now<\/title>\n<meta name=\"description\" content=\"TestoJack 100 es la f\u00f3rmula ideal para el apoyo general de la salud glandular masculina y la funci\u00f3n reproductiva.\" \/>\n<meta name=\"robots\" content=\"index, follow, max-snippet:-1, max-image-preview:large, max-video-preview:-1\" \/>\n<link rel=\"canonical\" href=\"https:\/\/www.lifenatura.com\/es\/produto\/testo-jack-100-60-capsulas-now\/\" \/>\n<meta property=\"og:locale\" content=\"es_ES\" \/>\n<meta property=\"og:type\" content=\"article\" \/>\n<meta property=\"og:title\" content=\"Testo Jack 100 60 c\u00e1psulas - Now - Lifenatura\" \/>\n<meta property=\"og:description\" content=\"Compre aqui o seu Testo Jack 100 60 c\u00e1psulas - Now e a Lifenatura Online envia em 48 H com Portes Gratis &gt;35\u20ac de Pedido.\" \/>\n<meta property=\"og:url\" content=\"https:\/\/www.lifenatura.com\/es\/produto\/testo-jack-100-60-capsulas-now\/\" \/>\n<meta property=\"og:site_name\" content=\"Lifenatura\" \/>\n<meta property=\"article:publisher\" content=\"https:\/\/www.facebook.com\/lifenatura\" \/>\n<meta property=\"article:modified_time\" content=\"2026-03-30T00:10:55+00:00\" \/>\n<meta property=\"og:image\" content=\"https:\/\/www.lifenatura.com\/wp-content\/uploads\/2021\/09\/gd_testo-jack-60-capsulas-now.jpg\" \/>\n\t<meta property=\"og:image:width\" content=\"1000\" \/>\n\t<meta property=\"og:image:height\" content=\"1000\" \/>\n\t<meta property=\"og:image:type\" content=\"image\/jpeg\" \/>\n<meta name=\"twitter:card\" content=\"summary_large_image\" \/>\n<meta name=\"twitter:label1\" content=\"Precio\" \/>\n\t<meta name=\"twitter:data1\" content=\"32,14&nbsp;&euro;\" \/>\n\t<meta name=\"twitter:label2\" content=\"Disponibilidad\" \/>\n\t<meta name=\"twitter:data2\" content=\"Disponible\" \/>\n<meta property=\"product:price:amount\" content=\"32.14\" \/>\n<meta property=\"product:price:currency\" content=\"EUR\" \/>\n<meta property=\"og:availability\" content=\"instock\" \/>\n<meta property=\"product:availability\" content=\"instock\" \/>\n<meta property=\"product:retailer_item_id\" content=\"733739021687\" \/>\n<meta property=\"product:condition\" content=\"new\" \/>\n<!-- \/ Yoast SEO Premium plugin. -->","yoast_head_json":{"title":"Testo Jack 100 60 c\u00e1psulas - Now","description":"TestoJack 100 es la f\u00f3rmula ideal para el apoyo general de la salud glandular masculina y la funci\u00f3n reproductiva.","robots":{"index":"index","follow":"follow","max-snippet":"max-snippet:-1","max-image-preview":"max-image-preview:large","max-video-preview":"max-video-preview:-1"},"canonical":"https:\/\/www.lifenatura.com\/es\/produto\/testo-jack-100-60-capsulas-now\/","og_locale":"es_ES","og_type":"article","og_title":"Testo Jack 100 60 c\u00e1psulas - Now - Lifenatura","og_description":"Compre aqui o seu Testo Jack 100 60 c\u00e1psulas - Now e a Lifenatura Online envia em 48 H com Portes Gratis >35\u20ac de Pedido.","og_url":"https:\/\/www.lifenatura.com\/es\/produto\/testo-jack-100-60-capsulas-now\/","og_site_name":"Lifenatura","article_publisher":"https:\/\/www.facebook.com\/lifenatura","article_modified_time":"2026-03-30T00:10:55+00:00","og_image":[{"width":1000,"height":1000,"url":"https:\/\/www.lifenatura.com\/wp-content\/uploads\/2021\/09\/gd_testo-jack-60-capsulas-now.jpg","type":"image\/jpeg"}],"twitter_card":"summary_large_image","twitter_misc":{"Precio":"32,14&nbsp;&euro;","Disponibilidad":"Disponible"},"schema":{"@context":"https:\/\/schema.org","@graph":[{"@type":"WebPage","@id":"https:\/\/www.lifenatura.com\/es\/produto\/testo-jack-100-60-capsulas-now\/","url":"https:\/\/www.lifenatura.com\/es\/produto\/testo-jack-100-60-capsulas-now\/","name":"Testo Jack 100 60 c\u00e1psulas - Now","isPartOf":{"@id":"https:\/\/www.lifenatura.com\/es\/#website"},"primaryImageOfPage":{"@id":"https:\/\/www.lifenatura.com\/es\/produto\/testo-jack-100-60-capsulas-now\/#primaryimage"},"image":{"@id":"https:\/\/www.lifenatura.com\/es\/produto\/testo-jack-100-60-capsulas-now\/#primaryimage"},"thumbnailUrl":"https:\/\/www.lifenatura.com\/wp-content\/uploads\/2021\/09\/gd_testo-jack-60-capsulas-now.jpg","datePublished":"2021-09-30T10:35:12+00:00","dateModified":"2026-03-30T00:10:55+00:00","description":"TestoJack 100 es la f\u00f3rmula ideal para el apoyo general de la salud glandular masculina y la funci\u00f3n reproductiva.","breadcrumb":{"@id":"https:\/\/www.lifenatura.com\/es\/produto\/testo-jack-100-60-capsulas-now\/#breadcrumb"},"inLanguage":"es","potentialAction":[{"@type":"ReadAction","target":["https:\/\/www.lifenatura.com\/es\/produto\/testo-jack-100-60-capsulas-now\/"]}]},{"@type":"ImageObject","inLanguage":"es","@id":"https:\/\/www.lifenatura.com\/es\/produto\/testo-jack-100-60-capsulas-now\/#primaryimage","url":"https:\/\/www.lifenatura.com\/wp-content\/uploads\/2021\/09\/gd_testo-jack-60-capsulas-now.jpg","contentUrl":"https:\/\/www.lifenatura.com\/wp-content\/uploads\/2021\/09\/gd_testo-jack-60-capsulas-now.jpg","width":1000,"height":1000,"caption":"Testo Jack 100 60 c\u00e1psulas - Now"},{"@type":"BreadcrumbList","@id":"https:\/\/www.lifenatura.com\/es\/produto\/testo-jack-100-60-capsulas-now\/#breadcrumb","itemListElement":[{"@type":"ListItem","position":1,"name":"In\u00edcio","item":"https:\/\/www.lifenatura.com\/es\/"},{"@type":"ListItem","position":2,"name":"Todos los Productos","item":"https:\/\/www.lifenatura.com\/es\/tienda\/"},{"@type":"ListItem","position":3,"name":"Testo Jack 100 60 c\u00e1psulas &#8211; Now"}]},{"@type":"WebSite","@id":"https:\/\/www.lifenatura.com\/es\/#website","url":"https:\/\/www.lifenatura.com\/es\/","name":"Lifenatura","description":"A Lifenatura \u00e9 uma loja de produtos naturais, cosm\u00e9tica natural e alimenta\u00e7\u00e3o Biol\u00f3gica.","publisher":{"@id":"https:\/\/www.lifenatura.com\/es\/#organization"},"potentialAction":[{"@type":"SearchAction","target":{"@type":"EntryPoint","urlTemplate":"https:\/\/www.lifenatura.com\/es\/?s={search_term_string}"},"query-input":{"@type":"PropertyValueSpecification","valueRequired":true,"valueName":"search_term_string"}}],"inLanguage":"es"},{"@type":"Organization","@id":"https:\/\/www.lifenatura.com\/es\/#organization","name":"Lifenatura","url":"https:\/\/www.lifenatura.com\/es\/","logo":{"@type":"ImageObject","inLanguage":"es","@id":"https:\/\/www.lifenatura.com\/es\/#\/schema\/logo\/image\/","url":"https:\/\/www.lifenatura.com\/wp-content\/uploads\/2021\/11\/logo.png","contentUrl":"https:\/\/www.lifenatura.com\/wp-content\/uploads\/2021\/11\/logo.png","width":175,"height":55,"caption":"Lifenatura"},"image":{"@id":"https:\/\/www.lifenatura.com\/es\/#\/schema\/logo\/image\/"},"sameAs":["https:\/\/www.facebook.com\/lifenatura","https:\/\/www.instagram.com\/lifenaturapt\/"]}]},"product_price_amount":"32.14","product_price_currency":"EUR","og_availability":"instock","product_availability":"instock","product_retailer_item_id":"733739021687","product_condition":"new"},"df_price":32.14,"df_sale_price":32.14,"df_regular_price":40.17,"df_image_link":"https:\/\/www.lifenatura.com\/wp-content\/uploads\/2021\/09\/gd_testo-jack-60-capsulas-now-300x300.jpg","_links":{"self":[{"href":"https:\/\/www.lifenatura.com\/es\/wp-json\/wp\/v2\/product\/40119","targetHints":{"allow":["GET"]}}],"collection":[{"href":"https:\/\/www.lifenatura.com\/es\/wp-json\/wp\/v2\/product"}],"about":[{"href":"https:\/\/www.lifenatura.com\/es\/wp-json\/wp\/v2\/types\/product"}],"wp:featuredmedia":[{"embeddable":true,"href":"https:\/\/www.lifenatura.com\/es\/wp-json\/wp\/v2\/media\/21421"}],"wp:attachment":[{"href":"https:\/\/www.lifenatura.com\/es\/wp-json\/wp\/v2\/media?parent=40119"}],"wp:term":[{"taxonomy":"product_brand","embeddable":true,"href":"https:\/\/www.lifenatura.com\/es\/wp-json\/wp\/v2\/product_brand?post=40119"},{"taxonomy":"product_cat","embeddable":true,"href":"https:\/\/www.lifenatura.com\/es\/wp-json\/wp\/v2\/product_cat?post=40119"},{"taxonomy":"product_tag","embeddable":true,"href":"https:\/\/www.lifenatura.com\/es\/wp-json\/wp\/v2\/product_tag?post=40119"}],"curies":[{"name":"wp","href":"https:\/\/api.w.org\/{rel}","templated":true}]}}