{"id":40107,"date":"2021-09-30T10:35:12","date_gmt":"2021-09-30T10:35:12","guid":{"rendered":"https:\/\/lifenatura.dev.agenciagetdigital.com\/produto\/quercitina-com-bromelaina-120-capsulas-vegetais-now\/"},"modified":"2026-05-03T00:08:33","modified_gmt":"2026-05-03T00:08:33","slug":"quercitina-com-bromelaina-120-capsulas-vegetais-now","status":"publish","type":"product","link":"https:\/\/www.lifenatura.com\/es\/produto\/quercitina-com-bromelaina-120-capsulas-vegetais-now\/","title":{"rendered":"Quercitina com Bromelaina 120 c\u00e1psulas vegetais &#8211; Now"},"content":{"rendered":"<p>Adecuado para el sistema inmune La quercetina con bromelina es un suplemento diet\u00e9tico dise\u00f1ado espec\u00edficamente para apoyar la funci\u00f3n saludable del sistema inmunitario. La quercetina es un flavonoide natural que se encuentra en alimentos vegetales como la cebolla, la manzana, el vino tinto y otros alimentos. Tiene un efecto antioxidante, antiinflamatorio y antial\u00e9rgico. La quercetina ayuda a mantener niveles saludables de histamina, lo que ayuda a mantener una respuesta inmune equilibrada. Se ha utilizado durante muchos a\u00f1os para ayudar a combatir las alergias alimentarias y respiratorias (como asma, rinitis al\u00e9rgica, alergias al polen y al polvo, eccema y herpes) y tambi\u00e9n para combatir otros problemas como las venas varicosas, problemas circulatorios, artritis, artritis. , infecciones virales y respiratorias. PRESENTACI\u00d3N 120 c\u00e1psulas.<\/p>\n","protected":false},"excerpt":{"rendered":"<p>Adecuado para el sistema inmune La quercetina con bromelina es un suplemento diet\u00e9tico dise\u00f1ado espec\u00edficamente para apoyar la funci\u00f3n saludable del sistema inmunitario. La quercetina es un flavonoide natural que se encuentra en alimentos vegetales como la cebolla, la manzana, el vino tinto y otros alimentos. Tiene un efecto antioxidante, antiinflamatorio y antial\u00e9rgico. La quercetina [&#8230;]<\/p>\n<p><a class=\"btn btn-secondary understrap-read-more-link\" href=\"https:\/\/www.lifenatura.com\/es\/produto\/quercitina-com-bromelaina-120-capsulas-vegetais-now\/\">Leer m\u00e1s&#8230;<span class=\"screen-reader-text\"> from Quercitina com Bromelaina 120 c\u00e1psulas vegetais &#8211; Now<\/span><\/a><\/p>\n","protected":false},"featured_media":138036,"template":"","meta":{"_acf_changed":false},"product_brand":[8428],"product_cat":[7211,7179],"product_tag":[],"class_list":{"0":"post-40107","1":"product","2":"type-product","3":"status-publish","4":"has-post-thumbnail","6":"product_brand-now","7":"product_cat-reforza-la-inmunidad-salud","8":"product_cat-salud","10":"first","11":"instock","12":"sale","13":"featured","14":"shipping-taxable","15":"purchasable","16":"product-type-simple","17":"add-to-wishlist-before_image"},"acf":[],"yoast_head":"<!-- This site is optimized with the Yoast SEO Premium plugin v27.1 (Yoast SEO v27.5) - https:\/\/yoast.com\/product\/yoast-seo-premium-wordpress\/ -->\n<title>Quercitina com Bromelaina 120 c\u00e1psulas vegetais - Now - Na Lifenatura ao Melhor Pre\u00e7o | Envio em 48h<\/title>\n<meta name=\"description\" content=\"La quercetina con bromelina es un suplemento diet\u00e9tico dise\u00f1ado espec\u00edficamente para apoyar la funci\u00f3n saludable del sistema inmunitario.\" \/>\n<meta name=\"robots\" content=\"index, follow, max-snippet:-1, max-image-preview:large, max-video-preview:-1\" \/>\n<link rel=\"canonical\" href=\"https:\/\/www.lifenatura.com\/es\/produto\/quercitina-com-bromelaina-120-capsulas-vegetais-now\/\" \/>\n<meta property=\"og:locale\" content=\"es_ES\" \/>\n<meta property=\"og:type\" content=\"article\" \/>\n<meta property=\"og:title\" content=\"Quercitina com Bromelaina 120 c\u00e1psulas vegetais - Now - Na Lifenatura ao Melhor Pre\u00e7o | Envio 48h\" \/>\n<meta property=\"og:description\" content=\"Compre Quercitina com Bromelaina 120 c\u00e1psulas vegetais - Now com envio r\u00e1pido. Entrega em 48h e portes gr\u00e1tis em compras &gt;35\u20ac. Aproveite j\u00e1 na Lifenatura\" \/>\n<meta property=\"og:url\" content=\"https:\/\/www.lifenatura.com\/es\/produto\/quercitina-com-bromelaina-120-capsulas-vegetais-now\/\" \/>\n<meta property=\"og:site_name\" content=\"Lifenatura\" \/>\n<meta property=\"article:publisher\" content=\"https:\/\/www.facebook.com\/lifenatura\" \/>\n<meta property=\"article:modified_time\" content=\"2026-05-03T00:08:33+00:00\" \/>\n<meta property=\"og:image\" content=\"https:\/\/www.lifenatura.com\/wp-content\/uploads\/2021\/09\/gd_quercitina-bromealina-120-capsulas-now.jpg\" \/>\n\t<meta property=\"og:image:width\" content=\"1000\" \/>\n\t<meta property=\"og:image:height\" content=\"1000\" \/>\n\t<meta property=\"og:image:type\" content=\"image\/jpeg\" \/>\n<meta name=\"twitter:card\" content=\"summary_large_image\" \/>\n<meta name=\"twitter:label1\" content=\"Precio\" \/>\n\t<meta name=\"twitter:data1\" content=\"46,92&nbsp;&euro;\" \/>\n\t<meta name=\"twitter:label2\" content=\"Disponibilidad\" \/>\n\t<meta name=\"twitter:data2\" content=\"Disponible\" \/>\n<script type=\"application\/ld+json\" class=\"yoast-schema-graph\">{\"@context\":\"https:\\\/\\\/schema.org\",\"@graph\":[{\"@type\":\"WebPage\",\"@id\":\"https:\\\/\\\/www.lifenatura.com\\\/es\\\/produto\\\/quercitina-com-bromelaina-120-capsulas-vegetais-now\\\/\",\"url\":\"https:\\\/\\\/www.lifenatura.com\\\/es\\\/produto\\\/quercitina-com-bromelaina-120-capsulas-vegetais-now\\\/\",\"name\":\"Quercitina com Bromelaina 120 c\u00e1psulas vegetais - Now - Na Lifenatura ao Melhor Pre\u00e7o | Envio em 48h\",\"isPartOf\":{\"@id\":\"https:\\\/\\\/www.lifenatura.com\\\/es\\\/#website\"},\"primaryImageOfPage\":{\"@id\":\"https:\\\/\\\/www.lifenatura.com\\\/es\\\/produto\\\/quercitina-com-bromelaina-120-capsulas-vegetais-now\\\/#primaryimage\"},\"image\":{\"@id\":\"https:\\\/\\\/www.lifenatura.com\\\/es\\\/produto\\\/quercitina-com-bromelaina-120-capsulas-vegetais-now\\\/#primaryimage\"},\"thumbnailUrl\":\"https:\\\/\\\/www.lifenatura.com\\\/wp-content\\\/uploads\\\/2026\\\/04\\\/production_2Flistings_2Fb77bc127-9f20-478a-9f3d-9592ee552029_2Fproduction_listings_NOWQUERCETI120CAP_now-foods-quercetine-met-bromelaine-120-capsules-packshot-voorkant_x1080_crop_center.png.png\",\"datePublished\":\"2021-09-30T10:35:12+00:00\",\"dateModified\":\"2026-05-03T00:08:33+00:00\",\"description\":\"La quercetina con bromelina es un suplemento diet\u00e9tico dise\u00f1ado espec\u00edficamente para apoyar la funci\u00f3n saludable del sistema inmunitario.\",\"breadcrumb\":{\"@id\":\"https:\\\/\\\/www.lifenatura.com\\\/es\\\/produto\\\/quercitina-com-bromelaina-120-capsulas-vegetais-now\\\/#breadcrumb\"},\"inLanguage\":\"es\",\"potentialAction\":[{\"@type\":\"ReadAction\",\"target\":[\"https:\\\/\\\/www.lifenatura.com\\\/es\\\/produto\\\/quercitina-com-bromelaina-120-capsulas-vegetais-now\\\/\"]}]},{\"@type\":\"ImageObject\",\"inLanguage\":\"es\",\"@id\":\"https:\\\/\\\/www.lifenatura.com\\\/es\\\/produto\\\/quercitina-com-bromelaina-120-capsulas-vegetais-now\\\/#primaryimage\",\"url\":\"https:\\\/\\\/www.lifenatura.com\\\/wp-content\\\/uploads\\\/2026\\\/04\\\/production_2Flistings_2Fb77bc127-9f20-478a-9f3d-9592ee552029_2Fproduction_listings_NOWQUERCETI120CAP_now-foods-quercetine-met-bromelaine-120-capsules-packshot-voorkant_x1080_crop_center.png.png\",\"contentUrl\":\"https:\\\/\\\/www.lifenatura.com\\\/wp-content\\\/uploads\\\/2026\\\/04\\\/production_2Flistings_2Fb77bc127-9f20-478a-9f3d-9592ee552029_2Fproduction_listings_NOWQUERCETI120CAP_now-foods-quercetine-met-bromelaine-120-capsules-packshot-voorkant_x1080_crop_center.png.png\",\"width\":1024,\"height\":1024},{\"@type\":\"BreadcrumbList\",\"@id\":\"https:\\\/\\\/www.lifenatura.com\\\/es\\\/produto\\\/quercitina-com-bromelaina-120-capsulas-vegetais-now\\\/#breadcrumb\",\"itemListElement\":[{\"@type\":\"ListItem\",\"position\":1,\"name\":\"In\u00edcio\",\"item\":\"https:\\\/\\\/www.lifenatura.com\\\/es\\\/\"},{\"@type\":\"ListItem\",\"position\":2,\"name\":\"Todos los Productos\",\"item\":\"https:\\\/\\\/www.lifenatura.com\\\/es\\\/tienda\\\/\"},{\"@type\":\"ListItem\",\"position\":3,\"name\":\"Quercitina com Bromelaina 120 c\u00e1psulas vegetais &#8211; Now\"}]},{\"@type\":\"WebSite\",\"@id\":\"https:\\\/\\\/www.lifenatura.com\\\/es\\\/#website\",\"url\":\"https:\\\/\\\/www.lifenatura.com\\\/es\\\/\",\"name\":\"Lifenatura\",\"description\":\"A Lifenatura \u00e9 uma loja de produtos naturais, cosm\u00e9tica natural e alimenta\u00e7\u00e3o Biol\u00f3gica.\",\"publisher\":{\"@id\":\"https:\\\/\\\/www.lifenatura.com\\\/es\\\/#organization\"},\"potentialAction\":[{\"@type\":\"SearchAction\",\"target\":{\"@type\":\"EntryPoint\",\"urlTemplate\":\"https:\\\/\\\/www.lifenatura.com\\\/es\\\/?s={search_term_string}\"},\"query-input\":{\"@type\":\"PropertyValueSpecification\",\"valueRequired\":true,\"valueName\":\"search_term_string\"}}],\"inLanguage\":\"es\"},{\"@type\":\"Organization\",\"@id\":\"https:\\\/\\\/www.lifenatura.com\\\/es\\\/#organization\",\"name\":\"Lifenatura\",\"url\":\"https:\\\/\\\/www.lifenatura.com\\\/es\\\/\",\"logo\":{\"@type\":\"ImageObject\",\"inLanguage\":\"es\",\"@id\":\"https:\\\/\\\/www.lifenatura.com\\\/es\\\/#\\\/schema\\\/logo\\\/image\\\/\",\"url\":\"https:\\\/\\\/www.lifenatura.com\\\/wp-content\\\/uploads\\\/2021\\\/07\\\/logo.png\",\"contentUrl\":\"https:\\\/\\\/www.lifenatura.com\\\/wp-content\\\/uploads\\\/2021\\\/07\\\/logo.png\",\"width\":175,\"height\":55,\"caption\":\"Lifenatura\"},\"image\":{\"@id\":\"https:\\\/\\\/www.lifenatura.com\\\/es\\\/#\\\/schema\\\/logo\\\/image\\\/\"},\"sameAs\":[\"https:\\\/\\\/www.facebook.com\\\/lifenatura\",\"https:\\\/\\\/www.instagram.com\\\/lifenaturapt\\\/\"],\"hasMerchantReturnPolicy\":{\"@type\":\"MerchantReturnPolicy\",\"merchantReturnLink\":\"https:\\\/\\\/www.lifenatura.com\\\/termos-condicoes-lifenatura\\\/\"}}]}<\/script>\n<meta property=\"product:price:amount\" content=\"46.92\" \/>\n<meta property=\"product:price:currency\" content=\"EUR\" \/>\n<meta property=\"og:availability\" content=\"instock\" \/>\n<meta property=\"product:availability\" content=\"instock\" \/>\n<meta property=\"product:retailer_item_id\" content=\"733739030702\" \/>\n<meta property=\"product:condition\" content=\"new\" \/>\n<!-- \/ Yoast SEO Premium plugin. -->","yoast_head_json":{"title":"Quercitina com Bromelaina 120 c\u00e1psulas vegetais - Now - Na Lifenatura ao Melhor Pre\u00e7o | Envio em 48h","description":"La quercetina con bromelina es un suplemento diet\u00e9tico dise\u00f1ado espec\u00edficamente para apoyar la funci\u00f3n saludable del sistema inmunitario.","robots":{"index":"index","follow":"follow","max-snippet":"max-snippet:-1","max-image-preview":"max-image-preview:large","max-video-preview":"max-video-preview:-1"},"canonical":"https:\/\/www.lifenatura.com\/es\/produto\/quercitina-com-bromelaina-120-capsulas-vegetais-now\/","og_locale":"es_ES","og_type":"article","og_title":"Quercitina com Bromelaina 120 c\u00e1psulas vegetais - Now - Na Lifenatura ao Melhor Pre\u00e7o | Envio 48h","og_description":"Compre Quercitina com Bromelaina 120 c\u00e1psulas vegetais - Now com envio r\u00e1pido. Entrega em 48h e portes gr\u00e1tis em compras >35\u20ac. Aproveite j\u00e1 na Lifenatura","og_url":"https:\/\/www.lifenatura.com\/es\/produto\/quercitina-com-bromelaina-120-capsulas-vegetais-now\/","og_site_name":"Lifenatura","article_publisher":"https:\/\/www.facebook.com\/lifenatura","article_modified_time":"2026-05-03T00:08:33+00:00","og_image":[{"width":1000,"height":1000,"url":"https:\/\/www.lifenatura.com\/wp-content\/uploads\/2021\/09\/gd_quercitina-bromealina-120-capsulas-now.jpg","type":"image\/jpeg"}],"twitter_card":"summary_large_image","twitter_misc":{"Precio":"46,92&nbsp;&euro;","Disponibilidad":"Disponible"},"schema":{"@context":"https:\/\/schema.org","@graph":[{"@type":"WebPage","@id":"https:\/\/www.lifenatura.com\/es\/produto\/quercitina-com-bromelaina-120-capsulas-vegetais-now\/","url":"https:\/\/www.lifenatura.com\/es\/produto\/quercitina-com-bromelaina-120-capsulas-vegetais-now\/","name":"Quercitina com Bromelaina 120 c\u00e1psulas vegetais - Now - Na Lifenatura ao Melhor Pre\u00e7o | Envio em 48h","isPartOf":{"@id":"https:\/\/www.lifenatura.com\/es\/#website"},"primaryImageOfPage":{"@id":"https:\/\/www.lifenatura.com\/es\/produto\/quercitina-com-bromelaina-120-capsulas-vegetais-now\/#primaryimage"},"image":{"@id":"https:\/\/www.lifenatura.com\/es\/produto\/quercitina-com-bromelaina-120-capsulas-vegetais-now\/#primaryimage"},"thumbnailUrl":"https:\/\/www.lifenatura.com\/wp-content\/uploads\/2026\/04\/production_2Flistings_2Fb77bc127-9f20-478a-9f3d-9592ee552029_2Fproduction_listings_NOWQUERCETI120CAP_now-foods-quercetine-met-bromelaine-120-capsules-packshot-voorkant_x1080_crop_center.png.png","datePublished":"2021-09-30T10:35:12+00:00","dateModified":"2026-05-03T00:08:33+00:00","description":"La quercetina con bromelina es un suplemento diet\u00e9tico dise\u00f1ado espec\u00edficamente para apoyar la funci\u00f3n saludable del sistema inmunitario.","breadcrumb":{"@id":"https:\/\/www.lifenatura.com\/es\/produto\/quercitina-com-bromelaina-120-capsulas-vegetais-now\/#breadcrumb"},"inLanguage":"es","potentialAction":[{"@type":"ReadAction","target":["https:\/\/www.lifenatura.com\/es\/produto\/quercitina-com-bromelaina-120-capsulas-vegetais-now\/"]}]},{"@type":"ImageObject","inLanguage":"es","@id":"https:\/\/www.lifenatura.com\/es\/produto\/quercitina-com-bromelaina-120-capsulas-vegetais-now\/#primaryimage","url":"https:\/\/www.lifenatura.com\/wp-content\/uploads\/2026\/04\/production_2Flistings_2Fb77bc127-9f20-478a-9f3d-9592ee552029_2Fproduction_listings_NOWQUERCETI120CAP_now-foods-quercetine-met-bromelaine-120-capsules-packshot-voorkant_x1080_crop_center.png.png","contentUrl":"https:\/\/www.lifenatura.com\/wp-content\/uploads\/2026\/04\/production_2Flistings_2Fb77bc127-9f20-478a-9f3d-9592ee552029_2Fproduction_listings_NOWQUERCETI120CAP_now-foods-quercetine-met-bromelaine-120-capsules-packshot-voorkant_x1080_crop_center.png.png","width":1024,"height":1024},{"@type":"BreadcrumbList","@id":"https:\/\/www.lifenatura.com\/es\/produto\/quercitina-com-bromelaina-120-capsulas-vegetais-now\/#breadcrumb","itemListElement":[{"@type":"ListItem","position":1,"name":"In\u00edcio","item":"https:\/\/www.lifenatura.com\/es\/"},{"@type":"ListItem","position":2,"name":"Todos los Productos","item":"https:\/\/www.lifenatura.com\/es\/tienda\/"},{"@type":"ListItem","position":3,"name":"Quercitina com Bromelaina 120 c\u00e1psulas vegetais &#8211; Now"}]},{"@type":"WebSite","@id":"https:\/\/www.lifenatura.com\/es\/#website","url":"https:\/\/www.lifenatura.com\/es\/","name":"Lifenatura","description":"A Lifenatura \u00e9 uma loja de produtos naturais, cosm\u00e9tica natural e alimenta\u00e7\u00e3o Biol\u00f3gica.","publisher":{"@id":"https:\/\/www.lifenatura.com\/es\/#organization"},"potentialAction":[{"@type":"SearchAction","target":{"@type":"EntryPoint","urlTemplate":"https:\/\/www.lifenatura.com\/es\/?s={search_term_string}"},"query-input":{"@type":"PropertyValueSpecification","valueRequired":true,"valueName":"search_term_string"}}],"inLanguage":"es"},{"@type":"Organization","@id":"https:\/\/www.lifenatura.com\/es\/#organization","name":"Lifenatura","url":"https:\/\/www.lifenatura.com\/es\/","logo":{"@type":"ImageObject","inLanguage":"es","@id":"https:\/\/www.lifenatura.com\/es\/#\/schema\/logo\/image\/","url":"https:\/\/www.lifenatura.com\/wp-content\/uploads\/2021\/07\/logo.png","contentUrl":"https:\/\/www.lifenatura.com\/wp-content\/uploads\/2021\/07\/logo.png","width":175,"height":55,"caption":"Lifenatura"},"image":{"@id":"https:\/\/www.lifenatura.com\/es\/#\/schema\/logo\/image\/"},"sameAs":["https:\/\/www.facebook.com\/lifenatura","https:\/\/www.instagram.com\/lifenaturapt\/"],"hasMerchantReturnPolicy":{"@type":"MerchantReturnPolicy","merchantReturnLink":"https:\/\/www.lifenatura.com\/termos-condicoes-lifenatura\/"}}]},"product_price_amount":"46.92","product_price_currency":"EUR","og_availability":"instock","product_availability":"instock","product_retailer_item_id":"733739030702","product_condition":"new"},"df_price":46.92,"df_sale_price":46.92,"df_regular_price":58.65,"df_image_link":"https:\/\/www.lifenatura.com\/wp-content\/uploads\/2026\/04\/production_2Flistings_2Fb77bc127-9f20-478a-9f3d-9592ee552029_2Fproduction_listings_NOWQUERCETI120CAP_now-foods-quercetine-met-bromelaine-120-capsules-packshot-voorkant_x1080_crop_center.png-300x300.png","_links":{"self":[{"href":"https:\/\/www.lifenatura.com\/es\/wp-json\/wp\/v2\/product\/40107","targetHints":{"allow":["GET"]}}],"collection":[{"href":"https:\/\/www.lifenatura.com\/es\/wp-json\/wp\/v2\/product"}],"about":[{"href":"https:\/\/www.lifenatura.com\/es\/wp-json\/wp\/v2\/types\/product"}],"wp:featuredmedia":[{"embeddable":true,"href":"https:\/\/www.lifenatura.com\/es\/wp-json\/wp\/v2\/media\/138036"}],"wp:attachment":[{"href":"https:\/\/www.lifenatura.com\/es\/wp-json\/wp\/v2\/media?parent=40107"}],"wp:term":[{"taxonomy":"product_brand","embeddable":true,"href":"https:\/\/www.lifenatura.com\/es\/wp-json\/wp\/v2\/product_brand?post=40107"},{"taxonomy":"product_cat","embeddable":true,"href":"https:\/\/www.lifenatura.com\/es\/wp-json\/wp\/v2\/product_cat?post=40107"},{"taxonomy":"product_tag","embeddable":true,"href":"https:\/\/www.lifenatura.com\/es\/wp-json\/wp\/v2\/product_tag?post=40107"}],"curies":[{"name":"wp","href":"https:\/\/api.w.org\/{rel}","templated":true}]}}