{"id":40073,"date":"2021-09-30T10:34:30","date_gmt":"2021-09-30T10:34:30","guid":{"rendered":"https:\/\/lifenatura.dev.agenciagetdigital.com\/produto\/l-optizinc-copper-30-mg-100-capsulas-vegetais-now\/"},"modified":"2023-08-04T11:48:06","modified_gmt":"2023-08-04T11:48:06","slug":"l-optizinc-copper-30-mg-100-capsulas-vegetais-now","status":"publish","type":"product","link":"https:\/\/www.lifenatura.com\/es\/produto\/l-optizinc-copper-30-mg-100-capsulas-vegetais-now\/","title":{"rendered":"L-Optizinc + Cobre 30 mg 100 c\u00e1psulas vegetais &#8211; Now"},"content":{"rendered":"<h2 style=\"text-align: left;\"><strong>L-Optizinc est\u00e1 indicado para el sistema inmunitario y la lucha contra el acn\u00e9<\/strong><\/h2>\n<p>&nbsp;<\/p>\n<p>L-OptiZinc es un complejo de Zinc con el amino\u00e1cido Methione, una forma altamente disponible que se retiene durante m\u00e1s tiempo en el organismo. En esta forma, la biodisponibilidad del Zinc no se ve afectada por el tipo de dieta o la ingesta de fibra.<\/p>\n<p>Esta formulaci\u00f3n contiene Cobre, que es esencial para la formaci\u00f3n de c\u00e9lulas sangu\u00edneas, hormonas, enzimas y antioxidantes.<\/p>\n<p>L-OptiZinc\u00ae es una forma \u00fanica de Zinc unido a Metionina, un mineral esencial necesario en varias funciones celulares vitales, como el crecimiento y el desarrollo, la reproducci\u00f3n, la digesti\u00f3n y el funcionamiento normal del Cerebro, la visi\u00f3n y el sistema inmunitario.<\/p>\n<p>Estudios precl\u00ednicos demuestran su mejor absorci\u00f3n y mayor retenci\u00f3n por el organismo, proporcionando un mayor soporte antioxidante en comparaci\u00f3n con otras formas de Zinc probadas.<\/p>\n<p>El Zinc inhibe la actividad de la enzima que transforma la Testosterona en su forma m\u00e1s activa &#8211; la DihidroTestosterona (DHT) &#8211; y que es responsable del crecimiento anormal de los fol\u00edculos pilosos (estructuras de las que surge el pelo) y de la estimulaci\u00f3n de las gl\u00e1ndulas seb\u00e1ceas.<\/p>\n<p><strong>PRESENTACI\u00d3N<\/strong><\/p>\n<p>100 c\u00e1psulas.<\/p>\n<p>&nbsp;<\/p>\n","protected":false},"excerpt":{"rendered":"<p>L-OptiZinc es una forma \u00fanica de Zinc unido al Cobre, un mineral esencial necesario para reforzar la Inmunidad y tambi\u00e9n para combatir el Acn\u00e9. [&#8230;]<\/p>\n<p><a class=\"btn btn-secondary understrap-read-more-link\" href=\"https:\/\/www.lifenatura.com\/es\/produto\/l-optizinc-copper-30-mg-100-capsulas-vegetais-now\/\">Leer m\u00e1s&#8230;<span class=\"screen-reader-text\"> from L-Optizinc + Cobre 30 mg 100 c\u00e1psulas vegetais &#8211; Now<\/span><\/a><\/p>\n","protected":false},"featured_media":21375,"template":"","meta":{"_acf_changed":false},"product_brand":[8428],"product_cat":[7235,7211,7179,7883],"product_tag":[],"class_list":{"0":"post-40073","1":"product","2":"type-product","3":"status-publish","4":"has-post-thumbnail","6":"product_brand-now","7":"product_cat-acne-suplementos","8":"product_cat-reforza-la-inmunidad-salud","9":"product_cat-salud","10":"product_cat-suplementos-alimenticios","12":"first","13":"instock","14":"sale","15":"shipping-taxable","16":"purchasable","17":"product-type-simple","18":"add-to-wishlist-before_image"},"acf":[],"yoast_head":"<!-- This site is optimized with the Yoast SEO Premium plugin v27.1 (Yoast SEO v27.3) - https:\/\/yoast.com\/product\/yoast-seo-premium-wordpress\/ -->\n<title>L-Optizinc + Copper 30 mg Now - Lifenatura<\/title>\n<meta name=\"description\" content=\"L-OptiZinc es una forma \u00fanica de Zinc unido al Cobre, un mineral esencial necesario para reforzar la Inmunidad y tambi\u00e9n para combatir el Acn\u00e9.\" \/>\n<meta name=\"robots\" content=\"index, follow, max-snippet:-1, max-image-preview:large, max-video-preview:-1\" \/>\n<link rel=\"canonical\" href=\"https:\/\/www.lifenatura.com\/es\/produto\/l-optizinc-copper-30-mg-100-capsulas-vegetais-now\/\" \/>\n<meta property=\"og:locale\" content=\"es_ES\" \/>\n<meta property=\"og:type\" content=\"article\" \/>\n<meta property=\"og:title\" content=\"L-Optizinc + Cobre 30 mg 100 c\u00e1psulas vegetais - Now - Lifenatura\" \/>\n<meta property=\"og:description\" content=\"Compre aqui o seu L-Optizinc + Cobre 30 mg 100 c\u00e1psulas vegetais - Now e a Lifenatura Online envia em 48 H com Portes Gratis &gt;35\u20ac de Pedido.\" \/>\n<meta property=\"og:url\" content=\"https:\/\/www.lifenatura.com\/es\/produto\/l-optizinc-copper-30-mg-100-capsulas-vegetais-now\/\" \/>\n<meta property=\"og:site_name\" content=\"Lifenatura\" \/>\n<meta property=\"article:publisher\" content=\"https:\/\/www.facebook.com\/lifenatura\" \/>\n<meta property=\"article:modified_time\" content=\"2023-08-04T11:48:06+00:00\" \/>\n<meta property=\"og:image\" content=\"https:\/\/www.lifenatura.com\/wp-content\/uploads\/2021\/09\/gd_l-optizinc-30mg-100-capsulas-now.jpg\" \/>\n\t<meta property=\"og:image:width\" content=\"1000\" \/>\n\t<meta property=\"og:image:height\" content=\"1000\" \/>\n\t<meta property=\"og:image:type\" content=\"image\/jpeg\" \/>\n<meta name=\"twitter:card\" content=\"summary_large_image\" \/>\n<meta name=\"twitter:label1\" content=\"Precio\" \/>\n\t<meta name=\"twitter:data1\" content=\"15,30&nbsp;&euro;\" \/>\n\t<meta name=\"twitter:label2\" content=\"Disponibilidad\" \/>\n\t<meta name=\"twitter:data2\" content=\"Disponible\" \/>\n<meta property=\"product:price:amount\" content=\"15.30\" \/>\n<meta property=\"product:price:currency\" content=\"EUR\" \/>\n<meta property=\"og:availability\" content=\"instock\" \/>\n<meta property=\"product:availability\" content=\"instock\" \/>\n<meta property=\"product:retailer_item_id\" content=\"733739015105\" \/>\n<meta property=\"product:condition\" content=\"new\" \/>\n<!-- \/ Yoast SEO Premium plugin. -->","yoast_head_json":{"title":"L-Optizinc + Copper 30 mg Now - Lifenatura","description":"L-OptiZinc es una forma \u00fanica de Zinc unido al Cobre, un mineral esencial necesario para reforzar la Inmunidad y tambi\u00e9n para combatir el Acn\u00e9.","robots":{"index":"index","follow":"follow","max-snippet":"max-snippet:-1","max-image-preview":"max-image-preview:large","max-video-preview":"max-video-preview:-1"},"canonical":"https:\/\/www.lifenatura.com\/es\/produto\/l-optizinc-copper-30-mg-100-capsulas-vegetais-now\/","og_locale":"es_ES","og_type":"article","og_title":"L-Optizinc + Cobre 30 mg 100 c\u00e1psulas vegetais - Now - Lifenatura","og_description":"Compre aqui o seu L-Optizinc + Cobre 30 mg 100 c\u00e1psulas vegetais - Now e a Lifenatura Online envia em 48 H com Portes Gratis >35\u20ac de Pedido.","og_url":"https:\/\/www.lifenatura.com\/es\/produto\/l-optizinc-copper-30-mg-100-capsulas-vegetais-now\/","og_site_name":"Lifenatura","article_publisher":"https:\/\/www.facebook.com\/lifenatura","article_modified_time":"2023-08-04T11:48:06+00:00","og_image":[{"width":1000,"height":1000,"url":"https:\/\/www.lifenatura.com\/wp-content\/uploads\/2021\/09\/gd_l-optizinc-30mg-100-capsulas-now.jpg","type":"image\/jpeg"}],"twitter_card":"summary_large_image","twitter_misc":{"Precio":"15,30&nbsp;&euro;","Disponibilidad":"Disponible"},"schema":{"@context":"https:\/\/schema.org","@graph":[{"@type":"WebPage","@id":"https:\/\/www.lifenatura.com\/es\/produto\/l-optizinc-copper-30-mg-100-capsulas-vegetais-now\/","url":"https:\/\/www.lifenatura.com\/es\/produto\/l-optizinc-copper-30-mg-100-capsulas-vegetais-now\/","name":"L-Optizinc + Copper 30 mg Now - Lifenatura","isPartOf":{"@id":"https:\/\/www.lifenatura.com\/es\/#website"},"primaryImageOfPage":{"@id":"https:\/\/www.lifenatura.com\/es\/produto\/l-optizinc-copper-30-mg-100-capsulas-vegetais-now\/#primaryimage"},"image":{"@id":"https:\/\/www.lifenatura.com\/es\/produto\/l-optizinc-copper-30-mg-100-capsulas-vegetais-now\/#primaryimage"},"thumbnailUrl":"https:\/\/www.lifenatura.com\/wp-content\/uploads\/2021\/09\/gd_l-optizinc-30mg-100-capsulas-now.jpg","datePublished":"2021-09-30T10:34:30+00:00","dateModified":"2023-08-04T11:48:06+00:00","description":"L-OptiZinc es una forma \u00fanica de Zinc unido al Cobre, un mineral esencial necesario para reforzar la Inmunidad y tambi\u00e9n para combatir el Acn\u00e9.","breadcrumb":{"@id":"https:\/\/www.lifenatura.com\/es\/produto\/l-optizinc-copper-30-mg-100-capsulas-vegetais-now\/#breadcrumb"},"inLanguage":"es","potentialAction":[{"@type":"ReadAction","target":["https:\/\/www.lifenatura.com\/es\/produto\/l-optizinc-copper-30-mg-100-capsulas-vegetais-now\/"]}]},{"@type":"ImageObject","inLanguage":"es","@id":"https:\/\/www.lifenatura.com\/es\/produto\/l-optizinc-copper-30-mg-100-capsulas-vegetais-now\/#primaryimage","url":"https:\/\/www.lifenatura.com\/wp-content\/uploads\/2021\/09\/gd_l-optizinc-30mg-100-capsulas-now.jpg","contentUrl":"https:\/\/www.lifenatura.com\/wp-content\/uploads\/2021\/09\/gd_l-optizinc-30mg-100-capsulas-now.jpg","width":1000,"height":1000,"caption":"L-Optizinc + Copper 30 mg 100 c\u00e1psulas vegetais - Now"},{"@type":"BreadcrumbList","@id":"https:\/\/www.lifenatura.com\/es\/produto\/l-optizinc-copper-30-mg-100-capsulas-vegetais-now\/#breadcrumb","itemListElement":[{"@type":"ListItem","position":1,"name":"In\u00edcio","item":"https:\/\/www.lifenatura.com\/es\/"},{"@type":"ListItem","position":2,"name":"Todos los Productos","item":"https:\/\/www.lifenatura.com\/es\/tienda\/"},{"@type":"ListItem","position":3,"name":"L-Optizinc + Cobre 30 mg 100 c\u00e1psulas vegetais &#8211; Now"}]},{"@type":"WebSite","@id":"https:\/\/www.lifenatura.com\/es\/#website","url":"https:\/\/www.lifenatura.com\/es\/","name":"Lifenatura","description":"A Lifenatura \u00e9 uma loja de produtos naturais, cosm\u00e9tica natural e alimenta\u00e7\u00e3o Biol\u00f3gica.","publisher":{"@id":"https:\/\/www.lifenatura.com\/es\/#organization"},"potentialAction":[{"@type":"SearchAction","target":{"@type":"EntryPoint","urlTemplate":"https:\/\/www.lifenatura.com\/es\/?s={search_term_string}"},"query-input":{"@type":"PropertyValueSpecification","valueRequired":true,"valueName":"search_term_string"}}],"inLanguage":"es"},{"@type":"Organization","@id":"https:\/\/www.lifenatura.com\/es\/#organization","name":"Lifenatura","url":"https:\/\/www.lifenatura.com\/es\/","logo":{"@type":"ImageObject","inLanguage":"es","@id":"https:\/\/www.lifenatura.com\/es\/#\/schema\/logo\/image\/","url":"https:\/\/www.lifenatura.com\/wp-content\/uploads\/2021\/11\/logo.png","contentUrl":"https:\/\/www.lifenatura.com\/wp-content\/uploads\/2021\/11\/logo.png","width":175,"height":55,"caption":"Lifenatura"},"image":{"@id":"https:\/\/www.lifenatura.com\/es\/#\/schema\/logo\/image\/"},"sameAs":["https:\/\/www.facebook.com\/lifenatura","https:\/\/www.instagram.com\/lifenaturapt\/"]}]},"product_price_amount":"15.30","product_price_currency":"EUR","og_availability":"instock","product_availability":"instock","product_retailer_item_id":"733739015105","product_condition":"new"},"df_price":15.3,"df_sale_price":15.3,"df_regular_price":19.13,"df_image_link":"https:\/\/www.lifenatura.com\/wp-content\/uploads\/2021\/09\/gd_l-optizinc-30mg-100-capsulas-now-300x300.jpg","_links":{"self":[{"href":"https:\/\/www.lifenatura.com\/es\/wp-json\/wp\/v2\/product\/40073","targetHints":{"allow":["GET"]}}],"collection":[{"href":"https:\/\/www.lifenatura.com\/es\/wp-json\/wp\/v2\/product"}],"about":[{"href":"https:\/\/www.lifenatura.com\/es\/wp-json\/wp\/v2\/types\/product"}],"wp:featuredmedia":[{"embeddable":true,"href":"https:\/\/www.lifenatura.com\/es\/wp-json\/wp\/v2\/media\/21375"}],"wp:attachment":[{"href":"https:\/\/www.lifenatura.com\/es\/wp-json\/wp\/v2\/media?parent=40073"}],"wp:term":[{"taxonomy":"product_brand","embeddable":true,"href":"https:\/\/www.lifenatura.com\/es\/wp-json\/wp\/v2\/product_brand?post=40073"},{"taxonomy":"product_cat","embeddable":true,"href":"https:\/\/www.lifenatura.com\/es\/wp-json\/wp\/v2\/product_cat?post=40073"},{"taxonomy":"product_tag","embeddable":true,"href":"https:\/\/www.lifenatura.com\/es\/wp-json\/wp\/v2\/product_tag?post=40073"}],"curies":[{"name":"wp","href":"https:\/\/api.w.org\/{rel}","templated":true}]}}