{"id":40071,"date":"2021-09-30T10:34:30","date_gmt":"2021-09-30T10:34:30","guid":{"rendered":"https:\/\/lifenatura.dev.agenciagetdigital.com\/produto\/l-glutamina-em-po-para-vegetarianos-4535-g-now\/"},"modified":"2026-05-03T00:08:26","modified_gmt":"2026-05-03T00:08:26","slug":"l-glutamina-em-po-para-vegetarianos-4535-g-now","status":"publish","type":"product","link":"https:\/\/www.lifenatura.com\/es\/produto\/l-glutamina-em-po-para-vegetarianos-4535-g-now\/","title":{"rendered":"L-Glutamina em P\u00f3 para Vegetarianos 453,5 g &#8211; Now"},"content":{"rendered":"<p>Amino\u00e1cido esencial para la definici\u00f3n muscular La L-Glutamina es un amino\u00e1cido que tiene varias funciones vitales en la bioqu\u00edmica humana. Es un precursor de la s\u00edntesis de \u00e1cido glut\u00e1mico, uno de los principales sustratos energ\u00e9ticos utilizados por el cerebro y precursor del neurotransmisor inhibitorio GABA. Estimula la producci\u00f3n de la hormona del crecimiento, previene la degradaci\u00f3n muscular al aumentar los niveles de gluc\u00f3geno, promoviendo as\u00ed el aumento de la masa muscular. Tambi\u00e9n ayuda a eliminar el exceso de \u00e1cido en los m\u00fasculos y la sangre, como el \u00e1cido l\u00e1ctico, el amon\u00edaco, etc. De esta manera, todos los procesos metab\u00f3licos relacionados con la actividad f\u00edsica se mejoran y mejoran. Tambi\u00e9n se sabe que este amino\u00e1cido tiene un poderoso efecto sobre el sistema inmunitario al aumentar la producci\u00f3n de linfocitos, protegiendo al cuerpo de las infecciones. PRESENTACI\u00d3N 454 g.<\/p>\n","protected":false},"excerpt":{"rendered":"<p>Amino\u00e1cido esencial para la definici\u00f3n muscular La L-Glutamina es un amino\u00e1cido que tiene varias funciones vitales en la bioqu\u00edmica humana. Es un precursor de la s\u00edntesis de \u00e1cido glut\u00e1mico, uno de los principales sustratos energ\u00e9ticos utilizados por el cerebro y precursor del neurotransmisor inhibitorio GABA. Estimula la producci\u00f3n de la hormona del crecimiento, previene la [&#8230;]<\/p>\n<p><a class=\"btn btn-secondary understrap-read-more-link\" href=\"https:\/\/www.lifenatura.com\/es\/produto\/l-glutamina-em-po-para-vegetarianos-4535-g-now\/\">Leer m\u00e1s&#8230;<span class=\"screen-reader-text\"> from L-Glutamina em P\u00f3 para Vegetarianos 453,5 g &#8211; Now<\/span><\/a><\/p>\n","protected":false},"featured_media":137957,"template":"","meta":{"_acf_changed":false},"product_brand":[8428],"product_cat":[7169,7293],"product_tag":[],"class_list":{"0":"post-40071","1":"product","2":"type-product","3":"status-publish","4":"has-post-thumbnail","6":"product_brand-now","7":"product_cat-aminoacidos-bcaas-nutricion","8":"product_cat-nutricion-deportiva","10":"first","11":"instock","12":"sale","13":"featured","14":"shipping-taxable","15":"purchasable","16":"product-type-simple","17":"add-to-wishlist-before_image"},"acf":[],"yoast_head":"<!-- This site is optimized with the Yoast SEO Premium plugin v27.1 (Yoast SEO v27.5) - https:\/\/yoast.com\/product\/yoast-seo-premium-wordpress\/ -->\n<title>L-Glutamina em P\u00f3 para Vegetarianos 453,5 g - Now<\/title>\n<meta name=\"description\" content=\"La L-Glutamina es un amino\u00e1cido que tiene varias funciones vitales en la bioqu\u00edmica humana.\" \/>\n<meta name=\"robots\" content=\"index, follow, max-snippet:-1, max-image-preview:large, max-video-preview:-1\" \/>\n<link rel=\"canonical\" href=\"https:\/\/www.lifenatura.com\/es\/produto\/l-glutamina-em-po-para-vegetarianos-4535-g-now\/\" \/>\n<meta property=\"og:locale\" content=\"es_ES\" \/>\n<meta property=\"og:type\" content=\"article\" \/>\n<meta property=\"og:title\" content=\"L-Glutamina em P\u00f3 para Vegetarianos 453,5 g - Now - Na Lifenatura ao Melhor Pre\u00e7o | Envio 48h\" \/>\n<meta property=\"og:description\" content=\"Compre L-Glutamina em P\u00f3 para Vegetarianos 453,5 g - Now com envio r\u00e1pido. Entrega em 48h e portes gr\u00e1tis em compras &gt;35\u20ac. Aproveite j\u00e1 na Lifenatura\" \/>\n<meta property=\"og:url\" content=\"https:\/\/www.lifenatura.com\/es\/produto\/l-glutamina-em-po-para-vegetarianos-4535-g-now\/\" \/>\n<meta property=\"og:site_name\" content=\"Lifenatura\" \/>\n<meta property=\"article:publisher\" content=\"https:\/\/www.facebook.com\/lifenatura\" \/>\n<meta property=\"article:modified_time\" content=\"2026-05-03T00:08:26+00:00\" \/>\n<meta property=\"og:image\" content=\"https:\/\/www.lifenatura.com\/wp-content\/uploads\/2021\/09\/gd_l-glutamina-po-450g-now.jpg\" \/>\n\t<meta property=\"og:image:width\" content=\"1000\" \/>\n\t<meta property=\"og:image:height\" content=\"1000\" \/>\n\t<meta property=\"og:image:type\" content=\"image\/jpeg\" \/>\n<meta name=\"twitter:card\" content=\"summary_large_image\" \/>\n<meta name=\"twitter:label1\" content=\"Precio\" \/>\n\t<meta name=\"twitter:data1\" content=\"42,09&nbsp;&euro;\" \/>\n\t<meta name=\"twitter:label2\" content=\"Disponibilidad\" \/>\n\t<meta name=\"twitter:data2\" content=\"Disponible\" \/>\n<script type=\"application\/ld+json\" class=\"yoast-schema-graph\">{\"@context\":\"https:\\\/\\\/schema.org\",\"@graph\":[{\"@type\":\"WebPage\",\"@id\":\"https:\\\/\\\/www.lifenatura.com\\\/es\\\/produto\\\/l-glutamina-em-po-para-vegetarianos-4535-g-now\\\/\",\"url\":\"https:\\\/\\\/www.lifenatura.com\\\/es\\\/produto\\\/l-glutamina-em-po-para-vegetarianos-4535-g-now\\\/\",\"name\":\"L-Glutamina em P\u00f3 para Vegetarianos 453,5 g - Now\",\"isPartOf\":{\"@id\":\"https:\\\/\\\/www.lifenatura.com\\\/es\\\/#website\"},\"primaryImageOfPage\":{\"@id\":\"https:\\\/\\\/www.lifenatura.com\\\/es\\\/produto\\\/l-glutamina-em-po-para-vegetarianos-4535-g-now\\\/#primaryimage\"},\"image\":{\"@id\":\"https:\\\/\\\/www.lifenatura.com\\\/es\\\/produto\\\/l-glutamina-em-po-para-vegetarianos-4535-g-now\\\/#primaryimage\"},\"thumbnailUrl\":\"https:\\\/\\\/www.lifenatura.com\\\/wp-content\\\/uploads\\\/2026\\\/04\\\/l-glutamina-po.jpg\",\"datePublished\":\"2021-09-30T10:34:30+00:00\",\"dateModified\":\"2026-05-03T00:08:26+00:00\",\"description\":\"La L-Glutamina es un amino\u00e1cido que tiene varias funciones vitales en la bioqu\u00edmica humana.\",\"breadcrumb\":{\"@id\":\"https:\\\/\\\/www.lifenatura.com\\\/es\\\/produto\\\/l-glutamina-em-po-para-vegetarianos-4535-g-now\\\/#breadcrumb\"},\"inLanguage\":\"es\",\"potentialAction\":[{\"@type\":\"ReadAction\",\"target\":[\"https:\\\/\\\/www.lifenatura.com\\\/es\\\/produto\\\/l-glutamina-em-po-para-vegetarianos-4535-g-now\\\/\"]}]},{\"@type\":\"ImageObject\",\"inLanguage\":\"es\",\"@id\":\"https:\\\/\\\/www.lifenatura.com\\\/es\\\/produto\\\/l-glutamina-em-po-para-vegetarianos-4535-g-now\\\/#primaryimage\",\"url\":\"https:\\\/\\\/www.lifenatura.com\\\/wp-content\\\/uploads\\\/2026\\\/04\\\/l-glutamina-po.jpg\",\"contentUrl\":\"https:\\\/\\\/www.lifenatura.com\\\/wp-content\\\/uploads\\\/2026\\\/04\\\/l-glutamina-po.jpg\",\"width\":458,\"height\":575},{\"@type\":\"BreadcrumbList\",\"@id\":\"https:\\\/\\\/www.lifenatura.com\\\/es\\\/produto\\\/l-glutamina-em-po-para-vegetarianos-4535-g-now\\\/#breadcrumb\",\"itemListElement\":[{\"@type\":\"ListItem\",\"position\":1,\"name\":\"In\u00edcio\",\"item\":\"https:\\\/\\\/www.lifenatura.com\\\/es\\\/\"},{\"@type\":\"ListItem\",\"position\":2,\"name\":\"Todos los Productos\",\"item\":\"https:\\\/\\\/www.lifenatura.com\\\/es\\\/tienda\\\/\"},{\"@type\":\"ListItem\",\"position\":3,\"name\":\"L-Glutamina em P\u00f3 para Vegetarianos 453,5 g &#8211; Now\"}]},{\"@type\":\"WebSite\",\"@id\":\"https:\\\/\\\/www.lifenatura.com\\\/es\\\/#website\",\"url\":\"https:\\\/\\\/www.lifenatura.com\\\/es\\\/\",\"name\":\"Lifenatura\",\"description\":\"A Lifenatura \u00e9 uma loja de produtos naturais, cosm\u00e9tica natural e alimenta\u00e7\u00e3o Biol\u00f3gica.\",\"publisher\":{\"@id\":\"https:\\\/\\\/www.lifenatura.com\\\/es\\\/#organization\"},\"potentialAction\":[{\"@type\":\"SearchAction\",\"target\":{\"@type\":\"EntryPoint\",\"urlTemplate\":\"https:\\\/\\\/www.lifenatura.com\\\/es\\\/?s={search_term_string}\"},\"query-input\":{\"@type\":\"PropertyValueSpecification\",\"valueRequired\":true,\"valueName\":\"search_term_string\"}}],\"inLanguage\":\"es\"},{\"@type\":\"Organization\",\"@id\":\"https:\\\/\\\/www.lifenatura.com\\\/es\\\/#organization\",\"name\":\"Lifenatura\",\"url\":\"https:\\\/\\\/www.lifenatura.com\\\/es\\\/\",\"logo\":{\"@type\":\"ImageObject\",\"inLanguage\":\"es\",\"@id\":\"https:\\\/\\\/www.lifenatura.com\\\/es\\\/#\\\/schema\\\/logo\\\/image\\\/\",\"url\":\"https:\\\/\\\/www.lifenatura.com\\\/wp-content\\\/uploads\\\/2021\\\/07\\\/logo.png\",\"contentUrl\":\"https:\\\/\\\/www.lifenatura.com\\\/wp-content\\\/uploads\\\/2021\\\/07\\\/logo.png\",\"width\":175,\"height\":55,\"caption\":\"Lifenatura\"},\"image\":{\"@id\":\"https:\\\/\\\/www.lifenatura.com\\\/es\\\/#\\\/schema\\\/logo\\\/image\\\/\"},\"sameAs\":[\"https:\\\/\\\/www.facebook.com\\\/lifenatura\",\"https:\\\/\\\/www.instagram.com\\\/lifenaturapt\\\/\"],\"hasMerchantReturnPolicy\":{\"@type\":\"MerchantReturnPolicy\",\"merchantReturnLink\":\"https:\\\/\\\/www.lifenatura.com\\\/termos-condicoes-lifenatura\\\/\"}}]}<\/script>\n<meta property=\"product:price:amount\" content=\"42.09\" \/>\n<meta property=\"product:price:currency\" content=\"EUR\" \/>\n<meta property=\"og:availability\" content=\"instock\" \/>\n<meta property=\"product:availability\" content=\"instock\" \/>\n<meta property=\"product:retailer_item_id\" content=\"733739002211\" \/>\n<meta property=\"product:condition\" content=\"new\" \/>\n<!-- \/ Yoast SEO Premium plugin. -->","yoast_head_json":{"title":"L-Glutamina em P\u00f3 para Vegetarianos 453,5 g - Now","description":"La L-Glutamina es un amino\u00e1cido que tiene varias funciones vitales en la bioqu\u00edmica humana.","robots":{"index":"index","follow":"follow","max-snippet":"max-snippet:-1","max-image-preview":"max-image-preview:large","max-video-preview":"max-video-preview:-1"},"canonical":"https:\/\/www.lifenatura.com\/es\/produto\/l-glutamina-em-po-para-vegetarianos-4535-g-now\/","og_locale":"es_ES","og_type":"article","og_title":"L-Glutamina em P\u00f3 para Vegetarianos 453,5 g - Now - Na Lifenatura ao Melhor Pre\u00e7o | Envio 48h","og_description":"Compre L-Glutamina em P\u00f3 para Vegetarianos 453,5 g - Now com envio r\u00e1pido. Entrega em 48h e portes gr\u00e1tis em compras >35\u20ac. Aproveite j\u00e1 na Lifenatura","og_url":"https:\/\/www.lifenatura.com\/es\/produto\/l-glutamina-em-po-para-vegetarianos-4535-g-now\/","og_site_name":"Lifenatura","article_publisher":"https:\/\/www.facebook.com\/lifenatura","article_modified_time":"2026-05-03T00:08:26+00:00","og_image":[{"width":1000,"height":1000,"url":"https:\/\/www.lifenatura.com\/wp-content\/uploads\/2021\/09\/gd_l-glutamina-po-450g-now.jpg","type":"image\/jpeg"}],"twitter_card":"summary_large_image","twitter_misc":{"Precio":"42,09&nbsp;&euro;","Disponibilidad":"Disponible"},"schema":{"@context":"https:\/\/schema.org","@graph":[{"@type":"WebPage","@id":"https:\/\/www.lifenatura.com\/es\/produto\/l-glutamina-em-po-para-vegetarianos-4535-g-now\/","url":"https:\/\/www.lifenatura.com\/es\/produto\/l-glutamina-em-po-para-vegetarianos-4535-g-now\/","name":"L-Glutamina em P\u00f3 para Vegetarianos 453,5 g - Now","isPartOf":{"@id":"https:\/\/www.lifenatura.com\/es\/#website"},"primaryImageOfPage":{"@id":"https:\/\/www.lifenatura.com\/es\/produto\/l-glutamina-em-po-para-vegetarianos-4535-g-now\/#primaryimage"},"image":{"@id":"https:\/\/www.lifenatura.com\/es\/produto\/l-glutamina-em-po-para-vegetarianos-4535-g-now\/#primaryimage"},"thumbnailUrl":"https:\/\/www.lifenatura.com\/wp-content\/uploads\/2026\/04\/l-glutamina-po.jpg","datePublished":"2021-09-30T10:34:30+00:00","dateModified":"2026-05-03T00:08:26+00:00","description":"La L-Glutamina es un amino\u00e1cido que tiene varias funciones vitales en la bioqu\u00edmica humana.","breadcrumb":{"@id":"https:\/\/www.lifenatura.com\/es\/produto\/l-glutamina-em-po-para-vegetarianos-4535-g-now\/#breadcrumb"},"inLanguage":"es","potentialAction":[{"@type":"ReadAction","target":["https:\/\/www.lifenatura.com\/es\/produto\/l-glutamina-em-po-para-vegetarianos-4535-g-now\/"]}]},{"@type":"ImageObject","inLanguage":"es","@id":"https:\/\/www.lifenatura.com\/es\/produto\/l-glutamina-em-po-para-vegetarianos-4535-g-now\/#primaryimage","url":"https:\/\/www.lifenatura.com\/wp-content\/uploads\/2026\/04\/l-glutamina-po.jpg","contentUrl":"https:\/\/www.lifenatura.com\/wp-content\/uploads\/2026\/04\/l-glutamina-po.jpg","width":458,"height":575},{"@type":"BreadcrumbList","@id":"https:\/\/www.lifenatura.com\/es\/produto\/l-glutamina-em-po-para-vegetarianos-4535-g-now\/#breadcrumb","itemListElement":[{"@type":"ListItem","position":1,"name":"In\u00edcio","item":"https:\/\/www.lifenatura.com\/es\/"},{"@type":"ListItem","position":2,"name":"Todos los Productos","item":"https:\/\/www.lifenatura.com\/es\/tienda\/"},{"@type":"ListItem","position":3,"name":"L-Glutamina em P\u00f3 para Vegetarianos 453,5 g &#8211; Now"}]},{"@type":"WebSite","@id":"https:\/\/www.lifenatura.com\/es\/#website","url":"https:\/\/www.lifenatura.com\/es\/","name":"Lifenatura","description":"A Lifenatura \u00e9 uma loja de produtos naturais, cosm\u00e9tica natural e alimenta\u00e7\u00e3o Biol\u00f3gica.","publisher":{"@id":"https:\/\/www.lifenatura.com\/es\/#organization"},"potentialAction":[{"@type":"SearchAction","target":{"@type":"EntryPoint","urlTemplate":"https:\/\/www.lifenatura.com\/es\/?s={search_term_string}"},"query-input":{"@type":"PropertyValueSpecification","valueRequired":true,"valueName":"search_term_string"}}],"inLanguage":"es"},{"@type":"Organization","@id":"https:\/\/www.lifenatura.com\/es\/#organization","name":"Lifenatura","url":"https:\/\/www.lifenatura.com\/es\/","logo":{"@type":"ImageObject","inLanguage":"es","@id":"https:\/\/www.lifenatura.com\/es\/#\/schema\/logo\/image\/","url":"https:\/\/www.lifenatura.com\/wp-content\/uploads\/2021\/07\/logo.png","contentUrl":"https:\/\/www.lifenatura.com\/wp-content\/uploads\/2021\/07\/logo.png","width":175,"height":55,"caption":"Lifenatura"},"image":{"@id":"https:\/\/www.lifenatura.com\/es\/#\/schema\/logo\/image\/"},"sameAs":["https:\/\/www.facebook.com\/lifenatura","https:\/\/www.instagram.com\/lifenaturapt\/"],"hasMerchantReturnPolicy":{"@type":"MerchantReturnPolicy","merchantReturnLink":"https:\/\/www.lifenatura.com\/termos-condicoes-lifenatura\/"}}]},"product_price_amount":"42.09","product_price_currency":"EUR","og_availability":"instock","product_availability":"instock","product_retailer_item_id":"733739002211","product_condition":"new"},"df_price":42.09,"df_sale_price":42.09,"df_regular_price":52.62,"df_image_link":"https:\/\/www.lifenatura.com\/wp-content\/uploads\/2026\/04\/l-glutamina-po-239x300.jpg","_links":{"self":[{"href":"https:\/\/www.lifenatura.com\/es\/wp-json\/wp\/v2\/product\/40071","targetHints":{"allow":["GET"]}}],"collection":[{"href":"https:\/\/www.lifenatura.com\/es\/wp-json\/wp\/v2\/product"}],"about":[{"href":"https:\/\/www.lifenatura.com\/es\/wp-json\/wp\/v2\/types\/product"}],"wp:featuredmedia":[{"embeddable":true,"href":"https:\/\/www.lifenatura.com\/es\/wp-json\/wp\/v2\/media\/137957"}],"wp:attachment":[{"href":"https:\/\/www.lifenatura.com\/es\/wp-json\/wp\/v2\/media?parent=40071"}],"wp:term":[{"taxonomy":"product_brand","embeddable":true,"href":"https:\/\/www.lifenatura.com\/es\/wp-json\/wp\/v2\/product_brand?post=40071"},{"taxonomy":"product_cat","embeddable":true,"href":"https:\/\/www.lifenatura.com\/es\/wp-json\/wp\/v2\/product_cat?post=40071"},{"taxonomy":"product_tag","embeddable":true,"href":"https:\/\/www.lifenatura.com\/es\/wp-json\/wp\/v2\/product_tag?post=40071"}],"curies":[{"name":"wp","href":"https:\/\/api.w.org\/{rel}","templated":true}]}}