{"id":40063,"date":"2021-09-30T10:34:30","date_gmt":"2021-09-30T10:34:30","guid":{"rendered":"https:\/\/lifenatura.dev.agenciagetdigital.com\/produto\/l-arginina-aakg-3500-new-1166-mg-180-comprimidos-now\/"},"modified":"2022-08-21T14:59:43","modified_gmt":"2022-08-21T14:59:43","slug":"l-arginina-aakg-3500-new-1166-mg-180-comprimidos-now","status":"publish","type":"product","link":"https:\/\/www.lifenatura.com\/es\/produto\/l-arginina-aakg-3500-new-1166-mg-180-comprimidos-now\/","title":{"rendered":"L-Arginina: AAKG 3500 New 1166 mg 180 comprimidos &#8211; Now"},"content":{"rendered":"<p>Amino\u00e1cido esencial para la definici\u00f3n muscular AAKG (alfa-cetoglutarato de arginina) es un derivado metab\u00f3lico de la arginina, que es un amino\u00e1cido condicionalmente esencial que desempe\u00f1a varias funciones vitales en el cuerpo. La arginina juega un papel clave en el ciclo de la urea, ayudando al cuerpo a eliminar el exceso de amon\u00edaco. Este amino\u00e1cido tambi\u00e9n es importante en la s\u00edntesis de prote\u00ednas, as\u00ed como para apoyar la funci\u00f3n inmune saludable. Al igual que AAKG, esta forma de arginina es un participante importante en el metabolismo de los amino\u00e1cidos, as\u00ed como en la producci\u00f3n de energ\u00eda. PRESENTACI\u00d3N 180 tabletas.<\/p>\n","protected":false},"excerpt":{"rendered":"<p>Amino\u00e1cido esencial para la definici\u00f3n muscular AAKG (alfa-cetoglutarato de arginina) es un derivado metab\u00f3lico de la arginina, que es un amino\u00e1cido condicionalmente esencial que desempe\u00f1a varias funciones vitales en el cuerpo. La arginina juega un papel clave en el ciclo de la urea, ayudando al cuerpo a eliminar el exceso de amon\u00edaco. Este amino\u00e1cido tambi\u00e9n [&#8230;]<\/p>\n<p><a class=\"btn btn-secondary understrap-read-more-link\" href=\"https:\/\/www.lifenatura.com\/es\/produto\/l-arginina-aakg-3500-new-1166-mg-180-comprimidos-now\/\">Leer m\u00e1s&#8230;<span class=\"screen-reader-text\"> from L-Arginina: AAKG 3500 New 1166 mg 180 comprimidos &#8211; Now<\/span><\/a><\/p>\n","protected":false},"featured_media":21365,"template":"","meta":{"_acf_changed":false},"product_brand":[8428],"product_cat":[7169,7293],"product_tag":[],"class_list":{"0":"post-40063","1":"product","2":"type-product","3":"status-publish","4":"has-post-thumbnail","6":"product_brand-now","7":"product_cat-aminoacidos-bcaas-nutricion","8":"product_cat-nutricion-deportiva","10":"first","11":"outofstock","12":"shipping-taxable","13":"purchasable","14":"product-type-simple","15":"add-to-wishlist-before_image"},"acf":[],"yoast_head":"<!-- This site is optimized with the Yoast SEO Premium plugin v27.1 (Yoast SEO v27.5) - https:\/\/yoast.com\/product\/yoast-seo-premium-wordpress\/ -->\n<title>L-Arginina: AAKG 3500 New 1166 mg 180 comprimidos - Now<\/title>\n<meta name=\"description\" content=\"AAKG (alfa-cetoglutarato de arginina) es un derivado metab\u00f3lico de la arginina, que es un amino\u00e1cido condicionalmente esencial que desempe\u00f1a varias funciones vitales en el cuerpo.\" \/>\n<meta name=\"robots\" content=\"index, follow, max-snippet:-1, max-image-preview:large, max-video-preview:-1\" \/>\n<link rel=\"canonical\" href=\"https:\/\/www.lifenatura.com\/es\/produto\/l-arginina-aakg-3500-new-1166-mg-180-comprimidos-now\/\" \/>\n<meta property=\"og:locale\" content=\"es_ES\" \/>\n<meta property=\"og:type\" content=\"article\" \/>\n<meta property=\"og:title\" content=\"L-Arginina: AAKG 3500 New 1166 mg 180 comprimidos - Now - Na Lifenatura ao Melhor Pre\u00e7o | Envio 48h\" \/>\n<meta property=\"og:description\" content=\"Compre L-Arginina: AAKG 3500 New 1166 mg 180 comprimidos - Now com envio r\u00e1pido. Entrega em 48h e portes gr\u00e1tis em compras &gt;35\u20ac. Aproveite j\u00e1 na Lifenatura\" \/>\n<meta property=\"og:url\" content=\"https:\/\/www.lifenatura.com\/es\/produto\/l-arginina-aakg-3500-new-1166-mg-180-comprimidos-now\/\" \/>\n<meta property=\"og:site_name\" content=\"Lifenatura\" \/>\n<meta property=\"article:publisher\" content=\"https:\/\/www.facebook.com\/lifenatura\" \/>\n<meta property=\"article:modified_time\" content=\"2022-08-21T14:59:43+00:00\" \/>\n<meta property=\"og:image\" content=\"https:\/\/www.lifenatura.com\/wp-content\/uploads\/2021\/09\/gd_aakg-3500-180-capsulas-now.jpg\" \/>\n\t<meta property=\"og:image:width\" content=\"1000\" \/>\n\t<meta property=\"og:image:height\" content=\"1000\" \/>\n\t<meta property=\"og:image:type\" content=\"image\/jpeg\" \/>\n<meta name=\"twitter:card\" content=\"summary_large_image\" \/>\n<meta name=\"twitter:label1\" content=\"Precio\" \/>\n\t<meta name=\"twitter:data1\" content=\"71,60&nbsp;&euro;\" \/>\n\t<meta name=\"twitter:label2\" content=\"Disponibilidad\" \/>\n\t<meta name=\"twitter:data2\" content=\"Sin existencias\" \/>\n<script type=\"application\/ld+json\" class=\"yoast-schema-graph\">{\"@context\":\"https:\\\/\\\/schema.org\",\"@graph\":[{\"@type\":\"WebPage\",\"@id\":\"https:\\\/\\\/www.lifenatura.com\\\/es\\\/produto\\\/l-arginina-aakg-3500-new-1166-mg-180-comprimidos-now\\\/\",\"url\":\"https:\\\/\\\/www.lifenatura.com\\\/es\\\/produto\\\/l-arginina-aakg-3500-new-1166-mg-180-comprimidos-now\\\/\",\"name\":\"L-Arginina: AAKG 3500 New 1166 mg 180 comprimidos - Now\",\"isPartOf\":{\"@id\":\"https:\\\/\\\/www.lifenatura.com\\\/es\\\/#website\"},\"primaryImageOfPage\":{\"@id\":\"https:\\\/\\\/www.lifenatura.com\\\/es\\\/produto\\\/l-arginina-aakg-3500-new-1166-mg-180-comprimidos-now\\\/#primaryimage\"},\"image\":{\"@id\":\"https:\\\/\\\/www.lifenatura.com\\\/es\\\/produto\\\/l-arginina-aakg-3500-new-1166-mg-180-comprimidos-now\\\/#primaryimage\"},\"thumbnailUrl\":\"https:\\\/\\\/www.lifenatura.com\\\/wp-content\\\/uploads\\\/2021\\\/09\\\/gd_aakg-3500-180-capsulas-now.jpg\",\"datePublished\":\"2021-09-30T10:34:30+00:00\",\"dateModified\":\"2022-08-21T14:59:43+00:00\",\"description\":\"AAKG (alfa-cetoglutarato de arginina) es un derivado metab\u00f3lico de la arginina, que es un amino\u00e1cido condicionalmente esencial que desempe\u00f1a varias funciones vitales en el cuerpo.\",\"breadcrumb\":{\"@id\":\"https:\\\/\\\/www.lifenatura.com\\\/es\\\/produto\\\/l-arginina-aakg-3500-new-1166-mg-180-comprimidos-now\\\/#breadcrumb\"},\"inLanguage\":\"es\",\"potentialAction\":[{\"@type\":\"ReadAction\",\"target\":[\"https:\\\/\\\/www.lifenatura.com\\\/es\\\/produto\\\/l-arginina-aakg-3500-new-1166-mg-180-comprimidos-now\\\/\"]}]},{\"@type\":\"ImageObject\",\"inLanguage\":\"es\",\"@id\":\"https:\\\/\\\/www.lifenatura.com\\\/es\\\/produto\\\/l-arginina-aakg-3500-new-1166-mg-180-comprimidos-now\\\/#primaryimage\",\"url\":\"https:\\\/\\\/www.lifenatura.com\\\/wp-content\\\/uploads\\\/2021\\\/09\\\/gd_aakg-3500-180-capsulas-now.jpg\",\"contentUrl\":\"https:\\\/\\\/www.lifenatura.com\\\/wp-content\\\/uploads\\\/2021\\\/09\\\/gd_aakg-3500-180-capsulas-now.jpg\",\"width\":1000,\"height\":1000,\"caption\":\"L-Arginina: AAKG 3500 New 1166 mg 180 comprimidos - Now\"},{\"@type\":\"BreadcrumbList\",\"@id\":\"https:\\\/\\\/www.lifenatura.com\\\/es\\\/produto\\\/l-arginina-aakg-3500-new-1166-mg-180-comprimidos-now\\\/#breadcrumb\",\"itemListElement\":[{\"@type\":\"ListItem\",\"position\":1,\"name\":\"In\u00edcio\",\"item\":\"https:\\\/\\\/www.lifenatura.com\\\/es\\\/\"},{\"@type\":\"ListItem\",\"position\":2,\"name\":\"Todos los Productos\",\"item\":\"https:\\\/\\\/www.lifenatura.com\\\/es\\\/tienda\\\/\"},{\"@type\":\"ListItem\",\"position\":3,\"name\":\"L-Arginina: AAKG 3500 New 1166 mg 180 comprimidos &#8211; Now\"}]},{\"@type\":\"WebSite\",\"@id\":\"https:\\\/\\\/www.lifenatura.com\\\/es\\\/#website\",\"url\":\"https:\\\/\\\/www.lifenatura.com\\\/es\\\/\",\"name\":\"Lifenatura\",\"description\":\"A Lifenatura \u00e9 uma loja de produtos naturais, cosm\u00e9tica natural e alimenta\u00e7\u00e3o Biol\u00f3gica.\",\"publisher\":{\"@id\":\"https:\\\/\\\/www.lifenatura.com\\\/es\\\/#organization\"},\"potentialAction\":[{\"@type\":\"SearchAction\",\"target\":{\"@type\":\"EntryPoint\",\"urlTemplate\":\"https:\\\/\\\/www.lifenatura.com\\\/es\\\/?s={search_term_string}\"},\"query-input\":{\"@type\":\"PropertyValueSpecification\",\"valueRequired\":true,\"valueName\":\"search_term_string\"}}],\"inLanguage\":\"es\"},{\"@type\":\"Organization\",\"@id\":\"https:\\\/\\\/www.lifenatura.com\\\/es\\\/#organization\",\"name\":\"Lifenatura\",\"url\":\"https:\\\/\\\/www.lifenatura.com\\\/es\\\/\",\"logo\":{\"@type\":\"ImageObject\",\"inLanguage\":\"es\",\"@id\":\"https:\\\/\\\/www.lifenatura.com\\\/es\\\/#\\\/schema\\\/logo\\\/image\\\/\",\"url\":\"https:\\\/\\\/www.lifenatura.com\\\/wp-content\\\/uploads\\\/2021\\\/07\\\/logo.png\",\"contentUrl\":\"https:\\\/\\\/www.lifenatura.com\\\/wp-content\\\/uploads\\\/2021\\\/07\\\/logo.png\",\"width\":175,\"height\":55,\"caption\":\"Lifenatura\"},\"image\":{\"@id\":\"https:\\\/\\\/www.lifenatura.com\\\/es\\\/#\\\/schema\\\/logo\\\/image\\\/\"},\"sameAs\":[\"https:\\\/\\\/www.facebook.com\\\/lifenatura\",\"https:\\\/\\\/www.instagram.com\\\/lifenaturapt\\\/\"],\"hasMerchantReturnPolicy\":{\"@type\":\"MerchantReturnPolicy\",\"merchantReturnLink\":\"https:\\\/\\\/www.lifenatura.com\\\/termos-condicoes-lifenatura\\\/\"}}]}<\/script>\n<meta property=\"product:price:amount\" content=\"71.60\" \/>\n<meta property=\"product:price:currency\" content=\"EUR\" \/>\n<meta property=\"og:availability\" content=\"out of stock\" \/>\n<meta property=\"product:availability\" content=\"out of stock\" \/>\n<meta property=\"product:retailer_item_id\" content=\"733739000446\" \/>\n<meta property=\"product:condition\" content=\"new\" \/>\n<!-- \/ Yoast SEO Premium plugin. -->","yoast_head_json":{"title":"L-Arginina: AAKG 3500 New 1166 mg 180 comprimidos - Now","description":"AAKG (alfa-cetoglutarato de arginina) es un derivado metab\u00f3lico de la arginina, que es un amino\u00e1cido condicionalmente esencial que desempe\u00f1a varias funciones vitales en el cuerpo.","robots":{"index":"index","follow":"follow","max-snippet":"max-snippet:-1","max-image-preview":"max-image-preview:large","max-video-preview":"max-video-preview:-1"},"canonical":"https:\/\/www.lifenatura.com\/es\/produto\/l-arginina-aakg-3500-new-1166-mg-180-comprimidos-now\/","og_locale":"es_ES","og_type":"article","og_title":"L-Arginina: AAKG 3500 New 1166 mg 180 comprimidos - Now - Na Lifenatura ao Melhor Pre\u00e7o | Envio 48h","og_description":"Compre L-Arginina: AAKG 3500 New 1166 mg 180 comprimidos - Now com envio r\u00e1pido. Entrega em 48h e portes gr\u00e1tis em compras >35\u20ac. Aproveite j\u00e1 na Lifenatura","og_url":"https:\/\/www.lifenatura.com\/es\/produto\/l-arginina-aakg-3500-new-1166-mg-180-comprimidos-now\/","og_site_name":"Lifenatura","article_publisher":"https:\/\/www.facebook.com\/lifenatura","article_modified_time":"2022-08-21T14:59:43+00:00","og_image":[{"width":1000,"height":1000,"url":"https:\/\/www.lifenatura.com\/wp-content\/uploads\/2021\/09\/gd_aakg-3500-180-capsulas-now.jpg","type":"image\/jpeg"}],"twitter_card":"summary_large_image","twitter_misc":{"Precio":"71,60&nbsp;&euro;","Disponibilidad":"Sin existencias"},"schema":{"@context":"https:\/\/schema.org","@graph":[{"@type":"WebPage","@id":"https:\/\/www.lifenatura.com\/es\/produto\/l-arginina-aakg-3500-new-1166-mg-180-comprimidos-now\/","url":"https:\/\/www.lifenatura.com\/es\/produto\/l-arginina-aakg-3500-new-1166-mg-180-comprimidos-now\/","name":"L-Arginina: AAKG 3500 New 1166 mg 180 comprimidos - Now","isPartOf":{"@id":"https:\/\/www.lifenatura.com\/es\/#website"},"primaryImageOfPage":{"@id":"https:\/\/www.lifenatura.com\/es\/produto\/l-arginina-aakg-3500-new-1166-mg-180-comprimidos-now\/#primaryimage"},"image":{"@id":"https:\/\/www.lifenatura.com\/es\/produto\/l-arginina-aakg-3500-new-1166-mg-180-comprimidos-now\/#primaryimage"},"thumbnailUrl":"https:\/\/www.lifenatura.com\/wp-content\/uploads\/2021\/09\/gd_aakg-3500-180-capsulas-now.jpg","datePublished":"2021-09-30T10:34:30+00:00","dateModified":"2022-08-21T14:59:43+00:00","description":"AAKG (alfa-cetoglutarato de arginina) es un derivado metab\u00f3lico de la arginina, que es un amino\u00e1cido condicionalmente esencial que desempe\u00f1a varias funciones vitales en el cuerpo.","breadcrumb":{"@id":"https:\/\/www.lifenatura.com\/es\/produto\/l-arginina-aakg-3500-new-1166-mg-180-comprimidos-now\/#breadcrumb"},"inLanguage":"es","potentialAction":[{"@type":"ReadAction","target":["https:\/\/www.lifenatura.com\/es\/produto\/l-arginina-aakg-3500-new-1166-mg-180-comprimidos-now\/"]}]},{"@type":"ImageObject","inLanguage":"es","@id":"https:\/\/www.lifenatura.com\/es\/produto\/l-arginina-aakg-3500-new-1166-mg-180-comprimidos-now\/#primaryimage","url":"https:\/\/www.lifenatura.com\/wp-content\/uploads\/2021\/09\/gd_aakg-3500-180-capsulas-now.jpg","contentUrl":"https:\/\/www.lifenatura.com\/wp-content\/uploads\/2021\/09\/gd_aakg-3500-180-capsulas-now.jpg","width":1000,"height":1000,"caption":"L-Arginina: AAKG 3500 New 1166 mg 180 comprimidos - Now"},{"@type":"BreadcrumbList","@id":"https:\/\/www.lifenatura.com\/es\/produto\/l-arginina-aakg-3500-new-1166-mg-180-comprimidos-now\/#breadcrumb","itemListElement":[{"@type":"ListItem","position":1,"name":"In\u00edcio","item":"https:\/\/www.lifenatura.com\/es\/"},{"@type":"ListItem","position":2,"name":"Todos los Productos","item":"https:\/\/www.lifenatura.com\/es\/tienda\/"},{"@type":"ListItem","position":3,"name":"L-Arginina: AAKG 3500 New 1166 mg 180 comprimidos &#8211; Now"}]},{"@type":"WebSite","@id":"https:\/\/www.lifenatura.com\/es\/#website","url":"https:\/\/www.lifenatura.com\/es\/","name":"Lifenatura","description":"A Lifenatura \u00e9 uma loja de produtos naturais, cosm\u00e9tica natural e alimenta\u00e7\u00e3o Biol\u00f3gica.","publisher":{"@id":"https:\/\/www.lifenatura.com\/es\/#organization"},"potentialAction":[{"@type":"SearchAction","target":{"@type":"EntryPoint","urlTemplate":"https:\/\/www.lifenatura.com\/es\/?s={search_term_string}"},"query-input":{"@type":"PropertyValueSpecification","valueRequired":true,"valueName":"search_term_string"}}],"inLanguage":"es"},{"@type":"Organization","@id":"https:\/\/www.lifenatura.com\/es\/#organization","name":"Lifenatura","url":"https:\/\/www.lifenatura.com\/es\/","logo":{"@type":"ImageObject","inLanguage":"es","@id":"https:\/\/www.lifenatura.com\/es\/#\/schema\/logo\/image\/","url":"https:\/\/www.lifenatura.com\/wp-content\/uploads\/2021\/07\/logo.png","contentUrl":"https:\/\/www.lifenatura.com\/wp-content\/uploads\/2021\/07\/logo.png","width":175,"height":55,"caption":"Lifenatura"},"image":{"@id":"https:\/\/www.lifenatura.com\/es\/#\/schema\/logo\/image\/"},"sameAs":["https:\/\/www.facebook.com\/lifenatura","https:\/\/www.instagram.com\/lifenaturapt\/"],"hasMerchantReturnPolicy":{"@type":"MerchantReturnPolicy","merchantReturnLink":"https:\/\/www.lifenatura.com\/termos-condicoes-lifenatura\/"}}]},"product_price_amount":"71.60","product_price_currency":"EUR","og_availability":"out of stock","product_availability":"out of stock","product_retailer_item_id":"733739000446","product_condition":"new"},"df_price":71.6,"df_sale_price":"","df_regular_price":71.6,"df_image_link":"https:\/\/www.lifenatura.com\/wp-content\/uploads\/2021\/09\/gd_aakg-3500-180-capsulas-now-300x300.jpg","_links":{"self":[{"href":"https:\/\/www.lifenatura.com\/es\/wp-json\/wp\/v2\/product\/40063","targetHints":{"allow":["GET"]}}],"collection":[{"href":"https:\/\/www.lifenatura.com\/es\/wp-json\/wp\/v2\/product"}],"about":[{"href":"https:\/\/www.lifenatura.com\/es\/wp-json\/wp\/v2\/types\/product"}],"wp:featuredmedia":[{"embeddable":true,"href":"https:\/\/www.lifenatura.com\/es\/wp-json\/wp\/v2\/media\/21365"}],"wp:attachment":[{"href":"https:\/\/www.lifenatura.com\/es\/wp-json\/wp\/v2\/media?parent=40063"}],"wp:term":[{"taxonomy":"product_brand","embeddable":true,"href":"https:\/\/www.lifenatura.com\/es\/wp-json\/wp\/v2\/product_brand?post=40063"},{"taxonomy":"product_cat","embeddable":true,"href":"https:\/\/www.lifenatura.com\/es\/wp-json\/wp\/v2\/product_cat?post=40063"},{"taxonomy":"product_tag","embeddable":true,"href":"https:\/\/www.lifenatura.com\/es\/wp-json\/wp\/v2\/product_tag?post=40063"}],"curies":[{"name":"wp","href":"https:\/\/api.w.org\/{rel}","templated":true}]}}