{"id":40034,"date":"2021-09-30T10:33:47","date_gmt":"2021-09-30T10:33:47","guid":{"rendered":"https:\/\/lifenatura.dev.agenciagetdigital.com\/produto\/d-ribose-1500-mg-90-comprimidos-mastigaveis-now\/"},"modified":"2022-08-21T14:59:18","modified_gmt":"2022-08-21T14:59:18","slug":"d-ribose-1500-mg-90-comprimidos-mastigaveis-now","status":"publish","type":"product","link":"https:\/\/www.lifenatura.com\/es\/produto\/d-ribose-1500-mg-90-comprimidos-mastigaveis-now\/","title":{"rendered":"D-Ribose 1500 mg 90 comprimidos mastig\u00e1veis &#8211; Now"},"content":{"rendered":"<p>D-ribosa el m\u00fasculo energ\u00e9tico La ribosa es un az\u00facar simple que se produce naturalmente en todas las c\u00e9lulas vivas. La ribosa es el esqueleto estructural de ATP, la principal forma de energ\u00eda utilizada para todos los procesos celulares. La demanda de disponibilidad de ATP es especialmente cr\u00edtica en el coraz\u00f3n y el m\u00fasculo esquel\u00e9tico, y la suplementaci\u00f3n con ribosa puede ayudar a mantener niveles \u00f3ptimos de energ\u00eda en estos tejidos. PRESENTACI\u00d3N 90 tabletas.<\/p>\n","protected":false},"excerpt":{"rendered":"<p>D-ribosa el m\u00fasculo energ\u00e9tico La ribosa es un az\u00facar simple que se produce naturalmente en todas las c\u00e9lulas vivas. La ribosa es el esqueleto estructural de ATP, la principal forma de energ\u00eda utilizada para todos los procesos celulares. La demanda de disponibilidad de ATP es especialmente cr\u00edtica en el coraz\u00f3n y el m\u00fasculo esquel\u00e9tico, y [&#8230;]<\/p>\n<p><a class=\"btn btn-secondary understrap-read-more-link\" href=\"https:\/\/www.lifenatura.com\/es\/produto\/d-ribose-1500-mg-90-comprimidos-mastigaveis-now\/\">Leer m\u00e1s&#8230;<span class=\"screen-reader-text\"> from D-Ribose 1500 mg 90 comprimidos mastig\u00e1veis &#8211; Now<\/span><\/a><\/p>\n","protected":false},"featured_media":21336,"template":"","meta":{"_acf_changed":false},"product_brand":[8428],"product_cat":[7238,7179],"product_tag":[],"class_list":{"0":"post-40034","1":"product","2":"type-product","3":"status-publish","4":"has-post-thumbnail","6":"product_brand-now","7":"product_cat-energizante-natural","8":"product_cat-salud","10":"first","11":"outofstock","12":"shipping-taxable","13":"purchasable","14":"product-type-simple","15":"add-to-wishlist-before_image"},"acf":[],"yoast_head":"<!-- This site is optimized with the Yoast SEO Premium plugin v27.1 (Yoast SEO v27.5) - https:\/\/yoast.com\/product\/yoast-seo-premium-wordpress\/ -->\n<title>D-Ribose 1500 mg 90 comprimidos mastig\u00e1veis - Now<\/title>\n<meta name=\"description\" content=\"D ribosa es un az\u00facar simple que se produce naturalmente en todas las c\u00e9lulas vivas. La ribosa es el esqueleto estructural de ATP, la principal forma de energ\u00eda utilizada para todos los procesos celulares.\" \/>\n<meta name=\"robots\" content=\"index, follow, max-snippet:-1, max-image-preview:large, max-video-preview:-1\" \/>\n<link rel=\"canonical\" href=\"https:\/\/www.lifenatura.com\/es\/produto\/d-ribose-1500-mg-90-comprimidos-mastigaveis-now\/\" \/>\n<meta property=\"og:locale\" content=\"es_ES\" \/>\n<meta property=\"og:type\" content=\"article\" \/>\n<meta property=\"og:title\" content=\"D-Ribose 1500 mg 90 comprimidos mastig\u00e1veis - Now - Na Lifenatura ao Melhor Pre\u00e7o | Envio 48h\" \/>\n<meta property=\"og:description\" content=\"Compre D-Ribose 1500 mg 90 comprimidos mastig\u00e1veis - Now com envio r\u00e1pido. Entrega em 48h e portes gr\u00e1tis em compras &gt;35\u20ac. Aproveite j\u00e1 na Lifenatura\" \/>\n<meta property=\"og:url\" content=\"https:\/\/www.lifenatura.com\/es\/produto\/d-ribose-1500-mg-90-comprimidos-mastigaveis-now\/\" \/>\n<meta property=\"og:site_name\" content=\"Lifenatura\" \/>\n<meta property=\"article:publisher\" content=\"https:\/\/www.facebook.com\/lifenatura\" \/>\n<meta property=\"article:modified_time\" content=\"2022-08-21T14:59:18+00:00\" \/>\n<meta property=\"og:image\" content=\"https:\/\/www.lifenatura.com\/wp-content\/uploads\/2021\/09\/gd_d-ribose-750mg-now.jpg\" \/>\n\t<meta property=\"og:image:width\" content=\"1000\" \/>\n\t<meta property=\"og:image:height\" content=\"1000\" \/>\n\t<meta property=\"og:image:type\" content=\"image\/jpeg\" \/>\n<meta name=\"twitter:card\" content=\"summary_large_image\" \/>\n<meta name=\"twitter:label1\" content=\"Precio\" \/>\n\t<meta name=\"twitter:data1\" content=\"43,80&nbsp;&euro;\" \/>\n\t<meta name=\"twitter:label2\" content=\"Disponibilidad\" \/>\n\t<meta name=\"twitter:data2\" content=\"Sin existencias\" \/>\n<script type=\"application\/ld+json\" class=\"yoast-schema-graph\">{\"@context\":\"https:\\\/\\\/schema.org\",\"@graph\":[{\"@type\":\"WebPage\",\"@id\":\"https:\\\/\\\/www.lifenatura.com\\\/es\\\/produto\\\/d-ribose-1500-mg-90-comprimidos-mastigaveis-now\\\/\",\"url\":\"https:\\\/\\\/www.lifenatura.com\\\/es\\\/produto\\\/d-ribose-1500-mg-90-comprimidos-mastigaveis-now\\\/\",\"name\":\"D-Ribose 1500 mg 90 comprimidos mastig\u00e1veis - Now\",\"isPartOf\":{\"@id\":\"https:\\\/\\\/www.lifenatura.com\\\/es\\\/#website\"},\"primaryImageOfPage\":{\"@id\":\"https:\\\/\\\/www.lifenatura.com\\\/es\\\/produto\\\/d-ribose-1500-mg-90-comprimidos-mastigaveis-now\\\/#primaryimage\"},\"image\":{\"@id\":\"https:\\\/\\\/www.lifenatura.com\\\/es\\\/produto\\\/d-ribose-1500-mg-90-comprimidos-mastigaveis-now\\\/#primaryimage\"},\"thumbnailUrl\":\"https:\\\/\\\/www.lifenatura.com\\\/wp-content\\\/uploads\\\/2021\\\/09\\\/gd_d-ribose-750mg-now.jpg\",\"datePublished\":\"2021-09-30T10:33:47+00:00\",\"dateModified\":\"2022-08-21T14:59:18+00:00\",\"description\":\"D ribosa es un az\u00facar simple que se produce naturalmente en todas las c\u00e9lulas vivas. La ribosa es el esqueleto estructural de ATP, la principal forma de energ\u00eda utilizada para todos los procesos celulares.\",\"breadcrumb\":{\"@id\":\"https:\\\/\\\/www.lifenatura.com\\\/es\\\/produto\\\/d-ribose-1500-mg-90-comprimidos-mastigaveis-now\\\/#breadcrumb\"},\"inLanguage\":\"es\",\"potentialAction\":[{\"@type\":\"ReadAction\",\"target\":[\"https:\\\/\\\/www.lifenatura.com\\\/es\\\/produto\\\/d-ribose-1500-mg-90-comprimidos-mastigaveis-now\\\/\"]}]},{\"@type\":\"ImageObject\",\"inLanguage\":\"es\",\"@id\":\"https:\\\/\\\/www.lifenatura.com\\\/es\\\/produto\\\/d-ribose-1500-mg-90-comprimidos-mastigaveis-now\\\/#primaryimage\",\"url\":\"https:\\\/\\\/www.lifenatura.com\\\/wp-content\\\/uploads\\\/2021\\\/09\\\/gd_d-ribose-750mg-now.jpg\",\"contentUrl\":\"https:\\\/\\\/www.lifenatura.com\\\/wp-content\\\/uploads\\\/2021\\\/09\\\/gd_d-ribose-750mg-now.jpg\",\"width\":1000,\"height\":1000,\"caption\":\"D-Ribose 1500 mg 90 comprimidos mastig\u00e1veis - Now\"},{\"@type\":\"BreadcrumbList\",\"@id\":\"https:\\\/\\\/www.lifenatura.com\\\/es\\\/produto\\\/d-ribose-1500-mg-90-comprimidos-mastigaveis-now\\\/#breadcrumb\",\"itemListElement\":[{\"@type\":\"ListItem\",\"position\":1,\"name\":\"In\u00edcio\",\"item\":\"https:\\\/\\\/www.lifenatura.com\\\/es\\\/\"},{\"@type\":\"ListItem\",\"position\":2,\"name\":\"Todos los Productos\",\"item\":\"https:\\\/\\\/www.lifenatura.com\\\/es\\\/tienda\\\/\"},{\"@type\":\"ListItem\",\"position\":3,\"name\":\"D-Ribose 1500 mg 90 comprimidos mastig\u00e1veis &#8211; Now\"}]},{\"@type\":\"WebSite\",\"@id\":\"https:\\\/\\\/www.lifenatura.com\\\/es\\\/#website\",\"url\":\"https:\\\/\\\/www.lifenatura.com\\\/es\\\/\",\"name\":\"Lifenatura\",\"description\":\"A Lifenatura \u00e9 uma loja de produtos naturais, cosm\u00e9tica natural e alimenta\u00e7\u00e3o Biol\u00f3gica.\",\"publisher\":{\"@id\":\"https:\\\/\\\/www.lifenatura.com\\\/es\\\/#organization\"},\"potentialAction\":[{\"@type\":\"SearchAction\",\"target\":{\"@type\":\"EntryPoint\",\"urlTemplate\":\"https:\\\/\\\/www.lifenatura.com\\\/es\\\/?s={search_term_string}\"},\"query-input\":{\"@type\":\"PropertyValueSpecification\",\"valueRequired\":true,\"valueName\":\"search_term_string\"}}],\"inLanguage\":\"es\"},{\"@type\":\"Organization\",\"@id\":\"https:\\\/\\\/www.lifenatura.com\\\/es\\\/#organization\",\"name\":\"Lifenatura\",\"url\":\"https:\\\/\\\/www.lifenatura.com\\\/es\\\/\",\"logo\":{\"@type\":\"ImageObject\",\"inLanguage\":\"es\",\"@id\":\"https:\\\/\\\/www.lifenatura.com\\\/es\\\/#\\\/schema\\\/logo\\\/image\\\/\",\"url\":\"https:\\\/\\\/www.lifenatura.com\\\/wp-content\\\/uploads\\\/2021\\\/07\\\/logo.png\",\"contentUrl\":\"https:\\\/\\\/www.lifenatura.com\\\/wp-content\\\/uploads\\\/2021\\\/07\\\/logo.png\",\"width\":175,\"height\":55,\"caption\":\"Lifenatura\"},\"image\":{\"@id\":\"https:\\\/\\\/www.lifenatura.com\\\/es\\\/#\\\/schema\\\/logo\\\/image\\\/\"},\"sameAs\":[\"https:\\\/\\\/www.facebook.com\\\/lifenatura\",\"https:\\\/\\\/www.instagram.com\\\/lifenaturapt\\\/\"],\"hasMerchantReturnPolicy\":{\"@type\":\"MerchantReturnPolicy\",\"merchantReturnLink\":\"https:\\\/\\\/www.lifenatura.com\\\/termos-condicoes-lifenatura\\\/\"}}]}<\/script>\n<meta property=\"product:price:amount\" content=\"43.80\" \/>\n<meta property=\"product:price:currency\" content=\"EUR\" \/>\n<meta property=\"og:availability\" content=\"out of stock\" \/>\n<meta property=\"product:availability\" content=\"out of stock\" \/>\n<meta property=\"product:retailer_item_id\" content=\"733739021489\" \/>\n<meta property=\"product:condition\" content=\"new\" \/>\n<!-- \/ Yoast SEO Premium plugin. -->","yoast_head_json":{"title":"D-Ribose 1500 mg 90 comprimidos mastig\u00e1veis - Now","description":"D ribosa es un az\u00facar simple que se produce naturalmente en todas las c\u00e9lulas vivas. La ribosa es el esqueleto estructural de ATP, la principal forma de energ\u00eda utilizada para todos los procesos celulares.","robots":{"index":"index","follow":"follow","max-snippet":"max-snippet:-1","max-image-preview":"max-image-preview:large","max-video-preview":"max-video-preview:-1"},"canonical":"https:\/\/www.lifenatura.com\/es\/produto\/d-ribose-1500-mg-90-comprimidos-mastigaveis-now\/","og_locale":"es_ES","og_type":"article","og_title":"D-Ribose 1500 mg 90 comprimidos mastig\u00e1veis - Now - Na Lifenatura ao Melhor Pre\u00e7o | Envio 48h","og_description":"Compre D-Ribose 1500 mg 90 comprimidos mastig\u00e1veis - Now com envio r\u00e1pido. Entrega em 48h e portes gr\u00e1tis em compras >35\u20ac. Aproveite j\u00e1 na Lifenatura","og_url":"https:\/\/www.lifenatura.com\/es\/produto\/d-ribose-1500-mg-90-comprimidos-mastigaveis-now\/","og_site_name":"Lifenatura","article_publisher":"https:\/\/www.facebook.com\/lifenatura","article_modified_time":"2022-08-21T14:59:18+00:00","og_image":[{"width":1000,"height":1000,"url":"https:\/\/www.lifenatura.com\/wp-content\/uploads\/2021\/09\/gd_d-ribose-750mg-now.jpg","type":"image\/jpeg"}],"twitter_card":"summary_large_image","twitter_misc":{"Precio":"43,80&nbsp;&euro;","Disponibilidad":"Sin existencias"},"schema":{"@context":"https:\/\/schema.org","@graph":[{"@type":"WebPage","@id":"https:\/\/www.lifenatura.com\/es\/produto\/d-ribose-1500-mg-90-comprimidos-mastigaveis-now\/","url":"https:\/\/www.lifenatura.com\/es\/produto\/d-ribose-1500-mg-90-comprimidos-mastigaveis-now\/","name":"D-Ribose 1500 mg 90 comprimidos mastig\u00e1veis - Now","isPartOf":{"@id":"https:\/\/www.lifenatura.com\/es\/#website"},"primaryImageOfPage":{"@id":"https:\/\/www.lifenatura.com\/es\/produto\/d-ribose-1500-mg-90-comprimidos-mastigaveis-now\/#primaryimage"},"image":{"@id":"https:\/\/www.lifenatura.com\/es\/produto\/d-ribose-1500-mg-90-comprimidos-mastigaveis-now\/#primaryimage"},"thumbnailUrl":"https:\/\/www.lifenatura.com\/wp-content\/uploads\/2021\/09\/gd_d-ribose-750mg-now.jpg","datePublished":"2021-09-30T10:33:47+00:00","dateModified":"2022-08-21T14:59:18+00:00","description":"D ribosa es un az\u00facar simple que se produce naturalmente en todas las c\u00e9lulas vivas. La ribosa es el esqueleto estructural de ATP, la principal forma de energ\u00eda utilizada para todos los procesos celulares.","breadcrumb":{"@id":"https:\/\/www.lifenatura.com\/es\/produto\/d-ribose-1500-mg-90-comprimidos-mastigaveis-now\/#breadcrumb"},"inLanguage":"es","potentialAction":[{"@type":"ReadAction","target":["https:\/\/www.lifenatura.com\/es\/produto\/d-ribose-1500-mg-90-comprimidos-mastigaveis-now\/"]}]},{"@type":"ImageObject","inLanguage":"es","@id":"https:\/\/www.lifenatura.com\/es\/produto\/d-ribose-1500-mg-90-comprimidos-mastigaveis-now\/#primaryimage","url":"https:\/\/www.lifenatura.com\/wp-content\/uploads\/2021\/09\/gd_d-ribose-750mg-now.jpg","contentUrl":"https:\/\/www.lifenatura.com\/wp-content\/uploads\/2021\/09\/gd_d-ribose-750mg-now.jpg","width":1000,"height":1000,"caption":"D-Ribose 1500 mg 90 comprimidos mastig\u00e1veis - Now"},{"@type":"BreadcrumbList","@id":"https:\/\/www.lifenatura.com\/es\/produto\/d-ribose-1500-mg-90-comprimidos-mastigaveis-now\/#breadcrumb","itemListElement":[{"@type":"ListItem","position":1,"name":"In\u00edcio","item":"https:\/\/www.lifenatura.com\/es\/"},{"@type":"ListItem","position":2,"name":"Todos los Productos","item":"https:\/\/www.lifenatura.com\/es\/tienda\/"},{"@type":"ListItem","position":3,"name":"D-Ribose 1500 mg 90 comprimidos mastig\u00e1veis &#8211; Now"}]},{"@type":"WebSite","@id":"https:\/\/www.lifenatura.com\/es\/#website","url":"https:\/\/www.lifenatura.com\/es\/","name":"Lifenatura","description":"A Lifenatura \u00e9 uma loja de produtos naturais, cosm\u00e9tica natural e alimenta\u00e7\u00e3o Biol\u00f3gica.","publisher":{"@id":"https:\/\/www.lifenatura.com\/es\/#organization"},"potentialAction":[{"@type":"SearchAction","target":{"@type":"EntryPoint","urlTemplate":"https:\/\/www.lifenatura.com\/es\/?s={search_term_string}"},"query-input":{"@type":"PropertyValueSpecification","valueRequired":true,"valueName":"search_term_string"}}],"inLanguage":"es"},{"@type":"Organization","@id":"https:\/\/www.lifenatura.com\/es\/#organization","name":"Lifenatura","url":"https:\/\/www.lifenatura.com\/es\/","logo":{"@type":"ImageObject","inLanguage":"es","@id":"https:\/\/www.lifenatura.com\/es\/#\/schema\/logo\/image\/","url":"https:\/\/www.lifenatura.com\/wp-content\/uploads\/2021\/07\/logo.png","contentUrl":"https:\/\/www.lifenatura.com\/wp-content\/uploads\/2021\/07\/logo.png","width":175,"height":55,"caption":"Lifenatura"},"image":{"@id":"https:\/\/www.lifenatura.com\/es\/#\/schema\/logo\/image\/"},"sameAs":["https:\/\/www.facebook.com\/lifenatura","https:\/\/www.instagram.com\/lifenaturapt\/"],"hasMerchantReturnPolicy":{"@type":"MerchantReturnPolicy","merchantReturnLink":"https:\/\/www.lifenatura.com\/termos-condicoes-lifenatura\/"}}]},"product_price_amount":"43.80","product_price_currency":"EUR","og_availability":"out of stock","product_availability":"out of stock","product_retailer_item_id":"733739021489","product_condition":"new"},"df_price":43.8,"df_sale_price":"","df_regular_price":43.8,"df_image_link":"https:\/\/www.lifenatura.com\/wp-content\/uploads\/2021\/09\/gd_d-ribose-750mg-now-300x300.jpg","_links":{"self":[{"href":"https:\/\/www.lifenatura.com\/es\/wp-json\/wp\/v2\/product\/40034","targetHints":{"allow":["GET"]}}],"collection":[{"href":"https:\/\/www.lifenatura.com\/es\/wp-json\/wp\/v2\/product"}],"about":[{"href":"https:\/\/www.lifenatura.com\/es\/wp-json\/wp\/v2\/types\/product"}],"wp:featuredmedia":[{"embeddable":true,"href":"https:\/\/www.lifenatura.com\/es\/wp-json\/wp\/v2\/media\/21336"}],"wp:attachment":[{"href":"https:\/\/www.lifenatura.com\/es\/wp-json\/wp\/v2\/media?parent=40034"}],"wp:term":[{"taxonomy":"product_brand","embeddable":true,"href":"https:\/\/www.lifenatura.com\/es\/wp-json\/wp\/v2\/product_brand?post=40034"},{"taxonomy":"product_cat","embeddable":true,"href":"https:\/\/www.lifenatura.com\/es\/wp-json\/wp\/v2\/product_cat?post=40034"},{"taxonomy":"product_tag","embeddable":true,"href":"https:\/\/www.lifenatura.com\/es\/wp-json\/wp\/v2\/product_tag?post=40034"}],"curies":[{"name":"wp","href":"https:\/\/api.w.org\/{rel}","templated":true}]}}