{"id":40030,"date":"2021-09-30T10:33:47","date_gmt":"2021-09-30T10:33:47","guid":{"rendered":"https:\/\/lifenatura.dev.agenciagetdigital.com\/produto\/creatina-monohydrate-pure-powder-500-g-now\/"},"modified":"2025-09-18T15:35:55","modified_gmt":"2025-09-18T15:35:55","slug":"creatina-monohydrate-pure-powder-500-g-now","status":"publish","type":"product","link":"https:\/\/www.lifenatura.com\/es\/produto\/creatina-monohydrate-pure-powder-500-g-now\/","title":{"rendered":"Creatina Monohydrate Pure Powder 227 g &#8211; Now"},"content":{"rendered":"<p>Creatina para el crecimiento muscular La creatina est\u00e1 indicada para mantener los niveles de energ\u00eda (ATP) durante el ejercicio f\u00edsico intenso. Fuente de monohidrato de creatina 100% puro: acci\u00f3n de desintegraci\u00f3n r\u00e1pida. Mantiene la producci\u00f3n de ATP durante el ejercicio f\u00edsico intenso. Aumenta la formaci\u00f3n de fosfocreatina con la m\u00e1xima fuerza f\u00edsica sostenida durante un largo per\u00edodo de tiempo. Acelera la recuperaci\u00f3n y regeneraci\u00f3n muscular en ejercicios de alta intensidad. Aumenta significativamente la masa muscular y los niveles de energ\u00eda muscular. F\u00f3rmula vegetariana \/ vegana. PRESENTACI\u00d3N 227 g.<\/p>\n","protected":false},"excerpt":{"rendered":"<p>Creatina para el crecimiento muscular La creatina est\u00e1 indicada para mantener los niveles de energ\u00eda (ATP) durante el ejercicio f\u00edsico intenso. Fuente de monohidrato de creatina 100% puro: acci\u00f3n de desintegraci\u00f3n r\u00e1pida. Mantiene la producci\u00f3n de ATP durante el ejercicio f\u00edsico intenso. Aumenta la formaci\u00f3n de fosfocreatina con la m\u00e1xima fuerza f\u00edsica sostenida durante un [&#8230;]<\/p>\n<p><a class=\"btn btn-secondary understrap-read-more-link\" href=\"https:\/\/www.lifenatura.com\/es\/produto\/creatina-monohydrate-pure-powder-500-g-now\/\">Leer m\u00e1s&#8230;<span class=\"screen-reader-text\"> from Creatina Monohydrate Pure Powder 227 g &#8211; Now<\/span><\/a><\/p>\n","protected":false},"featured_media":85936,"template":"","meta":{"_acf_changed":false},"product_brand":[8428],"product_cat":[7173,7293],"product_tag":[],"class_list":{"0":"post-40030","1":"product","2":"type-product","3":"status-publish","4":"has-post-thumbnail","6":"product_brand-now","7":"product_cat-creatina-nutricion","8":"product_cat-nutricion-deportiva","10":"first","11":"instock","12":"sale","13":"shipping-taxable","14":"purchasable","15":"product-type-simple","16":"add-to-wishlist-before_image"},"acf":[],"yoast_head":"<!-- This site is optimized with the Yoast SEO Premium plugin v27.1 (Yoast SEO v27.3) - https:\/\/yoast.com\/product\/yoast-seo-premium-wordpress\/ -->\n<title>Creatina Monohydrate Pure Powder 227 g - Now<\/title>\n<meta name=\"description\" content=\"La creatina est\u00e1 indicada para mantener los niveles de energ\u00eda (ATP) durante el ejercicio f\u00edsico intenso. Fuente de monohidrato de creatina 100% puro.\" \/>\n<meta name=\"robots\" content=\"index, follow, max-snippet:-1, max-image-preview:large, max-video-preview:-1\" \/>\n<link rel=\"canonical\" href=\"https:\/\/www.lifenatura.com\/es\/produto\/creatina-monohydrate-pure-powder-500-g-now\/\" \/>\n<meta property=\"og:locale\" content=\"es_ES\" \/>\n<meta property=\"og:type\" content=\"article\" \/>\n<meta property=\"og:title\" content=\"Creatina Monohydrate Pure Powder 227 g - Now - Lifenatura\" \/>\n<meta property=\"og:description\" content=\"Compre aqui o seu Creatina Monohydrate Pure Powder 227 g - Now e a Lifenatura Online envia em 48 H com Portes Gratis &gt;35\u20ac de Pedido.\" \/>\n<meta property=\"og:url\" content=\"https:\/\/www.lifenatura.com\/es\/produto\/creatina-monohydrate-pure-powder-500-g-now\/\" \/>\n<meta property=\"og:site_name\" content=\"Lifenatura\" \/>\n<meta property=\"article:publisher\" content=\"https:\/\/www.facebook.com\/lifenatura\" \/>\n<meta property=\"article:modified_time\" content=\"2025-09-18T15:35:55+00:00\" \/>\n<meta property=\"og:image\" content=\"https:\/\/www.lifenatura.com\/wp-content\/uploads\/2021\/09\/Creatina-Monohydrate-Pure-Powder-227-g-Now.jpg\" \/>\n\t<meta property=\"og:image:width\" content=\"1000\" \/>\n\t<meta property=\"og:image:height\" content=\"1000\" \/>\n\t<meta property=\"og:image:type\" content=\"image\/jpeg\" \/>\n<meta name=\"twitter:card\" content=\"summary_large_image\" \/>\n<meta name=\"twitter:label1\" content=\"Precio\" \/>\n\t<meta name=\"twitter:data1\" content=\"21,73&nbsp;&euro;\" \/>\n\t<meta name=\"twitter:label2\" content=\"Disponibilidad\" \/>\n\t<meta name=\"twitter:data2\" content=\"Disponible\" \/>\n<meta property=\"product:price:amount\" content=\"21.73\" \/>\n<meta property=\"product:price:currency\" content=\"EUR\" \/>\n<meta property=\"og:availability\" content=\"instock\" \/>\n<meta property=\"product:availability\" content=\"instock\" \/>\n<meta property=\"product:retailer_item_id\" content=\"733739020307\" \/>\n<meta property=\"product:condition\" content=\"new\" \/>\n<!-- \/ Yoast SEO Premium plugin. -->","yoast_head_json":{"title":"Creatina Monohydrate Pure Powder 227 g - Now","description":"La creatina est\u00e1 indicada para mantener los niveles de energ\u00eda (ATP) durante el ejercicio f\u00edsico intenso. Fuente de monohidrato de creatina 100% puro.","robots":{"index":"index","follow":"follow","max-snippet":"max-snippet:-1","max-image-preview":"max-image-preview:large","max-video-preview":"max-video-preview:-1"},"canonical":"https:\/\/www.lifenatura.com\/es\/produto\/creatina-monohydrate-pure-powder-500-g-now\/","og_locale":"es_ES","og_type":"article","og_title":"Creatina Monohydrate Pure Powder 227 g - Now - Lifenatura","og_description":"Compre aqui o seu Creatina Monohydrate Pure Powder 227 g - Now e a Lifenatura Online envia em 48 H com Portes Gratis >35\u20ac de Pedido.","og_url":"https:\/\/www.lifenatura.com\/es\/produto\/creatina-monohydrate-pure-powder-500-g-now\/","og_site_name":"Lifenatura","article_publisher":"https:\/\/www.facebook.com\/lifenatura","article_modified_time":"2025-09-18T15:35:55+00:00","og_image":[{"width":1000,"height":1000,"url":"https:\/\/www.lifenatura.com\/wp-content\/uploads\/2021\/09\/Creatina-Monohydrate-Pure-Powder-227-g-Now.jpg","type":"image\/jpeg"}],"twitter_card":"summary_large_image","twitter_misc":{"Precio":"21,73&nbsp;&euro;","Disponibilidad":"Disponible"},"schema":{"@context":"https:\/\/schema.org","@graph":[{"@type":"WebPage","@id":"https:\/\/www.lifenatura.com\/es\/produto\/creatina-monohydrate-pure-powder-500-g-now\/","url":"https:\/\/www.lifenatura.com\/es\/produto\/creatina-monohydrate-pure-powder-500-g-now\/","name":"Creatina Monohydrate Pure Powder 227 g - Now","isPartOf":{"@id":"https:\/\/www.lifenatura.com\/es\/#website"},"primaryImageOfPage":{"@id":"https:\/\/www.lifenatura.com\/es\/produto\/creatina-monohydrate-pure-powder-500-g-now\/#primaryimage"},"image":{"@id":"https:\/\/www.lifenatura.com\/es\/produto\/creatina-monohydrate-pure-powder-500-g-now\/#primaryimage"},"thumbnailUrl":"https:\/\/www.lifenatura.com\/wp-content\/uploads\/2021\/09\/Creatina-Monohydrate-Pure-Powder-227-g-Now.jpg","datePublished":"2021-09-30T10:33:47+00:00","dateModified":"2025-09-18T15:35:55+00:00","description":"La creatina est\u00e1 indicada para mantener los niveles de energ\u00eda (ATP) durante el ejercicio f\u00edsico intenso. Fuente de monohidrato de creatina 100% puro.","breadcrumb":{"@id":"https:\/\/www.lifenatura.com\/es\/produto\/creatina-monohydrate-pure-powder-500-g-now\/#breadcrumb"},"inLanguage":"es","potentialAction":[{"@type":"ReadAction","target":["https:\/\/www.lifenatura.com\/es\/produto\/creatina-monohydrate-pure-powder-500-g-now\/"]}]},{"@type":"ImageObject","inLanguage":"es","@id":"https:\/\/www.lifenatura.com\/es\/produto\/creatina-monohydrate-pure-powder-500-g-now\/#primaryimage","url":"https:\/\/www.lifenatura.com\/wp-content\/uploads\/2021\/09\/Creatina-Monohydrate-Pure-Powder-227-g-Now.jpg","contentUrl":"https:\/\/www.lifenatura.com\/wp-content\/uploads\/2021\/09\/Creatina-Monohydrate-Pure-Powder-227-g-Now.jpg","width":1000,"height":1000,"caption":"Creatina Monohydrate Pure Powder 227 g - Now"},{"@type":"BreadcrumbList","@id":"https:\/\/www.lifenatura.com\/es\/produto\/creatina-monohydrate-pure-powder-500-g-now\/#breadcrumb","itemListElement":[{"@type":"ListItem","position":1,"name":"In\u00edcio","item":"https:\/\/www.lifenatura.com\/es\/"},{"@type":"ListItem","position":2,"name":"Todos los Productos","item":"https:\/\/www.lifenatura.com\/es\/tienda\/"},{"@type":"ListItem","position":3,"name":"Creatina Monohydrate Pure Powder 227 g &#8211; Now"}]},{"@type":"WebSite","@id":"https:\/\/www.lifenatura.com\/es\/#website","url":"https:\/\/www.lifenatura.com\/es\/","name":"Lifenatura","description":"A Lifenatura \u00e9 uma loja de produtos naturais, cosm\u00e9tica natural e alimenta\u00e7\u00e3o Biol\u00f3gica.","publisher":{"@id":"https:\/\/www.lifenatura.com\/es\/#organization"},"potentialAction":[{"@type":"SearchAction","target":{"@type":"EntryPoint","urlTemplate":"https:\/\/www.lifenatura.com\/es\/?s={search_term_string}"},"query-input":{"@type":"PropertyValueSpecification","valueRequired":true,"valueName":"search_term_string"}}],"inLanguage":"es"},{"@type":"Organization","@id":"https:\/\/www.lifenatura.com\/es\/#organization","name":"Lifenatura","url":"https:\/\/www.lifenatura.com\/es\/","logo":{"@type":"ImageObject","inLanguage":"es","@id":"https:\/\/www.lifenatura.com\/es\/#\/schema\/logo\/image\/","url":"https:\/\/www.lifenatura.com\/wp-content\/uploads\/2021\/11\/logo.png","contentUrl":"https:\/\/www.lifenatura.com\/wp-content\/uploads\/2021\/11\/logo.png","width":175,"height":55,"caption":"Lifenatura"},"image":{"@id":"https:\/\/www.lifenatura.com\/es\/#\/schema\/logo\/image\/"},"sameAs":["https:\/\/www.facebook.com\/lifenatura","https:\/\/www.instagram.com\/lifenaturapt\/"]}]},"product_price_amount":"21.73","product_price_currency":"EUR","og_availability":"instock","product_availability":"instock","product_retailer_item_id":"733739020307","product_condition":"new"},"df_price":21.73,"df_sale_price":21.73,"df_regular_price":27.17,"df_image_link":"https:\/\/www.lifenatura.com\/wp-content\/uploads\/2021\/09\/Creatina-Monohydrate-Pure-Powder-227-g-Now-300x300.jpg","_links":{"self":[{"href":"https:\/\/www.lifenatura.com\/es\/wp-json\/wp\/v2\/product\/40030","targetHints":{"allow":["GET"]}}],"collection":[{"href":"https:\/\/www.lifenatura.com\/es\/wp-json\/wp\/v2\/product"}],"about":[{"href":"https:\/\/www.lifenatura.com\/es\/wp-json\/wp\/v2\/types\/product"}],"wp:featuredmedia":[{"embeddable":true,"href":"https:\/\/www.lifenatura.com\/es\/wp-json\/wp\/v2\/media\/85936"}],"wp:attachment":[{"href":"https:\/\/www.lifenatura.com\/es\/wp-json\/wp\/v2\/media?parent=40030"}],"wp:term":[{"taxonomy":"product_brand","embeddable":true,"href":"https:\/\/www.lifenatura.com\/es\/wp-json\/wp\/v2\/product_brand?post=40030"},{"taxonomy":"product_cat","embeddable":true,"href":"https:\/\/www.lifenatura.com\/es\/wp-json\/wp\/v2\/product_cat?post=40030"},{"taxonomy":"product_tag","embeddable":true,"href":"https:\/\/www.lifenatura.com\/es\/wp-json\/wp\/v2\/product_tag?post=40030"}],"curies":[{"name":"wp","href":"https:\/\/api.w.org\/{rel}","templated":true}]}}