{"id":40029,"date":"2021-09-30T10:33:47","date_gmt":"2021-09-30T10:33:47","guid":{"rendered":"https:\/\/lifenatura.dev.agenciagetdigital.com\/produto\/creatina-monohydrate-750-mg-120-capsulas-now\/"},"modified":"2022-08-21T14:59:10","modified_gmt":"2022-08-21T14:59:10","slug":"creatina-monohydrate-750-mg-120-capsulas-now","status":"publish","type":"product","link":"https:\/\/www.lifenatura.com\/es\/produto\/creatina-monohydrate-750-mg-120-capsulas-now\/","title":{"rendered":"Creatina Monohydrate 750 mg 120 c\u00e1psulas &#8211; Now"},"content":{"rendered":"<p>Creatina para el crecimiento muscular El monohidrato de creatina es un compuesto natural en el cuerpo, especialmente en el m\u00fasculo esquel\u00e9tico. La funci\u00f3n de la creatina es servir como precursor del trifosfato de adenosina (ATP), la forma de energ\u00eda qu\u00edmica utilizada por todas las c\u00e9lulas. Las reservas corporales de creatina crean un conjunto de ATP f\u00e1cilmente disponible para la energ\u00eda, que se necesita para alimentar explosiones r\u00e1pidas de energ\u00eda y fuerza. PRESENTACI\u00d3N 120 c\u00e1psulas.<\/p>\n","protected":false},"excerpt":{"rendered":"<p>Creatina para el crecimiento muscular El monohidrato de creatina es un compuesto natural en el cuerpo, especialmente en el m\u00fasculo esquel\u00e9tico. La funci\u00f3n de la creatina es servir como precursor del trifosfato de adenosina (ATP), la forma de energ\u00eda qu\u00edmica utilizada por todas las c\u00e9lulas. Las reservas corporales de creatina crean un conjunto de ATP [&#8230;]<\/p>\n<p><a class=\"btn btn-secondary understrap-read-more-link\" href=\"https:\/\/www.lifenatura.com\/es\/produto\/creatina-monohydrate-750-mg-120-capsulas-now\/\">Leer m\u00e1s&#8230;<span class=\"screen-reader-text\"> from Creatina Monohydrate 750 mg 120 c\u00e1psulas &#8211; Now<\/span><\/a><\/p>\n","protected":false},"featured_media":21331,"template":"","meta":{"_acf_changed":false},"product_brand":[8428],"product_cat":[7173,7293],"product_tag":[],"class_list":{"0":"post-40029","1":"product","2":"type-product","3":"status-publish","4":"has-post-thumbnail","6":"product_brand-now","7":"product_cat-creatina-nutricion","8":"product_cat-nutricion-deportiva","10":"first","11":"instock","12":"sale","13":"shipping-taxable","14":"purchasable","15":"product-type-simple","16":"add-to-wishlist-before_image"},"acf":[],"yoast_head":"<!-- This site is optimized with the Yoast SEO Premium plugin v27.1 (Yoast SEO v27.3) - https:\/\/yoast.com\/product\/yoast-seo-premium-wordpress\/ -->\n<title>Creatina Monohydrate 750 mg 120 c\u00e1psulas - Now<\/title>\n<meta name=\"description\" content=\"El monohidrato de creatina es un compuesto natural en el cuerpo, especialmente en el m\u00fasculo esquel\u00e9tico.\" \/>\n<meta name=\"robots\" content=\"index, follow, max-snippet:-1, max-image-preview:large, max-video-preview:-1\" \/>\n<link rel=\"canonical\" href=\"https:\/\/www.lifenatura.com\/es\/produto\/creatina-monohydrate-750-mg-120-capsulas-now\/\" \/>\n<meta property=\"og:locale\" content=\"es_ES\" \/>\n<meta property=\"og:type\" content=\"article\" \/>\n<meta property=\"og:title\" content=\"Creatina Monohydrate 750 mg 120 c\u00e1psulas - Now - Lifenatura\" \/>\n<meta property=\"og:description\" content=\"Compre aqui o seu Creatina Monohydrate 750 mg 120 c\u00e1psulas - Now e a Lifenatura Online envia em 48 H com Portes Gratis &gt;35\u20ac de Pedido.\" \/>\n<meta property=\"og:url\" content=\"https:\/\/www.lifenatura.com\/es\/produto\/creatina-monohydrate-750-mg-120-capsulas-now\/\" \/>\n<meta property=\"og:site_name\" content=\"Lifenatura\" \/>\n<meta property=\"article:publisher\" content=\"https:\/\/www.facebook.com\/lifenatura\" \/>\n<meta property=\"article:modified_time\" content=\"2022-08-21T14:59:10+00:00\" \/>\n<meta property=\"og:image\" content=\"https:\/\/www.lifenatura.com\/wp-content\/uploads\/2021\/09\/gd_creatine-monohydrate-750-mg-120-capsulas-now.jpg\" \/>\n\t<meta property=\"og:image:width\" content=\"1000\" \/>\n\t<meta property=\"og:image:height\" content=\"1000\" \/>\n\t<meta property=\"og:image:type\" content=\"image\/jpeg\" \/>\n<meta name=\"twitter:card\" content=\"summary_large_image\" \/>\n<meta name=\"twitter:label1\" content=\"Precio\" \/>\n\t<meta name=\"twitter:data1\" content=\"23,05&nbsp;&euro;\" \/>\n\t<meta name=\"twitter:label2\" content=\"Disponibilidad\" \/>\n\t<meta name=\"twitter:data2\" content=\"Disponible\" \/>\n<meta property=\"product:price:amount\" content=\"23.05\" \/>\n<meta property=\"product:price:currency\" content=\"EUR\" \/>\n<meta property=\"og:availability\" content=\"instock\" \/>\n<meta property=\"product:availability\" content=\"instock\" \/>\n<meta property=\"product:retailer_item_id\" content=\"733739020352\" \/>\n<meta property=\"product:condition\" content=\"new\" \/>\n<!-- \/ Yoast SEO Premium plugin. -->","yoast_head_json":{"title":"Creatina Monohydrate 750 mg 120 c\u00e1psulas - Now","description":"El monohidrato de creatina es un compuesto natural en el cuerpo, especialmente en el m\u00fasculo esquel\u00e9tico.","robots":{"index":"index","follow":"follow","max-snippet":"max-snippet:-1","max-image-preview":"max-image-preview:large","max-video-preview":"max-video-preview:-1"},"canonical":"https:\/\/www.lifenatura.com\/es\/produto\/creatina-monohydrate-750-mg-120-capsulas-now\/","og_locale":"es_ES","og_type":"article","og_title":"Creatina Monohydrate 750 mg 120 c\u00e1psulas - Now - Lifenatura","og_description":"Compre aqui o seu Creatina Monohydrate 750 mg 120 c\u00e1psulas - Now e a Lifenatura Online envia em 48 H com Portes Gratis >35\u20ac de Pedido.","og_url":"https:\/\/www.lifenatura.com\/es\/produto\/creatina-monohydrate-750-mg-120-capsulas-now\/","og_site_name":"Lifenatura","article_publisher":"https:\/\/www.facebook.com\/lifenatura","article_modified_time":"2022-08-21T14:59:10+00:00","og_image":[{"width":1000,"height":1000,"url":"https:\/\/www.lifenatura.com\/wp-content\/uploads\/2021\/09\/gd_creatine-monohydrate-750-mg-120-capsulas-now.jpg","type":"image\/jpeg"}],"twitter_card":"summary_large_image","twitter_misc":{"Precio":"23,05&nbsp;&euro;","Disponibilidad":"Disponible"},"schema":{"@context":"https:\/\/schema.org","@graph":[{"@type":"WebPage","@id":"https:\/\/www.lifenatura.com\/es\/produto\/creatina-monohydrate-750-mg-120-capsulas-now\/","url":"https:\/\/www.lifenatura.com\/es\/produto\/creatina-monohydrate-750-mg-120-capsulas-now\/","name":"Creatina Monohydrate 750 mg 120 c\u00e1psulas - Now","isPartOf":{"@id":"https:\/\/www.lifenatura.com\/es\/#website"},"primaryImageOfPage":{"@id":"https:\/\/www.lifenatura.com\/es\/produto\/creatina-monohydrate-750-mg-120-capsulas-now\/#primaryimage"},"image":{"@id":"https:\/\/www.lifenatura.com\/es\/produto\/creatina-monohydrate-750-mg-120-capsulas-now\/#primaryimage"},"thumbnailUrl":"https:\/\/www.lifenatura.com\/wp-content\/uploads\/2021\/09\/gd_creatine-monohydrate-750-mg-120-capsulas-now.jpg","datePublished":"2021-09-30T10:33:47+00:00","dateModified":"2022-08-21T14:59:10+00:00","description":"El monohidrato de creatina es un compuesto natural en el cuerpo, especialmente en el m\u00fasculo esquel\u00e9tico.","breadcrumb":{"@id":"https:\/\/www.lifenatura.com\/es\/produto\/creatina-monohydrate-750-mg-120-capsulas-now\/#breadcrumb"},"inLanguage":"es","potentialAction":[{"@type":"ReadAction","target":["https:\/\/www.lifenatura.com\/es\/produto\/creatina-monohydrate-750-mg-120-capsulas-now\/"]}]},{"@type":"ImageObject","inLanguage":"es","@id":"https:\/\/www.lifenatura.com\/es\/produto\/creatina-monohydrate-750-mg-120-capsulas-now\/#primaryimage","url":"https:\/\/www.lifenatura.com\/wp-content\/uploads\/2021\/09\/gd_creatine-monohydrate-750-mg-120-capsulas-now.jpg","contentUrl":"https:\/\/www.lifenatura.com\/wp-content\/uploads\/2021\/09\/gd_creatine-monohydrate-750-mg-120-capsulas-now.jpg","width":1000,"height":1000,"caption":"Creatina Monohydrate 750 mg 120 c\u00e1psulas - Now"},{"@type":"BreadcrumbList","@id":"https:\/\/www.lifenatura.com\/es\/produto\/creatina-monohydrate-750-mg-120-capsulas-now\/#breadcrumb","itemListElement":[{"@type":"ListItem","position":1,"name":"In\u00edcio","item":"https:\/\/www.lifenatura.com\/es\/"},{"@type":"ListItem","position":2,"name":"Todos los Productos","item":"https:\/\/www.lifenatura.com\/es\/tienda\/"},{"@type":"ListItem","position":3,"name":"Creatina Monohydrate 750 mg 120 c\u00e1psulas &#8211; Now"}]},{"@type":"WebSite","@id":"https:\/\/www.lifenatura.com\/es\/#website","url":"https:\/\/www.lifenatura.com\/es\/","name":"Lifenatura","description":"A Lifenatura \u00e9 uma loja de produtos naturais, cosm\u00e9tica natural e alimenta\u00e7\u00e3o Biol\u00f3gica.","publisher":{"@id":"https:\/\/www.lifenatura.com\/es\/#organization"},"potentialAction":[{"@type":"SearchAction","target":{"@type":"EntryPoint","urlTemplate":"https:\/\/www.lifenatura.com\/es\/?s={search_term_string}"},"query-input":{"@type":"PropertyValueSpecification","valueRequired":true,"valueName":"search_term_string"}}],"inLanguage":"es"},{"@type":"Organization","@id":"https:\/\/www.lifenatura.com\/es\/#organization","name":"Lifenatura","url":"https:\/\/www.lifenatura.com\/es\/","logo":{"@type":"ImageObject","inLanguage":"es","@id":"https:\/\/www.lifenatura.com\/es\/#\/schema\/logo\/image\/","url":"https:\/\/www.lifenatura.com\/wp-content\/uploads\/2021\/11\/logo.png","contentUrl":"https:\/\/www.lifenatura.com\/wp-content\/uploads\/2021\/11\/logo.png","width":175,"height":55,"caption":"Lifenatura"},"image":{"@id":"https:\/\/www.lifenatura.com\/es\/#\/schema\/logo\/image\/"},"sameAs":["https:\/\/www.facebook.com\/lifenatura","https:\/\/www.instagram.com\/lifenaturapt\/"]}]},"product_price_amount":"23.05","product_price_currency":"EUR","og_availability":"instock","product_availability":"instock","product_retailer_item_id":"733739020352","product_condition":"new"},"df_price":23.05,"df_sale_price":23.05,"df_regular_price":28.82,"df_image_link":"https:\/\/www.lifenatura.com\/wp-content\/uploads\/2021\/09\/gd_creatine-monohydrate-750-mg-120-capsulas-now-300x300.jpg","_links":{"self":[{"href":"https:\/\/www.lifenatura.com\/es\/wp-json\/wp\/v2\/product\/40029","targetHints":{"allow":["GET"]}}],"collection":[{"href":"https:\/\/www.lifenatura.com\/es\/wp-json\/wp\/v2\/product"}],"about":[{"href":"https:\/\/www.lifenatura.com\/es\/wp-json\/wp\/v2\/types\/product"}],"wp:featuredmedia":[{"embeddable":true,"href":"https:\/\/www.lifenatura.com\/es\/wp-json\/wp\/v2\/media\/21331"}],"wp:attachment":[{"href":"https:\/\/www.lifenatura.com\/es\/wp-json\/wp\/v2\/media?parent=40029"}],"wp:term":[{"taxonomy":"product_brand","embeddable":true,"href":"https:\/\/www.lifenatura.com\/es\/wp-json\/wp\/v2\/product_brand?post=40029"},{"taxonomy":"product_cat","embeddable":true,"href":"https:\/\/www.lifenatura.com\/es\/wp-json\/wp\/v2\/product_cat?post=40029"},{"taxonomy":"product_tag","embeddable":true,"href":"https:\/\/www.lifenatura.com\/es\/wp-json\/wp\/v2\/product_tag?post=40029"}],"curies":[{"name":"wp","href":"https:\/\/api.w.org\/{rel}","templated":true}]}}