{"id":40011,"date":"2021-09-30T10:33:27","date_gmt":"2021-09-30T10:33:27","guid":{"rendered":"https:\/\/lifenatura.dev.agenciagetdigital.com\/produto\/boron-3-mg-100-capsulas-now\/"},"modified":"2024-08-20T19:29:26","modified_gmt":"2024-08-20T19:29:26","slug":"boron-3-mg-100-capsulas-now","status":"publish","type":"product","link":"https:\/\/www.lifenatura.com\/es\/produto\/boron-3-mg-100-capsulas-now\/","title":{"rendered":"Boro 3mg 100 c\u00e1psulas &#8211; Now"},"content":{"rendered":"<h2 style=\"text-align: left;\"><strong>Boro 3mg es ideal para combatir la osteoporosis<\/strong><\/h2>\n<p>&nbsp;<\/p>\n<p>Boro 3mg de Now Foods es un mineral importante para mantener la salud de los huesos y la funci\u00f3n de las articulaciones. Desempe\u00f1a un papel esencial en la transformaci\u00f3n de la vitamina D en su forma biol\u00f3gica m\u00e1s activa (colecalciferol), que a su vez es crucial para la absorci\u00f3n del calcio.<\/p>\n<p>Esto se traduce en una mejor salud de los huesos, evitando su debilitamiento y, en consecuencia, reduciendo el riesgo de osteoporosis.<\/p>\n<p>El boro es un mineral que desempe\u00f1a un papel crucial en el mantenimiento de la salud \u00f3sea, en el metabolismo de minerales como el calcio, el magnesio y el f\u00f3sforo, y en la regulaci\u00f3n hormonal. Este suplemento es una excelente adici\u00f3n a la dieta de cualquier persona que desee fortalecer los huesos, mejorar la salud de las articulaciones y apoyar el bienestar hormonal de una manera natural y eficaz.<\/p>\n<p><strong>Beneficios principales:<\/strong><\/p>\n<ul>\n<li><strong>Salud \u00f3sea<\/strong>: El boro ayuda a mejorar la absorci\u00f3n y utilizaci\u00f3n del calcio, magnesio y vitamina D, contribuyendo al mantenimiento de unos huesos fuertes y sanos.<\/li>\n<li><strong>Equilibrio hormonal:<\/strong> Favorece la producci\u00f3n y el metabolismo de las hormonas, ayudando a mantener niveles hormonales equilibrados, especialmente en mujeres menop\u00e1usicas.<\/li>\n<li><strong>Salud articular:<\/strong> Puede ayudar a aliviar los s\u00edntomas de las enfermedades articulares, como la artrosis, favoreciendo la salud y la flexibilidad de las articulaciones.<\/li>\n<li><strong>Metabolismo mineral<\/strong>: Facilita el metabolismo y la utilizaci\u00f3n de otros minerales esenciales para el organismo, como el f\u00f3sforo y el magnesio.<\/li>\n<li><strong>Antioxidante natural:<\/strong> Tiene propiedades antioxidantes que ayudan a combatir el estr\u00e9s oxidativo, promoviendo la salud celular y el bienestar general.<\/li>\n<\/ul>\n<p><strong>Adecuado para:<\/strong><\/p>\n<ul>\n<li><strong>Personas con Deficiencia de Boro:<\/strong> Ideal para aquellos que necesitan complementar su dieta con boro debido a una deficiencia de este mineral.<\/li>\n<li><strong>Salud \u00f3sea:<\/strong> Perfecto para quienes desean mejorar su salud \u00f3sea, especialmente en etapas de la vida en las que aumenta el riesgo de osteoporosis.<\/li>\n<li><strong>Equilibrio hormonal:<\/strong> Adecuado para mujeres menop\u00e1usicas o personas que buscan mantener un equilibrio hormonal saludable.<\/li>\n<li><strong>Salud articular:<\/strong> Excelente para personas que sufren problemas articulares o que desean prevenir el desgaste de sus articulaciones.<br \/>\nApoyo al metabolismo mineral: Ideal para quienes desean mejorar el metabolismo y la utilizaci\u00f3n de minerales esenciales en el organismo.<\/li>\n<\/ul>\n<p>Adem\u00e1s de la osteoporosis, el boro ayuda a combatir otras enfermedades relacionadas con los huesos, como la artritis reumatoide y la artrosis, reduciendo sus s\u00edntomas hasta en un 95% si no est\u00e1n ya muy avanzadas.<\/p>\n<p><strong>PRESENTACI\u00d3N<\/strong><\/p>\n<p>100 c\u00e1psulas<\/p>\n<p>&nbsp;<\/p>\n","protected":false},"excerpt":{"rendered":"<p>Boro 3mg de Now Foods es la elecci\u00f3n perfecta y eficaz para apoyar la salud \u00f3sea, el equilibrio hormonal y la salud de las articulaciones. [&#8230;]<\/p>\n<p><a class=\"btn btn-secondary understrap-read-more-link\" href=\"https:\/\/www.lifenatura.com\/es\/produto\/boron-3-mg-100-capsulas-now\/\">Leer m\u00e1s&#8230;<span class=\"screen-reader-text\"> from Boro 3mg 100 c\u00e1psulas &#8211; Now<\/span><\/a><\/p>\n","protected":false},"featured_media":97150,"template":"","meta":{"_acf_changed":false},"product_brand":[8428],"product_cat":[7207,7179],"product_tag":[],"class_list":{"0":"post-40011","1":"product","2":"type-product","3":"status-publish","4":"has-post-thumbnail","6":"product_brand-now","7":"product_cat-osteoporosis","8":"product_cat-salud","10":"first","11":"instock","12":"sale","13":"shipping-taxable","14":"purchasable","15":"product-type-simple","16":"add-to-wishlist-before_image"},"acf":[],"yoast_head":"<!-- This site is optimized with the Yoast SEO Premium plugin v27.1 (Yoast SEO v27.3) - https:\/\/yoast.com\/product\/yoast-seo-premium-wordpress\/ -->\n<title>Boro 3 mg 100 c\u00e1psulas Now - Lifenatura<\/title>\n<meta name=\"description\" content=\"Boro 3mg de Now Foods es la elecci\u00f3n perfecta y eficaz para apoyar la salud \u00f3sea, el equilibrio hormonal y la salud de las articulaciones.\" \/>\n<meta name=\"robots\" content=\"index, follow, max-snippet:-1, max-image-preview:large, max-video-preview:-1\" \/>\n<link rel=\"canonical\" href=\"https:\/\/www.lifenatura.com\/es\/produto\/boron-3-mg-100-capsulas-now\/\" \/>\n<meta property=\"og:locale\" content=\"es_ES\" \/>\n<meta property=\"og:type\" content=\"article\" \/>\n<meta property=\"og:title\" content=\"Boro 3mg 100 c\u00e1psulas - Now - Lifenatura\" \/>\n<meta property=\"og:description\" content=\"Compre aqui o seu Boro 3mg 100 c\u00e1psulas - Now e a Lifenatura Online envia em 48 H com Portes Gratis &gt;35\u20ac de Pedido.\" \/>\n<meta property=\"og:url\" content=\"https:\/\/www.lifenatura.com\/es\/produto\/boron-3-mg-100-capsulas-now\/\" \/>\n<meta property=\"og:site_name\" content=\"Lifenatura\" \/>\n<meta property=\"article:publisher\" content=\"https:\/\/www.facebook.com\/lifenatura\" \/>\n<meta property=\"article:modified_time\" content=\"2024-08-20T19:29:26+00:00\" \/>\n<meta property=\"og:image\" content=\"https:\/\/www.lifenatura.com\/wp-content\/uploads\/2021\/09\/boron-3m-now-foods.jpg\" \/>\n\t<meta property=\"og:image:width\" content=\"1000\" \/>\n\t<meta property=\"og:image:height\" content=\"1000\" \/>\n\t<meta property=\"og:image:type\" content=\"image\/jpeg\" \/>\n<meta name=\"twitter:card\" content=\"summary_large_image\" \/>\n<meta name=\"twitter:label1\" content=\"Precio\" \/>\n\t<meta name=\"twitter:data1\" content=\"10,69&nbsp;&euro;\" \/>\n\t<meta name=\"twitter:label2\" content=\"Disponibilidad\" \/>\n\t<meta name=\"twitter:data2\" content=\"Disponible\" \/>\n<meta property=\"product:price:amount\" content=\"10.69\" \/>\n<meta property=\"product:price:currency\" content=\"EUR\" \/>\n<meta property=\"og:availability\" content=\"instock\" \/>\n<meta property=\"product:availability\" content=\"instock\" \/>\n<meta property=\"product:retailer_item_id\" content=\"733739014108\" \/>\n<meta property=\"product:condition\" content=\"new\" \/>\n<!-- \/ Yoast SEO Premium plugin. -->","yoast_head_json":{"title":"Boro 3 mg 100 c\u00e1psulas Now - Lifenatura","description":"Boro 3mg de Now Foods es la elecci\u00f3n perfecta y eficaz para apoyar la salud \u00f3sea, el equilibrio hormonal y la salud de las articulaciones.","robots":{"index":"index","follow":"follow","max-snippet":"max-snippet:-1","max-image-preview":"max-image-preview:large","max-video-preview":"max-video-preview:-1"},"canonical":"https:\/\/www.lifenatura.com\/es\/produto\/boron-3-mg-100-capsulas-now\/","og_locale":"es_ES","og_type":"article","og_title":"Boro 3mg 100 c\u00e1psulas - Now - Lifenatura","og_description":"Compre aqui o seu Boro 3mg 100 c\u00e1psulas - Now e a Lifenatura Online envia em 48 H com Portes Gratis >35\u20ac de Pedido.","og_url":"https:\/\/www.lifenatura.com\/es\/produto\/boron-3-mg-100-capsulas-now\/","og_site_name":"Lifenatura","article_publisher":"https:\/\/www.facebook.com\/lifenatura","article_modified_time":"2024-08-20T19:29:26+00:00","og_image":[{"width":1000,"height":1000,"url":"https:\/\/www.lifenatura.com\/wp-content\/uploads\/2021\/09\/boron-3m-now-foods.jpg","type":"image\/jpeg"}],"twitter_card":"summary_large_image","twitter_misc":{"Precio":"10,69&nbsp;&euro;","Disponibilidad":"Disponible"},"schema":{"@context":"https:\/\/schema.org","@graph":[{"@type":"WebPage","@id":"https:\/\/www.lifenatura.com\/es\/produto\/boron-3-mg-100-capsulas-now\/","url":"https:\/\/www.lifenatura.com\/es\/produto\/boron-3-mg-100-capsulas-now\/","name":"Boro 3 mg 100 c\u00e1psulas Now - Lifenatura","isPartOf":{"@id":"https:\/\/www.lifenatura.com\/es\/#website"},"primaryImageOfPage":{"@id":"https:\/\/www.lifenatura.com\/es\/produto\/boron-3-mg-100-capsulas-now\/#primaryimage"},"image":{"@id":"https:\/\/www.lifenatura.com\/es\/produto\/boron-3-mg-100-capsulas-now\/#primaryimage"},"thumbnailUrl":"https:\/\/www.lifenatura.com\/wp-content\/uploads\/2021\/09\/boron-3m-now-foods.jpg","datePublished":"2021-09-30T10:33:27+00:00","dateModified":"2024-08-20T19:29:26+00:00","description":"Boro 3mg de Now Foods es la elecci\u00f3n perfecta y eficaz para apoyar la salud \u00f3sea, el equilibrio hormonal y la salud de las articulaciones.","breadcrumb":{"@id":"https:\/\/www.lifenatura.com\/es\/produto\/boron-3-mg-100-capsulas-now\/#breadcrumb"},"inLanguage":"es","potentialAction":[{"@type":"ReadAction","target":["https:\/\/www.lifenatura.com\/es\/produto\/boron-3-mg-100-capsulas-now\/"]}]},{"@type":"ImageObject","inLanguage":"es","@id":"https:\/\/www.lifenatura.com\/es\/produto\/boron-3-mg-100-capsulas-now\/#primaryimage","url":"https:\/\/www.lifenatura.com\/wp-content\/uploads\/2021\/09\/boron-3m-now-foods.jpg","contentUrl":"https:\/\/www.lifenatura.com\/wp-content\/uploads\/2021\/09\/boron-3m-now-foods.jpg","width":1000,"height":1000,"caption":"Boron 3 mg 100 c\u00e1psulas da marca Now Foods"},{"@type":"BreadcrumbList","@id":"https:\/\/www.lifenatura.com\/es\/produto\/boron-3-mg-100-capsulas-now\/#breadcrumb","itemListElement":[{"@type":"ListItem","position":1,"name":"In\u00edcio","item":"https:\/\/www.lifenatura.com\/es\/"},{"@type":"ListItem","position":2,"name":"Todos los Productos","item":"https:\/\/www.lifenatura.com\/es\/tienda\/"},{"@type":"ListItem","position":3,"name":"Boro 3mg 100 c\u00e1psulas &#8211; Now"}]},{"@type":"WebSite","@id":"https:\/\/www.lifenatura.com\/es\/#website","url":"https:\/\/www.lifenatura.com\/es\/","name":"Lifenatura","description":"A Lifenatura \u00e9 uma loja de produtos naturais, cosm\u00e9tica natural e alimenta\u00e7\u00e3o Biol\u00f3gica.","publisher":{"@id":"https:\/\/www.lifenatura.com\/es\/#organization"},"potentialAction":[{"@type":"SearchAction","target":{"@type":"EntryPoint","urlTemplate":"https:\/\/www.lifenatura.com\/es\/?s={search_term_string}"},"query-input":{"@type":"PropertyValueSpecification","valueRequired":true,"valueName":"search_term_string"}}],"inLanguage":"es"},{"@type":"Organization","@id":"https:\/\/www.lifenatura.com\/es\/#organization","name":"Lifenatura","url":"https:\/\/www.lifenatura.com\/es\/","logo":{"@type":"ImageObject","inLanguage":"es","@id":"https:\/\/www.lifenatura.com\/es\/#\/schema\/logo\/image\/","url":"https:\/\/www.lifenatura.com\/wp-content\/uploads\/2021\/11\/logo.png","contentUrl":"https:\/\/www.lifenatura.com\/wp-content\/uploads\/2021\/11\/logo.png","width":175,"height":55,"caption":"Lifenatura"},"image":{"@id":"https:\/\/www.lifenatura.com\/es\/#\/schema\/logo\/image\/"},"sameAs":["https:\/\/www.facebook.com\/lifenatura","https:\/\/www.instagram.com\/lifenaturapt\/"]}]},"product_price_amount":"10.69","product_price_currency":"EUR","og_availability":"instock","product_availability":"instock","product_retailer_item_id":"733739014108","product_condition":"new"},"df_price":10.69,"df_sale_price":10.69,"df_regular_price":13.36,"df_image_link":"https:\/\/www.lifenatura.com\/wp-content\/uploads\/2021\/09\/boron-3m-now-foods-300x300.jpg","_links":{"self":[{"href":"https:\/\/www.lifenatura.com\/es\/wp-json\/wp\/v2\/product\/40011","targetHints":{"allow":["GET"]}}],"collection":[{"href":"https:\/\/www.lifenatura.com\/es\/wp-json\/wp\/v2\/product"}],"about":[{"href":"https:\/\/www.lifenatura.com\/es\/wp-json\/wp\/v2\/types\/product"}],"wp:featuredmedia":[{"embeddable":true,"href":"https:\/\/www.lifenatura.com\/es\/wp-json\/wp\/v2\/media\/97150"}],"wp:attachment":[{"href":"https:\/\/www.lifenatura.com\/es\/wp-json\/wp\/v2\/media?parent=40011"}],"wp:term":[{"taxonomy":"product_brand","embeddable":true,"href":"https:\/\/www.lifenatura.com\/es\/wp-json\/wp\/v2\/product_brand?post=40011"},{"taxonomy":"product_cat","embeddable":true,"href":"https:\/\/www.lifenatura.com\/es\/wp-json\/wp\/v2\/product_cat?post=40011"},{"taxonomy":"product_tag","embeddable":true,"href":"https:\/\/www.lifenatura.com\/es\/wp-json\/wp\/v2\/product_tag?post=40011"}],"curies":[{"name":"wp","href":"https:\/\/api.w.org\/{rel}","templated":true}]}}