{"id":40002,"date":"2021-09-30T10:33:27","date_gmt":"2021-09-30T10:33:27","guid":{"rendered":"https:\/\/lifenatura.dev.agenciagetdigital.com\/produto\/astragalus-500-mg-100-capsulas-now\/"},"modified":"2022-08-21T14:58:37","modified_gmt":"2022-08-21T14:58:37","slug":"astragalus-500-mg-100-capsulas-now","status":"publish","type":"product","link":"https:\/\/www.lifenatura.com\/es\/produto\/astragalus-500-mg-100-capsulas-now\/","title":{"rendered":"Astragalus 500 mg 100 c\u00e1psulas &#8211; Now"},"content":{"rendered":"<p>Adecuado para el sistema inmune El astr\u00e1galo se ha utilizado durante siglos en la medicina tradicional china. Se considera una hierba adaptog\u00e9nica poderosa, que sirve para aumentar la resistencia del cuerpo en situaciones de desgaste f\u00edsico, qu\u00edmico y biol\u00f3gico. La hierba es conocida popularmente por ofrecer varios beneficios para la salud, incluidos los beneficios para el coraz\u00f3n. Tambi\u00e9n llamado astr\u00e1galo, tambi\u00e9n parece funcionar como un refuerzo del sistema inmune y tiene efectos antioxidantes que inhiben la producci\u00f3n de radicales libres. PRESENTACI\u00d3N 100 c\u00e1psulas.<\/p>\n","protected":false},"excerpt":{"rendered":"<p>Adecuado para el sistema inmune El astr\u00e1galo se ha utilizado durante siglos en la medicina tradicional china. Se considera una hierba adaptog\u00e9nica poderosa, que sirve para aumentar la resistencia del cuerpo en situaciones de desgaste f\u00edsico, qu\u00edmico y biol\u00f3gico. La hierba es conocida popularmente por ofrecer varios beneficios para la salud, incluidos los beneficios para [&#8230;]<\/p>\n<p><a class=\"btn btn-secondary understrap-read-more-link\" href=\"https:\/\/www.lifenatura.com\/es\/produto\/astragalus-500-mg-100-capsulas-now\/\">Leer m\u00e1s&#8230;<span class=\"screen-reader-text\"> from Astragalus 500 mg 100 c\u00e1psulas &#8211; Now<\/span><\/a><\/p>\n","protected":false},"featured_media":21304,"template":"","meta":{"_acf_changed":false},"product_brand":[8428],"product_cat":[7211,7179],"product_tag":[],"class_list":{"0":"post-40002","1":"product","2":"type-product","3":"status-publish","4":"has-post-thumbnail","6":"product_brand-now","7":"product_cat-reforza-la-inmunidad-salud","8":"product_cat-salud","10":"first","11":"instock","12":"sale","13":"shipping-taxable","14":"purchasable","15":"product-type-simple","16":"add-to-wishlist-before_image"},"acf":[],"yoast_head":"<!-- This site is optimized with the Yoast SEO Premium plugin v27.1 (Yoast SEO v27.4) - https:\/\/yoast.com\/product\/yoast-seo-premium-wordpress\/ -->\n<title>Astragalus 500 mg 100 c\u00e1psulas - Now<\/title>\n<meta name=\"description\" content=\"El astragalus funciona como un refuerzo del sistema inmune y tiene efectos antioxidantes que inhiben la producci\u00f3n de radicales libres.\" \/>\n<meta name=\"robots\" content=\"index, follow, max-snippet:-1, max-image-preview:large, max-video-preview:-1\" \/>\n<link rel=\"canonical\" href=\"https:\/\/www.lifenatura.com\/es\/produto\/astragalus-500-mg-100-capsulas-now\/\" \/>\n<meta property=\"og:locale\" content=\"es_ES\" \/>\n<meta property=\"og:type\" content=\"article\" \/>\n<meta property=\"og:title\" content=\"Astragalus 500 mg 100 c\u00e1psulas - Now - Lifenatura\" \/>\n<meta property=\"og:description\" content=\"Compre aqui o seu Astragalus 500 mg 100 c\u00e1psulas - Now e a Lifenatura Online envia em 48 H com Portes Gratis &gt;35\u20ac de Pedido.\" \/>\n<meta property=\"og:url\" content=\"https:\/\/www.lifenatura.com\/es\/produto\/astragalus-500-mg-100-capsulas-now\/\" \/>\n<meta property=\"og:site_name\" content=\"Lifenatura\" \/>\n<meta property=\"article:publisher\" content=\"https:\/\/www.facebook.com\/lifenatura\" \/>\n<meta property=\"article:modified_time\" content=\"2022-08-21T14:58:37+00:00\" \/>\n<meta property=\"og:image\" content=\"https:\/\/www.lifenatura.com\/wp-content\/uploads\/2021\/09\/gd_astragalus-90-capsulas-now.jpg\" \/>\n\t<meta property=\"og:image:width\" content=\"1000\" \/>\n\t<meta property=\"og:image:height\" content=\"1000\" \/>\n\t<meta property=\"og:image:type\" content=\"image\/jpeg\" \/>\n<meta name=\"twitter:card\" content=\"summary_large_image\" \/>\n<meta name=\"twitter:label1\" content=\"Precio\" \/>\n\t<meta name=\"twitter:data1\" content=\"14,27&nbsp;&euro;\" \/>\n\t<meta name=\"twitter:label2\" content=\"Disponibilidad\" \/>\n\t<meta name=\"twitter:data2\" content=\"Disponible\" \/>\n<meta property=\"product:price:amount\" content=\"14.27\" \/>\n<meta property=\"product:price:currency\" content=\"EUR\" \/>\n<meta property=\"og:availability\" content=\"instock\" \/>\n<meta property=\"product:availability\" content=\"instock\" \/>\n<meta property=\"product:retailer_item_id\" content=\"733739046055\" \/>\n<meta property=\"product:condition\" content=\"new\" \/>\n<!-- \/ Yoast SEO Premium plugin. -->","yoast_head_json":{"title":"Astragalus 500 mg 100 c\u00e1psulas - Now","description":"El astragalus funciona como un refuerzo del sistema inmune y tiene efectos antioxidantes que inhiben la producci\u00f3n de radicales libres.","robots":{"index":"index","follow":"follow","max-snippet":"max-snippet:-1","max-image-preview":"max-image-preview:large","max-video-preview":"max-video-preview:-1"},"canonical":"https:\/\/www.lifenatura.com\/es\/produto\/astragalus-500-mg-100-capsulas-now\/","og_locale":"es_ES","og_type":"article","og_title":"Astragalus 500 mg 100 c\u00e1psulas - Now - Lifenatura","og_description":"Compre aqui o seu Astragalus 500 mg 100 c\u00e1psulas - Now e a Lifenatura Online envia em 48 H com Portes Gratis >35\u20ac de Pedido.","og_url":"https:\/\/www.lifenatura.com\/es\/produto\/astragalus-500-mg-100-capsulas-now\/","og_site_name":"Lifenatura","article_publisher":"https:\/\/www.facebook.com\/lifenatura","article_modified_time":"2022-08-21T14:58:37+00:00","og_image":[{"width":1000,"height":1000,"url":"https:\/\/www.lifenatura.com\/wp-content\/uploads\/2021\/09\/gd_astragalus-90-capsulas-now.jpg","type":"image\/jpeg"}],"twitter_card":"summary_large_image","twitter_misc":{"Precio":"14,27&nbsp;&euro;","Disponibilidad":"Disponible"},"schema":{"@context":"https:\/\/schema.org","@graph":[{"@type":"WebPage","@id":"https:\/\/www.lifenatura.com\/es\/produto\/astragalus-500-mg-100-capsulas-now\/","url":"https:\/\/www.lifenatura.com\/es\/produto\/astragalus-500-mg-100-capsulas-now\/","name":"Astragalus 500 mg 100 c\u00e1psulas - Now","isPartOf":{"@id":"https:\/\/www.lifenatura.com\/#website"},"primaryImageOfPage":{"@id":"https:\/\/www.lifenatura.com\/es\/produto\/astragalus-500-mg-100-capsulas-now\/#primaryimage"},"image":{"@id":"https:\/\/www.lifenatura.com\/es\/produto\/astragalus-500-mg-100-capsulas-now\/#primaryimage"},"thumbnailUrl":"https:\/\/www.lifenatura.com\/wp-content\/uploads\/2021\/09\/gd_astragalus-90-capsulas-now.jpg","datePublished":"2021-09-30T10:33:27+00:00","dateModified":"2022-08-21T14:58:37+00:00","description":"El astragalus funciona como un refuerzo del sistema inmune y tiene efectos antioxidantes que inhiben la producci\u00f3n de radicales libres.","breadcrumb":{"@id":"https:\/\/www.lifenatura.com\/es\/produto\/astragalus-500-mg-100-capsulas-now\/#breadcrumb"},"inLanguage":"es","potentialAction":[{"@type":"ReadAction","target":["https:\/\/www.lifenatura.com\/es\/produto\/astragalus-500-mg-100-capsulas-now\/"]}]},{"@type":"ImageObject","inLanguage":"es","@id":"https:\/\/www.lifenatura.com\/es\/produto\/astragalus-500-mg-100-capsulas-now\/#primaryimage","url":"https:\/\/www.lifenatura.com\/wp-content\/uploads\/2021\/09\/gd_astragalus-90-capsulas-now.jpg","contentUrl":"https:\/\/www.lifenatura.com\/wp-content\/uploads\/2021\/09\/gd_astragalus-90-capsulas-now.jpg","width":1000,"height":1000,"caption":"Astragalus 500 mg 100 c\u00e1psulas - Now"},{"@type":"BreadcrumbList","@id":"https:\/\/www.lifenatura.com\/es\/produto\/astragalus-500-mg-100-capsulas-now\/#breadcrumb","itemListElement":[{"@type":"ListItem","position":1,"name":"In\u00edcio","item":"https:\/\/www.lifenatura.com\/es\/"},{"@type":"ListItem","position":2,"name":"Todos los Productos","item":"https:\/\/www.lifenatura.com\/es\/tienda\/"},{"@type":"ListItem","position":3,"name":"Astragalus 500 mg 100 c\u00e1psulas &#8211; Now"}]},{"@type":"WebSite","@id":"https:\/\/www.lifenatura.com\/#website","url":"https:\/\/www.lifenatura.com\/","name":"Lifenatura","description":"A Lifenatura \u00e9 uma loja de produtos naturais, cosm\u00e9tica natural e alimenta\u00e7\u00e3o Biol\u00f3gica.","publisher":{"@id":"https:\/\/www.lifenatura.com\/#organization"},"potentialAction":[{"@type":"SearchAction","target":{"@type":"EntryPoint","urlTemplate":"https:\/\/www.lifenatura.com\/?s={search_term_string}"},"query-input":{"@type":"PropertyValueSpecification","valueRequired":true,"valueName":"search_term_string"}}],"inLanguage":"es"},{"@type":"Organization","@id":"https:\/\/www.lifenatura.com\/#organization","name":"Lifenatura","url":"https:\/\/www.lifenatura.com\/","logo":{"@type":"ImageObject","inLanguage":"es","@id":"https:\/\/www.lifenatura.com\/#\/schema\/logo\/image\/","url":"https:\/\/www.lifenatura.com\/wp-content\/uploads\/2021\/11\/logo.png","contentUrl":"https:\/\/www.lifenatura.com\/wp-content\/uploads\/2021\/11\/logo.png","width":175,"height":55,"caption":"Lifenatura"},"image":{"@id":"https:\/\/www.lifenatura.com\/#\/schema\/logo\/image\/"},"sameAs":["https:\/\/www.facebook.com\/lifenatura","https:\/\/www.instagram.com\/lifenaturapt\/"]}]},"product_price_amount":"14.27","product_price_currency":"EUR","og_availability":"instock","product_availability":"instock","product_retailer_item_id":"733739046055","product_condition":"new"},"df_price":14.27,"df_sale_price":14.27,"df_regular_price":17.83,"df_image_link":"https:\/\/www.lifenatura.com\/wp-content\/uploads\/2021\/09\/gd_astragalus-90-capsulas-now-300x300.jpg","_links":{"self":[{"href":"https:\/\/www.lifenatura.com\/es\/wp-json\/wp\/v2\/product\/40002","targetHints":{"allow":["GET"]}}],"collection":[{"href":"https:\/\/www.lifenatura.com\/es\/wp-json\/wp\/v2\/product"}],"about":[{"href":"https:\/\/www.lifenatura.com\/es\/wp-json\/wp\/v2\/types\/product"}],"wp:featuredmedia":[{"embeddable":true,"href":"https:\/\/www.lifenatura.com\/es\/wp-json\/wp\/v2\/media\/21304"}],"wp:attachment":[{"href":"https:\/\/www.lifenatura.com\/es\/wp-json\/wp\/v2\/media?parent=40002"}],"wp:term":[{"taxonomy":"product_brand","embeddable":true,"href":"https:\/\/www.lifenatura.com\/es\/wp-json\/wp\/v2\/product_brand?post=40002"},{"taxonomy":"product_cat","embeddable":true,"href":"https:\/\/www.lifenatura.com\/es\/wp-json\/wp\/v2\/product_cat?post=40002"},{"taxonomy":"product_tag","embeddable":true,"href":"https:\/\/www.lifenatura.com\/es\/wp-json\/wp\/v2\/product_tag?post=40002"}],"curies":[{"name":"wp","href":"https:\/\/api.w.org\/{rel}","templated":true}]}}