{"id":39996,"date":"2021-09-30T10:33:06","date_gmt":"2021-09-30T10:33:06","guid":{"rendered":"https:\/\/lifenatura.dev.agenciagetdigital.com\/produto\/ajo-inodoro-4000-mg-90-capsulas-now\/"},"modified":"2022-08-21T14:58:29","modified_gmt":"2022-08-21T14:58:29","slug":"ajo-inodoro-4000-mg-90-capsulas-now","status":"publish","type":"product","link":"https:\/\/www.lifenatura.com\/es\/produto\/ajo-inodoro-4000-mg-90-capsulas-now\/","title":{"rendered":"Ajo Inodoro 4000 mg 90 c\u00e1psulas &#8211; Now"},"content":{"rendered":"<p>El ajo ayuda a controlar la presi\u00f3n arterial Smelly Garlic es un complemento alimenticio que contiene los mismos ingredientes activos que se encuentran en el ajo fresco, al que se han agregado el espino y la pimienta de cayena. Los estudios cient\u00edficos han demostrado que el ajo protege el sistema cardiovascular, mejora la circulaci\u00f3n, puede ayudar a calmar el est\u00f3mago y mantiene niveles saludables de colesterol. Una de sus sustancias activas es la alicina (un potente fitonutriente con fuertes propiedades antioxidantes que neutraliza los radicales libres en la c\u00e9lula), que resulta de la conversi\u00f3n del amino\u00e1cido de azufre Alina por la acci\u00f3n de la enzima alinasa. El nivel de alicina puede variar considerablemente y cuanto mayor sea el contenido de alina, m\u00e1s potente ser\u00e1 el ajo. PRESENTACI\u00d3N 90 c\u00e1psulas.<\/p>\n","protected":false},"excerpt":{"rendered":"<p>El ajo ayuda a controlar la presi\u00f3n arterial Smelly Garlic es un complemento alimenticio que contiene los mismos ingredientes activos que se encuentran en el ajo fresco, al que se han agregado el espino y la pimienta de cayena. Los estudios cient\u00edficos han demostrado que el ajo protege el sistema cardiovascular, mejora la circulaci\u00f3n, puede [&#8230;]<\/p>\n<p><a class=\"btn btn-secondary understrap-read-more-link\" href=\"https:\/\/www.lifenatura.com\/es\/produto\/ajo-inodoro-4000-mg-90-capsulas-now\/\">Leer m\u00e1s&#8230;<span class=\"screen-reader-text\"> from Ajo Inodoro 4000 mg 90 c\u00e1psulas &#8211; Now<\/span><\/a><\/p>\n","protected":false},"featured_media":21298,"template":"","meta":{"_acf_changed":false},"product_brand":[8428],"product_cat":[7147,7222,7659,7179],"product_tag":[],"class_list":{"0":"post-39996","1":"product","2":"type-product","3":"status-publish","4":"has-post-thumbnail","6":"product_brand-now","7":"product_cat-ajo","8":"product_cat-colesterol-salud","9":"product_cat-ingrediente-natural-bio","10":"product_cat-salud","12":"first","13":"outofstock","14":"shipping-taxable","15":"purchasable","16":"product-type-simple","17":"add-to-wishlist-before_image"},"acf":[],"yoast_head":"<!-- This site is optimized with the Yoast SEO Premium plugin v27.1 (Yoast SEO v27.4) - https:\/\/yoast.com\/product\/yoast-seo-premium-wordpress\/ -->\n<title>Ajo Inodoro 4000 mg 90 c\u00e1psulas - Now<\/title>\n<meta name=\"description\" content=\"Ajo Inodoro es un suplemento diet\u00e9tico que protege el sistema cardiovascular, mejora la circulaci\u00f3n, puede ayudar a calmar el est\u00f3mago y mantener niveles saludables de colesterol.\" \/>\n<meta name=\"robots\" content=\"index, follow, max-snippet:-1, max-image-preview:large, max-video-preview:-1\" \/>\n<link rel=\"canonical\" href=\"https:\/\/www.lifenatura.com\/es\/produto\/ajo-inodoro-4000-mg-90-capsulas-now\/\" \/>\n<meta property=\"og:locale\" content=\"es_ES\" \/>\n<meta property=\"og:type\" content=\"article\" \/>\n<meta property=\"og:title\" content=\"Ajo Inodoro 4000 mg 90 c\u00e1psulas - Now - Lifenatura\" \/>\n<meta property=\"og:description\" content=\"Compre aqui o seu Ajo Inodoro 4000 mg 90 c\u00e1psulas - Now e a Lifenatura Online envia em 48 H com Portes Gratis &gt;35\u20ac de Pedido.\" \/>\n<meta property=\"og:url\" content=\"https:\/\/www.lifenatura.com\/es\/produto\/ajo-inodoro-4000-mg-90-capsulas-now\/\" \/>\n<meta property=\"og:site_name\" content=\"Lifenatura\" \/>\n<meta property=\"article:publisher\" content=\"https:\/\/www.facebook.com\/lifenatura\" \/>\n<meta property=\"article:modified_time\" content=\"2022-08-21T14:58:29+00:00\" \/>\n<meta property=\"og:image\" content=\"https:\/\/www.lifenatura.com\/wp-content\/uploads\/2021\/09\/gd_alho-sem-odor-90-caps-now.jpg\" \/>\n\t<meta property=\"og:image:width\" content=\"1000\" \/>\n\t<meta property=\"og:image:height\" content=\"1000\" \/>\n\t<meta property=\"og:image:type\" content=\"image\/jpeg\" \/>\n<meta name=\"twitter:card\" content=\"summary_large_image\" \/>\n<meta name=\"twitter:label1\" content=\"Precio\" \/>\n\t<meta name=\"twitter:data1\" content=\"24,56&nbsp;&euro;\" \/>\n\t<meta name=\"twitter:label2\" content=\"Disponibilidad\" \/>\n\t<meta name=\"twitter:data2\" content=\"Sin existencias\" \/>\n<meta property=\"product:price:amount\" content=\"24.56\" \/>\n<meta property=\"product:price:currency\" content=\"EUR\" \/>\n<meta property=\"og:availability\" content=\"out of stock\" \/>\n<meta property=\"product:availability\" content=\"out of stock\" \/>\n<meta property=\"product:retailer_item_id\" content=\"733739018151\" \/>\n<meta property=\"product:condition\" content=\"new\" \/>\n<!-- \/ Yoast SEO Premium plugin. -->","yoast_head_json":{"title":"Ajo Inodoro 4000 mg 90 c\u00e1psulas - Now","description":"Ajo Inodoro es un suplemento diet\u00e9tico que protege el sistema cardiovascular, mejora la circulaci\u00f3n, puede ayudar a calmar el est\u00f3mago y mantener niveles saludables de colesterol.","robots":{"index":"index","follow":"follow","max-snippet":"max-snippet:-1","max-image-preview":"max-image-preview:large","max-video-preview":"max-video-preview:-1"},"canonical":"https:\/\/www.lifenatura.com\/es\/produto\/ajo-inodoro-4000-mg-90-capsulas-now\/","og_locale":"es_ES","og_type":"article","og_title":"Ajo Inodoro 4000 mg 90 c\u00e1psulas - Now - Lifenatura","og_description":"Compre aqui o seu Ajo Inodoro 4000 mg 90 c\u00e1psulas - Now e a Lifenatura Online envia em 48 H com Portes Gratis >35\u20ac de Pedido.","og_url":"https:\/\/www.lifenatura.com\/es\/produto\/ajo-inodoro-4000-mg-90-capsulas-now\/","og_site_name":"Lifenatura","article_publisher":"https:\/\/www.facebook.com\/lifenatura","article_modified_time":"2022-08-21T14:58:29+00:00","og_image":[{"width":1000,"height":1000,"url":"https:\/\/www.lifenatura.com\/wp-content\/uploads\/2021\/09\/gd_alho-sem-odor-90-caps-now.jpg","type":"image\/jpeg"}],"twitter_card":"summary_large_image","twitter_misc":{"Precio":"24,56&nbsp;&euro;","Disponibilidad":"Sin existencias"},"schema":{"@context":"https:\/\/schema.org","@graph":[{"@type":"WebPage","@id":"https:\/\/www.lifenatura.com\/es\/produto\/ajo-inodoro-4000-mg-90-capsulas-now\/","url":"https:\/\/www.lifenatura.com\/es\/produto\/ajo-inodoro-4000-mg-90-capsulas-now\/","name":"Ajo Inodoro 4000 mg 90 c\u00e1psulas - Now","isPartOf":{"@id":"https:\/\/www.lifenatura.com\/es\/#website"},"primaryImageOfPage":{"@id":"https:\/\/www.lifenatura.com\/es\/produto\/ajo-inodoro-4000-mg-90-capsulas-now\/#primaryimage"},"image":{"@id":"https:\/\/www.lifenatura.com\/es\/produto\/ajo-inodoro-4000-mg-90-capsulas-now\/#primaryimage"},"thumbnailUrl":"https:\/\/www.lifenatura.com\/wp-content\/uploads\/2021\/09\/gd_alho-sem-odor-90-caps-now.jpg","datePublished":"2021-09-30T10:33:06+00:00","dateModified":"2022-08-21T14:58:29+00:00","description":"Ajo Inodoro es un suplemento diet\u00e9tico que protege el sistema cardiovascular, mejora la circulaci\u00f3n, puede ayudar a calmar el est\u00f3mago y mantener niveles saludables de colesterol.","breadcrumb":{"@id":"https:\/\/www.lifenatura.com\/es\/produto\/ajo-inodoro-4000-mg-90-capsulas-now\/#breadcrumb"},"inLanguage":"es","potentialAction":[{"@type":"ReadAction","target":["https:\/\/www.lifenatura.com\/es\/produto\/ajo-inodoro-4000-mg-90-capsulas-now\/"]}]},{"@type":"ImageObject","inLanguage":"es","@id":"https:\/\/www.lifenatura.com\/es\/produto\/ajo-inodoro-4000-mg-90-capsulas-now\/#primaryimage","url":"https:\/\/www.lifenatura.com\/wp-content\/uploads\/2021\/09\/gd_alho-sem-odor-90-caps-now.jpg","contentUrl":"https:\/\/www.lifenatura.com\/wp-content\/uploads\/2021\/09\/gd_alho-sem-odor-90-caps-now.jpg","width":1000,"height":1000,"caption":"Ajo Inodoro 4000 mg 90 c\u00e1psulas - Now"},{"@type":"BreadcrumbList","@id":"https:\/\/www.lifenatura.com\/es\/produto\/ajo-inodoro-4000-mg-90-capsulas-now\/#breadcrumb","itemListElement":[{"@type":"ListItem","position":1,"name":"In\u00edcio","item":"https:\/\/www.lifenatura.com\/es\/"},{"@type":"ListItem","position":2,"name":"Todos los Productos","item":"https:\/\/www.lifenatura.com\/es\/tienda\/"},{"@type":"ListItem","position":3,"name":"Ajo Inodoro 4000 mg 90 c\u00e1psulas &#8211; Now"}]},{"@type":"WebSite","@id":"https:\/\/www.lifenatura.com\/es\/#website","url":"https:\/\/www.lifenatura.com\/es\/","name":"Lifenatura","description":"A Lifenatura \u00e9 uma loja de produtos naturais, cosm\u00e9tica natural e alimenta\u00e7\u00e3o Biol\u00f3gica.","publisher":{"@id":"https:\/\/www.lifenatura.com\/es\/#organization"},"potentialAction":[{"@type":"SearchAction","target":{"@type":"EntryPoint","urlTemplate":"https:\/\/www.lifenatura.com\/es\/?s={search_term_string}"},"query-input":{"@type":"PropertyValueSpecification","valueRequired":true,"valueName":"search_term_string"}}],"inLanguage":"es"},{"@type":"Organization","@id":"https:\/\/www.lifenatura.com\/es\/#organization","name":"Lifenatura","url":"https:\/\/www.lifenatura.com\/es\/","logo":{"@type":"ImageObject","inLanguage":"es","@id":"https:\/\/www.lifenatura.com\/es\/#\/schema\/logo\/image\/","url":"https:\/\/www.lifenatura.com\/wp-content\/uploads\/2021\/11\/logo.png","contentUrl":"https:\/\/www.lifenatura.com\/wp-content\/uploads\/2021\/11\/logo.png","width":175,"height":55,"caption":"Lifenatura"},"image":{"@id":"https:\/\/www.lifenatura.com\/es\/#\/schema\/logo\/image\/"},"sameAs":["https:\/\/www.facebook.com\/lifenatura","https:\/\/www.instagram.com\/lifenaturapt\/"]}]},"product_price_amount":"24.56","product_price_currency":"EUR","og_availability":"out of stock","product_availability":"out of stock","product_retailer_item_id":"733739018151","product_condition":"new"},"df_price":24.56,"df_sale_price":"","df_regular_price":24.56,"df_image_link":"https:\/\/www.lifenatura.com\/wp-content\/uploads\/2021\/09\/gd_alho-sem-odor-90-caps-now-300x300.jpg","_links":{"self":[{"href":"https:\/\/www.lifenatura.com\/es\/wp-json\/wp\/v2\/product\/39996","targetHints":{"allow":["GET"]}}],"collection":[{"href":"https:\/\/www.lifenatura.com\/es\/wp-json\/wp\/v2\/product"}],"about":[{"href":"https:\/\/www.lifenatura.com\/es\/wp-json\/wp\/v2\/types\/product"}],"wp:featuredmedia":[{"embeddable":true,"href":"https:\/\/www.lifenatura.com\/es\/wp-json\/wp\/v2\/media\/21298"}],"wp:attachment":[{"href":"https:\/\/www.lifenatura.com\/es\/wp-json\/wp\/v2\/media?parent=39996"}],"wp:term":[{"taxonomy":"product_brand","embeddable":true,"href":"https:\/\/www.lifenatura.com\/es\/wp-json\/wp\/v2\/product_brand?post=39996"},{"taxonomy":"product_cat","embeddable":true,"href":"https:\/\/www.lifenatura.com\/es\/wp-json\/wp\/v2\/product_cat?post=39996"},{"taxonomy":"product_tag","embeddable":true,"href":"https:\/\/www.lifenatura.com\/es\/wp-json\/wp\/v2\/product_tag?post=39996"}],"curies":[{"name":"wp","href":"https:\/\/api.w.org\/{rel}","templated":true}]}}