{"id":39962,"date":"2021-09-30T10:32:44","date_gmt":"2021-09-30T10:32:44","guid":{"rendered":"https:\/\/lifenatura.dev.agenciagetdigital.com\/produto\/picolinato-de-cromio-200-mcg-100-capsulas-now\/"},"modified":"2026-05-03T00:08:01","modified_gmt":"2026-05-03T00:08:01","slug":"picolinato-de-cromio-200-mcg-100-capsulas-now","status":"publish","type":"product","link":"https:\/\/www.lifenatura.com\/es\/produto\/picolinato-de-cromio-200-mcg-100-capsulas-now\/","title":{"rendered":"Picolinato de Cr\u00f3mio 200 mcg 100 c\u00e1psulas &#8211; Now"},"content":{"rendered":"<p>Indicado para la diabetes El picolinato de cromo es un mineral esencial que act\u00faa junto con la insulina para mantener los niveles de glucosa en la sangre y desempe\u00f1a un papel importante en la utilizaci\u00f3n adecuada de prote\u00ednas, grasas y carbohidratos. Tambi\u00e9n ayuda a metabolizar la grasa, a convertir la prote\u00edna en m\u00fasculo y a convertir el az\u00facar en energ\u00eda. Cuando el cromo es activado por la insulina, aumenta la cantidad disponible de az\u00facar en la sangre para la producci\u00f3n de energ\u00eda en casi veinte veces. PRESENTACI\u00d3N 100 c\u00e1psulas.<\/p>\n","protected":false},"excerpt":{"rendered":"<p>Indicado para la diabetes El picolinato de cromo es un mineral esencial que act\u00faa junto con la insulina para mantener los niveles de glucosa en la sangre y desempe\u00f1a un papel importante en la utilizaci\u00f3n adecuada de prote\u00ednas, grasas y carbohidratos. Tambi\u00e9n ayuda a metabolizar la grasa, a convertir la prote\u00edna en m\u00fasculo y a [&#8230;]<\/p>\n<p><a class=\"btn btn-secondary understrap-read-more-link\" href=\"https:\/\/www.lifenatura.com\/es\/produto\/picolinato-de-cromio-200-mcg-100-capsulas-now\/\">Leer m\u00e1s&#8230;<span class=\"screen-reader-text\"> from Picolinato de Cr\u00f3mio 200 mcg 100 c\u00e1psulas &#8211; Now<\/span><\/a><\/p>\n","protected":false},"featured_media":138084,"template":"","meta":{"_acf_changed":false},"product_brand":[8428],"product_cat":[7224,7179],"product_tag":[],"class_list":{"0":"post-39962","1":"product","2":"type-product","3":"status-publish","4":"has-post-thumbnail","6":"product_brand-now","7":"product_cat-diabetes-salud","8":"product_cat-salud","10":"first","11":"instock","12":"sale","13":"featured","14":"shipping-taxable","15":"purchasable","16":"product-type-simple","17":"add-to-wishlist-before_image"},"acf":[],"yoast_head":"<!-- This site is optimized with the Yoast SEO Premium plugin v27.1 (Yoast SEO v27.5) - https:\/\/yoast.com\/product\/yoast-seo-premium-wordpress\/ -->\n<title>Picolinato de Cr\u00f3mio 200 mcg 100 c\u00e1psulas - Now<\/title>\n<meta name=\"description\" content=\"El picolinato de cromo es un mineral esencial que act\u00faa junto con la insulina para mantener los niveles de glucosa en la sangre y desempe\u00f1a un papel importante en la utilizaci\u00f3n adecuada de prote\u00ednas, grasas y carbohidratos.\" \/>\n<meta name=\"robots\" content=\"index, follow, max-snippet:-1, max-image-preview:large, max-video-preview:-1\" \/>\n<link rel=\"canonical\" href=\"https:\/\/www.lifenatura.com\/es\/produto\/picolinato-de-cromio-200-mcg-100-capsulas-now\/\" \/>\n<meta property=\"og:locale\" content=\"es_ES\" \/>\n<meta property=\"og:type\" content=\"article\" \/>\n<meta property=\"og:title\" content=\"Picolinato de Cr\u00f3mio 200 mcg 100 c\u00e1psulas - Now - Na Lifenatura ao Melhor Pre\u00e7o | Envio 48h\" \/>\n<meta property=\"og:description\" content=\"Compre Picolinato de Cr\u00f3mio 200 mcg 100 c\u00e1psulas - Now com envio r\u00e1pido. Entrega em 48h e portes gr\u00e1tis em compras &gt;35\u20ac. Aproveite j\u00e1 na Lifenatura\" \/>\n<meta property=\"og:url\" content=\"https:\/\/www.lifenatura.com\/es\/produto\/picolinato-de-cromio-200-mcg-100-capsulas-now\/\" \/>\n<meta property=\"og:site_name\" content=\"Lifenatura\" \/>\n<meta property=\"article:publisher\" content=\"https:\/\/www.facebook.com\/lifenatura\" \/>\n<meta property=\"article:modified_time\" content=\"2026-05-03T00:08:01+00:00\" \/>\n<meta property=\"og:image\" content=\"https:\/\/www.lifenatura.com\/wp-content\/uploads\/2021\/09\/gd_picolinato-cromio-100caps-now.jpg\" \/>\n\t<meta property=\"og:image:width\" content=\"1000\" \/>\n\t<meta property=\"og:image:height\" content=\"1005\" \/>\n\t<meta property=\"og:image:type\" content=\"image\/jpeg\" \/>\n<meta name=\"twitter:card\" content=\"summary_large_image\" \/>\n<meta name=\"twitter:label1\" content=\"Precio\" \/>\n\t<meta name=\"twitter:data1\" content=\"10,85&nbsp;&euro;\" \/>\n\t<meta name=\"twitter:label2\" content=\"Disponibilidad\" \/>\n\t<meta name=\"twitter:data2\" content=\"Disponible\" \/>\n<script type=\"application\/ld+json\" class=\"yoast-schema-graph\">{\"@context\":\"https:\\\/\\\/schema.org\",\"@graph\":[{\"@type\":\"WebPage\",\"@id\":\"https:\\\/\\\/www.lifenatura.com\\\/es\\\/produto\\\/picolinato-de-cromio-200-mcg-100-capsulas-now\\\/\",\"url\":\"https:\\\/\\\/www.lifenatura.com\\\/es\\\/produto\\\/picolinato-de-cromio-200-mcg-100-capsulas-now\\\/\",\"name\":\"Picolinato de Cr\u00f3mio 200 mcg 100 c\u00e1psulas - Now\",\"isPartOf\":{\"@id\":\"https:\\\/\\\/www.lifenatura.com\\\/es\\\/#website\"},\"primaryImageOfPage\":{\"@id\":\"https:\\\/\\\/www.lifenatura.com\\\/es\\\/produto\\\/picolinato-de-cromio-200-mcg-100-capsulas-now\\\/#primaryimage\"},\"image\":{\"@id\":\"https:\\\/\\\/www.lifenatura.com\\\/es\\\/produto\\\/picolinato-de-cromio-200-mcg-100-capsulas-now\\\/#primaryimage\"},\"thumbnailUrl\":\"https:\\\/\\\/www.lifenatura.com\\\/wp-content\\\/uploads\\\/2026\\\/04\\\/chromium-picolinate.jpg\",\"datePublished\":\"2021-09-30T10:32:44+00:00\",\"dateModified\":\"2026-05-03T00:08:01+00:00\",\"description\":\"El picolinato de cromo es un mineral esencial que act\u00faa junto con la insulina para mantener los niveles de glucosa en la sangre y desempe\u00f1a un papel importante en la utilizaci\u00f3n adecuada de prote\u00ednas, grasas y carbohidratos.\",\"breadcrumb\":{\"@id\":\"https:\\\/\\\/www.lifenatura.com\\\/es\\\/produto\\\/picolinato-de-cromio-200-mcg-100-capsulas-now\\\/#breadcrumb\"},\"inLanguage\":\"es\",\"potentialAction\":[{\"@type\":\"ReadAction\",\"target\":[\"https:\\\/\\\/www.lifenatura.com\\\/es\\\/produto\\\/picolinato-de-cromio-200-mcg-100-capsulas-now\\\/\"]}]},{\"@type\":\"ImageObject\",\"inLanguage\":\"es\",\"@id\":\"https:\\\/\\\/www.lifenatura.com\\\/es\\\/produto\\\/picolinato-de-cromio-200-mcg-100-capsulas-now\\\/#primaryimage\",\"url\":\"https:\\\/\\\/www.lifenatura.com\\\/wp-content\\\/uploads\\\/2026\\\/04\\\/chromium-picolinate.jpg\",\"contentUrl\":\"https:\\\/\\\/www.lifenatura.com\\\/wp-content\\\/uploads\\\/2026\\\/04\\\/chromium-picolinate.jpg\",\"width\":458,\"height\":575},{\"@type\":\"BreadcrumbList\",\"@id\":\"https:\\\/\\\/www.lifenatura.com\\\/es\\\/produto\\\/picolinato-de-cromio-200-mcg-100-capsulas-now\\\/#breadcrumb\",\"itemListElement\":[{\"@type\":\"ListItem\",\"position\":1,\"name\":\"In\u00edcio\",\"item\":\"https:\\\/\\\/www.lifenatura.com\\\/es\\\/\"},{\"@type\":\"ListItem\",\"position\":2,\"name\":\"Todos los Productos\",\"item\":\"https:\\\/\\\/www.lifenatura.com\\\/es\\\/tienda\\\/\"},{\"@type\":\"ListItem\",\"position\":3,\"name\":\"Picolinato de Cr\u00f3mio 200 mcg 100 c\u00e1psulas &#8211; Now\"}]},{\"@type\":\"WebSite\",\"@id\":\"https:\\\/\\\/www.lifenatura.com\\\/es\\\/#website\",\"url\":\"https:\\\/\\\/www.lifenatura.com\\\/es\\\/\",\"name\":\"Lifenatura\",\"description\":\"A Lifenatura \u00e9 uma loja de produtos naturais, cosm\u00e9tica natural e alimenta\u00e7\u00e3o Biol\u00f3gica.\",\"publisher\":{\"@id\":\"https:\\\/\\\/www.lifenatura.com\\\/es\\\/#organization\"},\"potentialAction\":[{\"@type\":\"SearchAction\",\"target\":{\"@type\":\"EntryPoint\",\"urlTemplate\":\"https:\\\/\\\/www.lifenatura.com\\\/es\\\/?s={search_term_string}\"},\"query-input\":{\"@type\":\"PropertyValueSpecification\",\"valueRequired\":true,\"valueName\":\"search_term_string\"}}],\"inLanguage\":\"es\"},{\"@type\":\"Organization\",\"@id\":\"https:\\\/\\\/www.lifenatura.com\\\/es\\\/#organization\",\"name\":\"Lifenatura\",\"url\":\"https:\\\/\\\/www.lifenatura.com\\\/es\\\/\",\"logo\":{\"@type\":\"ImageObject\",\"inLanguage\":\"es\",\"@id\":\"https:\\\/\\\/www.lifenatura.com\\\/es\\\/#\\\/schema\\\/logo\\\/image\\\/\",\"url\":\"https:\\\/\\\/www.lifenatura.com\\\/wp-content\\\/uploads\\\/2021\\\/07\\\/logo.png\",\"contentUrl\":\"https:\\\/\\\/www.lifenatura.com\\\/wp-content\\\/uploads\\\/2021\\\/07\\\/logo.png\",\"width\":175,\"height\":55,\"caption\":\"Lifenatura\"},\"image\":{\"@id\":\"https:\\\/\\\/www.lifenatura.com\\\/es\\\/#\\\/schema\\\/logo\\\/image\\\/\"},\"sameAs\":[\"https:\\\/\\\/www.facebook.com\\\/lifenatura\",\"https:\\\/\\\/www.instagram.com\\\/lifenaturapt\\\/\"],\"hasMerchantReturnPolicy\":{\"@type\":\"MerchantReturnPolicy\",\"merchantReturnLink\":\"https:\\\/\\\/www.lifenatura.com\\\/termos-condicoes-lifenatura\\\/\"}}]}<\/script>\n<meta property=\"product:price:amount\" content=\"10.85\" \/>\n<meta property=\"product:price:currency\" content=\"EUR\" \/>\n<meta property=\"og:availability\" content=\"instock\" \/>\n<meta property=\"product:availability\" content=\"instock\" \/>\n<meta property=\"product:retailer_item_id\" content=\"733739014207\" \/>\n<meta property=\"product:condition\" content=\"new\" \/>\n<!-- \/ Yoast SEO Premium plugin. -->","yoast_head_json":{"title":"Picolinato de Cr\u00f3mio 200 mcg 100 c\u00e1psulas - Now","description":"El picolinato de cromo es un mineral esencial que act\u00faa junto con la insulina para mantener los niveles de glucosa en la sangre y desempe\u00f1a un papel importante en la utilizaci\u00f3n adecuada de prote\u00ednas, grasas y carbohidratos.","robots":{"index":"index","follow":"follow","max-snippet":"max-snippet:-1","max-image-preview":"max-image-preview:large","max-video-preview":"max-video-preview:-1"},"canonical":"https:\/\/www.lifenatura.com\/es\/produto\/picolinato-de-cromio-200-mcg-100-capsulas-now\/","og_locale":"es_ES","og_type":"article","og_title":"Picolinato de Cr\u00f3mio 200 mcg 100 c\u00e1psulas - Now - Na Lifenatura ao Melhor Pre\u00e7o | Envio 48h","og_description":"Compre Picolinato de Cr\u00f3mio 200 mcg 100 c\u00e1psulas - Now com envio r\u00e1pido. Entrega em 48h e portes gr\u00e1tis em compras >35\u20ac. Aproveite j\u00e1 na Lifenatura","og_url":"https:\/\/www.lifenatura.com\/es\/produto\/picolinato-de-cromio-200-mcg-100-capsulas-now\/","og_site_name":"Lifenatura","article_publisher":"https:\/\/www.facebook.com\/lifenatura","article_modified_time":"2026-05-03T00:08:01+00:00","og_image":[{"width":1000,"height":1005,"url":"https:\/\/www.lifenatura.com\/wp-content\/uploads\/2021\/09\/gd_picolinato-cromio-100caps-now.jpg","type":"image\/jpeg"}],"twitter_card":"summary_large_image","twitter_misc":{"Precio":"10,85&nbsp;&euro;","Disponibilidad":"Disponible"},"schema":{"@context":"https:\/\/schema.org","@graph":[{"@type":"WebPage","@id":"https:\/\/www.lifenatura.com\/es\/produto\/picolinato-de-cromio-200-mcg-100-capsulas-now\/","url":"https:\/\/www.lifenatura.com\/es\/produto\/picolinato-de-cromio-200-mcg-100-capsulas-now\/","name":"Picolinato de Cr\u00f3mio 200 mcg 100 c\u00e1psulas - Now","isPartOf":{"@id":"https:\/\/www.lifenatura.com\/es\/#website"},"primaryImageOfPage":{"@id":"https:\/\/www.lifenatura.com\/es\/produto\/picolinato-de-cromio-200-mcg-100-capsulas-now\/#primaryimage"},"image":{"@id":"https:\/\/www.lifenatura.com\/es\/produto\/picolinato-de-cromio-200-mcg-100-capsulas-now\/#primaryimage"},"thumbnailUrl":"https:\/\/www.lifenatura.com\/wp-content\/uploads\/2026\/04\/chromium-picolinate.jpg","datePublished":"2021-09-30T10:32:44+00:00","dateModified":"2026-05-03T00:08:01+00:00","description":"El picolinato de cromo es un mineral esencial que act\u00faa junto con la insulina para mantener los niveles de glucosa en la sangre y desempe\u00f1a un papel importante en la utilizaci\u00f3n adecuada de prote\u00ednas, grasas y carbohidratos.","breadcrumb":{"@id":"https:\/\/www.lifenatura.com\/es\/produto\/picolinato-de-cromio-200-mcg-100-capsulas-now\/#breadcrumb"},"inLanguage":"es","potentialAction":[{"@type":"ReadAction","target":["https:\/\/www.lifenatura.com\/es\/produto\/picolinato-de-cromio-200-mcg-100-capsulas-now\/"]}]},{"@type":"ImageObject","inLanguage":"es","@id":"https:\/\/www.lifenatura.com\/es\/produto\/picolinato-de-cromio-200-mcg-100-capsulas-now\/#primaryimage","url":"https:\/\/www.lifenatura.com\/wp-content\/uploads\/2026\/04\/chromium-picolinate.jpg","contentUrl":"https:\/\/www.lifenatura.com\/wp-content\/uploads\/2026\/04\/chromium-picolinate.jpg","width":458,"height":575},{"@type":"BreadcrumbList","@id":"https:\/\/www.lifenatura.com\/es\/produto\/picolinato-de-cromio-200-mcg-100-capsulas-now\/#breadcrumb","itemListElement":[{"@type":"ListItem","position":1,"name":"In\u00edcio","item":"https:\/\/www.lifenatura.com\/es\/"},{"@type":"ListItem","position":2,"name":"Todos los Productos","item":"https:\/\/www.lifenatura.com\/es\/tienda\/"},{"@type":"ListItem","position":3,"name":"Picolinato de Cr\u00f3mio 200 mcg 100 c\u00e1psulas &#8211; Now"}]},{"@type":"WebSite","@id":"https:\/\/www.lifenatura.com\/es\/#website","url":"https:\/\/www.lifenatura.com\/es\/","name":"Lifenatura","description":"A Lifenatura \u00e9 uma loja de produtos naturais, cosm\u00e9tica natural e alimenta\u00e7\u00e3o Biol\u00f3gica.","publisher":{"@id":"https:\/\/www.lifenatura.com\/es\/#organization"},"potentialAction":[{"@type":"SearchAction","target":{"@type":"EntryPoint","urlTemplate":"https:\/\/www.lifenatura.com\/es\/?s={search_term_string}"},"query-input":{"@type":"PropertyValueSpecification","valueRequired":true,"valueName":"search_term_string"}}],"inLanguage":"es"},{"@type":"Organization","@id":"https:\/\/www.lifenatura.com\/es\/#organization","name":"Lifenatura","url":"https:\/\/www.lifenatura.com\/es\/","logo":{"@type":"ImageObject","inLanguage":"es","@id":"https:\/\/www.lifenatura.com\/es\/#\/schema\/logo\/image\/","url":"https:\/\/www.lifenatura.com\/wp-content\/uploads\/2021\/07\/logo.png","contentUrl":"https:\/\/www.lifenatura.com\/wp-content\/uploads\/2021\/07\/logo.png","width":175,"height":55,"caption":"Lifenatura"},"image":{"@id":"https:\/\/www.lifenatura.com\/es\/#\/schema\/logo\/image\/"},"sameAs":["https:\/\/www.facebook.com\/lifenatura","https:\/\/www.instagram.com\/lifenaturapt\/"],"hasMerchantReturnPolicy":{"@type":"MerchantReturnPolicy","merchantReturnLink":"https:\/\/www.lifenatura.com\/termos-condicoes-lifenatura\/"}}]},"product_price_amount":"10.85","product_price_currency":"EUR","og_availability":"instock","product_availability":"instock","product_retailer_item_id":"733739014207","product_condition":"new"},"df_price":10.85,"df_sale_price":10.85,"df_regular_price":13.57,"df_image_link":"https:\/\/www.lifenatura.com\/wp-content\/uploads\/2026\/04\/chromium-picolinate-239x300.jpg","_links":{"self":[{"href":"https:\/\/www.lifenatura.com\/es\/wp-json\/wp\/v2\/product\/39962","targetHints":{"allow":["GET"]}}],"collection":[{"href":"https:\/\/www.lifenatura.com\/es\/wp-json\/wp\/v2\/product"}],"about":[{"href":"https:\/\/www.lifenatura.com\/es\/wp-json\/wp\/v2\/types\/product"}],"wp:featuredmedia":[{"embeddable":true,"href":"https:\/\/www.lifenatura.com\/es\/wp-json\/wp\/v2\/media\/138084"}],"wp:attachment":[{"href":"https:\/\/www.lifenatura.com\/es\/wp-json\/wp\/v2\/media?parent=39962"}],"wp:term":[{"taxonomy":"product_brand","embeddable":true,"href":"https:\/\/www.lifenatura.com\/es\/wp-json\/wp\/v2\/product_brand?post=39962"},{"taxonomy":"product_cat","embeddable":true,"href":"https:\/\/www.lifenatura.com\/es\/wp-json\/wp\/v2\/product_cat?post=39962"},{"taxonomy":"product_tag","embeddable":true,"href":"https:\/\/www.lifenatura.com\/es\/wp-json\/wp\/v2\/product_tag?post=39962"}],"curies":[{"name":"wp","href":"https:\/\/api.w.org\/{rel}","templated":true}]}}