{"id":39940,"date":"2021-09-30T10:32:00","date_gmt":"2021-09-30T10:32:00","guid":{"rendered":"https:\/\/lifenatura.dev.agenciagetdigital.com\/produto\/gymnema-sylvestre-400-mg-90-capsulas-vegetais-now\/"},"modified":"2026-05-03T00:07:56","modified_gmt":"2026-05-03T00:07:56","slug":"gymnema-sylvestre-400-mg-90-capsulas-vegetais-now","status":"publish","type":"product","link":"https:\/\/www.lifenatura.com\/es\/produto\/gymnema-sylvestre-400-mg-90-capsulas-vegetais-now\/","title":{"rendered":"Gymnema Sylvestre 400 mg 90 c\u00e1psulas vegetais &#8211; Now"},"content":{"rendered":"<p>Indicado para el sistema digestivo Gymnema sylvestre es una hierba tradicionalmente utilizada en la India durante siglos. La investigaci\u00f3n moderna demuestra que esta hierba puede contribuir al metabolismo saludable de la glucosa a trav\u00e9s de su capacidad para promover una funci\u00f3n pancre\u00e1tica saludable. Adem\u00e1s, Gymnema tiene potentes propiedades de eliminaci\u00f3n de radicales libres. PRESENTACI\u00d3N 90 c\u00e1psulas.<\/p>\n","protected":false},"excerpt":{"rendered":"<p>Indicado para el sistema digestivo Gymnema sylvestre es una hierba tradicionalmente utilizada en la India durante siglos. La investigaci\u00f3n moderna demuestra que esta hierba puede contribuir al metabolismo saludable de la glucosa a trav\u00e9s de su capacidad para promover una funci\u00f3n pancre\u00e1tica saludable. Adem\u00e1s, Gymnema tiene potentes propiedades de eliminaci\u00f3n de radicales libres. PRESENTACI\u00d3N 90 [&#8230;]<\/p>\n<p><a class=\"btn btn-secondary understrap-read-more-link\" href=\"https:\/\/www.lifenatura.com\/es\/produto\/gymnema-sylvestre-400-mg-90-capsulas-vegetais-now\/\">Leer m\u00e1s&#8230;<span class=\"screen-reader-text\"> from Gymnema Sylvestre 400 mg 90 c\u00e1psulas vegetais &#8211; Now<\/span><\/a><\/p>\n","protected":false},"featured_media":138273,"template":"","meta":{"_acf_changed":false},"product_brand":[8428],"product_cat":[7179],"product_tag":[],"class_list":{"0":"post-39940","1":"product","2":"type-product","3":"status-publish","4":"has-post-thumbnail","6":"product_brand-now","7":"product_cat-salud","9":"first","10":"instock","11":"sale","12":"featured","13":"shipping-taxable","14":"purchasable","15":"product-type-simple","16":"add-to-wishlist-before_image"},"acf":[],"yoast_head":"<!-- This site is optimized with the Yoast SEO Premium plugin v27.1 (Yoast SEO v27.5) - https:\/\/yoast.com\/product\/yoast-seo-premium-wordpress\/ -->\n<title>Gymnema Sylvestre 400 mg 90 c\u00e1psulas vegetais - Now<\/title>\n<meta name=\"description\" content=\"Gymnema sylvestre contribuye al metabolismo saludable de la glucosa a trav\u00e9s de su capacidad para promover una funci\u00f3n pancre\u00e1tica saludable.\" \/>\n<meta name=\"robots\" content=\"index, follow, max-snippet:-1, max-image-preview:large, max-video-preview:-1\" \/>\n<link rel=\"canonical\" href=\"https:\/\/www.lifenatura.com\/es\/produto\/gymnema-sylvestre-400-mg-90-capsulas-vegetais-now\/\" \/>\n<meta property=\"og:locale\" content=\"es_ES\" \/>\n<meta property=\"og:type\" content=\"article\" \/>\n<meta property=\"og:title\" content=\"Gymnema Sylvestre 400 mg 90 c\u00e1psulas vegetais - Now - Na Lifenatura ao Melhor Pre\u00e7o | Envio 48h\" \/>\n<meta property=\"og:description\" content=\"Compre Gymnema Sylvestre 400 mg 90 c\u00e1psulas vegetais - Now com envio r\u00e1pido. Entrega em 48h e portes gr\u00e1tis em compras &gt;35\u20ac. Aproveite j\u00e1 na Lifenatura\" \/>\n<meta property=\"og:url\" content=\"https:\/\/www.lifenatura.com\/es\/produto\/gymnema-sylvestre-400-mg-90-capsulas-vegetais-now\/\" \/>\n<meta property=\"og:site_name\" content=\"Lifenatura\" \/>\n<meta property=\"article:publisher\" content=\"https:\/\/www.facebook.com\/lifenatura\" \/>\n<meta property=\"article:modified_time\" content=\"2026-05-03T00:07:56+00:00\" \/>\n<meta property=\"og:image\" content=\"https:\/\/www.lifenatura.com\/wp-content\/uploads\/2021\/09\/gd_gymnema-silvestre-400400mg-90-caps-now.jpg\" \/>\n\t<meta property=\"og:image:width\" content=\"1000\" \/>\n\t<meta property=\"og:image:height\" content=\"1000\" \/>\n\t<meta property=\"og:image:type\" content=\"image\/jpeg\" \/>\n<meta name=\"twitter:card\" content=\"summary_large_image\" \/>\n<meta name=\"twitter:label1\" content=\"Precio\" \/>\n\t<meta name=\"twitter:data1\" content=\"20,78&nbsp;&euro;\" \/>\n\t<meta name=\"twitter:label2\" content=\"Disponibilidad\" \/>\n\t<meta name=\"twitter:data2\" content=\"Disponible\" \/>\n<script type=\"application\/ld+json\" class=\"yoast-schema-graph\">{\"@context\":\"https:\\\/\\\/schema.org\",\"@graph\":[{\"@type\":\"WebPage\",\"@id\":\"https:\\\/\\\/www.lifenatura.com\\\/es\\\/produto\\\/gymnema-sylvestre-400-mg-90-capsulas-vegetais-now\\\/\",\"url\":\"https:\\\/\\\/www.lifenatura.com\\\/es\\\/produto\\\/gymnema-sylvestre-400-mg-90-capsulas-vegetais-now\\\/\",\"name\":\"Gymnema Sylvestre 400 mg 90 c\u00e1psulas vegetais - Now\",\"isPartOf\":{\"@id\":\"https:\\\/\\\/www.lifenatura.com\\\/es\\\/#website\"},\"primaryImageOfPage\":{\"@id\":\"https:\\\/\\\/www.lifenatura.com\\\/es\\\/produto\\\/gymnema-sylvestre-400-mg-90-capsulas-vegetais-now\\\/#primaryimage\"},\"image\":{\"@id\":\"https:\\\/\\\/www.lifenatura.com\\\/es\\\/produto\\\/gymnema-sylvestre-400-mg-90-capsulas-vegetais-now\\\/#primaryimage\"},\"thumbnailUrl\":\"https:\\\/\\\/www.lifenatura.com\\\/wp-content\\\/uploads\\\/2026\\\/04\\\/Gymnema-sylvestre.jpg\",\"datePublished\":\"2021-09-30T10:32:00+00:00\",\"dateModified\":\"2026-05-03T00:07:56+00:00\",\"description\":\"Gymnema sylvestre contribuye al metabolismo saludable de la glucosa a trav\u00e9s de su capacidad para promover una funci\u00f3n pancre\u00e1tica saludable.\",\"breadcrumb\":{\"@id\":\"https:\\\/\\\/www.lifenatura.com\\\/es\\\/produto\\\/gymnema-sylvestre-400-mg-90-capsulas-vegetais-now\\\/#breadcrumb\"},\"inLanguage\":\"es\",\"potentialAction\":[{\"@type\":\"ReadAction\",\"target\":[\"https:\\\/\\\/www.lifenatura.com\\\/es\\\/produto\\\/gymnema-sylvestre-400-mg-90-capsulas-vegetais-now\\\/\"]}]},{\"@type\":\"ImageObject\",\"inLanguage\":\"es\",\"@id\":\"https:\\\/\\\/www.lifenatura.com\\\/es\\\/produto\\\/gymnema-sylvestre-400-mg-90-capsulas-vegetais-now\\\/#primaryimage\",\"url\":\"https:\\\/\\\/www.lifenatura.com\\\/wp-content\\\/uploads\\\/2026\\\/04\\\/Gymnema-sylvestre.jpg\",\"contentUrl\":\"https:\\\/\\\/www.lifenatura.com\\\/wp-content\\\/uploads\\\/2026\\\/04\\\/Gymnema-sylvestre.jpg\",\"width\":458,\"height\":575},{\"@type\":\"BreadcrumbList\",\"@id\":\"https:\\\/\\\/www.lifenatura.com\\\/es\\\/produto\\\/gymnema-sylvestre-400-mg-90-capsulas-vegetais-now\\\/#breadcrumb\",\"itemListElement\":[{\"@type\":\"ListItem\",\"position\":1,\"name\":\"In\u00edcio\",\"item\":\"https:\\\/\\\/www.lifenatura.com\\\/es\\\/\"},{\"@type\":\"ListItem\",\"position\":2,\"name\":\"Todos los Productos\",\"item\":\"https:\\\/\\\/www.lifenatura.com\\\/es\\\/tienda\\\/\"},{\"@type\":\"ListItem\",\"position\":3,\"name\":\"Gymnema Sylvestre 400 mg 90 c\u00e1psulas vegetais &#8211; Now\"}]},{\"@type\":\"WebSite\",\"@id\":\"https:\\\/\\\/www.lifenatura.com\\\/es\\\/#website\",\"url\":\"https:\\\/\\\/www.lifenatura.com\\\/es\\\/\",\"name\":\"Lifenatura\",\"description\":\"A Lifenatura \u00e9 uma loja de produtos naturais, cosm\u00e9tica natural e alimenta\u00e7\u00e3o Biol\u00f3gica.\",\"publisher\":{\"@id\":\"https:\\\/\\\/www.lifenatura.com\\\/es\\\/#organization\"},\"potentialAction\":[{\"@type\":\"SearchAction\",\"target\":{\"@type\":\"EntryPoint\",\"urlTemplate\":\"https:\\\/\\\/www.lifenatura.com\\\/es\\\/?s={search_term_string}\"},\"query-input\":{\"@type\":\"PropertyValueSpecification\",\"valueRequired\":true,\"valueName\":\"search_term_string\"}}],\"inLanguage\":\"es\"},{\"@type\":\"Organization\",\"@id\":\"https:\\\/\\\/www.lifenatura.com\\\/es\\\/#organization\",\"name\":\"Lifenatura\",\"url\":\"https:\\\/\\\/www.lifenatura.com\\\/es\\\/\",\"logo\":{\"@type\":\"ImageObject\",\"inLanguage\":\"es\",\"@id\":\"https:\\\/\\\/www.lifenatura.com\\\/es\\\/#\\\/schema\\\/logo\\\/image\\\/\",\"url\":\"https:\\\/\\\/www.lifenatura.com\\\/wp-content\\\/uploads\\\/2021\\\/07\\\/logo.png\",\"contentUrl\":\"https:\\\/\\\/www.lifenatura.com\\\/wp-content\\\/uploads\\\/2021\\\/07\\\/logo.png\",\"width\":175,\"height\":55,\"caption\":\"Lifenatura\"},\"image\":{\"@id\":\"https:\\\/\\\/www.lifenatura.com\\\/es\\\/#\\\/schema\\\/logo\\\/image\\\/\"},\"sameAs\":[\"https:\\\/\\\/www.facebook.com\\\/lifenatura\",\"https:\\\/\\\/www.instagram.com\\\/lifenaturapt\\\/\"],\"hasMerchantReturnPolicy\":{\"@type\":\"MerchantReturnPolicy\",\"merchantReturnLink\":\"https:\\\/\\\/www.lifenatura.com\\\/termos-condicoes-lifenatura\\\/\"}}]}<\/script>\n<meta property=\"product:price:amount\" content=\"20.78\" \/>\n<meta property=\"product:price:currency\" content=\"EUR\" \/>\n<meta property=\"og:availability\" content=\"instock\" \/>\n<meta property=\"product:availability\" content=\"instock\" \/>\n<meta property=\"product:retailer_item_id\" content=\"733739047076\" \/>\n<meta property=\"product:condition\" content=\"new\" \/>\n<!-- \/ Yoast SEO Premium plugin. -->","yoast_head_json":{"title":"Gymnema Sylvestre 400 mg 90 c\u00e1psulas vegetais - Now","description":"Gymnema sylvestre contribuye al metabolismo saludable de la glucosa a trav\u00e9s de su capacidad para promover una funci\u00f3n pancre\u00e1tica saludable.","robots":{"index":"index","follow":"follow","max-snippet":"max-snippet:-1","max-image-preview":"max-image-preview:large","max-video-preview":"max-video-preview:-1"},"canonical":"https:\/\/www.lifenatura.com\/es\/produto\/gymnema-sylvestre-400-mg-90-capsulas-vegetais-now\/","og_locale":"es_ES","og_type":"article","og_title":"Gymnema Sylvestre 400 mg 90 c\u00e1psulas vegetais - Now - Na Lifenatura ao Melhor Pre\u00e7o | Envio 48h","og_description":"Compre Gymnema Sylvestre 400 mg 90 c\u00e1psulas vegetais - Now com envio r\u00e1pido. Entrega em 48h e portes gr\u00e1tis em compras >35\u20ac. Aproveite j\u00e1 na Lifenatura","og_url":"https:\/\/www.lifenatura.com\/es\/produto\/gymnema-sylvestre-400-mg-90-capsulas-vegetais-now\/","og_site_name":"Lifenatura","article_publisher":"https:\/\/www.facebook.com\/lifenatura","article_modified_time":"2026-05-03T00:07:56+00:00","og_image":[{"width":1000,"height":1000,"url":"https:\/\/www.lifenatura.com\/wp-content\/uploads\/2021\/09\/gd_gymnema-silvestre-400400mg-90-caps-now.jpg","type":"image\/jpeg"}],"twitter_card":"summary_large_image","twitter_misc":{"Precio":"20,78&nbsp;&euro;","Disponibilidad":"Disponible"},"schema":{"@context":"https:\/\/schema.org","@graph":[{"@type":"WebPage","@id":"https:\/\/www.lifenatura.com\/es\/produto\/gymnema-sylvestre-400-mg-90-capsulas-vegetais-now\/","url":"https:\/\/www.lifenatura.com\/es\/produto\/gymnema-sylvestre-400-mg-90-capsulas-vegetais-now\/","name":"Gymnema Sylvestre 400 mg 90 c\u00e1psulas vegetais - Now","isPartOf":{"@id":"https:\/\/www.lifenatura.com\/es\/#website"},"primaryImageOfPage":{"@id":"https:\/\/www.lifenatura.com\/es\/produto\/gymnema-sylvestre-400-mg-90-capsulas-vegetais-now\/#primaryimage"},"image":{"@id":"https:\/\/www.lifenatura.com\/es\/produto\/gymnema-sylvestre-400-mg-90-capsulas-vegetais-now\/#primaryimage"},"thumbnailUrl":"https:\/\/www.lifenatura.com\/wp-content\/uploads\/2026\/04\/Gymnema-sylvestre.jpg","datePublished":"2021-09-30T10:32:00+00:00","dateModified":"2026-05-03T00:07:56+00:00","description":"Gymnema sylvestre contribuye al metabolismo saludable de la glucosa a trav\u00e9s de su capacidad para promover una funci\u00f3n pancre\u00e1tica saludable.","breadcrumb":{"@id":"https:\/\/www.lifenatura.com\/es\/produto\/gymnema-sylvestre-400-mg-90-capsulas-vegetais-now\/#breadcrumb"},"inLanguage":"es","potentialAction":[{"@type":"ReadAction","target":["https:\/\/www.lifenatura.com\/es\/produto\/gymnema-sylvestre-400-mg-90-capsulas-vegetais-now\/"]}]},{"@type":"ImageObject","inLanguage":"es","@id":"https:\/\/www.lifenatura.com\/es\/produto\/gymnema-sylvestre-400-mg-90-capsulas-vegetais-now\/#primaryimage","url":"https:\/\/www.lifenatura.com\/wp-content\/uploads\/2026\/04\/Gymnema-sylvestre.jpg","contentUrl":"https:\/\/www.lifenatura.com\/wp-content\/uploads\/2026\/04\/Gymnema-sylvestre.jpg","width":458,"height":575},{"@type":"BreadcrumbList","@id":"https:\/\/www.lifenatura.com\/es\/produto\/gymnema-sylvestre-400-mg-90-capsulas-vegetais-now\/#breadcrumb","itemListElement":[{"@type":"ListItem","position":1,"name":"In\u00edcio","item":"https:\/\/www.lifenatura.com\/es\/"},{"@type":"ListItem","position":2,"name":"Todos los Productos","item":"https:\/\/www.lifenatura.com\/es\/tienda\/"},{"@type":"ListItem","position":3,"name":"Gymnema Sylvestre 400 mg 90 c\u00e1psulas vegetais &#8211; Now"}]},{"@type":"WebSite","@id":"https:\/\/www.lifenatura.com\/es\/#website","url":"https:\/\/www.lifenatura.com\/es\/","name":"Lifenatura","description":"A Lifenatura \u00e9 uma loja de produtos naturais, cosm\u00e9tica natural e alimenta\u00e7\u00e3o Biol\u00f3gica.","publisher":{"@id":"https:\/\/www.lifenatura.com\/es\/#organization"},"potentialAction":[{"@type":"SearchAction","target":{"@type":"EntryPoint","urlTemplate":"https:\/\/www.lifenatura.com\/es\/?s={search_term_string}"},"query-input":{"@type":"PropertyValueSpecification","valueRequired":true,"valueName":"search_term_string"}}],"inLanguage":"es"},{"@type":"Organization","@id":"https:\/\/www.lifenatura.com\/es\/#organization","name":"Lifenatura","url":"https:\/\/www.lifenatura.com\/es\/","logo":{"@type":"ImageObject","inLanguage":"es","@id":"https:\/\/www.lifenatura.com\/es\/#\/schema\/logo\/image\/","url":"https:\/\/www.lifenatura.com\/wp-content\/uploads\/2021\/07\/logo.png","contentUrl":"https:\/\/www.lifenatura.com\/wp-content\/uploads\/2021\/07\/logo.png","width":175,"height":55,"caption":"Lifenatura"},"image":{"@id":"https:\/\/www.lifenatura.com\/es\/#\/schema\/logo\/image\/"},"sameAs":["https:\/\/www.facebook.com\/lifenatura","https:\/\/www.instagram.com\/lifenaturapt\/"],"hasMerchantReturnPolicy":{"@type":"MerchantReturnPolicy","merchantReturnLink":"https:\/\/www.lifenatura.com\/termos-condicoes-lifenatura\/"}}]},"product_price_amount":"20.78","product_price_currency":"EUR","og_availability":"instock","product_availability":"instock","product_retailer_item_id":"733739047076","product_condition":"new"},"df_price":20.78,"df_sale_price":20.78,"df_regular_price":25.98,"df_image_link":"https:\/\/www.lifenatura.com\/wp-content\/uploads\/2026\/04\/Gymnema-sylvestre-239x300.jpg","_links":{"self":[{"href":"https:\/\/www.lifenatura.com\/es\/wp-json\/wp\/v2\/product\/39940","targetHints":{"allow":["GET"]}}],"collection":[{"href":"https:\/\/www.lifenatura.com\/es\/wp-json\/wp\/v2\/product"}],"about":[{"href":"https:\/\/www.lifenatura.com\/es\/wp-json\/wp\/v2\/types\/product"}],"wp:featuredmedia":[{"embeddable":true,"href":"https:\/\/www.lifenatura.com\/es\/wp-json\/wp\/v2\/media\/138273"}],"wp:attachment":[{"href":"https:\/\/www.lifenatura.com\/es\/wp-json\/wp\/v2\/media?parent=39940"}],"wp:term":[{"taxonomy":"product_brand","embeddable":true,"href":"https:\/\/www.lifenatura.com\/es\/wp-json\/wp\/v2\/product_brand?post=39940"},{"taxonomy":"product_cat","embeddable":true,"href":"https:\/\/www.lifenatura.com\/es\/wp-json\/wp\/v2\/product_cat?post=39940"},{"taxonomy":"product_tag","embeddable":true,"href":"https:\/\/www.lifenatura.com\/es\/wp-json\/wp\/v2\/product_tag?post=39940"}],"curies":[{"name":"wp","href":"https:\/\/api.w.org\/{rel}","templated":true}]}}