{"id":39938,"date":"2021-09-30T10:32:00","date_gmt":"2021-09-30T10:32:00","guid":{"rendered":"https:\/\/lifenatura.dev.agenciagetdigital.com\/produto\/gr-8-dophilus-probiotico-now\/"},"modified":"2022-08-21T14:57:45","modified_gmt":"2022-08-21T14:57:45","slug":"gr-8-dophilus-probiotico-now","status":"publish","type":"product","link":"https:\/\/www.lifenatura.com\/es\/produto\/gr-8-dophilus-probiotico-now\/","title":{"rendered":"GR-8 Dophilus Probi\u00f3tico &#8211; Now"},"content":{"rendered":"<p>Probi\u00f3ticos para el Sistema Digestivo Gr8-Dophilus es un probi\u00f3tico que utiliza exclusivamente lo mejor de las cepas de Rhodia Incorporated (l\u00edder mundial), proveedor de ingredientes probi\u00f3ticos de alta calidad. Lactobacillus acidophilus es una especie de microflora bien estudiada, altamente resistente a la acidez g\u00e1strica y que prolifera en presencia de bilis. PRESENTACI\u00d3N 60 c\u00e1psulas.<\/p>\n","protected":false},"excerpt":{"rendered":"<p>Probi\u00f3ticos para el Sistema Digestivo Gr8-Dophilus es un probi\u00f3tico que utiliza exclusivamente lo mejor de las cepas de Rhodia Incorporated (l\u00edder mundial), proveedor de ingredientes probi\u00f3ticos de alta calidad. Lactobacillus acidophilus es una especie de microflora bien estudiada, altamente resistente a la acidez g\u00e1strica y que prolifera en presencia de bilis. PRESENTACI\u00d3N 60 c\u00e1psulas. [&#8230;]<\/p>\n<p><a class=\"btn btn-secondary understrap-read-more-link\" href=\"https:\/\/www.lifenatura.com\/es\/produto\/gr-8-dophilus-probiotico-now\/\">Leer m\u00e1s&#8230;<span class=\"screen-reader-text\"> from GR-8 Dophilus Probi\u00f3tico &#8211; Now<\/span><\/a><\/p>\n","protected":false},"featured_media":21240,"template":"","meta":{"_acf_changed":false},"product_brand":[8428],"product_cat":[7256,7659,7770,7179],"product_tag":[],"class_list":{"0":"post-39938","1":"product","2":"type-product","3":"status-publish","4":"has-post-thumbnail","6":"product_brand-now","7":"product_cat-flora-intestinal-salud","8":"product_cat-ingrediente-natural-bio","9":"product_cat-probioticos-es","10":"product_cat-salud","12":"first","13":"instock","14":"sale","15":"shipping-taxable","16":"purchasable","17":"product-type-simple","18":"add-to-wishlist-before_image"},"acf":[],"yoast_head":"<!-- This site is optimized with the Yoast SEO Premium plugin v27.1 (Yoast SEO v27.3) - https:\/\/yoast.com\/product\/yoast-seo-premium-wordpress\/ -->\n<title>GR-8 Dophilus Probi\u00f3tico - Now<\/title>\n<meta name=\"description\" content=\"Gr8-DophiluS utiliza exclusivamente lo mejor de las cepas de Rhodia Incorporated (l\u00edder mundial), proveedor de ingredientes probi\u00f3ticos de alta calidad.\" \/>\n<meta name=\"robots\" content=\"index, follow, max-snippet:-1, max-image-preview:large, max-video-preview:-1\" \/>\n<link rel=\"canonical\" href=\"https:\/\/www.lifenatura.com\/es\/produto\/gr-8-dophilus-probiotico-now\/\" \/>\n<meta property=\"og:locale\" content=\"es_ES\" \/>\n<meta property=\"og:type\" content=\"article\" \/>\n<meta property=\"og:title\" content=\"GR-8 Dophilus Probi\u00f3tico - Now - Lifenatura\" \/>\n<meta property=\"og:description\" content=\"Compre aqui o seu GR-8 Dophilus Probi\u00f3tico - Now e a Lifenatura Online envia em 48 H com Portes Gratis &gt;35\u20ac de Pedido.\" \/>\n<meta property=\"og:url\" content=\"https:\/\/www.lifenatura.com\/es\/produto\/gr-8-dophilus-probiotico-now\/\" \/>\n<meta property=\"og:site_name\" content=\"Lifenatura\" \/>\n<meta property=\"article:publisher\" content=\"https:\/\/www.facebook.com\/lifenatura\" \/>\n<meta property=\"article:modified_time\" content=\"2022-08-21T14:57:45+00:00\" \/>\n<meta property=\"og:image\" content=\"https:\/\/www.lifenatura.com\/wp-content\/uploads\/2021\/09\/gd_gr-8-dophilus-60caps-now.jpg\" \/>\n\t<meta property=\"og:image:width\" content=\"1000\" \/>\n\t<meta property=\"og:image:height\" content=\"1000\" \/>\n\t<meta property=\"og:image:type\" content=\"image\/jpeg\" \/>\n<meta name=\"twitter:card\" content=\"summary_large_image\" \/>\n<meta name=\"twitter:label1\" content=\"Precio\" \/>\n\t<meta name=\"twitter:data1\" content=\"23,66&nbsp;&euro;\" \/>\n\t<meta name=\"twitter:label2\" content=\"Disponibilidad\" \/>\n\t<meta name=\"twitter:data2\" content=\"Disponible\" \/>\n<meta property=\"product:price:amount\" content=\"23.66\" \/>\n<meta property=\"product:price:currency\" content=\"EUR\" \/>\n<meta property=\"og:availability\" content=\"instock\" \/>\n<meta property=\"product:availability\" content=\"instock\" \/>\n<meta property=\"product:retailer_item_id\" content=\"733739029126\" \/>\n<meta property=\"product:condition\" content=\"new\" \/>\n<!-- \/ Yoast SEO Premium plugin. -->","yoast_head_json":{"title":"GR-8 Dophilus Probi\u00f3tico - Now","description":"Gr8-DophiluS utiliza exclusivamente lo mejor de las cepas de Rhodia Incorporated (l\u00edder mundial), proveedor de ingredientes probi\u00f3ticos de alta calidad.","robots":{"index":"index","follow":"follow","max-snippet":"max-snippet:-1","max-image-preview":"max-image-preview:large","max-video-preview":"max-video-preview:-1"},"canonical":"https:\/\/www.lifenatura.com\/es\/produto\/gr-8-dophilus-probiotico-now\/","og_locale":"es_ES","og_type":"article","og_title":"GR-8 Dophilus Probi\u00f3tico - Now - Lifenatura","og_description":"Compre aqui o seu GR-8 Dophilus Probi\u00f3tico - Now e a Lifenatura Online envia em 48 H com Portes Gratis >35\u20ac de Pedido.","og_url":"https:\/\/www.lifenatura.com\/es\/produto\/gr-8-dophilus-probiotico-now\/","og_site_name":"Lifenatura","article_publisher":"https:\/\/www.facebook.com\/lifenatura","article_modified_time":"2022-08-21T14:57:45+00:00","og_image":[{"width":1000,"height":1000,"url":"https:\/\/www.lifenatura.com\/wp-content\/uploads\/2021\/09\/gd_gr-8-dophilus-60caps-now.jpg","type":"image\/jpeg"}],"twitter_card":"summary_large_image","twitter_misc":{"Precio":"23,66&nbsp;&euro;","Disponibilidad":"Disponible"},"schema":{"@context":"https:\/\/schema.org","@graph":[{"@type":"WebPage","@id":"https:\/\/www.lifenatura.com\/es\/produto\/gr-8-dophilus-probiotico-now\/","url":"https:\/\/www.lifenatura.com\/es\/produto\/gr-8-dophilus-probiotico-now\/","name":"GR-8 Dophilus Probi\u00f3tico - Now","isPartOf":{"@id":"https:\/\/www.lifenatura.com\/es\/#website"},"primaryImageOfPage":{"@id":"https:\/\/www.lifenatura.com\/es\/produto\/gr-8-dophilus-probiotico-now\/#primaryimage"},"image":{"@id":"https:\/\/www.lifenatura.com\/es\/produto\/gr-8-dophilus-probiotico-now\/#primaryimage"},"thumbnailUrl":"https:\/\/www.lifenatura.com\/wp-content\/uploads\/2021\/09\/gd_gr-8-dophilus-60caps-now.jpg","datePublished":"2021-09-30T10:32:00+00:00","dateModified":"2022-08-21T14:57:45+00:00","description":"Gr8-DophiluS utiliza exclusivamente lo mejor de las cepas de Rhodia Incorporated (l\u00edder mundial), proveedor de ingredientes probi\u00f3ticos de alta calidad.","breadcrumb":{"@id":"https:\/\/www.lifenatura.com\/es\/produto\/gr-8-dophilus-probiotico-now\/#breadcrumb"},"inLanguage":"es","potentialAction":[{"@type":"ReadAction","target":["https:\/\/www.lifenatura.com\/es\/produto\/gr-8-dophilus-probiotico-now\/"]}]},{"@type":"ImageObject","inLanguage":"es","@id":"https:\/\/www.lifenatura.com\/es\/produto\/gr-8-dophilus-probiotico-now\/#primaryimage","url":"https:\/\/www.lifenatura.com\/wp-content\/uploads\/2021\/09\/gd_gr-8-dophilus-60caps-now.jpg","contentUrl":"https:\/\/www.lifenatura.com\/wp-content\/uploads\/2021\/09\/gd_gr-8-dophilus-60caps-now.jpg","width":1000,"height":1000,"caption":"GR-8 Dophilus Probi\u00f3tico - Now"},{"@type":"BreadcrumbList","@id":"https:\/\/www.lifenatura.com\/es\/produto\/gr-8-dophilus-probiotico-now\/#breadcrumb","itemListElement":[{"@type":"ListItem","position":1,"name":"In\u00edcio","item":"https:\/\/www.lifenatura.com\/es\/"},{"@type":"ListItem","position":2,"name":"Todos los Productos","item":"https:\/\/www.lifenatura.com\/es\/tienda\/"},{"@type":"ListItem","position":3,"name":"GR-8 Dophilus Probi\u00f3tico &#8211; Now"}]},{"@type":"WebSite","@id":"https:\/\/www.lifenatura.com\/es\/#website","url":"https:\/\/www.lifenatura.com\/es\/","name":"Lifenatura","description":"A Lifenatura \u00e9 uma loja de produtos naturais, cosm\u00e9tica natural e alimenta\u00e7\u00e3o Biol\u00f3gica.","publisher":{"@id":"https:\/\/www.lifenatura.com\/es\/#organization"},"potentialAction":[{"@type":"SearchAction","target":{"@type":"EntryPoint","urlTemplate":"https:\/\/www.lifenatura.com\/es\/?s={search_term_string}"},"query-input":{"@type":"PropertyValueSpecification","valueRequired":true,"valueName":"search_term_string"}}],"inLanguage":"es"},{"@type":"Organization","@id":"https:\/\/www.lifenatura.com\/es\/#organization","name":"Lifenatura","url":"https:\/\/www.lifenatura.com\/es\/","logo":{"@type":"ImageObject","inLanguage":"es","@id":"https:\/\/www.lifenatura.com\/es\/#\/schema\/logo\/image\/","url":"https:\/\/www.lifenatura.com\/wp-content\/uploads\/2021\/11\/logo.png","contentUrl":"https:\/\/www.lifenatura.com\/wp-content\/uploads\/2021\/11\/logo.png","width":175,"height":55,"caption":"Lifenatura"},"image":{"@id":"https:\/\/www.lifenatura.com\/es\/#\/schema\/logo\/image\/"},"sameAs":["https:\/\/www.facebook.com\/lifenatura","https:\/\/www.instagram.com\/lifenaturapt\/"]}]},"product_price_amount":"23.66","product_price_currency":"EUR","og_availability":"instock","product_availability":"instock","product_retailer_item_id":"733739029126","product_condition":"new"},"df_price":23.66,"df_sale_price":23.66,"df_regular_price":29.58,"df_image_link":"https:\/\/www.lifenatura.com\/wp-content\/uploads\/2021\/09\/gd_gr-8-dophilus-60caps-now-300x300.jpg","_links":{"self":[{"href":"https:\/\/www.lifenatura.com\/es\/wp-json\/wp\/v2\/product\/39938","targetHints":{"allow":["GET"]}}],"collection":[{"href":"https:\/\/www.lifenatura.com\/es\/wp-json\/wp\/v2\/product"}],"about":[{"href":"https:\/\/www.lifenatura.com\/es\/wp-json\/wp\/v2\/types\/product"}],"wp:featuredmedia":[{"embeddable":true,"href":"https:\/\/www.lifenatura.com\/es\/wp-json\/wp\/v2\/media\/21240"}],"wp:attachment":[{"href":"https:\/\/www.lifenatura.com\/es\/wp-json\/wp\/v2\/media?parent=39938"}],"wp:term":[{"taxonomy":"product_brand","embeddable":true,"href":"https:\/\/www.lifenatura.com\/es\/wp-json\/wp\/v2\/product_brand?post=39938"},{"taxonomy":"product_cat","embeddable":true,"href":"https:\/\/www.lifenatura.com\/es\/wp-json\/wp\/v2\/product_cat?post=39938"},{"taxonomy":"product_tag","embeddable":true,"href":"https:\/\/www.lifenatura.com\/es\/wp-json\/wp\/v2\/product_tag?post=39938"}],"curies":[{"name":"wp","href":"https:\/\/api.w.org\/{rel}","templated":true}]}}