{"id":39925,"date":"2021-09-30T10:32:00","date_gmt":"2021-09-30T10:32:00","guid":{"rendered":"https:\/\/lifenatura.dev.agenciagetdigital.com\/produto\/curcumina-extracto-95-665-mg-60-capsulas-vegetais-now\/"},"modified":"2022-08-21T14:57:32","modified_gmt":"2022-08-21T14:57:32","slug":"curcumina-extracto-95-665-mg-60-capsulas-vegetais-now","status":"publish","type":"product","link":"https:\/\/www.lifenatura.com\/es\/produto\/curcumina-extracto-95-665-mg-60-capsulas-vegetais-now\/","title":{"rendered":"Curcumina Extracto 95% 665 mg 60 c\u00e1psulas vegetais &#8211; Now"},"content":{"rendered":"<p>Indicado para el sistema inmune El extracto de curcumina es un suplemento diet\u00e9tico indicado para promover la salud del colon, ayuda a promover la comodidad de las articulaciones al apoyar la funci\u00f3n neurol\u00f3gica y el mantenimiento del sistema cardiovascular saludable. La curcumina tiene potentes propiedades de eliminaci\u00f3n de radicales libres que pueden ayudar a la salud del colon, promover la comodidad de las articulaciones, apoyar la funci\u00f3n neurol\u00f3gica saludable y ayudar a mantener un sistema cardiovascular saludable. PRESENTACI\u00d3N 60 c\u00e1psulas.<\/p>\n","protected":false},"excerpt":{"rendered":"<p>Indicado para el sistema inmune El extracto de curcumina es un suplemento diet\u00e9tico indicado para promover la salud del colon, ayuda a promover la comodidad de las articulaciones al apoyar la funci\u00f3n neurol\u00f3gica y el mantenimiento del sistema cardiovascular saludable. La curcumina tiene potentes propiedades de eliminaci\u00f3n de radicales libres que pueden ayudar a la [&#8230;]<\/p>\n<p><a class=\"btn btn-secondary understrap-read-more-link\" href=\"https:\/\/www.lifenatura.com\/es\/produto\/curcumina-extracto-95-665-mg-60-capsulas-vegetais-now\/\">Leer m\u00e1s&#8230;<span class=\"screen-reader-text\"> from Curcumina Extracto 95% 665 mg 60 c\u00e1psulas vegetais &#8211; Now<\/span><\/a><\/p>\n","protected":false},"featured_media":21227,"template":"","meta":{"_acf_changed":false},"product_brand":[8428],"product_cat":[7999,7236,7695,7659,7179,7883],"product_tag":[],"class_list":{"0":"post-39925","1":"product","2":"type-product","3":"status-publish","4":"has-post-thumbnail","6":"product_brand-now","7":"product_cat-antiinflamatorio-natural","8":"product_cat-antioxidantes-salud","9":"product_cat-curcuma-bio","10":"product_cat-ingrediente-natural-bio","11":"product_cat-salud","12":"product_cat-suplementos-alimenticios","14":"first","15":"instock","16":"sale","17":"shipping-taxable","18":"purchasable","19":"product-type-simple","20":"add-to-wishlist-before_image"},"acf":[],"yoast_head":"<!-- This site is optimized with the Yoast SEO Premium plugin v27.1 (Yoast SEO v27.4) - https:\/\/yoast.com\/product\/yoast-seo-premium-wordpress\/ -->\n<title>Curcumina Extracto 95% 665 mg 60 c\u00e1psulas vegetais - Now<\/title>\n<meta name=\"description\" content=\"El extracto de curcumina es un suplemento diet\u00e9tico indicado para promover la salud del colon, ayuda a promover la comodidad de las articulaciones al apoyar la funci\u00f3n neurol\u00f3gica y el mantenimiento del sistema cardiovascular saludable\" \/>\n<meta name=\"robots\" content=\"index, follow, max-snippet:-1, max-image-preview:large, max-video-preview:-1\" \/>\n<link rel=\"canonical\" href=\"https:\/\/www.lifenatura.com\/es\/produto\/curcumina-extracto-95-665-mg-60-capsulas-vegetais-now\/\" \/>\n<meta property=\"og:locale\" content=\"es_ES\" \/>\n<meta property=\"og:type\" content=\"article\" \/>\n<meta property=\"og:title\" content=\"Curcumina Extracto 95% 665 mg 60 c\u00e1psulas vegetais - Now - Na Lifenatura ao Melhor Pre\u00e7o | Envio 48h\" \/>\n<meta property=\"og:description\" content=\"Compre Curcumina Extracto 95% 665 mg 60 c\u00e1psulas vegetais - Now com envio r\u00e1pido. Entrega em 48h e portes gr\u00e1tis em compras &gt;35\u20ac. Aproveite j\u00e1 na Lifenatura\" \/>\n<meta property=\"og:url\" content=\"https:\/\/www.lifenatura.com\/es\/produto\/curcumina-extracto-95-665-mg-60-capsulas-vegetais-now\/\" \/>\n<meta property=\"og:site_name\" content=\"Lifenatura\" \/>\n<meta property=\"article:publisher\" content=\"https:\/\/www.facebook.com\/lifenatura\" \/>\n<meta property=\"article:modified_time\" content=\"2022-08-21T14:57:32+00:00\" \/>\n<meta property=\"og:image\" content=\"https:\/\/www.lifenatura.com\/wp-content\/uploads\/2021\/09\/gd_curcumina-extracto-60-caps-now.jpg\" \/>\n\t<meta property=\"og:image:width\" content=\"1000\" \/>\n\t<meta property=\"og:image:height\" content=\"1000\" \/>\n\t<meta property=\"og:image:type\" content=\"image\/jpeg\" \/>\n<meta name=\"twitter:card\" content=\"summary_large_image\" \/>\n<meta name=\"twitter:label1\" content=\"Precio\" \/>\n\t<meta name=\"twitter:data1\" content=\"33,51&nbsp;&euro;\" \/>\n\t<meta name=\"twitter:label2\" content=\"Disponibilidad\" \/>\n\t<meta name=\"twitter:data2\" content=\"Disponible\" \/>\n<script type=\"application\/ld+json\" class=\"yoast-schema-graph\">{\"@context\":\"https:\\\/\\\/schema.org\",\"@graph\":[{\"@type\":\"WebPage\",\"@id\":\"https:\\\/\\\/www.lifenatura.com\\\/es\\\/produto\\\/curcumina-extracto-95-665-mg-60-capsulas-vegetais-now\\\/\",\"url\":\"https:\\\/\\\/www.lifenatura.com\\\/es\\\/produto\\\/curcumina-extracto-95-665-mg-60-capsulas-vegetais-now\\\/\",\"name\":\"Curcumina Extracto 95% 665 mg 60 c\u00e1psulas vegetais - Now\",\"isPartOf\":{\"@id\":\"https:\\\/\\\/www.lifenatura.com\\\/es\\\/#website\"},\"primaryImageOfPage\":{\"@id\":\"https:\\\/\\\/www.lifenatura.com\\\/es\\\/produto\\\/curcumina-extracto-95-665-mg-60-capsulas-vegetais-now\\\/#primaryimage\"},\"image\":{\"@id\":\"https:\\\/\\\/www.lifenatura.com\\\/es\\\/produto\\\/curcumina-extracto-95-665-mg-60-capsulas-vegetais-now\\\/#primaryimage\"},\"thumbnailUrl\":\"https:\\\/\\\/www.lifenatura.com\\\/wp-content\\\/uploads\\\/2021\\\/09\\\/gd_curcumina-extracto-60-caps-now.jpg\",\"datePublished\":\"2021-09-30T10:32:00+00:00\",\"dateModified\":\"2022-08-21T14:57:32+00:00\",\"description\":\"El extracto de curcumina es un suplemento diet\u00e9tico indicado para promover la salud del colon, ayuda a promover la comodidad de las articulaciones al apoyar la funci\u00f3n neurol\u00f3gica y el mantenimiento del sistema cardiovascular saludable\",\"breadcrumb\":{\"@id\":\"https:\\\/\\\/www.lifenatura.com\\\/es\\\/produto\\\/curcumina-extracto-95-665-mg-60-capsulas-vegetais-now\\\/#breadcrumb\"},\"inLanguage\":\"es\",\"potentialAction\":[{\"@type\":\"ReadAction\",\"target\":[\"https:\\\/\\\/www.lifenatura.com\\\/es\\\/produto\\\/curcumina-extracto-95-665-mg-60-capsulas-vegetais-now\\\/\"]}]},{\"@type\":\"ImageObject\",\"inLanguage\":\"es\",\"@id\":\"https:\\\/\\\/www.lifenatura.com\\\/es\\\/produto\\\/curcumina-extracto-95-665-mg-60-capsulas-vegetais-now\\\/#primaryimage\",\"url\":\"https:\\\/\\\/www.lifenatura.com\\\/wp-content\\\/uploads\\\/2021\\\/09\\\/gd_curcumina-extracto-60-caps-now.jpg\",\"contentUrl\":\"https:\\\/\\\/www.lifenatura.com\\\/wp-content\\\/uploads\\\/2021\\\/09\\\/gd_curcumina-extracto-60-caps-now.jpg\",\"width\":1000,\"height\":1000,\"caption\":\"Curcumina Extracto 95% 665 mg 60 c\u00e1psulas vegetais - Now\"},{\"@type\":\"BreadcrumbList\",\"@id\":\"https:\\\/\\\/www.lifenatura.com\\\/es\\\/produto\\\/curcumina-extracto-95-665-mg-60-capsulas-vegetais-now\\\/#breadcrumb\",\"itemListElement\":[{\"@type\":\"ListItem\",\"position\":1,\"name\":\"In\u00edcio\",\"item\":\"https:\\\/\\\/www.lifenatura.com\\\/es\\\/\"},{\"@type\":\"ListItem\",\"position\":2,\"name\":\"Todos los Productos\",\"item\":\"https:\\\/\\\/www.lifenatura.com\\\/es\\\/tienda\\\/\"},{\"@type\":\"ListItem\",\"position\":3,\"name\":\"Curcumina Extracto 95% 665 mg 60 c\u00e1psulas vegetais &#8211; Now\"}]},{\"@type\":\"WebSite\",\"@id\":\"https:\\\/\\\/www.lifenatura.com\\\/es\\\/#website\",\"url\":\"https:\\\/\\\/www.lifenatura.com\\\/es\\\/\",\"name\":\"Lifenatura\",\"description\":\"A Lifenatura \u00e9 uma loja de produtos naturais, cosm\u00e9tica natural e alimenta\u00e7\u00e3o Biol\u00f3gica.\",\"publisher\":{\"@id\":\"https:\\\/\\\/www.lifenatura.com\\\/es\\\/#organization\"},\"potentialAction\":[{\"@type\":\"SearchAction\",\"target\":{\"@type\":\"EntryPoint\",\"urlTemplate\":\"https:\\\/\\\/www.lifenatura.com\\\/es\\\/?s={search_term_string}\"},\"query-input\":{\"@type\":\"PropertyValueSpecification\",\"valueRequired\":true,\"valueName\":\"search_term_string\"}}],\"inLanguage\":\"es\"},{\"@type\":\"Organization\",\"@id\":\"https:\\\/\\\/www.lifenatura.com\\\/es\\\/#organization\",\"name\":\"Lifenatura\",\"url\":\"https:\\\/\\\/www.lifenatura.com\\\/es\\\/\",\"logo\":{\"@type\":\"ImageObject\",\"inLanguage\":\"es\",\"@id\":\"https:\\\/\\\/www.lifenatura.com\\\/es\\\/#\\\/schema\\\/logo\\\/image\\\/\",\"url\":\"https:\\\/\\\/www.lifenatura.com\\\/wp-content\\\/uploads\\\/2021\\\/07\\\/logo.png\",\"contentUrl\":\"https:\\\/\\\/www.lifenatura.com\\\/wp-content\\\/uploads\\\/2021\\\/07\\\/logo.png\",\"width\":175,\"height\":55,\"caption\":\"Lifenatura\"},\"image\":{\"@id\":\"https:\\\/\\\/www.lifenatura.com\\\/es\\\/#\\\/schema\\\/logo\\\/image\\\/\"},\"sameAs\":[\"https:\\\/\\\/www.facebook.com\\\/lifenatura\",\"https:\\\/\\\/www.instagram.com\\\/lifenaturapt\\\/\"],\"hasMerchantReturnPolicy\":{\"@type\":\"MerchantReturnPolicy\",\"merchantReturnLink\":\"https:\\\/\\\/www.lifenatura.com\\\/termos-condicoes-lifenatura\\\/\"}}]}<\/script>\n<meta property=\"product:price:amount\" content=\"33.51\" \/>\n<meta property=\"product:price:currency\" content=\"EUR\" \/>\n<meta property=\"og:availability\" content=\"instock\" \/>\n<meta property=\"product:availability\" content=\"instock\" \/>\n<meta property=\"product:retailer_item_id\" content=\"733739046383\" \/>\n<meta property=\"product:condition\" content=\"new\" \/>\n<!-- \/ Yoast SEO Premium plugin. -->","yoast_head_json":{"title":"Curcumina Extracto 95% 665 mg 60 c\u00e1psulas vegetais - Now","description":"El extracto de curcumina es un suplemento diet\u00e9tico indicado para promover la salud del colon, ayuda a promover la comodidad de las articulaciones al apoyar la funci\u00f3n neurol\u00f3gica y el mantenimiento del sistema cardiovascular saludable","robots":{"index":"index","follow":"follow","max-snippet":"max-snippet:-1","max-image-preview":"max-image-preview:large","max-video-preview":"max-video-preview:-1"},"canonical":"https:\/\/www.lifenatura.com\/es\/produto\/curcumina-extracto-95-665-mg-60-capsulas-vegetais-now\/","og_locale":"es_ES","og_type":"article","og_title":"Curcumina Extracto 95% 665 mg 60 c\u00e1psulas vegetais - Now - Na Lifenatura ao Melhor Pre\u00e7o | Envio 48h","og_description":"Compre Curcumina Extracto 95% 665 mg 60 c\u00e1psulas vegetais - Now com envio r\u00e1pido. Entrega em 48h e portes gr\u00e1tis em compras >35\u20ac. Aproveite j\u00e1 na Lifenatura","og_url":"https:\/\/www.lifenatura.com\/es\/produto\/curcumina-extracto-95-665-mg-60-capsulas-vegetais-now\/","og_site_name":"Lifenatura","article_publisher":"https:\/\/www.facebook.com\/lifenatura","article_modified_time":"2022-08-21T14:57:32+00:00","og_image":[{"width":1000,"height":1000,"url":"https:\/\/www.lifenatura.com\/wp-content\/uploads\/2021\/09\/gd_curcumina-extracto-60-caps-now.jpg","type":"image\/jpeg"}],"twitter_card":"summary_large_image","twitter_misc":{"Precio":"33,51&nbsp;&euro;","Disponibilidad":"Disponible"},"schema":{"@context":"https:\/\/schema.org","@graph":[{"@type":"WebPage","@id":"https:\/\/www.lifenatura.com\/es\/produto\/curcumina-extracto-95-665-mg-60-capsulas-vegetais-now\/","url":"https:\/\/www.lifenatura.com\/es\/produto\/curcumina-extracto-95-665-mg-60-capsulas-vegetais-now\/","name":"Curcumina Extracto 95% 665 mg 60 c\u00e1psulas vegetais - Now","isPartOf":{"@id":"https:\/\/www.lifenatura.com\/es\/#website"},"primaryImageOfPage":{"@id":"https:\/\/www.lifenatura.com\/es\/produto\/curcumina-extracto-95-665-mg-60-capsulas-vegetais-now\/#primaryimage"},"image":{"@id":"https:\/\/www.lifenatura.com\/es\/produto\/curcumina-extracto-95-665-mg-60-capsulas-vegetais-now\/#primaryimage"},"thumbnailUrl":"https:\/\/www.lifenatura.com\/wp-content\/uploads\/2021\/09\/gd_curcumina-extracto-60-caps-now.jpg","datePublished":"2021-09-30T10:32:00+00:00","dateModified":"2022-08-21T14:57:32+00:00","description":"El extracto de curcumina es un suplemento diet\u00e9tico indicado para promover la salud del colon, ayuda a promover la comodidad de las articulaciones al apoyar la funci\u00f3n neurol\u00f3gica y el mantenimiento del sistema cardiovascular saludable","breadcrumb":{"@id":"https:\/\/www.lifenatura.com\/es\/produto\/curcumina-extracto-95-665-mg-60-capsulas-vegetais-now\/#breadcrumb"},"inLanguage":"es","potentialAction":[{"@type":"ReadAction","target":["https:\/\/www.lifenatura.com\/es\/produto\/curcumina-extracto-95-665-mg-60-capsulas-vegetais-now\/"]}]},{"@type":"ImageObject","inLanguage":"es","@id":"https:\/\/www.lifenatura.com\/es\/produto\/curcumina-extracto-95-665-mg-60-capsulas-vegetais-now\/#primaryimage","url":"https:\/\/www.lifenatura.com\/wp-content\/uploads\/2021\/09\/gd_curcumina-extracto-60-caps-now.jpg","contentUrl":"https:\/\/www.lifenatura.com\/wp-content\/uploads\/2021\/09\/gd_curcumina-extracto-60-caps-now.jpg","width":1000,"height":1000,"caption":"Curcumina Extracto 95% 665 mg 60 c\u00e1psulas vegetais - Now"},{"@type":"BreadcrumbList","@id":"https:\/\/www.lifenatura.com\/es\/produto\/curcumina-extracto-95-665-mg-60-capsulas-vegetais-now\/#breadcrumb","itemListElement":[{"@type":"ListItem","position":1,"name":"In\u00edcio","item":"https:\/\/www.lifenatura.com\/es\/"},{"@type":"ListItem","position":2,"name":"Todos los Productos","item":"https:\/\/www.lifenatura.com\/es\/tienda\/"},{"@type":"ListItem","position":3,"name":"Curcumina Extracto 95% 665 mg 60 c\u00e1psulas vegetais &#8211; Now"}]},{"@type":"WebSite","@id":"https:\/\/www.lifenatura.com\/es\/#website","url":"https:\/\/www.lifenatura.com\/es\/","name":"Lifenatura","description":"A Lifenatura \u00e9 uma loja de produtos naturais, cosm\u00e9tica natural e alimenta\u00e7\u00e3o Biol\u00f3gica.","publisher":{"@id":"https:\/\/www.lifenatura.com\/es\/#organization"},"potentialAction":[{"@type":"SearchAction","target":{"@type":"EntryPoint","urlTemplate":"https:\/\/www.lifenatura.com\/es\/?s={search_term_string}"},"query-input":{"@type":"PropertyValueSpecification","valueRequired":true,"valueName":"search_term_string"}}],"inLanguage":"es"},{"@type":"Organization","@id":"https:\/\/www.lifenatura.com\/es\/#organization","name":"Lifenatura","url":"https:\/\/www.lifenatura.com\/es\/","logo":{"@type":"ImageObject","inLanguage":"es","@id":"https:\/\/www.lifenatura.com\/es\/#\/schema\/logo\/image\/","url":"https:\/\/www.lifenatura.com\/wp-content\/uploads\/2021\/07\/logo.png","contentUrl":"https:\/\/www.lifenatura.com\/wp-content\/uploads\/2021\/07\/logo.png","width":175,"height":55,"caption":"Lifenatura"},"image":{"@id":"https:\/\/www.lifenatura.com\/es\/#\/schema\/logo\/image\/"},"sameAs":["https:\/\/www.facebook.com\/lifenatura","https:\/\/www.instagram.com\/lifenaturapt\/"],"hasMerchantReturnPolicy":{"@type":"MerchantReturnPolicy","merchantReturnLink":"https:\/\/www.lifenatura.com\/termos-condicoes-lifenatura\/"}}]},"product_price_amount":"33.51","product_price_currency":"EUR","og_availability":"instock","product_availability":"instock","product_retailer_item_id":"733739046383","product_condition":"new"},"df_price":33.51,"df_sale_price":33.51,"df_regular_price":47.87,"df_image_link":"https:\/\/www.lifenatura.com\/wp-content\/uploads\/2021\/09\/gd_curcumina-extracto-60-caps-now-300x300.jpg","_links":{"self":[{"href":"https:\/\/www.lifenatura.com\/es\/wp-json\/wp\/v2\/product\/39925","targetHints":{"allow":["GET"]}}],"collection":[{"href":"https:\/\/www.lifenatura.com\/es\/wp-json\/wp\/v2\/product"}],"about":[{"href":"https:\/\/www.lifenatura.com\/es\/wp-json\/wp\/v2\/types\/product"}],"wp:featuredmedia":[{"embeddable":true,"href":"https:\/\/www.lifenatura.com\/es\/wp-json\/wp\/v2\/media\/21227"}],"wp:attachment":[{"href":"https:\/\/www.lifenatura.com\/es\/wp-json\/wp\/v2\/media?parent=39925"}],"wp:term":[{"taxonomy":"product_brand","embeddable":true,"href":"https:\/\/www.lifenatura.com\/es\/wp-json\/wp\/v2\/product_brand?post=39925"},{"taxonomy":"product_cat","embeddable":true,"href":"https:\/\/www.lifenatura.com\/es\/wp-json\/wp\/v2\/product_cat?post=39925"},{"taxonomy":"product_tag","embeddable":true,"href":"https:\/\/www.lifenatura.com\/es\/wp-json\/wp\/v2\/product_tag?post=39925"}],"curies":[{"name":"wp","href":"https:\/\/api.w.org\/{rel}","templated":true}]}}