{"id":39907,"date":"2021-09-30T10:31:40","date_gmt":"2021-09-30T10:31:40","guid":{"rendered":"https:\/\/lifenatura.dev.agenciagetdigital.com\/produto\/acido-folico-800-mcg-250-comprimidos-now\/"},"modified":"2025-08-01T00:01:21","modified_gmt":"2025-08-01T00:01:21","slug":"acido-folico-800-mcg-250-comprimidos-now","status":"publish","type":"product","link":"https:\/\/www.lifenatura.com\/es\/produto\/acido-folico-800-mcg-250-comprimidos-now\/","title":{"rendered":"\u00c1cido F\u00f3lico 800 mcg 250 comprimidos &#8211; Now"},"content":{"rendered":"<h2 style=\"text-align: left;\"><strong>\u00c1cido f\u00f3lico 800 mcg Now apoya el embarazo y el bienestar cardiovascular<\/strong><\/h2>\n<p>&nbsp;<\/p>\n<p>\u00c1cido F\u00f3lico 800 mcg de NOW Foods es un complemento alimenticio de alta calidad que proporciona una dosis concentrada de vitamina B9, tambi\u00e9n conocida como \u00e1cido f\u00f3lico. Este nutriente es esencial para diversos procesos biol\u00f3gicos, como la formaci\u00f3n de c\u00e9lulas sangu\u00edneas, el funcionamiento del sistema nervioso y la s\u00edntesis de ADN.<\/p>\n<p>Es especialmente importante durante el embarazo, ya que contribuye al desarrollo normal del tubo neural del feto, ayudando a prevenir malformaciones cong\u00e9nitas. Sin embargo, sus beneficios se extienden a todas las etapas de la vida, y tambi\u00e9n es esencial para el metabolismo de la homociste\u00edna, favoreciendo la salud cardiovascular.<\/p>\n<p>Este suplemento es una excelente opci\u00f3n para cualquiera que busque prevenir d\u00e9ficits nutricionales, apoyar la funci\u00f3n cognitiva, la energ\u00eda mental y el bienestar general. La f\u00f3rmula de NOW no contiene gluten, lactosa, OGM ni aditivos artificiales, por lo que es apta para vegetarianos y veganos.<\/p>\n<p><strong>Principales beneficios:<\/strong><\/p>\n<ul>\n<li>Contribuye a la formaci\u00f3n normal de la sangre<\/li>\n<li>Esencial para el desarrollo sano del feto durante el embarazo<\/li>\n<li>Favorece el sistema inmunitario y la funci\u00f3n psicol\u00f3gica<\/li>\n<li>Ayuda a reducir los niveles de homociste\u00edna<\/li>\n<li>Importante para la s\u00edntesis del ADN y la divisi\u00f3n celular<\/li>\n<li>Apto para veganos y libre de al\u00e9rgenos comunes<\/li>\n<\/ul>\n<p><strong>Adecuado para:<\/strong><\/p>\n<ul>\n<li>Mujeres embarazadas o en fase de preconcepci\u00f3n<\/li>\n<li>Personas con d\u00e9ficit de vitamina B9<\/li>\n<li>Personas que deseen contribuir a la salud cardiovascular y cerebral<\/li>\n<li>Personas que siguen una dieta vegetariana o vegana<\/li>\n<\/ul>\n<p>Now&#8217;s \u00c1cido F\u00f3lico para la Fijaci\u00f3n del Hierro es una f\u00f3rmula especial para mujeres embarazadas o en per\u00edodo de lactancia. Mantiene niveles adecuados de homociste\u00edna (niveles bajos causados por deficiencia de vitamina B12). Previene la espina b\u00edfida, reduce el riesgo de nacimientos prematuros y el riesgo de defectos del tubo neural. Con vitamina B12, ayuda a mantener niveles adecuados de homociste\u00edna.<\/p>\n<p>F\u00f3rmula vegetariana.<\/p>\n<p><strong>PRESENTACI\u00d3N<\/strong><\/p>\n<p>250 comprimidos.<\/p>\n<p>&nbsp;<\/p>\n","protected":false},"excerpt":{"rendered":"<p>\u00c1cido F\u00f3lico 800 mcg de Now esencial en el embarazo y para la salud celular y cardiovascular. Suplemento vegano, sin gluten ni aditivos. [&#8230;]<\/p>\n<p><a class=\"btn btn-secondary understrap-read-more-link\" href=\"https:\/\/www.lifenatura.com\/es\/produto\/acido-folico-800-mcg-250-comprimidos-now\/\">Leer m\u00e1s&#8230;<span class=\"screen-reader-text\"> from \u00c1cido F\u00f3lico 800 mcg 250 comprimidos &#8211; Now<\/span><\/a><\/p>\n","protected":false},"featured_media":112748,"template":"","meta":{"_acf_changed":false},"product_brand":[8428],"product_cat":[7242,7179,7883,7952],"product_tag":[],"class_list":{"0":"post-39907","1":"product","2":"type-product","3":"status-publish","4":"has-post-thumbnail","6":"product_brand-now","7":"product_cat-embarazo","8":"product_cat-salud","9":"product_cat-suplementos-alimenticios","10":"product_cat-vitamina-b-es","12":"first","13":"instock","14":"sale","15":"shipping-taxable","16":"purchasable","17":"product-type-simple","18":"add-to-wishlist-before_image"},"acf":[],"yoast_head":"<!-- This site is optimized with the Yoast SEO Premium plugin v27.1 (Yoast SEO v27.3) - https:\/\/yoast.com\/product\/yoast-seo-premium-wordpress\/ -->\n<title>\u00c1cido F\u00f3lico 800 mcg 250 comprimidos - Now<\/title>\n<meta name=\"description\" content=\"\u00c1cido F\u00f3lico 800 mcg de Now esencial en el embarazo y para la salud celular y cardiovascular. Suplemento vegano, sin gluten ni aditivos.\" \/>\n<meta name=\"robots\" content=\"index, follow, max-snippet:-1, max-image-preview:large, max-video-preview:-1\" \/>\n<link rel=\"canonical\" href=\"https:\/\/www.lifenatura.com\/es\/produto\/acido-folico-800-mcg-250-comprimidos-now\/\" \/>\n<meta property=\"og:locale\" content=\"es_ES\" \/>\n<meta property=\"og:type\" content=\"article\" \/>\n<meta property=\"og:title\" content=\"\u00c1cido F\u00f3lico 800 mcg 250 comprimidos - Now - Lifenatura\" \/>\n<meta property=\"og:description\" content=\"Compre aqui o seu \u00c1cido F\u00f3lico 800 mcg 250 comprimidos - Now e a Lifenatura Online envia em 48 H com Portes Gratis &gt;35\u20ac de Pedido.\" \/>\n<meta property=\"og:url\" content=\"https:\/\/www.lifenatura.com\/es\/produto\/acido-folico-800-mcg-250-comprimidos-now\/\" \/>\n<meta property=\"og:site_name\" content=\"Lifenatura\" \/>\n<meta property=\"article:publisher\" content=\"https:\/\/www.facebook.com\/lifenatura\" \/>\n<meta property=\"article:modified_time\" content=\"2025-08-01T00:01:21+00:00\" \/>\n<meta property=\"og:image\" content=\"https:\/\/www.lifenatura.com\/wp-content\/uploads\/2021\/09\/acido-folico-now.jpg\" \/>\n\t<meta property=\"og:image:width\" content=\"1000\" \/>\n\t<meta property=\"og:image:height\" content=\"1000\" \/>\n\t<meta property=\"og:image:type\" content=\"image\/jpeg\" \/>\n<meta name=\"twitter:card\" content=\"summary_large_image\" \/>\n<meta name=\"twitter:label1\" content=\"Precio\" \/>\n\t<meta name=\"twitter:data1\" content=\"11,29&nbsp;&euro;\" \/>\n\t<meta name=\"twitter:label2\" content=\"Disponibilidad\" \/>\n\t<meta name=\"twitter:data2\" content=\"Disponible\" \/>\n<meta property=\"product:price:amount\" content=\"11.29\" \/>\n<meta property=\"product:price:currency\" content=\"EUR\" \/>\n<meta property=\"og:availability\" content=\"instock\" \/>\n<meta property=\"product:availability\" content=\"instock\" \/>\n<meta property=\"product:retailer_item_id\" content=\"733739004765\" \/>\n<meta property=\"product:condition\" content=\"new\" \/>\n<!-- \/ Yoast SEO Premium plugin. -->","yoast_head_json":{"title":"\u00c1cido F\u00f3lico 800 mcg 250 comprimidos - Now","description":"\u00c1cido F\u00f3lico 800 mcg de Now esencial en el embarazo y para la salud celular y cardiovascular. Suplemento vegano, sin gluten ni aditivos.","robots":{"index":"index","follow":"follow","max-snippet":"max-snippet:-1","max-image-preview":"max-image-preview:large","max-video-preview":"max-video-preview:-1"},"canonical":"https:\/\/www.lifenatura.com\/es\/produto\/acido-folico-800-mcg-250-comprimidos-now\/","og_locale":"es_ES","og_type":"article","og_title":"\u00c1cido F\u00f3lico 800 mcg 250 comprimidos - Now - Lifenatura","og_description":"Compre aqui o seu \u00c1cido F\u00f3lico 800 mcg 250 comprimidos - Now e a Lifenatura Online envia em 48 H com Portes Gratis >35\u20ac de Pedido.","og_url":"https:\/\/www.lifenatura.com\/es\/produto\/acido-folico-800-mcg-250-comprimidos-now\/","og_site_name":"Lifenatura","article_publisher":"https:\/\/www.facebook.com\/lifenatura","article_modified_time":"2025-08-01T00:01:21+00:00","og_image":[{"width":1000,"height":1000,"url":"https:\/\/www.lifenatura.com\/wp-content\/uploads\/2021\/09\/acido-folico-now.jpg","type":"image\/jpeg"}],"twitter_card":"summary_large_image","twitter_misc":{"Precio":"11,29&nbsp;&euro;","Disponibilidad":"Disponible"},"schema":{"@context":"https:\/\/schema.org","@graph":[{"@type":"WebPage","@id":"https:\/\/www.lifenatura.com\/es\/produto\/acido-folico-800-mcg-250-comprimidos-now\/","url":"https:\/\/www.lifenatura.com\/es\/produto\/acido-folico-800-mcg-250-comprimidos-now\/","name":"\u00c1cido F\u00f3lico 800 mcg 250 comprimidos - Now","isPartOf":{"@id":"https:\/\/www.lifenatura.com\/es\/#website"},"primaryImageOfPage":{"@id":"https:\/\/www.lifenatura.com\/es\/produto\/acido-folico-800-mcg-250-comprimidos-now\/#primaryimage"},"image":{"@id":"https:\/\/www.lifenatura.com\/es\/produto\/acido-folico-800-mcg-250-comprimidos-now\/#primaryimage"},"thumbnailUrl":"https:\/\/www.lifenatura.com\/wp-content\/uploads\/2021\/09\/acido-folico-now.jpg","datePublished":"2021-09-30T10:31:40+00:00","dateModified":"2025-08-01T00:01:21+00:00","description":"\u00c1cido F\u00f3lico 800 mcg de Now esencial en el embarazo y para la salud celular y cardiovascular. Suplemento vegano, sin gluten ni aditivos.","breadcrumb":{"@id":"https:\/\/www.lifenatura.com\/es\/produto\/acido-folico-800-mcg-250-comprimidos-now\/#breadcrumb"},"inLanguage":"es","potentialAction":[{"@type":"ReadAction","target":["https:\/\/www.lifenatura.com\/es\/produto\/acido-folico-800-mcg-250-comprimidos-now\/"]}]},{"@type":"ImageObject","inLanguage":"es","@id":"https:\/\/www.lifenatura.com\/es\/produto\/acido-folico-800-mcg-250-comprimidos-now\/#primaryimage","url":"https:\/\/www.lifenatura.com\/wp-content\/uploads\/2021\/09\/acido-folico-now.jpg","contentUrl":"https:\/\/www.lifenatura.com\/wp-content\/uploads\/2021\/09\/acido-folico-now.jpg","width":1000,"height":1000,"caption":"Acido Folico da marca Now foods"},{"@type":"BreadcrumbList","@id":"https:\/\/www.lifenatura.com\/es\/produto\/acido-folico-800-mcg-250-comprimidos-now\/#breadcrumb","itemListElement":[{"@type":"ListItem","position":1,"name":"In\u00edcio","item":"https:\/\/www.lifenatura.com\/es\/"},{"@type":"ListItem","position":2,"name":"Todos los Productos","item":"https:\/\/www.lifenatura.com\/es\/tienda\/"},{"@type":"ListItem","position":3,"name":"\u00c1cido F\u00f3lico 800 mcg 250 comprimidos &#8211; Now"}]},{"@type":"WebSite","@id":"https:\/\/www.lifenatura.com\/es\/#website","url":"https:\/\/www.lifenatura.com\/es\/","name":"Lifenatura","description":"A Lifenatura \u00e9 uma loja de produtos naturais, cosm\u00e9tica natural e alimenta\u00e7\u00e3o Biol\u00f3gica.","publisher":{"@id":"https:\/\/www.lifenatura.com\/es\/#organization"},"potentialAction":[{"@type":"SearchAction","target":{"@type":"EntryPoint","urlTemplate":"https:\/\/www.lifenatura.com\/es\/?s={search_term_string}"},"query-input":{"@type":"PropertyValueSpecification","valueRequired":true,"valueName":"search_term_string"}}],"inLanguage":"es"},{"@type":"Organization","@id":"https:\/\/www.lifenatura.com\/es\/#organization","name":"Lifenatura","url":"https:\/\/www.lifenatura.com\/es\/","logo":{"@type":"ImageObject","inLanguage":"es","@id":"https:\/\/www.lifenatura.com\/es\/#\/schema\/logo\/image\/","url":"https:\/\/www.lifenatura.com\/wp-content\/uploads\/2021\/11\/logo.png","contentUrl":"https:\/\/www.lifenatura.com\/wp-content\/uploads\/2021\/11\/logo.png","width":175,"height":55,"caption":"Lifenatura"},"image":{"@id":"https:\/\/www.lifenatura.com\/es\/#\/schema\/logo\/image\/"},"sameAs":["https:\/\/www.facebook.com\/lifenatura","https:\/\/www.instagram.com\/lifenaturapt\/"]}]},"product_price_amount":"11.29","product_price_currency":"EUR","og_availability":"instock","product_availability":"instock","product_retailer_item_id":"733739004765","product_condition":"new"},"df_price":11.29,"df_sale_price":11.29,"df_regular_price":14.11,"df_image_link":"https:\/\/www.lifenatura.com\/wp-content\/uploads\/2021\/09\/acido-folico-now-300x300.jpg","_links":{"self":[{"href":"https:\/\/www.lifenatura.com\/es\/wp-json\/wp\/v2\/product\/39907","targetHints":{"allow":["GET"]}}],"collection":[{"href":"https:\/\/www.lifenatura.com\/es\/wp-json\/wp\/v2\/product"}],"about":[{"href":"https:\/\/www.lifenatura.com\/es\/wp-json\/wp\/v2\/types\/product"}],"wp:featuredmedia":[{"embeddable":true,"href":"https:\/\/www.lifenatura.com\/es\/wp-json\/wp\/v2\/media\/112748"}],"wp:attachment":[{"href":"https:\/\/www.lifenatura.com\/es\/wp-json\/wp\/v2\/media?parent=39907"}],"wp:term":[{"taxonomy":"product_brand","embeddable":true,"href":"https:\/\/www.lifenatura.com\/es\/wp-json\/wp\/v2\/product_brand?post=39907"},{"taxonomy":"product_cat","embeddable":true,"href":"https:\/\/www.lifenatura.com\/es\/wp-json\/wp\/v2\/product_cat?post=39907"},{"taxonomy":"product_tag","embeddable":true,"href":"https:\/\/www.lifenatura.com\/es\/wp-json\/wp\/v2\/product_tag?post=39907"}],"curies":[{"name":"wp","href":"https:\/\/api.w.org\/{rel}","templated":true}]}}