{"id":39885,"date":"2021-09-30T10:31:20","date_gmt":"2021-09-30T10:31:20","guid":{"rendered":"https:\/\/lifenatura.dev.agenciagetdigital.com\/produto\/l-carnitina-4000-extra-forte-20-ampolas-novo-horizonte\/"},"modified":"2026-02-19T08:33:25","modified_gmt":"2026-02-19T08:33:25","slug":"l-carnitina-4000-extra-forte-30-ampolas-novo-horizonte","status":"publish","type":"product","link":"https:\/\/www.lifenatura.com\/es\/produto\/l-carnitina-4000-extra-forte-30-ampolas-novo-horizonte\/","title":{"rendered":"L-Carnitina 4000 Extra Forte 30 ampolas &#8211; Novo Horizonte"},"content":{"rendered":"<p>La L-Carnitina mejora el rendimiento f\u00edsico L-Carnitine 4000 Extra Forte es un complemento que est\u00e1 indicado para aportar energ\u00eda durante la pr\u00e1ctica de actividad f\u00edsica, aumentar el tono muscular, reducir el cansancio y la fatiga y favorecer la reducci\u00f3n de la grasa corporal. Tomar L-Carnitina antes de la actividad f\u00edsica tiene varios beneficios para la salud, ya que las grasas se utilizan como fuente de energ\u00eda, ahorrando as\u00ed el gluc\u00f3geno muscular, lo que ralentiza la aparici\u00f3n de fatiga f\u00edsica. Este amino\u00e1cido tambi\u00e9n mejora el uso de ox\u00edgeno durante el ejercicio (especialmente el ejercicio aer\u00f3bico, como correr), reduciendo as\u00ed los niveles de lactato y piruvato, que son las principales causas de dolor muscular despu\u00e9s del ejercicio, reduciendo el tiempo de recuperaci\u00f3n despu\u00e9s del ejercicio. esfuerzo fisico. PRESENTACI\u00d3N 30 ampollas.<\/p>\n","protected":false},"excerpt":{"rendered":"<p>La L-Carnitina mejora el rendimiento f\u00edsico L-Carnitine 4000 Extra Forte es un complemento que est\u00e1 indicado para aportar energ\u00eda durante la pr\u00e1ctica de actividad f\u00edsica, aumentar el tono muscular, reducir el cansancio y la fatiga y favorecer la reducci\u00f3n de la grasa corporal. Tomar L-Carnitina antes de la actividad f\u00edsica tiene varios beneficios para la [&#8230;]<\/p>\n<p><a class=\"btn btn-secondary understrap-read-more-link\" href=\"https:\/\/www.lifenatura.com\/es\/produto\/l-carnitina-4000-extra-forte-30-ampolas-novo-horizonte\/\">Leer m\u00e1s&#8230;<span class=\"screen-reader-text\"> from L-Carnitina 4000 Extra Forte 30 ampolas &#8211; Novo Horizonte<\/span><\/a><\/p>\n","protected":false},"featured_media":21187,"template":"","meta":{"_acf_changed":false},"product_brand":[8572],"product_cat":[7659,7728,7293,7178],"product_tag":[],"class_list":{"0":"post-39885","1":"product","2":"type-product","3":"status-publish","4":"has-post-thumbnail","6":"product_brand-novo-horizonte","7":"product_cat-ingrediente-natural-bio","8":"product_cat-l-carnitina-es","9":"product_cat-nutricion-deportiva","10":"product_cat-termogenico-nutricion","12":"first","13":"instock","14":"sale","15":"featured","16":"shipping-taxable","17":"purchasable","18":"product-type-simple","19":"add-to-wishlist-before_image"},"acf":[],"yoast_head":"<!-- This site is optimized with the Yoast SEO Premium plugin v27.1 (Yoast SEO v27.5) - https:\/\/yoast.com\/product\/yoast-seo-premium-wordpress\/ -->\n<title>L-Carnitina 4000 Extra Forte 30 ampolas - Novo Horizonte<\/title>\n<meta name=\"description\" content=\"L-Carnitine 4000 Extra Forte es un complemento que est\u00e1 indicado para aportar energ\u00eda durante la pr\u00e1ctica de actividad f\u00edsica, aumentar el tono muscular.\" \/>\n<meta name=\"robots\" content=\"index, follow, max-snippet:-1, max-image-preview:large, max-video-preview:-1\" \/>\n<link rel=\"canonical\" href=\"https:\/\/www.lifenatura.com\/es\/produto\/l-carnitina-4000-extra-forte-30-ampolas-novo-horizonte\/\" \/>\n<meta property=\"og:locale\" content=\"es_ES\" \/>\n<meta property=\"og:type\" content=\"article\" \/>\n<meta property=\"og:title\" content=\"L-Carnitina 4000 Extra Forte 30 ampolas - Novo Horizonte - Na Lifenatura ao Melhor Pre\u00e7o | Envio 48h\" \/>\n<meta property=\"og:description\" content=\"Compre L-Carnitina 4000 Extra Forte 30 ampolas - Novo Horizonte com envio r\u00e1pido. Entrega em 48h e portes gr\u00e1tis em compras &gt;35\u20ac. Aproveite j\u00e1 na Lifenatura\" \/>\n<meta property=\"og:url\" content=\"https:\/\/www.lifenatura.com\/es\/produto\/l-carnitina-4000-extra-forte-30-ampolas-novo-horizonte\/\" \/>\n<meta property=\"og:site_name\" content=\"Lifenatura\" \/>\n<meta property=\"article:publisher\" content=\"https:\/\/www.facebook.com\/lifenatura\" \/>\n<meta property=\"article:modified_time\" content=\"2026-02-19T08:33:25+00:00\" \/>\n<meta property=\"og:image\" content=\"https:\/\/www.lifenatura.com\/wp-content\/uploads\/2021\/09\/gd_l_carnitina_4000_extra_forte_novo_horizonte.jpg\" \/>\n\t<meta property=\"og:image:width\" content=\"1000\" \/>\n\t<meta property=\"og:image:height\" content=\"1000\" \/>\n\t<meta property=\"og:image:type\" content=\"image\/jpeg\" \/>\n<meta name=\"twitter:card\" content=\"summary_large_image\" \/>\n<meta name=\"twitter:label1\" content=\"Precio\" \/>\n\t<meta name=\"twitter:data1\" content=\"18,32&nbsp;&euro;\" \/>\n\t<meta name=\"twitter:label2\" content=\"Disponibilidad\" \/>\n\t<meta name=\"twitter:data2\" content=\"Disponible\" \/>\n<script type=\"application\/ld+json\" class=\"yoast-schema-graph\">{\"@context\":\"https:\\\/\\\/schema.org\",\"@graph\":[{\"@type\":\"WebPage\",\"@id\":\"https:\\\/\\\/www.lifenatura.com\\\/es\\\/produto\\\/l-carnitina-4000-extra-forte-30-ampolas-novo-horizonte\\\/\",\"url\":\"https:\\\/\\\/www.lifenatura.com\\\/es\\\/produto\\\/l-carnitina-4000-extra-forte-30-ampolas-novo-horizonte\\\/\",\"name\":\"L-Carnitina 4000 Extra Forte 30 ampolas - Novo Horizonte\",\"isPartOf\":{\"@id\":\"https:\\\/\\\/www.lifenatura.com\\\/es\\\/#website\"},\"primaryImageOfPage\":{\"@id\":\"https:\\\/\\\/www.lifenatura.com\\\/es\\\/produto\\\/l-carnitina-4000-extra-forte-30-ampolas-novo-horizonte\\\/#primaryimage\"},\"image\":{\"@id\":\"https:\\\/\\\/www.lifenatura.com\\\/es\\\/produto\\\/l-carnitina-4000-extra-forte-30-ampolas-novo-horizonte\\\/#primaryimage\"},\"thumbnailUrl\":\"https:\\\/\\\/www.lifenatura.com\\\/wp-content\\\/uploads\\\/2021\\\/09\\\/gd_l_carnitina_4000_extra_forte_novo_horizonte.jpg\",\"datePublished\":\"2021-09-30T10:31:20+00:00\",\"dateModified\":\"2026-02-19T08:33:25+00:00\",\"description\":\"L-Carnitine 4000 Extra Forte es un complemento que est\u00e1 indicado para aportar energ\u00eda durante la pr\u00e1ctica de actividad f\u00edsica, aumentar el tono muscular.\",\"breadcrumb\":{\"@id\":\"https:\\\/\\\/www.lifenatura.com\\\/es\\\/produto\\\/l-carnitina-4000-extra-forte-30-ampolas-novo-horizonte\\\/#breadcrumb\"},\"inLanguage\":\"es\",\"potentialAction\":[{\"@type\":\"ReadAction\",\"target\":[\"https:\\\/\\\/www.lifenatura.com\\\/es\\\/produto\\\/l-carnitina-4000-extra-forte-30-ampolas-novo-horizonte\\\/\"]}]},{\"@type\":\"ImageObject\",\"inLanguage\":\"es\",\"@id\":\"https:\\\/\\\/www.lifenatura.com\\\/es\\\/produto\\\/l-carnitina-4000-extra-forte-30-ampolas-novo-horizonte\\\/#primaryimage\",\"url\":\"https:\\\/\\\/www.lifenatura.com\\\/wp-content\\\/uploads\\\/2021\\\/09\\\/gd_l_carnitina_4000_extra_forte_novo_horizonte.jpg\",\"contentUrl\":\"https:\\\/\\\/www.lifenatura.com\\\/wp-content\\\/uploads\\\/2021\\\/09\\\/gd_l_carnitina_4000_extra_forte_novo_horizonte.jpg\",\"width\":1000,\"height\":1000,\"caption\":\"L-Carnitina 4000 Extra Forte 20 ampolas - Novo Horizonte\"},{\"@type\":\"BreadcrumbList\",\"@id\":\"https:\\\/\\\/www.lifenatura.com\\\/es\\\/produto\\\/l-carnitina-4000-extra-forte-30-ampolas-novo-horizonte\\\/#breadcrumb\",\"itemListElement\":[{\"@type\":\"ListItem\",\"position\":1,\"name\":\"In\u00edcio\",\"item\":\"https:\\\/\\\/www.lifenatura.com\\\/es\\\/\"},{\"@type\":\"ListItem\",\"position\":2,\"name\":\"Todos los Productos\",\"item\":\"https:\\\/\\\/www.lifenatura.com\\\/es\\\/tienda\\\/\"},{\"@type\":\"ListItem\",\"position\":3,\"name\":\"L-Carnitina 4000 Extra Forte 30 ampolas &#8211; Novo Horizonte\"}]},{\"@type\":\"WebSite\",\"@id\":\"https:\\\/\\\/www.lifenatura.com\\\/es\\\/#website\",\"url\":\"https:\\\/\\\/www.lifenatura.com\\\/es\\\/\",\"name\":\"Lifenatura\",\"description\":\"A Lifenatura \u00e9 uma loja de produtos naturais, cosm\u00e9tica natural e alimenta\u00e7\u00e3o Biol\u00f3gica.\",\"publisher\":{\"@id\":\"https:\\\/\\\/www.lifenatura.com\\\/es\\\/#organization\"},\"potentialAction\":[{\"@type\":\"SearchAction\",\"target\":{\"@type\":\"EntryPoint\",\"urlTemplate\":\"https:\\\/\\\/www.lifenatura.com\\\/es\\\/?s={search_term_string}\"},\"query-input\":{\"@type\":\"PropertyValueSpecification\",\"valueRequired\":true,\"valueName\":\"search_term_string\"}}],\"inLanguage\":\"es\"},{\"@type\":\"Organization\",\"@id\":\"https:\\\/\\\/www.lifenatura.com\\\/es\\\/#organization\",\"name\":\"Lifenatura\",\"url\":\"https:\\\/\\\/www.lifenatura.com\\\/es\\\/\",\"logo\":{\"@type\":\"ImageObject\",\"inLanguage\":\"es\",\"@id\":\"https:\\\/\\\/www.lifenatura.com\\\/es\\\/#\\\/schema\\\/logo\\\/image\\\/\",\"url\":\"https:\\\/\\\/www.lifenatura.com\\\/wp-content\\\/uploads\\\/2021\\\/07\\\/logo.png\",\"contentUrl\":\"https:\\\/\\\/www.lifenatura.com\\\/wp-content\\\/uploads\\\/2021\\\/07\\\/logo.png\",\"width\":175,\"height\":55,\"caption\":\"Lifenatura\"},\"image\":{\"@id\":\"https:\\\/\\\/www.lifenatura.com\\\/es\\\/#\\\/schema\\\/logo\\\/image\\\/\"},\"sameAs\":[\"https:\\\/\\\/www.facebook.com\\\/lifenatura\",\"https:\\\/\\\/www.instagram.com\\\/lifenaturapt\\\/\"],\"hasMerchantReturnPolicy\":{\"@type\":\"MerchantReturnPolicy\",\"merchantReturnLink\":\"https:\\\/\\\/www.lifenatura.com\\\/termos-condicoes-lifenatura\\\/\"}}]}<\/script>\n<meta property=\"product:price:amount\" content=\"18.32\" \/>\n<meta property=\"product:price:currency\" content=\"EUR\" \/>\n<meta property=\"og:availability\" content=\"instock\" \/>\n<meta property=\"product:availability\" content=\"instock\" \/>\n<meta property=\"product:retailer_item_id\" content=\"5604401999977\" \/>\n<meta property=\"product:condition\" content=\"new\" \/>\n<!-- \/ Yoast SEO Premium plugin. -->","yoast_head_json":{"title":"L-Carnitina 4000 Extra Forte 30 ampolas - Novo Horizonte","description":"L-Carnitine 4000 Extra Forte es un complemento que est\u00e1 indicado para aportar energ\u00eda durante la pr\u00e1ctica de actividad f\u00edsica, aumentar el tono muscular.","robots":{"index":"index","follow":"follow","max-snippet":"max-snippet:-1","max-image-preview":"max-image-preview:large","max-video-preview":"max-video-preview:-1"},"canonical":"https:\/\/www.lifenatura.com\/es\/produto\/l-carnitina-4000-extra-forte-30-ampolas-novo-horizonte\/","og_locale":"es_ES","og_type":"article","og_title":"L-Carnitina 4000 Extra Forte 30 ampolas - Novo Horizonte - Na Lifenatura ao Melhor Pre\u00e7o | Envio 48h","og_description":"Compre L-Carnitina 4000 Extra Forte 30 ampolas - Novo Horizonte com envio r\u00e1pido. Entrega em 48h e portes gr\u00e1tis em compras >35\u20ac. Aproveite j\u00e1 na Lifenatura","og_url":"https:\/\/www.lifenatura.com\/es\/produto\/l-carnitina-4000-extra-forte-30-ampolas-novo-horizonte\/","og_site_name":"Lifenatura","article_publisher":"https:\/\/www.facebook.com\/lifenatura","article_modified_time":"2026-02-19T08:33:25+00:00","og_image":[{"width":1000,"height":1000,"url":"https:\/\/www.lifenatura.com\/wp-content\/uploads\/2021\/09\/gd_l_carnitina_4000_extra_forte_novo_horizonte.jpg","type":"image\/jpeg"}],"twitter_card":"summary_large_image","twitter_misc":{"Precio":"18,32&nbsp;&euro;","Disponibilidad":"Disponible"},"schema":{"@context":"https:\/\/schema.org","@graph":[{"@type":"WebPage","@id":"https:\/\/www.lifenatura.com\/es\/produto\/l-carnitina-4000-extra-forte-30-ampolas-novo-horizonte\/","url":"https:\/\/www.lifenatura.com\/es\/produto\/l-carnitina-4000-extra-forte-30-ampolas-novo-horizonte\/","name":"L-Carnitina 4000 Extra Forte 30 ampolas - Novo Horizonte","isPartOf":{"@id":"https:\/\/www.lifenatura.com\/es\/#website"},"primaryImageOfPage":{"@id":"https:\/\/www.lifenatura.com\/es\/produto\/l-carnitina-4000-extra-forte-30-ampolas-novo-horizonte\/#primaryimage"},"image":{"@id":"https:\/\/www.lifenatura.com\/es\/produto\/l-carnitina-4000-extra-forte-30-ampolas-novo-horizonte\/#primaryimage"},"thumbnailUrl":"https:\/\/www.lifenatura.com\/wp-content\/uploads\/2021\/09\/gd_l_carnitina_4000_extra_forte_novo_horizonte.jpg","datePublished":"2021-09-30T10:31:20+00:00","dateModified":"2026-02-19T08:33:25+00:00","description":"L-Carnitine 4000 Extra Forte es un complemento que est\u00e1 indicado para aportar energ\u00eda durante la pr\u00e1ctica de actividad f\u00edsica, aumentar el tono muscular.","breadcrumb":{"@id":"https:\/\/www.lifenatura.com\/es\/produto\/l-carnitina-4000-extra-forte-30-ampolas-novo-horizonte\/#breadcrumb"},"inLanguage":"es","potentialAction":[{"@type":"ReadAction","target":["https:\/\/www.lifenatura.com\/es\/produto\/l-carnitina-4000-extra-forte-30-ampolas-novo-horizonte\/"]}]},{"@type":"ImageObject","inLanguage":"es","@id":"https:\/\/www.lifenatura.com\/es\/produto\/l-carnitina-4000-extra-forte-30-ampolas-novo-horizonte\/#primaryimage","url":"https:\/\/www.lifenatura.com\/wp-content\/uploads\/2021\/09\/gd_l_carnitina_4000_extra_forte_novo_horizonte.jpg","contentUrl":"https:\/\/www.lifenatura.com\/wp-content\/uploads\/2021\/09\/gd_l_carnitina_4000_extra_forte_novo_horizonte.jpg","width":1000,"height":1000,"caption":"L-Carnitina 4000 Extra Forte 20 ampolas - Novo Horizonte"},{"@type":"BreadcrumbList","@id":"https:\/\/www.lifenatura.com\/es\/produto\/l-carnitina-4000-extra-forte-30-ampolas-novo-horizonte\/#breadcrumb","itemListElement":[{"@type":"ListItem","position":1,"name":"In\u00edcio","item":"https:\/\/www.lifenatura.com\/es\/"},{"@type":"ListItem","position":2,"name":"Todos los Productos","item":"https:\/\/www.lifenatura.com\/es\/tienda\/"},{"@type":"ListItem","position":3,"name":"L-Carnitina 4000 Extra Forte 30 ampolas &#8211; Novo Horizonte"}]},{"@type":"WebSite","@id":"https:\/\/www.lifenatura.com\/es\/#website","url":"https:\/\/www.lifenatura.com\/es\/","name":"Lifenatura","description":"A Lifenatura \u00e9 uma loja de produtos naturais, cosm\u00e9tica natural e alimenta\u00e7\u00e3o Biol\u00f3gica.","publisher":{"@id":"https:\/\/www.lifenatura.com\/es\/#organization"},"potentialAction":[{"@type":"SearchAction","target":{"@type":"EntryPoint","urlTemplate":"https:\/\/www.lifenatura.com\/es\/?s={search_term_string}"},"query-input":{"@type":"PropertyValueSpecification","valueRequired":true,"valueName":"search_term_string"}}],"inLanguage":"es"},{"@type":"Organization","@id":"https:\/\/www.lifenatura.com\/es\/#organization","name":"Lifenatura","url":"https:\/\/www.lifenatura.com\/es\/","logo":{"@type":"ImageObject","inLanguage":"es","@id":"https:\/\/www.lifenatura.com\/es\/#\/schema\/logo\/image\/","url":"https:\/\/www.lifenatura.com\/wp-content\/uploads\/2021\/07\/logo.png","contentUrl":"https:\/\/www.lifenatura.com\/wp-content\/uploads\/2021\/07\/logo.png","width":175,"height":55,"caption":"Lifenatura"},"image":{"@id":"https:\/\/www.lifenatura.com\/es\/#\/schema\/logo\/image\/"},"sameAs":["https:\/\/www.facebook.com\/lifenatura","https:\/\/www.instagram.com\/lifenaturapt\/"],"hasMerchantReturnPolicy":{"@type":"MerchantReturnPolicy","merchantReturnLink":"https:\/\/www.lifenatura.com\/termos-condicoes-lifenatura\/"}}]},"product_price_amount":"18.32","product_price_currency":"EUR","og_availability":"instock","product_availability":"instock","product_retailer_item_id":"5604401999977","product_condition":"new"},"df_price":18.32,"df_sale_price":18.32,"df_regular_price":30.53,"df_image_link":"https:\/\/www.lifenatura.com\/wp-content\/uploads\/2021\/09\/gd_l_carnitina_4000_extra_forte_novo_horizonte-300x300.jpg","_links":{"self":[{"href":"https:\/\/www.lifenatura.com\/es\/wp-json\/wp\/v2\/product\/39885","targetHints":{"allow":["GET"]}}],"collection":[{"href":"https:\/\/www.lifenatura.com\/es\/wp-json\/wp\/v2\/product"}],"about":[{"href":"https:\/\/www.lifenatura.com\/es\/wp-json\/wp\/v2\/types\/product"}],"wp:featuredmedia":[{"embeddable":true,"href":"https:\/\/www.lifenatura.com\/es\/wp-json\/wp\/v2\/media\/21187"}],"wp:attachment":[{"href":"https:\/\/www.lifenatura.com\/es\/wp-json\/wp\/v2\/media?parent=39885"}],"wp:term":[{"taxonomy":"product_brand","embeddable":true,"href":"https:\/\/www.lifenatura.com\/es\/wp-json\/wp\/v2\/product_brand?post=39885"},{"taxonomy":"product_cat","embeddable":true,"href":"https:\/\/www.lifenatura.com\/es\/wp-json\/wp\/v2\/product_cat?post=39885"},{"taxonomy":"product_tag","embeddable":true,"href":"https:\/\/www.lifenatura.com\/es\/wp-json\/wp\/v2\/product_tag?post=39885"}],"curies":[{"name":"wp","href":"https:\/\/api.w.org\/{rel}","templated":true}]}}