{"id":39882,"date":"2021-09-30T10:31:20","date_gmt":"2021-09-30T10:31:20","guid":{"rendered":"https:\/\/lifenatura.dev.agenciagetdigital.com\/produto\/go-gest-30-ampolas-novo-horizonte\/"},"modified":"2026-02-19T08:33:24","modified_gmt":"2026-02-19T08:33:24","slug":"go-gest-30-ampolas-novo-horizonte","status":"publish","type":"product","link":"https:\/\/www.lifenatura.com\/es\/produto\/go-gest-30-ampolas-novo-horizonte\/","title":{"rendered":"Go-Gest 30 ampolas &#8211; Novo Horizonte"},"content":{"rendered":"<p>Indicado para el sistema hep\u00e1tico Go-Gest es un complemento alimenticio espec\u00edfico para los cambios en el sistema digestivo, est\u00e1 indicado para actuar como hepatoprotector en la prevenci\u00f3n de patolog\u00edas caracter\u00edsticas del h\u00edgado, es decir, hepatitis, colecistitis y cirrosis. Previene la formaci\u00f3n de c\u00e1lculos biliares, tiene una acci\u00f3n reguladora sobre los jugos g\u00e1stricos y equilibra las funciones digestivas. PRESENTACI\u00d3N 30 ampollas.<\/p>\n","protected":false},"excerpt":{"rendered":"<p>Indicado para el sistema hep\u00e1tico Go-Gest es un complemento alimenticio espec\u00edfico para los cambios en el sistema digestivo, est\u00e1 indicado para actuar como hepatoprotector en la prevenci\u00f3n de patolog\u00edas caracter\u00edsticas del h\u00edgado, es decir, hepatitis, colecistitis y cirrosis. Previene la formaci\u00f3n de c\u00e1lculos biliares, tiene una acci\u00f3n reguladora sobre los jugos g\u00e1stricos y equilibra las [&#8230;]<\/p>\n<p><a class=\"btn btn-secondary understrap-read-more-link\" href=\"https:\/\/www.lifenatura.com\/es\/produto\/go-gest-30-ampolas-novo-horizonte\/\">Leer m\u00e1s&#8230;<span class=\"screen-reader-text\"> from Go-Gest 30 ampolas &#8211; Novo Horizonte<\/span><\/a><\/p>\n","protected":false},"featured_media":21184,"template":"","meta":{"_acf_changed":false},"product_brand":[8572],"product_cat":[7145,7254,7163,7659,7740,7179],"product_tag":[],"class_list":{"0":"post-39882","1":"product","2":"type-product","3":"status-publish","4":"has-post-thumbnail","6":"product_brand-novo-horizonte","7":"product_cat-alcachofa","8":"product_cat-higado-vesicula","9":"product_cat-hinojo","10":"product_cat-ingrediente-natural-bio","11":"product_cat-magnesio-es","12":"product_cat-salud","14":"first","15":"outofstock","16":"shipping-taxable","17":"purchasable","18":"product-type-simple","19":"add-to-wishlist-before_image"},"acf":[],"yoast_head":"<!-- This site is optimized with the Yoast SEO Premium plugin v27.1 (Yoast SEO v27.6) - https:\/\/yoast.com\/product\/yoast-seo-premium-wordpress\/ -->\n<title>Go-Gest 30 ampolas - Novo Horizonte<\/title>\n<meta name=\"description\" content=\"Go-Gest es un complemento alimenticio espec\u00edfico para los cambios en el sistema digestivo, est\u00e1 indicado para actuar como hepatoprotector en la prevenci\u00f3n del h\u00edgado.\" \/>\n<meta name=\"robots\" content=\"index, follow, max-snippet:-1, max-image-preview:large, max-video-preview:-1\" \/>\n<link rel=\"canonical\" href=\"https:\/\/www.lifenatura.com\/es\/produto\/go-gest-30-ampolas-novo-horizonte\/\" \/>\n<meta property=\"og:locale\" content=\"es_ES\" \/>\n<meta property=\"og:type\" content=\"article\" \/>\n<meta property=\"og:title\" content=\"Go-Gest 30 ampolas - Novo Horizonte - Na Lifenatura ao Melhor Pre\u00e7o | Envio 48h\" \/>\n<meta property=\"og:description\" content=\"Compre Go-Gest 30 ampolas - Novo Horizonte com envio r\u00e1pido. Entrega em 48h e portes gr\u00e1tis em compras &gt;35\u20ac. Aproveite j\u00e1 na Lifenatura\" \/>\n<meta property=\"og:url\" content=\"https:\/\/www.lifenatura.com\/es\/produto\/go-gest-30-ampolas-novo-horizonte\/\" \/>\n<meta property=\"og:site_name\" content=\"Lifenatura\" \/>\n<meta property=\"article:publisher\" content=\"https:\/\/www.facebook.com\/lifenatura\" \/>\n<meta property=\"article:modified_time\" content=\"2026-02-19T08:33:24+00:00\" \/>\n<meta property=\"og:image\" content=\"https:\/\/www.lifenatura.com\/wp-content\/uploads\/2021\/09\/gd_go_gest_30_ampolas_novo_horizonte.jpg\" \/>\n\t<meta property=\"og:image:width\" content=\"1000\" \/>\n\t<meta property=\"og:image:height\" content=\"1000\" \/>\n\t<meta property=\"og:image:type\" content=\"image\/jpeg\" \/>\n<meta name=\"twitter:card\" content=\"summary_large_image\" \/>\n<meta name=\"twitter:label1\" content=\"Precio\" \/>\n\t<meta name=\"twitter:data1\" content=\"25,07&nbsp;&euro;\" \/>\n\t<meta name=\"twitter:label2\" content=\"Disponibilidad\" \/>\n\t<meta name=\"twitter:data2\" content=\"Sin existencias\" \/>\n<script type=\"application\/ld+json\" class=\"yoast-schema-graph\">{\"@context\":\"https:\\\/\\\/schema.org\",\"@graph\":[{\"@type\":\"WebPage\",\"@id\":\"https:\\\/\\\/www.lifenatura.com\\\/es\\\/produto\\\/go-gest-30-ampolas-novo-horizonte\\\/\",\"url\":\"https:\\\/\\\/www.lifenatura.com\\\/es\\\/produto\\\/go-gest-30-ampolas-novo-horizonte\\\/\",\"name\":\"Go-Gest 30 ampolas - Novo Horizonte\",\"isPartOf\":{\"@id\":\"https:\\\/\\\/www.lifenatura.com\\\/es\\\/#website\"},\"primaryImageOfPage\":{\"@id\":\"https:\\\/\\\/www.lifenatura.com\\\/es\\\/produto\\\/go-gest-30-ampolas-novo-horizonte\\\/#primaryimage\"},\"image\":{\"@id\":\"https:\\\/\\\/www.lifenatura.com\\\/es\\\/produto\\\/go-gest-30-ampolas-novo-horizonte\\\/#primaryimage\"},\"thumbnailUrl\":\"https:\\\/\\\/www.lifenatura.com\\\/wp-content\\\/uploads\\\/2021\\\/09\\\/gd_go_gest_30_ampolas_novo_horizonte.jpg\",\"datePublished\":\"2021-09-30T10:31:20+00:00\",\"dateModified\":\"2026-02-19T08:33:24+00:00\",\"description\":\"Go-Gest es un complemento alimenticio espec\u00edfico para los cambios en el sistema digestivo, est\u00e1 indicado para actuar como hepatoprotector en la prevenci\u00f3n del h\u00edgado.\",\"breadcrumb\":{\"@id\":\"https:\\\/\\\/www.lifenatura.com\\\/es\\\/produto\\\/go-gest-30-ampolas-novo-horizonte\\\/#breadcrumb\"},\"inLanguage\":\"es\",\"potentialAction\":[{\"@type\":\"ReadAction\",\"target\":[\"https:\\\/\\\/www.lifenatura.com\\\/es\\\/produto\\\/go-gest-30-ampolas-novo-horizonte\\\/\"]}]},{\"@type\":\"ImageObject\",\"inLanguage\":\"es\",\"@id\":\"https:\\\/\\\/www.lifenatura.com\\\/es\\\/produto\\\/go-gest-30-ampolas-novo-horizonte\\\/#primaryimage\",\"url\":\"https:\\\/\\\/www.lifenatura.com\\\/wp-content\\\/uploads\\\/2021\\\/09\\\/gd_go_gest_30_ampolas_novo_horizonte.jpg\",\"contentUrl\":\"https:\\\/\\\/www.lifenatura.com\\\/wp-content\\\/uploads\\\/2021\\\/09\\\/gd_go_gest_30_ampolas_novo_horizonte.jpg\",\"width\":1000,\"height\":1000,\"caption\":\"Go-Gest 30 ampolas - Novo Horizonte\"},{\"@type\":\"BreadcrumbList\",\"@id\":\"https:\\\/\\\/www.lifenatura.com\\\/es\\\/produto\\\/go-gest-30-ampolas-novo-horizonte\\\/#breadcrumb\",\"itemListElement\":[{\"@type\":\"ListItem\",\"position\":1,\"name\":\"In\u00edcio\",\"item\":\"https:\\\/\\\/www.lifenatura.com\\\/es\\\/\"},{\"@type\":\"ListItem\",\"position\":2,\"name\":\"Todos los Productos\",\"item\":\"https:\\\/\\\/www.lifenatura.com\\\/es\\\/tienda\\\/\"},{\"@type\":\"ListItem\",\"position\":3,\"name\":\"Go-Gest 30 ampolas &#8211; Novo Horizonte\"}]},{\"@type\":\"WebSite\",\"@id\":\"https:\\\/\\\/www.lifenatura.com\\\/es\\\/#website\",\"url\":\"https:\\\/\\\/www.lifenatura.com\\\/es\\\/\",\"name\":\"Lifenatura\",\"description\":\"A Lifenatura \u00e9 uma loja de produtos naturais, cosm\u00e9tica natural e alimenta\u00e7\u00e3o Biol\u00f3gica.\",\"publisher\":{\"@id\":\"https:\\\/\\\/www.lifenatura.com\\\/es\\\/#organization\"},\"potentialAction\":[{\"@type\":\"SearchAction\",\"target\":{\"@type\":\"EntryPoint\",\"urlTemplate\":\"https:\\\/\\\/www.lifenatura.com\\\/es\\\/?s={search_term_string}\"},\"query-input\":{\"@type\":\"PropertyValueSpecification\",\"valueRequired\":true,\"valueName\":\"search_term_string\"}}],\"inLanguage\":\"es\"},{\"@type\":\"Organization\",\"@id\":\"https:\\\/\\\/www.lifenatura.com\\\/es\\\/#organization\",\"name\":\"Lifenatura\",\"url\":\"https:\\\/\\\/www.lifenatura.com\\\/es\\\/\",\"logo\":{\"@type\":\"ImageObject\",\"inLanguage\":\"es\",\"@id\":\"https:\\\/\\\/www.lifenatura.com\\\/es\\\/#\\\/schema\\\/logo\\\/image\\\/\",\"url\":\"https:\\\/\\\/www.lifenatura.com\\\/wp-content\\\/uploads\\\/2021\\\/07\\\/logo.png\",\"contentUrl\":\"https:\\\/\\\/www.lifenatura.com\\\/wp-content\\\/uploads\\\/2021\\\/07\\\/logo.png\",\"width\":175,\"height\":55,\"caption\":\"Lifenatura\"},\"image\":{\"@id\":\"https:\\\/\\\/www.lifenatura.com\\\/es\\\/#\\\/schema\\\/logo\\\/image\\\/\"},\"sameAs\":[\"https:\\\/\\\/www.facebook.com\\\/lifenatura\",\"https:\\\/\\\/www.instagram.com\\\/lifenaturapt\\\/\"],\"hasMerchantReturnPolicy\":{\"@type\":\"MerchantReturnPolicy\",\"merchantReturnLink\":\"https:\\\/\\\/www.lifenatura.com\\\/termos-condicoes-lifenatura\\\/\"}}]}<\/script>\n<meta property=\"product:price:amount\" content=\"25.07\" \/>\n<meta property=\"product:price:currency\" content=\"EUR\" \/>\n<meta property=\"og:availability\" content=\"out of stock\" \/>\n<meta property=\"product:availability\" content=\"out of stock\" \/>\n<meta property=\"product:retailer_item_id\" content=\"5604401667074\" \/>\n<meta property=\"product:condition\" content=\"new\" \/>\n<!-- \/ Yoast SEO Premium plugin. -->","yoast_head_json":{"title":"Go-Gest 30 ampolas - Novo Horizonte","description":"Go-Gest es un complemento alimenticio espec\u00edfico para los cambios en el sistema digestivo, est\u00e1 indicado para actuar como hepatoprotector en la prevenci\u00f3n del h\u00edgado.","robots":{"index":"index","follow":"follow","max-snippet":"max-snippet:-1","max-image-preview":"max-image-preview:large","max-video-preview":"max-video-preview:-1"},"canonical":"https:\/\/www.lifenatura.com\/es\/produto\/go-gest-30-ampolas-novo-horizonte\/","og_locale":"es_ES","og_type":"article","og_title":"Go-Gest 30 ampolas - Novo Horizonte - Na Lifenatura ao Melhor Pre\u00e7o | Envio 48h","og_description":"Compre Go-Gest 30 ampolas - Novo Horizonte com envio r\u00e1pido. Entrega em 48h e portes gr\u00e1tis em compras >35\u20ac. Aproveite j\u00e1 na Lifenatura","og_url":"https:\/\/www.lifenatura.com\/es\/produto\/go-gest-30-ampolas-novo-horizonte\/","og_site_name":"Lifenatura","article_publisher":"https:\/\/www.facebook.com\/lifenatura","article_modified_time":"2026-02-19T08:33:24+00:00","og_image":[{"width":1000,"height":1000,"url":"https:\/\/www.lifenatura.com\/wp-content\/uploads\/2021\/09\/gd_go_gest_30_ampolas_novo_horizonte.jpg","type":"image\/jpeg"}],"twitter_card":"summary_large_image","twitter_misc":{"Precio":"25,07&nbsp;&euro;","Disponibilidad":"Sin existencias"},"schema":{"@context":"https:\/\/schema.org","@graph":[{"@type":"WebPage","@id":"https:\/\/www.lifenatura.com\/es\/produto\/go-gest-30-ampolas-novo-horizonte\/","url":"https:\/\/www.lifenatura.com\/es\/produto\/go-gest-30-ampolas-novo-horizonte\/","name":"Go-Gest 30 ampolas - Novo Horizonte","isPartOf":{"@id":"https:\/\/www.lifenatura.com\/es\/#website"},"primaryImageOfPage":{"@id":"https:\/\/www.lifenatura.com\/es\/produto\/go-gest-30-ampolas-novo-horizonte\/#primaryimage"},"image":{"@id":"https:\/\/www.lifenatura.com\/es\/produto\/go-gest-30-ampolas-novo-horizonte\/#primaryimage"},"thumbnailUrl":"https:\/\/www.lifenatura.com\/wp-content\/uploads\/2021\/09\/gd_go_gest_30_ampolas_novo_horizonte.jpg","datePublished":"2021-09-30T10:31:20+00:00","dateModified":"2026-02-19T08:33:24+00:00","description":"Go-Gest es un complemento alimenticio espec\u00edfico para los cambios en el sistema digestivo, est\u00e1 indicado para actuar como hepatoprotector en la prevenci\u00f3n del h\u00edgado.","breadcrumb":{"@id":"https:\/\/www.lifenatura.com\/es\/produto\/go-gest-30-ampolas-novo-horizonte\/#breadcrumb"},"inLanguage":"es","potentialAction":[{"@type":"ReadAction","target":["https:\/\/www.lifenatura.com\/es\/produto\/go-gest-30-ampolas-novo-horizonte\/"]}]},{"@type":"ImageObject","inLanguage":"es","@id":"https:\/\/www.lifenatura.com\/es\/produto\/go-gest-30-ampolas-novo-horizonte\/#primaryimage","url":"https:\/\/www.lifenatura.com\/wp-content\/uploads\/2021\/09\/gd_go_gest_30_ampolas_novo_horizonte.jpg","contentUrl":"https:\/\/www.lifenatura.com\/wp-content\/uploads\/2021\/09\/gd_go_gest_30_ampolas_novo_horizonte.jpg","width":1000,"height":1000,"caption":"Go-Gest 30 ampolas - Novo Horizonte"},{"@type":"BreadcrumbList","@id":"https:\/\/www.lifenatura.com\/es\/produto\/go-gest-30-ampolas-novo-horizonte\/#breadcrumb","itemListElement":[{"@type":"ListItem","position":1,"name":"In\u00edcio","item":"https:\/\/www.lifenatura.com\/es\/"},{"@type":"ListItem","position":2,"name":"Todos los Productos","item":"https:\/\/www.lifenatura.com\/es\/tienda\/"},{"@type":"ListItem","position":3,"name":"Go-Gest 30 ampolas &#8211; Novo Horizonte"}]},{"@type":"WebSite","@id":"https:\/\/www.lifenatura.com\/es\/#website","url":"https:\/\/www.lifenatura.com\/es\/","name":"Lifenatura","description":"A Lifenatura \u00e9 uma loja de produtos naturais, cosm\u00e9tica natural e alimenta\u00e7\u00e3o Biol\u00f3gica.","publisher":{"@id":"https:\/\/www.lifenatura.com\/es\/#organization"},"potentialAction":[{"@type":"SearchAction","target":{"@type":"EntryPoint","urlTemplate":"https:\/\/www.lifenatura.com\/es\/?s={search_term_string}"},"query-input":{"@type":"PropertyValueSpecification","valueRequired":true,"valueName":"search_term_string"}}],"inLanguage":"es"},{"@type":"Organization","@id":"https:\/\/www.lifenatura.com\/es\/#organization","name":"Lifenatura","url":"https:\/\/www.lifenatura.com\/es\/","logo":{"@type":"ImageObject","inLanguage":"es","@id":"https:\/\/www.lifenatura.com\/es\/#\/schema\/logo\/image\/","url":"https:\/\/www.lifenatura.com\/wp-content\/uploads\/2021\/07\/logo.png","contentUrl":"https:\/\/www.lifenatura.com\/wp-content\/uploads\/2021\/07\/logo.png","width":175,"height":55,"caption":"Lifenatura"},"image":{"@id":"https:\/\/www.lifenatura.com\/es\/#\/schema\/logo\/image\/"},"sameAs":["https:\/\/www.facebook.com\/lifenatura","https:\/\/www.instagram.com\/lifenaturapt\/"],"hasMerchantReturnPolicy":{"@type":"MerchantReturnPolicy","merchantReturnLink":"https:\/\/www.lifenatura.com\/termos-condicoes-lifenatura\/"}}]},"product_price_amount":"25.07","product_price_currency":"EUR","og_availability":"out of stock","product_availability":"out of stock","product_retailer_item_id":"5604401667074","product_condition":"new"},"df_price":25.07,"df_sale_price":"","df_regular_price":25.07,"df_image_link":"https:\/\/www.lifenatura.com\/wp-content\/uploads\/2021\/09\/gd_go_gest_30_ampolas_novo_horizonte-300x300.jpg","_links":{"self":[{"href":"https:\/\/www.lifenatura.com\/es\/wp-json\/wp\/v2\/product\/39882","targetHints":{"allow":["GET"]}}],"collection":[{"href":"https:\/\/www.lifenatura.com\/es\/wp-json\/wp\/v2\/product"}],"about":[{"href":"https:\/\/www.lifenatura.com\/es\/wp-json\/wp\/v2\/types\/product"}],"wp:featuredmedia":[{"embeddable":true,"href":"https:\/\/www.lifenatura.com\/es\/wp-json\/wp\/v2\/media\/21184"}],"wp:attachment":[{"href":"https:\/\/www.lifenatura.com\/es\/wp-json\/wp\/v2\/media?parent=39882"}],"wp:term":[{"taxonomy":"product_brand","embeddable":true,"href":"https:\/\/www.lifenatura.com\/es\/wp-json\/wp\/v2\/product_brand?post=39882"},{"taxonomy":"product_cat","embeddable":true,"href":"https:\/\/www.lifenatura.com\/es\/wp-json\/wp\/v2\/product_cat?post=39882"},{"taxonomy":"product_tag","embeddable":true,"href":"https:\/\/www.lifenatura.com\/es\/wp-json\/wp\/v2\/product_tag?post=39882"}],"curies":[{"name":"wp","href":"https:\/\/api.w.org\/{rel}","templated":true}]}}