{"id":39870,"date":"2021-09-30T10:30:58","date_gmt":"2021-09-30T10:30:58","guid":{"rendered":"https:\/\/lifenatura.dev.agenciagetdigital.com\/produto\/ajo-inodoro-1000-mg-60-capsulas-novo-horizonte\/"},"modified":"2026-02-19T08:33:20","modified_gmt":"2026-02-19T08:33:20","slug":"ajo-inodoro-1000-mg-60-capsulas-novo-horizonte","status":"publish","type":"product","link":"https:\/\/www.lifenatura.com\/es\/produto\/ajo-inodoro-1000-mg-60-capsulas-novo-horizonte\/","title":{"rendered":"Ajo Inodoro 1000 mg 60 c\u00e1psulas &#8211; Novo Horizonte"},"content":{"rendered":"<p>Indicado para el sistema cardiovascular Ajo Inodoro es un complemento sin el t\u00edpico olor a ajo y est\u00e1 especialmente indicado para reducir el riesgo de enfermedades cardiovasculares al reducir el colesterol, los triglic\u00e9ridos y la presi\u00f3n arterial, e inhibiendo la agregaci\u00f3n plaquetaria, teniendo adem\u00e1s una fuerte acci\u00f3n antimicrobiana. Las c\u00e1psulas de ajo tienen un excelente valor nutricional al contener: fructosa (cadenas de mol\u00e9culas de fructosa), vitaminas B1, B2, B6 y C, amino\u00e1cidos, sales minerales (hierro, silicio, yodo, selenio), enzimas y compuestos biol\u00f3gicamente activos. El ajo puede ayudar a reducir los niveles de colesterol total y colesterol LDL (colesterol &#8220;malo&#8221;), aumentar el colesterol HDL (colesterol &#8220;bueno&#8221;) y reducir la agregaci\u00f3n plaquetaria. Otro de los grandes beneficios del ajo es su acci\u00f3n antitromb\u00f3tica, ya que el ajo tiene propiedades anticoagulantes, permitiendo que la sangre permanezca siempre l\u00edquida dentro de los vasos sangu\u00edneos, sin formar co\u00e1gulos dentro de las venas. PRESENTACI\u00d3N 60 c\u00e1psulas.<\/p>\n","protected":false},"excerpt":{"rendered":"<p>Indicado para el sistema cardiovascular Ajo Inodoro es un complemento sin el t\u00edpico olor a ajo y est\u00e1 especialmente indicado para reducir el riesgo de enfermedades cardiovasculares al reducir el colesterol, los triglic\u00e9ridos y la presi\u00f3n arterial, e inhibiendo la agregaci\u00f3n plaquetaria, teniendo adem\u00e1s una fuerte acci\u00f3n antimicrobiana. Las c\u00e1psulas de ajo tienen un excelente [&#8230;]<\/p>\n<p><a class=\"btn btn-secondary understrap-read-more-link\" href=\"https:\/\/www.lifenatura.com\/es\/produto\/ajo-inodoro-1000-mg-60-capsulas-novo-horizonte\/\">Leer m\u00e1s&#8230;<span class=\"screen-reader-text\"> from Ajo Inodoro 1000 mg 60 c\u00e1psulas &#8211; Novo Horizonte<\/span><\/a><\/p>\n","protected":false},"featured_media":21172,"template":"","meta":{"_acf_changed":false},"product_brand":[8572],"product_cat":[7147,7222,7659,7179],"product_tag":[],"class_list":{"0":"post-39870","1":"product","2":"type-product","3":"status-publish","4":"has-post-thumbnail","6":"product_brand-novo-horizonte","7":"product_cat-ajo","8":"product_cat-colesterol-salud","9":"product_cat-ingrediente-natural-bio","10":"product_cat-salud","12":"first","13":"outofstock","14":"shipping-taxable","15":"purchasable","16":"product-type-simple","17":"add-to-wishlist-before_image"},"acf":[],"yoast_head":"<!-- This site is optimized with the Yoast SEO Premium plugin v27.1 (Yoast SEO v27.5) - https:\/\/yoast.com\/product\/yoast-seo-premium-wordpress\/ -->\n<title>Alho Sem Odor 1000 mg 60 c\u00e1psulas - Novo Horizonte<\/title>\n<meta name=\"description\" content=\"Ajo Inodoro es un complemento sin el t\u00edpico olor a ajo y est\u00e1 especialmente indicado para reducir el riesgo de enfermedades cardiovasculares al reducir el colesterol.\" \/>\n<meta name=\"robots\" content=\"index, follow, max-snippet:-1, max-image-preview:large, max-video-preview:-1\" \/>\n<link rel=\"canonical\" href=\"https:\/\/www.lifenatura.com\/es\/produto\/ajo-inodoro-1000-mg-60-capsulas-novo-horizonte\/\" \/>\n<meta property=\"og:locale\" content=\"es_ES\" \/>\n<meta property=\"og:type\" content=\"article\" \/>\n<meta property=\"og:title\" content=\"Ajo Inodoro 1000 mg 60 c\u00e1psulas - Novo Horizonte - Na Lifenatura ao Melhor Pre\u00e7o | Envio 48h\" \/>\n<meta property=\"og:description\" content=\"Compre Ajo Inodoro 1000 mg 60 c\u00e1psulas - Novo Horizonte com envio r\u00e1pido. Entrega em 48h e portes gr\u00e1tis em compras &gt;35\u20ac. Aproveite j\u00e1 na Lifenatura\" \/>\n<meta property=\"og:url\" content=\"https:\/\/www.lifenatura.com\/es\/produto\/ajo-inodoro-1000-mg-60-capsulas-novo-horizonte\/\" \/>\n<meta property=\"og:site_name\" content=\"Lifenatura\" \/>\n<meta property=\"article:publisher\" content=\"https:\/\/www.facebook.com\/lifenatura\" \/>\n<meta property=\"article:modified_time\" content=\"2026-02-19T08:33:20+00:00\" \/>\n<meta property=\"og:image\" content=\"https:\/\/www.lifenatura.com\/wp-content\/uploads\/2021\/09\/gd_alho_sem_odor_60_capsulas_novo_horizonte.jpg\" \/>\n\t<meta property=\"og:image:width\" content=\"1000\" \/>\n\t<meta property=\"og:image:height\" content=\"1000\" \/>\n\t<meta property=\"og:image:type\" content=\"image\/jpeg\" \/>\n<meta name=\"twitter:card\" content=\"summary_large_image\" \/>\n<meta name=\"twitter:label1\" content=\"Precio\" \/>\n\t<meta name=\"twitter:data1\" content=\"10,23&nbsp;&euro;\" \/>\n\t<meta name=\"twitter:label2\" content=\"Disponibilidad\" \/>\n\t<meta name=\"twitter:data2\" content=\"Sin existencias\" \/>\n<script type=\"application\/ld+json\" class=\"yoast-schema-graph\">{\"@context\":\"https:\\\/\\\/schema.org\",\"@graph\":[{\"@type\":\"WebPage\",\"@id\":\"https:\\\/\\\/www.lifenatura.com\\\/es\\\/produto\\\/ajo-inodoro-1000-mg-60-capsulas-novo-horizonte\\\/\",\"url\":\"https:\\\/\\\/www.lifenatura.com\\\/es\\\/produto\\\/ajo-inodoro-1000-mg-60-capsulas-novo-horizonte\\\/\",\"name\":\"Alho Sem Odor 1000 mg 60 c\u00e1psulas - Novo Horizonte\",\"isPartOf\":{\"@id\":\"https:\\\/\\\/www.lifenatura.com\\\/es\\\/#website\"},\"primaryImageOfPage\":{\"@id\":\"https:\\\/\\\/www.lifenatura.com\\\/es\\\/produto\\\/ajo-inodoro-1000-mg-60-capsulas-novo-horizonte\\\/#primaryimage\"},\"image\":{\"@id\":\"https:\\\/\\\/www.lifenatura.com\\\/es\\\/produto\\\/ajo-inodoro-1000-mg-60-capsulas-novo-horizonte\\\/#primaryimage\"},\"thumbnailUrl\":\"https:\\\/\\\/www.lifenatura.com\\\/wp-content\\\/uploads\\\/2021\\\/09\\\/gd_alho_sem_odor_60_capsulas_novo_horizonte.jpg\",\"datePublished\":\"2021-09-30T10:30:58+00:00\",\"dateModified\":\"2026-02-19T08:33:20+00:00\",\"description\":\"Ajo Inodoro es un complemento sin el t\u00edpico olor a ajo y est\u00e1 especialmente indicado para reducir el riesgo de enfermedades cardiovasculares al reducir el colesterol.\",\"breadcrumb\":{\"@id\":\"https:\\\/\\\/www.lifenatura.com\\\/es\\\/produto\\\/ajo-inodoro-1000-mg-60-capsulas-novo-horizonte\\\/#breadcrumb\"},\"inLanguage\":\"es\",\"potentialAction\":[{\"@type\":\"ReadAction\",\"target\":[\"https:\\\/\\\/www.lifenatura.com\\\/es\\\/produto\\\/ajo-inodoro-1000-mg-60-capsulas-novo-horizonte\\\/\"]}]},{\"@type\":\"ImageObject\",\"inLanguage\":\"es\",\"@id\":\"https:\\\/\\\/www.lifenatura.com\\\/es\\\/produto\\\/ajo-inodoro-1000-mg-60-capsulas-novo-horizonte\\\/#primaryimage\",\"url\":\"https:\\\/\\\/www.lifenatura.com\\\/wp-content\\\/uploads\\\/2021\\\/09\\\/gd_alho_sem_odor_60_capsulas_novo_horizonte.jpg\",\"contentUrl\":\"https:\\\/\\\/www.lifenatura.com\\\/wp-content\\\/uploads\\\/2021\\\/09\\\/gd_alho_sem_odor_60_capsulas_novo_horizonte.jpg\",\"width\":1000,\"height\":1000,\"caption\":\"Ajo Inodoro 1000 mg 60 c\u00e1psulas - Novo Horizonte\"},{\"@type\":\"BreadcrumbList\",\"@id\":\"https:\\\/\\\/www.lifenatura.com\\\/es\\\/produto\\\/ajo-inodoro-1000-mg-60-capsulas-novo-horizonte\\\/#breadcrumb\",\"itemListElement\":[{\"@type\":\"ListItem\",\"position\":1,\"name\":\"In\u00edcio\",\"item\":\"https:\\\/\\\/www.lifenatura.com\\\/es\\\/inicio\\\/\"},{\"@type\":\"ListItem\",\"position\":2,\"name\":\"Todos los Productos\",\"item\":\"https:\\\/\\\/www.lifenatura.com\\\/es\\\/tienda\\\/\"},{\"@type\":\"ListItem\",\"position\":3,\"name\":\"Ajo Inodoro 1000 mg 60 c\u00e1psulas &#8211; Novo Horizonte\"}]},{\"@type\":\"WebSite\",\"@id\":\"https:\\\/\\\/www.lifenatura.com\\\/es\\\/#website\",\"url\":\"https:\\\/\\\/www.lifenatura.com\\\/es\\\/\",\"name\":\"Lifenatura\",\"description\":\"A Lifenatura \u00e9 uma loja de produtos naturais, cosm\u00e9tica natural e alimenta\u00e7\u00e3o Biol\u00f3gica.\",\"publisher\":{\"@id\":\"https:\\\/\\\/www.lifenatura.com\\\/es\\\/#organization\"},\"potentialAction\":[{\"@type\":\"SearchAction\",\"target\":{\"@type\":\"EntryPoint\",\"urlTemplate\":\"https:\\\/\\\/www.lifenatura.com\\\/es\\\/?s={search_term_string}\"},\"query-input\":{\"@type\":\"PropertyValueSpecification\",\"valueRequired\":true,\"valueName\":\"search_term_string\"}}],\"inLanguage\":\"es\"},{\"@type\":\"Organization\",\"@id\":\"https:\\\/\\\/www.lifenatura.com\\\/es\\\/#organization\",\"name\":\"Lifenatura\",\"url\":\"https:\\\/\\\/www.lifenatura.com\\\/es\\\/\",\"logo\":{\"@type\":\"ImageObject\",\"inLanguage\":\"es\",\"@id\":\"https:\\\/\\\/www.lifenatura.com\\\/es\\\/#\\\/schema\\\/logo\\\/image\\\/\",\"url\":\"https:\\\/\\\/www.lifenatura.com\\\/wp-content\\\/uploads\\\/2021\\\/07\\\/logo.png\",\"contentUrl\":\"https:\\\/\\\/www.lifenatura.com\\\/wp-content\\\/uploads\\\/2021\\\/07\\\/logo.png\",\"width\":175,\"height\":55,\"caption\":\"Lifenatura\"},\"image\":{\"@id\":\"https:\\\/\\\/www.lifenatura.com\\\/es\\\/#\\\/schema\\\/logo\\\/image\\\/\"},\"sameAs\":[\"https:\\\/\\\/www.facebook.com\\\/lifenatura\",\"https:\\\/\\\/www.instagram.com\\\/lifenaturapt\\\/\"],\"hasMerchantReturnPolicy\":{\"@type\":\"MerchantReturnPolicy\",\"merchantReturnLink\":\"https:\\\/\\\/www.lifenatura.com\\\/termos-condicoes-lifenatura\\\/\"}}]}<\/script>\n<meta property=\"product:price:amount\" content=\"10.23\" \/>\n<meta property=\"product:price:currency\" content=\"EUR\" \/>\n<meta property=\"og:availability\" content=\"out of stock\" \/>\n<meta property=\"product:availability\" content=\"out of stock\" \/>\n<meta property=\"product:retailer_item_id\" content=\"5604401666862\" \/>\n<meta property=\"product:condition\" content=\"new\" \/>\n<!-- \/ Yoast SEO Premium plugin. -->","yoast_head_json":{"title":"Alho Sem Odor 1000 mg 60 c\u00e1psulas - Novo Horizonte","description":"Ajo Inodoro es un complemento sin el t\u00edpico olor a ajo y est\u00e1 especialmente indicado para reducir el riesgo de enfermedades cardiovasculares al reducir el colesterol.","robots":{"index":"index","follow":"follow","max-snippet":"max-snippet:-1","max-image-preview":"max-image-preview:large","max-video-preview":"max-video-preview:-1"},"canonical":"https:\/\/www.lifenatura.com\/es\/produto\/ajo-inodoro-1000-mg-60-capsulas-novo-horizonte\/","og_locale":"es_ES","og_type":"article","og_title":"Ajo Inodoro 1000 mg 60 c\u00e1psulas - Novo Horizonte - Na Lifenatura ao Melhor Pre\u00e7o | Envio 48h","og_description":"Compre Ajo Inodoro 1000 mg 60 c\u00e1psulas - Novo Horizonte com envio r\u00e1pido. Entrega em 48h e portes gr\u00e1tis em compras >35\u20ac. Aproveite j\u00e1 na Lifenatura","og_url":"https:\/\/www.lifenatura.com\/es\/produto\/ajo-inodoro-1000-mg-60-capsulas-novo-horizonte\/","og_site_name":"Lifenatura","article_publisher":"https:\/\/www.facebook.com\/lifenatura","article_modified_time":"2026-02-19T08:33:20+00:00","og_image":[{"width":1000,"height":1000,"url":"https:\/\/www.lifenatura.com\/wp-content\/uploads\/2021\/09\/gd_alho_sem_odor_60_capsulas_novo_horizonte.jpg","type":"image\/jpeg"}],"twitter_card":"summary_large_image","twitter_misc":{"Precio":"10,23&nbsp;&euro;","Disponibilidad":"Sin existencias"},"schema":{"@context":"https:\/\/schema.org","@graph":[{"@type":"WebPage","@id":"https:\/\/www.lifenatura.com\/es\/produto\/ajo-inodoro-1000-mg-60-capsulas-novo-horizonte\/","url":"https:\/\/www.lifenatura.com\/es\/produto\/ajo-inodoro-1000-mg-60-capsulas-novo-horizonte\/","name":"Alho Sem Odor 1000 mg 60 c\u00e1psulas - Novo Horizonte","isPartOf":{"@id":"https:\/\/www.lifenatura.com\/es\/#website"},"primaryImageOfPage":{"@id":"https:\/\/www.lifenatura.com\/es\/produto\/ajo-inodoro-1000-mg-60-capsulas-novo-horizonte\/#primaryimage"},"image":{"@id":"https:\/\/www.lifenatura.com\/es\/produto\/ajo-inodoro-1000-mg-60-capsulas-novo-horizonte\/#primaryimage"},"thumbnailUrl":"https:\/\/www.lifenatura.com\/wp-content\/uploads\/2021\/09\/gd_alho_sem_odor_60_capsulas_novo_horizonte.jpg","datePublished":"2021-09-30T10:30:58+00:00","dateModified":"2026-02-19T08:33:20+00:00","description":"Ajo Inodoro es un complemento sin el t\u00edpico olor a ajo y est\u00e1 especialmente indicado para reducir el riesgo de enfermedades cardiovasculares al reducir el colesterol.","breadcrumb":{"@id":"https:\/\/www.lifenatura.com\/es\/produto\/ajo-inodoro-1000-mg-60-capsulas-novo-horizonte\/#breadcrumb"},"inLanguage":"es","potentialAction":[{"@type":"ReadAction","target":["https:\/\/www.lifenatura.com\/es\/produto\/ajo-inodoro-1000-mg-60-capsulas-novo-horizonte\/"]}]},{"@type":"ImageObject","inLanguage":"es","@id":"https:\/\/www.lifenatura.com\/es\/produto\/ajo-inodoro-1000-mg-60-capsulas-novo-horizonte\/#primaryimage","url":"https:\/\/www.lifenatura.com\/wp-content\/uploads\/2021\/09\/gd_alho_sem_odor_60_capsulas_novo_horizonte.jpg","contentUrl":"https:\/\/www.lifenatura.com\/wp-content\/uploads\/2021\/09\/gd_alho_sem_odor_60_capsulas_novo_horizonte.jpg","width":1000,"height":1000,"caption":"Ajo Inodoro 1000 mg 60 c\u00e1psulas - Novo Horizonte"},{"@type":"BreadcrumbList","@id":"https:\/\/www.lifenatura.com\/es\/produto\/ajo-inodoro-1000-mg-60-capsulas-novo-horizonte\/#breadcrumb","itemListElement":[{"@type":"ListItem","position":1,"name":"In\u00edcio","item":"https:\/\/www.lifenatura.com\/es\/inicio\/"},{"@type":"ListItem","position":2,"name":"Todos los Productos","item":"https:\/\/www.lifenatura.com\/es\/tienda\/"},{"@type":"ListItem","position":3,"name":"Ajo Inodoro 1000 mg 60 c\u00e1psulas &#8211; Novo Horizonte"}]},{"@type":"WebSite","@id":"https:\/\/www.lifenatura.com\/es\/#website","url":"https:\/\/www.lifenatura.com\/es\/","name":"Lifenatura","description":"A Lifenatura \u00e9 uma loja de produtos naturais, cosm\u00e9tica natural e alimenta\u00e7\u00e3o Biol\u00f3gica.","publisher":{"@id":"https:\/\/www.lifenatura.com\/es\/#organization"},"potentialAction":[{"@type":"SearchAction","target":{"@type":"EntryPoint","urlTemplate":"https:\/\/www.lifenatura.com\/es\/?s={search_term_string}"},"query-input":{"@type":"PropertyValueSpecification","valueRequired":true,"valueName":"search_term_string"}}],"inLanguage":"es"},{"@type":"Organization","@id":"https:\/\/www.lifenatura.com\/es\/#organization","name":"Lifenatura","url":"https:\/\/www.lifenatura.com\/es\/","logo":{"@type":"ImageObject","inLanguage":"es","@id":"https:\/\/www.lifenatura.com\/es\/#\/schema\/logo\/image\/","url":"https:\/\/www.lifenatura.com\/wp-content\/uploads\/2021\/07\/logo.png","contentUrl":"https:\/\/www.lifenatura.com\/wp-content\/uploads\/2021\/07\/logo.png","width":175,"height":55,"caption":"Lifenatura"},"image":{"@id":"https:\/\/www.lifenatura.com\/es\/#\/schema\/logo\/image\/"},"sameAs":["https:\/\/www.facebook.com\/lifenatura","https:\/\/www.instagram.com\/lifenaturapt\/"],"hasMerchantReturnPolicy":{"@type":"MerchantReturnPolicy","merchantReturnLink":"https:\/\/www.lifenatura.com\/termos-condicoes-lifenatura\/"}}]},"product_price_amount":"10.23","product_price_currency":"EUR","og_availability":"out of stock","product_availability":"out of stock","product_retailer_item_id":"5604401666862","product_condition":"new"},"df_price":10.23,"df_sale_price":"","df_regular_price":10.23,"df_image_link":"https:\/\/www.lifenatura.com\/wp-content\/uploads\/2021\/09\/gd_alho_sem_odor_60_capsulas_novo_horizonte-300x300.jpg","_links":{"self":[{"href":"https:\/\/www.lifenatura.com\/es\/wp-json\/wp\/v2\/product\/39870","targetHints":{"allow":["GET"]}}],"collection":[{"href":"https:\/\/www.lifenatura.com\/es\/wp-json\/wp\/v2\/product"}],"about":[{"href":"https:\/\/www.lifenatura.com\/es\/wp-json\/wp\/v2\/types\/product"}],"wp:featuredmedia":[{"embeddable":true,"href":"https:\/\/www.lifenatura.com\/es\/wp-json\/wp\/v2\/media\/21172"}],"wp:attachment":[{"href":"https:\/\/www.lifenatura.com\/es\/wp-json\/wp\/v2\/media?parent=39870"}],"wp:term":[{"taxonomy":"product_brand","embeddable":true,"href":"https:\/\/www.lifenatura.com\/es\/wp-json\/wp\/v2\/product_brand?post=39870"},{"taxonomy":"product_cat","embeddable":true,"href":"https:\/\/www.lifenatura.com\/es\/wp-json\/wp\/v2\/product_cat?post=39870"},{"taxonomy":"product_tag","embeddable":true,"href":"https:\/\/www.lifenatura.com\/es\/wp-json\/wp\/v2\/product_tag?post=39870"}],"curies":[{"name":"wp","href":"https:\/\/api.w.org\/{rel}","templated":true}]}}