{"id":39865,"date":"2021-09-30T10:30:58","date_gmt":"2021-09-30T10:30:58","guid":{"rendered":"https:\/\/lifenatura.dev.agenciagetdigital.com\/produto\/borututu-20-sobres-novo-horizonte\/"},"modified":"2026-02-19T08:33:18","modified_gmt":"2026-02-19T08:33:18","slug":"borututu-20-sobres-novo-horizonte","status":"publish","type":"product","link":"https:\/\/www.lifenatura.com\/es\/produto\/borututu-20-sobres-novo-horizonte\/","title":{"rendered":"Borututu 20 sobres &#8211; Novo Horizonte"},"content":{"rendered":"<p>Indicado para el sistema hep\u00e1tico Borututu en sobres est\u00e1 indicado para el tratamiento de enfermedades hep\u00e1ticas, es decir, la salud del h\u00edgado y la ves\u00edcula biliar. La ra\u00edz de la planta es la parte utilizada en la elaboraci\u00f3n de complementos alimenticios, pues contiene componentes que act\u00faan como agentes desintoxicantes y depurativos, ayudando a tratar enfermedades del est\u00f3mago, h\u00edgado, ves\u00edcula biliar, bazo, sistema urinario y cardiovascular. El t\u00e9 de Borututu se recomienda en casos de desintoxicaci\u00f3n y protecci\u00f3n del h\u00edgado, enfermedades del h\u00edgado (p. Ej., Hepatitis, ictericia), esteatosis hep\u00e1tica, problemas de la ves\u00edcula biliar (p. Ej., Disfunci\u00f3n de la ves\u00edcula biliar, discinesia de la ves\u00edcula biliar desarrollada por colelitiasis) y para el aumento de la secreci\u00f3n. bilis (coler\u00e9tico). Mejora el proceso digestivo (dispepsia) y regula el tr\u00e1nsito intestinal (diarreas \/ estre\u00f1imiento). PRESENTACI\u00d3N 20 sobres.<\/p>\n","protected":false},"excerpt":{"rendered":"<p>Indicado para el sistema hep\u00e1tico Borututu en sobres est\u00e1 indicado para el tratamiento de enfermedades hep\u00e1ticas, es decir, la salud del h\u00edgado y la ves\u00edcula biliar. La ra\u00edz de la planta es la parte utilizada en la elaboraci\u00f3n de complementos alimenticios, pues contiene componentes que act\u00faan como agentes desintoxicantes y depurativos, ayudando a tratar enfermedades [&#8230;]<\/p>\n<p><a class=\"btn btn-secondary understrap-read-more-link\" href=\"https:\/\/www.lifenatura.com\/es\/produto\/borututu-20-sobres-novo-horizonte\/\">Leer m\u00e1s&#8230;<span class=\"screen-reader-text\"> from Borututu 20 sobres &#8211; Novo Horizonte<\/span><\/a><\/p>\n","protected":false},"featured_media":21167,"template":"","meta":{"_acf_changed":false},"product_brand":[8572],"product_cat":[7064,7071],"product_tag":[],"class_list":{"0":"post-39865","1":"product","2":"type-product","3":"status-publish","4":"has-post-thumbnail","6":"product_brand-novo-horizonte","7":"product_cat-alimentacion-sana","8":"product_cat-tes-y-infusiones","10":"first","11":"outofstock","12":"shipping-taxable","13":"purchasable","14":"product-type-simple","15":"add-to-wishlist-before_image"},"acf":[],"yoast_head":"<!-- This site is optimized with the Yoast SEO Premium plugin v27.1 (Yoast SEO v27.5) - https:\/\/yoast.com\/product\/yoast-seo-premium-wordpress\/ -->\n<title>Borututu 20 sobres - Novo Horizonte<\/title>\n<meta name=\"description\" content=\"El t\u00e9 de Borututu se recomienda en casos de desintoxicaci\u00f3n y protecci\u00f3n del h\u00edgado, enfermedades del h\u00edgado (p. Ej., Hepatitis, ictericia), esteatosis hep\u00e1tica, problemas de la ves\u00edcula biliar.\" \/>\n<meta name=\"robots\" content=\"index, follow, max-snippet:-1, max-image-preview:large, max-video-preview:-1\" \/>\n<link rel=\"canonical\" href=\"https:\/\/www.lifenatura.com\/es\/produto\/borututu-20-sobres-novo-horizonte\/\" \/>\n<meta property=\"og:locale\" content=\"es_ES\" \/>\n<meta property=\"og:type\" content=\"article\" \/>\n<meta property=\"og:title\" content=\"Borututu 20 sobres - Novo Horizonte - Na Lifenatura ao Melhor Pre\u00e7o | Envio 48h\" \/>\n<meta property=\"og:description\" content=\"Compre Borututu 20 sobres - Novo Horizonte com envio r\u00e1pido. Entrega em 48h e portes gr\u00e1tis em compras &gt;35\u20ac. Aproveite j\u00e1 na Lifenatura\" \/>\n<meta property=\"og:url\" content=\"https:\/\/www.lifenatura.com\/es\/produto\/borututu-20-sobres-novo-horizonte\/\" \/>\n<meta property=\"og:site_name\" content=\"Lifenatura\" \/>\n<meta property=\"article:publisher\" content=\"https:\/\/www.facebook.com\/lifenatura\" \/>\n<meta property=\"article:modified_time\" content=\"2026-02-19T08:33:18+00:00\" \/>\n<meta property=\"og:image\" content=\"https:\/\/www.lifenatura.com\/wp-content\/uploads\/2021\/09\/gd_borututu_saquetas_novo_horizonte.jpg\" \/>\n\t<meta property=\"og:image:width\" content=\"1000\" \/>\n\t<meta property=\"og:image:height\" content=\"1000\" \/>\n\t<meta property=\"og:image:type\" content=\"image\/jpeg\" \/>\n<meta name=\"twitter:card\" content=\"summary_large_image\" \/>\n<meta name=\"twitter:label1\" content=\"Precio\" \/>\n\t<meta name=\"twitter:data1\" content=\"9,60&nbsp;&euro;\" \/>\n\t<meta name=\"twitter:label2\" content=\"Disponibilidad\" \/>\n\t<meta name=\"twitter:data2\" content=\"Sin existencias\" \/>\n<script type=\"application\/ld+json\" class=\"yoast-schema-graph\">{\"@context\":\"https:\\\/\\\/schema.org\",\"@graph\":[{\"@type\":\"WebPage\",\"@id\":\"https:\\\/\\\/www.lifenatura.com\\\/es\\\/produto\\\/borututu-20-sobres-novo-horizonte\\\/\",\"url\":\"https:\\\/\\\/www.lifenatura.com\\\/es\\\/produto\\\/borututu-20-sobres-novo-horizonte\\\/\",\"name\":\"Borututu 20 sobres - Novo Horizonte\",\"isPartOf\":{\"@id\":\"https:\\\/\\\/www.lifenatura.com\\\/es\\\/#website\"},\"primaryImageOfPage\":{\"@id\":\"https:\\\/\\\/www.lifenatura.com\\\/es\\\/produto\\\/borututu-20-sobres-novo-horizonte\\\/#primaryimage\"},\"image\":{\"@id\":\"https:\\\/\\\/www.lifenatura.com\\\/es\\\/produto\\\/borututu-20-sobres-novo-horizonte\\\/#primaryimage\"},\"thumbnailUrl\":\"https:\\\/\\\/www.lifenatura.com\\\/wp-content\\\/uploads\\\/2021\\\/09\\\/gd_borututu_saquetas_novo_horizonte.jpg\",\"datePublished\":\"2021-09-30T10:30:58+00:00\",\"dateModified\":\"2026-02-19T08:33:18+00:00\",\"description\":\"El t\u00e9 de Borututu se recomienda en casos de desintoxicaci\u00f3n y protecci\u00f3n del h\u00edgado, enfermedades del h\u00edgado (p. Ej., Hepatitis, ictericia), esteatosis hep\u00e1tica, problemas de la ves\u00edcula biliar.\",\"breadcrumb\":{\"@id\":\"https:\\\/\\\/www.lifenatura.com\\\/es\\\/produto\\\/borututu-20-sobres-novo-horizonte\\\/#breadcrumb\"},\"inLanguage\":\"es\",\"potentialAction\":[{\"@type\":\"ReadAction\",\"target\":[\"https:\\\/\\\/www.lifenatura.com\\\/es\\\/produto\\\/borututu-20-sobres-novo-horizonte\\\/\"]}]},{\"@type\":\"ImageObject\",\"inLanguage\":\"es\",\"@id\":\"https:\\\/\\\/www.lifenatura.com\\\/es\\\/produto\\\/borututu-20-sobres-novo-horizonte\\\/#primaryimage\",\"url\":\"https:\\\/\\\/www.lifenatura.com\\\/wp-content\\\/uploads\\\/2021\\\/09\\\/gd_borututu_saquetas_novo_horizonte.jpg\",\"contentUrl\":\"https:\\\/\\\/www.lifenatura.com\\\/wp-content\\\/uploads\\\/2021\\\/09\\\/gd_borututu_saquetas_novo_horizonte.jpg\",\"width\":1000,\"height\":1000,\"caption\":\"Borututu 20 sobres - Novo Horizonte\"},{\"@type\":\"BreadcrumbList\",\"@id\":\"https:\\\/\\\/www.lifenatura.com\\\/es\\\/produto\\\/borututu-20-sobres-novo-horizonte\\\/#breadcrumb\",\"itemListElement\":[{\"@type\":\"ListItem\",\"position\":1,\"name\":\"In\u00edcio\",\"item\":\"https:\\\/\\\/www.lifenatura.com\\\/es\\\/\"},{\"@type\":\"ListItem\",\"position\":2,\"name\":\"Todos los Productos\",\"item\":\"https:\\\/\\\/www.lifenatura.com\\\/es\\\/tienda\\\/\"},{\"@type\":\"ListItem\",\"position\":3,\"name\":\"Borututu 20 sobres &#8211; Novo Horizonte\"}]},{\"@type\":\"WebSite\",\"@id\":\"https:\\\/\\\/www.lifenatura.com\\\/es\\\/#website\",\"url\":\"https:\\\/\\\/www.lifenatura.com\\\/es\\\/\",\"name\":\"Lifenatura\",\"description\":\"A Lifenatura \u00e9 uma loja de produtos naturais, cosm\u00e9tica natural e alimenta\u00e7\u00e3o Biol\u00f3gica.\",\"publisher\":{\"@id\":\"https:\\\/\\\/www.lifenatura.com\\\/es\\\/#organization\"},\"potentialAction\":[{\"@type\":\"SearchAction\",\"target\":{\"@type\":\"EntryPoint\",\"urlTemplate\":\"https:\\\/\\\/www.lifenatura.com\\\/es\\\/?s={search_term_string}\"},\"query-input\":{\"@type\":\"PropertyValueSpecification\",\"valueRequired\":true,\"valueName\":\"search_term_string\"}}],\"inLanguage\":\"es\"},{\"@type\":\"Organization\",\"@id\":\"https:\\\/\\\/www.lifenatura.com\\\/es\\\/#organization\",\"name\":\"Lifenatura\",\"url\":\"https:\\\/\\\/www.lifenatura.com\\\/es\\\/\",\"logo\":{\"@type\":\"ImageObject\",\"inLanguage\":\"es\",\"@id\":\"https:\\\/\\\/www.lifenatura.com\\\/es\\\/#\\\/schema\\\/logo\\\/image\\\/\",\"url\":\"https:\\\/\\\/www.lifenatura.com\\\/wp-content\\\/uploads\\\/2021\\\/07\\\/logo.png\",\"contentUrl\":\"https:\\\/\\\/www.lifenatura.com\\\/wp-content\\\/uploads\\\/2021\\\/07\\\/logo.png\",\"width\":175,\"height\":55,\"caption\":\"Lifenatura\"},\"image\":{\"@id\":\"https:\\\/\\\/www.lifenatura.com\\\/es\\\/#\\\/schema\\\/logo\\\/image\\\/\"},\"sameAs\":[\"https:\\\/\\\/www.facebook.com\\\/lifenatura\",\"https:\\\/\\\/www.instagram.com\\\/lifenaturapt\\\/\"],\"hasMerchantReturnPolicy\":{\"@type\":\"MerchantReturnPolicy\",\"merchantReturnLink\":\"https:\\\/\\\/www.lifenatura.com\\\/termos-condicoes-lifenatura\\\/\"}}]}<\/script>\n<meta property=\"product:price:amount\" content=\"9.60\" \/>\n<meta property=\"product:price:currency\" content=\"EUR\" \/>\n<meta property=\"og:availability\" content=\"out of stock\" \/>\n<meta property=\"product:availability\" content=\"out of stock\" \/>\n<meta property=\"product:retailer_item_id\" content=\"5606071000038\" \/>\n<meta property=\"product:condition\" content=\"new\" \/>\n<!-- \/ Yoast SEO Premium plugin. -->","yoast_head_json":{"title":"Borututu 20 sobres - Novo Horizonte","description":"El t\u00e9 de Borututu se recomienda en casos de desintoxicaci\u00f3n y protecci\u00f3n del h\u00edgado, enfermedades del h\u00edgado (p. Ej., Hepatitis, ictericia), esteatosis hep\u00e1tica, problemas de la ves\u00edcula biliar.","robots":{"index":"index","follow":"follow","max-snippet":"max-snippet:-1","max-image-preview":"max-image-preview:large","max-video-preview":"max-video-preview:-1"},"canonical":"https:\/\/www.lifenatura.com\/es\/produto\/borututu-20-sobres-novo-horizonte\/","og_locale":"es_ES","og_type":"article","og_title":"Borututu 20 sobres - Novo Horizonte - Na Lifenatura ao Melhor Pre\u00e7o | Envio 48h","og_description":"Compre Borututu 20 sobres - Novo Horizonte com envio r\u00e1pido. Entrega em 48h e portes gr\u00e1tis em compras >35\u20ac. Aproveite j\u00e1 na Lifenatura","og_url":"https:\/\/www.lifenatura.com\/es\/produto\/borututu-20-sobres-novo-horizonte\/","og_site_name":"Lifenatura","article_publisher":"https:\/\/www.facebook.com\/lifenatura","article_modified_time":"2026-02-19T08:33:18+00:00","og_image":[{"width":1000,"height":1000,"url":"https:\/\/www.lifenatura.com\/wp-content\/uploads\/2021\/09\/gd_borututu_saquetas_novo_horizonte.jpg","type":"image\/jpeg"}],"twitter_card":"summary_large_image","twitter_misc":{"Precio":"9,60&nbsp;&euro;","Disponibilidad":"Sin existencias"},"schema":{"@context":"https:\/\/schema.org","@graph":[{"@type":"WebPage","@id":"https:\/\/www.lifenatura.com\/es\/produto\/borututu-20-sobres-novo-horizonte\/","url":"https:\/\/www.lifenatura.com\/es\/produto\/borututu-20-sobres-novo-horizonte\/","name":"Borututu 20 sobres - Novo Horizonte","isPartOf":{"@id":"https:\/\/www.lifenatura.com\/es\/#website"},"primaryImageOfPage":{"@id":"https:\/\/www.lifenatura.com\/es\/produto\/borututu-20-sobres-novo-horizonte\/#primaryimage"},"image":{"@id":"https:\/\/www.lifenatura.com\/es\/produto\/borututu-20-sobres-novo-horizonte\/#primaryimage"},"thumbnailUrl":"https:\/\/www.lifenatura.com\/wp-content\/uploads\/2021\/09\/gd_borututu_saquetas_novo_horizonte.jpg","datePublished":"2021-09-30T10:30:58+00:00","dateModified":"2026-02-19T08:33:18+00:00","description":"El t\u00e9 de Borututu se recomienda en casos de desintoxicaci\u00f3n y protecci\u00f3n del h\u00edgado, enfermedades del h\u00edgado (p. Ej., Hepatitis, ictericia), esteatosis hep\u00e1tica, problemas de la ves\u00edcula biliar.","breadcrumb":{"@id":"https:\/\/www.lifenatura.com\/es\/produto\/borututu-20-sobres-novo-horizonte\/#breadcrumb"},"inLanguage":"es","potentialAction":[{"@type":"ReadAction","target":["https:\/\/www.lifenatura.com\/es\/produto\/borututu-20-sobres-novo-horizonte\/"]}]},{"@type":"ImageObject","inLanguage":"es","@id":"https:\/\/www.lifenatura.com\/es\/produto\/borututu-20-sobres-novo-horizonte\/#primaryimage","url":"https:\/\/www.lifenatura.com\/wp-content\/uploads\/2021\/09\/gd_borututu_saquetas_novo_horizonte.jpg","contentUrl":"https:\/\/www.lifenatura.com\/wp-content\/uploads\/2021\/09\/gd_borututu_saquetas_novo_horizonte.jpg","width":1000,"height":1000,"caption":"Borututu 20 sobres - Novo Horizonte"},{"@type":"BreadcrumbList","@id":"https:\/\/www.lifenatura.com\/es\/produto\/borututu-20-sobres-novo-horizonte\/#breadcrumb","itemListElement":[{"@type":"ListItem","position":1,"name":"In\u00edcio","item":"https:\/\/www.lifenatura.com\/es\/"},{"@type":"ListItem","position":2,"name":"Todos los Productos","item":"https:\/\/www.lifenatura.com\/es\/tienda\/"},{"@type":"ListItem","position":3,"name":"Borututu 20 sobres &#8211; Novo Horizonte"}]},{"@type":"WebSite","@id":"https:\/\/www.lifenatura.com\/es\/#website","url":"https:\/\/www.lifenatura.com\/es\/","name":"Lifenatura","description":"A Lifenatura \u00e9 uma loja de produtos naturais, cosm\u00e9tica natural e alimenta\u00e7\u00e3o Biol\u00f3gica.","publisher":{"@id":"https:\/\/www.lifenatura.com\/es\/#organization"},"potentialAction":[{"@type":"SearchAction","target":{"@type":"EntryPoint","urlTemplate":"https:\/\/www.lifenatura.com\/es\/?s={search_term_string}"},"query-input":{"@type":"PropertyValueSpecification","valueRequired":true,"valueName":"search_term_string"}}],"inLanguage":"es"},{"@type":"Organization","@id":"https:\/\/www.lifenatura.com\/es\/#organization","name":"Lifenatura","url":"https:\/\/www.lifenatura.com\/es\/","logo":{"@type":"ImageObject","inLanguage":"es","@id":"https:\/\/www.lifenatura.com\/es\/#\/schema\/logo\/image\/","url":"https:\/\/www.lifenatura.com\/wp-content\/uploads\/2021\/07\/logo.png","contentUrl":"https:\/\/www.lifenatura.com\/wp-content\/uploads\/2021\/07\/logo.png","width":175,"height":55,"caption":"Lifenatura"},"image":{"@id":"https:\/\/www.lifenatura.com\/es\/#\/schema\/logo\/image\/"},"sameAs":["https:\/\/www.facebook.com\/lifenatura","https:\/\/www.instagram.com\/lifenaturapt\/"],"hasMerchantReturnPolicy":{"@type":"MerchantReturnPolicy","merchantReturnLink":"https:\/\/www.lifenatura.com\/termos-condicoes-lifenatura\/"}}]},"product_price_amount":"9.60","product_price_currency":"EUR","og_availability":"out of stock","product_availability":"out of stock","product_retailer_item_id":"5606071000038","product_condition":"new"},"df_price":9.6,"df_sale_price":"","df_regular_price":9.6,"df_image_link":"https:\/\/www.lifenatura.com\/wp-content\/uploads\/2021\/09\/gd_borututu_saquetas_novo_horizonte-300x300.jpg","_links":{"self":[{"href":"https:\/\/www.lifenatura.com\/es\/wp-json\/wp\/v2\/product\/39865","targetHints":{"allow":["GET"]}}],"collection":[{"href":"https:\/\/www.lifenatura.com\/es\/wp-json\/wp\/v2\/product"}],"about":[{"href":"https:\/\/www.lifenatura.com\/es\/wp-json\/wp\/v2\/types\/product"}],"wp:featuredmedia":[{"embeddable":true,"href":"https:\/\/www.lifenatura.com\/es\/wp-json\/wp\/v2\/media\/21167"}],"wp:attachment":[{"href":"https:\/\/www.lifenatura.com\/es\/wp-json\/wp\/v2\/media?parent=39865"}],"wp:term":[{"taxonomy":"product_brand","embeddable":true,"href":"https:\/\/www.lifenatura.com\/es\/wp-json\/wp\/v2\/product_brand?post=39865"},{"taxonomy":"product_cat","embeddable":true,"href":"https:\/\/www.lifenatura.com\/es\/wp-json\/wp\/v2\/product_cat?post=39865"},{"taxonomy":"product_tag","embeddable":true,"href":"https:\/\/www.lifenatura.com\/es\/wp-json\/wp\/v2\/product_tag?post=39865"}],"curies":[{"name":"wp","href":"https:\/\/api.w.org\/{rel}","templated":true}]}}