{"id":39847,"date":"2021-09-30T10:30:37","date_gmt":"2021-09-30T10:30:37","guid":{"rendered":"https:\/\/lifenatura.dev.agenciagetdigital.com\/produto\/cloreto-de-magnesio-80-comprimidos-novo-horizonte\/"},"modified":"2026-02-19T08:33:10","modified_gmt":"2026-02-19T08:33:10","slug":"cloreto-de-magnesio-80-comprimidos-novo-horizonte","status":"publish","type":"product","link":"https:\/\/www.lifenatura.com\/es\/produto\/cloreto-de-magnesio-80-comprimidos-novo-horizonte\/","title":{"rendered":"Cloreto de Magn\u00e9sio 80 comprimidos &#8211; Novo Horizonte"},"content":{"rendered":"<p>Indicado para el sistema muscular El cloruro de magnesio contiene magnesio, que es un mineral vital y esencial para las muchas actividades de nuestro cuerpo. La deficiencia de magnesio es m\u00e1s com\u00fan en pacientes con diabetes, pancreatitis, alcoholismo cr\u00f3nico, cirrosis del h\u00edgado, arteriosclerosis, insuficiencia renal o en personas con una dieta alta en carbohidratos. Los primeros s\u00edntomas de una ingesta insuficiente de magnesio, son una sensaci\u00f3n de malestar, estr\u00e9s elevado con irritabilidad exagerada, calambres, temblores, espasmos musculares. PRESENTACI\u00d3N 80 pastillas.<\/p>\n","protected":false},"excerpt":{"rendered":"<p>Indicado para el sistema muscular El cloruro de magnesio contiene magnesio, que es un mineral vital y esencial para las muchas actividades de nuestro cuerpo. La deficiencia de magnesio es m\u00e1s com\u00fan en pacientes con diabetes, pancreatitis, alcoholismo cr\u00f3nico, cirrosis del h\u00edgado, arteriosclerosis, insuficiencia renal o en personas con una dieta alta en carbohidratos. Los [&#8230;]<\/p>\n<p><a class=\"btn btn-secondary understrap-read-more-link\" href=\"https:\/\/www.lifenatura.com\/es\/produto\/cloreto-de-magnesio-80-comprimidos-novo-horizonte\/\">Leer m\u00e1s&#8230;<span class=\"screen-reader-text\"> from Cloreto de Magn\u00e9sio 80 comprimidos &#8211; Novo Horizonte<\/span><\/a><\/p>\n","protected":false},"featured_media":21149,"template":"","meta":{"_acf_changed":false},"product_brand":[8572],"product_cat":[7659,7740,7206,7179],"product_tag":[],"class_list":{"0":"post-39847","1":"product","2":"type-product","3":"status-publish","4":"has-post-thumbnail","6":"product_brand-novo-horizonte","7":"product_cat-ingrediente-natural-bio","8":"product_cat-magnesio-es","9":"product_cat-musculos-salud","10":"product_cat-salud","12":"first","13":"instock","14":"sale","15":"featured","16":"shipping-taxable","17":"purchasable","18":"product-type-simple","19":"add-to-wishlist-before_image"},"acf":[],"yoast_head":"<!-- This site is optimized with the Yoast SEO Premium plugin v27.1 (Yoast SEO v27.5) - https:\/\/yoast.com\/product\/yoast-seo-premium-wordpress\/ -->\n<title>Cloreto de Magn\u00e9sio 80 comprimidos - Novo Horizonte<\/title>\n<meta name=\"description\" content=\"El Cloreto de magnesio contiene magnesio, que es un mineral vital y esencial para las muchas actividades de nuestro cuerpo.\" \/>\n<meta name=\"robots\" content=\"index, follow, max-snippet:-1, max-image-preview:large, max-video-preview:-1\" \/>\n<link rel=\"canonical\" href=\"https:\/\/www.lifenatura.com\/es\/produto\/cloreto-de-magnesio-80-comprimidos-novo-horizonte\/\" \/>\n<meta property=\"og:locale\" content=\"es_ES\" \/>\n<meta property=\"og:type\" content=\"article\" \/>\n<meta property=\"og:title\" content=\"Cloreto de Magn\u00e9sio 80 comprimidos - Novo Horizonte - Na Lifenatura ao Melhor Pre\u00e7o | Envio 48h\" \/>\n<meta property=\"og:description\" content=\"Compre Cloreto de Magn\u00e9sio 80 comprimidos - Novo Horizonte com envio r\u00e1pido. Entrega em 48h e portes gr\u00e1tis em compras &gt;35\u20ac. Aproveite j\u00e1 na Lifenatura\" \/>\n<meta property=\"og:url\" content=\"https:\/\/www.lifenatura.com\/es\/produto\/cloreto-de-magnesio-80-comprimidos-novo-horizonte\/\" \/>\n<meta property=\"og:site_name\" content=\"Lifenatura\" \/>\n<meta property=\"article:publisher\" content=\"https:\/\/www.facebook.com\/lifenatura\" \/>\n<meta property=\"article:modified_time\" content=\"2026-02-19T08:33:10+00:00\" \/>\n<meta property=\"og:image\" content=\"https:\/\/www.lifenatura.com\/wp-content\/uploads\/2021\/09\/gd_cloreto-de-magnesio-80-comprimidos-novo-horizonte.jpg\" \/>\n\t<meta property=\"og:image:width\" content=\"1000\" \/>\n\t<meta property=\"og:image:height\" content=\"1000\" \/>\n\t<meta property=\"og:image:type\" content=\"image\/jpeg\" \/>\n<meta name=\"twitter:card\" content=\"summary_large_image\" \/>\n<meta name=\"twitter:label1\" content=\"Precio\" \/>\n\t<meta name=\"twitter:data1\" content=\"12,01&nbsp;&euro;\" \/>\n\t<meta name=\"twitter:label2\" content=\"Disponibilidad\" \/>\n\t<meta name=\"twitter:data2\" content=\"Disponible\" \/>\n<script type=\"application\/ld+json\" class=\"yoast-schema-graph\">{\"@context\":\"https:\\\/\\\/schema.org\",\"@graph\":[{\"@type\":\"WebPage\",\"@id\":\"https:\\\/\\\/www.lifenatura.com\\\/es\\\/produto\\\/cloreto-de-magnesio-80-comprimidos-novo-horizonte\\\/\",\"url\":\"https:\\\/\\\/www.lifenatura.com\\\/es\\\/produto\\\/cloreto-de-magnesio-80-comprimidos-novo-horizonte\\\/\",\"name\":\"Cloreto de Magn\u00e9sio 80 comprimidos - Novo Horizonte\",\"isPartOf\":{\"@id\":\"https:\\\/\\\/www.lifenatura.com\\\/es\\\/#website\"},\"primaryImageOfPage\":{\"@id\":\"https:\\\/\\\/www.lifenatura.com\\\/es\\\/produto\\\/cloreto-de-magnesio-80-comprimidos-novo-horizonte\\\/#primaryimage\"},\"image\":{\"@id\":\"https:\\\/\\\/www.lifenatura.com\\\/es\\\/produto\\\/cloreto-de-magnesio-80-comprimidos-novo-horizonte\\\/#primaryimage\"},\"thumbnailUrl\":\"https:\\\/\\\/www.lifenatura.com\\\/wp-content\\\/uploads\\\/2021\\\/09\\\/gd_cloreto-de-magnesio-80-comprimidos-novo-horizonte.jpg\",\"datePublished\":\"2021-09-30T10:30:37+00:00\",\"dateModified\":\"2026-02-19T08:33:10+00:00\",\"description\":\"El Cloreto de magnesio contiene magnesio, que es un mineral vital y esencial para las muchas actividades de nuestro cuerpo.\",\"breadcrumb\":{\"@id\":\"https:\\\/\\\/www.lifenatura.com\\\/es\\\/produto\\\/cloreto-de-magnesio-80-comprimidos-novo-horizonte\\\/#breadcrumb\"},\"inLanguage\":\"es\",\"potentialAction\":[{\"@type\":\"ReadAction\",\"target\":[\"https:\\\/\\\/www.lifenatura.com\\\/es\\\/produto\\\/cloreto-de-magnesio-80-comprimidos-novo-horizonte\\\/\"]}]},{\"@type\":\"ImageObject\",\"inLanguage\":\"es\",\"@id\":\"https:\\\/\\\/www.lifenatura.com\\\/es\\\/produto\\\/cloreto-de-magnesio-80-comprimidos-novo-horizonte\\\/#primaryimage\",\"url\":\"https:\\\/\\\/www.lifenatura.com\\\/wp-content\\\/uploads\\\/2021\\\/09\\\/gd_cloreto-de-magnesio-80-comprimidos-novo-horizonte.jpg\",\"contentUrl\":\"https:\\\/\\\/www.lifenatura.com\\\/wp-content\\\/uploads\\\/2021\\\/09\\\/gd_cloreto-de-magnesio-80-comprimidos-novo-horizonte.jpg\",\"width\":1000,\"height\":1000,\"caption\":\"Cloreto de Magn\u00e9sio 80 comprimidos - Novo Horizonte\"},{\"@type\":\"BreadcrumbList\",\"@id\":\"https:\\\/\\\/www.lifenatura.com\\\/es\\\/produto\\\/cloreto-de-magnesio-80-comprimidos-novo-horizonte\\\/#breadcrumb\",\"itemListElement\":[{\"@type\":\"ListItem\",\"position\":1,\"name\":\"In\u00edcio\",\"item\":\"https:\\\/\\\/www.lifenatura.com\\\/es\\\/\"},{\"@type\":\"ListItem\",\"position\":2,\"name\":\"Todos los Productos\",\"item\":\"https:\\\/\\\/www.lifenatura.com\\\/es\\\/tienda\\\/\"},{\"@type\":\"ListItem\",\"position\":3,\"name\":\"Cloreto de Magn\u00e9sio 80 comprimidos &#8211; Novo Horizonte\"}]},{\"@type\":\"WebSite\",\"@id\":\"https:\\\/\\\/www.lifenatura.com\\\/es\\\/#website\",\"url\":\"https:\\\/\\\/www.lifenatura.com\\\/es\\\/\",\"name\":\"Lifenatura\",\"description\":\"A Lifenatura \u00e9 uma loja de produtos naturais, cosm\u00e9tica natural e alimenta\u00e7\u00e3o Biol\u00f3gica.\",\"publisher\":{\"@id\":\"https:\\\/\\\/www.lifenatura.com\\\/es\\\/#organization\"},\"potentialAction\":[{\"@type\":\"SearchAction\",\"target\":{\"@type\":\"EntryPoint\",\"urlTemplate\":\"https:\\\/\\\/www.lifenatura.com\\\/es\\\/?s={search_term_string}\"},\"query-input\":{\"@type\":\"PropertyValueSpecification\",\"valueRequired\":true,\"valueName\":\"search_term_string\"}}],\"inLanguage\":\"es\"},{\"@type\":\"Organization\",\"@id\":\"https:\\\/\\\/www.lifenatura.com\\\/es\\\/#organization\",\"name\":\"Lifenatura\",\"url\":\"https:\\\/\\\/www.lifenatura.com\\\/es\\\/\",\"logo\":{\"@type\":\"ImageObject\",\"inLanguage\":\"es\",\"@id\":\"https:\\\/\\\/www.lifenatura.com\\\/es\\\/#\\\/schema\\\/logo\\\/image\\\/\",\"url\":\"https:\\\/\\\/www.lifenatura.com\\\/wp-content\\\/uploads\\\/2021\\\/07\\\/logo.png\",\"contentUrl\":\"https:\\\/\\\/www.lifenatura.com\\\/wp-content\\\/uploads\\\/2021\\\/07\\\/logo.png\",\"width\":175,\"height\":55,\"caption\":\"Lifenatura\"},\"image\":{\"@id\":\"https:\\\/\\\/www.lifenatura.com\\\/es\\\/#\\\/schema\\\/logo\\\/image\\\/\"},\"sameAs\":[\"https:\\\/\\\/www.facebook.com\\\/lifenatura\",\"https:\\\/\\\/www.instagram.com\\\/lifenaturapt\\\/\"],\"hasMerchantReturnPolicy\":{\"@type\":\"MerchantReturnPolicy\",\"merchantReturnLink\":\"https:\\\/\\\/www.lifenatura.com\\\/termos-condicoes-lifenatura\\\/\"}}]}<\/script>\n<meta property=\"product:price:amount\" content=\"12.01\" \/>\n<meta property=\"product:price:currency\" content=\"EUR\" \/>\n<meta property=\"og:availability\" content=\"instock\" \/>\n<meta property=\"product:availability\" content=\"instock\" \/>\n<meta property=\"product:retailer_item_id\" content=\"5607610001011\" \/>\n<meta property=\"product:condition\" content=\"new\" \/>\n<!-- \/ Yoast SEO Premium plugin. -->","yoast_head_json":{"title":"Cloreto de Magn\u00e9sio 80 comprimidos - Novo Horizonte","description":"El Cloreto de magnesio contiene magnesio, que es un mineral vital y esencial para las muchas actividades de nuestro cuerpo.","robots":{"index":"index","follow":"follow","max-snippet":"max-snippet:-1","max-image-preview":"max-image-preview:large","max-video-preview":"max-video-preview:-1"},"canonical":"https:\/\/www.lifenatura.com\/es\/produto\/cloreto-de-magnesio-80-comprimidos-novo-horizonte\/","og_locale":"es_ES","og_type":"article","og_title":"Cloreto de Magn\u00e9sio 80 comprimidos - Novo Horizonte - Na Lifenatura ao Melhor Pre\u00e7o | Envio 48h","og_description":"Compre Cloreto de Magn\u00e9sio 80 comprimidos - Novo Horizonte com envio r\u00e1pido. Entrega em 48h e portes gr\u00e1tis em compras >35\u20ac. Aproveite j\u00e1 na Lifenatura","og_url":"https:\/\/www.lifenatura.com\/es\/produto\/cloreto-de-magnesio-80-comprimidos-novo-horizonte\/","og_site_name":"Lifenatura","article_publisher":"https:\/\/www.facebook.com\/lifenatura","article_modified_time":"2026-02-19T08:33:10+00:00","og_image":[{"width":1000,"height":1000,"url":"https:\/\/www.lifenatura.com\/wp-content\/uploads\/2021\/09\/gd_cloreto-de-magnesio-80-comprimidos-novo-horizonte.jpg","type":"image\/jpeg"}],"twitter_card":"summary_large_image","twitter_misc":{"Precio":"12,01&nbsp;&euro;","Disponibilidad":"Disponible"},"schema":{"@context":"https:\/\/schema.org","@graph":[{"@type":"WebPage","@id":"https:\/\/www.lifenatura.com\/es\/produto\/cloreto-de-magnesio-80-comprimidos-novo-horizonte\/","url":"https:\/\/www.lifenatura.com\/es\/produto\/cloreto-de-magnesio-80-comprimidos-novo-horizonte\/","name":"Cloreto de Magn\u00e9sio 80 comprimidos - Novo Horizonte","isPartOf":{"@id":"https:\/\/www.lifenatura.com\/es\/#website"},"primaryImageOfPage":{"@id":"https:\/\/www.lifenatura.com\/es\/produto\/cloreto-de-magnesio-80-comprimidos-novo-horizonte\/#primaryimage"},"image":{"@id":"https:\/\/www.lifenatura.com\/es\/produto\/cloreto-de-magnesio-80-comprimidos-novo-horizonte\/#primaryimage"},"thumbnailUrl":"https:\/\/www.lifenatura.com\/wp-content\/uploads\/2021\/09\/gd_cloreto-de-magnesio-80-comprimidos-novo-horizonte.jpg","datePublished":"2021-09-30T10:30:37+00:00","dateModified":"2026-02-19T08:33:10+00:00","description":"El Cloreto de magnesio contiene magnesio, que es un mineral vital y esencial para las muchas actividades de nuestro cuerpo.","breadcrumb":{"@id":"https:\/\/www.lifenatura.com\/es\/produto\/cloreto-de-magnesio-80-comprimidos-novo-horizonte\/#breadcrumb"},"inLanguage":"es","potentialAction":[{"@type":"ReadAction","target":["https:\/\/www.lifenatura.com\/es\/produto\/cloreto-de-magnesio-80-comprimidos-novo-horizonte\/"]}]},{"@type":"ImageObject","inLanguage":"es","@id":"https:\/\/www.lifenatura.com\/es\/produto\/cloreto-de-magnesio-80-comprimidos-novo-horizonte\/#primaryimage","url":"https:\/\/www.lifenatura.com\/wp-content\/uploads\/2021\/09\/gd_cloreto-de-magnesio-80-comprimidos-novo-horizonte.jpg","contentUrl":"https:\/\/www.lifenatura.com\/wp-content\/uploads\/2021\/09\/gd_cloreto-de-magnesio-80-comprimidos-novo-horizonte.jpg","width":1000,"height":1000,"caption":"Cloreto de Magn\u00e9sio 80 comprimidos - Novo Horizonte"},{"@type":"BreadcrumbList","@id":"https:\/\/www.lifenatura.com\/es\/produto\/cloreto-de-magnesio-80-comprimidos-novo-horizonte\/#breadcrumb","itemListElement":[{"@type":"ListItem","position":1,"name":"In\u00edcio","item":"https:\/\/www.lifenatura.com\/es\/"},{"@type":"ListItem","position":2,"name":"Todos los Productos","item":"https:\/\/www.lifenatura.com\/es\/tienda\/"},{"@type":"ListItem","position":3,"name":"Cloreto de Magn\u00e9sio 80 comprimidos &#8211; Novo Horizonte"}]},{"@type":"WebSite","@id":"https:\/\/www.lifenatura.com\/es\/#website","url":"https:\/\/www.lifenatura.com\/es\/","name":"Lifenatura","description":"A Lifenatura \u00e9 uma loja de produtos naturais, cosm\u00e9tica natural e alimenta\u00e7\u00e3o Biol\u00f3gica.","publisher":{"@id":"https:\/\/www.lifenatura.com\/es\/#organization"},"potentialAction":[{"@type":"SearchAction","target":{"@type":"EntryPoint","urlTemplate":"https:\/\/www.lifenatura.com\/es\/?s={search_term_string}"},"query-input":{"@type":"PropertyValueSpecification","valueRequired":true,"valueName":"search_term_string"}}],"inLanguage":"es"},{"@type":"Organization","@id":"https:\/\/www.lifenatura.com\/es\/#organization","name":"Lifenatura","url":"https:\/\/www.lifenatura.com\/es\/","logo":{"@type":"ImageObject","inLanguage":"es","@id":"https:\/\/www.lifenatura.com\/es\/#\/schema\/logo\/image\/","url":"https:\/\/www.lifenatura.com\/wp-content\/uploads\/2021\/07\/logo.png","contentUrl":"https:\/\/www.lifenatura.com\/wp-content\/uploads\/2021\/07\/logo.png","width":175,"height":55,"caption":"Lifenatura"},"image":{"@id":"https:\/\/www.lifenatura.com\/es\/#\/schema\/logo\/image\/"},"sameAs":["https:\/\/www.facebook.com\/lifenatura","https:\/\/www.instagram.com\/lifenaturapt\/"],"hasMerchantReturnPolicy":{"@type":"MerchantReturnPolicy","merchantReturnLink":"https:\/\/www.lifenatura.com\/termos-condicoes-lifenatura\/"}}]},"product_price_amount":"12.01","product_price_currency":"EUR","og_availability":"instock","product_availability":"instock","product_retailer_item_id":"5607610001011","product_condition":"new"},"df_price":12.01,"df_sale_price":12.01,"df_regular_price":20.01,"df_image_link":"https:\/\/www.lifenatura.com\/wp-content\/uploads\/2021\/09\/gd_cloreto-de-magnesio-80-comprimidos-novo-horizonte-300x300.jpg","_links":{"self":[{"href":"https:\/\/www.lifenatura.com\/es\/wp-json\/wp\/v2\/product\/39847","targetHints":{"allow":["GET"]}}],"collection":[{"href":"https:\/\/www.lifenatura.com\/es\/wp-json\/wp\/v2\/product"}],"about":[{"href":"https:\/\/www.lifenatura.com\/es\/wp-json\/wp\/v2\/types\/product"}],"wp:featuredmedia":[{"embeddable":true,"href":"https:\/\/www.lifenatura.com\/es\/wp-json\/wp\/v2\/media\/21149"}],"wp:attachment":[{"href":"https:\/\/www.lifenatura.com\/es\/wp-json\/wp\/v2\/media?parent=39847"}],"wp:term":[{"taxonomy":"product_brand","embeddable":true,"href":"https:\/\/www.lifenatura.com\/es\/wp-json\/wp\/v2\/product_brand?post=39847"},{"taxonomy":"product_cat","embeddable":true,"href":"https:\/\/www.lifenatura.com\/es\/wp-json\/wp\/v2\/product_cat?post=39847"},{"taxonomy":"product_tag","embeddable":true,"href":"https:\/\/www.lifenatura.com\/es\/wp-json\/wp\/v2\/product_tag?post=39847"}],"curies":[{"name":"wp","href":"https:\/\/api.w.org\/{rel}","templated":true}]}}