{"id":39830,"date":"2021-09-30T10:30:15","date_gmt":"2021-09-30T10:30:15","guid":{"rendered":"https:\/\/lifenatura.dev.agenciagetdigital.com\/produto\/cromio-forskohlii-duo-30-30-comprimidos-novity\/"},"modified":"2026-02-19T08:33:04","modified_gmt":"2026-02-19T08:33:04","slug":"cromio-forskohlii-duo-30-30-comprimidos-novity","status":"publish","type":"product","link":"https:\/\/www.lifenatura.com\/es\/produto\/cromio-forskohlii-duo-30-30-comprimidos-novity\/","title":{"rendered":"Cr\u00f3mio + Forskohlii Duo 30 + 30 comprimidos &#8211; Novity"},"content":{"rendered":"<p>Inhibidor del apetito Chromium Duo + Forskohlii combina el poder saciante de la levadura de cromo con el potente inhibidor de la deposici\u00f3n de grasa de la forskoline en una f\u00f3rmula de alta calidad. El cromo contribuye al metabolismo normal de los macronutrientes y al mantenimiento de los niveles normales de glucosa en sangre. PRESENTACI\u00d3N 30 + 30 tabletas.<\/p>\n","protected":false},"excerpt":{"rendered":"<p>Inhibidor del apetito Chromium Duo + Forskohlii combina el poder saciante de la levadura de cromo con el potente inhibidor de la deposici\u00f3n de grasa de la forskoline en una f\u00f3rmula de alta calidad. El cromo contribuye al metabolismo normal de los macronutrientes y al mantenimiento de los niveles normales de glucosa en sangre. PRESENTACI\u00d3N [&#8230;]<\/p>\n<p><a class=\"btn btn-secondary understrap-read-more-link\" href=\"https:\/\/www.lifenatura.com\/es\/produto\/cromio-forskohlii-duo-30-30-comprimidos-novity\/\">Leer m\u00e1s&#8230;<span class=\"screen-reader-text\"> from Cr\u00f3mio + Forskohlii Duo 30 + 30 comprimidos &#8211; Novity<\/span><\/a><\/p>\n","protected":false},"featured_media":21132,"template":"","meta":{"_acf_changed":false},"product_brand":[8429],"product_cat":[7190,7194,7179],"product_tag":[],"class_list":{"0":"post-39830","1":"product","2":"type-product","3":"status-publish","4":"has-post-thumbnail","6":"product_brand-novity","7":"product_cat-adelgazar","8":"product_cat-saciante","9":"product_cat-salud","11":"first","12":"instock","13":"sale","14":"shipping-taxable","15":"purchasable","16":"product-type-simple","17":"add-to-wishlist-before_image"},"acf":[],"yoast_head":"<!-- This site is optimized with the Yoast SEO Premium plugin v27.1 (Yoast SEO v27.5) - https:\/\/yoast.com\/product\/yoast-seo-premium-wordpress\/ -->\n<title>Cr\u00f3mio + Forskohlii Duo 30 + 30 comprimidos - Novity<\/title>\n<meta name=\"description\" content=\"Chromium Duo + Forskohlii combina el poder saciante de la levadura de cromo con el potente inhibidor de la deposici\u00f3n de grasa de la forskoline en una f\u00f3rmula de alta calidad.\" \/>\n<meta name=\"robots\" content=\"index, follow, max-snippet:-1, max-image-preview:large, max-video-preview:-1\" \/>\n<link rel=\"canonical\" href=\"https:\/\/www.lifenatura.com\/es\/produto\/cromio-forskohlii-duo-30-30-comprimidos-novity\/\" \/>\n<meta property=\"og:locale\" content=\"es_ES\" \/>\n<meta property=\"og:type\" content=\"article\" \/>\n<meta property=\"og:title\" content=\"Cr\u00f3mio + Forskohlii Duo 30 + 30 comprimidos - Novity - Na Lifenatura ao Melhor Pre\u00e7o | Envio 48h\" \/>\n<meta property=\"og:description\" content=\"Compre Cr\u00f3mio + Forskohlii Duo 30 + 30 comprimidos - Novity com envio r\u00e1pido. Entrega em 48h e portes gr\u00e1tis em compras &gt;35\u20ac. Aproveite j\u00e1 na Lifenatura\" \/>\n<meta property=\"og:url\" content=\"https:\/\/www.lifenatura.com\/es\/produto\/cromio-forskohlii-duo-30-30-comprimidos-novity\/\" \/>\n<meta property=\"og:site_name\" content=\"Lifenatura\" \/>\n<meta property=\"article:publisher\" content=\"https:\/\/www.facebook.com\/lifenatura\" \/>\n<meta property=\"article:modified_time\" content=\"2026-02-19T08:33:04+00:00\" \/>\n<meta property=\"og:image\" content=\"https:\/\/www.lifenatura.com\/wp-content\/uploads\/2021\/09\/gd_cromio-forskohlii-pack-novity.jpg\" \/>\n\t<meta property=\"og:image:width\" content=\"1000\" \/>\n\t<meta property=\"og:image:height\" content=\"1000\" \/>\n\t<meta property=\"og:image:type\" content=\"image\/jpeg\" \/>\n<meta name=\"twitter:card\" content=\"summary_large_image\" \/>\n<meta name=\"twitter:label1\" content=\"Precio\" \/>\n\t<meta name=\"twitter:data1\" content=\"16,66&nbsp;&euro;\" \/>\n\t<meta name=\"twitter:label2\" content=\"Disponibilidad\" \/>\n\t<meta name=\"twitter:data2\" content=\"Disponible\" \/>\n<script type=\"application\/ld+json\" class=\"yoast-schema-graph\">{\"@context\":\"https:\\\/\\\/schema.org\",\"@graph\":[{\"@type\":\"WebPage\",\"@id\":\"https:\\\/\\\/www.lifenatura.com\\\/es\\\/produto\\\/cromio-forskohlii-duo-30-30-comprimidos-novity\\\/\",\"url\":\"https:\\\/\\\/www.lifenatura.com\\\/es\\\/produto\\\/cromio-forskohlii-duo-30-30-comprimidos-novity\\\/\",\"name\":\"Cr\u00f3mio + Forskohlii Duo 30 + 30 comprimidos - Novity\",\"isPartOf\":{\"@id\":\"https:\\\/\\\/www.lifenatura.com\\\/es\\\/#website\"},\"primaryImageOfPage\":{\"@id\":\"https:\\\/\\\/www.lifenatura.com\\\/es\\\/produto\\\/cromio-forskohlii-duo-30-30-comprimidos-novity\\\/#primaryimage\"},\"image\":{\"@id\":\"https:\\\/\\\/www.lifenatura.com\\\/es\\\/produto\\\/cromio-forskohlii-duo-30-30-comprimidos-novity\\\/#primaryimage\"},\"thumbnailUrl\":\"https:\\\/\\\/www.lifenatura.com\\\/wp-content\\\/uploads\\\/2021\\\/09\\\/gd_cromio-forskohlii-pack-novity.jpg\",\"datePublished\":\"2021-09-30T10:30:15+00:00\",\"dateModified\":\"2026-02-19T08:33:04+00:00\",\"description\":\"Chromium Duo + Forskohlii combina el poder saciante de la levadura de cromo con el potente inhibidor de la deposici\u00f3n de grasa de la forskoline en una f\u00f3rmula de alta calidad.\",\"breadcrumb\":{\"@id\":\"https:\\\/\\\/www.lifenatura.com\\\/es\\\/produto\\\/cromio-forskohlii-duo-30-30-comprimidos-novity\\\/#breadcrumb\"},\"inLanguage\":\"es\",\"potentialAction\":[{\"@type\":\"ReadAction\",\"target\":[\"https:\\\/\\\/www.lifenatura.com\\\/es\\\/produto\\\/cromio-forskohlii-duo-30-30-comprimidos-novity\\\/\"]}]},{\"@type\":\"ImageObject\",\"inLanguage\":\"es\",\"@id\":\"https:\\\/\\\/www.lifenatura.com\\\/es\\\/produto\\\/cromio-forskohlii-duo-30-30-comprimidos-novity\\\/#primaryimage\",\"url\":\"https:\\\/\\\/www.lifenatura.com\\\/wp-content\\\/uploads\\\/2021\\\/09\\\/gd_cromio-forskohlii-pack-novity.jpg\",\"contentUrl\":\"https:\\\/\\\/www.lifenatura.com\\\/wp-content\\\/uploads\\\/2021\\\/09\\\/gd_cromio-forskohlii-pack-novity.jpg\",\"width\":1000,\"height\":1000,\"caption\":\"Cr\u00f3mio + Forskohlii Duo 30 + 30 comprimidos - Novity\"},{\"@type\":\"BreadcrumbList\",\"@id\":\"https:\\\/\\\/www.lifenatura.com\\\/es\\\/produto\\\/cromio-forskohlii-duo-30-30-comprimidos-novity\\\/#breadcrumb\",\"itemListElement\":[{\"@type\":\"ListItem\",\"position\":1,\"name\":\"In\u00edcio\",\"item\":\"https:\\\/\\\/www.lifenatura.com\\\/es\\\/\"},{\"@type\":\"ListItem\",\"position\":2,\"name\":\"Todos los Productos\",\"item\":\"https:\\\/\\\/www.lifenatura.com\\\/es\\\/tienda\\\/\"},{\"@type\":\"ListItem\",\"position\":3,\"name\":\"Cr\u00f3mio + Forskohlii Duo 30 + 30 comprimidos &#8211; Novity\"}]},{\"@type\":\"WebSite\",\"@id\":\"https:\\\/\\\/www.lifenatura.com\\\/es\\\/#website\",\"url\":\"https:\\\/\\\/www.lifenatura.com\\\/es\\\/\",\"name\":\"Lifenatura\",\"description\":\"A Lifenatura \u00e9 uma loja de produtos naturais, cosm\u00e9tica natural e alimenta\u00e7\u00e3o Biol\u00f3gica.\",\"publisher\":{\"@id\":\"https:\\\/\\\/www.lifenatura.com\\\/es\\\/#organization\"},\"potentialAction\":[{\"@type\":\"SearchAction\",\"target\":{\"@type\":\"EntryPoint\",\"urlTemplate\":\"https:\\\/\\\/www.lifenatura.com\\\/es\\\/?s={search_term_string}\"},\"query-input\":{\"@type\":\"PropertyValueSpecification\",\"valueRequired\":true,\"valueName\":\"search_term_string\"}}],\"inLanguage\":\"es\"},{\"@type\":\"Organization\",\"@id\":\"https:\\\/\\\/www.lifenatura.com\\\/es\\\/#organization\",\"name\":\"Lifenatura\",\"url\":\"https:\\\/\\\/www.lifenatura.com\\\/es\\\/\",\"logo\":{\"@type\":\"ImageObject\",\"inLanguage\":\"es\",\"@id\":\"https:\\\/\\\/www.lifenatura.com\\\/es\\\/#\\\/schema\\\/logo\\\/image\\\/\",\"url\":\"https:\\\/\\\/www.lifenatura.com\\\/wp-content\\\/uploads\\\/2021\\\/07\\\/logo.png\",\"contentUrl\":\"https:\\\/\\\/www.lifenatura.com\\\/wp-content\\\/uploads\\\/2021\\\/07\\\/logo.png\",\"width\":175,\"height\":55,\"caption\":\"Lifenatura\"},\"image\":{\"@id\":\"https:\\\/\\\/www.lifenatura.com\\\/es\\\/#\\\/schema\\\/logo\\\/image\\\/\"},\"sameAs\":[\"https:\\\/\\\/www.facebook.com\\\/lifenatura\",\"https:\\\/\\\/www.instagram.com\\\/lifenaturapt\\\/\"],\"hasMerchantReturnPolicy\":{\"@type\":\"MerchantReturnPolicy\",\"merchantReturnLink\":\"https:\\\/\\\/www.lifenatura.com\\\/termos-condicoes-lifenatura\\\/\"}}]}<\/script>\n<meta property=\"product:price:amount\" content=\"16.66\" \/>\n<meta property=\"product:price:currency\" content=\"EUR\" \/>\n<meta property=\"og:availability\" content=\"instock\" \/>\n<meta property=\"product:availability\" content=\"instock\" \/>\n<meta property=\"product:retailer_item_id\" content=\"5605481408540\" \/>\n<meta property=\"product:condition\" content=\"new\" \/>\n<!-- \/ Yoast SEO Premium plugin. -->","yoast_head_json":{"title":"Cr\u00f3mio + Forskohlii Duo 30 + 30 comprimidos - Novity","description":"Chromium Duo + Forskohlii combina el poder saciante de la levadura de cromo con el potente inhibidor de la deposici\u00f3n de grasa de la forskoline en una f\u00f3rmula de alta calidad.","robots":{"index":"index","follow":"follow","max-snippet":"max-snippet:-1","max-image-preview":"max-image-preview:large","max-video-preview":"max-video-preview:-1"},"canonical":"https:\/\/www.lifenatura.com\/es\/produto\/cromio-forskohlii-duo-30-30-comprimidos-novity\/","og_locale":"es_ES","og_type":"article","og_title":"Cr\u00f3mio + Forskohlii Duo 30 + 30 comprimidos - Novity - Na Lifenatura ao Melhor Pre\u00e7o | Envio 48h","og_description":"Compre Cr\u00f3mio + Forskohlii Duo 30 + 30 comprimidos - Novity com envio r\u00e1pido. Entrega em 48h e portes gr\u00e1tis em compras >35\u20ac. Aproveite j\u00e1 na Lifenatura","og_url":"https:\/\/www.lifenatura.com\/es\/produto\/cromio-forskohlii-duo-30-30-comprimidos-novity\/","og_site_name":"Lifenatura","article_publisher":"https:\/\/www.facebook.com\/lifenatura","article_modified_time":"2026-02-19T08:33:04+00:00","og_image":[{"width":1000,"height":1000,"url":"https:\/\/www.lifenatura.com\/wp-content\/uploads\/2021\/09\/gd_cromio-forskohlii-pack-novity.jpg","type":"image\/jpeg"}],"twitter_card":"summary_large_image","twitter_misc":{"Precio":"16,66&nbsp;&euro;","Disponibilidad":"Disponible"},"schema":{"@context":"https:\/\/schema.org","@graph":[{"@type":"WebPage","@id":"https:\/\/www.lifenatura.com\/es\/produto\/cromio-forskohlii-duo-30-30-comprimidos-novity\/","url":"https:\/\/www.lifenatura.com\/es\/produto\/cromio-forskohlii-duo-30-30-comprimidos-novity\/","name":"Cr\u00f3mio + Forskohlii Duo 30 + 30 comprimidos - Novity","isPartOf":{"@id":"https:\/\/www.lifenatura.com\/es\/#website"},"primaryImageOfPage":{"@id":"https:\/\/www.lifenatura.com\/es\/produto\/cromio-forskohlii-duo-30-30-comprimidos-novity\/#primaryimage"},"image":{"@id":"https:\/\/www.lifenatura.com\/es\/produto\/cromio-forskohlii-duo-30-30-comprimidos-novity\/#primaryimage"},"thumbnailUrl":"https:\/\/www.lifenatura.com\/wp-content\/uploads\/2021\/09\/gd_cromio-forskohlii-pack-novity.jpg","datePublished":"2021-09-30T10:30:15+00:00","dateModified":"2026-02-19T08:33:04+00:00","description":"Chromium Duo + Forskohlii combina el poder saciante de la levadura de cromo con el potente inhibidor de la deposici\u00f3n de grasa de la forskoline en una f\u00f3rmula de alta calidad.","breadcrumb":{"@id":"https:\/\/www.lifenatura.com\/es\/produto\/cromio-forskohlii-duo-30-30-comprimidos-novity\/#breadcrumb"},"inLanguage":"es","potentialAction":[{"@type":"ReadAction","target":["https:\/\/www.lifenatura.com\/es\/produto\/cromio-forskohlii-duo-30-30-comprimidos-novity\/"]}]},{"@type":"ImageObject","inLanguage":"es","@id":"https:\/\/www.lifenatura.com\/es\/produto\/cromio-forskohlii-duo-30-30-comprimidos-novity\/#primaryimage","url":"https:\/\/www.lifenatura.com\/wp-content\/uploads\/2021\/09\/gd_cromio-forskohlii-pack-novity.jpg","contentUrl":"https:\/\/www.lifenatura.com\/wp-content\/uploads\/2021\/09\/gd_cromio-forskohlii-pack-novity.jpg","width":1000,"height":1000,"caption":"Cr\u00f3mio + Forskohlii Duo 30 + 30 comprimidos - Novity"},{"@type":"BreadcrumbList","@id":"https:\/\/www.lifenatura.com\/es\/produto\/cromio-forskohlii-duo-30-30-comprimidos-novity\/#breadcrumb","itemListElement":[{"@type":"ListItem","position":1,"name":"In\u00edcio","item":"https:\/\/www.lifenatura.com\/es\/"},{"@type":"ListItem","position":2,"name":"Todos los Productos","item":"https:\/\/www.lifenatura.com\/es\/tienda\/"},{"@type":"ListItem","position":3,"name":"Cr\u00f3mio + Forskohlii Duo 30 + 30 comprimidos &#8211; Novity"}]},{"@type":"WebSite","@id":"https:\/\/www.lifenatura.com\/es\/#website","url":"https:\/\/www.lifenatura.com\/es\/","name":"Lifenatura","description":"A Lifenatura \u00e9 uma loja de produtos naturais, cosm\u00e9tica natural e alimenta\u00e7\u00e3o Biol\u00f3gica.","publisher":{"@id":"https:\/\/www.lifenatura.com\/es\/#organization"},"potentialAction":[{"@type":"SearchAction","target":{"@type":"EntryPoint","urlTemplate":"https:\/\/www.lifenatura.com\/es\/?s={search_term_string}"},"query-input":{"@type":"PropertyValueSpecification","valueRequired":true,"valueName":"search_term_string"}}],"inLanguage":"es"},{"@type":"Organization","@id":"https:\/\/www.lifenatura.com\/es\/#organization","name":"Lifenatura","url":"https:\/\/www.lifenatura.com\/es\/","logo":{"@type":"ImageObject","inLanguage":"es","@id":"https:\/\/www.lifenatura.com\/es\/#\/schema\/logo\/image\/","url":"https:\/\/www.lifenatura.com\/wp-content\/uploads\/2021\/07\/logo.png","contentUrl":"https:\/\/www.lifenatura.com\/wp-content\/uploads\/2021\/07\/logo.png","width":175,"height":55,"caption":"Lifenatura"},"image":{"@id":"https:\/\/www.lifenatura.com\/es\/#\/schema\/logo\/image\/"},"sameAs":["https:\/\/www.facebook.com\/lifenatura","https:\/\/www.instagram.com\/lifenaturapt\/"],"hasMerchantReturnPolicy":{"@type":"MerchantReturnPolicy","merchantReturnLink":"https:\/\/www.lifenatura.com\/termos-condicoes-lifenatura\/"}}]},"product_price_amount":"16.66","product_price_currency":"EUR","og_availability":"instock","product_availability":"instock","product_retailer_item_id":"5605481408540","product_condition":"new"},"df_price":16.66,"df_sale_price":16.66,"df_regular_price":20.83,"df_image_link":"https:\/\/www.lifenatura.com\/wp-content\/uploads\/2021\/09\/gd_cromio-forskohlii-pack-novity-300x300.jpg","_links":{"self":[{"href":"https:\/\/www.lifenatura.com\/es\/wp-json\/wp\/v2\/product\/39830","targetHints":{"allow":["GET"]}}],"collection":[{"href":"https:\/\/www.lifenatura.com\/es\/wp-json\/wp\/v2\/product"}],"about":[{"href":"https:\/\/www.lifenatura.com\/es\/wp-json\/wp\/v2\/types\/product"}],"wp:featuredmedia":[{"embeddable":true,"href":"https:\/\/www.lifenatura.com\/es\/wp-json\/wp\/v2\/media\/21132"}],"wp:attachment":[{"href":"https:\/\/www.lifenatura.com\/es\/wp-json\/wp\/v2\/media?parent=39830"}],"wp:term":[{"taxonomy":"product_brand","embeddable":true,"href":"https:\/\/www.lifenatura.com\/es\/wp-json\/wp\/v2\/product_brand?post=39830"},{"taxonomy":"product_cat","embeddable":true,"href":"https:\/\/www.lifenatura.com\/es\/wp-json\/wp\/v2\/product_cat?post=39830"},{"taxonomy":"product_tag","embeddable":true,"href":"https:\/\/www.lifenatura.com\/es\/wp-json\/wp\/v2\/product_tag?post=39830"}],"curies":[{"name":"wp","href":"https:\/\/api.w.org\/{rel}","templated":true}]}}